{"id":34650,"date":"2021-02-05T22:43:42","date_gmt":"2021-02-06T17:55:43","guid":{"rendered":"https:\/\/damme.lv\/product\/life-9-probiotiska-paplasinata-formula-30gab\/"},"modified":"2021-02-11T22:54:35","modified_gmt":"2021-02-11T20:54:35","slug":"life-9-probiotiska-paplasinata-formula-30gab","status":"publish","type":"product","link":"https:\/\/cosmetic.lv\/lv\/product\/life-9-probiotiska-paplasinata-formula-30gab\/","title":{"rendered":"LIFE 9 (PROBIOTISKA, PAPLA\u0160IN\u0100T\u0100 FORMULA) 30gab"},"content":{"rendered":"<p>Life 9 (Probiotika, uzlabota formula)<br \/>\nLif9 9 ir probiotikas dabisks papildin\u0101jums.<\/p>\n<p>Kas ir probiotikas?<\/p>\n<p>T\u0101s ir draudz\u012bgas bakt\u0113rijas no zarnu floras, kas ir noder\u012bgas im\u016bnsist\u0113mas un gremo\u0161anas sist\u0113mas vesel\u012bbai, un l\u012bdz ar to ar\u012b visam organismam.<\/p>\n<p>Zarnas ir vesel\u012bbas un dz\u012bves atbalsta avots, \u0161eit bar\u012bbas vielas tiek absorb\u0113tas asin\u012bs.<\/p>\n<p>Zarnas ir da\u013ca no im\u016bnsist\u0113mas, kas sp\u0113j no\u0146emt toks\u012bnus, atkritumus un organisma atkritumus.<\/p>\n<p>Ja zarn\u0101 nedarbojas pareizi &#8211; optim\u0101la vesel\u012bba nav iesp\u0113jama.<\/p>\n<p>Probiotikas nov\u0113r\u0161 kait\u012bgu bakt\u0113riju izplat\u012b\u0161anos un aug\u0161anu.<\/p>\n<p>Kad probiotiku nepiecie\u0161am\u012bba palielin\u0101s?<\/p>\n<p>Narkotiku lieto\u0161ana un sm\u0113\u0137\u0113\u0161ana<br \/>\nAntibiotiku pie\u0146em\u0161ana<br \/>\nHlor\u0113ts \u016bdens<br \/>\nCukura pat\u0113ri\u0146\u0161<br \/>\nZema \u0161\u0137iedrvielu p\u0101rtikas produkti<br \/>\nStress<br \/>\nK\u0101das ir probiotiku priek\u0161roc\u012bbas?<\/p>\n<p>Gremo\u0161anas trakt\u0101 ir miljardos bakt\u0113riju. Da\u017ei ir noder\u012bgi, da\u017ei nav. T\u0101l\u0101k ir min\u0113tas da\u017eas probiotiku lieto\u0161anas priek\u0161roc\u012bbas.<br \/>\nEner\u0123ijas pieaugums<br \/>\nDabiskais im\u016bnsist\u0113mas atbalsts. P\u0113t\u012bjumi liecina, ka Life 9 lieto\u0161ana uzlaboja im\u016bno atbildes reakciju par 66%<br \/>\nPareiza gremo\u0161ana: draudz\u012bgas bakt\u0113rijas pal\u012bdz p\u0101rtikas gremo\u0161anas proces\u0101, regul\u0101ri izdalot zarnu<br \/>\nAtjaunot bakt\u0113riju l\u012bdzsvaru par labu draudz\u012bg\u0101m bakt\u0113rij\u0101m un samazin\u0101t patog\u0113nu skaitu. Life 9 satur 5 miljardus noder\u012bgu bakt\u0113riju kult\u016bru, kas uzlabo zarnu koloniz\u0101ciju 10 reizes!<br \/>\nProbiotikas samazina Candida s\u0113n\u012b\u0161u infekcijas pieaugumu<br \/>\nPal\u012bdz \u0137ermenim B vitam\u012bnu, jo \u012bpa\u0161i B12, ra\u017eo\u0161an\u0101<br \/>\nIde\u0101li piem\u0113rots b\u0113rniem, jo \u200b\u200b\u012bpa\u0161i tas par\u0101d\u012bts ar v\u0101ju p\u0101rtikas gremo\u0161anu, kas izpau\u017eas k\u0101 diat\u0113ze un aler\u0123ijas<br \/>\nLife 9 pal\u012bdz\u0113s atjaunot vesel\u012bbu un uzlabot imunit\u0101ti p\u0113c slim\u012bb\u0101m, lietojot antibiotikas un jebkuru ku\u0146\u0123a-zarnu trakta trauc\u0113jumu<br \/>\nAntibiotikas nogalina bakt\u0113rijas, ieskaitot draudz\u012bgus, t\u0101p\u0113c zarnu l\u012bdzsvars var tikt sajukts un rodas disbioze. Probiotikas pal\u012bdz atjaunot \u0161o l\u012bdzsvaru, nodro\u0161inot labu bakt\u0113riju avotu, t\u0101d\u0113j\u0101di papildinot \u0137erme\u0146a vajadz\u012bbas<br \/>\nLife 9 sast\u0101v HOWARU bakt\u0113riju celmus, kas var iztur\u0113t skarbos sk\u0101b\u0101 vid\u0113 gremo\u0161anas sist\u0113m\u0101 un sp\u0113j koloniz\u0113t zarn\u0101s<br \/>\nLife 9 satur 9 probiotikas celmus, lai uztur\u0113tu norm\u0101lu zarnu funkciju:<\/p>\n<p>Lactobacillus acidophilus<br \/>\nBifidobacterium lactis<br \/>\nLactobacillus plantarum<br \/>\nLactobacillus rhamnosus<br \/>\nLactobacillus salivarius<br \/>\nStreptococcus thermophilus<br \/>\nBifidobacterium breve<br \/>\nBifidobacterium bifidum<br \/>\nBifidobacterium longum<br \/>\nK\u0101 lietot?<\/p>\n<p>Atbalsto\u0161s kurss &#8211; pirms gul\u0113\u0161anas uz tuk\u0161\u0101 d\u016b\u0161as (v\u0113lams) \u0146emt 1 kapsulu pirms gul\u0113tie\u0161anas<br \/>\nJa vesel\u012bbas probl\u0113mas &#8211; pa 1 kapsulai no r\u012bta 30 min\u016btes pirms \u0113\u0161anas un 1 kapsula vakar\u0101 pirms gul\u0113tie\u0161anas tuk\u0161\u0101 d\u016b\u0161\u0101 (v\u0113lams)<br \/>\nDabiskais papildin\u0101jums Life 9 ir efekt\u012bvs svara zaud\u0113\u0161anas programm\u0101<br \/>\nLai sasniegtu maksim\u0101lu svara zudumu, izmantojiet ar\u012b gremo\u0161anas fermentus Essentialzyme un Essentialzyme 4, Balance Complete un Slique Oolong Tea<br \/>\nVai Life5 var izmantot dz\u012bvniekiem? J\u0101.<\/p>\n<p>Pievienojiet &quot;Life 9&quot; savam \u0113dienam, neliel\u0101 \u016bdens daudzum\u0101 vai b\u0113rnu p\u0101rtik\u0101<br \/>\nKa\u0137iem un maziem su\u0146iem izmantojiet \u00bc l\u012bdz \u00bd kapsulas dien\u0101<br \/>\nVid\u0113jiem vai lieliem su\u0146iem lietojiet \u00bd l\u012bdz 1 kapsulu dien\u0101<br \/>\nK\u0101 cit\u0101di es varu pal\u012bdz\u0113t m\u0101jdz\u012bvniekiem?<\/p>\n<p>Piesardz\u012bbas pas\u0101kumi:<\/p>\n<p>nav kontrindik\u0101ciju<br \/>\nuzglab\u0101t v\u0113s\u0101, saus\u0101 viet\u0101<br \/>\nglab\u0101t b\u0113rniem nepieejam\u0101 viet\u0101<br \/>\nNepak\u013caujiet augst\u0101m temperat\u016br\u0101m un tie\u0161iem saules stariem<br \/>\nja jums ir vesel\u012bbas st\u0101voklis, konsult\u0113jieties ar \u0101rstu<br \/>\nVienlaic\u012bgs dabas piedevas: ICP, ComforTone, Essentialzyme, Essentialzymes-4, Power milti, ilgm\u016b\u017e\u012bbas Softgels, Detoxzyme, Allerzyme<\/p>\n","protected":false},"excerpt":{"rendered":"<p>Life 9 (Probiotika, uzlabota formula) Lif9 9 ir probiotikas dabisks papildin\u0101jums. Kas ir probiotikas? T\u0101s ir draudz\u012bgas bakt\u0113rijas no zarnu<\/p>\n","protected":false},"featured_media":17054,"template":"","meta":[],"product_brand":[],"product_cat":[2186,2304],"product_tag":[],"class_list":{"0":"post-34650","1":"product","2":"type-product","3":"status-publish","4":"has-post-thumbnail","6":"product_cat-young-living-eteriskas-ellas-un-kosmetika-augstas-kvalitates","7":"product_cat-veseliba-lv","9":"first","10":"instock","11":"taxable","12":"shipping-taxable","13":"purchasable","14":"product-type-simple"},"yoast_head":"<!-- This site is optimized with the Yoast SEO Premium plugin v27.0 (Yoast SEO v27.0) - https:\/\/yoast.com\/product\/yoast-seo-premium-wordpress\/ -->\n<title>LIFE 9 (PROBIOTISKA, PAPLA\u0160IN\u0100T\u0100 FORMULA) 30gab - cosmetic.lv<\/title>\n<meta name=\"robots\" content=\"index, follow, max-snippet:-1, max-image-preview:large, max-video-preview:-1\" \/>\n<link rel=\"canonical\" href=\"https:\/\/cosmetic.lv\/lv\/product\/life-9-probiotiska-paplasinata-formula-30gab\/\" \/>\n<meta property=\"og:locale\" content=\"lv_LV\" \/>\n<meta property=\"og:type\" content=\"article\" \/>\n<meta property=\"og:title\" content=\"LIFE 9 (PROBIOTISKA, PAPLA\u0160IN\u0100T\u0100 FORMULA) 30gab\" \/>\n<meta property=\"og:description\" content=\"Life 9 (Probiotika, uzlabota formula) Lif9 9 ir probiotikas dabisks papildin\u0101jums. Kas ir probiotikas? T\u0101s ir draudz\u012bgas bakt\u0113rijas no zarnu\" \/>\n<meta property=\"og:url\" content=\"https:\/\/cosmetic.lv\/lv\/product\/life-9-probiotiska-paplasinata-formula-30gab\/\" \/>\n<meta property=\"og:site_name\" content=\"cosmetic.lv\" \/>\n<meta property=\"article:publisher\" content=\"https:\/\/www.facebook.com\/cosmetic.lv\/\" \/>\n<meta property=\"article:modified_time\" content=\"2021-02-11T20:54:35+00:00\" \/>\n<meta property=\"og:image\" content=\"https:\/\/cosmetic.lv\/wp-content\/uploads\/2021\/02\/life-9-s-4.jpg\" \/>\n\t<meta property=\"og:image:width\" content=\"250\" \/>\n\t<meta property=\"og:image:height\" content=\"250\" \/>\n\t<meta property=\"og:image:type\" content=\"image\/jpeg\" \/>\n<meta name=\"twitter:card\" content=\"summary_large_image\" \/>\n<script type=\"application\/ld+json\" class=\"yoast-schema-graph\">{\"@context\":\"https:\/\/schema.org\",\"@graph\":[{\"@type\":\"WebPage\",\"@id\":\"https:\/\/cosmetic.lv\/lv\/product\/life-9-probiotiska-paplasinata-formula-30gab\/\",\"url\":\"https:\/\/cosmetic.lv\/lv\/product\/life-9-probiotiska-paplasinata-formula-30gab\/\",\"name\":\"LIFE 9 (PROBIOTISKA, PAPLA\u0160IN\u0100T\u0100 FORMULA) 30gab - cosmetic.lv\",\"isPartOf\":{\"@id\":\"https:\/\/cosmetic.lv\/lv\/#website\"},\"primaryImageOfPage\":{\"@id\":\"https:\/\/cosmetic.lv\/lv\/product\/life-9-probiotiska-paplasinata-formula-30gab\/#primaryimage\"},\"image\":{\"@id\":\"https:\/\/cosmetic.lv\/lv\/product\/life-9-probiotiska-paplasinata-formula-30gab\/#primaryimage\"},\"thumbnailUrl\":\"https:\/\/cosmetic.lv\/wp-content\/uploads\/2021\/02\/life-9-s-4.jpg\",\"datePublished\":\"2021-02-06T17:55:43+00:00\",\"dateModified\":\"2021-02-11T20:54:35+00:00\",\"breadcrumb\":{\"@id\":\"https:\/\/cosmetic.lv\/lv\/product\/life-9-probiotiska-paplasinata-formula-30gab\/#breadcrumb\"},\"inLanguage\":\"lv-LV\",\"potentialAction\":[{\"@type\":\"ReadAction\",\"target\":[\"https:\/\/cosmetic.lv\/lv\/product\/life-9-probiotiska-paplasinata-formula-30gab\/\"]}]},{\"@type\":\"ImageObject\",\"inLanguage\":\"lv-LV\",\"@id\":\"https:\/\/cosmetic.lv\/lv\/product\/life-9-probiotiska-paplasinata-formula-30gab\/#primaryimage\",\"url\":\"https:\/\/cosmetic.lv\/wp-content\/uploads\/2021\/02\/life-9-s-4.jpg\",\"contentUrl\":\"https:\/\/cosmetic.lv\/wp-content\/uploads\/2021\/02\/life-9-s-4.jpg\",\"width\":250,\"height\":250,\"caption\":\"life-9-s.jpg\"},{\"@type\":\"BreadcrumbList\",\"@id\":\"https:\/\/cosmetic.lv\/lv\/product\/life-9-probiotiska-paplasinata-formula-30gab\/#breadcrumb\",\"itemListElement\":[{\"@type\":\"ListItem\",\"position\":1,\"name\":\"Home\",\"item\":\"https:\/\/cosmetic.lv\/lv\/\"},{\"@type\":\"ListItem\",\"position\":2,\"name\":\"Veikals\",\"item\":\"https:\/\/cosmetic.lv\/lv\/veiklas\/\"},{\"@type\":\"ListItem\",\"position\":3,\"name\":\"LIFE 9 (PROBIOTISKA, PAPLA\u0160IN\u0100T\u0100 FORMULA) 30gab\"}]},{\"@type\":\"WebSite\",\"@id\":\"https:\/\/cosmetic.lv\/lv\/#website\",\"url\":\"https:\/\/cosmetic.lv\/lv\/\",\"name\":\"cosmetic.lv\",\"description\":\"Profesion\u0101la kosm\u0113tika - Maria Galland, Keune, Arkadija, GMT, Guam, Magiray\",\"publisher\":{\"@id\":\"https:\/\/cosmetic.lv\/lv\/#organization\"},\"potentialAction\":[{\"@type\":\"SearchAction\",\"target\":{\"@type\":\"EntryPoint\",\"urlTemplate\":\"https:\/\/cosmetic.lv\/lv\/?s={search_term_string}\"},\"query-input\":{\"@type\":\"PropertyValueSpecification\",\"valueRequired\":true,\"valueName\":\"search_term_string\"}}],\"inLanguage\":\"lv-LV\"},{\"@type\":\"Organization\",\"@id\":\"https:\/\/cosmetic.lv\/lv\/#organization\",\"name\":\"COSMETIC.LV\",\"url\":\"https:\/\/cosmetic.lv\/lv\/\",\"logo\":{\"@type\":\"ImageObject\",\"inLanguage\":\"lv-LV\",\"@id\":\"https:\/\/cosmetic.lv\/lv\/#\/schema\/logo\/image\/\",\"url\":\"https:\/\/cosmetic.lv\/wp-content\/uploads\/2021\/02\/cosmetic.lv_logo.jpg\",\"contentUrl\":\"https:\/\/cosmetic.lv\/wp-content\/uploads\/2021\/02\/cosmetic.lv_logo.jpg\",\"width\":596,\"height\":196,\"caption\":\"COSMETIC.LV\"},\"image\":{\"@id\":\"https:\/\/cosmetic.lv\/lv\/#\/schema\/logo\/image\/\"},\"sameAs\":[\"https:\/\/www.facebook.com\/cosmetic.lv\/\"]}]}<\/script>\n<meta property=\"product:price:amount\" content=\"58.07\" \/>\n<meta property=\"product:price:currency\" content=\"EUR\" \/>\n<meta property=\"og:availability\" content=\"instock\" \/>\n<meta property=\"product:availability\" content=\"instock\" \/>\n<meta property=\"product:retailer_item_id\" content=\"18361\" \/>\n<meta property=\"product:condition\" content=\"new\" \/>\n<!-- \/ Yoast SEO Premium plugin. -->","yoast_head_json":{"title":"LIFE 9 (PROBIOTISKA, PAPLA\u0160IN\u0100T\u0100 FORMULA) 30gab - cosmetic.lv","robots":{"index":"index","follow":"follow","max-snippet":"max-snippet:-1","max-image-preview":"max-image-preview:large","max-video-preview":"max-video-preview:-1"},"canonical":"https:\/\/cosmetic.lv\/lv\/product\/life-9-probiotiska-paplasinata-formula-30gab\/","og_locale":"lv_LV","og_type":"article","og_title":"LIFE 9 (PROBIOTISKA, PAPLA\u0160IN\u0100T\u0100 FORMULA) 30gab","og_description":"Life 9 (Probiotika, uzlabota formula) Lif9 9 ir probiotikas dabisks papildin\u0101jums. Kas ir probiotikas? T\u0101s ir draudz\u012bgas bakt\u0113rijas no zarnu","og_url":"https:\/\/cosmetic.lv\/lv\/product\/life-9-probiotiska-paplasinata-formula-30gab\/","og_site_name":"cosmetic.lv","article_publisher":"https:\/\/www.facebook.com\/cosmetic.lv\/","article_modified_time":"2021-02-11T20:54:35+00:00","og_image":[{"width":250,"height":250,"url":"https:\/\/cosmetic.lv\/wp-content\/uploads\/2021\/02\/life-9-s-4.jpg","type":"image\/jpeg"}],"twitter_card":"summary_large_image","schema":{"@context":"https:\/\/schema.org","@graph":[{"@type":"WebPage","@id":"https:\/\/cosmetic.lv\/lv\/product\/life-9-probiotiska-paplasinata-formula-30gab\/","url":"https:\/\/cosmetic.lv\/lv\/product\/life-9-probiotiska-paplasinata-formula-30gab\/","name":"LIFE 9 (PROBIOTISKA, PAPLA\u0160IN\u0100T\u0100 FORMULA) 30gab - cosmetic.lv","isPartOf":{"@id":"https:\/\/cosmetic.lv\/lv\/#website"},"primaryImageOfPage":{"@id":"https:\/\/cosmetic.lv\/lv\/product\/life-9-probiotiska-paplasinata-formula-30gab\/#primaryimage"},"image":{"@id":"https:\/\/cosmetic.lv\/lv\/product\/life-9-probiotiska-paplasinata-formula-30gab\/#primaryimage"},"thumbnailUrl":"https:\/\/cosmetic.lv\/wp-content\/uploads\/2021\/02\/life-9-s-4.jpg","datePublished":"2021-02-06T17:55:43+00:00","dateModified":"2021-02-11T20:54:35+00:00","breadcrumb":{"@id":"https:\/\/cosmetic.lv\/lv\/product\/life-9-probiotiska-paplasinata-formula-30gab\/#breadcrumb"},"inLanguage":"lv-LV","potentialAction":[{"@type":"ReadAction","target":["https:\/\/cosmetic.lv\/lv\/product\/life-9-probiotiska-paplasinata-formula-30gab\/"]}]},{"@type":"ImageObject","inLanguage":"lv-LV","@id":"https:\/\/cosmetic.lv\/lv\/product\/life-9-probiotiska-paplasinata-formula-30gab\/#primaryimage","url":"https:\/\/cosmetic.lv\/wp-content\/uploads\/2021\/02\/life-9-s-4.jpg","contentUrl":"https:\/\/cosmetic.lv\/wp-content\/uploads\/2021\/02\/life-9-s-4.jpg","width":250,"height":250,"caption":"life-9-s.jpg"},{"@type":"BreadcrumbList","@id":"https:\/\/cosmetic.lv\/lv\/product\/life-9-probiotiska-paplasinata-formula-30gab\/#breadcrumb","itemListElement":[{"@type":"ListItem","position":1,"name":"Home","item":"https:\/\/cosmetic.lv\/lv\/"},{"@type":"ListItem","position":2,"name":"Veikals","item":"https:\/\/cosmetic.lv\/lv\/veiklas\/"},{"@type":"ListItem","position":3,"name":"LIFE 9 (PROBIOTISKA, PAPLA\u0160IN\u0100T\u0100 FORMULA) 30gab"}]},{"@type":"WebSite","@id":"https:\/\/cosmetic.lv\/lv\/#website","url":"https:\/\/cosmetic.lv\/lv\/","name":"cosmetic.lv","description":"Profesion\u0101la kosm\u0113tika - Maria Galland, Keune, Arkadija, GMT, Guam, Magiray","publisher":{"@id":"https:\/\/cosmetic.lv\/lv\/#organization"},"potentialAction":[{"@type":"SearchAction","target":{"@type":"EntryPoint","urlTemplate":"https:\/\/cosmetic.lv\/lv\/?s={search_term_string}"},"query-input":{"@type":"PropertyValueSpecification","valueRequired":true,"valueName":"search_term_string"}}],"inLanguage":"lv-LV"},{"@type":"Organization","@id":"https:\/\/cosmetic.lv\/lv\/#organization","name":"COSMETIC.LV","url":"https:\/\/cosmetic.lv\/lv\/","logo":{"@type":"ImageObject","inLanguage":"lv-LV","@id":"https:\/\/cosmetic.lv\/lv\/#\/schema\/logo\/image\/","url":"https:\/\/cosmetic.lv\/wp-content\/uploads\/2021\/02\/cosmetic.lv_logo.jpg","contentUrl":"https:\/\/cosmetic.lv\/wp-content\/uploads\/2021\/02\/cosmetic.lv_logo.jpg","width":596,"height":196,"caption":"COSMETIC.LV"},"image":{"@id":"https:\/\/cosmetic.lv\/lv\/#\/schema\/logo\/image\/"},"sameAs":["https:\/\/www.facebook.com\/cosmetic.lv\/"]}]},"product_price_amount":"58.07","product_price_currency":"EUR","og_availability":"instock","product_availability":"instock","product_retailer_item_id":"18361","product_condition":"new"},"_links":{"self":[{"href":"https:\/\/cosmetic.lv\/lv\/wp-json\/wp\/v2\/product\/34650","targetHints":{"allow":["GET"]}}],"collection":[{"href":"https:\/\/cosmetic.lv\/lv\/wp-json\/wp\/v2\/product"}],"about":[{"href":"https:\/\/cosmetic.lv\/lv\/wp-json\/wp\/v2\/types\/product"}],"wp:featuredmedia":[{"embeddable":true,"href":"https:\/\/cosmetic.lv\/lv\/wp-json\/wp\/v2\/media\/17054"}],"wp:attachment":[{"href":"https:\/\/cosmetic.lv\/lv\/wp-json\/wp\/v2\/media?parent=34650"}],"wp:term":[{"taxonomy":"product_brand","embeddable":true,"href":"https:\/\/cosmetic.lv\/lv\/wp-json\/wp\/v2\/product_brand?post=34650"},{"taxonomy":"product_cat","embeddable":true,"href":"https:\/\/cosmetic.lv\/lv\/wp-json\/wp\/v2\/product_cat?post=34650"},{"taxonomy":"product_tag","embeddable":true,"href":"https:\/\/cosmetic.lv\/lv\/wp-json\/wp\/v2\/product_tag?post=34650"}],"curies":[{"name":"wp","href":"https:\/\/api.w.org\/{rel}","templated":true}]}}