{"id":34651,"date":"2021-02-05T22:43:42","date_gmt":"2021-02-06T17:55:43","guid":{"rendered":"https:\/\/damme.lv\/product\/longevity-softgets-ilgmuzibas-30gab\/"},"modified":"2021-02-11T22:54:35","modified_gmt":"2021-02-11T20:54:35","slug":"longevity-softgets-ilgmuzibas-30gab","status":"publish","type":"product","link":"https:\/\/cosmetic.lv\/lv\/product\/longevity-softgets-ilgmuzibas-30gab\/","title":{"rendered":"LONGEVITY SOFTGETS ilgm\u016b\u017e\u012bbas 30gab"},"content":{"rendered":"<p>Ilgm\u016b\u017e\u012bbas (ilgm\u016b\u017e\u012bbas) kapsulas<br \/>\nIlgm\u016b\u017e\u012bba &#8211; sp\u0113c\u012bgs antioksidantu mais\u012bjumu no \u0113teriskaj\u0101m e\u013c\u013c\u0101m kapsul\u0101s, kas sp\u0113j neitraliz\u0113t br\u012bvos radik\u0101\u013cus un aizsarg\u0101t \u0161\u016bnu DNS.<\/p>\n<p>Uz\u0146em\u0161anas laik\u0101 mais\u012bjums veicina ilgm\u016b\u017e\u012bbu un nov\u0113r\u0161 priek\u0161laic\u012bgu noveco\u0161anos.<\/p>\n<p>Antioksidanta aizsardz\u012bbas indikators (ORAC) Ilgm\u016b\u017e\u012bba &#8211; 150000 \u03bcTE \/ 100 g. \u0160\u012b v\u0113rt\u012bba ir liel\u0101ka par jebkuru produktu vai atsevi\u0161\u0137u \u0113terisko e\u013c\u013cu!<\/p>\n<p>Kas ir ORAC? ORAC ir sk\u0101bek\u013ca radik\u0101las absorbcijas sp\u0113ja vai indikators par sp\u0113ju antioksidantus absorb\u0113t br\u012bvos radik\u0101\u013cus. Vienk\u0101r\u0161\u0101 valod\u0101 \u0161is zin\u0101tniskais j\u0113dziens noz\u012bm\u0113, cik labi \u0161\u012b viela pal\u012bdz manam organismam tikt gal\u0101 ar t\u0101diem trauc\u0113jumiem k\u0101 v\u0113zis, sirds un asinsvadu slim\u012bbas, hroniskas org\u0101nu un audu slim\u012bbas. To ieviesa zin\u0101tnieki no Nacion\u0101l\u0101 noveco\u0161anas instit\u016bta Nacion\u0101l\u0101 vesel\u012bbas instit\u016bta (NIH) Baltimore, ASV.<\/p>\n<p>Daudzi no mums dom\u0101, ka mellen\u0113m un zemen\u0113m ir augsti antioksidanti. \u0160eit ir da\u017ei piem\u0113ri:<\/p>\n<p>NingXia Red (Lyceum barbarum) &#8211; vai goji ogas &#8211; 30300 \u03bcTE \/ 100 g<br \/>\nMelle\u0146u s\u0113klas &#8211; 2400 \u03bcTE \/ 100 g<br \/>\nSpin\u0101ti &#8211; 1400 \u03bcTE \/ 100 g<br \/>\nBurk\u0101ni &#8211; 210 \u03bcTE \/ 100 g<br \/>\nUn tagad \u0113terisko e\u013c\u013cu v\u0113rt\u012bbas:<\/p>\n<p>\u0112terisko e\u013c\u013cu ilgm\u016b\u017e\u012bbas mais\u012bjums &#8211; 1511025 \u03bcTE \/ 100g<br \/>\nDz\u0113rvenes \u0113terisk\u0101 e\u013c\u013ca &#8211; 1078700 \u03bcTE \/ 100g<br \/>\nMyrrh (Mirra) \u0113terisk\u0101 e\u013c\u013ca &#8211; 379800 \u03bcTE \/ 100 g<br \/>\nFenhe\u013ci (fenhe\u013ci) &#8211; 238400 \u03bcTE \/ 100 g<br \/>\nT\u016bl\u012bt k\u013c\u016bst skaidrs, ka antioksidantu dabisko piedevu &#8211; terapeitisk\u0101s kvalit\u0101tes \u0113terisko e\u013c\u013cu &#8211; uz\u0146em\u0161ana ir svar\u012bga katru dienu. T\u0101 ir m\u016bsu \u0137erme\u0146a un jaun\u012bbas \u0101das aizsardz\u012bba.<\/p>\n<p>Dabiskaj\u0101 piedev\u0101 ir \u010detras terapeitisk\u0101s kvalit\u0101tes \u0113terisk\u0101s e\u013c\u013cas, Young Living.<\/p>\n<p>Sast\u0101vs:<\/p>\n<p>Timi\u0101na (Timi\u0101na) \u0113terisk\u0101 e\u013c\u013ca &#8211; pretiekaisuma, pretv\u012brusu, prets\u0113n\u012b\u0161u; paaugstina glutationa l\u012bmeni sird\u012b, akn\u0101s un smadzen\u0113s; nov\u0113r\u0161 tauku oksid\u0113\u0161anu un degrad\u0101ciju, kas ir atrodama daudzos svar\u012bgos org\u0101nos (ar tauku oksid\u0113\u0161anu organism\u0101 saist\u012bta pa\u0101trin\u0101ta noveco\u0161ana).<\/p>\n<p>Glutan\u012bns ir sp\u0113c\u012bgs antioksidants, ko ra\u017eo pati organisms un aizsarg\u0101 pret noveco\u0161anos, onkolo\u0123iju, sirds un asinsvadu slim\u012bb\u0101m, demenci, Alcheimera slim\u012bbu un daudz\u0101m cit\u0101m slim\u012bb\u0101m.<\/p>\n<p>Bet slikta uztura, pies\u0101r\u0146ojuma, da\u017e\u0101du infekciju, toks\u012bnu un medikamentu, stresa un traumas izn\u012bcina pats savu glutationu. Ar vecumu, j\u016bsu \u0137ermenis zaud\u0113 sp\u0113ju rad\u012bt pietiekami daudz glutationa.<\/p>\n<p>Apels\u012bns (\u0113terisk\u0101 e\u013c\u013ca) &#8211; dod prieku, dro\u0161\u012bbu, mieru un laimi tiem, kam t\u0101 ir. Satur augstu limon\u0113na saturu, kas ne\u013cauj boj\u0101t DNS, antikoagulantu. Kl\u012bniski pier\u0101d\u012bta citrusaug\u013cu smar\u017eu sp\u0113ja apkarot depresiju un uzlabot imunit\u0101ti.<\/p>\n<p>Krustnagli\u0146as (Ne\u013c\u0137es) \u0113terisk\u0101 e\u013c\u013ca &#8211; Austrumos tas vienm\u0113r bija saist\u012bts ar p\u0101rpiln\u012bbu, un kur\u0161 tam pieder\u0113ja &#8211; tika uzskat\u012bts par bag\u0101tu. Tam ir antiseptiskas, pretv\u012brusu, pretiekaisuma \u012bpa\u0161\u012bbas. Ir visaugst\u0101kais antioksidantu indekss (ORAC), rada dro\u0161\u012bbas saj\u016btu.<\/p>\n<p>Smar\u017ea (\u0113terisk\u0101 e\u013c\u013ca) \u0113terisk\u0101 e\u013c\u013ca &#8211; senos laikos tika nov\u0113rt\u0113ta virs zelta, un to var\u0113ja tikai \u013coti bag\u0101ti cilv\u0113ki. V\u012braks Mirra tiek uzskat\u012bta par sv\u0113to svaid\u012bjumu Tuvajos Austrumos un tiek izmantota t\u016bksto\u0161iem gadu reli\u0123isk\u0101s ceremonij\u0101s. V\u012bkstes ir augsts sesquiterpenes l\u012bmenis, stimul\u0113 un oksid\u0113 smadze\u0146u limbisk\u0101s da\u013cas (kas ir atbild\u012bgas par emocij\u0101m), rada garast\u0101vokli, stimul\u0113 imunit\u0101ti, pal\u012bdz p\u0101rvar\u0113t stresu un izmisumu.<\/p>\n<p>Da\u013c\u0113ja (neapstr\u0101d\u0101ta) kokosriekstu e\u013c\u013ca &#8211; k\u0101 e\u013c\u013cas nes\u0113js, stabiliz\u0113 mais\u012bjuma b\u0101zi<\/p>\n<p>\u017delat\u012bna kapsulas<\/p>\n<p>Ilgm\u016b\u017e\u012bbas mais\u012bjums ir ne tikai kapsul\u0101s, bet ar\u012b t\u012br\u0101 form\u0101. \u0160\u012b dabisk\u0101 papildin\u0101t\u0101ja antioksidanta v\u0113rt\u012bba kapsul\u0101s ir nedaudz zem\u0101ka (150 000 \u03bcTE \/ 100 g) nek\u0101 t\u012bra estera mais\u012bjumam (1511025 \u03bcTE \/ 100 g). Bet gatav\u0101s kapsulas ir viegl\u0101k lietot!<\/p>\n<p>ilgm\u016b\u017e\u012bba<\/p>\n<p>Vai v\u0113laties uzzin\u0101t vair\u0101k par katru \u0113terisko e\u013c\u013cu? Vienk\u0101r\u0161i noklik\u0161\u0137iniet uz nosaukuma, lai uzzin\u0101tu interesantu inform\u0101ciju.<\/p>\n<p>Kad to piem\u0113rot: \u0137erme\u0146a noveco\u0161ana, antioksidantu aizsardz\u012bba, grumbas<\/p>\n<p>Gar\u012bg\u0101 un emocion\u0101l\u0101 ietekme: \u0161\u012b e\u013c\u013ca pal\u012bdz\u0113s tiem, kam ir daudz apspiesto s\u016bdz\u012bbu, kas aizr\u012b\u0161an\u0101s, nok\u013c\u016bst plau\u0161\u0101s un sird\u012b. Tas var b\u016bt saist\u012bts ar m\u012blest\u012bbas tr\u016bkumu vai dzi\u013cu no\u017e\u0113lu. Ethereal mais\u012bjums pal\u012bdz\u0113s atbr\u012bvoties no negat\u012bv\u0101m emocij\u0101m un par\u0101d\u012bs prieks un piedo\u0161anu.<\/p>\n<p>Ietekme uz pr\u0101tu: pikants arom\u0101ts rada garast\u0101vokli<\/p>\n<p>K\u0101das sist\u0113mas ir ietekm\u0113tas? Im\u016bns<\/p>\n<p>Lieto\u0161ana un doz\u0113\u0161ana:<\/p>\n<p>viena kapsula 2 reizes dien\u0101<br \/>\nvienm\u0113r s\u0101ciet ar vienu kapsulu dien\u0101<br \/>\nIzmantot m\u0101jdz\u012bvniekiem: J\u0101. Var dot su\u0146iem kapsul\u0101s. Vid\u0113jam su\u0146iem vid\u0113ji 1 kapsula dien\u0101.<\/p>\n<p>Da\u017eas e\u013c\u013cas var b\u016bt \u013coti toksiskas ka\u0137iem. Tie ietver citrusaug\u013cu e\u013c\u013cas, kas nav terapeitiskas kvalit\u0101tes! L\u016bdzu, konsult\u0113jieties ar savu veterin\u0101r\u0101rstu, ja neesat p\u0101rliecin\u0101ts, vai varat izmantot \u0113terisko e\u013c\u013cu savam veterin\u0101r\u0101rstam.<\/p>\n","protected":false},"excerpt":{"rendered":"<p>Ilgm\u016b\u017e\u012bbas (ilgm\u016b\u017e\u012bbas) kapsulas Ilgm\u016b\u017e\u012bba &#8211; sp\u0113c\u012bgs antioksidantu mais\u012bjumu no \u0113teriskaj\u0101m e\u013c\u013c\u0101m kapsul\u0101s, kas sp\u0113j neitraliz\u0113t br\u012bvos radik\u0101\u013cus un aizsarg\u0101t \u0161\u016bnu<\/p>\n","protected":false},"featured_media":17057,"template":"","meta":[],"product_brand":[],"product_cat":[2186,2304],"product_tag":[],"class_list":{"0":"post-34651","1":"product","2":"type-product","3":"status-publish","4":"has-post-thumbnail","6":"product_cat-young-living-eteriskas-ellas-un-kosmetika-augstas-kvalitates","7":"product_cat-veseliba-lv","9":"first","10":"instock","11":"taxable","12":"shipping-taxable","13":"purchasable","14":"product-type-simple"},"yoast_head":"<!-- This site is optimized with the Yoast SEO Premium plugin v27.0 (Yoast SEO v27.0) - https:\/\/yoast.com\/product\/yoast-seo-premium-wordpress\/ -->\n<title>LONGEVITY SOFTGETS ilgm\u016b\u017e\u012bbas 30gab - cosmetic.lv<\/title>\n<meta name=\"robots\" content=\"index, follow, max-snippet:-1, max-image-preview:large, max-video-preview:-1\" \/>\n<link rel=\"canonical\" href=\"https:\/\/cosmetic.lv\/lv\/product\/longevity-softgets-ilgmuzibas-30gab\/\" \/>\n<meta property=\"og:locale\" content=\"lv_LV\" \/>\n<meta property=\"og:type\" content=\"article\" \/>\n<meta property=\"og:title\" content=\"LONGEVITY SOFTGETS ilgm\u016b\u017e\u012bbas 30gab\" \/>\n<meta property=\"og:description\" content=\"Ilgm\u016b\u017e\u012bbas (ilgm\u016b\u017e\u012bbas) kapsulas Ilgm\u016b\u017e\u012bba &#8211; sp\u0113c\u012bgs antioksidantu mais\u012bjumu no \u0113teriskaj\u0101m e\u013c\u013c\u0101m kapsul\u0101s, kas sp\u0113j neitraliz\u0113t br\u012bvos radik\u0101\u013cus un aizsarg\u0101t \u0161\u016bnu\" \/>\n<meta property=\"og:url\" content=\"https:\/\/cosmetic.lv\/lv\/product\/longevity-softgets-ilgmuzibas-30gab\/\" \/>\n<meta property=\"og:site_name\" content=\"cosmetic.lv\" \/>\n<meta property=\"article:publisher\" content=\"https:\/\/www.facebook.com\/cosmetic.lv\/\" \/>\n<meta property=\"article:modified_time\" content=\"2021-02-11T20:54:35+00:00\" \/>\n<meta property=\"og:image\" content=\"https:\/\/cosmetic.lv\/wp-content\/uploads\/2021\/02\/longivity-4.jpg\" \/>\n\t<meta property=\"og:image:width\" content=\"250\" \/>\n\t<meta property=\"og:image:height\" content=\"250\" \/>\n\t<meta property=\"og:image:type\" content=\"image\/jpeg\" \/>\n<meta name=\"twitter:card\" content=\"summary_large_image\" \/>\n<script type=\"application\/ld+json\" class=\"yoast-schema-graph\">{\"@context\":\"https:\/\/schema.org\",\"@graph\":[{\"@type\":\"WebPage\",\"@id\":\"https:\/\/cosmetic.lv\/lv\/product\/longevity-softgets-ilgmuzibas-30gab\/\",\"url\":\"https:\/\/cosmetic.lv\/lv\/product\/longevity-softgets-ilgmuzibas-30gab\/\",\"name\":\"LONGEVITY SOFTGETS ilgm\u016b\u017e\u012bbas 30gab - cosmetic.lv\",\"isPartOf\":{\"@id\":\"https:\/\/cosmetic.lv\/lv\/#website\"},\"primaryImageOfPage\":{\"@id\":\"https:\/\/cosmetic.lv\/lv\/product\/longevity-softgets-ilgmuzibas-30gab\/#primaryimage\"},\"image\":{\"@id\":\"https:\/\/cosmetic.lv\/lv\/product\/longevity-softgets-ilgmuzibas-30gab\/#primaryimage\"},\"thumbnailUrl\":\"https:\/\/cosmetic.lv\/wp-content\/uploads\/2021\/02\/longivity-4.jpg\",\"datePublished\":\"2021-02-06T17:55:43+00:00\",\"dateModified\":\"2021-02-11T20:54:35+00:00\",\"breadcrumb\":{\"@id\":\"https:\/\/cosmetic.lv\/lv\/product\/longevity-softgets-ilgmuzibas-30gab\/#breadcrumb\"},\"inLanguage\":\"lv-LV\",\"potentialAction\":[{\"@type\":\"ReadAction\",\"target\":[\"https:\/\/cosmetic.lv\/lv\/product\/longevity-softgets-ilgmuzibas-30gab\/\"]}]},{\"@type\":\"ImageObject\",\"inLanguage\":\"lv-LV\",\"@id\":\"https:\/\/cosmetic.lv\/lv\/product\/longevity-softgets-ilgmuzibas-30gab\/#primaryimage\",\"url\":\"https:\/\/cosmetic.lv\/wp-content\/uploads\/2021\/02\/longivity-4.jpg\",\"contentUrl\":\"https:\/\/cosmetic.lv\/wp-content\/uploads\/2021\/02\/longivity-4.jpg\",\"width\":250,\"height\":250,\"caption\":\"longivity.jpg\"},{\"@type\":\"BreadcrumbList\",\"@id\":\"https:\/\/cosmetic.lv\/lv\/product\/longevity-softgets-ilgmuzibas-30gab\/#breadcrumb\",\"itemListElement\":[{\"@type\":\"ListItem\",\"position\":1,\"name\":\"Home\",\"item\":\"https:\/\/cosmetic.lv\/lv\/\"},{\"@type\":\"ListItem\",\"position\":2,\"name\":\"Veikals\",\"item\":\"https:\/\/cosmetic.lv\/lv\/veiklas\/\"},{\"@type\":\"ListItem\",\"position\":3,\"name\":\"LONGEVITY SOFTGETS ilgm\u016b\u017e\u012bbas 30gab\"}]},{\"@type\":\"WebSite\",\"@id\":\"https:\/\/cosmetic.lv\/lv\/#website\",\"url\":\"https:\/\/cosmetic.lv\/lv\/\",\"name\":\"cosmetic.lv\",\"description\":\"Profesion\u0101la kosm\u0113tika - Maria Galland, Keune, Arkadija, GMT, Guam, Magiray\",\"publisher\":{\"@id\":\"https:\/\/cosmetic.lv\/lv\/#organization\"},\"potentialAction\":[{\"@type\":\"SearchAction\",\"target\":{\"@type\":\"EntryPoint\",\"urlTemplate\":\"https:\/\/cosmetic.lv\/lv\/?s={search_term_string}\"},\"query-input\":{\"@type\":\"PropertyValueSpecification\",\"valueRequired\":true,\"valueName\":\"search_term_string\"}}],\"inLanguage\":\"lv-LV\"},{\"@type\":\"Organization\",\"@id\":\"https:\/\/cosmetic.lv\/lv\/#organization\",\"name\":\"COSMETIC.LV\",\"url\":\"https:\/\/cosmetic.lv\/lv\/\",\"logo\":{\"@type\":\"ImageObject\",\"inLanguage\":\"lv-LV\",\"@id\":\"https:\/\/cosmetic.lv\/lv\/#\/schema\/logo\/image\/\",\"url\":\"https:\/\/cosmetic.lv\/wp-content\/uploads\/2021\/02\/cosmetic.lv_logo.jpg\",\"contentUrl\":\"https:\/\/cosmetic.lv\/wp-content\/uploads\/2021\/02\/cosmetic.lv_logo.jpg\",\"width\":596,\"height\":196,\"caption\":\"COSMETIC.LV\"},\"image\":{\"@id\":\"https:\/\/cosmetic.lv\/lv\/#\/schema\/logo\/image\/\"},\"sameAs\":[\"https:\/\/www.facebook.com\/cosmetic.lv\/\"]}]}<\/script>\n<meta property=\"product:price:amount\" content=\"63.93\" \/>\n<meta property=\"product:price:currency\" content=\"EUR\" \/>\n<meta property=\"og:availability\" content=\"instock\" \/>\n<meta property=\"product:availability\" content=\"instock\" \/>\n<meta property=\"product:retailer_item_id\" content=\"328908\" \/>\n<meta property=\"product:condition\" content=\"new\" \/>\n<!-- \/ Yoast SEO Premium plugin. -->","yoast_head_json":{"title":"LONGEVITY SOFTGETS ilgm\u016b\u017e\u012bbas 30gab - cosmetic.lv","robots":{"index":"index","follow":"follow","max-snippet":"max-snippet:-1","max-image-preview":"max-image-preview:large","max-video-preview":"max-video-preview:-1"},"canonical":"https:\/\/cosmetic.lv\/lv\/product\/longevity-softgets-ilgmuzibas-30gab\/","og_locale":"lv_LV","og_type":"article","og_title":"LONGEVITY SOFTGETS ilgm\u016b\u017e\u012bbas 30gab","og_description":"Ilgm\u016b\u017e\u012bbas (ilgm\u016b\u017e\u012bbas) kapsulas Ilgm\u016b\u017e\u012bba &#8211; sp\u0113c\u012bgs antioksidantu mais\u012bjumu no \u0113teriskaj\u0101m e\u013c\u013c\u0101m kapsul\u0101s, kas sp\u0113j neitraliz\u0113t br\u012bvos radik\u0101\u013cus un aizsarg\u0101t \u0161\u016bnu","og_url":"https:\/\/cosmetic.lv\/lv\/product\/longevity-softgets-ilgmuzibas-30gab\/","og_site_name":"cosmetic.lv","article_publisher":"https:\/\/www.facebook.com\/cosmetic.lv\/","article_modified_time":"2021-02-11T20:54:35+00:00","og_image":[{"width":250,"height":250,"url":"https:\/\/cosmetic.lv\/wp-content\/uploads\/2021\/02\/longivity-4.jpg","type":"image\/jpeg"}],"twitter_card":"summary_large_image","schema":{"@context":"https:\/\/schema.org","@graph":[{"@type":"WebPage","@id":"https:\/\/cosmetic.lv\/lv\/product\/longevity-softgets-ilgmuzibas-30gab\/","url":"https:\/\/cosmetic.lv\/lv\/product\/longevity-softgets-ilgmuzibas-30gab\/","name":"LONGEVITY SOFTGETS ilgm\u016b\u017e\u012bbas 30gab - cosmetic.lv","isPartOf":{"@id":"https:\/\/cosmetic.lv\/lv\/#website"},"primaryImageOfPage":{"@id":"https:\/\/cosmetic.lv\/lv\/product\/longevity-softgets-ilgmuzibas-30gab\/#primaryimage"},"image":{"@id":"https:\/\/cosmetic.lv\/lv\/product\/longevity-softgets-ilgmuzibas-30gab\/#primaryimage"},"thumbnailUrl":"https:\/\/cosmetic.lv\/wp-content\/uploads\/2021\/02\/longivity-4.jpg","datePublished":"2021-02-06T17:55:43+00:00","dateModified":"2021-02-11T20:54:35+00:00","breadcrumb":{"@id":"https:\/\/cosmetic.lv\/lv\/product\/longevity-softgets-ilgmuzibas-30gab\/#breadcrumb"},"inLanguage":"lv-LV","potentialAction":[{"@type":"ReadAction","target":["https:\/\/cosmetic.lv\/lv\/product\/longevity-softgets-ilgmuzibas-30gab\/"]}]},{"@type":"ImageObject","inLanguage":"lv-LV","@id":"https:\/\/cosmetic.lv\/lv\/product\/longevity-softgets-ilgmuzibas-30gab\/#primaryimage","url":"https:\/\/cosmetic.lv\/wp-content\/uploads\/2021\/02\/longivity-4.jpg","contentUrl":"https:\/\/cosmetic.lv\/wp-content\/uploads\/2021\/02\/longivity-4.jpg","width":250,"height":250,"caption":"longivity.jpg"},{"@type":"BreadcrumbList","@id":"https:\/\/cosmetic.lv\/lv\/product\/longevity-softgets-ilgmuzibas-30gab\/#breadcrumb","itemListElement":[{"@type":"ListItem","position":1,"name":"Home","item":"https:\/\/cosmetic.lv\/lv\/"},{"@type":"ListItem","position":2,"name":"Veikals","item":"https:\/\/cosmetic.lv\/lv\/veiklas\/"},{"@type":"ListItem","position":3,"name":"LONGEVITY SOFTGETS ilgm\u016b\u017e\u012bbas 30gab"}]},{"@type":"WebSite","@id":"https:\/\/cosmetic.lv\/lv\/#website","url":"https:\/\/cosmetic.lv\/lv\/","name":"cosmetic.lv","description":"Profesion\u0101la kosm\u0113tika - Maria Galland, Keune, Arkadija, GMT, Guam, Magiray","publisher":{"@id":"https:\/\/cosmetic.lv\/lv\/#organization"},"potentialAction":[{"@type":"SearchAction","target":{"@type":"EntryPoint","urlTemplate":"https:\/\/cosmetic.lv\/lv\/?s={search_term_string}"},"query-input":{"@type":"PropertyValueSpecification","valueRequired":true,"valueName":"search_term_string"}}],"inLanguage":"lv-LV"},{"@type":"Organization","@id":"https:\/\/cosmetic.lv\/lv\/#organization","name":"COSMETIC.LV","url":"https:\/\/cosmetic.lv\/lv\/","logo":{"@type":"ImageObject","inLanguage":"lv-LV","@id":"https:\/\/cosmetic.lv\/lv\/#\/schema\/logo\/image\/","url":"https:\/\/cosmetic.lv\/wp-content\/uploads\/2021\/02\/cosmetic.lv_logo.jpg","contentUrl":"https:\/\/cosmetic.lv\/wp-content\/uploads\/2021\/02\/cosmetic.lv_logo.jpg","width":596,"height":196,"caption":"COSMETIC.LV"},"image":{"@id":"https:\/\/cosmetic.lv\/lv\/#\/schema\/logo\/image\/"},"sameAs":["https:\/\/www.facebook.com\/cosmetic.lv\/"]}]},"product_price_amount":"63.93","product_price_currency":"EUR","og_availability":"instock","product_availability":"instock","product_retailer_item_id":"328908","product_condition":"new"},"_links":{"self":[{"href":"https:\/\/cosmetic.lv\/lv\/wp-json\/wp\/v2\/product\/34651","targetHints":{"allow":["GET"]}}],"collection":[{"href":"https:\/\/cosmetic.lv\/lv\/wp-json\/wp\/v2\/product"}],"about":[{"href":"https:\/\/cosmetic.lv\/lv\/wp-json\/wp\/v2\/types\/product"}],"wp:featuredmedia":[{"embeddable":true,"href":"https:\/\/cosmetic.lv\/lv\/wp-json\/wp\/v2\/media\/17057"}],"wp:attachment":[{"href":"https:\/\/cosmetic.lv\/lv\/wp-json\/wp\/v2\/media?parent=34651"}],"wp:term":[{"taxonomy":"product_brand","embeddable":true,"href":"https:\/\/cosmetic.lv\/lv\/wp-json\/wp\/v2\/product_brand?post=34651"},{"taxonomy":"product_cat","embeddable":true,"href":"https:\/\/cosmetic.lv\/lv\/wp-json\/wp\/v2\/product_cat?post=34651"},{"taxonomy":"product_tag","embeddable":true,"href":"https:\/\/cosmetic.lv\/lv\/wp-json\/wp\/v2\/product_tag?post=34651"}],"curies":[{"name":"wp","href":"https:\/\/api.w.org\/{rel}","templated":true}]}}