{"id":34652,"date":"2021-02-05T22:43:42","date_gmt":"2021-02-06T17:55:43","guid":{"rendered":"https:\/\/damme.lv\/product\/megacal-kalcijs-450g\/"},"modified":"2021-02-11T22:54:36","modified_gmt":"2021-02-11T20:54:36","slug":"megacal-kalcijs-450g","status":"publish","type":"product","link":"https:\/\/cosmetic.lv\/lv\/product\/megacal-kalcijs-450g\/","title":{"rendered":"MEGACAL kalcijs 450g"},"content":{"rendered":"<p>MegaCal &#8211; Ca + Mg (pulvera veid\u0101)<br \/>\nMegaCal ir \u013coti efekt\u012bva dab\u012bg\u0101 papildviela, kas satur svar\u012bgus Ca un Mg mikroelementus attiec\u012bba 1: 1.<br \/>\nKalcija un magnija, ir b\u016btiska, lai \u0101rst\u0113tu osteoporozi un dz\u012b\u0161ana kaulu l\u016bzumi, no\u0146em musku\u013cu spazmas, uztur\u0113t vairogdziedzera, sirds un nervus.<\/p>\n<p>L\u016bdzu, l\u016bdzu! \u0145emot v\u0113r\u0101 tikai viens kalcija ir nepietiekama, tas ir nepiecie\u0161ams, lai atlikums bija magnija, cinka un mang\u0101na piln\u012bgai absorbcijas kalcija.<\/p>\n<p>Kalcija un magnija ir nepiecie\u0161ami ne tikai veseliem kauliem un zobiem, bet ar\u012b pareizai darb\u012bbai sirds un visas sirds un asinsvadu sist\u0113mu, lai uztur\u0113tu nervu un musku\u013cu sist\u0113mu.<\/p>\n<p>Tr\u016bkst kalcija un magnija izraisa v\u0101jumu un musku\u013cu krampji, nogurums un bezmiegs.<\/p>\n<p>Magnijs ir vair\u0101k nek\u0101 300 fermentat\u012bvo procesu katalizators!<\/p>\n<p>Mang\u0101ns regul\u0113 cukura l\u012bmeni asin\u012bs, pie\u0161\u0137ir ener\u0123iju \u0137ermenim, atbalsta smadze\u0146u vesel\u012bbu. Ar tr\u016bkumu mang\u0101na rasties slim\u012bbas, sirds un asinsvadu sist\u0113mas, augsts holester\u012bna l\u012bmenis, augsts asinsspiediens, musku\u013cu krampji, v\u0101jums kaulu un atmi\u0146as zudums.<\/p>\n<p>\u0160eit ir Megacal formula:<\/p>\n<p>Kalorijas: 8 uz porciju<br \/>\nOg\u013chidr\u0101ti: 2 grami uz porciju<br \/>\nC vitam\u012bns: 9 mg uz porciju<br \/>\nKalcijs: 207 mg uz porciju<br \/>\nMagnijs: 188 mg uz porciju<br \/>\nCinks: 320 \u03bcg uz porciju<br \/>\nMang\u0101ns: 320 \u03bcg uz porciju<\/p>\n<p>Vai jums pat\u012bk lietot kapsulas vair\u0101k? Tad jums SuperCal<\/p>\n<p>Lai saglab\u0101tu vesel\u012bgu kaulu un loc\u012btavu Sulfurzyme kas satur MSM, FOS un Goji aug\u013cus vai BLM. Vai OmegaGize komplekss c\u012b\u0146ai iekaisumiem, kas sast\u0101v no Coq, D3, \u0113terisk\u0101s e\u013c\u013cas un omega-3 zivju e\u013c\u013cu.<\/p>\n<p>MegaCal Sast\u0101vs:<\/p>\n<p>C vitam\u012bns &#8211; nodro\u0161in\u0101t dabas imunit\u0101ti, atbalst\u012bt dz\u012bves kvalit\u0101ti un vesel\u012bgu ener\u0123ijas l\u012bmeni, tas ir antioksidants, c\u012bn\u0101s stresu un nemieru<br \/>\nKalcija (lakt\u0101ts, askorb\u0101ta un glicerofosf\u0101ts karbon\u0101ts) &#8211; atbalsta kaulu vesel\u012bbu un norm\u0101lu darb\u012bbu nervu sist\u0113mu. \u0160is ir viens no lab\u0101kajiem, tiek l\u0113sts, ka pieejamajiem kalcija veidiem, kas ir viegli organisms izmanto<br \/>\nMagnija (citr\u0101ts, sulf\u0101ta un karbon\u0101ta) &#8211; b\u016btisks miner\u0101lu nepiecie\u0161ama labas darb\u012bbas fermentiem, kop\u0101 ar kalcija atbalsta kaulu vesel\u012bbu<br \/>\nCinks (cinka glukon\u0101ts) &#8211; b\u016btisks mikroelements, kas atbalsta veselu im\u016bnsist\u0113mu un darbojas k\u0101 katalizators citu fermentu<br \/>\nMang\u0101ns (sulf\u0101ts), &#8211; katalizators apmai\u0146as vielas, atbalsta funkciju vairogdziedzera, sp\u0113l\u0113 lomu, saglab\u0101jot cukura l\u012bmeni asin\u012bs<br \/>\nGlikon\u0101ta var\u0161 &#8211; ir nepiecie\u0161ams sarkano asins \u0161\u016bnu veido\u0161anos un im\u016bnsist\u0113mas uztur\u0113\u0161anai<br \/>\nKsil\u012bts ir dab\u012bgs zemas kalorit\u0101tes saldin\u0101t\u0101js; nav ieteicams lieto\u0161anai dz\u012bvniekiem<br \/>\nSatur \u0113terisk\u0101s e\u013c\u013cas:<\/p>\n<p>\u0112terisk\u0101 e\u013c\u013ca Lemon (Limon) &#8211; satur 68% D-limon\u0113ns, sp\u0113c\u012bgu antioksidantu, antiseptiska, im\u016bnsist\u0113mas stiprin\u0101\u0161anai, veicina veido\u0161anos leikoc\u012btu, nomierino\u0161s, antidepresantu, ir \u013coti pat\u012bkama smar\u017ea; T\u012bra, pacelta, veicina labkl\u0101j\u012bbas saj\u016btu<br \/>\nKad lietot? Aler\u0123ijas, artr\u012bts, kaulu l\u016bzumu, kaulu s\u0101pes, kaulu v\u0113zis, osteoporoze, l\u0113ni kaulu dziedin\u0101\u0161ana l\u016bzums, sirds un asinsvadu slim\u012bbas, hroniskas s\u0101pes, nejut\u012bgums k\u0101j\u0101s, hronisks nogurums, krampji, caureja, elektrol\u012btu l\u012bdzsvara trauc\u0113jumi, fibromial\u0123iju, podagra, n\u0101trene, hormon\u0101lie trauc\u0113jumi, musku\u013cu funkciju, nesp\u0113ks, neaugl\u012bba (sieviet\u0113m), spazmas, pap\u0113\u017ea Spurs, polipi, \u0161inde\u013ci, mugurkaula trauma, muguras s\u0101pes, stresu, simp\u0101tisk\u0101s nervu sist\u0113mas, s\u0101pes, temporomandibular loc\u012btavu, zobu s\u0101pes<\/p>\n<p>K\u0101 lietot?<\/p>\n<p>Iz\u0161\u0137\u012bdina 1 kausi\u0146u (5 g) (1 TSP) MegaCal vien\u0101 gl\u0101zi \u016bdens vai sulas<br \/>\nIe\u0146emiet stundu p\u0113c \u0113\u0161anas vai z\u0101\u013cu lieto\u0161anas, vai stundu pirms gul\u0113tie\u0161anas<br \/>\nNep\u0101rsniedziet 3 porcijas dien\u0101<br \/>\nSvars: 450 gr<\/p>\n","protected":false},"excerpt":{"rendered":"<p>MegaCal &#8211; Ca + Mg (pulvera veid\u0101) MegaCal ir \u013coti efekt\u012bva dab\u012bg\u0101 papildviela, kas satur svar\u012bgus Ca un Mg mikroelementus<\/p>\n","protected":false},"featured_media":17060,"template":"","meta":[],"product_brand":[],"product_cat":[2186,2304],"product_tag":[],"class_list":{"0":"post-34652","1":"product","2":"type-product","3":"status-publish","4":"has-post-thumbnail","6":"product_cat-young-living-eteriskas-ellas-un-kosmetika-augstas-kvalitates","7":"product_cat-veseliba-lv","9":"first","10":"instock","11":"taxable","12":"shipping-taxable","13":"purchasable","14":"product-type-simple"},"yoast_head":"<!-- This site is optimized with the Yoast SEO Premium plugin v27.0 (Yoast SEO v27.0) - https:\/\/yoast.com\/product\/yoast-seo-premium-wordpress\/ -->\n<title>MEGACAL kalcijs 450g - cosmetic.lv<\/title>\n<meta name=\"robots\" content=\"index, follow, max-snippet:-1, max-image-preview:large, max-video-preview:-1\" \/>\n<link rel=\"canonical\" href=\"https:\/\/cosmetic.lv\/lv\/product\/megacal-kalcijs-450g\/\" \/>\n<meta property=\"og:locale\" content=\"lv_LV\" \/>\n<meta property=\"og:type\" content=\"article\" \/>\n<meta property=\"og:title\" content=\"MEGACAL kalcijs 450g\" \/>\n<meta property=\"og:description\" content=\"MegaCal &#8211; Ca + Mg (pulvera veid\u0101) MegaCal ir \u013coti efekt\u012bva dab\u012bg\u0101 papildviela, kas satur svar\u012bgus Ca un Mg mikroelementus\" \/>\n<meta property=\"og:url\" content=\"https:\/\/cosmetic.lv\/lv\/product\/megacal-kalcijs-450g\/\" \/>\n<meta property=\"og:site_name\" content=\"cosmetic.lv\" \/>\n<meta property=\"article:publisher\" content=\"https:\/\/www.facebook.com\/cosmetic.lv\/\" \/>\n<meta property=\"article:modified_time\" content=\"2021-02-11T20:54:36+00:00\" \/>\n<meta property=\"og:image\" content=\"https:\/\/cosmetic.lv\/wp-content\/uploads\/2021\/02\/megacal-4.jpg\" \/>\n\t<meta property=\"og:image:width\" content=\"191\" \/>\n\t<meta property=\"og:image:height\" content=\"250\" \/>\n\t<meta property=\"og:image:type\" content=\"image\/jpeg\" \/>\n<meta name=\"twitter:card\" content=\"summary_large_image\" \/>\n<script type=\"application\/ld+json\" class=\"yoast-schema-graph\">{\"@context\":\"https:\/\/schema.org\",\"@graph\":[{\"@type\":\"WebPage\",\"@id\":\"https:\/\/cosmetic.lv\/lv\/product\/megacal-kalcijs-450g\/\",\"url\":\"https:\/\/cosmetic.lv\/lv\/product\/megacal-kalcijs-450g\/\",\"name\":\"MEGACAL kalcijs 450g - cosmetic.lv\",\"isPartOf\":{\"@id\":\"https:\/\/cosmetic.lv\/lv\/#website\"},\"primaryImageOfPage\":{\"@id\":\"https:\/\/cosmetic.lv\/lv\/product\/megacal-kalcijs-450g\/#primaryimage\"},\"image\":{\"@id\":\"https:\/\/cosmetic.lv\/lv\/product\/megacal-kalcijs-450g\/#primaryimage\"},\"thumbnailUrl\":\"https:\/\/cosmetic.lv\/wp-content\/uploads\/2021\/02\/megacal-4.jpg\",\"datePublished\":\"2021-02-06T17:55:43+00:00\",\"dateModified\":\"2021-02-11T20:54:36+00:00\",\"breadcrumb\":{\"@id\":\"https:\/\/cosmetic.lv\/lv\/product\/megacal-kalcijs-450g\/#breadcrumb\"},\"inLanguage\":\"lv-LV\",\"potentialAction\":[{\"@type\":\"ReadAction\",\"target\":[\"https:\/\/cosmetic.lv\/lv\/product\/megacal-kalcijs-450g\/\"]}]},{\"@type\":\"ImageObject\",\"inLanguage\":\"lv-LV\",\"@id\":\"https:\/\/cosmetic.lv\/lv\/product\/megacal-kalcijs-450g\/#primaryimage\",\"url\":\"https:\/\/cosmetic.lv\/wp-content\/uploads\/2021\/02\/megacal-4.jpg\",\"contentUrl\":\"https:\/\/cosmetic.lv\/wp-content\/uploads\/2021\/02\/megacal-4.jpg\",\"width\":191,\"height\":250,\"caption\":\"megacal.jpg\"},{\"@type\":\"BreadcrumbList\",\"@id\":\"https:\/\/cosmetic.lv\/lv\/product\/megacal-kalcijs-450g\/#breadcrumb\",\"itemListElement\":[{\"@type\":\"ListItem\",\"position\":1,\"name\":\"Home\",\"item\":\"https:\/\/cosmetic.lv\/lv\/\"},{\"@type\":\"ListItem\",\"position\":2,\"name\":\"Veikals\",\"item\":\"https:\/\/cosmetic.lv\/lv\/veiklas\/\"},{\"@type\":\"ListItem\",\"position\":3,\"name\":\"MEGACAL kalcijs 450g\"}]},{\"@type\":\"WebSite\",\"@id\":\"https:\/\/cosmetic.lv\/lv\/#website\",\"url\":\"https:\/\/cosmetic.lv\/lv\/\",\"name\":\"cosmetic.lv\",\"description\":\"Profesion\u0101la kosm\u0113tika - Maria Galland, Keune, Arkadija, GMT, Guam, Magiray\",\"publisher\":{\"@id\":\"https:\/\/cosmetic.lv\/lv\/#organization\"},\"potentialAction\":[{\"@type\":\"SearchAction\",\"target\":{\"@type\":\"EntryPoint\",\"urlTemplate\":\"https:\/\/cosmetic.lv\/lv\/?s={search_term_string}\"},\"query-input\":{\"@type\":\"PropertyValueSpecification\",\"valueRequired\":true,\"valueName\":\"search_term_string\"}}],\"inLanguage\":\"lv-LV\"},{\"@type\":\"Organization\",\"@id\":\"https:\/\/cosmetic.lv\/lv\/#organization\",\"name\":\"COSMETIC.LV\",\"url\":\"https:\/\/cosmetic.lv\/lv\/\",\"logo\":{\"@type\":\"ImageObject\",\"inLanguage\":\"lv-LV\",\"@id\":\"https:\/\/cosmetic.lv\/lv\/#\/schema\/logo\/image\/\",\"url\":\"https:\/\/cosmetic.lv\/wp-content\/uploads\/2021\/02\/cosmetic.lv_logo.jpg\",\"contentUrl\":\"https:\/\/cosmetic.lv\/wp-content\/uploads\/2021\/02\/cosmetic.lv_logo.jpg\",\"width\":596,\"height\":196,\"caption\":\"COSMETIC.LV\"},\"image\":{\"@id\":\"https:\/\/cosmetic.lv\/lv\/#\/schema\/logo\/image\/\"},\"sameAs\":[\"https:\/\/www.facebook.com\/cosmetic.lv\/\"]}]}<\/script>\n<meta property=\"product:price:amount\" content=\"78.45\" \/>\n<meta property=\"product:price:currency\" content=\"EUR\" \/>\n<meta property=\"og:availability\" content=\"instock\" \/>\n<meta property=\"product:availability\" content=\"instock\" \/>\n<meta property=\"product:retailer_item_id\" content=\"328008\" \/>\n<meta property=\"product:condition\" content=\"new\" \/>\n<!-- \/ Yoast SEO Premium plugin. -->","yoast_head_json":{"title":"MEGACAL kalcijs 450g - cosmetic.lv","robots":{"index":"index","follow":"follow","max-snippet":"max-snippet:-1","max-image-preview":"max-image-preview:large","max-video-preview":"max-video-preview:-1"},"canonical":"https:\/\/cosmetic.lv\/lv\/product\/megacal-kalcijs-450g\/","og_locale":"lv_LV","og_type":"article","og_title":"MEGACAL kalcijs 450g","og_description":"MegaCal &#8211; Ca + Mg (pulvera veid\u0101) MegaCal ir \u013coti efekt\u012bva dab\u012bg\u0101 papildviela, kas satur svar\u012bgus Ca un Mg mikroelementus","og_url":"https:\/\/cosmetic.lv\/lv\/product\/megacal-kalcijs-450g\/","og_site_name":"cosmetic.lv","article_publisher":"https:\/\/www.facebook.com\/cosmetic.lv\/","article_modified_time":"2021-02-11T20:54:36+00:00","og_image":[{"width":191,"height":250,"url":"https:\/\/cosmetic.lv\/wp-content\/uploads\/2021\/02\/megacal-4.jpg","type":"image\/jpeg"}],"twitter_card":"summary_large_image","schema":{"@context":"https:\/\/schema.org","@graph":[{"@type":"WebPage","@id":"https:\/\/cosmetic.lv\/lv\/product\/megacal-kalcijs-450g\/","url":"https:\/\/cosmetic.lv\/lv\/product\/megacal-kalcijs-450g\/","name":"MEGACAL kalcijs 450g - cosmetic.lv","isPartOf":{"@id":"https:\/\/cosmetic.lv\/lv\/#website"},"primaryImageOfPage":{"@id":"https:\/\/cosmetic.lv\/lv\/product\/megacal-kalcijs-450g\/#primaryimage"},"image":{"@id":"https:\/\/cosmetic.lv\/lv\/product\/megacal-kalcijs-450g\/#primaryimage"},"thumbnailUrl":"https:\/\/cosmetic.lv\/wp-content\/uploads\/2021\/02\/megacal-4.jpg","datePublished":"2021-02-06T17:55:43+00:00","dateModified":"2021-02-11T20:54:36+00:00","breadcrumb":{"@id":"https:\/\/cosmetic.lv\/lv\/product\/megacal-kalcijs-450g\/#breadcrumb"},"inLanguage":"lv-LV","potentialAction":[{"@type":"ReadAction","target":["https:\/\/cosmetic.lv\/lv\/product\/megacal-kalcijs-450g\/"]}]},{"@type":"ImageObject","inLanguage":"lv-LV","@id":"https:\/\/cosmetic.lv\/lv\/product\/megacal-kalcijs-450g\/#primaryimage","url":"https:\/\/cosmetic.lv\/wp-content\/uploads\/2021\/02\/megacal-4.jpg","contentUrl":"https:\/\/cosmetic.lv\/wp-content\/uploads\/2021\/02\/megacal-4.jpg","width":191,"height":250,"caption":"megacal.jpg"},{"@type":"BreadcrumbList","@id":"https:\/\/cosmetic.lv\/lv\/product\/megacal-kalcijs-450g\/#breadcrumb","itemListElement":[{"@type":"ListItem","position":1,"name":"Home","item":"https:\/\/cosmetic.lv\/lv\/"},{"@type":"ListItem","position":2,"name":"Veikals","item":"https:\/\/cosmetic.lv\/lv\/veiklas\/"},{"@type":"ListItem","position":3,"name":"MEGACAL kalcijs 450g"}]},{"@type":"WebSite","@id":"https:\/\/cosmetic.lv\/lv\/#website","url":"https:\/\/cosmetic.lv\/lv\/","name":"cosmetic.lv","description":"Profesion\u0101la kosm\u0113tika - Maria Galland, Keune, Arkadija, GMT, Guam, Magiray","publisher":{"@id":"https:\/\/cosmetic.lv\/lv\/#organization"},"potentialAction":[{"@type":"SearchAction","target":{"@type":"EntryPoint","urlTemplate":"https:\/\/cosmetic.lv\/lv\/?s={search_term_string}"},"query-input":{"@type":"PropertyValueSpecification","valueRequired":true,"valueName":"search_term_string"}}],"inLanguage":"lv-LV"},{"@type":"Organization","@id":"https:\/\/cosmetic.lv\/lv\/#organization","name":"COSMETIC.LV","url":"https:\/\/cosmetic.lv\/lv\/","logo":{"@type":"ImageObject","inLanguage":"lv-LV","@id":"https:\/\/cosmetic.lv\/lv\/#\/schema\/logo\/image\/","url":"https:\/\/cosmetic.lv\/wp-content\/uploads\/2021\/02\/cosmetic.lv_logo.jpg","contentUrl":"https:\/\/cosmetic.lv\/wp-content\/uploads\/2021\/02\/cosmetic.lv_logo.jpg","width":596,"height":196,"caption":"COSMETIC.LV"},"image":{"@id":"https:\/\/cosmetic.lv\/lv\/#\/schema\/logo\/image\/"},"sameAs":["https:\/\/www.facebook.com\/cosmetic.lv\/"]}]},"product_price_amount":"78.45","product_price_currency":"EUR","og_availability":"instock","product_availability":"instock","product_retailer_item_id":"328008","product_condition":"new"},"_links":{"self":[{"href":"https:\/\/cosmetic.lv\/lv\/wp-json\/wp\/v2\/product\/34652","targetHints":{"allow":["GET"]}}],"collection":[{"href":"https:\/\/cosmetic.lv\/lv\/wp-json\/wp\/v2\/product"}],"about":[{"href":"https:\/\/cosmetic.lv\/lv\/wp-json\/wp\/v2\/types\/product"}],"wp:featuredmedia":[{"embeddable":true,"href":"https:\/\/cosmetic.lv\/lv\/wp-json\/wp\/v2\/media\/17060"}],"wp:attachment":[{"href":"https:\/\/cosmetic.lv\/lv\/wp-json\/wp\/v2\/media?parent=34652"}],"wp:term":[{"taxonomy":"product_brand","embeddable":true,"href":"https:\/\/cosmetic.lv\/lv\/wp-json\/wp\/v2\/product_brand?post=34652"},{"taxonomy":"product_cat","embeddable":true,"href":"https:\/\/cosmetic.lv\/lv\/wp-json\/wp\/v2\/product_cat?post=34652"},{"taxonomy":"product_tag","embeddable":true,"href":"https:\/\/cosmetic.lv\/lv\/wp-json\/wp\/v2\/product_tag?post=34652"}],"curies":[{"name":"wp","href":"https:\/\/api.w.org\/{rel}","templated":true}]}}