{"id":34653,"date":"2021-02-05T22:43:42","date_gmt":"2021-02-06T17:55:43","guid":{"rendered":"https:\/\/damme.lv\/product\/multigreens-hlorofils-120gab\/"},"modified":"2021-02-11T22:54:36","modified_gmt":"2021-02-11T20:54:36","slug":"multigreens-hlorofils-120gab","status":"publish","type":"product","link":"https:\/\/cosmetic.lv\/lv\/product\/multigreens-hlorofils-120gab\/","title":{"rendered":"MULTIGREENS hlorofils 120gab"},"content":{"rendered":"<p>MultiGreens (hlorofils)<br \/>\nMultiGreens &#8211; dab\u012bgs hlorofila (a\u013c\u0123u), putek\u0161\u0146u, anti-noveco\u0161an\u0101s aminosk\u0101bes, hol\u012bnu, un \u0113terisk\u0101s e\u013c\u013cas, kas palielina uzs\u016bk\u0161anos vis\u0101m viel\u0101m organism\u0101.<\/p>\n<p>MultiGreens palielina vitalit\u0101ti, atbalstot endokr\u012bno sist\u0113mu, nervu un sirds-asinsvadu sist\u0113mu, atjauno sk\u0101bju-s\u0101rmu l\u012bdzsvaru.<\/p>\n<p>K\u0101p\u0113c hlorofils ir svar\u012bgs?<\/p>\n<p>vitam\u012bnu un miner\u0101lvielu avots<br \/>\nHol\u012bna avots, kas ir iz\u0161\u0137iro\u0161s ener\u0123ijas ra\u017eo\u0161anai<br \/>\nnostiprina sirds un asinsvadu sist\u0113mu<br \/>\nuzlabo nieru, aknu un plau\u0161u funkciju<br \/>\npal\u012bdz ar stenokardiju, saaukst\u0113\u0161anos, tonzil\u012btu s\u0113n\u012b\u0161u, astmu uc<br \/>\nir antibakteri\u0101la iedarb\u012bba<br \/>\nuzlabo asinsriti<br \/>\nuztur norm\u0101lu zarnu mikrofloru<br \/>\nuzlabo gremo\u0161anu<br \/>\npa\u0101trina interferona veido\u0161anos<br \/>\npal\u0113nina noveco\u0161an\u0101s procesu<br \/>\nnormaliz\u0113 \u0137erme\u0146a pH l\u012bdzsvaru<br \/>\nnostiprina imunit\u0101ti<br \/>\nKl\u012bniskie p\u0113t\u012bjumi.<\/p>\n<p>pacientu asin\u012bs tika p\u0101rbaud\u012bts uz absorbcijas akt\u012bvo vielu no Multigreens (formulu bez e\u013c\u013cas) &#8211; p\u0113c 24 stund\u0101m organism\u0101 var\u0113tu uz\u0146emt 42%<br \/>\nTaj\u0101 pa\u0161\u0101 p\u0113t\u012bjum\u0101, bet formula ar pievienojot \u0113terisko e\u013c\u013cu: absorbcija akt\u012bv\u0101 viela p\u0113c 30 min\u016bt\u0113m &#8211; 64%, p\u0113c stundas &#8211; 86%.<br \/>\nSecin\u0101jums: ar \u0113terisko e\u013c\u013cu pal\u012bdz\u012bbu \u0161\u016bnas sa\u0146\u0113ma uzturvielas, kuras t\u0101s iepriek\u0161 nevar\u0113ja absorb\u0113t<br \/>\nSast\u0101vs:<\/p>\n<p>Bi\u0161u ziedputek\u0161\u0146us &#8211; augsts saturs no olbaltumvielu, vitam\u012bnu un miner\u0101lvielu: k\u0101lija, kalcija, magnija, cinka, mang\u0101na, vara, B vitam\u012bns<\/p>\n<p>Mie\u017ei (k\u0101ti) &#8211; sp\u0113c\u012bgs antioksidants, satur svar\u012bgus miner\u0101lus<\/p>\n<p>Spirul\u012bna &#8211; avots hlorofila, magnija un uzlabot ener\u0123ijas vielmai\u0146u; toniz\u0113, att\u012bra, no\u0146em toks\u012bnus; T\u0101 atbalsta imunit\u0101ti un sirds un asinsvadu sist\u0113mas, aknas, nieres, asinis, zarnu mikrofloru<\/p>\n<p>Hol\u012bns &#8211; ir svar\u012bgi vesel\u012bbai, aknu (ietekme uz metabolismu tauku, aizsarg\u0101 aknas un veicina t\u0101 norm\u0101lu darb\u012bbu un atg\u016b\u0161anu); Tas uzlabo smadzenes un visu nervu sist\u0113mu, nov\u0113r\u0161 depresiju; normaliz\u0113 holester\u012bna l\u012bmeni asin\u012bs; Tas tiek izmantots, lai \u0101rst\u0113tu Alcheimera slim\u012bbu, v\u012brusu hepat\u012bts, aknu ciroze<\/p>\n<p>Eleuterokoku &#8211; palielina ener\u0123iju, samazina stresu; veicina limfoc\u012btu veido\u0161anos<\/p>\n<p>Alfalfa (lapas) &#8211; avots hlorofila, miner\u0101lvielas un fermenti (amil\u0101zes)<\/p>\n<p>Lamin\u0101rija &#8211; atbalsta vairogdziedzeri; satur jodu, galveno elementu T3 un T4 vairogdziedzera hormonu ra\u017eo\u0161an\u0101<\/p>\n<p>L-argin\u012bns &#8211; veicina asinsriti mazaj\u0101 kapil\u0101ros m\u016bsu audiem; uzlabo bar\u012bbas vielu un \u0161\u016bnu metabolismu<\/p>\n<p>L-ciste\u012bns &#8211; nodro\u0161ina vesel\u012bgu aknu darb\u012bbu un vesel\u012bgus matus<\/p>\n<p>L-tiroz\u012bns &#8211; atbalsta ra\u017eo\u0161anu neirotransmiteru: dopam\u012bna un seroton\u012bna<\/p>\n<p>Strukt\u016bra ietver \u010detras MultiGreens \u0113terisk\u0101 e\u013c\u013ca \u0101rstnieciskas \u012bpa\u0161\u012bbas Young Living.<\/p>\n<p>Rozmar\u012bns (rozmar\u012bna) \u0113terisk\u0101 e\u013c\u013ca &#8211; prets\u0113n\u012b\u0161u, pretparaz\u012btu, antibakteri\u0101la, l\u012bdzsvaro\u0161anas endokr\u012bno sist\u0113mu, att\u012bra aknas un pal\u012bdz, \u0101rst\u0113jot hepat\u012bta un citu infekcijas slim\u012bbu<\/p>\n<p>Lemon (Limon) \u0113terisk\u0101 e\u013c\u013ca &#8211; antiseptiska, imunostimulators, veicina veido\u0161anos leikoc\u012btu, nomierino\u0161s, antidepresantu, ir \u013coti pat\u012bkama smar\u017ea; att\u012bra, mazina stresu, uzlabo garast\u0101vokli, veicina saj\u016btu labkl\u0101j\u012bbu<\/p>\n<p>Lemongrass (Citronz\u0101le) &#8211; piem\u012bt pretiekaisuma, antiseptiska, antibakteri\u0101las un prets\u0113n\u012b\u0161u \u012bpa\u0161\u012bbas; pal\u012bdz ar ur\u012bnp\u016b\u0161\u013ca infekciju un gremo\u0161anas trauc\u0113jumiem; att\u012bra un uzmundrina.<br \/>\nMelissa (Melissa) \u0113terisk\u0101 e\u013c\u013ca &#8211; pretv\u012brusu, pretiekaisuma, antidepresants, stimul\u0113 limbiskaj\u0101 re\u0123ionus smadze\u0146u, emocion\u0101lo centru atmi\u0146\u0101m, no\u0146em emocion\u0101lo blokus, rada pozit\u012bvu perspekt\u012bvu uz dz\u012bvi.<\/p>\n<p>Kad izmantot: acidoze, pinnes, Adisona slim\u012bba, amiotrof\u0101s later\u0101l\u0101s sklerozes, aler\u0123isk\u0101 rin\u012bta, aler\u0123ijas, Alcheimera slim\u012bbas, an\u0113mija, tr\u016bkums no antioksidantiem, priek\u0161laic\u012bgu noveco\u0161anos, miega apnoja, astma, muguras traumas, Bella paral\u012bze, intoksik\u0101cijas asins v\u0113\u017ea, ar c\u012bpslu un sai\u0161u probl\u0113m\u0101m , Krona slim\u012bba, herpes, probl\u0113mas ar saistaudu, klepus, cukura diab\u0113ts, reibonis, nogurums, fibromial\u0123iju, fibroids, podagra, siena drudzi, smago met\u0101lu, hemor\u0101\u0123isk\u0101s triekas, hemoro\u012bdi, hepat\u012bta, n\u0101trene, hipertireozi, hipoglik\u0113mijas, velns auglis (sieviete), im\u016bn\u0101s atbalstu, infekcija, iekaisums (traumas), laring\u012bts, libido (tr\u016bkums v\u012brie\u0161iem un sieviet\u0113m), masal\u0101m, mal\u0101rijas, menstru\u0101ciju s\u0101pes, gar\u012bgo nogurumu, izkais\u012bt\u0101 skleroze, musku\u013cu distrofija, neirop\u0101tija, s\u0101pes, pankreat\u012bts, PMS, pneimonija , nemier\u012bgo k\u0101ju sindroms, krampji, sastiepumi, r\u012bkles iekaisums, loc\u012btavu iekaisums, tendin\u012btam, kakla infekcijas, vairogdziedzera darb\u012bbas trauc\u0113jumi, v\u012brusu infekcijas, garais klepus, depresija.<\/p>\n<p>K\u0101das sist\u0113mas ir ietekm\u0113tas? Im\u016bn\u0101s, elpo\u0161anas, nervu, sirds un asinsvadu sist\u0113mas, musku\u013cu un skeleta sist\u0113mas<\/p>\n<p>Lieto\u0161ana un doz\u0113\u0161ana:<\/p>\n<p>ja jums ir l\u0113ns vielmai\u0146u &#8211; \u0146em 3 kapsulas 1 vai 2 reizes dien\u0101, vienu stundu pirms malt\u012btes<br \/>\nja jums ir \u0101trs vielmai\u0146u &#8211; \u0146em 4 kapsulas 1 vai 2 reizes dien\u0101, vienu stundu pirms malt\u012btes<br \/>\nIzmantot m\u0101jdz\u012bvniekiem: J\u0101. Var izmantot visiem dz\u012bvniekiem, ieskaitot putnus. Pal\u012bdz ar v\u012brusu un nev<\/p>\n","protected":false},"excerpt":{"rendered":"<p>MultiGreens (hlorofils) MultiGreens &#8211; dab\u012bgs hlorofila (a\u013c\u0123u), putek\u0161\u0146u, anti-noveco\u0161an\u0101s aminosk\u0101bes, hol\u012bnu, un \u0113terisk\u0101s e\u013c\u013cas, kas palielina uzs\u016bk\u0161anos vis\u0101m viel\u0101m organism\u0101.<\/p>\n","protected":false},"featured_media":17063,"template":"","meta":[],"product_brand":[],"product_cat":[2186,2304],"product_tag":[],"class_list":{"0":"post-34653","1":"product","2":"type-product","3":"status-publish","4":"has-post-thumbnail","6":"product_cat-young-living-eteriskas-ellas-un-kosmetika-augstas-kvalitates","7":"product_cat-veseliba-lv","9":"first","10":"instock","11":"taxable","12":"shipping-taxable","13":"purchasable","14":"product-type-simple"},"yoast_head":"<!-- This site is optimized with the Yoast SEO Premium plugin v27.0 (Yoast SEO v27.0) - https:\/\/yoast.com\/product\/yoast-seo-premium-wordpress\/ -->\n<title>MULTIGREENS hlorofils 120gab - cosmetic.lv<\/title>\n<meta name=\"robots\" content=\"index, follow, max-snippet:-1, max-image-preview:large, max-video-preview:-1\" \/>\n<link rel=\"canonical\" href=\"https:\/\/cosmetic.lv\/lv\/product\/multigreens-hlorofils-120gab\/\" \/>\n<meta property=\"og:locale\" content=\"lv_LV\" \/>\n<meta property=\"og:type\" content=\"article\" \/>\n<meta property=\"og:title\" content=\"MULTIGREENS hlorofils 120gab\" \/>\n<meta property=\"og:description\" content=\"MultiGreens (hlorofils) MultiGreens &#8211; dab\u012bgs hlorofila (a\u013c\u0123u), putek\u0161\u0146u, anti-noveco\u0161an\u0101s aminosk\u0101bes, hol\u012bnu, un \u0113terisk\u0101s e\u013c\u013cas, kas palielina uzs\u016bk\u0161anos vis\u0101m viel\u0101m organism\u0101.\" \/>\n<meta property=\"og:url\" content=\"https:\/\/cosmetic.lv\/lv\/product\/multigreens-hlorofils-120gab\/\" \/>\n<meta property=\"og:site_name\" content=\"cosmetic.lv\" \/>\n<meta property=\"article:publisher\" content=\"https:\/\/www.facebook.com\/cosmetic.lv\/\" \/>\n<meta property=\"article:modified_time\" content=\"2021-02-11T20:54:36+00:00\" \/>\n<meta property=\"og:image\" content=\"https:\/\/cosmetic.lv\/wp-content\/uploads\/2021\/02\/multigreens-7.jpg\" \/>\n\t<meta property=\"og:image:width\" content=\"320\" \/>\n\t<meta property=\"og:image:height\" content=\"169\" \/>\n\t<meta property=\"og:image:type\" content=\"image\/jpeg\" \/>\n<meta name=\"twitter:card\" content=\"summary_large_image\" \/>\n<script type=\"application\/ld+json\" class=\"yoast-schema-graph\">{\"@context\":\"https:\/\/schema.org\",\"@graph\":[{\"@type\":\"WebPage\",\"@id\":\"https:\/\/cosmetic.lv\/lv\/product\/multigreens-hlorofils-120gab\/\",\"url\":\"https:\/\/cosmetic.lv\/lv\/product\/multigreens-hlorofils-120gab\/\",\"name\":\"MULTIGREENS hlorofils 120gab - cosmetic.lv\",\"isPartOf\":{\"@id\":\"https:\/\/cosmetic.lv\/lv\/#website\"},\"primaryImageOfPage\":{\"@id\":\"https:\/\/cosmetic.lv\/lv\/product\/multigreens-hlorofils-120gab\/#primaryimage\"},\"image\":{\"@id\":\"https:\/\/cosmetic.lv\/lv\/product\/multigreens-hlorofils-120gab\/#primaryimage\"},\"thumbnailUrl\":\"https:\/\/cosmetic.lv\/wp-content\/uploads\/2021\/02\/multigreens-7.jpg\",\"datePublished\":\"2021-02-06T17:55:43+00:00\",\"dateModified\":\"2021-02-11T20:54:36+00:00\",\"breadcrumb\":{\"@id\":\"https:\/\/cosmetic.lv\/lv\/product\/multigreens-hlorofils-120gab\/#breadcrumb\"},\"inLanguage\":\"lv-LV\",\"potentialAction\":[{\"@type\":\"ReadAction\",\"target\":[\"https:\/\/cosmetic.lv\/lv\/product\/multigreens-hlorofils-120gab\/\"]}]},{\"@type\":\"ImageObject\",\"inLanguage\":\"lv-LV\",\"@id\":\"https:\/\/cosmetic.lv\/lv\/product\/multigreens-hlorofils-120gab\/#primaryimage\",\"url\":\"https:\/\/cosmetic.lv\/wp-content\/uploads\/2021\/02\/multigreens-7.jpg\",\"contentUrl\":\"https:\/\/cosmetic.lv\/wp-content\/uploads\/2021\/02\/multigreens-7.jpg\",\"width\":320,\"height\":169,\"caption\":\"multigreens.jpg\"},{\"@type\":\"BreadcrumbList\",\"@id\":\"https:\/\/cosmetic.lv\/lv\/product\/multigreens-hlorofils-120gab\/#breadcrumb\",\"itemListElement\":[{\"@type\":\"ListItem\",\"position\":1,\"name\":\"Home\",\"item\":\"https:\/\/cosmetic.lv\/lv\/\"},{\"@type\":\"ListItem\",\"position\":2,\"name\":\"Veikals\",\"item\":\"https:\/\/cosmetic.lv\/lv\/veiklas\/\"},{\"@type\":\"ListItem\",\"position\":3,\"name\":\"MULTIGREENS hlorofils 120gab\"}]},{\"@type\":\"WebSite\",\"@id\":\"https:\/\/cosmetic.lv\/lv\/#website\",\"url\":\"https:\/\/cosmetic.lv\/lv\/\",\"name\":\"cosmetic.lv\",\"description\":\"Profesion\u0101la kosm\u0113tika - Maria Galland, Keune, Arkadija, GMT, Guam, Magiray\",\"publisher\":{\"@id\":\"https:\/\/cosmetic.lv\/lv\/#organization\"},\"potentialAction\":[{\"@type\":\"SearchAction\",\"target\":{\"@type\":\"EntryPoint\",\"urlTemplate\":\"https:\/\/cosmetic.lv\/lv\/?s={search_term_string}\"},\"query-input\":{\"@type\":\"PropertyValueSpecification\",\"valueRequired\":true,\"valueName\":\"search_term_string\"}}],\"inLanguage\":\"lv-LV\"},{\"@type\":\"Organization\",\"@id\":\"https:\/\/cosmetic.lv\/lv\/#organization\",\"name\":\"COSMETIC.LV\",\"url\":\"https:\/\/cosmetic.lv\/lv\/\",\"logo\":{\"@type\":\"ImageObject\",\"inLanguage\":\"lv-LV\",\"@id\":\"https:\/\/cosmetic.lv\/lv\/#\/schema\/logo\/image\/\",\"url\":\"https:\/\/cosmetic.lv\/wp-content\/uploads\/2021\/02\/cosmetic.lv_logo.jpg\",\"contentUrl\":\"https:\/\/cosmetic.lv\/wp-content\/uploads\/2021\/02\/cosmetic.lv_logo.jpg\",\"width\":596,\"height\":196,\"caption\":\"COSMETIC.LV\"},\"image\":{\"@id\":\"https:\/\/cosmetic.lv\/lv\/#\/schema\/logo\/image\/\"},\"sameAs\":[\"https:\/\/www.facebook.com\/cosmetic.lv\/\"]}]}<\/script>\n<meta property=\"product:price:amount\" content=\"78.45\" \/>\n<meta property=\"product:price:currency\" content=\"EUR\" \/>\n<meta property=\"og:availability\" content=\"instock\" \/>\n<meta property=\"product:availability\" content=\"instock\" \/>\n<meta property=\"product:retailer_item_id\" content=\"324808\" \/>\n<meta property=\"product:condition\" content=\"new\" \/>\n<!-- \/ Yoast SEO Premium plugin. -->","yoast_head_json":{"title":"MULTIGREENS hlorofils 120gab - cosmetic.lv","robots":{"index":"index","follow":"follow","max-snippet":"max-snippet:-1","max-image-preview":"max-image-preview:large","max-video-preview":"max-video-preview:-1"},"canonical":"https:\/\/cosmetic.lv\/lv\/product\/multigreens-hlorofils-120gab\/","og_locale":"lv_LV","og_type":"article","og_title":"MULTIGREENS hlorofils 120gab","og_description":"MultiGreens (hlorofils) MultiGreens &#8211; dab\u012bgs hlorofila (a\u013c\u0123u), putek\u0161\u0146u, anti-noveco\u0161an\u0101s aminosk\u0101bes, hol\u012bnu, un \u0113terisk\u0101s e\u013c\u013cas, kas palielina uzs\u016bk\u0161anos vis\u0101m viel\u0101m organism\u0101.","og_url":"https:\/\/cosmetic.lv\/lv\/product\/multigreens-hlorofils-120gab\/","og_site_name":"cosmetic.lv","article_publisher":"https:\/\/www.facebook.com\/cosmetic.lv\/","article_modified_time":"2021-02-11T20:54:36+00:00","og_image":[{"width":320,"height":169,"url":"https:\/\/cosmetic.lv\/wp-content\/uploads\/2021\/02\/multigreens-7.jpg","type":"image\/jpeg"}],"twitter_card":"summary_large_image","schema":{"@context":"https:\/\/schema.org","@graph":[{"@type":"WebPage","@id":"https:\/\/cosmetic.lv\/lv\/product\/multigreens-hlorofils-120gab\/","url":"https:\/\/cosmetic.lv\/lv\/product\/multigreens-hlorofils-120gab\/","name":"MULTIGREENS hlorofils 120gab - cosmetic.lv","isPartOf":{"@id":"https:\/\/cosmetic.lv\/lv\/#website"},"primaryImageOfPage":{"@id":"https:\/\/cosmetic.lv\/lv\/product\/multigreens-hlorofils-120gab\/#primaryimage"},"image":{"@id":"https:\/\/cosmetic.lv\/lv\/product\/multigreens-hlorofils-120gab\/#primaryimage"},"thumbnailUrl":"https:\/\/cosmetic.lv\/wp-content\/uploads\/2021\/02\/multigreens-7.jpg","datePublished":"2021-02-06T17:55:43+00:00","dateModified":"2021-02-11T20:54:36+00:00","breadcrumb":{"@id":"https:\/\/cosmetic.lv\/lv\/product\/multigreens-hlorofils-120gab\/#breadcrumb"},"inLanguage":"lv-LV","potentialAction":[{"@type":"ReadAction","target":["https:\/\/cosmetic.lv\/lv\/product\/multigreens-hlorofils-120gab\/"]}]},{"@type":"ImageObject","inLanguage":"lv-LV","@id":"https:\/\/cosmetic.lv\/lv\/product\/multigreens-hlorofils-120gab\/#primaryimage","url":"https:\/\/cosmetic.lv\/wp-content\/uploads\/2021\/02\/multigreens-7.jpg","contentUrl":"https:\/\/cosmetic.lv\/wp-content\/uploads\/2021\/02\/multigreens-7.jpg","width":320,"height":169,"caption":"multigreens.jpg"},{"@type":"BreadcrumbList","@id":"https:\/\/cosmetic.lv\/lv\/product\/multigreens-hlorofils-120gab\/#breadcrumb","itemListElement":[{"@type":"ListItem","position":1,"name":"Home","item":"https:\/\/cosmetic.lv\/lv\/"},{"@type":"ListItem","position":2,"name":"Veikals","item":"https:\/\/cosmetic.lv\/lv\/veiklas\/"},{"@type":"ListItem","position":3,"name":"MULTIGREENS hlorofils 120gab"}]},{"@type":"WebSite","@id":"https:\/\/cosmetic.lv\/lv\/#website","url":"https:\/\/cosmetic.lv\/lv\/","name":"cosmetic.lv","description":"Profesion\u0101la kosm\u0113tika - Maria Galland, Keune, Arkadija, GMT, Guam, Magiray","publisher":{"@id":"https:\/\/cosmetic.lv\/lv\/#organization"},"potentialAction":[{"@type":"SearchAction","target":{"@type":"EntryPoint","urlTemplate":"https:\/\/cosmetic.lv\/lv\/?s={search_term_string}"},"query-input":{"@type":"PropertyValueSpecification","valueRequired":true,"valueName":"search_term_string"}}],"inLanguage":"lv-LV"},{"@type":"Organization","@id":"https:\/\/cosmetic.lv\/lv\/#organization","name":"COSMETIC.LV","url":"https:\/\/cosmetic.lv\/lv\/","logo":{"@type":"ImageObject","inLanguage":"lv-LV","@id":"https:\/\/cosmetic.lv\/lv\/#\/schema\/logo\/image\/","url":"https:\/\/cosmetic.lv\/wp-content\/uploads\/2021\/02\/cosmetic.lv_logo.jpg","contentUrl":"https:\/\/cosmetic.lv\/wp-content\/uploads\/2021\/02\/cosmetic.lv_logo.jpg","width":596,"height":196,"caption":"COSMETIC.LV"},"image":{"@id":"https:\/\/cosmetic.lv\/lv\/#\/schema\/logo\/image\/"},"sameAs":["https:\/\/www.facebook.com\/cosmetic.lv\/"]}]},"product_price_amount":"78.45","product_price_currency":"EUR","og_availability":"instock","product_availability":"instock","product_retailer_item_id":"324808","product_condition":"new"},"_links":{"self":[{"href":"https:\/\/cosmetic.lv\/lv\/wp-json\/wp\/v2\/product\/34653","targetHints":{"allow":["GET"]}}],"collection":[{"href":"https:\/\/cosmetic.lv\/lv\/wp-json\/wp\/v2\/product"}],"about":[{"href":"https:\/\/cosmetic.lv\/lv\/wp-json\/wp\/v2\/types\/product"}],"wp:featuredmedia":[{"embeddable":true,"href":"https:\/\/cosmetic.lv\/lv\/wp-json\/wp\/v2\/media\/17063"}],"wp:attachment":[{"href":"https:\/\/cosmetic.lv\/lv\/wp-json\/wp\/v2\/media?parent=34653"}],"wp:term":[{"taxonomy":"product_brand","embeddable":true,"href":"https:\/\/cosmetic.lv\/lv\/wp-json\/wp\/v2\/product_brand?post=34653"},{"taxonomy":"product_cat","embeddable":true,"href":"https:\/\/cosmetic.lv\/lv\/wp-json\/wp\/v2\/product_cat?post=34653"},{"taxonomy":"product_tag","embeddable":true,"href":"https:\/\/cosmetic.lv\/lv\/wp-json\/wp\/v2\/product_tag?post=34653"}],"curies":[{"name":"wp","href":"https:\/\/api.w.org\/{rel}","templated":true}]}}