{"id":34654,"date":"2021-02-05T22:43:42","date_gmt":"2021-02-06T17:55:52","guid":{"rendered":"https:\/\/damme.lv\/product\/omegagaze-omega-3-vitamins-d3-coq10-120gab\/"},"modified":"2021-02-11T22:54:32","modified_gmt":"2021-02-11T20:54:32","slug":"omegagaze-omega-3-vitamins-d3-coq10-120gab","status":"publish","type":"product","link":"https:\/\/cosmetic.lv\/lv\/product\/omegagaze-omega-3-vitamins-d3-coq10-120gab\/","title":{"rendered":"OMEGAGAZE (Omega-3, vitam\u012bns D3, CoQ10) 120gab"},"content":{"rendered":"<p>Omega Gize (Omega-3, vitam\u012bns D3, CoQ10)<br \/>\nOmega-Gize dabisko piedevu formula satur Omega-3 tauku galven\u0101s sast\u0101vda\u013cas &#8211; DHA un EPA tauksk\u0101bes, pastiprin\u0101tas ar trim \u0113teriskaj\u0101m e\u013c\u013c\u0101m ar terapeitisko kvalit\u0101ti Young Living.<\/p>\n<p>Tauksk\u0101bes ir da\u013ca no katras \u0161\u016bnas membr\u0101nas m\u016bsu \u0137ermen\u012b, jo \u012bpa\u0161i to augsta koncentr\u0101cija smadzen\u0113s. Tas ir DHA un EPA tauksk\u0101bes, kas pal\u012bdz saglab\u0101t membr\u0101nu elast\u012bbu un selekt\u012bvu caurlaid\u012bbu.<\/p>\n<p>Omega G\u012bza kapsulas satur ar\u012b D3 vitam\u012bnu un kofermentu Q10.<\/p>\n<p>Ir kl\u012bniski pier\u0101d\u012bts, ka omega-3 tauksk\u0101bes, kas pievienotas uzturam, stiprina un atbalsta norm\u0101lu smadze\u0146u, acu, sirds un loc\u012btavu darb\u012bbu. Tie ir visnoder\u012bg\u0101kie no visiem cilv\u0113kiem pat\u0113r\u0113tajiem taukiem.<\/p>\n<p>Omega-3 dabiskais avots visbie\u017e\u0101k ir auksto j\u016bras zivis &#8211; an\u0161ovi, skumbrijas, sard\u012bnes. \u0160\u012bm sug\u0101m ir liela da\u013ca no svar\u012bg\u0101kaj\u0101m sk\u0101b\u0113m un zems pies\u0101r\u0146ojuma l\u012bmenis.<\/p>\n<p>Omega G\u012bza kapsulas apvalks ir ieg\u016bts no a\u013c\u0123\u0113m un aizsarg\u0101 tauksk\u0101bes no sk\u0101buma, kad tas saskaras ar sk\u0101bekli gais\u0101.<\/p>\n<p>Sast\u0101vs:<\/p>\n<p>Zivju e\u013c\u013ca, kas ir svar\u012bgu tauksk\u0101bju DHA un EPA avots. P\u0113t\u012bjumi apstiprina, ka Omega-3 sk\u0101bes samazina sist\u0113misku iekaisumu, atbalsta sirds un asinsvadu sist\u0113mu, loc\u012btavu un smadze\u0146u vesel\u012bbu.<\/p>\n<p>Vitam\u012bns D3 (holakalciferols), kas stimul\u0113 kalcija un fosfora uzs\u016bk\u0161anos, atbalsta asinsvadu sirds un vesel\u012bbu, neiromuskul\u0101r\u0101s funkcijas. Tas ir vien\u012bgais vitam\u012bns, ko organism\u0101 ra\u017eo no saules gaismas!<\/p>\n<p>Karotino\u012bdi, dzelteni un oran\u017ei pigmenti, taukos \u0161\u0137\u012bsto\u0161ie savienojumi, kas atrodami daudzos aug\u013cos, lab\u012bb\u0101 un d\u0101rze\u0146os. Svar\u012bga kaulu sist\u0113mas vesel\u012bbai, reprodukt\u012bvajai sist\u0113mai, labam redz\u0113jumam.<\/p>\n<p>R\u012bsu klijas ir r\u012bsu e\u013c\u013cas skval\u0113na avots. Tie ar\u012b satur gamma-oryzanol, kas stimul\u0113 ra\u017eo\u0161anu endorphins (prieks hormons) antioksidants &#8211; 10 reizes efekt\u012bv\u0101ks nek\u0101 E vitam\u012bnu, tas saista br\u012bvos radik\u0101\u013cus.<\/p>\n<p>Koenz\u012bms Q10 (Kaneka Q10) &#8211; taukos \u0161\u0137\u012bsto\u0161a, vitam\u012bnu l\u012bdz\u012bga viela ir b\u016btiska ener\u0123ijas ra\u017eo\u0161anai katr\u0101 \u0161\u016bn\u0101, sp\u0113c\u012bg\u0101 antioksidant\u0101.<\/p>\n<p>Kapsulas: sast\u0101v no sil\u012bcija dioks\u012bda, a\u013c\u0123u \u017eelat\u012bna.<\/p>\n<p>\u0112terisk\u0101s e\u013c\u013cas, kas ir Omega Gize sast\u0101vda\u013ca:<\/p>\n<p>Krustnagli\u0146as (Ne\u013c\u0137es) \u0113terisk\u0101 e\u013c\u013ca &#8211; Austrumos tas vienm\u0113r bija saist\u012bts ar p\u0101rpiln\u012bbu, un kur\u0161 tam pieder\u0113ja &#8211; tika uzskat\u012bts par bag\u0101tu. Tam ir antiseptiskas, pretv\u012brusu, pretiekaisuma \u012bpa\u0161\u012bbas. Ir visaugst\u0101kais antioksidantu indekss (ORAC), rada dro\u0161\u012bbas saj\u016btu<\/p>\n<p>V\u0101cu Kumel\u012bte (v\u0101cu kumel\u012bte) \u0113terisk\u0101 e\u013c\u013ca &#8211; pretmikrobu, pretiekaisuma, nov\u0113r\u0161 ekz\u0113mas un ka\u0161\u0137is, regul\u0113 \u017eults, samazin\u0101s g\u013cotu produkciju, samazina spazmas, resn\u0101s zarnas sien\u0101m<\/p>\n<p>Piparm\u0113tra (Mint) \u0113terisk\u0101 e\u013c\u013ca &#8211; pretiekaisuma, pretv\u012brusu, spazmol\u012btisks, prets\u0101pju l\u012bdzeklis; atdzes\u0113 un nomierina elpo\u0161anas ce\u013cu. Lieto, lai \u0101rst\u0113tu bronh\u012btu un pneimoniju, satur lielu mentola un mentona procentu\u0101lo daudzumu, pal\u012bdz nom\u0101kt klepu, not\u012bra plau\u0161as un deguna blakusdobumu; atbalsta endokr\u012bno sist\u0113mu un nervu sist\u0113mu<\/p>\n<p>K\u0101 lietot?<\/p>\n<p>Uz\u0146emiet 2 kapsulas Omega Gize no r\u012bta un 2 kapsulas vakar\u0101<br \/>\nLai ieg\u016btu liel\u0101ku terapeitisko efektu vai p\u0113c sare\u017e\u0123\u012bjumiem ar vesel\u012bbu, ie\u0146emiet 8 Omega G\u012bza kapsulas dien\u0101<br \/>\nAr ikdienas sast\u0101vda\u013c\u0101m Omega Gize un \u0113terisk\u0101s e\u013c\u013cas darbojas siner\u0123iski, stiprina viens otru un atjauno \u0137ermeni<br \/>\nVai Omega G\u012bze var tikt izmantota dz\u012bvniekiem? J\u0101.<\/p>\n<p>Omega Gize ir piem\u0113rots ka\u0137iem, su\u0146iem un putniem<br \/>\nNelieliem ka\u0137iem un su\u0146iem lietojiet 1 kapsulu dien\u0101<br \/>\nVid\u0113jiem su\u0146iem &#8211; 1 kapsula dien\u0101, lieliem su\u0146iem &#8211; 2-4 kapsulas dien\u0101<br \/>\nK\u0101 cit\u0101di j\u016bs varat pal\u012bdz\u0113t m\u0101jdz\u012bvniekiem?<br \/>\nPiesardz\u012bbas pas\u0101kumi:<\/p>\n<p>nav kontrindik\u0101ciju<br \/>\nuzglab\u0101t v\u0113s\u0101, saus\u0101 viet\u0101<br \/>\nglab\u0101t b\u0113rniem nepieejam\u0101 viet\u0101<br \/>\nNepak\u013caujiet augst\u0101m temperat\u016br\u0101m un tie\u0161iem saules stariem<br \/>\nSaist\u012btie dabiskie piedevas: NingXia sarkans, balanss, ilgm\u016b\u017e\u012bbas m\u012bkstie g\u0113ni, iek\u0161\u0113j\u0101 aizsardz\u012bba, MultiGreens<\/p>\n<p>Saist\u012bt\u0101s \u0113terisk\u0101s e\u013c\u013cas un mais\u012bjumi: ilgm\u016b\u017e\u012bba<\/p>\n<p>120gab<\/p>\n","protected":false},"excerpt":{"rendered":"<p>Omega Gize (Omega-3, vitam\u012bns D3, CoQ10) Omega-Gize dabisko piedevu formula satur Omega-3 tauku galven\u0101s sast\u0101vda\u013cas &#8211; DHA un EPA tauksk\u0101bes,<\/p>\n","protected":false},"featured_media":17066,"template":"","meta":[],"product_brand":[],"product_cat":[2186,2304],"product_tag":[],"class_list":{"0":"post-34654","1":"product","2":"type-product","3":"status-publish","4":"has-post-thumbnail","6":"product_cat-young-living-eteriskas-ellas-un-kosmetika-augstas-kvalitates","7":"product_cat-veseliba-lv","9":"first","10":"instock","11":"taxable","12":"shipping-taxable","13":"purchasable","14":"product-type-simple"},"yoast_head":"<!-- This site is optimized with the Yoast SEO Premium plugin v27.0 (Yoast SEO v27.0) - https:\/\/yoast.com\/product\/yoast-seo-premium-wordpress\/ -->\n<title>OMEGAGAZE (Omega-3, vitam\u012bns D3, CoQ10) 120gab - cosmetic.lv<\/title>\n<meta name=\"robots\" content=\"index, follow, max-snippet:-1, max-image-preview:large, max-video-preview:-1\" \/>\n<link rel=\"canonical\" href=\"https:\/\/cosmetic.lv\/lv\/product\/omegagaze-omega-3-vitamins-d3-coq10-120gab\/\" \/>\n<meta property=\"og:locale\" content=\"lv_LV\" \/>\n<meta property=\"og:type\" content=\"article\" \/>\n<meta property=\"og:title\" content=\"OMEGAGAZE (Omega-3, vitam\u012bns D3, CoQ10) 120gab\" \/>\n<meta property=\"og:description\" content=\"Omega Gize (Omega-3, vitam\u012bns D3, CoQ10) Omega-Gize dabisko piedevu formula satur Omega-3 tauku galven\u0101s sast\u0101vda\u013cas &#8211; DHA un EPA tauksk\u0101bes,\" \/>\n<meta property=\"og:url\" content=\"https:\/\/cosmetic.lv\/lv\/product\/omegagaze-omega-3-vitamins-d3-coq10-120gab\/\" \/>\n<meta property=\"og:site_name\" content=\"cosmetic.lv\" \/>\n<meta property=\"article:publisher\" content=\"https:\/\/www.facebook.com\/cosmetic.lv\/\" \/>\n<meta property=\"article:modified_time\" content=\"2021-02-11T20:54:32+00:00\" \/>\n<meta property=\"og:image\" content=\"https:\/\/cosmetic.lv\/wp-content\/uploads\/2021\/02\/omega-gize-4.jpg\" \/>\n\t<meta property=\"og:image:width\" content=\"250\" \/>\n\t<meta property=\"og:image:height\" content=\"250\" \/>\n\t<meta property=\"og:image:type\" content=\"image\/jpeg\" \/>\n<meta name=\"twitter:card\" content=\"summary_large_image\" \/>\n<script type=\"application\/ld+json\" class=\"yoast-schema-graph\">{\"@context\":\"https:\/\/schema.org\",\"@graph\":[{\"@type\":\"WebPage\",\"@id\":\"https:\/\/cosmetic.lv\/lv\/product\/omegagaze-omega-3-vitamins-d3-coq10-120gab\/\",\"url\":\"https:\/\/cosmetic.lv\/lv\/product\/omegagaze-omega-3-vitamins-d3-coq10-120gab\/\",\"name\":\"OMEGAGAZE (Omega-3, vitam\u012bns D3, CoQ10) 120gab - cosmetic.lv\",\"isPartOf\":{\"@id\":\"https:\/\/cosmetic.lv\/lv\/#website\"},\"primaryImageOfPage\":{\"@id\":\"https:\/\/cosmetic.lv\/lv\/product\/omegagaze-omega-3-vitamins-d3-coq10-120gab\/#primaryimage\"},\"image\":{\"@id\":\"https:\/\/cosmetic.lv\/lv\/product\/omegagaze-omega-3-vitamins-d3-coq10-120gab\/#primaryimage\"},\"thumbnailUrl\":\"https:\/\/cosmetic.lv\/wp-content\/uploads\/2021\/02\/omega-gize-4.jpg\",\"datePublished\":\"2021-02-06T17:55:52+00:00\",\"dateModified\":\"2021-02-11T20:54:32+00:00\",\"breadcrumb\":{\"@id\":\"https:\/\/cosmetic.lv\/lv\/product\/omegagaze-omega-3-vitamins-d3-coq10-120gab\/#breadcrumb\"},\"inLanguage\":\"lv-LV\",\"potentialAction\":[{\"@type\":\"ReadAction\",\"target\":[\"https:\/\/cosmetic.lv\/lv\/product\/omegagaze-omega-3-vitamins-d3-coq10-120gab\/\"]}]},{\"@type\":\"ImageObject\",\"inLanguage\":\"lv-LV\",\"@id\":\"https:\/\/cosmetic.lv\/lv\/product\/omegagaze-omega-3-vitamins-d3-coq10-120gab\/#primaryimage\",\"url\":\"https:\/\/cosmetic.lv\/wp-content\/uploads\/2021\/02\/omega-gize-4.jpg\",\"contentUrl\":\"https:\/\/cosmetic.lv\/wp-content\/uploads\/2021\/02\/omega-gize-4.jpg\",\"width\":250,\"height\":250,\"caption\":\"omega-gize.jpg\"},{\"@type\":\"BreadcrumbList\",\"@id\":\"https:\/\/cosmetic.lv\/lv\/product\/omegagaze-omega-3-vitamins-d3-coq10-120gab\/#breadcrumb\",\"itemListElement\":[{\"@type\":\"ListItem\",\"position\":1,\"name\":\"Home\",\"item\":\"https:\/\/cosmetic.lv\/lv\/\"},{\"@type\":\"ListItem\",\"position\":2,\"name\":\"Veikals\",\"item\":\"https:\/\/cosmetic.lv\/lv\/veiklas\/\"},{\"@type\":\"ListItem\",\"position\":3,\"name\":\"OMEGAGAZE (Omega-3, vitam\u012bns D3, CoQ10) 120gab\"}]},{\"@type\":\"WebSite\",\"@id\":\"https:\/\/cosmetic.lv\/lv\/#website\",\"url\":\"https:\/\/cosmetic.lv\/lv\/\",\"name\":\"cosmetic.lv\",\"description\":\"Profesion\u0101la kosm\u0113tika - Maria Galland, Keune, Arkadija, GMT, Guam, Magiray\",\"publisher\":{\"@id\":\"https:\/\/cosmetic.lv\/lv\/#organization\"},\"potentialAction\":[{\"@type\":\"SearchAction\",\"target\":{\"@type\":\"EntryPoint\",\"urlTemplate\":\"https:\/\/cosmetic.lv\/lv\/?s={search_term_string}\"},\"query-input\":{\"@type\":\"PropertyValueSpecification\",\"valueRequired\":true,\"valueName\":\"search_term_string\"}}],\"inLanguage\":\"lv-LV\"},{\"@type\":\"Organization\",\"@id\":\"https:\/\/cosmetic.lv\/lv\/#organization\",\"name\":\"COSMETIC.LV\",\"url\":\"https:\/\/cosmetic.lv\/lv\/\",\"logo\":{\"@type\":\"ImageObject\",\"inLanguage\":\"lv-LV\",\"@id\":\"https:\/\/cosmetic.lv\/lv\/#\/schema\/logo\/image\/\",\"url\":\"https:\/\/cosmetic.lv\/wp-content\/uploads\/2021\/02\/cosmetic.lv_logo.jpg\",\"contentUrl\":\"https:\/\/cosmetic.lv\/wp-content\/uploads\/2021\/02\/cosmetic.lv_logo.jpg\",\"width\":596,\"height\":196,\"caption\":\"COSMETIC.LV\"},\"image\":{\"@id\":\"https:\/\/cosmetic.lv\/lv\/#\/schema\/logo\/image\/\"},\"sameAs\":[\"https:\/\/www.facebook.com\/cosmetic.lv\/\"]}]}<\/script>\n<meta property=\"product:price:amount\" content=\"112.97\" \/>\n<meta property=\"product:price:currency\" content=\"EUR\" \/>\n<meta property=\"og:availability\" content=\"instock\" \/>\n<meta property=\"product:availability\" content=\"instock\" \/>\n<meta property=\"product:retailer_item_id\" content=\"309708\" \/>\n<meta property=\"product:condition\" content=\"new\" \/>\n<!-- \/ Yoast SEO Premium plugin. -->","yoast_head_json":{"title":"OMEGAGAZE (Omega-3, vitam\u012bns D3, CoQ10) 120gab - cosmetic.lv","robots":{"index":"index","follow":"follow","max-snippet":"max-snippet:-1","max-image-preview":"max-image-preview:large","max-video-preview":"max-video-preview:-1"},"canonical":"https:\/\/cosmetic.lv\/lv\/product\/omegagaze-omega-3-vitamins-d3-coq10-120gab\/","og_locale":"lv_LV","og_type":"article","og_title":"OMEGAGAZE (Omega-3, vitam\u012bns D3, CoQ10) 120gab","og_description":"Omega Gize (Omega-3, vitam\u012bns D3, CoQ10) Omega-Gize dabisko piedevu formula satur Omega-3 tauku galven\u0101s sast\u0101vda\u013cas &#8211; DHA un EPA tauksk\u0101bes,","og_url":"https:\/\/cosmetic.lv\/lv\/product\/omegagaze-omega-3-vitamins-d3-coq10-120gab\/","og_site_name":"cosmetic.lv","article_publisher":"https:\/\/www.facebook.com\/cosmetic.lv\/","article_modified_time":"2021-02-11T20:54:32+00:00","og_image":[{"width":250,"height":250,"url":"https:\/\/cosmetic.lv\/wp-content\/uploads\/2021\/02\/omega-gize-4.jpg","type":"image\/jpeg"}],"twitter_card":"summary_large_image","schema":{"@context":"https:\/\/schema.org","@graph":[{"@type":"WebPage","@id":"https:\/\/cosmetic.lv\/lv\/product\/omegagaze-omega-3-vitamins-d3-coq10-120gab\/","url":"https:\/\/cosmetic.lv\/lv\/product\/omegagaze-omega-3-vitamins-d3-coq10-120gab\/","name":"OMEGAGAZE (Omega-3, vitam\u012bns D3, CoQ10) 120gab - cosmetic.lv","isPartOf":{"@id":"https:\/\/cosmetic.lv\/lv\/#website"},"primaryImageOfPage":{"@id":"https:\/\/cosmetic.lv\/lv\/product\/omegagaze-omega-3-vitamins-d3-coq10-120gab\/#primaryimage"},"image":{"@id":"https:\/\/cosmetic.lv\/lv\/product\/omegagaze-omega-3-vitamins-d3-coq10-120gab\/#primaryimage"},"thumbnailUrl":"https:\/\/cosmetic.lv\/wp-content\/uploads\/2021\/02\/omega-gize-4.jpg","datePublished":"2021-02-06T17:55:52+00:00","dateModified":"2021-02-11T20:54:32+00:00","breadcrumb":{"@id":"https:\/\/cosmetic.lv\/lv\/product\/omegagaze-omega-3-vitamins-d3-coq10-120gab\/#breadcrumb"},"inLanguage":"lv-LV","potentialAction":[{"@type":"ReadAction","target":["https:\/\/cosmetic.lv\/lv\/product\/omegagaze-omega-3-vitamins-d3-coq10-120gab\/"]}]},{"@type":"ImageObject","inLanguage":"lv-LV","@id":"https:\/\/cosmetic.lv\/lv\/product\/omegagaze-omega-3-vitamins-d3-coq10-120gab\/#primaryimage","url":"https:\/\/cosmetic.lv\/wp-content\/uploads\/2021\/02\/omega-gize-4.jpg","contentUrl":"https:\/\/cosmetic.lv\/wp-content\/uploads\/2021\/02\/omega-gize-4.jpg","width":250,"height":250,"caption":"omega-gize.jpg"},{"@type":"BreadcrumbList","@id":"https:\/\/cosmetic.lv\/lv\/product\/omegagaze-omega-3-vitamins-d3-coq10-120gab\/#breadcrumb","itemListElement":[{"@type":"ListItem","position":1,"name":"Home","item":"https:\/\/cosmetic.lv\/lv\/"},{"@type":"ListItem","position":2,"name":"Veikals","item":"https:\/\/cosmetic.lv\/lv\/veiklas\/"},{"@type":"ListItem","position":3,"name":"OMEGAGAZE (Omega-3, vitam\u012bns D3, CoQ10) 120gab"}]},{"@type":"WebSite","@id":"https:\/\/cosmetic.lv\/lv\/#website","url":"https:\/\/cosmetic.lv\/lv\/","name":"cosmetic.lv","description":"Profesion\u0101la kosm\u0113tika - Maria Galland, Keune, Arkadija, GMT, Guam, Magiray","publisher":{"@id":"https:\/\/cosmetic.lv\/lv\/#organization"},"potentialAction":[{"@type":"SearchAction","target":{"@type":"EntryPoint","urlTemplate":"https:\/\/cosmetic.lv\/lv\/?s={search_term_string}"},"query-input":{"@type":"PropertyValueSpecification","valueRequired":true,"valueName":"search_term_string"}}],"inLanguage":"lv-LV"},{"@type":"Organization","@id":"https:\/\/cosmetic.lv\/lv\/#organization","name":"COSMETIC.LV","url":"https:\/\/cosmetic.lv\/lv\/","logo":{"@type":"ImageObject","inLanguage":"lv-LV","@id":"https:\/\/cosmetic.lv\/lv\/#\/schema\/logo\/image\/","url":"https:\/\/cosmetic.lv\/wp-content\/uploads\/2021\/02\/cosmetic.lv_logo.jpg","contentUrl":"https:\/\/cosmetic.lv\/wp-content\/uploads\/2021\/02\/cosmetic.lv_logo.jpg","width":596,"height":196,"caption":"COSMETIC.LV"},"image":{"@id":"https:\/\/cosmetic.lv\/lv\/#\/schema\/logo\/image\/"},"sameAs":["https:\/\/www.facebook.com\/cosmetic.lv\/"]}]},"product_price_amount":"112.97","product_price_currency":"EUR","og_availability":"instock","product_availability":"instock","product_retailer_item_id":"309708","product_condition":"new"},"_links":{"self":[{"href":"https:\/\/cosmetic.lv\/lv\/wp-json\/wp\/v2\/product\/34654","targetHints":{"allow":["GET"]}}],"collection":[{"href":"https:\/\/cosmetic.lv\/lv\/wp-json\/wp\/v2\/product"}],"about":[{"href":"https:\/\/cosmetic.lv\/lv\/wp-json\/wp\/v2\/types\/product"}],"wp:featuredmedia":[{"embeddable":true,"href":"https:\/\/cosmetic.lv\/lv\/wp-json\/wp\/v2\/media\/17066"}],"wp:attachment":[{"href":"https:\/\/cosmetic.lv\/lv\/wp-json\/wp\/v2\/media?parent=34654"}],"wp:term":[{"taxonomy":"product_brand","embeddable":true,"href":"https:\/\/cosmetic.lv\/lv\/wp-json\/wp\/v2\/product_brand?post=34654"},{"taxonomy":"product_cat","embeddable":true,"href":"https:\/\/cosmetic.lv\/lv\/wp-json\/wp\/v2\/product_cat?post=34654"},{"taxonomy":"product_tag","embeddable":true,"href":"https:\/\/cosmetic.lv\/lv\/wp-json\/wp\/v2\/product_tag?post=34654"}],"curies":[{"name":"wp","href":"https:\/\/api.w.org\/{rel}","templated":true}]}}