{"id":34658,"date":"2021-02-05T22:43:42","date_gmt":"2021-02-06T17:55:52","guid":{"rendered":"https:\/\/damme.lv\/product\/supercal-kalcijs-120gab\/"},"modified":"2021-02-11T22:54:33","modified_gmt":"2021-02-11T20:54:33","slug":"supercal-kalcijs-120gab","status":"publish","type":"product","link":"https:\/\/cosmetic.lv\/lv\/product\/supercal-kalcijs-120gab\/","title":{"rendered":"SUPERCAL (kalcijs) 120gab"},"content":{"rendered":"<p>SuperCal Ca + Mg + Zn (kapsul\u0101s)<br \/>\nSuperCal &#8211; \u013coti efekt\u012bvs dabisks papildin\u0101jums, kas satur svar\u012bgas miner\u0101lvielas kalciju un magniju, cinku, boru un k\u0101liju.<\/p>\n<p>Lietots:<\/p>\n<p>Atbalst\u012bt vesel\u012bgus kaulus, zobus un musku\u013cus<br \/>\nNodro\u0161ina vesel\u012bgu nervu vad\u012b\u0161anu, musku\u013cu kontrakcijas un \u0161\u016bnu funkcijas<br \/>\nKalcija un magnija, ir b\u016btiska, lai \u0101rst\u0113tu osteoporozi un dz\u012b\u0161ana kaulu l\u016bzumi, no\u0146em musku\u013cu spazmas, uztur\u0113t vairogdziedzera, sirds un nervus.<\/p>\n<p>L\u016bdzu, l\u016bdzu! \u0145emot v\u0113r\u0101 tikai viens kalcija ir nepietiekama, tas ir nepiecie\u0161ams, lai atlikums bija magnija, cinka un mang\u0101na piln\u012bgai absorbcijas kalcija.<\/p>\n<p>Kalcija un magnija ir nepiecie\u0161ami ne tikai veseliem kauliem un zobiem, bet ar\u012b pareizai darb\u012bbai sirds un visas sirds un asinsvadu sist\u0113mu, lai uztur\u0113tu nervu un musku\u013cu sist\u0113mu.<\/p>\n<p>Kalcija un magnija tr\u016bkums izraisa musku\u013cu spazmas un v\u0101jumu, nogurumu un bezmiegu.<\/p>\n<p>Magnijs ir vair\u0101k nek\u0101 300 fermentat\u012bvo procesu katalizators!<\/p>\n<p>\u0160eit ir Formula SuperCal kapsul\u0101s:<\/p>\n<p>Kalcijs: 242 mg uz porciju<br \/>\nMagnijs: 119 mg uz porciju<br \/>\nCinks: 30 mg uz porciju<br \/>\nBora: 1 mg uz porciju<\/p>\n<p>Vai jums pat\u012bk uz\u0146emt vair\u0101k kalcija pulvera? Tad tev ir MegaCal<\/p>\n<p>Lai saglab\u0101tu veselus kaulus un loc\u012btavu sulfurz\u012bmu, kas satur MSM, FOS un Goji aug\u013cus vai BLM. Vai OmegaGize komplekss c\u012b\u0146ai iekaisumiem, kas sast\u0101v no Coq, D3, \u0113terisk\u0101s e\u013c\u013cas un omega-3 zivju e\u013c\u013cu.<\/p>\n<p>SuperCal sast\u0101vs:<\/p>\n<p>Kalcija (lakt\u0101ts, askorb\u0101ta un glicerofosf\u0101ts karbon\u0101ts) &#8211; atbalsta kaulu vesel\u012bbu un norm\u0101lu darb\u012bbu nervu sist\u0113mu. Tas ir viens no lab\u0101kajiem, nov\u0113rt\u0113tajiem pieejamajiem kalcija veidiem, kurus organisms viegli lieto<br \/>\nMagnija (citr\u0101ts) &#8211; b\u016btisks miner\u0101lu nepiecie\u0161ama labas darb\u012bbas fermentiem, kop\u0101 ar kalcija atbalsta kaulu vesel\u012bbu<br \/>\nZinc (citr\u0101ts) &#8211; b\u016btisks mikroelements, kas atbalsta veselu im\u016bnsist\u0113mu un darbojas k\u0101 katalizators citu fermentu<br \/>\nK\u0101lijs (citr\u0101ts) ir miner\u0101ls, kas nepiecie\u0161ams \u0137erme\u0146a pareizai darb\u012bbai; uztur veselus kaulus un norm\u0101lu elektrol\u012btu l\u012bdzsvaru<br \/>\nBorons (n\u0101trija bor\u0101ts) ir miner\u0101ls, kas pal\u012bdz palielin\u0101t kalcija uzs\u016bk\u0161anos<br \/>\nSatur \u0113terisk\u0101s e\u013c\u013cas:<\/p>\n<p>Lemongrass (Citronz\u0101les) \u0113terisk\u0101 e\u013c\u013ca &#8211; piem\u012bt pretiekaisuma, antiseptiska, antibakteri\u0101las un prets\u0113n\u012b\u0161u \u012bpa\u0161\u012bbas; pal\u012bdz ar ur\u012bnp\u016b\u0161\u013ca infekciju un gremo\u0161anas trauc\u0113jumiem; Not\u012bra un uzmundrina<br \/>\nWintergreen (Wintergreen) \u0113terisk\u0101 e\u013c\u013ca &#8211; satur metilsalicil\u0101ts, ko izmanto k\u0101 pretiekaisuma un prets\u0101pju l\u012bdzekli mazina s\u0101pes musku\u013cos un loc\u012btav\u0101s; pal\u012bdz palielin\u0101t elpo\u0161anu<br \/>\nMajor\u0101ns (Major\u0101ns) \u0113terisk\u0101 e\u013c\u013ca &#8211; anti-bakt\u0113riju, antiseptiska, diur\u0113ti\u0137is, pal\u012bdz atjaunot strukt\u016bru glud\u0101s muskulat\u016bras, mazina musku\u013cu spazmas, galvass\u0101pes, nervu spriedzi, nemieru. Atjauno atmosf\u0113ru<br \/>\nMyrtle (Myrtle) \u0113terisk\u0101 e\u013c\u013ca &#8211; antiseptiska, antibakteri\u0101la, nov\u0113r\u0161 stagn\u0101ciju; no\u0146em elpo\u0161anas ce\u013cu g\u013cotas; Tas ir p\u0101rsteidzo\u0161i vieglas, nekairino\u0161us, t\u0101p\u0113c tas ir piem\u0113rots, lai \u0101rst\u0113tu elpo\u0161anas sist\u0113mas, astmas l\u0113kmes un elpo\u0161anas ce\u013cu slim\u012bbas, plau\u0161u slim\u012bb\u0101m un infekcijas slim\u012bb\u0101m, b\u0113rniem un veciem cilv\u0113kiem<\/p>\n<p>Kad lietot? Aler\u0123ijas, artr\u012bts, kaulu l\u016bzumu, kaulu s\u0101pes, kaulu v\u0113zis, osteoporoze, l\u0113ni kaulu dziedin\u0101\u0161ana l\u016bzums, sirds un asinsvadu slim\u012bbas, hroniskas s\u0101pes, nejut\u012bgums k\u0101j\u0101s, hronisks nogurums, krampji, caureja, elektrol\u012btu l\u012bdzsvara trauc\u0113jumi, fibromial\u0123iju, podagra, n\u0101trene, hormon\u0101lie trauc\u0113jumi, musku\u013cu funkciju, nesp\u0113ks, neaugl\u012bba (sieviet\u0113m), spazmas, pap\u0113\u017ea Spurs, polipi, \u0161inde\u013ci, mugurkaula trauma, muguras s\u0101pes, stresu, simp\u0101tisk\u0101s nervu sist\u0113mas, s\u0101pes, temporomandibular loc\u012btavu, zobu s\u0101pes<\/p>\n<p>K\u0101 lietot?<\/p>\n<p>Pirms katras \u0113dienreizes vai nepiecie\u0161am\u012bbas gad\u012bjum\u0101 ie\u0146emiet 2 kapsulas.<br \/>\nKapsulu skaits: 120 gab.<\/p>\n<p>Vai Megac var lietot dz\u012bvniekiem? J\u0101.<\/p>\n<p>Piesardz\u012bbas pas\u0101kumi? Ja esat gr\u016btniece, konsult\u0113jieties ar savu \u0101rstu.<\/p>\n<p>Vienlaic\u012bgs dabisk\u0101s piedevas: BLM, Progessence Phyto Plus, Thyromin, Sulfurzyme<\/p>\n<p>Vienlaic\u012bgs \u0113terisk\u0101s e\u013c\u013cas un to mais\u012bjumi: Deep Relief Roll-On, PanAway, Aidaho Balsam Fir, copaiba, Wintergreen<br \/>\n120gab<\/p>\n","protected":false},"excerpt":{"rendered":"<p>SuperCal Ca + Mg + Zn (kapsul\u0101s) SuperCal &#8211; \u013coti efekt\u012bvs dabisks papildin\u0101jums, kas satur svar\u012bgas miner\u0101lvielas kalciju un magniju,<\/p>\n","protected":false},"featured_media":17076,"template":"","meta":[],"product_brand":[],"product_cat":[2186,2304],"product_tag":[],"class_list":{"0":"post-34658","1":"product","2":"type-product","3":"status-publish","4":"has-post-thumbnail","6":"product_cat-young-living-eteriskas-ellas-un-kosmetika-augstas-kvalitates","7":"product_cat-veseliba-lv","9":"first","10":"instock","11":"taxable","12":"shipping-taxable","13":"purchasable","14":"product-type-simple"},"yoast_head":"<!-- This site is optimized with the Yoast SEO Premium plugin v27.0 (Yoast SEO v27.0) - https:\/\/yoast.com\/product\/yoast-seo-premium-wordpress\/ -->\n<title>SUPERCAL (kalcijs) 120gab - cosmetic.lv<\/title>\n<meta name=\"robots\" content=\"index, follow, max-snippet:-1, max-image-preview:large, max-video-preview:-1\" \/>\n<link rel=\"canonical\" href=\"https:\/\/cosmetic.lv\/lv\/product\/supercal-kalcijs-120gab\/\" \/>\n<meta property=\"og:locale\" content=\"lv_LV\" \/>\n<meta property=\"og:type\" content=\"article\" \/>\n<meta property=\"og:title\" content=\"SUPERCAL (kalcijs) 120gab\" \/>\n<meta property=\"og:description\" content=\"SuperCal Ca + Mg + Zn (kapsul\u0101s) SuperCal &#8211; \u013coti efekt\u012bvs dabisks papildin\u0101jums, kas satur svar\u012bgas miner\u0101lvielas kalciju un magniju,\" \/>\n<meta property=\"og:url\" content=\"https:\/\/cosmetic.lv\/lv\/product\/supercal-kalcijs-120gab\/\" \/>\n<meta property=\"og:site_name\" content=\"cosmetic.lv\" \/>\n<meta property=\"article:publisher\" content=\"https:\/\/www.facebook.com\/cosmetic.lv\/\" \/>\n<meta property=\"article:modified_time\" content=\"2021-02-11T20:54:33+00:00\" \/>\n<meta property=\"og:image\" content=\"https:\/\/cosmetic.lv\/wp-content\/uploads\/2021\/02\/supercal-4.jpg\" \/>\n\t<meta property=\"og:image:width\" content=\"148\" \/>\n\t<meta property=\"og:image:height\" content=\"250\" \/>\n\t<meta property=\"og:image:type\" content=\"image\/jpeg\" \/>\n<meta name=\"twitter:card\" content=\"summary_large_image\" \/>\n<script type=\"application\/ld+json\" class=\"yoast-schema-graph\">{\"@context\":\"https:\/\/schema.org\",\"@graph\":[{\"@type\":\"WebPage\",\"@id\":\"https:\/\/cosmetic.lv\/lv\/product\/supercal-kalcijs-120gab\/\",\"url\":\"https:\/\/cosmetic.lv\/lv\/product\/supercal-kalcijs-120gab\/\",\"name\":\"SUPERCAL (kalcijs) 120gab - cosmetic.lv\",\"isPartOf\":{\"@id\":\"https:\/\/cosmetic.lv\/lv\/#website\"},\"primaryImageOfPage\":{\"@id\":\"https:\/\/cosmetic.lv\/lv\/product\/supercal-kalcijs-120gab\/#primaryimage\"},\"image\":{\"@id\":\"https:\/\/cosmetic.lv\/lv\/product\/supercal-kalcijs-120gab\/#primaryimage\"},\"thumbnailUrl\":\"https:\/\/cosmetic.lv\/wp-content\/uploads\/2021\/02\/supercal-4.jpg\",\"datePublished\":\"2021-02-06T17:55:52+00:00\",\"dateModified\":\"2021-02-11T20:54:33+00:00\",\"breadcrumb\":{\"@id\":\"https:\/\/cosmetic.lv\/lv\/product\/supercal-kalcijs-120gab\/#breadcrumb\"},\"inLanguage\":\"lv-LV\",\"potentialAction\":[{\"@type\":\"ReadAction\",\"target\":[\"https:\/\/cosmetic.lv\/lv\/product\/supercal-kalcijs-120gab\/\"]}]},{\"@type\":\"ImageObject\",\"inLanguage\":\"lv-LV\",\"@id\":\"https:\/\/cosmetic.lv\/lv\/product\/supercal-kalcijs-120gab\/#primaryimage\",\"url\":\"https:\/\/cosmetic.lv\/wp-content\/uploads\/2021\/02\/supercal-4.jpg\",\"contentUrl\":\"https:\/\/cosmetic.lv\/wp-content\/uploads\/2021\/02\/supercal-4.jpg\",\"width\":148,\"height\":250,\"caption\":\"supercal.jpg\"},{\"@type\":\"BreadcrumbList\",\"@id\":\"https:\/\/cosmetic.lv\/lv\/product\/supercal-kalcijs-120gab\/#breadcrumb\",\"itemListElement\":[{\"@type\":\"ListItem\",\"position\":1,\"name\":\"Home\",\"item\":\"https:\/\/cosmetic.lv\/lv\/\"},{\"@type\":\"ListItem\",\"position\":2,\"name\":\"Veikals\",\"item\":\"https:\/\/cosmetic.lv\/lv\/veiklas\/\"},{\"@type\":\"ListItem\",\"position\":3,\"name\":\"SUPERCAL (kalcijs) 120gab\"}]},{\"@type\":\"WebSite\",\"@id\":\"https:\/\/cosmetic.lv\/lv\/#website\",\"url\":\"https:\/\/cosmetic.lv\/lv\/\",\"name\":\"cosmetic.lv\",\"description\":\"Profesion\u0101la kosm\u0113tika - Maria Galland, Keune, Arkadija, GMT, Guam, Magiray\",\"publisher\":{\"@id\":\"https:\/\/cosmetic.lv\/lv\/#organization\"},\"potentialAction\":[{\"@type\":\"SearchAction\",\"target\":{\"@type\":\"EntryPoint\",\"urlTemplate\":\"https:\/\/cosmetic.lv\/lv\/?s={search_term_string}\"},\"query-input\":{\"@type\":\"PropertyValueSpecification\",\"valueRequired\":true,\"valueName\":\"search_term_string\"}}],\"inLanguage\":\"lv-LV\"},{\"@type\":\"Organization\",\"@id\":\"https:\/\/cosmetic.lv\/lv\/#organization\",\"name\":\"COSMETIC.LV\",\"url\":\"https:\/\/cosmetic.lv\/lv\/\",\"logo\":{\"@type\":\"ImageObject\",\"inLanguage\":\"lv-LV\",\"@id\":\"https:\/\/cosmetic.lv\/lv\/#\/schema\/logo\/image\/\",\"url\":\"https:\/\/cosmetic.lv\/wp-content\/uploads\/2021\/02\/cosmetic.lv_logo.jpg\",\"contentUrl\":\"https:\/\/cosmetic.lv\/wp-content\/uploads\/2021\/02\/cosmetic.lv_logo.jpg\",\"width\":596,\"height\":196,\"caption\":\"COSMETIC.LV\"},\"image\":{\"@id\":\"https:\/\/cosmetic.lv\/lv\/#\/schema\/logo\/image\/\"},\"sameAs\":[\"https:\/\/www.facebook.com\/cosmetic.lv\/\"]}]}<\/script>\n<meta property=\"product:price:amount\" content=\"51.24\" \/>\n<meta property=\"product:price:currency\" content=\"EUR\" \/>\n<meta property=\"og:availability\" content=\"instock\" \/>\n<meta property=\"product:availability\" content=\"instock\" \/>\n<meta property=\"product:retailer_item_id\" content=\"3244500\" \/>\n<meta property=\"product:condition\" content=\"new\" \/>\n<!-- \/ Yoast SEO Premium plugin. -->","yoast_head_json":{"title":"SUPERCAL (kalcijs) 120gab - cosmetic.lv","robots":{"index":"index","follow":"follow","max-snippet":"max-snippet:-1","max-image-preview":"max-image-preview:large","max-video-preview":"max-video-preview:-1"},"canonical":"https:\/\/cosmetic.lv\/lv\/product\/supercal-kalcijs-120gab\/","og_locale":"lv_LV","og_type":"article","og_title":"SUPERCAL (kalcijs) 120gab","og_description":"SuperCal Ca + Mg + Zn (kapsul\u0101s) SuperCal &#8211; \u013coti efekt\u012bvs dabisks papildin\u0101jums, kas satur svar\u012bgas miner\u0101lvielas kalciju un magniju,","og_url":"https:\/\/cosmetic.lv\/lv\/product\/supercal-kalcijs-120gab\/","og_site_name":"cosmetic.lv","article_publisher":"https:\/\/www.facebook.com\/cosmetic.lv\/","article_modified_time":"2021-02-11T20:54:33+00:00","og_image":[{"width":148,"height":250,"url":"https:\/\/cosmetic.lv\/wp-content\/uploads\/2021\/02\/supercal-4.jpg","type":"image\/jpeg"}],"twitter_card":"summary_large_image","schema":{"@context":"https:\/\/schema.org","@graph":[{"@type":"WebPage","@id":"https:\/\/cosmetic.lv\/lv\/product\/supercal-kalcijs-120gab\/","url":"https:\/\/cosmetic.lv\/lv\/product\/supercal-kalcijs-120gab\/","name":"SUPERCAL (kalcijs) 120gab - cosmetic.lv","isPartOf":{"@id":"https:\/\/cosmetic.lv\/lv\/#website"},"primaryImageOfPage":{"@id":"https:\/\/cosmetic.lv\/lv\/product\/supercal-kalcijs-120gab\/#primaryimage"},"image":{"@id":"https:\/\/cosmetic.lv\/lv\/product\/supercal-kalcijs-120gab\/#primaryimage"},"thumbnailUrl":"https:\/\/cosmetic.lv\/wp-content\/uploads\/2021\/02\/supercal-4.jpg","datePublished":"2021-02-06T17:55:52+00:00","dateModified":"2021-02-11T20:54:33+00:00","breadcrumb":{"@id":"https:\/\/cosmetic.lv\/lv\/product\/supercal-kalcijs-120gab\/#breadcrumb"},"inLanguage":"lv-LV","potentialAction":[{"@type":"ReadAction","target":["https:\/\/cosmetic.lv\/lv\/product\/supercal-kalcijs-120gab\/"]}]},{"@type":"ImageObject","inLanguage":"lv-LV","@id":"https:\/\/cosmetic.lv\/lv\/product\/supercal-kalcijs-120gab\/#primaryimage","url":"https:\/\/cosmetic.lv\/wp-content\/uploads\/2021\/02\/supercal-4.jpg","contentUrl":"https:\/\/cosmetic.lv\/wp-content\/uploads\/2021\/02\/supercal-4.jpg","width":148,"height":250,"caption":"supercal.jpg"},{"@type":"BreadcrumbList","@id":"https:\/\/cosmetic.lv\/lv\/product\/supercal-kalcijs-120gab\/#breadcrumb","itemListElement":[{"@type":"ListItem","position":1,"name":"Home","item":"https:\/\/cosmetic.lv\/lv\/"},{"@type":"ListItem","position":2,"name":"Veikals","item":"https:\/\/cosmetic.lv\/lv\/veiklas\/"},{"@type":"ListItem","position":3,"name":"SUPERCAL (kalcijs) 120gab"}]},{"@type":"WebSite","@id":"https:\/\/cosmetic.lv\/lv\/#website","url":"https:\/\/cosmetic.lv\/lv\/","name":"cosmetic.lv","description":"Profesion\u0101la kosm\u0113tika - Maria Galland, Keune, Arkadija, GMT, Guam, Magiray","publisher":{"@id":"https:\/\/cosmetic.lv\/lv\/#organization"},"potentialAction":[{"@type":"SearchAction","target":{"@type":"EntryPoint","urlTemplate":"https:\/\/cosmetic.lv\/lv\/?s={search_term_string}"},"query-input":{"@type":"PropertyValueSpecification","valueRequired":true,"valueName":"search_term_string"}}],"inLanguage":"lv-LV"},{"@type":"Organization","@id":"https:\/\/cosmetic.lv\/lv\/#organization","name":"COSMETIC.LV","url":"https:\/\/cosmetic.lv\/lv\/","logo":{"@type":"ImageObject","inLanguage":"lv-LV","@id":"https:\/\/cosmetic.lv\/lv\/#\/schema\/logo\/image\/","url":"https:\/\/cosmetic.lv\/wp-content\/uploads\/2021\/02\/cosmetic.lv_logo.jpg","contentUrl":"https:\/\/cosmetic.lv\/wp-content\/uploads\/2021\/02\/cosmetic.lv_logo.jpg","width":596,"height":196,"caption":"COSMETIC.LV"},"image":{"@id":"https:\/\/cosmetic.lv\/lv\/#\/schema\/logo\/image\/"},"sameAs":["https:\/\/www.facebook.com\/cosmetic.lv\/"]}]},"product_price_amount":"51.24","product_price_currency":"EUR","og_availability":"instock","product_availability":"instock","product_retailer_item_id":"3244500","product_condition":"new"},"_links":{"self":[{"href":"https:\/\/cosmetic.lv\/lv\/wp-json\/wp\/v2\/product\/34658","targetHints":{"allow":["GET"]}}],"collection":[{"href":"https:\/\/cosmetic.lv\/lv\/wp-json\/wp\/v2\/product"}],"about":[{"href":"https:\/\/cosmetic.lv\/lv\/wp-json\/wp\/v2\/types\/product"}],"wp:featuredmedia":[{"embeddable":true,"href":"https:\/\/cosmetic.lv\/lv\/wp-json\/wp\/v2\/media\/17076"}],"wp:attachment":[{"href":"https:\/\/cosmetic.lv\/lv\/wp-json\/wp\/v2\/media?parent=34658"}],"wp:term":[{"taxonomy":"product_brand","embeddable":true,"href":"https:\/\/cosmetic.lv\/lv\/wp-json\/wp\/v2\/product_brand?post=34658"},{"taxonomy":"product_cat","embeddable":true,"href":"https:\/\/cosmetic.lv\/lv\/wp-json\/wp\/v2\/product_cat?post=34658"},{"taxonomy":"product_tag","embeddable":true,"href":"https:\/\/cosmetic.lv\/lv\/wp-json\/wp\/v2\/product_tag?post=34658"}],"curies":[{"name":"wp","href":"https:\/\/api.w.org\/{rel}","templated":true}]}}