{"id":34660,"date":"2021-02-05T22:43:42","date_gmt":"2021-02-06T17:55:52","guid":{"rendered":"https:\/\/damme.lv\/product\/antipapillom-gels-5-ml\/"},"modified":"2021-02-06T19:55:56","modified_gmt":"2021-02-06T17:55:56","slug":"antipapillom-gels-5-ml","status":"publish","type":"product","link":"https:\/\/cosmetic.lv\/lv\/product\/antipapillom-gels-5-ml\/","title":{"rendered":"Antipapillom gels 5 ml"},"content":{"rendered":"<p><!DOCTYPE html PUBLIC &quot;-\/\/W3C\/\/DTD XHTML 1.0 Transitional\/\/EN&quot; &quot;http:\/\/www.w3.org\/TR\/xhtml1\/DTD\/xhtml1-transitional.dtd&quot;><br \/>\n<html><br \/>\n<head><br \/>\n<title>Untitled document<\/title><br \/>\n<\/head><br \/>\n<body><\/p>\n<p>Pielieto&scaron;anas metode Gel ANTIPAPILLA tiek lietots uz pirms tvaic\u0113t\u0101m keratiniz\u0113t\u0101m \u0101d\u0101m ar aplikatoru pirms tum&scaron;\u0101kas kr\u0101sas. P\u0113c 1-2 dien\u0101m s\u0101kas skropstu \u0101das zonu lob\u012b&scaron;ana un 3-5. Dien\u0101 &#8211; \u0101das zonu att\u012br\u012b&scaron;ana. Liel\u0101kus keratiniz\u0113tus \u0101das rajonus ieteicams atk\u0101rtoti izdz\u0113st. Par kursu &#8211; 1-3-5 proced\u016bras.  \u012apa&scaron;as instrukcijas Neuzkl\u0101jiet \u017eeleju sejas kop&scaron;anai. Ne\u013caujiet \u017eelejai nok\u013c\u016bt vesel\u0101s viet\u0101s un g\u013cot\u0101d\u0101s. Ja ANTIPAPILLOS g\u0113ls non\u0101k vesel\u012bg\u0101 \u0101d\u0101, ieteicams skalot skarto zonu ar 10-15 min\u016b&scaron;u \u016bdens pl\u016bsmu, p\u0113c tam liofiliz\u0113t ar 5% citronsk\u0101bes &scaron;\u0137\u012bdumu. Ja nok\u013c\u016bst ac\u012bs, t\u016bl\u012bt\u0113ja, ilgsto&scaron;a skalo&scaron;ana ar \u016bdens str\u016bklu.  Apraksts K\u0101rpas un papillomas ir ne tikai negl\u012bts aug&scaron;ana uz \u0101das, bet, saska\u0146\u0101 ar psihologu, nenoteikt\u012bba par savu pievilc\u012bbu. Izgl\u012bt\u012bbas dati izskat\u0101s \u0101rk\u0101rt\u012bgi neeso&scaron;i. Turkl\u0101t papillomas, kur\u0101m ir &quot;k\u0101jas&quot;, ir pak\u013cauti traumatiz\u0101cijai ar iesp\u0113jam\u0101m negat\u012bv\u0101m sek\u0101m. Visi &scaron;ie faktori noved pie t\u0101, ka cilv\u0113ki v\u0113las p\u0113c iesp\u0113jas \u0101tr\u0101k atbr\u012bvoties no nepat\u012bkamiem augiem. \u0100trajai k\u0101rpu un papilomu iz\u0146em&scaron;anai m\u0101j\u012bg\u0101 vid\u0113 izveidoj\u0101s g\u0113ls ANTIPAPILLUM, kuram ir viet\u0113js lob\u012b&scaron;an\u0101s efekts. Ar ANTIPAPILLA gel pal\u012bdz\u012bbu j\u016bs varat efekt\u012bvi un \u0101tri no\u0146emt k\u0101rpas un papillomas bez pal\u012bdz\u012bbas.  Sast\u0101vs Destil\u0113ts \u016bdens, n\u0101trija hidroks\u012bds vai k\u0101lija hidroks\u012bds, gelants.<\/p>\n<p><\/body><br \/>\n<\/html><\/p>\n","protected":false},"excerpt":{"rendered":"<p>Untitled document Pielieto&scaron;anas metode Gel ANTIPAPILLA tiek lietots uz pirms tvaic\u0113t\u0101m keratiniz\u0113t\u0101m \u0101d\u0101m ar aplikatoru pirms tum&scaron;\u0101kas kr\u0101sas. P\u0113c 1-2<\/p>\n","protected":false},"featured_media":10649,"template":"","meta":[],"product_brand":[],"product_cat":[2200,2216,2221],"product_tag":[],"class_list":{"0":"post-34660","1":"product","2":"type-product","3":"status-publish","4":"has-post-thumbnail","6":"product_cat-skaistums-un-veseliba-lv","7":"product_cat-kermena-kopsana-lv","8":"product_cat-problemvietas-lv","10":"first","11":"outofstock","12":"taxable","13":"shipping-taxable","14":"purchasable","15":"product-type-simple"},"yoast_head":"<!-- This site is optimized with the Yoast SEO Premium plugin v27.0 (Yoast SEO v27.0) - https:\/\/yoast.com\/product\/yoast-seo-premium-wordpress\/ -->\n<title>Antipapillom gels 5 ml - cosmetic.lv<\/title>\n<meta name=\"robots\" content=\"index, follow, max-snippet:-1, max-image-preview:large, max-video-preview:-1\" \/>\n<link rel=\"canonical\" href=\"https:\/\/cosmetic.lv\/lv\/product\/antipapillom-gels-5-ml\/\" \/>\n<meta property=\"og:locale\" content=\"lv_LV\" \/>\n<meta property=\"og:type\" content=\"article\" \/>\n<meta property=\"og:title\" content=\"Antipapillom gels 5 ml\" \/>\n<meta property=\"og:description\" content=\"Untitled document Pielieto&scaron;anas metode Gel ANTIPAPILLA tiek lietots uz pirms tvaic\u0113t\u0101m keratiniz\u0113t\u0101m \u0101d\u0101m ar aplikatoru pirms tum&scaron;\u0101kas kr\u0101sas. P\u0113c 1-2\" \/>\n<meta property=\"og:url\" content=\"https:\/\/cosmetic.lv\/lv\/product\/antipapillom-gels-5-ml\/\" \/>\n<meta property=\"og:site_name\" content=\"cosmetic.lv\" \/>\n<meta property=\"article:publisher\" content=\"https:\/\/www.facebook.com\/cosmetic.lv\/\" \/>\n<meta property=\"article:modified_time\" content=\"2021-02-06T17:55:56+00:00\" \/>\n<meta property=\"og:image\" content=\"https:\/\/cosmetic.lv\/wp-content\/uploads\/2021\/02\/poygxpy3d5inzqjhjayhq.png\" \/>\n\t<meta property=\"og:image:width\" content=\"321\" \/>\n\t<meta property=\"og:image:height\" content=\"254\" \/>\n\t<meta property=\"og:image:type\" content=\"image\/png\" \/>\n<meta name=\"twitter:card\" content=\"summary_large_image\" \/>\n<script type=\"application\/ld+json\" class=\"yoast-schema-graph\">{\"@context\":\"https:\/\/schema.org\",\"@graph\":[{\"@type\":\"WebPage\",\"@id\":\"https:\/\/cosmetic.lv\/lv\/product\/antipapillom-gels-5-ml\/\",\"url\":\"https:\/\/cosmetic.lv\/lv\/product\/antipapillom-gels-5-ml\/\",\"name\":\"Antipapillom gels 5 ml - cosmetic.lv\",\"isPartOf\":{\"@id\":\"https:\/\/cosmetic.lv\/lv\/#website\"},\"primaryImageOfPage\":{\"@id\":\"https:\/\/cosmetic.lv\/lv\/product\/antipapillom-gels-5-ml\/#primaryimage\"},\"image\":{\"@id\":\"https:\/\/cosmetic.lv\/lv\/product\/antipapillom-gels-5-ml\/#primaryimage\"},\"thumbnailUrl\":\"https:\/\/cosmetic.lv\/wp-content\/uploads\/2021\/02\/poygxpy3d5inzqjhjayhq.png\",\"datePublished\":\"2021-02-06T17:55:52+00:00\",\"dateModified\":\"2021-02-06T17:55:56+00:00\",\"breadcrumb\":{\"@id\":\"https:\/\/cosmetic.lv\/lv\/product\/antipapillom-gels-5-ml\/#breadcrumb\"},\"inLanguage\":\"lv-LV\",\"potentialAction\":[{\"@type\":\"ReadAction\",\"target\":[\"https:\/\/cosmetic.lv\/lv\/product\/antipapillom-gels-5-ml\/\"]}]},{\"@type\":\"ImageObject\",\"inLanguage\":\"lv-LV\",\"@id\":\"https:\/\/cosmetic.lv\/lv\/product\/antipapillom-gels-5-ml\/#primaryimage\",\"url\":\"https:\/\/cosmetic.lv\/wp-content\/uploads\/2021\/02\/poygxpy3d5inzqjhjayhq.png\",\"contentUrl\":\"https:\/\/cosmetic.lv\/wp-content\/uploads\/2021\/02\/poygxpy3d5inzqjhjayhq.png\",\"width\":321,\"height\":254,\"caption\":\"pOygXpy3D5iNzQJHJAYhQ.png\"},{\"@type\":\"BreadcrumbList\",\"@id\":\"https:\/\/cosmetic.lv\/lv\/product\/antipapillom-gels-5-ml\/#breadcrumb\",\"itemListElement\":[{\"@type\":\"ListItem\",\"position\":1,\"name\":\"Home\",\"item\":\"https:\/\/cosmetic.lv\/lv\/\"},{\"@type\":\"ListItem\",\"position\":2,\"name\":\"Veikals\",\"item\":\"https:\/\/cosmetic.lv\/lv\/veiklas\/\"},{\"@type\":\"ListItem\",\"position\":3,\"name\":\"Antipapillom gels 5 ml\"}]},{\"@type\":\"WebSite\",\"@id\":\"https:\/\/cosmetic.lv\/lv\/#website\",\"url\":\"https:\/\/cosmetic.lv\/lv\/\",\"name\":\"cosmetic.lv\",\"description\":\"Profesion\u0101la kosm\u0113tika - Maria Galland, Keune, Arkadija, GMT, Guam, Magiray\",\"publisher\":{\"@id\":\"https:\/\/cosmetic.lv\/lv\/#organization\"},\"potentialAction\":[{\"@type\":\"SearchAction\",\"target\":{\"@type\":\"EntryPoint\",\"urlTemplate\":\"https:\/\/cosmetic.lv\/lv\/?s={search_term_string}\"},\"query-input\":{\"@type\":\"PropertyValueSpecification\",\"valueRequired\":true,\"valueName\":\"search_term_string\"}}],\"inLanguage\":\"lv-LV\"},{\"@type\":\"Organization\",\"@id\":\"https:\/\/cosmetic.lv\/lv\/#organization\",\"name\":\"COSMETIC.LV\",\"url\":\"https:\/\/cosmetic.lv\/lv\/\",\"logo\":{\"@type\":\"ImageObject\",\"inLanguage\":\"lv-LV\",\"@id\":\"https:\/\/cosmetic.lv\/lv\/#\/schema\/logo\/image\/\",\"url\":\"https:\/\/cosmetic.lv\/wp-content\/uploads\/2021\/02\/cosmetic.lv_logo.jpg\",\"contentUrl\":\"https:\/\/cosmetic.lv\/wp-content\/uploads\/2021\/02\/cosmetic.lv_logo.jpg\",\"width\":596,\"height\":196,\"caption\":\"COSMETIC.LV\"},\"image\":{\"@id\":\"https:\/\/cosmetic.lv\/lv\/#\/schema\/logo\/image\/\"},\"sameAs\":[\"https:\/\/www.facebook.com\/cosmetic.lv\/\"]}]}<\/script>\n<meta property=\"product:price:amount\" content=\"7.90\" \/>\n<meta property=\"product:price:currency\" content=\"EUR\" \/>\n<meta property=\"og:availability\" content=\"out of stock\" \/>\n<meta property=\"product:availability\" content=\"out of stock\" \/>\n<meta property=\"product:retailer_item_id\" content=\"antipal\" \/>\n<meta property=\"product:condition\" content=\"new\" \/>\n<!-- \/ Yoast SEO Premium plugin. -->","yoast_head_json":{"title":"Antipapillom gels 5 ml - cosmetic.lv","robots":{"index":"index","follow":"follow","max-snippet":"max-snippet:-1","max-image-preview":"max-image-preview:large","max-video-preview":"max-video-preview:-1"},"canonical":"https:\/\/cosmetic.lv\/lv\/product\/antipapillom-gels-5-ml\/","og_locale":"lv_LV","og_type":"article","og_title":"Antipapillom gels 5 ml","og_description":"Untitled document Pielieto&scaron;anas metode Gel ANTIPAPILLA tiek lietots uz pirms tvaic\u0113t\u0101m keratiniz\u0113t\u0101m \u0101d\u0101m ar aplikatoru pirms tum&scaron;\u0101kas kr\u0101sas. P\u0113c 1-2","og_url":"https:\/\/cosmetic.lv\/lv\/product\/antipapillom-gels-5-ml\/","og_site_name":"cosmetic.lv","article_publisher":"https:\/\/www.facebook.com\/cosmetic.lv\/","article_modified_time":"2021-02-06T17:55:56+00:00","og_image":[{"width":321,"height":254,"url":"https:\/\/cosmetic.lv\/wp-content\/uploads\/2021\/02\/poygxpy3d5inzqjhjayhq.png","type":"image\/png"}],"twitter_card":"summary_large_image","schema":{"@context":"https:\/\/schema.org","@graph":[{"@type":"WebPage","@id":"https:\/\/cosmetic.lv\/lv\/product\/antipapillom-gels-5-ml\/","url":"https:\/\/cosmetic.lv\/lv\/product\/antipapillom-gels-5-ml\/","name":"Antipapillom gels 5 ml - cosmetic.lv","isPartOf":{"@id":"https:\/\/cosmetic.lv\/lv\/#website"},"primaryImageOfPage":{"@id":"https:\/\/cosmetic.lv\/lv\/product\/antipapillom-gels-5-ml\/#primaryimage"},"image":{"@id":"https:\/\/cosmetic.lv\/lv\/product\/antipapillom-gels-5-ml\/#primaryimage"},"thumbnailUrl":"https:\/\/cosmetic.lv\/wp-content\/uploads\/2021\/02\/poygxpy3d5inzqjhjayhq.png","datePublished":"2021-02-06T17:55:52+00:00","dateModified":"2021-02-06T17:55:56+00:00","breadcrumb":{"@id":"https:\/\/cosmetic.lv\/lv\/product\/antipapillom-gels-5-ml\/#breadcrumb"},"inLanguage":"lv-LV","potentialAction":[{"@type":"ReadAction","target":["https:\/\/cosmetic.lv\/lv\/product\/antipapillom-gels-5-ml\/"]}]},{"@type":"ImageObject","inLanguage":"lv-LV","@id":"https:\/\/cosmetic.lv\/lv\/product\/antipapillom-gels-5-ml\/#primaryimage","url":"https:\/\/cosmetic.lv\/wp-content\/uploads\/2021\/02\/poygxpy3d5inzqjhjayhq.png","contentUrl":"https:\/\/cosmetic.lv\/wp-content\/uploads\/2021\/02\/poygxpy3d5inzqjhjayhq.png","width":321,"height":254,"caption":"pOygXpy3D5iNzQJHJAYhQ.png"},{"@type":"BreadcrumbList","@id":"https:\/\/cosmetic.lv\/lv\/product\/antipapillom-gels-5-ml\/#breadcrumb","itemListElement":[{"@type":"ListItem","position":1,"name":"Home","item":"https:\/\/cosmetic.lv\/lv\/"},{"@type":"ListItem","position":2,"name":"Veikals","item":"https:\/\/cosmetic.lv\/lv\/veiklas\/"},{"@type":"ListItem","position":3,"name":"Antipapillom gels 5 ml"}]},{"@type":"WebSite","@id":"https:\/\/cosmetic.lv\/lv\/#website","url":"https:\/\/cosmetic.lv\/lv\/","name":"cosmetic.lv","description":"Profesion\u0101la kosm\u0113tika - Maria Galland, Keune, Arkadija, GMT, Guam, Magiray","publisher":{"@id":"https:\/\/cosmetic.lv\/lv\/#organization"},"potentialAction":[{"@type":"SearchAction","target":{"@type":"EntryPoint","urlTemplate":"https:\/\/cosmetic.lv\/lv\/?s={search_term_string}"},"query-input":{"@type":"PropertyValueSpecification","valueRequired":true,"valueName":"search_term_string"}}],"inLanguage":"lv-LV"},{"@type":"Organization","@id":"https:\/\/cosmetic.lv\/lv\/#organization","name":"COSMETIC.LV","url":"https:\/\/cosmetic.lv\/lv\/","logo":{"@type":"ImageObject","inLanguage":"lv-LV","@id":"https:\/\/cosmetic.lv\/lv\/#\/schema\/logo\/image\/","url":"https:\/\/cosmetic.lv\/wp-content\/uploads\/2021\/02\/cosmetic.lv_logo.jpg","contentUrl":"https:\/\/cosmetic.lv\/wp-content\/uploads\/2021\/02\/cosmetic.lv_logo.jpg","width":596,"height":196,"caption":"COSMETIC.LV"},"image":{"@id":"https:\/\/cosmetic.lv\/lv\/#\/schema\/logo\/image\/"},"sameAs":["https:\/\/www.facebook.com\/cosmetic.lv\/"]}]},"product_price_amount":"7.90","product_price_currency":"EUR","og_availability":"out of stock","product_availability":"out of stock","product_retailer_item_id":"antipal","product_condition":"new"},"_links":{"self":[{"href":"https:\/\/cosmetic.lv\/lv\/wp-json\/wp\/v2\/product\/34660","targetHints":{"allow":["GET"]}}],"collection":[{"href":"https:\/\/cosmetic.lv\/lv\/wp-json\/wp\/v2\/product"}],"about":[{"href":"https:\/\/cosmetic.lv\/lv\/wp-json\/wp\/v2\/types\/product"}],"wp:featuredmedia":[{"embeddable":true,"href":"https:\/\/cosmetic.lv\/lv\/wp-json\/wp\/v2\/media\/10649"}],"wp:attachment":[{"href":"https:\/\/cosmetic.lv\/lv\/wp-json\/wp\/v2\/media?parent=34660"}],"wp:term":[{"taxonomy":"product_brand","embeddable":true,"href":"https:\/\/cosmetic.lv\/lv\/wp-json\/wp\/v2\/product_brand?post=34660"},{"taxonomy":"product_cat","embeddable":true,"href":"https:\/\/cosmetic.lv\/lv\/wp-json\/wp\/v2\/product_cat?post=34660"},{"taxonomy":"product_tag","embeddable":true,"href":"https:\/\/cosmetic.lv\/lv\/wp-json\/wp\/v2\/product_tag?post=34660"}],"curies":[{"name":"wp","href":"https:\/\/api.w.org\/{rel}","templated":true}]}}