{"id":34663,"date":"2021-02-05T22:43:42","date_gmt":"2021-02-06T17:55:52","guid":{"rendered":"https:\/\/damme.lv\/product\/yl-clary-sage-15ml\/"},"modified":"2021-02-11T22:53:16","modified_gmt":"2021-02-11T20:53:16","slug":"yl-clary-sage-15ml","status":"publish","type":"product","link":"https:\/\/cosmetic.lv\/lv\/product\/yl-clary-sage-15ml\/","title":{"rendered":"YL CLARY SAGE 15ml"},"content":{"rendered":"<p>Clary Sage. Salvia sclarea.<br \/>\n\u00a0Par jauno dz\u012bvi<\/p>\n<p>\u00a0Sage Muscat<br \/>\n\u00a0Bot\u0101nisk\u0101 \u0123imene: Lamiaceae (Labiate)<\/p>\n<p>\u00a0Izcelsmes valsts: Juta (ASV), Francija<\/p>\n<p>\u00a0Akt\u012bv\u0101s vielas:<\/p>\n<p>Linalila acet\u0101ts (56-78%)<br \/>\nLinalols (7-24%)<br \/>\nGermakr\u0113ns D (2-12%)<br \/>\nSclareol (4-3%)<br \/>\n\u00a0\u00a0V\u0113sturisk\u0101 inform\u0101cija: v\u0101rds &quot;gudrais&quot; n\u0101k no lat\u012b\u0146u v\u0101rda &quot;salvere&quot; un noz\u012bm\u0113 &quot;, lai dzied\u0113t vai saglab\u0101t.&quot; Viduslaikos CLARY sauc par &quot;att\u012br\u012b\u0161ana ac\u012bm&quot;, br\u012bd\u012b inf\u016bzijas no s\u0113kl\u0101m, ko izmanto, lai \u0101rst\u0113tu acu slim\u012bb\u0101m.<\/p>\n<p>Clary jau sen izmanto, lai veicin\u0101tu sievie\u0161u probl\u0113mas, kas saist\u012btas ar p\u0101rk\u0101pumu menstru\u0101l\u0101 cikla laik\u0101.<\/p>\n<p>\u00a0\u00a0Kad \u0161is augs satur Sclareol &#8211; diterp\u0113na spirtu, pamatojoties uz to \u0137\u012bmisko strukt\u016bru, ir \u013coti l\u012bdz\u012bgi hormoniem ra\u017eoti cilv\u0113ka organism\u0101. T\u0101d\u0113j\u0101di, muskatsalvijas stimul\u0113 j\u016bsu organismam ra\u017eot vair\u0101k hormonu, l\u012bdzsvarojot v\u012brie\u0161u un sievie\u0161u hormon\u0101lo sist\u0113mu.<\/p>\n<p>\u00a0\u0100rstnieciskas \u012bpa\u0161\u012bbas: antigoagulyant, antioksidanta, pretkrampju, prets\u0113n\u012b\u0161u, antiseptiska, spazmol\u012btiskais, sedat\u012bviem, pretdiab\u0113ta, pretaudz\u0113ju, caureju, pazemina holester\u012bna l\u012bmeni, atjaunojot estrog\u0113nu, dabas mitrino\u0161i.<\/p>\n<p>\u00a0\u00a0Matu aug\u0161anas un to zaud\u0113jumu p\u0101rk\u0101pums bie\u017ei ir hormon\u0101ls. Clary veicina estrog\u0113nu l\u012bdzsvaru, t\u0101d\u0113j\u0101di nov\u0113r\u0161ot sabiez\u0113\u0161anu membr\u0101nas ap matu folikulu. Galu gal\u0101, membr\u0101nas audu sabiez\u0113\u0161ana izraisa matu izkri\u0161anu.<\/p>\n<p>\u00a0\u00a0Kura no slim\u012bb\u0101m izmantot: leik\u0113mija, menstru\u0101ciju probl\u0113mas, PMS, hormon\u0101li trauc\u0113jumi, hormonu nel\u012bdzsvarot\u012bbu, menopauze, impotence, augsts holester\u012bna l\u012bmenis, asinsrites trauc\u0113jumi, bronh\u012bts, saaukst\u0113\u0161an\u0101s, elpo\u0161anas ce\u013cu infekcijas, hemoro\u012bdi, nieru slim\u012bbas, matu izkri\u0161ana, grumbas, e\u013c\u013caina \u0101da, izbal\u0113jis \u0101da, p\u016bt\u012btes, p\u016bt\u012btes, sv\u012b\u0161ana bezmiegs.<\/p>\n<p>\u00a0\u00a0Gar\u012bg\u0101 un emocion\u0101l\u0101 ietekme: Palielina sp\u0113ju sap\u0146ot, nomierina, mazina stresu. Ir svar\u012bgi p\u0101rdom\u0101t nomierin\u0101ties, tad haoss atst\u0101j, domas pl\u016bst viegli, un m\u0113s varam b\u016bt vair\u0101k inform\u0113ti, lai var\u0113tu pie\u0146emt pareizus l\u0113mumus.<\/p>\n<p>\u00a0\u00a0Ietekme uz pr\u0101tu: nomierina pr\u0101tu, padara domu skaidr\u012bbu.<\/p>\n<p>\u00a0\u00a0ORAC: 221,000 \u03bcTE \/ 100g<\/p>\n<p>\u00a0Kas ir ORAC? ORAC &#8211; ir sk\u0101bek\u013ca Radical absorbcijas diapazon\u0101 pas\u0101kumiem jaudas sp\u0113ju antioksidantiem vai absorb\u0113 br\u012bvos radik\u0101\u013cus. Vienk\u0101r\u0161\u0101 valod\u0101, tas noz\u012bm\u0113, ka zin\u0101tnisko j\u0113dzienu cik labi viela pal\u012bdz manu \u0137ermeni, lai risin\u0101tu ar t\u0101diem trauc\u0113jumiem, k\u0101 v\u0113zis, sirds un asinsvadu slim\u012bb\u0101m, hronisk\u0101m slim\u012bb\u0101m, org\u0101nos un audos. T\u0101 tika ieviesta p\u0113tnieki no Valsts instit\u016bta Noveco\u0161ana pie National Institutes of Health (NIH) Baltimore, ASV.<\/p>\n<p>Ra\u017eo\u0161anas metode: tvaiku destil\u0101cija no ziedaugiem<\/p>\n<p>\u00a0Lieto\u0161ana un doz\u0113\u0161ana:<\/p>\n<p>m\u0113s \u0161\u0137irties 1: 1 ar augu e\u013c\u013cu vai ar e\u013c\u013cu V-6<br \/>\ne\u013c\u013ca tiek uzskat\u012bta par dro\u0161u (GRAS) iek\u0161\u0113jai lieto\u0161anai FDA<br \/>\nPiesakies 1-3 pilieni uz boj\u0101t\u0101s -nanesti 2-3 pilieni uz p\u0113du, pot\u012b\u0161u, plaukstas,<br \/>\nPMS laik\u0101 lietojiet 6-8 pilienus muguras lejasda\u013c\u0101<br \/>\niek\u0161\u0137\u012bgai lieto\u0161anai, ievietojiet kapsul\u0101 2 reizes dien\u0101, ja nepiecie\u0161ams<br \/>\nattiecas uz Vita Flex punktiem<br \/>\nmas\u0101\u017e\u0101 Raindrop Technique &#8211; e\u013c\u013cu piem\u0113ro\u0161ana p\u0113c sl\u0101\u0146a<br \/>\nieelpot no plaukst\u0101m vai no pudeles &#8211;<br \/>\n5-8 pilieni Diffusor\u0101, 30 min\u016btes 3 reizes dien\u0101 vai p\u0113c nepiecie\u0161am\u012bbas<br \/>\nvann\u0101 5-6 pilienus uz emulgatora<br \/>\nKosm\u0113tikas bag\u0101tin\u0101\u0161ana: 2 pilieni uz 10 ml pamatnes<br \/>\nIzmantojiet m\u0101jdz\u012bvniekiem: j\u0101, j\u016bs varat, bet ar lielu audz\u0113\u0161anu. Man pat\u012bk, lai padar\u012btu izmantot Sage mais\u012bjumos, \u0161eit ir viens no tiem &#8211; n\u0101kotn\u0113.<\/p>\n<p>\u00a0Da\u017eas e\u013c\u013cas var b\u016bt \u013coti toksiskas ka\u0137iem. Tie ietver citrusaug\u013cu e\u013c\u013cas, kas nav terapeitiskas kvalit\u0101tes! L\u016bdzu, sazinieties ar savu veterin\u0101r\u0101rstu, ja neesat p\u0101rliecin\u0101ts, vai varat izmantot \u0113terisk\u0101s e\u013c\u013cas, lai j\u016bsu pet.<\/p>\n<p>\u00a0Piesardz\u012bbas pas\u0101kumi:<\/p>\n<p>Izmantojiet tikai terapeitisku e\u013c\u013cu<br \/>\nm\u0113s \u0161\u0137irties 1: 1 ar augu e\u013c\u013cu vai ar e\u013c\u013cu V-6<br \/>\ne\u013c\u013ca tiek uzskat\u012bta par dro\u0161u (GRAS) iek\u0161\u0113jai lieto\u0161anai FDA<br \/>\nB\u0113rniem l\u012bdz 6 gadu vecumam nevajadz\u0113tu lietot e\u013c\u013cu k\u0101 p\u0101rtikas piedevu<br \/>\ngr\u016btniec\u0113m j\u0101b\u016bt uzman\u012bg\u0101m<br \/>\nja uzkl\u0101j uz \u0101das t\u012br\u0101 form\u0101, reakcija ir neitr\u0101la<br \/>\nnosl\u0113gt\u0101 iepakojuma der\u012bguma termi\u0146\u0161 nav ierobe\u017eots<br \/>\n\u0112terisk\u0101 e\u013c\u013ca muskatsalvijas ir biedrs: Cel-Lite Magic Mas\u0101\u017eas e\u013c\u013cas, CortiStop Sievie\u0161u, Dragon Laiks, P\u016b\u0137u Time Bath &#038; du\u0161as \u017eeleja, Dragon Time Mas\u0101\u017eas e\u013c\u013ca, EndoGize, ESTRO, vakara Miera Bath &#038; du\u0161as \u017eeleja, FemiGen, n\u0101kotn\u0113, Lady Sclareol, lavanda Volume Kondicionieris, lavanda Volume Shampoo, Prenolone Plus kr\u0113ms \u0137ermenim, SclarEssence.<\/p>\n<p>\u00a0Papildu \u0113terisk\u0101s e\u013c\u013cas: limett, ro\u017eu, \u0123er\u0101nijas, palisandrs, Neroli Petit Grain, bergamotes, Bigard, priede, krustnagli\u0146as, kan\u0113li, muskatriekstu un citronellas, lavanda, an\u012bss, apels\u012bnu, izops, ciedra, mir\u0161u, pa\u010d\u016blijas, v\u012braks, melna pipari, rozmar\u012bns, citronz\u0101le.<\/p>\n","protected":false},"excerpt":{"rendered":"<p>Clary Sage. Salvia sclarea. \u00a0Par jauno dz\u012bvi \u00a0Sage Muscat \u00a0Bot\u0101nisk\u0101 \u0123imene: Lamiaceae (Labiate) \u00a0Izcelsmes valsts: Juta (ASV), Francija \u00a0Akt\u012bv\u0101s vielas:<\/p>\n","protected":false},"featured_media":17089,"template":"","meta":[],"product_brand":[],"product_cat":[2186,2193],"product_tag":[],"class_list":{"0":"post-34663","1":"product","2":"type-product","3":"status-publish","4":"has-post-thumbnail","6":"product_cat-young-living-eteriskas-ellas-un-kosmetika-augstas-kvalitates","7":"product_cat-eteriskas-ellas-lv","9":"first","10":"instock","11":"taxable","12":"shipping-taxable","13":"purchasable","14":"product-type-simple"},"yoast_head":"<!-- This site is optimized with the Yoast SEO Premium plugin v27.0 (Yoast SEO v27.0) - https:\/\/yoast.com\/product\/yoast-seo-premium-wordpress\/ -->\n<title>YL CLARY SAGE 15ml - cosmetic.lv<\/title>\n<meta name=\"robots\" content=\"index, follow, max-snippet:-1, max-image-preview:large, max-video-preview:-1\" \/>\n<link rel=\"canonical\" href=\"https:\/\/cosmetic.lv\/lv\/product\/yl-clary-sage-15ml\/\" \/>\n<meta property=\"og:locale\" content=\"lv_LV\" \/>\n<meta property=\"og:type\" content=\"article\" \/>\n<meta property=\"og:title\" content=\"YL CLARY SAGE 15ml\" \/>\n<meta property=\"og:description\" content=\"Clary Sage. Salvia sclarea. \u00a0Par jauno dz\u012bvi \u00a0Sage Muscat \u00a0Bot\u0101nisk\u0101 \u0123imene: Lamiaceae (Labiate) \u00a0Izcelsmes valsts: Juta (ASV), Francija \u00a0Akt\u012bv\u0101s vielas:\" \/>\n<meta property=\"og:url\" content=\"https:\/\/cosmetic.lv\/lv\/product\/yl-clary-sage-15ml\/\" \/>\n<meta property=\"og:site_name\" content=\"cosmetic.lv\" \/>\n<meta property=\"article:publisher\" content=\"https:\/\/www.facebook.com\/cosmetic.lv\/\" \/>\n<meta property=\"article:modified_time\" content=\"2021-02-11T20:53:16+00:00\" \/>\n<meta property=\"og:image\" content=\"https:\/\/cosmetic.lv\/wp-content\/uploads\/2021\/02\/clery-sages-4.jpg\" \/>\n\t<meta property=\"og:image:width\" content=\"100\" \/>\n\t<meta property=\"og:image:height\" content=\"240\" \/>\n\t<meta property=\"og:image:type\" content=\"image\/jpeg\" \/>\n<meta name=\"twitter:card\" content=\"summary_large_image\" \/>\n<script type=\"application\/ld+json\" class=\"yoast-schema-graph\">{\"@context\":\"https:\/\/schema.org\",\"@graph\":[{\"@type\":\"WebPage\",\"@id\":\"https:\/\/cosmetic.lv\/lv\/product\/yl-clary-sage-15ml\/\",\"url\":\"https:\/\/cosmetic.lv\/lv\/product\/yl-clary-sage-15ml\/\",\"name\":\"YL CLARY SAGE 15ml - cosmetic.lv\",\"isPartOf\":{\"@id\":\"https:\/\/cosmetic.lv\/lv\/#website\"},\"primaryImageOfPage\":{\"@id\":\"https:\/\/cosmetic.lv\/lv\/product\/yl-clary-sage-15ml\/#primaryimage\"},\"image\":{\"@id\":\"https:\/\/cosmetic.lv\/lv\/product\/yl-clary-sage-15ml\/#primaryimage\"},\"thumbnailUrl\":\"https:\/\/cosmetic.lv\/wp-content\/uploads\/2021\/02\/clery-sages-4.jpg\",\"datePublished\":\"2021-02-06T17:55:52+00:00\",\"dateModified\":\"2021-02-11T20:53:16+00:00\",\"breadcrumb\":{\"@id\":\"https:\/\/cosmetic.lv\/lv\/product\/yl-clary-sage-15ml\/#breadcrumb\"},\"inLanguage\":\"lv-LV\",\"potentialAction\":[{\"@type\":\"ReadAction\",\"target\":[\"https:\/\/cosmetic.lv\/lv\/product\/yl-clary-sage-15ml\/\"]}]},{\"@type\":\"ImageObject\",\"inLanguage\":\"lv-LV\",\"@id\":\"https:\/\/cosmetic.lv\/lv\/product\/yl-clary-sage-15ml\/#primaryimage\",\"url\":\"https:\/\/cosmetic.lv\/wp-content\/uploads\/2021\/02\/clery-sages-4.jpg\",\"contentUrl\":\"https:\/\/cosmetic.lv\/wp-content\/uploads\/2021\/02\/clery-sages-4.jpg\",\"width\":100,\"height\":240,\"caption\":\"clery-sages.jpg\"},{\"@type\":\"BreadcrumbList\",\"@id\":\"https:\/\/cosmetic.lv\/lv\/product\/yl-clary-sage-15ml\/#breadcrumb\",\"itemListElement\":[{\"@type\":\"ListItem\",\"position\":1,\"name\":\"Home\",\"item\":\"https:\/\/cosmetic.lv\/lv\/\"},{\"@type\":\"ListItem\",\"position\":2,\"name\":\"Veikals\",\"item\":\"https:\/\/cosmetic.lv\/lv\/veiklas\/\"},{\"@type\":\"ListItem\",\"position\":3,\"name\":\"YL CLARY SAGE 15ml\"}]},{\"@type\":\"WebSite\",\"@id\":\"https:\/\/cosmetic.lv\/lv\/#website\",\"url\":\"https:\/\/cosmetic.lv\/lv\/\",\"name\":\"cosmetic.lv\",\"description\":\"Profesion\u0101la kosm\u0113tika - Maria Galland, Keune, Arkadija, GMT, Guam, Magiray\",\"publisher\":{\"@id\":\"https:\/\/cosmetic.lv\/lv\/#organization\"},\"potentialAction\":[{\"@type\":\"SearchAction\",\"target\":{\"@type\":\"EntryPoint\",\"urlTemplate\":\"https:\/\/cosmetic.lv\/lv\/?s={search_term_string}\"},\"query-input\":{\"@type\":\"PropertyValueSpecification\",\"valueRequired\":true,\"valueName\":\"search_term_string\"}}],\"inLanguage\":\"lv-LV\"},{\"@type\":\"Organization\",\"@id\":\"https:\/\/cosmetic.lv\/lv\/#organization\",\"name\":\"COSMETIC.LV\",\"url\":\"https:\/\/cosmetic.lv\/lv\/\",\"logo\":{\"@type\":\"ImageObject\",\"inLanguage\":\"lv-LV\",\"@id\":\"https:\/\/cosmetic.lv\/lv\/#\/schema\/logo\/image\/\",\"url\":\"https:\/\/cosmetic.lv\/wp-content\/uploads\/2021\/02\/cosmetic.lv_logo.jpg\",\"contentUrl\":\"https:\/\/cosmetic.lv\/wp-content\/uploads\/2021\/02\/cosmetic.lv_logo.jpg\",\"width\":596,\"height\":196,\"caption\":\"COSMETIC.LV\"},\"image\":{\"@id\":\"https:\/\/cosmetic.lv\/lv\/#\/schema\/logo\/image\/\"},\"sameAs\":[\"https:\/\/www.facebook.com\/cosmetic.lv\/\"]}]}<\/script>\n<meta property=\"product:price:amount\" content=\"92.54\" \/>\n<meta property=\"product:price:currency\" content=\"EUR\" \/>\n<meta property=\"og:availability\" content=\"instock\" \/>\n<meta property=\"product:availability\" content=\"instock\" \/>\n<meta property=\"product:retailer_item_id\" content=\"352108\" \/>\n<meta property=\"product:condition\" content=\"new\" \/>\n<!-- \/ Yoast SEO Premium plugin. -->","yoast_head_json":{"title":"YL CLARY SAGE 15ml - cosmetic.lv","robots":{"index":"index","follow":"follow","max-snippet":"max-snippet:-1","max-image-preview":"max-image-preview:large","max-video-preview":"max-video-preview:-1"},"canonical":"https:\/\/cosmetic.lv\/lv\/product\/yl-clary-sage-15ml\/","og_locale":"lv_LV","og_type":"article","og_title":"YL CLARY SAGE 15ml","og_description":"Clary Sage. Salvia sclarea. \u00a0Par jauno dz\u012bvi \u00a0Sage Muscat \u00a0Bot\u0101nisk\u0101 \u0123imene: Lamiaceae (Labiate) \u00a0Izcelsmes valsts: Juta (ASV), Francija \u00a0Akt\u012bv\u0101s vielas:","og_url":"https:\/\/cosmetic.lv\/lv\/product\/yl-clary-sage-15ml\/","og_site_name":"cosmetic.lv","article_publisher":"https:\/\/www.facebook.com\/cosmetic.lv\/","article_modified_time":"2021-02-11T20:53:16+00:00","og_image":[{"width":100,"height":240,"url":"https:\/\/cosmetic.lv\/wp-content\/uploads\/2021\/02\/clery-sages-4.jpg","type":"image\/jpeg"}],"twitter_card":"summary_large_image","schema":{"@context":"https:\/\/schema.org","@graph":[{"@type":"WebPage","@id":"https:\/\/cosmetic.lv\/lv\/product\/yl-clary-sage-15ml\/","url":"https:\/\/cosmetic.lv\/lv\/product\/yl-clary-sage-15ml\/","name":"YL CLARY SAGE 15ml - cosmetic.lv","isPartOf":{"@id":"https:\/\/cosmetic.lv\/lv\/#website"},"primaryImageOfPage":{"@id":"https:\/\/cosmetic.lv\/lv\/product\/yl-clary-sage-15ml\/#primaryimage"},"image":{"@id":"https:\/\/cosmetic.lv\/lv\/product\/yl-clary-sage-15ml\/#primaryimage"},"thumbnailUrl":"https:\/\/cosmetic.lv\/wp-content\/uploads\/2021\/02\/clery-sages-4.jpg","datePublished":"2021-02-06T17:55:52+00:00","dateModified":"2021-02-11T20:53:16+00:00","breadcrumb":{"@id":"https:\/\/cosmetic.lv\/lv\/product\/yl-clary-sage-15ml\/#breadcrumb"},"inLanguage":"lv-LV","potentialAction":[{"@type":"ReadAction","target":["https:\/\/cosmetic.lv\/lv\/product\/yl-clary-sage-15ml\/"]}]},{"@type":"ImageObject","inLanguage":"lv-LV","@id":"https:\/\/cosmetic.lv\/lv\/product\/yl-clary-sage-15ml\/#primaryimage","url":"https:\/\/cosmetic.lv\/wp-content\/uploads\/2021\/02\/clery-sages-4.jpg","contentUrl":"https:\/\/cosmetic.lv\/wp-content\/uploads\/2021\/02\/clery-sages-4.jpg","width":100,"height":240,"caption":"clery-sages.jpg"},{"@type":"BreadcrumbList","@id":"https:\/\/cosmetic.lv\/lv\/product\/yl-clary-sage-15ml\/#breadcrumb","itemListElement":[{"@type":"ListItem","position":1,"name":"Home","item":"https:\/\/cosmetic.lv\/lv\/"},{"@type":"ListItem","position":2,"name":"Veikals","item":"https:\/\/cosmetic.lv\/lv\/veiklas\/"},{"@type":"ListItem","position":3,"name":"YL CLARY SAGE 15ml"}]},{"@type":"WebSite","@id":"https:\/\/cosmetic.lv\/lv\/#website","url":"https:\/\/cosmetic.lv\/lv\/","name":"cosmetic.lv","description":"Profesion\u0101la kosm\u0113tika - Maria Galland, Keune, Arkadija, GMT, Guam, Magiray","publisher":{"@id":"https:\/\/cosmetic.lv\/lv\/#organization"},"potentialAction":[{"@type":"SearchAction","target":{"@type":"EntryPoint","urlTemplate":"https:\/\/cosmetic.lv\/lv\/?s={search_term_string}"},"query-input":{"@type":"PropertyValueSpecification","valueRequired":true,"valueName":"search_term_string"}}],"inLanguage":"lv-LV"},{"@type":"Organization","@id":"https:\/\/cosmetic.lv\/lv\/#organization","name":"COSMETIC.LV","url":"https:\/\/cosmetic.lv\/lv\/","logo":{"@type":"ImageObject","inLanguage":"lv-LV","@id":"https:\/\/cosmetic.lv\/lv\/#\/schema\/logo\/image\/","url":"https:\/\/cosmetic.lv\/wp-content\/uploads\/2021\/02\/cosmetic.lv_logo.jpg","contentUrl":"https:\/\/cosmetic.lv\/wp-content\/uploads\/2021\/02\/cosmetic.lv_logo.jpg","width":596,"height":196,"caption":"COSMETIC.LV"},"image":{"@id":"https:\/\/cosmetic.lv\/lv\/#\/schema\/logo\/image\/"},"sameAs":["https:\/\/www.facebook.com\/cosmetic.lv\/"]}]},"product_price_amount":"92.54","product_price_currency":"EUR","og_availability":"instock","product_availability":"instock","product_retailer_item_id":"352108","product_condition":"new"},"_links":{"self":[{"href":"https:\/\/cosmetic.lv\/lv\/wp-json\/wp\/v2\/product\/34663","targetHints":{"allow":["GET"]}}],"collection":[{"href":"https:\/\/cosmetic.lv\/lv\/wp-json\/wp\/v2\/product"}],"about":[{"href":"https:\/\/cosmetic.lv\/lv\/wp-json\/wp\/v2\/types\/product"}],"wp:featuredmedia":[{"embeddable":true,"href":"https:\/\/cosmetic.lv\/lv\/wp-json\/wp\/v2\/media\/17089"}],"wp:attachment":[{"href":"https:\/\/cosmetic.lv\/lv\/wp-json\/wp\/v2\/media?parent=34663"}],"wp:term":[{"taxonomy":"product_brand","embeddable":true,"href":"https:\/\/cosmetic.lv\/lv\/wp-json\/wp\/v2\/product_brand?post=34663"},{"taxonomy":"product_cat","embeddable":true,"href":"https:\/\/cosmetic.lv\/lv\/wp-json\/wp\/v2\/product_cat?post=34663"},{"taxonomy":"product_tag","embeddable":true,"href":"https:\/\/cosmetic.lv\/lv\/wp-json\/wp\/v2\/product_tag?post=34663"}],"curies":[{"name":"wp","href":"https:\/\/api.w.org\/{rel}","templated":true}]}}