{"id":34664,"date":"2021-02-05T22:43:52","date_gmt":"2021-02-06T17:56:01","guid":{"rendered":"https:\/\/damme.lv\/product\/yl-clove-nelke-15ml\/"},"modified":"2021-02-11T22:53:12","modified_gmt":"2021-02-11T20:53:12","slug":"yl-clove-nelke-15ml","status":"publish","type":"product","link":"https:\/\/cosmetic.lv\/lv\/product\/yl-clove-nelke-15ml\/","title":{"rendered":"YL CLOVE NE\u013b\u0136E 15ml"},"content":{"rendered":"<p>Krustnagli\u0146a. Syzygium aromaticum.<br \/>\n\u00a0Par jauno dz\u012bvi<\/p>\n<p>\u00a0Ne\u013c\u0137es<br \/>\n\u00a0Bot\u0101nisk\u0101 \u0123imene: Oleaceae (ol\u012bvu)<\/p>\n<p>\u00a0Izcelsmes valsts: Madagaskara, Spicy Islands<\/p>\n<p>\u00a0Akt\u012bv\u0101s vielas:<\/p>\n<p>Eugenols (75-87%)<br \/>\nEugenola acet\u0101ts (8-15%)<br \/>\nBeta-karofil\u0113ns (2-7%)<br \/>\n\u00a0V\u0113sturisk\u0101 inform\u0101cija: Ne\u013c\u0137\u0113jums attiecas uz sen\u0101kaj\u0101m un slaven\u0101kaj\u0101m gar\u0161viel\u0101m. Tas jau sen tiek izmantots \u0136\u012bn\u0101, Indij\u0101, Indon\u0113zij\u0101. Pat tad, t\u0101 \u0113terisk\u0101 e\u013c\u013ca tiek izmantota zarnu infekcijas, gremo\u0161anas trauc\u0113jumi, un zobu s\u0101p\u0113m. Apraksts Krustnagli\u0146u e\u013c\u013ca ir ietverts gr\u0101mat\u0101 Hildegarde no Bingenas (1098-1179), pirm\u0101 Ziedu un naturopath viduslaikos. Vi\u0146as gr\u0101mat\u0101 aprakst\u012bti vair\u0101k nek\u0101 12 000 l\u012bdzek\u013cu no da\u017e\u0101d\u0101m slim\u012bb\u0101m. B 16.gs., holandie\u0161u, uzvara Moluccas, samazin\u0101t visus daivi\u0146a kokus, un nekav\u0113joties s\u0101ka daudzas epid\u0113mijas viet\u0113jo iedz\u012bvot\u0101ju vid\u016b. Krustnagli\u0146u \u0113terisk\u0101 e\u013c\u013ca bija da\u013ca no &quot;Marse\u013cas Eti\u0137is&quot; vai &quot;\u010detru zag\u013cu eti\u0137i&quot; kotorory kapu laup\u012bt\u0101ji izmanto aizsardz\u012bbai no m\u0113ra 15. gs.<\/p>\n<p>\u00a0J\u016bs b\u016bsiet p\u0101rsteigti, cik sp\u0113c\u012bga krustnagli\u0146u e\u013c\u013ca c\u012bn\u0101s ar infekciju!<\/p>\n<p>\u00a0\u00a0Krustnagli\u0146u \u0113terisk\u0101 e\u013c\u013ca 60 veidi izn\u012bcina bakt\u0113rijas celmus, 15 celmus s\u0113\u0146u un daudzi v\u012brusi (Journal antimikrobu \u0136\u012bmijterapija, 2004).<\/p>\n<p>\u00a0\u00a0Krustnagli\u0146u \u0113terisk\u0101 e\u013c\u013ca samazina Candida par 75% p\u0113c 8 dien\u0101m, kas ir vien\u0101da ar darb\u012bbas nistat\u012bns &#8211; prets\u0113n\u012b\u0161u z\u0101\u013cu visbie\u017e\u0101k (Journal of Drug M\u0113r\u0137auditorijas, 2005).<\/p>\n<p>\u00a0Mais\u012bjums Krustnagli\u0146u e\u013c\u013ca, kan\u0113lis, eikalipta, citronu un rozmar\u012bna var izn\u012bcin\u0101t 99% no bakt\u0113rijas gais\u0101 12 min\u016btes? \u0160\u012b formula ir \u0113terisko e\u013c\u013cu sajaukums Zag\u013ci Young Living. 1% Ne\u013c\u0137es e\u013c\u013cas \u0161\u0137\u012bdums ir \u010detrreiz efekt\u012bv\u0101ka nek\u0101 fenols! T\u0101p\u0113c to veiksm\u012bgi izmanto slimn\u012bc\u0101s, b\u0113rnud\u0101rzos.<\/p>\n<p>\u00a0\u0100rstnieciskas \u012bpa\u0161\u012bbas: anti-noveco\u0161an\u0101s, pretv\u0113\u017ea, mikrobu, antiseptiska, pretv\u012brusu, prets\u0113n\u012b\u0161u, antibakteri\u0101las, pretparaz\u012btu, antioksidants, prets\u0101pju, antikoagulanti (nov\u0113r\u0161 trombu), pretiekaisuma, im\u016bnsist\u0113mas, pretkrampju, anti ku\u0146\u0123a \u010d\u016bla, sildo\u0161a.<\/p>\n<p>\u00a0K\u0101das slim\u012bbas izmantot: noveco\u0161an\u0101s, fedings, s\u0101pes, nejut\u012bgums, artr\u012bts, reimatisms, sirds slim\u012bbas, gripa, saaukst\u0113\u0161an\u0101s, klepus, sinus\u012bts, pneimonija, \u0101das infekcijas, bakteri\u0101las infekcijas, v\u012brusu infekcijas, hepat\u012bts, slikta d\u016b\u0161a, vem\u0161ana, caureja, zarnu trauc\u0113jums, caureja, v\u0113dera krampji, gremo\u0161anas trauc\u0113jumi, v\u0113dera uzp\u016b\u0161an\u0101s, uzlabot apet\u012bti, zobu s\u0101pes, periodonta slim\u012bba, iekaisums, \u010d\u016blas, kataraktu, utu, galvas utu, \u010d\u016blas, aps\u0101rtumu, pinnes, vir\u0161anas temperat\u016bra, nobr\u0101zumi, \u0101das v\u0113zis, v\u0113zis, vairogdziedzera disfunkcija s, probl\u0113mas ar aizku\u0146\u0123a dziedzera, k\u0101rpas, kukai\u0146u kodumi, at\u0161\u0137ir\u0161anai sm\u0113\u0137\u0113\u0161anas.<\/p>\n<p>\u00a0Gar\u012bg\u0101 un emocion\u0101l\u0101 ietekme: Ne\u013c\u0137es \u0113terisk\u0101 e\u013c\u013ca pal\u012bdz saprast m\u016bsu s\u0101pju c\u0113loni. M\u0113s zin\u0101m, ka fizisk\u0101 un emocion\u0101l\u0101 savstarp\u0113ji viens bez otra neeksist\u0113. Cik reizes ir mums bija traumas, bet mums ir nepiecie\u0161ams, lai piliens, sasist, salauzt, lai saprastu, ko negat\u012bv\u0101s emocijas m\u0113s dz\u012bvoj\u0101m pirms tam. Ne\u013c\u0137es pal\u012bdz mums atbr\u012bvoties no \u0161\u012bm emocij\u0101m. T\u0101p\u0113c man pat\u012bk \u0113terisko e\u013c\u013cu PanAway Young Living mais\u012bjums, kas ietver Carnation.<\/p>\n<p>\u0112terisk\u0101 e\u013c\u013ca pal\u012bdz kontrol\u0113t st\u0101vokli tievu \u0137ermeni, aizsarg\u0101 pret negat\u012bvo ietekmi no tuv\u0101k\u0101 karmisko vidi, kas izpau\u017eas k\u0101 dusmas, skaud\u012bba, vampirism.<\/p>\n<p>\u00a0\u00a0Ietekme uz pr\u0101tu: \u0161is karsts un pikants arom\u0101ts uzlabo atmi\u0146u un pal\u012bdz sadz\u012b\u0161an\u0101.<\/p>\n<p>\u00a0\u00a0ORAC: 1078000 \u03bcTE \/ 100g &#8211; tas ir visvair\u0101k zin\u0101ms!<\/p>\n<p>\u00a0Kas ir ORAC? ORAC &#8211; ir sk\u0101bek\u013ca Radical absorbcijas diapazon\u0101 pas\u0101kumiem jaudas sp\u0113ju antioksidantiem vai absorb\u0113 br\u012bvos radik\u0101\u013cus. Vienk\u0101r\u0161\u0101 valod\u0101, tas noz\u012bm\u0113, ka zin\u0101tnisko j\u0113dzienu cik labi viela pal\u012bdz manu \u0137ermeni, lai risin\u0101tu ar t\u0101diem trauc\u0113jumiem, k\u0101 v\u0113zis, sirds un asinsvadu slim\u012bb\u0101m, hronisk\u0101m slim\u012bb\u0101m, org\u0101nos un audos. T\u0101 tika ieviesta p\u0113tnieki no Valsts instit\u016bta Noveco\u0161ana pie National Institutes of Health (NIH) Baltimore, ASV.<\/p>\n<p>\u00a0Ra\u017eo\u0161anas metode: tvaika destil\u0101cija no ziedu stubl\u0101jiem un pumpuriem<\/p>\n","protected":false},"excerpt":{"rendered":"<p>Krustnagli\u0146a. Syzygium aromaticum. \u00a0Par jauno dz\u012bvi \u00a0Ne\u013c\u0137es \u00a0Bot\u0101nisk\u0101 \u0123imene: Oleaceae (ol\u012bvu) \u00a0Izcelsmes valsts: Madagaskara, Spicy Islands \u00a0Akt\u012bv\u0101s vielas: Eugenols (75-87%)<\/p>\n","protected":false},"featured_media":17092,"template":"","meta":[],"product_brand":[],"product_cat":[2186,2193],"product_tag":[],"class_list":{"0":"post-34664","1":"product","2":"type-product","3":"status-publish","4":"has-post-thumbnail","6":"product_cat-young-living-eteriskas-ellas-un-kosmetika-augstas-kvalitates","7":"product_cat-eteriskas-ellas-lv","9":"first","10":"instock","11":"taxable","12":"shipping-taxable","13":"purchasable","14":"product-type-simple"},"yoast_head":"<!-- This site is optimized with the Yoast SEO Premium plugin v27.0 (Yoast SEO v27.0) - https:\/\/yoast.com\/product\/yoast-seo-premium-wordpress\/ -->\n<title>YL CLOVE NE\u013b\u0136E 15ml - cosmetic.lv<\/title>\n<meta name=\"robots\" content=\"index, follow, max-snippet:-1, max-image-preview:large, max-video-preview:-1\" \/>\n<link rel=\"canonical\" href=\"https:\/\/cosmetic.lv\/lv\/product\/yl-clove-nelke-15ml\/\" \/>\n<meta property=\"og:locale\" content=\"lv_LV\" \/>\n<meta property=\"og:type\" content=\"article\" \/>\n<meta property=\"og:title\" content=\"YL CLOVE NE\u013b\u0136E 15ml\" \/>\n<meta property=\"og:description\" content=\"Krustnagli\u0146a. Syzygium aromaticum. \u00a0Par jauno dz\u012bvi \u00a0Ne\u013c\u0137es \u00a0Bot\u0101nisk\u0101 \u0123imene: Oleaceae (ol\u012bvu) \u00a0Izcelsmes valsts: Madagaskara, Spicy Islands \u00a0Akt\u012bv\u0101s vielas: Eugenols (75-87%)\" \/>\n<meta property=\"og:url\" content=\"https:\/\/cosmetic.lv\/lv\/product\/yl-clove-nelke-15ml\/\" \/>\n<meta property=\"og:site_name\" content=\"cosmetic.lv\" \/>\n<meta property=\"article:publisher\" content=\"https:\/\/www.facebook.com\/cosmetic.lv\/\" \/>\n<meta property=\"article:modified_time\" content=\"2021-02-11T20:53:12+00:00\" \/>\n<meta property=\"og:image\" content=\"https:\/\/cosmetic.lv\/wp-content\/uploads\/2021\/02\/clove-s-4.jpg\" \/>\n\t<meta property=\"og:image:width\" content=\"100\" \/>\n\t<meta property=\"og:image:height\" content=\"240\" \/>\n\t<meta property=\"og:image:type\" content=\"image\/jpeg\" \/>\n<meta name=\"twitter:card\" content=\"summary_large_image\" \/>\n<script type=\"application\/ld+json\" class=\"yoast-schema-graph\">{\"@context\":\"https:\/\/schema.org\",\"@graph\":[{\"@type\":\"WebPage\",\"@id\":\"https:\/\/cosmetic.lv\/lv\/product\/yl-clove-nelke-15ml\/\",\"url\":\"https:\/\/cosmetic.lv\/lv\/product\/yl-clove-nelke-15ml\/\",\"name\":\"YL CLOVE NE\u013b\u0136E 15ml - cosmetic.lv\",\"isPartOf\":{\"@id\":\"https:\/\/cosmetic.lv\/lv\/#website\"},\"primaryImageOfPage\":{\"@id\":\"https:\/\/cosmetic.lv\/lv\/product\/yl-clove-nelke-15ml\/#primaryimage\"},\"image\":{\"@id\":\"https:\/\/cosmetic.lv\/lv\/product\/yl-clove-nelke-15ml\/#primaryimage\"},\"thumbnailUrl\":\"https:\/\/cosmetic.lv\/wp-content\/uploads\/2021\/02\/clove-s-4.jpg\",\"datePublished\":\"2021-02-06T17:56:01+00:00\",\"dateModified\":\"2021-02-11T20:53:12+00:00\",\"breadcrumb\":{\"@id\":\"https:\/\/cosmetic.lv\/lv\/product\/yl-clove-nelke-15ml\/#breadcrumb\"},\"inLanguage\":\"lv-LV\",\"potentialAction\":[{\"@type\":\"ReadAction\",\"target\":[\"https:\/\/cosmetic.lv\/lv\/product\/yl-clove-nelke-15ml\/\"]}]},{\"@type\":\"ImageObject\",\"inLanguage\":\"lv-LV\",\"@id\":\"https:\/\/cosmetic.lv\/lv\/product\/yl-clove-nelke-15ml\/#primaryimage\",\"url\":\"https:\/\/cosmetic.lv\/wp-content\/uploads\/2021\/02\/clove-s-4.jpg\",\"contentUrl\":\"https:\/\/cosmetic.lv\/wp-content\/uploads\/2021\/02\/clove-s-4.jpg\",\"width\":100,\"height\":240,\"caption\":\"clove-s.jpg\"},{\"@type\":\"BreadcrumbList\",\"@id\":\"https:\/\/cosmetic.lv\/lv\/product\/yl-clove-nelke-15ml\/#breadcrumb\",\"itemListElement\":[{\"@type\":\"ListItem\",\"position\":1,\"name\":\"Home\",\"item\":\"https:\/\/cosmetic.lv\/lv\/\"},{\"@type\":\"ListItem\",\"position\":2,\"name\":\"Veikals\",\"item\":\"https:\/\/cosmetic.lv\/lv\/veiklas\/\"},{\"@type\":\"ListItem\",\"position\":3,\"name\":\"YL CLOVE NE\u013b\u0136E 15ml\"}]},{\"@type\":\"WebSite\",\"@id\":\"https:\/\/cosmetic.lv\/lv\/#website\",\"url\":\"https:\/\/cosmetic.lv\/lv\/\",\"name\":\"cosmetic.lv\",\"description\":\"Profesion\u0101la kosm\u0113tika - Maria Galland, Keune, Arkadija, GMT, Guam, Magiray\",\"publisher\":{\"@id\":\"https:\/\/cosmetic.lv\/lv\/#organization\"},\"potentialAction\":[{\"@type\":\"SearchAction\",\"target\":{\"@type\":\"EntryPoint\",\"urlTemplate\":\"https:\/\/cosmetic.lv\/lv\/?s={search_term_string}\"},\"query-input\":{\"@type\":\"PropertyValueSpecification\",\"valueRequired\":true,\"valueName\":\"search_term_string\"}}],\"inLanguage\":\"lv-LV\"},{\"@type\":\"Organization\",\"@id\":\"https:\/\/cosmetic.lv\/lv\/#organization\",\"name\":\"COSMETIC.LV\",\"url\":\"https:\/\/cosmetic.lv\/lv\/\",\"logo\":{\"@type\":\"ImageObject\",\"inLanguage\":\"lv-LV\",\"@id\":\"https:\/\/cosmetic.lv\/lv\/#\/schema\/logo\/image\/\",\"url\":\"https:\/\/cosmetic.lv\/wp-content\/uploads\/2021\/02\/cosmetic.lv_logo.jpg\",\"contentUrl\":\"https:\/\/cosmetic.lv\/wp-content\/uploads\/2021\/02\/cosmetic.lv_logo.jpg\",\"width\":596,\"height\":196,\"caption\":\"COSMETIC.LV\"},\"image\":{\"@id\":\"https:\/\/cosmetic.lv\/lv\/#\/schema\/logo\/image\/\"},\"sameAs\":[\"https:\/\/www.facebook.com\/cosmetic.lv\/\"]}]}<\/script>\n<meta property=\"product:price:amount\" content=\"33.79\" \/>\n<meta property=\"product:price:currency\" content=\"EUR\" \/>\n<meta property=\"og:availability\" content=\"instock\" \/>\n<meta property=\"product:availability\" content=\"instock\" \/>\n<meta property=\"product:retailer_item_id\" content=\"352408\" \/>\n<meta property=\"product:condition\" content=\"new\" \/>\n<!-- \/ Yoast SEO Premium plugin. -->","yoast_head_json":{"title":"YL CLOVE NE\u013b\u0136E 15ml - cosmetic.lv","robots":{"index":"index","follow":"follow","max-snippet":"max-snippet:-1","max-image-preview":"max-image-preview:large","max-video-preview":"max-video-preview:-1"},"canonical":"https:\/\/cosmetic.lv\/lv\/product\/yl-clove-nelke-15ml\/","og_locale":"lv_LV","og_type":"article","og_title":"YL CLOVE NE\u013b\u0136E 15ml","og_description":"Krustnagli\u0146a. Syzygium aromaticum. \u00a0Par jauno dz\u012bvi \u00a0Ne\u013c\u0137es \u00a0Bot\u0101nisk\u0101 \u0123imene: Oleaceae (ol\u012bvu) \u00a0Izcelsmes valsts: Madagaskara, Spicy Islands \u00a0Akt\u012bv\u0101s vielas: Eugenols (75-87%)","og_url":"https:\/\/cosmetic.lv\/lv\/product\/yl-clove-nelke-15ml\/","og_site_name":"cosmetic.lv","article_publisher":"https:\/\/www.facebook.com\/cosmetic.lv\/","article_modified_time":"2021-02-11T20:53:12+00:00","og_image":[{"width":100,"height":240,"url":"https:\/\/cosmetic.lv\/wp-content\/uploads\/2021\/02\/clove-s-4.jpg","type":"image\/jpeg"}],"twitter_card":"summary_large_image","schema":{"@context":"https:\/\/schema.org","@graph":[{"@type":"WebPage","@id":"https:\/\/cosmetic.lv\/lv\/product\/yl-clove-nelke-15ml\/","url":"https:\/\/cosmetic.lv\/lv\/product\/yl-clove-nelke-15ml\/","name":"YL CLOVE NE\u013b\u0136E 15ml - cosmetic.lv","isPartOf":{"@id":"https:\/\/cosmetic.lv\/lv\/#website"},"primaryImageOfPage":{"@id":"https:\/\/cosmetic.lv\/lv\/product\/yl-clove-nelke-15ml\/#primaryimage"},"image":{"@id":"https:\/\/cosmetic.lv\/lv\/product\/yl-clove-nelke-15ml\/#primaryimage"},"thumbnailUrl":"https:\/\/cosmetic.lv\/wp-content\/uploads\/2021\/02\/clove-s-4.jpg","datePublished":"2021-02-06T17:56:01+00:00","dateModified":"2021-02-11T20:53:12+00:00","breadcrumb":{"@id":"https:\/\/cosmetic.lv\/lv\/product\/yl-clove-nelke-15ml\/#breadcrumb"},"inLanguage":"lv-LV","potentialAction":[{"@type":"ReadAction","target":["https:\/\/cosmetic.lv\/lv\/product\/yl-clove-nelke-15ml\/"]}]},{"@type":"ImageObject","inLanguage":"lv-LV","@id":"https:\/\/cosmetic.lv\/lv\/product\/yl-clove-nelke-15ml\/#primaryimage","url":"https:\/\/cosmetic.lv\/wp-content\/uploads\/2021\/02\/clove-s-4.jpg","contentUrl":"https:\/\/cosmetic.lv\/wp-content\/uploads\/2021\/02\/clove-s-4.jpg","width":100,"height":240,"caption":"clove-s.jpg"},{"@type":"BreadcrumbList","@id":"https:\/\/cosmetic.lv\/lv\/product\/yl-clove-nelke-15ml\/#breadcrumb","itemListElement":[{"@type":"ListItem","position":1,"name":"Home","item":"https:\/\/cosmetic.lv\/lv\/"},{"@type":"ListItem","position":2,"name":"Veikals","item":"https:\/\/cosmetic.lv\/lv\/veiklas\/"},{"@type":"ListItem","position":3,"name":"YL CLOVE NE\u013b\u0136E 15ml"}]},{"@type":"WebSite","@id":"https:\/\/cosmetic.lv\/lv\/#website","url":"https:\/\/cosmetic.lv\/lv\/","name":"cosmetic.lv","description":"Profesion\u0101la kosm\u0113tika - Maria Galland, Keune, Arkadija, GMT, Guam, Magiray","publisher":{"@id":"https:\/\/cosmetic.lv\/lv\/#organization"},"potentialAction":[{"@type":"SearchAction","target":{"@type":"EntryPoint","urlTemplate":"https:\/\/cosmetic.lv\/lv\/?s={search_term_string}"},"query-input":{"@type":"PropertyValueSpecification","valueRequired":true,"valueName":"search_term_string"}}],"inLanguage":"lv-LV"},{"@type":"Organization","@id":"https:\/\/cosmetic.lv\/lv\/#organization","name":"COSMETIC.LV","url":"https:\/\/cosmetic.lv\/lv\/","logo":{"@type":"ImageObject","inLanguage":"lv-LV","@id":"https:\/\/cosmetic.lv\/lv\/#\/schema\/logo\/image\/","url":"https:\/\/cosmetic.lv\/wp-content\/uploads\/2021\/02\/cosmetic.lv_logo.jpg","contentUrl":"https:\/\/cosmetic.lv\/wp-content\/uploads\/2021\/02\/cosmetic.lv_logo.jpg","width":596,"height":196,"caption":"COSMETIC.LV"},"image":{"@id":"https:\/\/cosmetic.lv\/lv\/#\/schema\/logo\/image\/"},"sameAs":["https:\/\/www.facebook.com\/cosmetic.lv\/"]}]},"product_price_amount":"33.79","product_price_currency":"EUR","og_availability":"instock","product_availability":"instock","product_retailer_item_id":"352408","product_condition":"new"},"_links":{"self":[{"href":"https:\/\/cosmetic.lv\/lv\/wp-json\/wp\/v2\/product\/34664","targetHints":{"allow":["GET"]}}],"collection":[{"href":"https:\/\/cosmetic.lv\/lv\/wp-json\/wp\/v2\/product"}],"about":[{"href":"https:\/\/cosmetic.lv\/lv\/wp-json\/wp\/v2\/types\/product"}],"wp:featuredmedia":[{"embeddable":true,"href":"https:\/\/cosmetic.lv\/lv\/wp-json\/wp\/v2\/media\/17092"}],"wp:attachment":[{"href":"https:\/\/cosmetic.lv\/lv\/wp-json\/wp\/v2\/media?parent=34664"}],"wp:term":[{"taxonomy":"product_brand","embeddable":true,"href":"https:\/\/cosmetic.lv\/lv\/wp-json\/wp\/v2\/product_brand?post=34664"},{"taxonomy":"product_cat","embeddable":true,"href":"https:\/\/cosmetic.lv\/lv\/wp-json\/wp\/v2\/product_cat?post=34664"},{"taxonomy":"product_tag","embeddable":true,"href":"https:\/\/cosmetic.lv\/lv\/wp-json\/wp\/v2\/product_tag?post=34664"}],"curies":[{"name":"wp","href":"https:\/\/api.w.org\/{rel}","templated":true}]}}