{"id":34665,"date":"2021-02-05T22:43:52","date_gmt":"2021-02-06T17:56:01","guid":{"rendered":"https:\/\/damme.lv\/product\/yl-copaiba-15ml\/"},"modified":"2021-02-11T22:53:12","modified_gmt":"2021-02-11T20:53:12","slug":"yl-copaiba-15ml","status":"publish","type":"product","link":"https:\/\/cosmetic.lv\/lv\/product\/yl-copaiba-15ml\/","title":{"rendered":"YL COPAIBA 15ml"},"content":{"rendered":"<p>Copaiba. Copaiba langsdorfii \/ langosdorfii.<br \/>\nPar jauno dz\u012bvi<\/p>\n<p>\u00a0Copaiba<br \/>\n\u00a0Bot\u0101nisk\u0101 \u0123imene: Caesalpiniaceae (caesalp\u012bns)<\/p>\n<p>\u00a0Izcelsmes valsts: Braz\u012blija<\/p>\n<p>\u00a0Akt\u012bv\u0101s vielas:<\/p>\n<p>Alfa-kopaene (2-5%)<br \/>\nAlfa-hum\u0101na (6-10%)<br \/>\nBeta-kariofil\u0113ns (39-72%)<br \/>\nDelta-Cadine (2-3%)<br \/>\nDelta-Elemene (2-3%)<br \/>\nGamma-Elemene (1-8%)<br \/>\nGermakr\u0113ns D (4-6%)<br \/>\nTrans-Alfa-Bergamotene (3-11%)<br \/>\n\u00a0\u0112tera Kopayby e\u013c\u013ca satur rekordliels skaits beta-caryophyllene (l\u012bdz 72%), viela, kam sp\u0113c\u012bga pretiekaisuma \u012bpa\u0161\u012bbas (Sal\u012bdzin\u0101jumam &#8211; ar \u0113terisko e\u013c\u013cu Gozdiki un salmu pu\u0137e tiek uzskat\u012btas ar\u012b bag\u0101ti ar \u0161o vielu, tas ir tikai 5-12% caryophyllene , un pat melnie pipari &#8211; ne vair\u0101k k\u0101 20%).<br \/>\nCaryophyllene sal\u012bdzin\u0101ms pretiekaisuma aktivit\u0101ti ne tikai ar NPL (piem\u0113ram, ibuprof\u0113nu vai diklofenaks), bet pat ar kortikostero\u012bdiem (prednizonu, deksametazonu)! Bet vi\u0146\u0161 nav blakuspar\u0101d\u012bbas \u0161o medikamentu, piem\u0113ram, ku\u0146\u0123a g\u013cot\u0101das r\u012bkojas tikai un vien\u012bgi pozit\u012bvas (var lietot ku\u0146\u0123a \u010d\u016blas slim\u012bba).<\/p>\n<p>\u00a0V\u0113sturisk\u0101 inform\u0101cija: Ir vair\u0101kas sugas copaiba &#8211; Black (protijs), balts (Blanco), Gold (Oro), bet tikai \u0113terisk\u0101 e\u013c\u013ca copaiba langsdorfii \/ langosdorfii ir vissp\u0113c\u012bg\u0101kais. Dziednieki, kas Amazon izmanto sve\u0137i koka pal\u012bdz\u012bbu no vis\u0101m s\u0101p\u0113m un iekaisumu veidu, iek\u0161\u0137\u012bgi (\u010d\u016blas un ku\u0146\u0123a v\u0113zis), un lietot lok\u0101li (\u0101das slim\u012bbas un kukai\u0146u kodumi).<\/p>\n<p>\u00a0\u0100rstnieciskas \u012bpa\u0161\u012bbas: prets\u0101pju, prets\u0101pju, spazmol\u012btiskais, antibakteri\u0101la, pretiekaisuma, antiseptiska, stimul\u0113jot (cirkul\u0101cijas un elpo\u0161anas sist\u0113ma), mucolytic, atkr\u0113po\u0161anas, hypotensive, vasodilator, diur\u0113tiskie l\u012bdzek\u013ci, anti-\u010d\u016bla, anti-audz\u0113js, anti-kancerog\u0113ni.<\/p>\n<p>\u00a0Kur\u0161 slim\u012bbas izmantot: iekaisums no iek\u0161\u0113j\u0101 iekaisuma \u0101rpuses, elpo\u0161anas zbolevaniya, bronh\u012bts, sinus\u012bts, kakla s\u0101pes, ang\u012bnas, herpes, ur\u012bnce\u013cu infekcijas, nieru slim\u012bbas, ur\u012bnp\u016b\u0161\u013ca cist\u012bta, asi\u0146o\u0161ana, asinsizpl\u016bdums, asinsrites trauc\u0113jumi, ku\u0146\u0123a \u010d\u016blas, \u010d\u016blas 12 divpadsmitpirkstu zarnas \u010d\u016bla, ku\u0146\u0123a v\u0113zis, artr\u012bts, reimatisms, trauma s\u0101pes, sasitumi, sist\u0113misk\u0101 sarkan\u0101 vilk\u0113de, s\u0113n\u012bte, vagin\u012bts, audz\u0113ji, gonoreja, br\u016bces, \u0101das slim\u012bbas, \u010d\u016blas, psori\u0101ze, pinnes, dermat\u012bts, fungi uz nagiem, kukai\u0146u kodumi x, \u0101das iekaisums.<\/p>\n<p>\u00a0\u0112terisk\u0101 e\u013c\u013ca Copaiba palielina citu e\u013c\u013cu, k\u0101 ar\u012b \u0113terisk\u0101s e\u013c\u013cas piparm\u0113tru, efektivit\u0101ti.<br \/>\nViena no retaj\u0101m e\u013c\u013c\u0101m, kas var pal\u012bdz\u0113t ar ur\u012bna nesatur\u0113\u0161anu; Piem\u0113ram, sievietes menopauzes ar v\u0101jin\u0101\u0161anos iegur\u0146a musku\u013cus un ur\u012bna nesatur\u0113\u0161anas klepojot vai smejoties.<\/p>\n<p>\u00a0Pa\u0161laik intens\u012bva p\u0113tniec\u012bba izmanto\u0161anas \u0113terisko e\u013c\u013cu no \u0101das un plau\u0161u v\u0113zi, un ieg\u016btie \u013coti pozit\u012bvi rezult\u0101ti &#8211; copaiba ir patie\u0161\u0101m efekt\u012bvs, lai \u0101rst\u0113tu noteikta veida v\u0113zi, piem\u0113ram, melanomas un baz\u0101lo \u0161\u016bnu karcinomu.<\/p>\n<p>\u00a0Tam piem\u012bt izteikta re\u0123ener\u0113jo\u0161a iedarb\u012bba, un to var izmantot, lai uzlabotu sadz\u012b\u0161anu br\u016bces, iegriezumi, var\u017eacis, apdegumi (tostarp saules, tai skait\u0101 b\u0113rniem) un apsald\u0113jumus.<\/p>\n<p>\u00a0Gar\u012bg\u0101 un emocion\u0101l\u0101 ietekme: Kopayby e\u013c\u013ca jau sen ir izmantots asi\u0146o\u0161ana, par dziedin\u0101\u0161anu iek\u0161\u0113j\u0101s un \u0101r\u0113j\u0101s br\u016bces. \u0160\u012b ir noz\u012bm\u012bga gar\u012bg\u0101 ietekme. M\u0113s esam emocion\u0101l\u0101s br\u016bces un traumas, ka m\u0113s turpin\u0101m tur\u0113t projekt\u0113\u0161ana \u0161o apzi\u0146u cietu\u0161\u0101 n\u0101kotn\u0113. Kopayba \u013cauj jums redz\u0113t emocion\u0101lo traumu, att\u012bra tos sajust gar\u012bgo aizsardz\u012bbu t\u0101d\u0101 st\u0101vokl\u012b &quot;\u0161eit un tagad&quot;, nevis, lai aizb\u0113gtu uz pag\u0101tni un n\u0101kotni.<\/p>\n<p>\u00a0Ietekme uz pr\u0101tu: \u0160is saldais un balz\u0101ma arom\u0101ts relaks\u0113, uzlabo garast\u0101vokli, pamatojumu.<\/p>\n<p>ORAC: v\u0113l nav izm\u0113r\u012bts<\/p>\n<p>\u00a0Kas ir ORAC? ORAC &#8211; ir sk\u0101bek\u013ca Radical absorbcijas diapazon\u0101 pas\u0101kumiem jaudas sp\u0113ju antioksidantiem vai absorb\u0113 br\u012bvos radik\u0101\u013cus. Vienk\u0101r\u0161\u0101 valod\u0101, tas noz\u012bm\u0113, ka zin\u0101tnisko j\u0113dzienu cik labi viela pal\u012bdz manu \u0137ermeni, lai risin\u0101tu ar t\u0101diem trauc\u0113jumiem, k\u0101 v\u0113zis, sirds un asinsvadu slim\u012bb\u0101m, hronisk\u0101m slim\u012bb\u0101m, org\u0101nos un audos. T\u0101 tika ieviesta p\u0113tnieki no Valsts instit\u016bta Noveco\u0161ana pie National Institutes of Health (NIH) Baltimore, ASV.<\/p>\n<p>\u00a0Ra\u017eo\u0161anas metode: sve\u0137i tiek ieg\u016bts tie\u0161i no koka ar urb\u0161anas caurumu taj\u0101, k\u0101 ar\u012b tiek sav\u0101kta k\u013cavu s\u012brups. Koka Kopayba j\u0101b\u016bt vismaz 30 gadus vecam, lai var\u0113tu ieg\u016bt \u0113terisk\u0101s e\u013c\u013cas \u0101rstnieciskas \u012bpa\u0161\u012bbas.<\/p>\n<p>\u00a0\u00a0Lieto\u0161ana un doz\u0113\u0161ana:<\/p>\n<p>izmantojiet tikai terapeitisk\u0101s kvalit\u0101tes \u0113terisko e\u013c\u013cu<br \/>\nTo var lietot neat\u0161\u0137aid\u012btu &#8211; e\u013c\u013ca tiek uzskat\u012bta par dro\u0161u (GRAS) iek\u0161\u0113jai lieto\u0161anai FDA<br \/>\nPiesakies 1-3 pilieni uz skartaj\u0101 zon\u0101, kas paredz\u0113ta iek\u0161\u0137\u012bgai lieto\u0161anai ielikt kapsulu, 3 reizes dien\u0101, ja nepiecie\u0161ams,<br \/>\nattiecas uz Vita Flex punktiem<br \/>\nmas\u0101\u017e\u0101 Raindrop Technique &#8211; e\u013c\u013cu piem\u0113ro\u0161ana p\u0113c sl\u0101\u0146a<br \/>\nieelpot no plaukst\u0101m vai no pudeles &#8211;<br \/>\n5-8 pilieni Diffusor\u0101, 30 min\u016btes 3 reizes dien\u0101 vai p\u0113c nepiecie\u0161am\u012bbas<br \/>\nvann\u0101s<\/p>\n","protected":false},"excerpt":{"rendered":"<p>Copaiba. Copaiba langsdorfii \/ langosdorfii. Par jauno dz\u012bvi \u00a0Copaiba \u00a0Bot\u0101nisk\u0101 \u0123imene: Caesalpiniaceae (caesalp\u012bns) \u00a0Izcelsmes valsts: Braz\u012blija \u00a0Akt\u012bv\u0101s vielas: Alfa-kopaene (2-5%)<\/p>\n","protected":false},"featured_media":17095,"template":"","meta":[],"product_brand":[],"product_cat":[2186,2193],"product_tag":[],"class_list":{"0":"post-34665","1":"product","2":"type-product","3":"status-publish","4":"has-post-thumbnail","6":"product_cat-young-living-eteriskas-ellas-un-kosmetika-augstas-kvalitates","7":"product_cat-eteriskas-ellas-lv","9":"first","10":"instock","11":"taxable","12":"shipping-taxable","13":"purchasable","14":"product-type-simple"},"yoast_head":"<!-- This site is optimized with the Yoast SEO Premium plugin v27.0 (Yoast SEO v27.0) - https:\/\/yoast.com\/product\/yoast-seo-premium-wordpress\/ -->\n<title>YL COPAIBA 15ml - cosmetic.lv<\/title>\n<meta name=\"robots\" content=\"index, follow, max-snippet:-1, max-image-preview:large, max-video-preview:-1\" \/>\n<link rel=\"canonical\" href=\"https:\/\/cosmetic.lv\/lv\/product\/yl-copaiba-15ml\/\" \/>\n<meta property=\"og:locale\" content=\"lv_LV\" \/>\n<meta property=\"og:type\" content=\"article\" \/>\n<meta property=\"og:title\" content=\"YL COPAIBA 15ml\" \/>\n<meta property=\"og:description\" content=\"Copaiba. Copaiba langsdorfii \/ langosdorfii. Par jauno dz\u012bvi \u00a0Copaiba \u00a0Bot\u0101nisk\u0101 \u0123imene: Caesalpiniaceae (caesalp\u012bns) \u00a0Izcelsmes valsts: Braz\u012blija \u00a0Akt\u012bv\u0101s vielas: Alfa-kopaene (2-5%)\" \/>\n<meta property=\"og:url\" content=\"https:\/\/cosmetic.lv\/lv\/product\/yl-copaiba-15ml\/\" \/>\n<meta property=\"og:site_name\" content=\"cosmetic.lv\" \/>\n<meta property=\"article:publisher\" content=\"https:\/\/www.facebook.com\/cosmetic.lv\/\" \/>\n<meta property=\"article:modified_time\" content=\"2021-02-11T20:53:12+00:00\" \/>\n<meta property=\"og:image\" content=\"https:\/\/cosmetic.lv\/wp-content\/uploads\/2021\/02\/copaiba-s-4.jpg\" \/>\n\t<meta property=\"og:image:width\" content=\"100\" \/>\n\t<meta property=\"og:image:height\" content=\"240\" \/>\n\t<meta property=\"og:image:type\" content=\"image\/jpeg\" \/>\n<meta name=\"twitter:card\" content=\"summary_large_image\" \/>\n<script type=\"application\/ld+json\" class=\"yoast-schema-graph\">{\"@context\":\"https:\/\/schema.org\",\"@graph\":[{\"@type\":\"WebPage\",\"@id\":\"https:\/\/cosmetic.lv\/lv\/product\/yl-copaiba-15ml\/\",\"url\":\"https:\/\/cosmetic.lv\/lv\/product\/yl-copaiba-15ml\/\",\"name\":\"YL COPAIBA 15ml - cosmetic.lv\",\"isPartOf\":{\"@id\":\"https:\/\/cosmetic.lv\/lv\/#website\"},\"primaryImageOfPage\":{\"@id\":\"https:\/\/cosmetic.lv\/lv\/product\/yl-copaiba-15ml\/#primaryimage\"},\"image\":{\"@id\":\"https:\/\/cosmetic.lv\/lv\/product\/yl-copaiba-15ml\/#primaryimage\"},\"thumbnailUrl\":\"https:\/\/cosmetic.lv\/wp-content\/uploads\/2021\/02\/copaiba-s-4.jpg\",\"datePublished\":\"2021-02-06T17:56:01+00:00\",\"dateModified\":\"2021-02-11T20:53:12+00:00\",\"breadcrumb\":{\"@id\":\"https:\/\/cosmetic.lv\/lv\/product\/yl-copaiba-15ml\/#breadcrumb\"},\"inLanguage\":\"lv-LV\",\"potentialAction\":[{\"@type\":\"ReadAction\",\"target\":[\"https:\/\/cosmetic.lv\/lv\/product\/yl-copaiba-15ml\/\"]}]},{\"@type\":\"ImageObject\",\"inLanguage\":\"lv-LV\",\"@id\":\"https:\/\/cosmetic.lv\/lv\/product\/yl-copaiba-15ml\/#primaryimage\",\"url\":\"https:\/\/cosmetic.lv\/wp-content\/uploads\/2021\/02\/copaiba-s-4.jpg\",\"contentUrl\":\"https:\/\/cosmetic.lv\/wp-content\/uploads\/2021\/02\/copaiba-s-4.jpg\",\"width\":100,\"height\":240,\"caption\":\"copaiba-s.jpg\"},{\"@type\":\"BreadcrumbList\",\"@id\":\"https:\/\/cosmetic.lv\/lv\/product\/yl-copaiba-15ml\/#breadcrumb\",\"itemListElement\":[{\"@type\":\"ListItem\",\"position\":1,\"name\":\"Home\",\"item\":\"https:\/\/cosmetic.lv\/lv\/\"},{\"@type\":\"ListItem\",\"position\":2,\"name\":\"Veikals\",\"item\":\"https:\/\/cosmetic.lv\/lv\/veiklas\/\"},{\"@type\":\"ListItem\",\"position\":3,\"name\":\"YL COPAIBA 15ml\"}]},{\"@type\":\"WebSite\",\"@id\":\"https:\/\/cosmetic.lv\/lv\/#website\",\"url\":\"https:\/\/cosmetic.lv\/lv\/\",\"name\":\"cosmetic.lv\",\"description\":\"Profesion\u0101la kosm\u0113tika - Maria Galland, Keune, Arkadija, GMT, Guam, Magiray\",\"publisher\":{\"@id\":\"https:\/\/cosmetic.lv\/lv\/#organization\"},\"potentialAction\":[{\"@type\":\"SearchAction\",\"target\":{\"@type\":\"EntryPoint\",\"urlTemplate\":\"https:\/\/cosmetic.lv\/lv\/?s={search_term_string}\"},\"query-input\":{\"@type\":\"PropertyValueSpecification\",\"valueRequired\":true,\"valueName\":\"search_term_string\"}}],\"inLanguage\":\"lv-LV\"},{\"@type\":\"Organization\",\"@id\":\"https:\/\/cosmetic.lv\/lv\/#organization\",\"name\":\"COSMETIC.LV\",\"url\":\"https:\/\/cosmetic.lv\/lv\/\",\"logo\":{\"@type\":\"ImageObject\",\"inLanguage\":\"lv-LV\",\"@id\":\"https:\/\/cosmetic.lv\/lv\/#\/schema\/logo\/image\/\",\"url\":\"https:\/\/cosmetic.lv\/wp-content\/uploads\/2021\/02\/cosmetic.lv_logo.jpg\",\"contentUrl\":\"https:\/\/cosmetic.lv\/wp-content\/uploads\/2021\/02\/cosmetic.lv_logo.jpg\",\"width\":596,\"height\":196,\"caption\":\"COSMETIC.LV\"},\"image\":{\"@id\":\"https:\/\/cosmetic.lv\/lv\/#\/schema\/logo\/image\/\"},\"sameAs\":[\"https:\/\/www.facebook.com\/cosmetic.lv\/\"]}]}<\/script>\n<meta property=\"product:price:amount\" content=\"84.30\" \/>\n<meta property=\"product:price:currency\" content=\"EUR\" \/>\n<meta property=\"og:availability\" content=\"instock\" \/>\n<meta property=\"product:availability\" content=\"instock\" \/>\n<meta property=\"product:retailer_item_id\" content=\"343108\" \/>\n<meta property=\"product:condition\" content=\"new\" \/>\n<!-- \/ Yoast SEO Premium plugin. -->","yoast_head_json":{"title":"YL COPAIBA 15ml - cosmetic.lv","robots":{"index":"index","follow":"follow","max-snippet":"max-snippet:-1","max-image-preview":"max-image-preview:large","max-video-preview":"max-video-preview:-1"},"canonical":"https:\/\/cosmetic.lv\/lv\/product\/yl-copaiba-15ml\/","og_locale":"lv_LV","og_type":"article","og_title":"YL COPAIBA 15ml","og_description":"Copaiba. Copaiba langsdorfii \/ langosdorfii. Par jauno dz\u012bvi \u00a0Copaiba \u00a0Bot\u0101nisk\u0101 \u0123imene: Caesalpiniaceae (caesalp\u012bns) \u00a0Izcelsmes valsts: Braz\u012blija \u00a0Akt\u012bv\u0101s vielas: Alfa-kopaene (2-5%)","og_url":"https:\/\/cosmetic.lv\/lv\/product\/yl-copaiba-15ml\/","og_site_name":"cosmetic.lv","article_publisher":"https:\/\/www.facebook.com\/cosmetic.lv\/","article_modified_time":"2021-02-11T20:53:12+00:00","og_image":[{"width":100,"height":240,"url":"https:\/\/cosmetic.lv\/wp-content\/uploads\/2021\/02\/copaiba-s-4.jpg","type":"image\/jpeg"}],"twitter_card":"summary_large_image","schema":{"@context":"https:\/\/schema.org","@graph":[{"@type":"WebPage","@id":"https:\/\/cosmetic.lv\/lv\/product\/yl-copaiba-15ml\/","url":"https:\/\/cosmetic.lv\/lv\/product\/yl-copaiba-15ml\/","name":"YL COPAIBA 15ml - cosmetic.lv","isPartOf":{"@id":"https:\/\/cosmetic.lv\/lv\/#website"},"primaryImageOfPage":{"@id":"https:\/\/cosmetic.lv\/lv\/product\/yl-copaiba-15ml\/#primaryimage"},"image":{"@id":"https:\/\/cosmetic.lv\/lv\/product\/yl-copaiba-15ml\/#primaryimage"},"thumbnailUrl":"https:\/\/cosmetic.lv\/wp-content\/uploads\/2021\/02\/copaiba-s-4.jpg","datePublished":"2021-02-06T17:56:01+00:00","dateModified":"2021-02-11T20:53:12+00:00","breadcrumb":{"@id":"https:\/\/cosmetic.lv\/lv\/product\/yl-copaiba-15ml\/#breadcrumb"},"inLanguage":"lv-LV","potentialAction":[{"@type":"ReadAction","target":["https:\/\/cosmetic.lv\/lv\/product\/yl-copaiba-15ml\/"]}]},{"@type":"ImageObject","inLanguage":"lv-LV","@id":"https:\/\/cosmetic.lv\/lv\/product\/yl-copaiba-15ml\/#primaryimage","url":"https:\/\/cosmetic.lv\/wp-content\/uploads\/2021\/02\/copaiba-s-4.jpg","contentUrl":"https:\/\/cosmetic.lv\/wp-content\/uploads\/2021\/02\/copaiba-s-4.jpg","width":100,"height":240,"caption":"copaiba-s.jpg"},{"@type":"BreadcrumbList","@id":"https:\/\/cosmetic.lv\/lv\/product\/yl-copaiba-15ml\/#breadcrumb","itemListElement":[{"@type":"ListItem","position":1,"name":"Home","item":"https:\/\/cosmetic.lv\/lv\/"},{"@type":"ListItem","position":2,"name":"Veikals","item":"https:\/\/cosmetic.lv\/lv\/veiklas\/"},{"@type":"ListItem","position":3,"name":"YL COPAIBA 15ml"}]},{"@type":"WebSite","@id":"https:\/\/cosmetic.lv\/lv\/#website","url":"https:\/\/cosmetic.lv\/lv\/","name":"cosmetic.lv","description":"Profesion\u0101la kosm\u0113tika - Maria Galland, Keune, Arkadija, GMT, Guam, Magiray","publisher":{"@id":"https:\/\/cosmetic.lv\/lv\/#organization"},"potentialAction":[{"@type":"SearchAction","target":{"@type":"EntryPoint","urlTemplate":"https:\/\/cosmetic.lv\/lv\/?s={search_term_string}"},"query-input":{"@type":"PropertyValueSpecification","valueRequired":true,"valueName":"search_term_string"}}],"inLanguage":"lv-LV"},{"@type":"Organization","@id":"https:\/\/cosmetic.lv\/lv\/#organization","name":"COSMETIC.LV","url":"https:\/\/cosmetic.lv\/lv\/","logo":{"@type":"ImageObject","inLanguage":"lv-LV","@id":"https:\/\/cosmetic.lv\/lv\/#\/schema\/logo\/image\/","url":"https:\/\/cosmetic.lv\/wp-content\/uploads\/2021\/02\/cosmetic.lv_logo.jpg","contentUrl":"https:\/\/cosmetic.lv\/wp-content\/uploads\/2021\/02\/cosmetic.lv_logo.jpg","width":596,"height":196,"caption":"COSMETIC.LV"},"image":{"@id":"https:\/\/cosmetic.lv\/lv\/#\/schema\/logo\/image\/"},"sameAs":["https:\/\/www.facebook.com\/cosmetic.lv\/"]}]},"product_price_amount":"84.30","product_price_currency":"EUR","og_availability":"instock","product_availability":"instock","product_retailer_item_id":"343108","product_condition":"new"},"_links":{"self":[{"href":"https:\/\/cosmetic.lv\/lv\/wp-json\/wp\/v2\/product\/34665","targetHints":{"allow":["GET"]}}],"collection":[{"href":"https:\/\/cosmetic.lv\/lv\/wp-json\/wp\/v2\/product"}],"about":[{"href":"https:\/\/cosmetic.lv\/lv\/wp-json\/wp\/v2\/types\/product"}],"wp:featuredmedia":[{"embeddable":true,"href":"https:\/\/cosmetic.lv\/lv\/wp-json\/wp\/v2\/media\/17095"}],"wp:attachment":[{"href":"https:\/\/cosmetic.lv\/lv\/wp-json\/wp\/v2\/media?parent=34665"}],"wp:term":[{"taxonomy":"product_brand","embeddable":true,"href":"https:\/\/cosmetic.lv\/lv\/wp-json\/wp\/v2\/product_brand?post=34665"},{"taxonomy":"product_cat","embeddable":true,"href":"https:\/\/cosmetic.lv\/lv\/wp-json\/wp\/v2\/product_cat?post=34665"},{"taxonomy":"product_tag","embeddable":true,"href":"https:\/\/cosmetic.lv\/lv\/wp-json\/wp\/v2\/product_tag?post=34665"}],"curies":[{"name":"wp","href":"https:\/\/api.w.org\/{rel}","templated":true}]}}