{"id":34666,"date":"2021-02-05T22:43:52","date_gmt":"2021-02-06T17:56:01","guid":{"rendered":"https:\/\/damme.lv\/product\/yl-cypress-15ml\/"},"modified":"2021-02-11T22:53:13","modified_gmt":"2021-02-11T20:53:13","slug":"yl-cypress-15ml","status":"publish","type":"product","link":"https:\/\/cosmetic.lv\/lv\/product\/yl-cypress-15ml\/","title":{"rendered":"YL CYPRESS 15ml"},"content":{"rendered":"<p>Cypress. Cupressus sempervirens.<br \/>\n\u00a0Par jauno dz\u012bvi<\/p>\n<p>Cypress<\/p>\n<p>Bot\u0101nisk\u0101 \u0123imene: Cupressaceae (kiprese)<\/p>\n<p>Izcelsmes valsts: Francija, Sp\u0101nija<\/p>\n<p>Akt\u012bv\u0101s vielas:<\/p>\n<p>Alfa-pin\u0113na (40-65%)<br \/>\nBeta-pin\u0113na (0,5-3%)<br \/>\nDelta-3-Kar\u0113na (12-25%)<br \/>\nLimon\u0113ns (1,8-5%)<br \/>\nCedrol (0,8-7%)<br \/>\nM\u012br\u0113ns (T3,5%)<br \/>\nManojila oks\u012bds Iso-pimar\u0101d\u0113\u0113ns Karahanaenons<br \/>\n\u00a0V\u0113sturisk\u0101 inform\u0101cija: v\u0101rds &quot;cypress&quot; ir atvasin\u0101ts no grie\u0137u &quot;semprevvivens&quot;, kas noz\u012bm\u0113 &quot;dz\u012bvot m\u016b\u017e\u012bgi.&quot; Grie\u0137i izmantoja koku, lai samazin\u0101tu vi\u0146u dievu statujas. Le\u0123enda saka, ka J\u0113zus krusts tika izgatavots no Cypress.<\/p>\n<p>\u00a0\u0100rstnieciskas \u012bpa\u0161\u012bbas: t\u0101 uzlabo asinsriti un nostiprina kapil\u0101ru, spazmol\u012btiskais (musku\u013cu un dzemdes), antibakteri\u0101la, pretinfekcijas, pretiekaisuma, pretmikrobu, antiseptiska, diur\u0113ti\u0137is, anti (limf\u0101tisk\u0101s sist\u0113mas un prostatas), mucolytic, atkr\u0113po\u0161anas, ar vazokonstriktors, veicina \u0161\u0137idruma izpl\u016bdi detoksik\u0101ciju.<\/p>\n<p>\u00a0In ko izmanto slim\u012bbas: artr\u012bts, reimatisms, v\u0113zis, krampji, musku\u013cu s\u0101pes, musku\u013cu spazmas, varikoz\u0101s v\u0113nas, asinsrites trauc\u0113jumi, \u0161\u0137idruma aizture, t\u016bska, prostatas t\u016bska, menopauzes probl\u0113mas, s\u0101pes, menstru\u0101ciju krampji menstru\u0101ciju laik\u0101, limf\u0101tisk\u0101s sist\u0113mas slim\u012bbas , diab\u0113ts, aizku\u0146\u0123a dziedzera slim\u012bbas, tuberkuloze, r\u012bkles iekaisums, taukaina \u0101da, lielas poras, sausa \u0101da, fedings \u0101das, zilumi, sasitumi, kuperozai, taukainiem matiem, blaugznas, matu izkri\u0161ana.<\/p>\n<p>\u00a0Tas pal\u012bdz atbr\u012bvoties no kairino\u0161s klepus, un diskomfortu kr\u016bt\u012bs klepojot.<\/p>\n<p>\u00a0Gar\u012bg\u0101 un emocion\u0101l\u0101 ietekme: Cypress sp\u0113ja atjaunot asinsriti rada harmoniju. \u0112terisk\u0101 e\u013c\u013ca veicina gar\u012bgo izaugsmi, uztur m\u016bs uz evol\u016bcijas izmai\u0146as, ko m\u0113s v\u0113lamies dar\u012bt, pal\u012bdz mums saprast, k\u0101das izmai\u0146as ir vislab\u0101k mums.<\/p>\n<p>\u00a0Starp citu, tad \u0113terisk\u0101s e\u013c\u013cas ciedra, v\u012braku, Palo Santo ar\u012b stabiliz\u0113sies, zemes, radot dro\u0161\u012bbu m\u016bsu b\u016bt\u012bbu, gan fiziski, gan emocion\u0101li.<\/p>\n<p>\u00a0Ietekme uz pr\u0101t\u0101: t\u0101 samazina zaud\u0113juma saj\u016btu, rada dro\u0161\u012bbas saj\u016btu un p\u0101rliec\u012bbu. Pal\u012bdz iz\u0101rst\u0113t emocion\u0101lu traumu, nomierina un m\u012bkstina dusmas.<\/p>\n<p>\u00a0ORAC: 24300 \u03bcTE \/ 100 g<\/p>\n<p>Kas ir ORAC? ORAC &#8211; ir sk\u0101bek\u013ca Radical absorbcijas diapazon\u0101 pas\u0101kumiem jaudas sp\u0113ju antioksidantiem vai absorb\u0113 br\u012bvos radik\u0101\u013cus. Vienk\u0101r\u0161\u0101 valod\u0101, tas noz\u012bm\u0113, ka zin\u0101tnisko j\u0113dzienu cik labi viela pal\u012bdz manu \u0137ermeni, lai risin\u0101tu ar t\u0101diem trauc\u0113jumiem, k\u0101 v\u0113zis, sirds un asinsvadu slim\u012bb\u0101m, hronisk\u0101m slim\u012bb\u0101m, org\u0101nos un audos. T\u0101 tika ieviesta p\u0113tnieki no Valsts instit\u016bta Noveco\u0161ana pie National Institutes of Health (NIH) Baltimore, ASV.<\/p>\n<p>Ra\u017eo\u0161anas metode: tvaika destil\u0101cija no fili\u0101l\u0113m<\/p>\n<p>Lieto\u0161ana un doz\u0113\u0161ana:<\/p>\n<p>m\u0113s \u0161\u0137irties 1: 1 ar augu e\u013c\u013cu vai ar e\u013c\u013cu V-6<br \/>\ne\u013c\u013ca tiek uzskat\u012bta par dro\u0161u (GRAS) iek\u0161\u0113jai lieto\u0161anai FDA<br \/>\nuzkl\u0101jiet 1-3 pilienus s\u0101p\u012bgaj\u0101 viet\u0101<br \/>\niek\u0161\u0137\u012bgai lieto\u0161anai, ievietojiet kapsul\u0101 2 reizes dien\u0101, ja nepiecie\u0161ams<br \/>\nattiecas uz Vita Flex punktiem<br \/>\nmas\u0101\u017eas lietusl\u0101si tehnik\u0101 &#8211; layering e\u013c\u013c\u0101m &#8211; ne \u0161\u0137ir\u0161an\u0101s<br \/>\nieelpot no plaukst\u0101m vai no pudeles<br \/>\n\u00a05-8 pilieni Diffusor\u0101, 30 min\u016btes 3 reizes dien\u0101 vai p\u0113c nepiecie\u0161am\u012bbas<br \/>\nvann\u0101 5-6 pilienus uz emulgatora<br \/>\nKosm\u0113tikas bag\u0101tin\u0101\u0161ana: 2 pilieni uz 10 ml pamatnes<br \/>\nLieto\u0161ana m\u0101jdz\u012bvniekiem: J\u0101, ir iesp\u0113jams \u013coti at\u0161\u0137aid\u012bt. Lietder\u012bgi izmantot mais\u012bjums \u0113terisko e\u013c\u013cu Cypress, lai atbr\u012bvotos no musku\u013cu spazmas.<\/p>\n<p>Da\u017eas e\u013c\u013cas var b\u016bt \u013coti toksiskas ka\u0137iem. Tie ietver citrusaug\u013cu e\u013c\u013cas, kas nav terapeitiskas kvalit\u0101tes! L\u016bdzu, sazinieties ar savu veterin\u0101r\u0101rstu, ja neesat p\u0101rliecin\u0101ts, vai varat izmantot \u0113terisk\u0101s e\u013c\u013cas, lai j\u016bsu pet.<\/p>\n<p>Piesardz\u012bbas pas\u0101kumi:<\/p>\n<p>Izmantojiet tikai terapeitisku e\u013c\u013cu<br \/>\nm\u0113s \u0161\u0137irties 1: 1 ar augu e\u013c\u013cu vai ar e\u013c\u013cu V-6<br \/>\n\u00a0mas\u0101\u017eas lietusl\u0101si tehnik\u0101 &#8211; layering e\u013c\u013c\u0101m &#8211; ne \u0161\u0137ir\u0161an\u0101s<br \/>\nkad to piem\u0113ro uz \u0101das viegli t\u012br\u0101 veid\u0101 tirp\u0161anu 1-3 min, reakcij\u0101 ar dabas<br \/>\nnosl\u0113gt\u0101 iepakojuma der\u012bguma termi\u0146\u0161 nav ierobe\u017eots<br \/>\nCypress \u0113terisk\u0101 e\u013c\u013ca ir da\u013ca: Aroma Life Aroma Siez, Cel-Lite Magic Mas\u0101\u017eas e\u013c\u013ca, HAT, Power milti, R.C<\/p>\n<p>Papildu \u0113terisk\u0101s e\u013c\u013cas bergamotes, lavandas, Bigard, salvija, citronellas, kumel\u012btes, kadi\u0137u, sandalkoka, v\u012braku rozmar\u012bns, lauru, baldri\u0101na, vetiv\u0113riju, \u0123er\u0101niju, ilang-ilang, ciedra, citrona, major\u0101na, mirres, mir\u0161u, muskatrieksts, Neroli , patchouli, melnie pipari, egles.<\/p>\n","protected":false},"excerpt":{"rendered":"<p>Cypress. Cupressus sempervirens. \u00a0Par jauno dz\u012bvi Cypress Bot\u0101nisk\u0101 \u0123imene: Cupressaceae (kiprese) Izcelsmes valsts: Francija, Sp\u0101nija Akt\u012bv\u0101s vielas: Alfa-pin\u0113na (40-65%) Beta-pin\u0113na<\/p>\n","protected":false},"featured_media":17098,"template":"","meta":[],"product_brand":[],"product_cat":[2186,2193],"product_tag":[],"class_list":{"0":"post-34666","1":"product","2":"type-product","3":"status-publish","4":"has-post-thumbnail","6":"product_cat-young-living-eteriskas-ellas-un-kosmetika-augstas-kvalitates","7":"product_cat-eteriskas-ellas-lv","9":"first","10":"instock","11":"taxable","12":"shipping-taxable","13":"purchasable","14":"product-type-simple"},"yoast_head":"<!-- This site is optimized with the Yoast SEO Premium plugin v27.0 (Yoast SEO v27.0) - https:\/\/yoast.com\/product\/yoast-seo-premium-wordpress\/ -->\n<title>YL CYPRESS 15ml - cosmetic.lv<\/title>\n<meta name=\"robots\" content=\"index, follow, max-snippet:-1, max-image-preview:large, max-video-preview:-1\" \/>\n<link rel=\"canonical\" href=\"https:\/\/cosmetic.lv\/lv\/product\/yl-cypress-15ml\/\" \/>\n<meta property=\"og:locale\" content=\"lv_LV\" \/>\n<meta property=\"og:type\" content=\"article\" \/>\n<meta property=\"og:title\" content=\"YL CYPRESS 15ml\" \/>\n<meta property=\"og:description\" content=\"Cypress. Cupressus sempervirens. \u00a0Par jauno dz\u012bvi Cypress Bot\u0101nisk\u0101 \u0123imene: Cupressaceae (kiprese) Izcelsmes valsts: Francija, Sp\u0101nija Akt\u012bv\u0101s vielas: Alfa-pin\u0113na (40-65%) Beta-pin\u0113na\" \/>\n<meta property=\"og:url\" content=\"https:\/\/cosmetic.lv\/lv\/product\/yl-cypress-15ml\/\" \/>\n<meta property=\"og:site_name\" content=\"cosmetic.lv\" \/>\n<meta property=\"article:publisher\" content=\"https:\/\/www.facebook.com\/cosmetic.lv\/\" \/>\n<meta property=\"article:modified_time\" content=\"2021-02-11T20:53:13+00:00\" \/>\n<meta property=\"og:image\" content=\"https:\/\/cosmetic.lv\/wp-content\/uploads\/2021\/02\/cypress-s-4.jpg\" \/>\n\t<meta property=\"og:image:width\" content=\"100\" \/>\n\t<meta property=\"og:image:height\" content=\"240\" \/>\n\t<meta property=\"og:image:type\" content=\"image\/jpeg\" \/>\n<meta name=\"twitter:card\" content=\"summary_large_image\" \/>\n<script type=\"application\/ld+json\" class=\"yoast-schema-graph\">{\"@context\":\"https:\/\/schema.org\",\"@graph\":[{\"@type\":\"WebPage\",\"@id\":\"https:\/\/cosmetic.lv\/lv\/product\/yl-cypress-15ml\/\",\"url\":\"https:\/\/cosmetic.lv\/lv\/product\/yl-cypress-15ml\/\",\"name\":\"YL CYPRESS 15ml - cosmetic.lv\",\"isPartOf\":{\"@id\":\"https:\/\/cosmetic.lv\/lv\/#website\"},\"primaryImageOfPage\":{\"@id\":\"https:\/\/cosmetic.lv\/lv\/product\/yl-cypress-15ml\/#primaryimage\"},\"image\":{\"@id\":\"https:\/\/cosmetic.lv\/lv\/product\/yl-cypress-15ml\/#primaryimage\"},\"thumbnailUrl\":\"https:\/\/cosmetic.lv\/wp-content\/uploads\/2021\/02\/cypress-s-4.jpg\",\"datePublished\":\"2021-02-06T17:56:01+00:00\",\"dateModified\":\"2021-02-11T20:53:13+00:00\",\"breadcrumb\":{\"@id\":\"https:\/\/cosmetic.lv\/lv\/product\/yl-cypress-15ml\/#breadcrumb\"},\"inLanguage\":\"lv-LV\",\"potentialAction\":[{\"@type\":\"ReadAction\",\"target\":[\"https:\/\/cosmetic.lv\/lv\/product\/yl-cypress-15ml\/\"]}]},{\"@type\":\"ImageObject\",\"inLanguage\":\"lv-LV\",\"@id\":\"https:\/\/cosmetic.lv\/lv\/product\/yl-cypress-15ml\/#primaryimage\",\"url\":\"https:\/\/cosmetic.lv\/wp-content\/uploads\/2021\/02\/cypress-s-4.jpg\",\"contentUrl\":\"https:\/\/cosmetic.lv\/wp-content\/uploads\/2021\/02\/cypress-s-4.jpg\",\"width\":100,\"height\":240,\"caption\":\"cypress-s.jpg\"},{\"@type\":\"BreadcrumbList\",\"@id\":\"https:\/\/cosmetic.lv\/lv\/product\/yl-cypress-15ml\/#breadcrumb\",\"itemListElement\":[{\"@type\":\"ListItem\",\"position\":1,\"name\":\"Home\",\"item\":\"https:\/\/cosmetic.lv\/lv\/\"},{\"@type\":\"ListItem\",\"position\":2,\"name\":\"Veikals\",\"item\":\"https:\/\/cosmetic.lv\/lv\/veiklas\/\"},{\"@type\":\"ListItem\",\"position\":3,\"name\":\"YL CYPRESS 15ml\"}]},{\"@type\":\"WebSite\",\"@id\":\"https:\/\/cosmetic.lv\/lv\/#website\",\"url\":\"https:\/\/cosmetic.lv\/lv\/\",\"name\":\"cosmetic.lv\",\"description\":\"Profesion\u0101la kosm\u0113tika - Maria Galland, Keune, Arkadija, GMT, Guam, Magiray\",\"publisher\":{\"@id\":\"https:\/\/cosmetic.lv\/lv\/#organization\"},\"potentialAction\":[{\"@type\":\"SearchAction\",\"target\":{\"@type\":\"EntryPoint\",\"urlTemplate\":\"https:\/\/cosmetic.lv\/lv\/?s={search_term_string}\"},\"query-input\":{\"@type\":\"PropertyValueSpecification\",\"valueRequired\":true,\"valueName\":\"search_term_string\"}}],\"inLanguage\":\"lv-LV\"},{\"@type\":\"Organization\",\"@id\":\"https:\/\/cosmetic.lv\/lv\/#organization\",\"name\":\"COSMETIC.LV\",\"url\":\"https:\/\/cosmetic.lv\/lv\/\",\"logo\":{\"@type\":\"ImageObject\",\"inLanguage\":\"lv-LV\",\"@id\":\"https:\/\/cosmetic.lv\/lv\/#\/schema\/logo\/image\/\",\"url\":\"https:\/\/cosmetic.lv\/wp-content\/uploads\/2021\/02\/cosmetic.lv_logo.jpg\",\"contentUrl\":\"https:\/\/cosmetic.lv\/wp-content\/uploads\/2021\/02\/cosmetic.lv_logo.jpg\",\"width\":596,\"height\":196,\"caption\":\"COSMETIC.LV\"},\"image\":{\"@id\":\"https:\/\/cosmetic.lv\/lv\/#\/schema\/logo\/image\/\"},\"sameAs\":[\"https:\/\/www.facebook.com\/cosmetic.lv\/\"]}]}<\/script>\n<meta property=\"product:price:amount\" content=\"39.83\" \/>\n<meta property=\"product:price:currency\" content=\"EUR\" \/>\n<meta property=\"og:availability\" content=\"instock\" \/>\n<meta property=\"product:availability\" content=\"instock\" \/>\n<meta property=\"product:retailer_item_id\" content=\"353008\" \/>\n<meta property=\"product:condition\" content=\"new\" \/>\n<!-- \/ Yoast SEO Premium plugin. -->","yoast_head_json":{"title":"YL CYPRESS 15ml - cosmetic.lv","robots":{"index":"index","follow":"follow","max-snippet":"max-snippet:-1","max-image-preview":"max-image-preview:large","max-video-preview":"max-video-preview:-1"},"canonical":"https:\/\/cosmetic.lv\/lv\/product\/yl-cypress-15ml\/","og_locale":"lv_LV","og_type":"article","og_title":"YL CYPRESS 15ml","og_description":"Cypress. Cupressus sempervirens. \u00a0Par jauno dz\u012bvi Cypress Bot\u0101nisk\u0101 \u0123imene: Cupressaceae (kiprese) Izcelsmes valsts: Francija, Sp\u0101nija Akt\u012bv\u0101s vielas: Alfa-pin\u0113na (40-65%) Beta-pin\u0113na","og_url":"https:\/\/cosmetic.lv\/lv\/product\/yl-cypress-15ml\/","og_site_name":"cosmetic.lv","article_publisher":"https:\/\/www.facebook.com\/cosmetic.lv\/","article_modified_time":"2021-02-11T20:53:13+00:00","og_image":[{"width":100,"height":240,"url":"https:\/\/cosmetic.lv\/wp-content\/uploads\/2021\/02\/cypress-s-4.jpg","type":"image\/jpeg"}],"twitter_card":"summary_large_image","schema":{"@context":"https:\/\/schema.org","@graph":[{"@type":"WebPage","@id":"https:\/\/cosmetic.lv\/lv\/product\/yl-cypress-15ml\/","url":"https:\/\/cosmetic.lv\/lv\/product\/yl-cypress-15ml\/","name":"YL CYPRESS 15ml - cosmetic.lv","isPartOf":{"@id":"https:\/\/cosmetic.lv\/lv\/#website"},"primaryImageOfPage":{"@id":"https:\/\/cosmetic.lv\/lv\/product\/yl-cypress-15ml\/#primaryimage"},"image":{"@id":"https:\/\/cosmetic.lv\/lv\/product\/yl-cypress-15ml\/#primaryimage"},"thumbnailUrl":"https:\/\/cosmetic.lv\/wp-content\/uploads\/2021\/02\/cypress-s-4.jpg","datePublished":"2021-02-06T17:56:01+00:00","dateModified":"2021-02-11T20:53:13+00:00","breadcrumb":{"@id":"https:\/\/cosmetic.lv\/lv\/product\/yl-cypress-15ml\/#breadcrumb"},"inLanguage":"lv-LV","potentialAction":[{"@type":"ReadAction","target":["https:\/\/cosmetic.lv\/lv\/product\/yl-cypress-15ml\/"]}]},{"@type":"ImageObject","inLanguage":"lv-LV","@id":"https:\/\/cosmetic.lv\/lv\/product\/yl-cypress-15ml\/#primaryimage","url":"https:\/\/cosmetic.lv\/wp-content\/uploads\/2021\/02\/cypress-s-4.jpg","contentUrl":"https:\/\/cosmetic.lv\/wp-content\/uploads\/2021\/02\/cypress-s-4.jpg","width":100,"height":240,"caption":"cypress-s.jpg"},{"@type":"BreadcrumbList","@id":"https:\/\/cosmetic.lv\/lv\/product\/yl-cypress-15ml\/#breadcrumb","itemListElement":[{"@type":"ListItem","position":1,"name":"Home","item":"https:\/\/cosmetic.lv\/lv\/"},{"@type":"ListItem","position":2,"name":"Veikals","item":"https:\/\/cosmetic.lv\/lv\/veiklas\/"},{"@type":"ListItem","position":3,"name":"YL CYPRESS 15ml"}]},{"@type":"WebSite","@id":"https:\/\/cosmetic.lv\/lv\/#website","url":"https:\/\/cosmetic.lv\/lv\/","name":"cosmetic.lv","description":"Profesion\u0101la kosm\u0113tika - Maria Galland, Keune, Arkadija, GMT, Guam, Magiray","publisher":{"@id":"https:\/\/cosmetic.lv\/lv\/#organization"},"potentialAction":[{"@type":"SearchAction","target":{"@type":"EntryPoint","urlTemplate":"https:\/\/cosmetic.lv\/lv\/?s={search_term_string}"},"query-input":{"@type":"PropertyValueSpecification","valueRequired":true,"valueName":"search_term_string"}}],"inLanguage":"lv-LV"},{"@type":"Organization","@id":"https:\/\/cosmetic.lv\/lv\/#organization","name":"COSMETIC.LV","url":"https:\/\/cosmetic.lv\/lv\/","logo":{"@type":"ImageObject","inLanguage":"lv-LV","@id":"https:\/\/cosmetic.lv\/lv\/#\/schema\/logo\/image\/","url":"https:\/\/cosmetic.lv\/wp-content\/uploads\/2021\/02\/cosmetic.lv_logo.jpg","contentUrl":"https:\/\/cosmetic.lv\/wp-content\/uploads\/2021\/02\/cosmetic.lv_logo.jpg","width":596,"height":196,"caption":"COSMETIC.LV"},"image":{"@id":"https:\/\/cosmetic.lv\/lv\/#\/schema\/logo\/image\/"},"sameAs":["https:\/\/www.facebook.com\/cosmetic.lv\/"]}]},"product_price_amount":"39.83","product_price_currency":"EUR","og_availability":"instock","product_availability":"instock","product_retailer_item_id":"353008","product_condition":"new"},"_links":{"self":[{"href":"https:\/\/cosmetic.lv\/lv\/wp-json\/wp\/v2\/product\/34666","targetHints":{"allow":["GET"]}}],"collection":[{"href":"https:\/\/cosmetic.lv\/lv\/wp-json\/wp\/v2\/product"}],"about":[{"href":"https:\/\/cosmetic.lv\/lv\/wp-json\/wp\/v2\/types\/product"}],"wp:featuredmedia":[{"embeddable":true,"href":"https:\/\/cosmetic.lv\/lv\/wp-json\/wp\/v2\/media\/17098"}],"wp:attachment":[{"href":"https:\/\/cosmetic.lv\/lv\/wp-json\/wp\/v2\/media?parent=34666"}],"wp:term":[{"taxonomy":"product_brand","embeddable":true,"href":"https:\/\/cosmetic.lv\/lv\/wp-json\/wp\/v2\/product_brand?post=34666"},{"taxonomy":"product_cat","embeddable":true,"href":"https:\/\/cosmetic.lv\/lv\/wp-json\/wp\/v2\/product_cat?post=34666"},{"taxonomy":"product_tag","embeddable":true,"href":"https:\/\/cosmetic.lv\/lv\/wp-json\/wp\/v2\/product_tag?post=34666"}],"curies":[{"name":"wp","href":"https:\/\/api.w.org\/{rel}","templated":true}]}}