{"id":34667,"date":"2021-02-05T22:43:52","date_gmt":"2021-02-06T17:56:01","guid":{"rendered":"https:\/\/damme.lv\/product\/dorado-azul-5ml\/"},"modified":"2021-02-11T22:53:13","modified_gmt":"2021-02-11T20:53:13","slug":"dorado-azul-5ml","status":"publish","type":"product","link":"https:\/\/cosmetic.lv\/lv\/product\/dorado-azul-5ml\/","title":{"rendered":"DORADO AZUL 5ml"},"content":{"rendered":"<p>Dorado Azul. Hyptis suaveolens.<br \/>\nPar jauno dz\u012bvi<\/p>\n<p>Dorado Azul<br \/>\nBot\u0101nisk\u0101 \u0123imene: Lamiaceae (skaidra)<\/p>\n<p>Izcelsmes valsts: Ekvadora<\/p>\n<p>Akt\u012bv\u0101s vielas:<\/p>\n<p>Alfa-fenols (4-12%)<br \/>\nBeta-pin\u0113na (7-12%)<br \/>\nBiciklogermakr\u0113ns (4-8%)<br \/>\nEukaliptols 1,8-cineols (23-46%)<br \/>\nLimon\u0113ns (3-7%) Sabinene (7-18%)<br \/>\n\u00a0V\u0113sturisk\u0101 inform\u0101cija: l\u012bdz 2006. gadam Dorado Azul uzauga Ekvador\u0101 k\u0101 nez\u0101les, l\u012bdz Gerijs Young netika p\u0101rtulkojies un p\u0113t\u012bjis to. Pamatiedz\u012bvot\u0101ju Indijas, Nig\u0113rijas un cit\u0101m valst\u012bm, ko izmanto to simtiem gadu, lai \u0101rst\u0113tu bakteri\u0101lo slim\u012bbu, audz\u0113ju, v\u0113zis, \u0101das slim\u012bbas, ku\u0146\u0123a un zarnu trakta slim\u012bbu, kukai\u0146u atbaid\u012b\u0161anas un mosk\u012btu atbaid\u012b\u0161anas.<\/p>\n<p>\u00a0\u0100rstnieciskas \u012bpa\u0161\u012bbas: pretiekaisuma, prets\u0101pju, antiseptiska, pretmikrobu, antibakteri\u0101las, antioksidantu, pretv\u0113\u017ea, protivoonkologicheskoe, insektic\u012bdu, elpo\u0161anas veicin\u0101\u0161anai.<\/p>\n<p>\u00a0Kur\u0161 slim\u012bbas izmanto: astma, v\u0113zis, iekaisums, trauc\u0113ta smadze\u0146u funkcijas, ku\u0146\u0123a-zarnu trakta trauc\u0113jumi, Candida, s\u0113n\u012b\u0161u infekcijas, zarnu, gremo\u0161anas trauc\u0113jumi, s\u0101pes, musku\u013cu s\u0101pes, artr\u012bts, reimatisms, reimato\u012bdais s\u0101pes, \u0101das slim\u012bbas, elpo\u0161anas ce\u013cu slim\u012bbas, klepus , gripa, bronh\u012bts, aler\u0123iskas reakcijas, kas izraisa sa\u0161aurin\u0101tas un elpo\u0161anas draudu, k\u0101di elpo\u0161anas trauc\u0113jumi, saaukst\u0113\u0161an\u0101s, sinus\u012bts, deguna blakusdobumu iekaisums, sinus\u012bts, asinsvadu papla\u0161in\u0101\u0161anos, trauc\u0113ta cirkul\u0101ciju, nervu sist\u0113mas slim\u012bbas, br\u016b\u010du dz\u012b\u0161anas, n Rushen hormon\u0101l\u0101 atlikums, cistisk\u0101s fibrozes.<\/p>\n<p>\u00a0Ekvadoras Nova Vita kl\u012bnik\u0101 Dorado Azul tiek lietots kop\u0101 ar Helichrysum s\u0101pju mazin\u0101\u0161anai.<\/p>\n<p>\u00a0Starptautisk\u0101 V\u0113stnesis Lieti\u0161\u0137\u0101s biolo\u0123ijas un lieti\u0161\u0137\u0101s Pharmaceutical Technology, 2011. gada mart\u0101, public\u0113ts p\u0113t\u012bjums &#8211; Dorado Azul pal\u012bdz sadz\u012b\u0161ana \u0137erme\u0146a pak\u013cauti stero\u012bdiem terapijas laik\u0101, ieskaitot deksametazona (sp\u0113c\u012bgs glikokortiko\u012bdu narkotik\u0101m). Ir zin\u0101ms, ka viena no stero\u012bdu blakuspar\u0101d\u012bb\u0101m ir dabisko br\u016b\u010du sadz\u012b\u0161ana. Dorado Azul atjauno \u0161o sp\u0113ju.<\/p>\n<p>\u00a0<\/p>\n<p>\u00a0Gar\u012bg\u0101 un emocion\u0101l\u0101 ietekme: Dorado Azul \u0113terisk\u0101 e\u013c\u013ca nomierina emocion\u0101lo \u0137ermeni, atver elpo\u0161anas ce\u013cus, pal\u012bdzot iekaisuma saj\u016bta. Nostiprina uztic\u0113\u0161anos, \u013cauj p\u0101rvietoties j\u016bsu pl\u016bsm\u0101. Kad elpa ir atjaunota, m\u0113s varam atbr\u012bvot st\u012bvumu un nosod\u012bjumu, kas savuk\u0101rt izraisa elpo\u0161anas probl\u0113mas. Un apburtais aplis ir salauzts.<\/p>\n<p>\u00a0\u0112terisk\u0101s e\u013c\u013cas &#8211; fenolu, seviterp\u0113nu, monoterp\u0113nu \u0137\u012bmiskais sast\u0101vs &#8211; no\u0146em negat\u012bvo inform\u0101ciju par \u0161\u016bnu un DNS l\u012bmeni.<\/p>\n<p>\u00a0Ietekme uz pr\u0101tu: uzlabo garast\u0101vokli.<\/p>\n<p>\u00a0ORAC: nav izm\u0113r\u012bts<\/p>\n<p>\u00a0Kas ir ORAC? ORAC &#8211; ir sk\u0101bek\u013ca Radical absorbcijas diapazon\u0101 pas\u0101kumiem jaudas sp\u0113ju antioksidantiem vai absorb\u0113 br\u012bvos radik\u0101\u013cus. Vienk\u0101r\u0161\u0101 valod\u0101, tas noz\u012bm\u0113, ka zin\u0101tnisko j\u0113dzienu cik labi viela pal\u012bdz manu \u0137ermeni, lai risin\u0101tu ar t\u0101diem trauc\u0113jumiem, k\u0101 v\u0113zis, sirds un asinsvadu slim\u012bb\u0101m, hronisk\u0101m slim\u012bb\u0101m, org\u0101nos un audos. T\u0101 tika ieviesta p\u0113tnieki no Valsts instit\u016bta Noveco\u0161ana pie National Institutes of Health (NIH) Baltimore, ASV.<\/p>\n<p>\u00a0Ra\u017eo\u0161anas metode: Tvaika destil\u0101ciju visa auga, ir interesanti, ka Dorado Azul atst\u0101j iesl\u0113gtu zilu, kad iek\u0101rta ir gatava nov\u0101k\u0161anai.<\/p>\n<p>\u00a0Lieto\u0161ana un doz\u0113\u0161ana:<\/p>\n<p>m\u0113s \u0161\u0137irties 1: 1 ar augu e\u013c\u013cu vai ar e\u013c\u013cu V-6<br \/>\ne\u013c\u013ca tiek uzskat\u012bta par dro\u0161u (GRAS) iek\u0161\u0113jai lieto\u0161anai FDA<br \/>\nuzkl\u0101jiet 1-3 pilienus s\u0101p\u012bgaj\u0101 viet\u0101<br \/>\nProbl\u0113mas ar zarn\u0101m uzkl\u0101t v\u0113dera rajon\u0101 2-4 pilienus<br \/>\niek\u0161\u0137\u012bgai lieto\u0161anai, ievietojiet kapsul\u0101 2 reizes dien\u0101, ja nepiecie\u0161ams, 1-10 pilienu<br \/>\n1-2 pilieni uz m\u0113les vai pievienojiet dzeramajam \u016bdenim<br \/>\nattiecas uz Vita Flex punktiem<br \/>\nieelpot no plaukst\u0101m vai no pudeles<br \/>\n5-8 pilieni Diffusor\u0101, 30 min\u016btes 3 reizes dien\u0101 vai p\u0113c nepiecie\u0161am\u012bbas<br \/>\nvann\u0101 5-6 pilienus uz emulgatora<br \/>\nKosm\u0113tikas bag\u0101tin\u0101\u0161ana: 2 pilieni uz 10 ml pamatnes<br \/>\n\u00a0Izmantot m\u0101jdz\u012bvniekiem: J\u0101.<\/p>\n<p>\u00a0Da\u017eas e\u013c\u013cas var b\u016bt \u013coti toksiskas ka\u0137iem. Tie ietver citrusaug\u013cu e\u013c\u013cas, kas nav terapeitiskas kvalit\u0101tes! L\u016bdzu, konsult\u0113jieties ar savu veterin\u0101r\u0101rstu, ja neesat p\u0101rliecin\u0101ts, vai varat izmantot \u0113terisko e\u013c\u013cu savam veterin\u0101r\u0101rstam.<\/p>\n<p>\u00a0Piesardz\u012bbas pas\u0101kumi:<\/p>\n<p>Izmantojiet tikai terapeitisku e\u013c\u013cu<br \/>\nm\u0113s \u0161\u0137irties 1: 1 ar augu e\u013c\u013cu vai ar e\u013c\u013cu V-6<br \/>\ne\u013c\u013ca tiek uzskat\u012bta par dro\u0161u (GRAS) iek\u0161\u0113jai lieto\u0161anai FDA<br \/>\nB\u0113rniem l\u012bdz 6 gadu vecumam nevajadz\u0113tu lietot e\u013c\u013cu k\u0101 p\u0101rtikas piedevu<br \/>\nja uzkl\u0101j uz \u0101das t\u012br\u0101 form\u0101, viegli sarec\u0113jam 1-3 min, reakcija ir dabiska<br \/>\nglab\u0101t b\u0113rniem nepieejam\u0101 viet\u0101<br \/>\nnosl\u0113gt\u0101 iepakojuma der\u012bguma termi\u0146\u0161 nav ierobe\u017eots<\/p>\n","protected":false},"excerpt":{"rendered":"<p>Dorado Azul. Hyptis suaveolens. Par jauno dz\u012bvi Dorado Azul Bot\u0101nisk\u0101 \u0123imene: Lamiaceae (skaidra) Izcelsmes valsts: Ekvadora Akt\u012bv\u0101s vielas: Alfa-fenols (4-12%)<\/p>\n","protected":false},"featured_media":17101,"template":"","meta":[],"product_brand":[],"product_cat":[2186,2193],"product_tag":[],"class_list":{"0":"post-34667","1":"product","2":"type-product","3":"status-publish","4":"has-post-thumbnail","6":"product_cat-young-living-eteriskas-ellas-un-kosmetika-augstas-kvalitates","7":"product_cat-eteriskas-ellas-lv","9":"first","10":"instock","11":"taxable","12":"shipping-taxable","13":"purchasable","14":"product-type-simple"},"yoast_head":"<!-- This site is optimized with the Yoast SEO Premium plugin v27.0 (Yoast SEO v27.0) - https:\/\/yoast.com\/product\/yoast-seo-premium-wordpress\/ -->\n<title>DORADO AZUL 5ml - cosmetic.lv<\/title>\n<meta name=\"robots\" content=\"index, follow, max-snippet:-1, max-image-preview:large, max-video-preview:-1\" \/>\n<link rel=\"canonical\" href=\"https:\/\/cosmetic.lv\/lv\/product\/dorado-azul-5ml\/\" \/>\n<meta property=\"og:locale\" content=\"lv_LV\" \/>\n<meta property=\"og:type\" content=\"article\" \/>\n<meta property=\"og:title\" content=\"DORADO AZUL 5ml\" \/>\n<meta property=\"og:description\" content=\"Dorado Azul. Hyptis suaveolens. Par jauno dz\u012bvi Dorado Azul Bot\u0101nisk\u0101 \u0123imene: Lamiaceae (skaidra) Izcelsmes valsts: Ekvadora Akt\u012bv\u0101s vielas: Alfa-fenols (4-12%)\" \/>\n<meta property=\"og:url\" content=\"https:\/\/cosmetic.lv\/lv\/product\/dorado-azul-5ml\/\" \/>\n<meta property=\"og:site_name\" content=\"cosmetic.lv\" \/>\n<meta property=\"article:publisher\" content=\"https:\/\/www.facebook.com\/cosmetic.lv\/\" \/>\n<meta property=\"article:modified_time\" content=\"2021-02-11T20:53:13+00:00\" \/>\n<meta property=\"og:image\" content=\"https:\/\/cosmetic.lv\/wp-content\/uploads\/2021\/02\/dorado-azul-s-4.jpg\" \/>\n\t<meta property=\"og:image:width\" content=\"97\" \/>\n\t<meta property=\"og:image:height\" content=\"240\" \/>\n\t<meta property=\"og:image:type\" content=\"image\/jpeg\" \/>\n<meta name=\"twitter:card\" content=\"summary_large_image\" \/>\n<script type=\"application\/ld+json\" class=\"yoast-schema-graph\">{\"@context\":\"https:\/\/schema.org\",\"@graph\":[{\"@type\":\"WebPage\",\"@id\":\"https:\/\/cosmetic.lv\/lv\/product\/dorado-azul-5ml\/\",\"url\":\"https:\/\/cosmetic.lv\/lv\/product\/dorado-azul-5ml\/\",\"name\":\"DORADO AZUL 5ml - cosmetic.lv\",\"isPartOf\":{\"@id\":\"https:\/\/cosmetic.lv\/lv\/#website\"},\"primaryImageOfPage\":{\"@id\":\"https:\/\/cosmetic.lv\/lv\/product\/dorado-azul-5ml\/#primaryimage\"},\"image\":{\"@id\":\"https:\/\/cosmetic.lv\/lv\/product\/dorado-azul-5ml\/#primaryimage\"},\"thumbnailUrl\":\"https:\/\/cosmetic.lv\/wp-content\/uploads\/2021\/02\/dorado-azul-s-4.jpg\",\"datePublished\":\"2021-02-06T17:56:01+00:00\",\"dateModified\":\"2021-02-11T20:53:13+00:00\",\"breadcrumb\":{\"@id\":\"https:\/\/cosmetic.lv\/lv\/product\/dorado-azul-5ml\/#breadcrumb\"},\"inLanguage\":\"lv-LV\",\"potentialAction\":[{\"@type\":\"ReadAction\",\"target\":[\"https:\/\/cosmetic.lv\/lv\/product\/dorado-azul-5ml\/\"]}]},{\"@type\":\"ImageObject\",\"inLanguage\":\"lv-LV\",\"@id\":\"https:\/\/cosmetic.lv\/lv\/product\/dorado-azul-5ml\/#primaryimage\",\"url\":\"https:\/\/cosmetic.lv\/wp-content\/uploads\/2021\/02\/dorado-azul-s-4.jpg\",\"contentUrl\":\"https:\/\/cosmetic.lv\/wp-content\/uploads\/2021\/02\/dorado-azul-s-4.jpg\",\"width\":97,\"height\":240,\"caption\":\"dorado-azul-s.jpg\"},{\"@type\":\"BreadcrumbList\",\"@id\":\"https:\/\/cosmetic.lv\/lv\/product\/dorado-azul-5ml\/#breadcrumb\",\"itemListElement\":[{\"@type\":\"ListItem\",\"position\":1,\"name\":\"Home\",\"item\":\"https:\/\/cosmetic.lv\/lv\/\"},{\"@type\":\"ListItem\",\"position\":2,\"name\":\"Veikals\",\"item\":\"https:\/\/cosmetic.lv\/lv\/veiklas\/\"},{\"@type\":\"ListItem\",\"position\":3,\"name\":\"DORADO AZUL 5ml\"}]},{\"@type\":\"WebSite\",\"@id\":\"https:\/\/cosmetic.lv\/lv\/#website\",\"url\":\"https:\/\/cosmetic.lv\/lv\/\",\"name\":\"cosmetic.lv\",\"description\":\"Profesion\u0101la kosm\u0113tika - Maria Galland, Keune, Arkadija, GMT, Guam, Magiray\",\"publisher\":{\"@id\":\"https:\/\/cosmetic.lv\/lv\/#organization\"},\"potentialAction\":[{\"@type\":\"SearchAction\",\"target\":{\"@type\":\"EntryPoint\",\"urlTemplate\":\"https:\/\/cosmetic.lv\/lv\/?s={search_term_string}\"},\"query-input\":{\"@type\":\"PropertyValueSpecification\",\"valueRequired\":true,\"valueName\":\"search_term_string\"}}],\"inLanguage\":\"lv-LV\"},{\"@type\":\"Organization\",\"@id\":\"https:\/\/cosmetic.lv\/lv\/#organization\",\"name\":\"COSMETIC.LV\",\"url\":\"https:\/\/cosmetic.lv\/lv\/\",\"logo\":{\"@type\":\"ImageObject\",\"inLanguage\":\"lv-LV\",\"@id\":\"https:\/\/cosmetic.lv\/lv\/#\/schema\/logo\/image\/\",\"url\":\"https:\/\/cosmetic.lv\/wp-content\/uploads\/2021\/02\/cosmetic.lv_logo.jpg\",\"contentUrl\":\"https:\/\/cosmetic.lv\/wp-content\/uploads\/2021\/02\/cosmetic.lv_logo.jpg\",\"width\":596,\"height\":196,\"caption\":\"COSMETIC.LV\"},\"image\":{\"@id\":\"https:\/\/cosmetic.lv\/lv\/#\/schema\/logo\/image\/\"},\"sameAs\":[\"https:\/\/www.facebook.com\/cosmetic.lv\/\"]}]}<\/script>\n<meta property=\"product:price:amount\" content=\"68.75\" \/>\n<meta property=\"product:price:currency\" content=\"EUR\" \/>\n<meta property=\"og:availability\" content=\"instock\" \/>\n<meta property=\"product:availability\" content=\"instock\" \/>\n<meta property=\"product:retailer_item_id\" content=\"359808\" \/>\n<meta property=\"product:condition\" content=\"new\" \/>\n<!-- \/ Yoast SEO Premium plugin. -->","yoast_head_json":{"title":"DORADO AZUL 5ml - cosmetic.lv","robots":{"index":"index","follow":"follow","max-snippet":"max-snippet:-1","max-image-preview":"max-image-preview:large","max-video-preview":"max-video-preview:-1"},"canonical":"https:\/\/cosmetic.lv\/lv\/product\/dorado-azul-5ml\/","og_locale":"lv_LV","og_type":"article","og_title":"DORADO AZUL 5ml","og_description":"Dorado Azul. Hyptis suaveolens. Par jauno dz\u012bvi Dorado Azul Bot\u0101nisk\u0101 \u0123imene: Lamiaceae (skaidra) Izcelsmes valsts: Ekvadora Akt\u012bv\u0101s vielas: Alfa-fenols (4-12%)","og_url":"https:\/\/cosmetic.lv\/lv\/product\/dorado-azul-5ml\/","og_site_name":"cosmetic.lv","article_publisher":"https:\/\/www.facebook.com\/cosmetic.lv\/","article_modified_time":"2021-02-11T20:53:13+00:00","og_image":[{"width":97,"height":240,"url":"https:\/\/cosmetic.lv\/wp-content\/uploads\/2021\/02\/dorado-azul-s-4.jpg","type":"image\/jpeg"}],"twitter_card":"summary_large_image","schema":{"@context":"https:\/\/schema.org","@graph":[{"@type":"WebPage","@id":"https:\/\/cosmetic.lv\/lv\/product\/dorado-azul-5ml\/","url":"https:\/\/cosmetic.lv\/lv\/product\/dorado-azul-5ml\/","name":"DORADO AZUL 5ml - cosmetic.lv","isPartOf":{"@id":"https:\/\/cosmetic.lv\/lv\/#website"},"primaryImageOfPage":{"@id":"https:\/\/cosmetic.lv\/lv\/product\/dorado-azul-5ml\/#primaryimage"},"image":{"@id":"https:\/\/cosmetic.lv\/lv\/product\/dorado-azul-5ml\/#primaryimage"},"thumbnailUrl":"https:\/\/cosmetic.lv\/wp-content\/uploads\/2021\/02\/dorado-azul-s-4.jpg","datePublished":"2021-02-06T17:56:01+00:00","dateModified":"2021-02-11T20:53:13+00:00","breadcrumb":{"@id":"https:\/\/cosmetic.lv\/lv\/product\/dorado-azul-5ml\/#breadcrumb"},"inLanguage":"lv-LV","potentialAction":[{"@type":"ReadAction","target":["https:\/\/cosmetic.lv\/lv\/product\/dorado-azul-5ml\/"]}]},{"@type":"ImageObject","inLanguage":"lv-LV","@id":"https:\/\/cosmetic.lv\/lv\/product\/dorado-azul-5ml\/#primaryimage","url":"https:\/\/cosmetic.lv\/wp-content\/uploads\/2021\/02\/dorado-azul-s-4.jpg","contentUrl":"https:\/\/cosmetic.lv\/wp-content\/uploads\/2021\/02\/dorado-azul-s-4.jpg","width":97,"height":240,"caption":"dorado-azul-s.jpg"},{"@type":"BreadcrumbList","@id":"https:\/\/cosmetic.lv\/lv\/product\/dorado-azul-5ml\/#breadcrumb","itemListElement":[{"@type":"ListItem","position":1,"name":"Home","item":"https:\/\/cosmetic.lv\/lv\/"},{"@type":"ListItem","position":2,"name":"Veikals","item":"https:\/\/cosmetic.lv\/lv\/veiklas\/"},{"@type":"ListItem","position":3,"name":"DORADO AZUL 5ml"}]},{"@type":"WebSite","@id":"https:\/\/cosmetic.lv\/lv\/#website","url":"https:\/\/cosmetic.lv\/lv\/","name":"cosmetic.lv","description":"Profesion\u0101la kosm\u0113tika - Maria Galland, Keune, Arkadija, GMT, Guam, Magiray","publisher":{"@id":"https:\/\/cosmetic.lv\/lv\/#organization"},"potentialAction":[{"@type":"SearchAction","target":{"@type":"EntryPoint","urlTemplate":"https:\/\/cosmetic.lv\/lv\/?s={search_term_string}"},"query-input":{"@type":"PropertyValueSpecification","valueRequired":true,"valueName":"search_term_string"}}],"inLanguage":"lv-LV"},{"@type":"Organization","@id":"https:\/\/cosmetic.lv\/lv\/#organization","name":"COSMETIC.LV","url":"https:\/\/cosmetic.lv\/lv\/","logo":{"@type":"ImageObject","inLanguage":"lv-LV","@id":"https:\/\/cosmetic.lv\/lv\/#\/schema\/logo\/image\/","url":"https:\/\/cosmetic.lv\/wp-content\/uploads\/2021\/02\/cosmetic.lv_logo.jpg","contentUrl":"https:\/\/cosmetic.lv\/wp-content\/uploads\/2021\/02\/cosmetic.lv_logo.jpg","width":596,"height":196,"caption":"COSMETIC.LV"},"image":{"@id":"https:\/\/cosmetic.lv\/lv\/#\/schema\/logo\/image\/"},"sameAs":["https:\/\/www.facebook.com\/cosmetic.lv\/"]}]},"product_price_amount":"68.75","product_price_currency":"EUR","og_availability":"instock","product_availability":"instock","product_retailer_item_id":"359808","product_condition":"new"},"_links":{"self":[{"href":"https:\/\/cosmetic.lv\/lv\/wp-json\/wp\/v2\/product\/34667","targetHints":{"allow":["GET"]}}],"collection":[{"href":"https:\/\/cosmetic.lv\/lv\/wp-json\/wp\/v2\/product"}],"about":[{"href":"https:\/\/cosmetic.lv\/lv\/wp-json\/wp\/v2\/types\/product"}],"wp:featuredmedia":[{"embeddable":true,"href":"https:\/\/cosmetic.lv\/lv\/wp-json\/wp\/v2\/media\/17101"}],"wp:attachment":[{"href":"https:\/\/cosmetic.lv\/lv\/wp-json\/wp\/v2\/media?parent=34667"}],"wp:term":[{"taxonomy":"product_brand","embeddable":true,"href":"https:\/\/cosmetic.lv\/lv\/wp-json\/wp\/v2\/product_brand?post=34667"},{"taxonomy":"product_cat","embeddable":true,"href":"https:\/\/cosmetic.lv\/lv\/wp-json\/wp\/v2\/product_cat?post=34667"},{"taxonomy":"product_tag","embeddable":true,"href":"https:\/\/cosmetic.lv\/lv\/wp-json\/wp\/v2\/product_tag?post=34667"}],"curies":[{"name":"wp","href":"https:\/\/api.w.org\/{rel}","templated":true}]}}