{"id":34668,"date":"2021-02-05T22:43:52","date_gmt":"2021-02-06T17:56:01","guid":{"rendered":"https:\/\/damme.lv\/product\/elemi-15ml\/"},"modified":"2021-02-11T22:53:13","modified_gmt":"2021-02-11T20:53:13","slug":"elemi-15ml","status":"publish","type":"product","link":"https:\/\/cosmetic.lv\/lv\/product\/elemi-15ml\/","title":{"rendered":"ELEMI 15ml"},"content":{"rendered":"<p>Elemi Canarium luzonicum.<br \/>\n\u00a0Par jauno dz\u012bvi<\/p>\n<p>Elemi<br \/>\nBot\u0101nisk\u0101 \u0123imene: Burseraceae (v\u012braks)<\/p>\n<p>Izcelsmes valsts: Filip\u012bnas<\/p>\n<p>Akt\u012bv\u0101s vielas:<\/p>\n<p>Limon\u0113ns (40-72%)<br \/>\nAlfa-phellandr\u0113ns (10-24%)<br \/>\nSabinene (3-8%)<br \/>\n\u00a0Elemols (1-25%)<br \/>\nORAC: nav izm\u0113r\u012bts<\/p>\n<p>Kas ir ORAC? ORAC &#8211; ir sk\u0101bek\u013ca Radical absorbcijas diapazon\u0101 pas\u0101kumiem jaudas sp\u0113ju antioksidantiem vai absorb\u0113 br\u012bvos radik\u0101\u013cus. Vienk\u0101r\u0161\u0101 valod\u0101, tas noz\u012bm\u0113, ka zin\u0101tnisko j\u0113dzienu cik labi viela pal\u012bdz manu \u0137ermeni, lai risin\u0101tu ar t\u0101diem trauc\u0113jumiem, k\u0101 v\u0113zis, sirds un asinsvadu slim\u012bb\u0101m, hronisk\u0101m slim\u012bb\u0101m, org\u0101nos un audos. T\u0101 tika ieviesta p\u0113tnieki no Valsts instit\u016bta Noveco\u0161ana pie National Institutes of Health (NIH) Baltimore, ASV.<\/p>\n<p>Ra\u017eo\u0161anas metode: tvaika destil\u0101cija no koka sve\u0137iem<\/p>\n<p>V\u0113sturisk\u0101 inform\u0101cija: Eirop\u0101 simtiem gadu elemi \u0113terisk\u0101 e\u013c\u013ca ir izmantoti, lai \u0101rst\u0113tu \u0101das infekcijas un \u010d\u016blas, pievieno daudziem kr\u0113miem un zied\u0113m. Slaven\u0101s \u0101rstniecisk\u0101s ziedes: Baum de Fioravanti un Baume paralytique. Elemi pieder tai pa\u0161ai bot\u0101niskajai \u0123imenei k\u0101 Ladans un Mirra. Elemi \u0113\u0123iptie\u0161i izmantoja balzam\u0113\u0161anas, un Eirop\u0101 par \u0101das kop\u0161anai, lai atbr\u012bvoties no grumbu, uzlabojot \u0101das toni.<\/p>\n<p>\u0100rstnieciskas \u012bpa\u0161\u012bbas: pretiekaisuma, spazmol\u012btiska, pretmikrobu, antiseptiska, anti-depressant, atklepo\u0161anas, mucolytic, pretinfekcijas, katars no aug\u0161\u0113jo elpo\u0161anas ce\u013cu.<\/p>\n<p>Kur\u0161 izmanto slim\u012bbas: \u0101das slim\u012bbas, r\u0113tas, pimples, pinnes, grumbas, sausa \u0101da, taukaina \u0101da ir \u013coti sausa \u0101da, \u0101das noveco\u0161anos, \u0101das noveco\u0161anos, aler\u0123ijas, izsitumi, taukaina \u0101da, porainu \u0101du, griezumi, br\u016bces, musku\u013cu s\u0101pes, nervu s\u0101pes, infekcija, bronh\u012bts, saaukst\u0113\u0161an\u0101s, klepus, iekaisums dzemdes, kr\u016bts iekaisums. \u0112terisk\u0101 e\u013c\u013ca pal\u012bdz nov\u0113rst virsnieru dziedzeru darb\u012bbu sakar\u0101 ar past\u0101v\u012bgu nervu stresu.<\/p>\n<p>Gar\u012bg\u0101 un emocion\u0101l\u0101 ietekme: v\u0101rds pats par sevi noz\u012bm\u0113 &quot;k\u0101 iepriek\u0161, t\u0101p\u0113c t\u0101l\u0101k&quot;, lai elemi rada l\u012bdzsvaru, izl\u012bdzina smalko \u0137ermeni, mazina stresu no \u0137erme\u0146a. \u0112terisk\u0101 e\u013c\u013ca Elemi t\u0101da pa\u0161a iemesla d\u0113\u013c ir laba medit\u0101cijai.<\/p>\n<p>Ietekme uz pr\u0101tu: zem\u0113jums un l\u012bdzsvaro\u0161ana, noskaidro pr\u0101tu.<\/p>\n<p>Lieto\u0161ana un doz\u0113\u0161ana:<\/p>\n<p>Neat\u0161\u0137aidiet ar augu e\u013c\u013cu<br \/>\ne\u013c\u013ca tiek uzskat\u012bta par dro\u0161u (GRAS) iek\u0161\u0113jai lieto\u0161anai FDA<br \/>\nuzkl\u0101jiet 1-3 pilienus s\u0101p\u012bgaj\u0101 viet\u0101<br \/>\niek\u0161\u0137\u012bgai lieto\u0161anai, ievietojiet kapsul\u0101 2 reizes dien\u0101, ja nepiecie\u0161ams<br \/>\npievienojiet 1 pilienu gl\u0101zi \u016bdens<br \/>\nattiecas uz Vita Flex punktiem<br \/>\nieelpot no plaukst\u0101m vai no pudeles &#8211;<br \/>\n5-8 pilieni Diffusor\u0101, 30 min\u016btes 3 reizes dien\u0101 vai p\u0113c nepiecie\u0161am\u012bbas<br \/>\nvann\u0101 5-6 pilienus uz emulgatora<br \/>\nKosm\u0113tikas bag\u0101tin\u0101\u0161ana: 2 pilieni uz 10 ml pamatnes<br \/>\nIzmantojiet m\u0101jdz\u012bvniekiem: j\u0101, tai ir nomierino\u0161a ietekme uz su\u0146iem.<br \/>\nDa\u017eas e\u013c\u013cas var b\u016bt \u013coti toksiskas ka\u0137iem. Tie ietver citrusaug\u013cu e\u013c\u013cas, kas nav terapeitiskas kvalit\u0101tes! L\u016bdzu, konsult\u0113jieties ar savu veterin\u0101r\u0101rstu, ja neesat p\u0101rliecin\u0101ts, vai varat izmantot \u0113terisko e\u013c\u013cu savam veterin\u0101r\u0101rstam.<\/p>\n<p>Piesardz\u012bbas pas\u0101kumi:<\/p>\n<p>Izmantojiet tikai terapeitisku e\u013c\u013cu<br \/>\nNeat\u0161\u0137aidiet ar augu e\u013c\u013cu<br \/>\ne\u013c\u013ca tiek uzskat\u012bta par dro\u0161u (GRAS) iek\u0161\u0113jai lieto\u0161anai FDA<br \/>\nB\u0113rniem l\u012bdz 6 gadu vecumam nevajadz\u0113tu lietot e\u013c\u013cu k\u0101 p\u0101rtikas piedevu<br \/>\nja uzkl\u0101j uz \u0101das t\u012br\u0101 form\u0101, reakcija ir neitr\u0101la<br \/>\nglab\u0101t b\u0113rniem nepieejam\u0101 viet\u0101<br \/>\nnosl\u0113gt\u0101 iepakojuma der\u012bguma termi\u0146\u0161 nav ierobe\u017eots<br \/>\n\u0112terisk\u0101 e\u013c\u013ca Elemi ir da\u013ca no: Ortho Sport mas\u0101\u017eas e\u013c\u013cas<\/p>\n<p>Papildu \u0113terisk\u0101s e\u013c\u013cas: citrons, rozmar\u012bns, fenhelis, lavanda, salvija, kan\u0113lis un citas gar\u0161vielas.<\/p>\n","protected":false},"excerpt":{"rendered":"<p>Elemi Canarium luzonicum. \u00a0Par jauno dz\u012bvi Elemi Bot\u0101nisk\u0101 \u0123imene: Burseraceae (v\u012braks) Izcelsmes valsts: Filip\u012bnas Akt\u012bv\u0101s vielas: Limon\u0113ns (40-72%) Alfa-phellandr\u0113ns (10-24%)<\/p>\n","protected":false},"featured_media":17104,"template":"","meta":[],"product_brand":[],"product_cat":[2186,2193],"product_tag":[],"class_list":{"0":"post-34668","1":"product","2":"type-product","3":"status-publish","4":"has-post-thumbnail","6":"product_cat-young-living-eteriskas-ellas-un-kosmetika-augstas-kvalitates","7":"product_cat-eteriskas-ellas-lv","9":"first","10":"instock","11":"taxable","12":"shipping-taxable","13":"purchasable","14":"product-type-simple"},"yoast_head":"<!-- This site is optimized with the Yoast SEO Premium plugin v27.0 (Yoast SEO v27.0) - https:\/\/yoast.com\/product\/yoast-seo-premium-wordpress\/ -->\n<title>ELEMI 15ml - cosmetic.lv<\/title>\n<meta name=\"robots\" content=\"index, follow, max-snippet:-1, max-image-preview:large, max-video-preview:-1\" \/>\n<link rel=\"canonical\" href=\"https:\/\/cosmetic.lv\/lv\/product\/elemi-15ml\/\" \/>\n<meta property=\"og:locale\" content=\"lv_LV\" \/>\n<meta property=\"og:type\" content=\"article\" \/>\n<meta property=\"og:title\" content=\"ELEMI 15ml\" \/>\n<meta property=\"og:description\" content=\"Elemi Canarium luzonicum. \u00a0Par jauno dz\u012bvi Elemi Bot\u0101nisk\u0101 \u0123imene: Burseraceae (v\u012braks) Izcelsmes valsts: Filip\u012bnas Akt\u012bv\u0101s vielas: Limon\u0113ns (40-72%) Alfa-phellandr\u0113ns (10-24%)\" \/>\n<meta property=\"og:url\" content=\"https:\/\/cosmetic.lv\/lv\/product\/elemi-15ml\/\" \/>\n<meta property=\"og:site_name\" content=\"cosmetic.lv\" \/>\n<meta property=\"article:publisher\" content=\"https:\/\/www.facebook.com\/cosmetic.lv\/\" \/>\n<meta property=\"article:modified_time\" content=\"2021-02-11T20:53:13+00:00\" \/>\n<meta property=\"og:image\" content=\"https:\/\/cosmetic.lv\/wp-content\/uploads\/2021\/02\/elemi-s-4.jpg\" \/>\n\t<meta property=\"og:image:width\" content=\"100\" \/>\n\t<meta property=\"og:image:height\" content=\"240\" \/>\n\t<meta property=\"og:image:type\" content=\"image\/jpeg\" \/>\n<meta name=\"twitter:card\" content=\"summary_large_image\" \/>\n<script type=\"application\/ld+json\" class=\"yoast-schema-graph\">{\"@context\":\"https:\/\/schema.org\",\"@graph\":[{\"@type\":\"WebPage\",\"@id\":\"https:\/\/cosmetic.lv\/lv\/product\/elemi-15ml\/\",\"url\":\"https:\/\/cosmetic.lv\/lv\/product\/elemi-15ml\/\",\"name\":\"ELEMI 15ml - cosmetic.lv\",\"isPartOf\":{\"@id\":\"https:\/\/cosmetic.lv\/lv\/#website\"},\"primaryImageOfPage\":{\"@id\":\"https:\/\/cosmetic.lv\/lv\/product\/elemi-15ml\/#primaryimage\"},\"image\":{\"@id\":\"https:\/\/cosmetic.lv\/lv\/product\/elemi-15ml\/#primaryimage\"},\"thumbnailUrl\":\"https:\/\/cosmetic.lv\/wp-content\/uploads\/2021\/02\/elemi-s-4.jpg\",\"datePublished\":\"2021-02-06T17:56:01+00:00\",\"dateModified\":\"2021-02-11T20:53:13+00:00\",\"breadcrumb\":{\"@id\":\"https:\/\/cosmetic.lv\/lv\/product\/elemi-15ml\/#breadcrumb\"},\"inLanguage\":\"lv-LV\",\"potentialAction\":[{\"@type\":\"ReadAction\",\"target\":[\"https:\/\/cosmetic.lv\/lv\/product\/elemi-15ml\/\"]}]},{\"@type\":\"ImageObject\",\"inLanguage\":\"lv-LV\",\"@id\":\"https:\/\/cosmetic.lv\/lv\/product\/elemi-15ml\/#primaryimage\",\"url\":\"https:\/\/cosmetic.lv\/wp-content\/uploads\/2021\/02\/elemi-s-4.jpg\",\"contentUrl\":\"https:\/\/cosmetic.lv\/wp-content\/uploads\/2021\/02\/elemi-s-4.jpg\",\"width\":100,\"height\":240,\"caption\":\"elemi-s.jpg\"},{\"@type\":\"BreadcrumbList\",\"@id\":\"https:\/\/cosmetic.lv\/lv\/product\/elemi-15ml\/#breadcrumb\",\"itemListElement\":[{\"@type\":\"ListItem\",\"position\":1,\"name\":\"Home\",\"item\":\"https:\/\/cosmetic.lv\/lv\/\"},{\"@type\":\"ListItem\",\"position\":2,\"name\":\"Veikals\",\"item\":\"https:\/\/cosmetic.lv\/lv\/veiklas\/\"},{\"@type\":\"ListItem\",\"position\":3,\"name\":\"ELEMI 15ml\"}]},{\"@type\":\"WebSite\",\"@id\":\"https:\/\/cosmetic.lv\/lv\/#website\",\"url\":\"https:\/\/cosmetic.lv\/lv\/\",\"name\":\"cosmetic.lv\",\"description\":\"Profesion\u0101la kosm\u0113tika - Maria Galland, Keune, Arkadija, GMT, Guam, Magiray\",\"publisher\":{\"@id\":\"https:\/\/cosmetic.lv\/lv\/#organization\"},\"potentialAction\":[{\"@type\":\"SearchAction\",\"target\":{\"@type\":\"EntryPoint\",\"urlTemplate\":\"https:\/\/cosmetic.lv\/lv\/?s={search_term_string}\"},\"query-input\":{\"@type\":\"PropertyValueSpecification\",\"valueRequired\":true,\"valueName\":\"search_term_string\"}}],\"inLanguage\":\"lv-LV\"},{\"@type\":\"Organization\",\"@id\":\"https:\/\/cosmetic.lv\/lv\/#organization\",\"name\":\"COSMETIC.LV\",\"url\":\"https:\/\/cosmetic.lv\/lv\/\",\"logo\":{\"@type\":\"ImageObject\",\"inLanguage\":\"lv-LV\",\"@id\":\"https:\/\/cosmetic.lv\/lv\/#\/schema\/logo\/image\/\",\"url\":\"https:\/\/cosmetic.lv\/wp-content\/uploads\/2021\/02\/cosmetic.lv_logo.jpg\",\"contentUrl\":\"https:\/\/cosmetic.lv\/wp-content\/uploads\/2021\/02\/cosmetic.lv_logo.jpg\",\"width\":596,\"height\":196,\"caption\":\"COSMETIC.LV\"},\"image\":{\"@id\":\"https:\/\/cosmetic.lv\/lv\/#\/schema\/logo\/image\/\"},\"sameAs\":[\"https:\/\/www.facebook.com\/cosmetic.lv\/\"]}]}<\/script>\n<meta property=\"product:price:amount\" content=\"44.47\" \/>\n<meta property=\"product:price:currency\" content=\"EUR\" \/>\n<meta property=\"og:availability\" content=\"instock\" \/>\n<meta property=\"product:availability\" content=\"instock\" \/>\n<meta property=\"product:retailer_item_id\" content=\"354008\" \/>\n<meta property=\"product:condition\" content=\"new\" \/>\n<!-- \/ Yoast SEO Premium plugin. -->","yoast_head_json":{"title":"ELEMI 15ml - cosmetic.lv","robots":{"index":"index","follow":"follow","max-snippet":"max-snippet:-1","max-image-preview":"max-image-preview:large","max-video-preview":"max-video-preview:-1"},"canonical":"https:\/\/cosmetic.lv\/lv\/product\/elemi-15ml\/","og_locale":"lv_LV","og_type":"article","og_title":"ELEMI 15ml","og_description":"Elemi Canarium luzonicum. \u00a0Par jauno dz\u012bvi Elemi Bot\u0101nisk\u0101 \u0123imene: Burseraceae (v\u012braks) Izcelsmes valsts: Filip\u012bnas Akt\u012bv\u0101s vielas: Limon\u0113ns (40-72%) Alfa-phellandr\u0113ns (10-24%)","og_url":"https:\/\/cosmetic.lv\/lv\/product\/elemi-15ml\/","og_site_name":"cosmetic.lv","article_publisher":"https:\/\/www.facebook.com\/cosmetic.lv\/","article_modified_time":"2021-02-11T20:53:13+00:00","og_image":[{"width":100,"height":240,"url":"https:\/\/cosmetic.lv\/wp-content\/uploads\/2021\/02\/elemi-s-4.jpg","type":"image\/jpeg"}],"twitter_card":"summary_large_image","schema":{"@context":"https:\/\/schema.org","@graph":[{"@type":"WebPage","@id":"https:\/\/cosmetic.lv\/lv\/product\/elemi-15ml\/","url":"https:\/\/cosmetic.lv\/lv\/product\/elemi-15ml\/","name":"ELEMI 15ml - cosmetic.lv","isPartOf":{"@id":"https:\/\/cosmetic.lv\/lv\/#website"},"primaryImageOfPage":{"@id":"https:\/\/cosmetic.lv\/lv\/product\/elemi-15ml\/#primaryimage"},"image":{"@id":"https:\/\/cosmetic.lv\/lv\/product\/elemi-15ml\/#primaryimage"},"thumbnailUrl":"https:\/\/cosmetic.lv\/wp-content\/uploads\/2021\/02\/elemi-s-4.jpg","datePublished":"2021-02-06T17:56:01+00:00","dateModified":"2021-02-11T20:53:13+00:00","breadcrumb":{"@id":"https:\/\/cosmetic.lv\/lv\/product\/elemi-15ml\/#breadcrumb"},"inLanguage":"lv-LV","potentialAction":[{"@type":"ReadAction","target":["https:\/\/cosmetic.lv\/lv\/product\/elemi-15ml\/"]}]},{"@type":"ImageObject","inLanguage":"lv-LV","@id":"https:\/\/cosmetic.lv\/lv\/product\/elemi-15ml\/#primaryimage","url":"https:\/\/cosmetic.lv\/wp-content\/uploads\/2021\/02\/elemi-s-4.jpg","contentUrl":"https:\/\/cosmetic.lv\/wp-content\/uploads\/2021\/02\/elemi-s-4.jpg","width":100,"height":240,"caption":"elemi-s.jpg"},{"@type":"BreadcrumbList","@id":"https:\/\/cosmetic.lv\/lv\/product\/elemi-15ml\/#breadcrumb","itemListElement":[{"@type":"ListItem","position":1,"name":"Home","item":"https:\/\/cosmetic.lv\/lv\/"},{"@type":"ListItem","position":2,"name":"Veikals","item":"https:\/\/cosmetic.lv\/lv\/veiklas\/"},{"@type":"ListItem","position":3,"name":"ELEMI 15ml"}]},{"@type":"WebSite","@id":"https:\/\/cosmetic.lv\/lv\/#website","url":"https:\/\/cosmetic.lv\/lv\/","name":"cosmetic.lv","description":"Profesion\u0101la kosm\u0113tika - Maria Galland, Keune, Arkadija, GMT, Guam, Magiray","publisher":{"@id":"https:\/\/cosmetic.lv\/lv\/#organization"},"potentialAction":[{"@type":"SearchAction","target":{"@type":"EntryPoint","urlTemplate":"https:\/\/cosmetic.lv\/lv\/?s={search_term_string}"},"query-input":{"@type":"PropertyValueSpecification","valueRequired":true,"valueName":"search_term_string"}}],"inLanguage":"lv-LV"},{"@type":"Organization","@id":"https:\/\/cosmetic.lv\/lv\/#organization","name":"COSMETIC.LV","url":"https:\/\/cosmetic.lv\/lv\/","logo":{"@type":"ImageObject","inLanguage":"lv-LV","@id":"https:\/\/cosmetic.lv\/lv\/#\/schema\/logo\/image\/","url":"https:\/\/cosmetic.lv\/wp-content\/uploads\/2021\/02\/cosmetic.lv_logo.jpg","contentUrl":"https:\/\/cosmetic.lv\/wp-content\/uploads\/2021\/02\/cosmetic.lv_logo.jpg","width":596,"height":196,"caption":"COSMETIC.LV"},"image":{"@id":"https:\/\/cosmetic.lv\/lv\/#\/schema\/logo\/image\/"},"sameAs":["https:\/\/www.facebook.com\/cosmetic.lv\/"]}]},"product_price_amount":"44.47","product_price_currency":"EUR","og_availability":"instock","product_availability":"instock","product_retailer_item_id":"354008","product_condition":"new"},"_links":{"self":[{"href":"https:\/\/cosmetic.lv\/lv\/wp-json\/wp\/v2\/product\/34668","targetHints":{"allow":["GET"]}}],"collection":[{"href":"https:\/\/cosmetic.lv\/lv\/wp-json\/wp\/v2\/product"}],"about":[{"href":"https:\/\/cosmetic.lv\/lv\/wp-json\/wp\/v2\/types\/product"}],"wp:featuredmedia":[{"embeddable":true,"href":"https:\/\/cosmetic.lv\/lv\/wp-json\/wp\/v2\/media\/17104"}],"wp:attachment":[{"href":"https:\/\/cosmetic.lv\/lv\/wp-json\/wp\/v2\/media?parent=34668"}],"wp:term":[{"taxonomy":"product_brand","embeddable":true,"href":"https:\/\/cosmetic.lv\/lv\/wp-json\/wp\/v2\/product_brand?post=34668"},{"taxonomy":"product_cat","embeddable":true,"href":"https:\/\/cosmetic.lv\/lv\/wp-json\/wp\/v2\/product_cat?post=34668"},{"taxonomy":"product_tag","embeddable":true,"href":"https:\/\/cosmetic.lv\/lv\/wp-json\/wp\/v2\/product_tag?post=34668"}],"curies":[{"name":"wp","href":"https:\/\/api.w.org\/{rel}","templated":true}]}}