{"id":34669,"date":"2021-02-05T22:43:52","date_gmt":"2021-02-06T17:56:01","guid":{"rendered":"https:\/\/damme.lv\/product\/eucaliptus-blue-5ml\/"},"modified":"2021-02-11T22:53:14","modified_gmt":"2021-02-11T20:53:14","slug":"eucaliptus-blue-5ml","status":"publish","type":"product","link":"https:\/\/cosmetic.lv\/lv\/product\/eucaliptus-blue-5ml\/","title":{"rendered":"EUCALIPTUS BLUE 5ml"},"content":{"rendered":"<p>Eucaliptus zils. Eucaliptus bicostata.<br \/>\nEikalipta zils<br \/>\nBot\u0101nisk\u0101 \u0123imene: Myrtaceae (m\u012brs)<\/p>\n<p>Izcelsmes valsts: Ekvadora<\/p>\n<p>Akt\u012bv\u0101s vielas:<\/p>\n<p>Alfa-pin\u0113ns (9-34%)<br \/>\nAromadendr\u0113ns (<9,2%)\n1,8-cineole (eucalyptol) (21-98%)\nLimon\u0113ns (4-7%)\n\u00a0V\u0113sturisk\u0101 inform\u0101cija: Blue Eucalyptus tiek audz\u0113ts un destil\u0113ts Young Living Farm Ekvador\u0101. Tas jau ir zin\u0101ms vair\u0101k nek\u0101 250 gadus Andos un Ekvador\u0101. Viet\u0113jie cilv\u0113ki to izmantoja dezinfekcijai, lai \u0101rst\u0113tu br\u016bces, lai izn\u012bcin\u0101tu kukai\u0146us.\n\n\u00a0\u00a0Tas ir vien\u012bgais eikalipts (eikalipta saturs l\u012bdz 98%), kam ir l\u012bdzsvarots \u0137\u012bmiskais sast\u0101vs, kas nerada aler\u0123iskas reakcijas cilv\u0113kiem ar aler\u0123iju pret eikalitolu.\n\n\u00a0Terapeitisk\u0101s \u012bpa\u0161\u012bbas: atsegums, mukol\u012btisks, estrog\u0113nisks, diafr\u012bts, prets\u0113n\u012b\u0161u, antibakteri\u0101ls, insektic\u012bds. Elpce\u013cu slim\u012bbu \u0101rst\u0113\u0161anai ir laba Dorado Azul.\n\n\u00a0\u00a0Eikalipta \u0113terisk\u0101 e\u013c\u013ca ir p\u0113t\u012bta simtiem zin\u0101tnisko kl\u012bniku un instit\u016btu. T\u0101l\u0101k ir sniegta inform\u0101cija:\n\n\u00a0antibakteri\u0101las aktivit\u0101tes pret streptokokiem\neugenola pretv\u012brusu efekts uz cilv\u0113ka herpes v\u012brusu\nantibakteri\u0101las aktivit\u0101tes bakt\u0113riju patog\u0113nu pret z\u0101\u013cu rezistentaj\u0101m form\u0101m\nprets\u0113n\u012b\u0161u aktivit\u0101te pret Candida albicans\npretv\u012brusu un antibakteri\u0101lu iedarb\u012bbu uz v\u012brusiem un elpce\u013cu bakt\u0113rij\u0101m\nantibakteri\u0101la iedarb\u012bba uz MRSA (meticil\u012bnrezistentu Staphylococcus aureus), rezistenta pret antibiotik\u0101m.\n\u00a0\u00a0Pie k\u0101d\u0101m slim\u012bb\u0101m lietot: atbalsta \u0101r\u0113j\u0101s elpo\u0161anas funkcijas, veicina norm\u0101lu elpo\u0161anu, mazina s\u0101pes musku\u013cos, nomierina, toniz\u0113 hipof\u012bzi.\n\n\u00a0\u00a0Gar\u012bg\u0101 un emocion\u0101l\u0101 ietekme: atjauno l\u012bdzsvaru emocion\u0101l\u0101s samazin\u0101\u0161an\u0101s laik\u0101, atdz\u012bvina saj\u016btas, pal\u012bdz p\u0101rvar\u0113t inerci, pal\u012bdz konflikta situ\u0101cij\u0101s. Senos laikos arom\u0101ts tika izmantots &quot;no l\u0113numa un melanholijas&quot;. \u0112terisk\u0101 e\u013c\u013ca pal\u012bdz\u0113s mums redz\u0113t m\u016bsu pirmo reakciju, kad m\u0113s esam m\u016bsu \u0123imen\u0113 vai darb\u0101, un k\u0101ds &quot;nospie\u017e m\u016bsu slims pogas&quot;. Un ko j\u016bs ar to dar\u012bsit?\n\n\u00a0Ietekme uz pr\u0101tu: atsvaidzino\u0161a, l\u012bdzsvarota un uzmundrino\u0161a.\n\n\u00a0\u00a0ORAC: nav defin\u0113ts\n\n\u00a0Kas ir ORAC? ORAC - ir sk\u0101bek\u013ca Radical absorbcijas diapazon\u0101 pas\u0101kumiem jaudas sp\u0113ju antioksidantiem vai absorb\u0113 br\u012bvos radik\u0101\u013cus. Vienk\u0101r\u0161\u0101 valod\u0101 \u0161is zin\u0101tniskais j\u0113dziens noz\u012bm\u0113, cik labi \u0161\u012b viela pal\u012bdz manam organismam tikt gal\u0101 ar t\u0101diem trauc\u0113jumiem k\u0101 v\u0113zis, sirds un asinsvadu slim\u012bbas, hroniskas org\u0101nu un audu slim\u012bbas. T\u0101 tika ieviesta p\u0113tnieki no Valsts instit\u016bta Noveco\u0161ana pie National Institutes of Health (NIH) Baltimore, ASV.\n\n\u00a0Ra\u017eo\u0161anas metode: tvaika destil\u0101cija no lap\u0101m\n\n\u00a0Lieto\u0161ana un doz\u0113\u0161ana:\n\nm\u0113s \u0161\u0137irties 1: 1 ar augu e\u013c\u013cu vai ar e\u013c\u013cu V-6\nuzkl\u0101jiet 1-3 pilienus s\u0101po\u0161ai vietai vai v\u0113deram\nattiecas uz Vita Flex punktiem\nieelpot no plaukst\u0101m vai no pudeles -\n5-8 pilieni Diffusor\u0101, 30 min\u016btes 3 reizes dien\u0101 vai p\u0113c nepiecie\u0161am\u012bbas\nvann\u0101 5-6 pilienus uz emulgatora\nKosm\u0113tikas bag\u0101tin\u0101\u0161ana: 2 pilieni uz 10 ml pamatnes\n\u00a0Izmantojiet m\u0101jdz\u012bvniekiem: j\u0101.\n\n\u00a0Da\u017eas e\u013c\u013cas var b\u016bt \u013coti toksiskas ka\u0137iem. Tie ietver citrusaug\u013cu e\u013c\u013cas, kas nav terapeitiskas kvalit\u0101tes! L\u016bdzu, konsult\u0113jieties ar savu veterin\u0101r\u0101rstu, ja neesat p\u0101rliecin\u0101ts, vai varat izmantot \u0113terisko e\u013c\u013cu savam veterin\u0101r\u0101rstam.\n\n\u00a0Piesardz\u012bbas pas\u0101kumi:\n\nIzmantojiet tikai terapeitisku e\u013c\u013cu\nm\u0113s \u0161\u0137irties 1: 1 ar augu e\u013c\u013cu vai ar e\u013c\u013cu V-6\nj\u016bs varat izmantot e\u013c\u013cu t\u012br\u0101 veid\u0101\nNelietojiet k\u0101 p\u0101rtikas piedevu - liels eikalipta daudzums var b\u016bt toksisks\nja uzkl\u0101j uz \u0101das t\u012br\u0101 form\u0101, neliela dedzino\u0161a saj\u016bta 1-3 min\u016b\u0161u laik\u0101, reakcija ir dabiska\nglab\u0101t b\u0113rniem nepieejam\u0101 viet\u0101\nnosl\u0113gt\u0101 iepakojuma der\u012bguma termi\u0146\u0161 nav ierobe\u017eots\n\u00a0\u0112terisk\u0101 e\u013c\u013ca Eucaliptus Blue ir da\u013ca no: Elpot atkal Roll-On\n\n\u00a0Elpot atkal Roll-On-Roll elpot Atkal - veicina elpo\u0161anas sist\u0113mas vesel\u012bbu, \u0161aj\u0101 \u0113terisko e\u013c\u013cu mais\u012bjum\u0101 Eucalyptus Blue ir saist\u012bts ar trim jaud\u012bg\u0101kaj\u0101m Eucalyptus Young Living \u0113teriskaj\u0101m e\u013c\u013c\u0101m.\n\n\u00a0Papildu \u0113terisk\u0101s e\u013c\u013cas: neroli, rozmar\u012bns, lavanda, ciedrs, citrona, petit grein, bihardija, apels\u012bns, palisandrs, vetiver, g\u0113r\u0101\u0146u.\n<\/p>\n","protected":false},"excerpt":{"rendered":"<p>Eucaliptus zils. Eucaliptus bicostata. Eikalipta zils Bot\u0101nisk\u0101 \u0123imene: Myrtaceae (m\u012brs) Izcelsmes valsts: Ekvadora Akt\u012bv\u0101s vielas: Alfa-pin\u0113ns (9-34%) Aromadendr\u0113ns (<\/p>\n","protected":false},"featured_media":17107,"template":"","meta":[],"product_brand":[],"product_cat":[2186,2193],"product_tag":[],"class_list":{"0":"post-34669","1":"product","2":"type-product","3":"status-publish","4":"has-post-thumbnail","6":"product_cat-young-living-eteriskas-ellas-un-kosmetika-augstas-kvalitates","7":"product_cat-eteriskas-ellas-lv","9":"first","10":"instock","11":"taxable","12":"shipping-taxable","13":"purchasable","14":"product-type-simple"},"yoast_head":"<!-- This site is optimized with the Yoast SEO Premium plugin v27.0 (Yoast SEO v27.0) - https:\/\/yoast.com\/product\/yoast-seo-premium-wordpress\/ -->\n<title>EUCALIPTUS BLUE 5ml - cosmetic.lv<\/title>\n<meta name=\"robots\" content=\"index, follow, max-snippet:-1, max-image-preview:large, max-video-preview:-1\" \/>\n<link rel=\"canonical\" href=\"https:\/\/cosmetic.lv\/lv\/product\/eucaliptus-blue-5ml\/\" \/>\n<meta property=\"og:locale\" content=\"lv_LV\" \/>\n<meta property=\"og:type\" content=\"article\" \/>\n<meta property=\"og:title\" content=\"EUCALIPTUS BLUE 5ml\" \/>\n<meta property=\"og:description\" content=\"Eucaliptus zils. Eucaliptus bicostata. Eikalipta zils Bot\u0101nisk\u0101 \u0123imene: Myrtaceae (m\u012brs) Izcelsmes valsts: Ekvadora Akt\u012bv\u0101s vielas: Alfa-pin\u0113ns (9-34%) Aromadendr\u0113ns (\" \/>\n<meta property=\"og:url\" content=\"https:\/\/cosmetic.lv\/lv\/product\/eucaliptus-blue-5ml\/\" \/>\n<meta property=\"og:site_name\" content=\"cosmetic.lv\" \/>\n<meta property=\"article:publisher\" content=\"https:\/\/www.facebook.com\/cosmetic.lv\/\" \/>\n<meta property=\"article:modified_time\" content=\"2021-02-11T20:53:14+00:00\" \/>\n<meta property=\"og:image\" content=\"https:\/\/cosmetic.lv\/wp-content\/uploads\/2021\/02\/eucalyptus-blue-s-4.jpg\" \/>\n\t<meta property=\"og:image:width\" content=\"97\" \/>\n\t<meta property=\"og:image:height\" content=\"240\" \/>\n\t<meta property=\"og:image:type\" content=\"image\/jpeg\" \/>\n<meta name=\"twitter:card\" content=\"summary_large_image\" \/>\n<script type=\"application\/ld+json\" class=\"yoast-schema-graph\">{\"@context\":\"https:\/\/schema.org\",\"@graph\":[{\"@type\":\"WebPage\",\"@id\":\"https:\/\/cosmetic.lv\/lv\/product\/eucaliptus-blue-5ml\/\",\"url\":\"https:\/\/cosmetic.lv\/lv\/product\/eucaliptus-blue-5ml\/\",\"name\":\"EUCALIPTUS BLUE 5ml - cosmetic.lv\",\"isPartOf\":{\"@id\":\"https:\/\/cosmetic.lv\/lv\/#website\"},\"primaryImageOfPage\":{\"@id\":\"https:\/\/cosmetic.lv\/lv\/product\/eucaliptus-blue-5ml\/#primaryimage\"},\"image\":{\"@id\":\"https:\/\/cosmetic.lv\/lv\/product\/eucaliptus-blue-5ml\/#primaryimage\"},\"thumbnailUrl\":\"https:\/\/cosmetic.lv\/wp-content\/uploads\/2021\/02\/eucalyptus-blue-s-4.jpg\",\"datePublished\":\"2021-02-06T17:56:01+00:00\",\"dateModified\":\"2021-02-11T20:53:14+00:00\",\"breadcrumb\":{\"@id\":\"https:\/\/cosmetic.lv\/lv\/product\/eucaliptus-blue-5ml\/#breadcrumb\"},\"inLanguage\":\"lv-LV\",\"potentialAction\":[{\"@type\":\"ReadAction\",\"target\":[\"https:\/\/cosmetic.lv\/lv\/product\/eucaliptus-blue-5ml\/\"]}]},{\"@type\":\"ImageObject\",\"inLanguage\":\"lv-LV\",\"@id\":\"https:\/\/cosmetic.lv\/lv\/product\/eucaliptus-blue-5ml\/#primaryimage\",\"url\":\"https:\/\/cosmetic.lv\/wp-content\/uploads\/2021\/02\/eucalyptus-blue-s-4.jpg\",\"contentUrl\":\"https:\/\/cosmetic.lv\/wp-content\/uploads\/2021\/02\/eucalyptus-blue-s-4.jpg\",\"width\":97,\"height\":240,\"caption\":\"eucalyptus-blue-s.jpg\"},{\"@type\":\"BreadcrumbList\",\"@id\":\"https:\/\/cosmetic.lv\/lv\/product\/eucaliptus-blue-5ml\/#breadcrumb\",\"itemListElement\":[{\"@type\":\"ListItem\",\"position\":1,\"name\":\"Home\",\"item\":\"https:\/\/cosmetic.lv\/lv\/\"},{\"@type\":\"ListItem\",\"position\":2,\"name\":\"Veikals\",\"item\":\"https:\/\/cosmetic.lv\/lv\/veiklas\/\"},{\"@type\":\"ListItem\",\"position\":3,\"name\":\"EUCALIPTUS BLUE 5ml\"}]},{\"@type\":\"WebSite\",\"@id\":\"https:\/\/cosmetic.lv\/lv\/#website\",\"url\":\"https:\/\/cosmetic.lv\/lv\/\",\"name\":\"cosmetic.lv\",\"description\":\"Profesion\u0101la kosm\u0113tika - Maria Galland, Keune, Arkadija, GMT, Guam, Magiray\",\"publisher\":{\"@id\":\"https:\/\/cosmetic.lv\/lv\/#organization\"},\"potentialAction\":[{\"@type\":\"SearchAction\",\"target\":{\"@type\":\"EntryPoint\",\"urlTemplate\":\"https:\/\/cosmetic.lv\/lv\/?s={search_term_string}\"},\"query-input\":{\"@type\":\"PropertyValueSpecification\",\"valueRequired\":true,\"valueName\":\"search_term_string\"}}],\"inLanguage\":\"lv-LV\"},{\"@type\":\"Organization\",\"@id\":\"https:\/\/cosmetic.lv\/lv\/#organization\",\"name\":\"COSMETIC.LV\",\"url\":\"https:\/\/cosmetic.lv\/lv\/\",\"logo\":{\"@type\":\"ImageObject\",\"inLanguage\":\"lv-LV\",\"@id\":\"https:\/\/cosmetic.lv\/lv\/#\/schema\/logo\/image\/\",\"url\":\"https:\/\/cosmetic.lv\/wp-content\/uploads\/2021\/02\/cosmetic.lv_logo.jpg\",\"contentUrl\":\"https:\/\/cosmetic.lv\/wp-content\/uploads\/2021\/02\/cosmetic.lv_logo.jpg\",\"width\":596,\"height\":196,\"caption\":\"COSMETIC.LV\"},\"image\":{\"@id\":\"https:\/\/cosmetic.lv\/lv\/#\/schema\/logo\/image\/\"},\"sameAs\":[\"https:\/\/www.facebook.com\/cosmetic.lv\/\"]}]}<\/script>\n<meta property=\"product:price:amount\" content=\"33.31\" \/>\n<meta property=\"product:price:currency\" content=\"EUR\" \/>\n<meta property=\"og:availability\" content=\"instock\" \/>\n<meta property=\"product:availability\" content=\"instock\" \/>\n<meta property=\"product:retailer_item_id\" content=\"359708\" \/>\n<meta property=\"product:condition\" content=\"new\" \/>\n<!-- \/ Yoast SEO Premium plugin. -->","yoast_head_json":{"title":"EUCALIPTUS BLUE 5ml - cosmetic.lv","robots":{"index":"index","follow":"follow","max-snippet":"max-snippet:-1","max-image-preview":"max-image-preview:large","max-video-preview":"max-video-preview:-1"},"canonical":"https:\/\/cosmetic.lv\/lv\/product\/eucaliptus-blue-5ml\/","og_locale":"lv_LV","og_type":"article","og_title":"EUCALIPTUS BLUE 5ml","og_description":"Eucaliptus zils. Eucaliptus bicostata. Eikalipta zils Bot\u0101nisk\u0101 \u0123imene: Myrtaceae (m\u012brs) Izcelsmes valsts: Ekvadora Akt\u012bv\u0101s vielas: Alfa-pin\u0113ns (9-34%) Aromadendr\u0113ns (","og_url":"https:\/\/cosmetic.lv\/lv\/product\/eucaliptus-blue-5ml\/","og_site_name":"cosmetic.lv","article_publisher":"https:\/\/www.facebook.com\/cosmetic.lv\/","article_modified_time":"2021-02-11T20:53:14+00:00","og_image":[{"width":97,"height":240,"url":"https:\/\/cosmetic.lv\/wp-content\/uploads\/2021\/02\/eucalyptus-blue-s-4.jpg","type":"image\/jpeg"}],"twitter_card":"summary_large_image","schema":{"@context":"https:\/\/schema.org","@graph":[{"@type":"WebPage","@id":"https:\/\/cosmetic.lv\/lv\/product\/eucaliptus-blue-5ml\/","url":"https:\/\/cosmetic.lv\/lv\/product\/eucaliptus-blue-5ml\/","name":"EUCALIPTUS BLUE 5ml - cosmetic.lv","isPartOf":{"@id":"https:\/\/cosmetic.lv\/lv\/#website"},"primaryImageOfPage":{"@id":"https:\/\/cosmetic.lv\/lv\/product\/eucaliptus-blue-5ml\/#primaryimage"},"image":{"@id":"https:\/\/cosmetic.lv\/lv\/product\/eucaliptus-blue-5ml\/#primaryimage"},"thumbnailUrl":"https:\/\/cosmetic.lv\/wp-content\/uploads\/2021\/02\/eucalyptus-blue-s-4.jpg","datePublished":"2021-02-06T17:56:01+00:00","dateModified":"2021-02-11T20:53:14+00:00","breadcrumb":{"@id":"https:\/\/cosmetic.lv\/lv\/product\/eucaliptus-blue-5ml\/#breadcrumb"},"inLanguage":"lv-LV","potentialAction":[{"@type":"ReadAction","target":["https:\/\/cosmetic.lv\/lv\/product\/eucaliptus-blue-5ml\/"]}]},{"@type":"ImageObject","inLanguage":"lv-LV","@id":"https:\/\/cosmetic.lv\/lv\/product\/eucaliptus-blue-5ml\/#primaryimage","url":"https:\/\/cosmetic.lv\/wp-content\/uploads\/2021\/02\/eucalyptus-blue-s-4.jpg","contentUrl":"https:\/\/cosmetic.lv\/wp-content\/uploads\/2021\/02\/eucalyptus-blue-s-4.jpg","width":97,"height":240,"caption":"eucalyptus-blue-s.jpg"},{"@type":"BreadcrumbList","@id":"https:\/\/cosmetic.lv\/lv\/product\/eucaliptus-blue-5ml\/#breadcrumb","itemListElement":[{"@type":"ListItem","position":1,"name":"Home","item":"https:\/\/cosmetic.lv\/lv\/"},{"@type":"ListItem","position":2,"name":"Veikals","item":"https:\/\/cosmetic.lv\/lv\/veiklas\/"},{"@type":"ListItem","position":3,"name":"EUCALIPTUS BLUE 5ml"}]},{"@type":"WebSite","@id":"https:\/\/cosmetic.lv\/lv\/#website","url":"https:\/\/cosmetic.lv\/lv\/","name":"cosmetic.lv","description":"Profesion\u0101la kosm\u0113tika - Maria Galland, Keune, Arkadija, GMT, Guam, Magiray","publisher":{"@id":"https:\/\/cosmetic.lv\/lv\/#organization"},"potentialAction":[{"@type":"SearchAction","target":{"@type":"EntryPoint","urlTemplate":"https:\/\/cosmetic.lv\/lv\/?s={search_term_string}"},"query-input":{"@type":"PropertyValueSpecification","valueRequired":true,"valueName":"search_term_string"}}],"inLanguage":"lv-LV"},{"@type":"Organization","@id":"https:\/\/cosmetic.lv\/lv\/#organization","name":"COSMETIC.LV","url":"https:\/\/cosmetic.lv\/lv\/","logo":{"@type":"ImageObject","inLanguage":"lv-LV","@id":"https:\/\/cosmetic.lv\/lv\/#\/schema\/logo\/image\/","url":"https:\/\/cosmetic.lv\/wp-content\/uploads\/2021\/02\/cosmetic.lv_logo.jpg","contentUrl":"https:\/\/cosmetic.lv\/wp-content\/uploads\/2021\/02\/cosmetic.lv_logo.jpg","width":596,"height":196,"caption":"COSMETIC.LV"},"image":{"@id":"https:\/\/cosmetic.lv\/lv\/#\/schema\/logo\/image\/"},"sameAs":["https:\/\/www.facebook.com\/cosmetic.lv\/"]}]},"product_price_amount":"33.31","product_price_currency":"EUR","og_availability":"instock","product_availability":"instock","product_retailer_item_id":"359708","product_condition":"new"},"_links":{"self":[{"href":"https:\/\/cosmetic.lv\/lv\/wp-json\/wp\/v2\/product\/34669","targetHints":{"allow":["GET"]}}],"collection":[{"href":"https:\/\/cosmetic.lv\/lv\/wp-json\/wp\/v2\/product"}],"about":[{"href":"https:\/\/cosmetic.lv\/lv\/wp-json\/wp\/v2\/types\/product"}],"wp:featuredmedia":[{"embeddable":true,"href":"https:\/\/cosmetic.lv\/lv\/wp-json\/wp\/v2\/media\/17107"}],"wp:attachment":[{"href":"https:\/\/cosmetic.lv\/lv\/wp-json\/wp\/v2\/media?parent=34669"}],"wp:term":[{"taxonomy":"product_brand","embeddable":true,"href":"https:\/\/cosmetic.lv\/lv\/wp-json\/wp\/v2\/product_brand?post=34669"},{"taxonomy":"product_cat","embeddable":true,"href":"https:\/\/cosmetic.lv\/lv\/wp-json\/wp\/v2\/product_cat?post=34669"},{"taxonomy":"product_tag","embeddable":true,"href":"https:\/\/cosmetic.lv\/lv\/wp-json\/wp\/v2\/product_tag?post=34669"}],"curies":[{"name":"wp","href":"https:\/\/api.w.org\/{rel}","templated":true}]}}