{"id":34674,"date":"2021-02-05T22:43:52","date_gmt":"2021-02-06T17:56:08","guid":{"rendered":"https:\/\/damme.lv\/product\/german-chamomile-5ml\/"},"modified":"2021-02-11T22:53:09","modified_gmt":"2021-02-11T20:53:09","slug":"german-chamomile-5ml","status":"publish","type":"product","link":"https:\/\/cosmetic.lv\/lv\/product\/german-chamomile-5ml\/","title":{"rendered":"GERMAN CHAMOMILE 5ml"},"content":{"rendered":"<p>V\u0101cu kumel\u012bte. Matricaria recutita<br \/>\nPar jauno dz\u012bvi<\/p>\n<p>\u00a0Kumel\u012b\u0161u v\u0101cu (zil\u0101 kr\u0101s\u0101)<br \/>\n\u00a0Bot\u0101nisk\u0101 \u0123imene: Asteraceae (astros) vai Compositae<\/p>\n<p>\u00a0Izcelsmes valsts: Juta, Aidaho, \u0112\u0123ipte, Ung\u0101rija<\/p>\n<p>\u00a0Akt\u012bv\u0101s vielas:<\/p>\n<p>Chamazul\u0113ns (2-5%)<br \/>\nBisabolola oks\u012bds A (32-42%)<br \/>\nTrans-Beta-Farnesene (18-26)<br \/>\nBisbololoks\u012bds B (3-6%)<br \/>\nBisbolona oks\u012bds A (3-6%)<br \/>\nCis Spiro Ether (4-8%)<br \/>\n\u00a0\u00a0\u00a0\u00a0\u00a0\u00a0\u00a0\u00a0V\u0113sturisk\u0101 inform\u0101cija: apraksts v\u0101cu kumel\u012b\u0161u pirmo reizi tika konstat\u0113ts manuskripta romie\u0161u \u0137irurga un p\u0113tnieks Dioscorides. Vi\u0146a praktisks ce\u013cvedis &quot;De Materia Medica&quot; (&#8217;78 BC) k\u013cuva par Eiropas pirmais ofici\u0101lais atsauces gr\u0101matu par \u0101rstniec\u012bbas augiem, un ir izmantota vair\u0101k nek\u0101 1700 gadus.<\/p>\n<p>\u00a0\u00a0Kur\u0161 slim\u012bbas izmanto: an\u0113mija, asins saind\u0113\u0161an\u0101s (nes Detox), augsts holester\u012bna l\u012bmenis, gremo\u0161anas trauc\u0113jumi, \u017eultsp\u016b\u0161\u013ca infekcija, hepat\u012bts, taukainu aknu, zashlakovka aknas, toksisks aknu, ku\u0146\u0123a \u010d\u016bla, v\u012brusu kol\u012bts, hormon\u0101l\u0101s trauc\u0113jumi, \u0101das slim\u012bbas, pinnes, vir\u0161anas temperat\u016bra, abscesi, aler\u0123ijas, dermat\u012btu, ekz\u0113mu, apdegumu, \u010d\u016blu, iegriezumus, r\u0113tas, sklerodermijas, nobr\u0101zumi, br\u016bces, artr\u012bts, muguras s\u0101pes, muguras s\u0101pes, lumbago, kakla musku\u013ci, zilumos musku\u013cus, karp\u0101l\u0101 kan\u0101la sindroma, Alcheimera slim\u012bbas, no ki, cist\u012bts, fibromial\u0123iju, galvass\u0101pes, migr\u0113na, tahikardija, zobu s\u0101pes, s\u0101pes b\u0113rnu zobu, trombofleb\u012bts, spriedze, bezmiegs.<\/p>\n<p>\u00a0\u00a0Gar\u012bg\u0101s un emocion\u0101l\u0101s sekas: Kumel\u012b\u0161u v\u0101cu regul\u0113 pl\u016bsmu dz\u012bv\u012bbas ener\u0123ijas daudzumu organism\u0101, dzes\u0113\u0161anas iekaisumu. E\u013c\u013ca ir ties\u012bbas mierin\u0101t un m\u012bkstin\u0101t jebkuras emocijas, kas izraisa iekaisumu: dusmas, kairin\u0101jums, dusmas, izraisa riebumu. Kumel\u012bte pal\u012bdz atbr\u012bvot emocijas, kas saist\u012btas ar pag\u0101tni. P\u0113c atbr\u012bvo\u0161anas no \u0161\u012bm emocij\u0101m n\u0101kt klusumu un mieru, skaidr\u0101k redzams patieso ce\u013cu. Kumel\u012b\u0161u e\u013c\u013ca pal\u012bdz dz\u012bvot pasaul\u0113, dievi\u0161\u0137o paciet\u012bbu un pazem\u012bbu dv\u0113sel\u0113, cit\u0101di neredzu un nedzirdu Gars liek uz n\u0101kamo soli uz gar\u012bg\u0101 ce\u013ca.<\/p>\n<p>\u00a0\u00a0Ietekme uz pr\u0101t\u0101: \u0161\u012b salda un z\u0101laugu smar\u017ea ir \u013coti nomierino\u0161as, att\u012bra un relaks\u0113 pr\u0101tu.<\/p>\n<p>\u00a0ORAC: 218600 \u03bcTE \/ 100 g<\/p>\n<p>\u00a0\u00a0Kas ir ORAC? ORAC &#8211; ir sk\u0101bek\u013ca Radical absorbcijas diapazon\u0101 pas\u0101kumiem jaudas sp\u0113ju antioksidantiem vai absorb\u0113 br\u012bvos radik\u0101\u013cus. Vienk\u0101r\u0161\u0101 valod\u0101, tas noz\u012bm\u0113, ka zin\u0101tnisko j\u0113dzienu cik labi viela pal\u012bdz manu \u0137ermeni, lai risin\u0101tu ar t\u0101diem trauc\u0113jumiem, k\u0101 v\u0113zis, sirds un asinsvadu slim\u012bb\u0101m, hronisk\u0101m slim\u012bb\u0101m, org\u0101nos un audos. T\u0101 tika ieviesta p\u0113tnieki no Valsts instit\u016bta Noveco\u0161ana pie National Institutes of Health (NIH) Baltimore, ASV.<\/p>\n<p>\u00a0\u00a0Ra\u017eo\u0161anas metode: tvaika destil\u0101cija no ziediem<\/p>\n<p>\u00a0\u00a0Lieto\u0161ana un doz\u0113\u0161ana:<\/p>\n<p>Neat\u0161\u0137aidiet ar augu e\u013c\u013cu<br \/>\ne\u013c\u013ca tiek uzskat\u012bta par dro\u0161u (GRAS) iek\u0161\u0113jai lieto\u0161anai FDA<br \/>\nuzkl\u0101jiet 1-3 pilienus s\u0101p\u012bgaj\u0101 viet\u0101<br \/>\niek\u0161\u0137\u012bgai lieto\u0161anai, ievietojiet kapsul\u0101 2 reizes dien\u0101, ja nepiecie\u0161ams<br \/>\nattiecas uz Vita Flex punktiem<br \/>\nmas\u0101\u017e\u0101 Raindrop Technique &#8211; e\u013c\u013cu piem\u0113ro\u0161ana p\u0113c sl\u0101\u0146a<br \/>\nieelpot no plaukst\u0101m vai no pudeles<br \/>\n5-8 pilieni difuzor\u0101, 1 stunda 3 reizes dien\u0101 vai p\u0113c nepiecie\u0161am\u012bbas<br \/>\npievienot vannai 5-6 pilienus uz emulgatora<br \/>\nKosm\u0113tikas bag\u0101tin\u0101\u0161ana: 2 pilieni uz 10 ml pamatnes<br \/>\n\u00a0\u00a0Izmantojot m\u0101jdz\u012bvnieku: J\u0101, br\u012bni\u0161\u0137\u012bgo e\u013c\u013cu, lai \u0101rst\u0113tu aler\u0123ijas un nieze uz \u0101das su\u0146iem. Da\u017eas e\u013c\u013cas var b\u016bt \u013coti toksiskas ka\u0137iem. Tie ietver citrusaug\u013cu e\u013c\u013cas, kas nav terapeitiskas kvalit\u0101tes! L\u016bdzu, konsult\u0113jieties ar savu veterin\u0101r\u0101rstu, ja neesat p\u0101rliecin\u0101ts, vai varat izmantot \u0113terisko e\u013c\u013cu savam veterin\u0101r\u0101rstam.<\/p>\n<p>\u00a0\u00a0Piesardz\u012bbas pas\u0101kumi:<\/p>\n<p>izmantot naftas tikai \u0101rstniecisko kvalit\u0101ti<br \/>\nvar lietot neat\u0161\u0137aid\u012btu<br \/>\ne\u013c\u013ca tiek uzskat\u012bta par dro\u0161u (GRAS) iek\u0161\u0113jai lieto\u0161anai FDA<br \/>\nb\u0113rni l\u012bdz 6 gadu vecumam nevajadz\u0113tu izmantot e\u013c\u013cu k\u0101 uztura bag\u0101tin\u0101t\u0101ju<br \/>\nja to piem\u0113ro uz \u0101das t\u012br\u0101 veid\u0101, var izrais\u012bt kairin\u0101jumu jut\u012bgai \u0101dai, dabiska reakcija<br \/>\nnosl\u0113gt\u0101 iepakojuma der\u012bguma termi\u0146\u0161 nav ierobe\u017eots<br \/>\n\u00a0Kumel\u012b\u0161u V\u0101cu \u0113terisk\u0101 e\u013c\u013ca ir da\u013ca: A-R-T Day Activator, A-R-T nakts Reconstructor, ComforTone, EndoFlex, JuvaTone, nodo\u0161ana.<\/p>\n<p>\u00a0Papildu \u0113terisk\u0101s e\u013c\u013cas: \u0123er\u0101niju, lavandas, ro\u017eu, Neroli, bergamotes, jasm\u012bnu, muskatsalvijas, ozola s\u016bnas.<\/p>\n<p>M\u016bsu vesel\u012bbas padomi: izmantojiet ar muskatsalvijas \u0113terisk\u0101 e\u013c\u013ca (muskatsalvijas), lai mazin\u0101tu spriedzi un stresu no PMS.<\/p>\n","protected":false},"excerpt":{"rendered":"<p>V\u0101cu kumel\u012bte. Matricaria recutita Par jauno dz\u012bvi \u00a0Kumel\u012b\u0161u v\u0101cu (zil\u0101 kr\u0101s\u0101) \u00a0Bot\u0101nisk\u0101 \u0123imene: Asteraceae (astros) vai Compositae \u00a0Izcelsmes valsts: Juta,<\/p>\n","protected":false},"featured_media":17120,"template":"","meta":[],"product_brand":[],"product_cat":[2186,2193],"product_tag":[],"class_list":{"0":"post-34674","1":"product","2":"type-product","3":"status-publish","4":"has-post-thumbnail","6":"product_cat-young-living-eteriskas-ellas-un-kosmetika-augstas-kvalitates","7":"product_cat-eteriskas-ellas-lv","9":"first","10":"instock","11":"taxable","12":"shipping-taxable","13":"purchasable","14":"product-type-simple"},"yoast_head":"<!-- This site is optimized with the Yoast SEO Premium plugin v27.0 (Yoast SEO v27.0) - https:\/\/yoast.com\/product\/yoast-seo-premium-wordpress\/ -->\n<title>GERMAN CHAMOMILE 5ml - cosmetic.lv<\/title>\n<meta name=\"robots\" content=\"index, follow, max-snippet:-1, max-image-preview:large, max-video-preview:-1\" \/>\n<link rel=\"canonical\" href=\"https:\/\/cosmetic.lv\/lv\/product\/german-chamomile-5ml\/\" \/>\n<meta property=\"og:locale\" content=\"lv_LV\" \/>\n<meta property=\"og:type\" content=\"article\" \/>\n<meta property=\"og:title\" content=\"GERMAN CHAMOMILE 5ml\" \/>\n<meta property=\"og:description\" content=\"V\u0101cu kumel\u012bte. Matricaria recutita Par jauno dz\u012bvi \u00a0Kumel\u012b\u0161u v\u0101cu (zil\u0101 kr\u0101s\u0101) \u00a0Bot\u0101nisk\u0101 \u0123imene: Asteraceae (astros) vai Compositae \u00a0Izcelsmes valsts: Juta,\" \/>\n<meta property=\"og:url\" content=\"https:\/\/cosmetic.lv\/lv\/product\/german-chamomile-5ml\/\" \/>\n<meta property=\"og:site_name\" content=\"cosmetic.lv\" \/>\n<meta property=\"article:publisher\" content=\"https:\/\/www.facebook.com\/cosmetic.lv\/\" \/>\n<meta property=\"article:modified_time\" content=\"2021-02-11T20:53:09+00:00\" \/>\n<meta property=\"og:image\" content=\"https:\/\/cosmetic.lv\/wp-content\/uploads\/2021\/02\/german-chamomille-s-4.jpg\" \/>\n\t<meta property=\"og:image:width\" content=\"97\" \/>\n\t<meta property=\"og:image:height\" content=\"240\" \/>\n\t<meta property=\"og:image:type\" content=\"image\/jpeg\" \/>\n<meta name=\"twitter:card\" content=\"summary_large_image\" \/>\n<script type=\"application\/ld+json\" class=\"yoast-schema-graph\">{\"@context\":\"https:\/\/schema.org\",\"@graph\":[{\"@type\":\"WebPage\",\"@id\":\"https:\/\/cosmetic.lv\/lv\/product\/german-chamomile-5ml\/\",\"url\":\"https:\/\/cosmetic.lv\/lv\/product\/german-chamomile-5ml\/\",\"name\":\"GERMAN CHAMOMILE 5ml - cosmetic.lv\",\"isPartOf\":{\"@id\":\"https:\/\/cosmetic.lv\/lv\/#website\"},\"primaryImageOfPage\":{\"@id\":\"https:\/\/cosmetic.lv\/lv\/product\/german-chamomile-5ml\/#primaryimage\"},\"image\":{\"@id\":\"https:\/\/cosmetic.lv\/lv\/product\/german-chamomile-5ml\/#primaryimage\"},\"thumbnailUrl\":\"https:\/\/cosmetic.lv\/wp-content\/uploads\/2021\/02\/german-chamomille-s-4.jpg\",\"datePublished\":\"2021-02-06T17:56:08+00:00\",\"dateModified\":\"2021-02-11T20:53:09+00:00\",\"breadcrumb\":{\"@id\":\"https:\/\/cosmetic.lv\/lv\/product\/german-chamomile-5ml\/#breadcrumb\"},\"inLanguage\":\"lv-LV\",\"potentialAction\":[{\"@type\":\"ReadAction\",\"target\":[\"https:\/\/cosmetic.lv\/lv\/product\/german-chamomile-5ml\/\"]}]},{\"@type\":\"ImageObject\",\"inLanguage\":\"lv-LV\",\"@id\":\"https:\/\/cosmetic.lv\/lv\/product\/german-chamomile-5ml\/#primaryimage\",\"url\":\"https:\/\/cosmetic.lv\/wp-content\/uploads\/2021\/02\/german-chamomille-s-4.jpg\",\"contentUrl\":\"https:\/\/cosmetic.lv\/wp-content\/uploads\/2021\/02\/german-chamomille-s-4.jpg\",\"width\":97,\"height\":240,\"caption\":\"german-chamomille-s.jpg\"},{\"@type\":\"BreadcrumbList\",\"@id\":\"https:\/\/cosmetic.lv\/lv\/product\/german-chamomile-5ml\/#breadcrumb\",\"itemListElement\":[{\"@type\":\"ListItem\",\"position\":1,\"name\":\"Home\",\"item\":\"https:\/\/cosmetic.lv\/lv\/\"},{\"@type\":\"ListItem\",\"position\":2,\"name\":\"Veikals\",\"item\":\"https:\/\/cosmetic.lv\/lv\/veiklas\/\"},{\"@type\":\"ListItem\",\"position\":3,\"name\":\"GERMAN CHAMOMILE 5ml\"}]},{\"@type\":\"WebSite\",\"@id\":\"https:\/\/cosmetic.lv\/lv\/#website\",\"url\":\"https:\/\/cosmetic.lv\/lv\/\",\"name\":\"cosmetic.lv\",\"description\":\"Profesion\u0101la kosm\u0113tika - Maria Galland, Keune, Arkadija, GMT, Guam, Magiray\",\"publisher\":{\"@id\":\"https:\/\/cosmetic.lv\/lv\/#organization\"},\"potentialAction\":[{\"@type\":\"SearchAction\",\"target\":{\"@type\":\"EntryPoint\",\"urlTemplate\":\"https:\/\/cosmetic.lv\/lv\/?s={search_term_string}\"},\"query-input\":{\"@type\":\"PropertyValueSpecification\",\"valueRequired\":true,\"valueName\":\"search_term_string\"}}],\"inLanguage\":\"lv-LV\"},{\"@type\":\"Organization\",\"@id\":\"https:\/\/cosmetic.lv\/lv\/#organization\",\"name\":\"COSMETIC.LV\",\"url\":\"https:\/\/cosmetic.lv\/lv\/\",\"logo\":{\"@type\":\"ImageObject\",\"inLanguage\":\"lv-LV\",\"@id\":\"https:\/\/cosmetic.lv\/lv\/#\/schema\/logo\/image\/\",\"url\":\"https:\/\/cosmetic.lv\/wp-content\/uploads\/2021\/02\/cosmetic.lv_logo.jpg\",\"contentUrl\":\"https:\/\/cosmetic.lv\/wp-content\/uploads\/2021\/02\/cosmetic.lv_logo.jpg\",\"width\":596,\"height\":196,\"caption\":\"COSMETIC.LV\"},\"image\":{\"@id\":\"https:\/\/cosmetic.lv\/lv\/#\/schema\/logo\/image\/\"},\"sameAs\":[\"https:\/\/www.facebook.com\/cosmetic.lv\/\"]}]}<\/script>\n<meta property=\"product:price:amount\" content=\"72.15\" \/>\n<meta property=\"product:price:currency\" content=\"EUR\" \/>\n<meta property=\"og:availability\" content=\"instock\" \/>\n<meta property=\"product:availability\" content=\"instock\" \/>\n<meta property=\"product:retailer_item_id\" content=\"308608\" \/>\n<meta property=\"product:condition\" content=\"new\" \/>\n<!-- \/ Yoast SEO Premium plugin. -->","yoast_head_json":{"title":"GERMAN CHAMOMILE 5ml - cosmetic.lv","robots":{"index":"index","follow":"follow","max-snippet":"max-snippet:-1","max-image-preview":"max-image-preview:large","max-video-preview":"max-video-preview:-1"},"canonical":"https:\/\/cosmetic.lv\/lv\/product\/german-chamomile-5ml\/","og_locale":"lv_LV","og_type":"article","og_title":"GERMAN CHAMOMILE 5ml","og_description":"V\u0101cu kumel\u012bte. Matricaria recutita Par jauno dz\u012bvi \u00a0Kumel\u012b\u0161u v\u0101cu (zil\u0101 kr\u0101s\u0101) \u00a0Bot\u0101nisk\u0101 \u0123imene: Asteraceae (astros) vai Compositae \u00a0Izcelsmes valsts: Juta,","og_url":"https:\/\/cosmetic.lv\/lv\/product\/german-chamomile-5ml\/","og_site_name":"cosmetic.lv","article_publisher":"https:\/\/www.facebook.com\/cosmetic.lv\/","article_modified_time":"2021-02-11T20:53:09+00:00","og_image":[{"width":97,"height":240,"url":"https:\/\/cosmetic.lv\/wp-content\/uploads\/2021\/02\/german-chamomille-s-4.jpg","type":"image\/jpeg"}],"twitter_card":"summary_large_image","schema":{"@context":"https:\/\/schema.org","@graph":[{"@type":"WebPage","@id":"https:\/\/cosmetic.lv\/lv\/product\/german-chamomile-5ml\/","url":"https:\/\/cosmetic.lv\/lv\/product\/german-chamomile-5ml\/","name":"GERMAN CHAMOMILE 5ml - cosmetic.lv","isPartOf":{"@id":"https:\/\/cosmetic.lv\/lv\/#website"},"primaryImageOfPage":{"@id":"https:\/\/cosmetic.lv\/lv\/product\/german-chamomile-5ml\/#primaryimage"},"image":{"@id":"https:\/\/cosmetic.lv\/lv\/product\/german-chamomile-5ml\/#primaryimage"},"thumbnailUrl":"https:\/\/cosmetic.lv\/wp-content\/uploads\/2021\/02\/german-chamomille-s-4.jpg","datePublished":"2021-02-06T17:56:08+00:00","dateModified":"2021-02-11T20:53:09+00:00","breadcrumb":{"@id":"https:\/\/cosmetic.lv\/lv\/product\/german-chamomile-5ml\/#breadcrumb"},"inLanguage":"lv-LV","potentialAction":[{"@type":"ReadAction","target":["https:\/\/cosmetic.lv\/lv\/product\/german-chamomile-5ml\/"]}]},{"@type":"ImageObject","inLanguage":"lv-LV","@id":"https:\/\/cosmetic.lv\/lv\/product\/german-chamomile-5ml\/#primaryimage","url":"https:\/\/cosmetic.lv\/wp-content\/uploads\/2021\/02\/german-chamomille-s-4.jpg","contentUrl":"https:\/\/cosmetic.lv\/wp-content\/uploads\/2021\/02\/german-chamomille-s-4.jpg","width":97,"height":240,"caption":"german-chamomille-s.jpg"},{"@type":"BreadcrumbList","@id":"https:\/\/cosmetic.lv\/lv\/product\/german-chamomile-5ml\/#breadcrumb","itemListElement":[{"@type":"ListItem","position":1,"name":"Home","item":"https:\/\/cosmetic.lv\/lv\/"},{"@type":"ListItem","position":2,"name":"Veikals","item":"https:\/\/cosmetic.lv\/lv\/veiklas\/"},{"@type":"ListItem","position":3,"name":"GERMAN CHAMOMILE 5ml"}]},{"@type":"WebSite","@id":"https:\/\/cosmetic.lv\/lv\/#website","url":"https:\/\/cosmetic.lv\/lv\/","name":"cosmetic.lv","description":"Profesion\u0101la kosm\u0113tika - Maria Galland, Keune, Arkadija, GMT, Guam, Magiray","publisher":{"@id":"https:\/\/cosmetic.lv\/lv\/#organization"},"potentialAction":[{"@type":"SearchAction","target":{"@type":"EntryPoint","urlTemplate":"https:\/\/cosmetic.lv\/lv\/?s={search_term_string}"},"query-input":{"@type":"PropertyValueSpecification","valueRequired":true,"valueName":"search_term_string"}}],"inLanguage":"lv-LV"},{"@type":"Organization","@id":"https:\/\/cosmetic.lv\/lv\/#organization","name":"COSMETIC.LV","url":"https:\/\/cosmetic.lv\/lv\/","logo":{"@type":"ImageObject","inLanguage":"lv-LV","@id":"https:\/\/cosmetic.lv\/lv\/#\/schema\/logo\/image\/","url":"https:\/\/cosmetic.lv\/wp-content\/uploads\/2021\/02\/cosmetic.lv_logo.jpg","contentUrl":"https:\/\/cosmetic.lv\/wp-content\/uploads\/2021\/02\/cosmetic.lv_logo.jpg","width":596,"height":196,"caption":"COSMETIC.LV"},"image":{"@id":"https:\/\/cosmetic.lv\/lv\/#\/schema\/logo\/image\/"},"sameAs":["https:\/\/www.facebook.com\/cosmetic.lv\/"]}]},"product_price_amount":"72.15","product_price_currency":"EUR","og_availability":"instock","product_availability":"instock","product_retailer_item_id":"308608","product_condition":"new"},"_links":{"self":[{"href":"https:\/\/cosmetic.lv\/lv\/wp-json\/wp\/v2\/product\/34674","targetHints":{"allow":["GET"]}}],"collection":[{"href":"https:\/\/cosmetic.lv\/lv\/wp-json\/wp\/v2\/product"}],"about":[{"href":"https:\/\/cosmetic.lv\/lv\/wp-json\/wp\/v2\/types\/product"}],"wp:featuredmedia":[{"embeddable":true,"href":"https:\/\/cosmetic.lv\/lv\/wp-json\/wp\/v2\/media\/17120"}],"wp:attachment":[{"href":"https:\/\/cosmetic.lv\/lv\/wp-json\/wp\/v2\/media?parent=34674"}],"wp:term":[{"taxonomy":"product_brand","embeddable":true,"href":"https:\/\/cosmetic.lv\/lv\/wp-json\/wp\/v2\/product_brand?post=34674"},{"taxonomy":"product_cat","embeddable":true,"href":"https:\/\/cosmetic.lv\/lv\/wp-json\/wp\/v2\/product_cat?post=34674"},{"taxonomy":"product_tag","embeddable":true,"href":"https:\/\/cosmetic.lv\/lv\/wp-json\/wp\/v2\/product_tag?post=34674"}],"curies":[{"name":"wp","href":"https:\/\/api.w.org\/{rel}","templated":true}]}}