{"id":34675,"date":"2021-02-05T22:43:52","date_gmt":"2021-02-06T17:56:08","guid":{"rendered":"https:\/\/damme.lv\/product\/geranium-15ml\/"},"modified":"2021-02-11T22:53:09","modified_gmt":"2021-02-11T20:53:09","slug":"geranium-15ml","status":"publish","type":"product","link":"https:\/\/cosmetic.lv\/lv\/product\/geranium-15ml\/","title":{"rendered":"GERANIUM 15ml"},"content":{"rendered":"<p>\u0122er\u0101nijas. Pelargonium graveolens.<br \/>\nGeranium<br \/>\nBot\u0101niskais \u0123imene: Geraniaceae<\/p>\n<p>Izcelsmes valsts: \u0112\u0123ipte, Indija<\/p>\n<p>\u00a0Citronelols + Nerol (35-50%)<br \/>\nCitronnellyl Formate (9-15%)<br \/>\nGeraniols (5-10%)<br \/>\n6,9-Guaiadene (4-8%)<br \/>\nIsomenthone (4-8%)<br \/>\nORAC: ne izm\u0113r\u012bt<\/p>\n<p>Kas ir ORAC? ORAC &#8211; ir sk\u0101bek\u013ca Radical absorbcijas diapazon\u0101 pas\u0101kumiem jaudas sp\u0113ju antioksidantiem vai absorb\u0113 br\u012bvos radik\u0101\u013cus. Vienk\u0101r\u0161\u0101 valod\u0101, tas noz\u012bm\u0113, ka zin\u0101tnisko j\u0113dzienu cik labi viela pal\u012bdz manu \u0137ermeni, lai risin\u0101tu ar t\u0101diem trauc\u0113jumiem, k\u0101 v\u0113zis, sirds un asinsvadu slim\u012bb\u0101m, hronisk\u0101m slim\u012bb\u0101m, org\u0101nos un audos. T\u0101 tika ieviesta p\u0113tnieki no Valsts instit\u016bta Noveco\u0161ana pie National Institutes of Health (NIH) Baltimore, ASV.<\/p>\n<p>Ra\u017eo\u0161anas metode: tvaika destil\u0101ciju no lap\u0101m un ziediem<\/p>\n<p>V\u0113sturisk\u0101 inform\u0101cija: Daudzus gadsimtus \u0123er\u0101niju e\u013c\u013ca tika izmantota \u0101das atjauno\u0161anos un \u0101rst\u0113tu \u0101das slim\u012bbas. Ir daudzi veidi, \u0123er\u0101nijas, Pelargonium graveolens ra\u017eots no augst\u0101k\u0101s kvalit\u0101tes \u0113terisk\u0101s e\u013c\u013cas. Zin\u0101t, ka neapm\u0101c\u012bts deguns nevar at\u0161\u0137irt \u0122er\u0101nijas \u0113terisk\u0101 e\u013c\u013ca ro\u017eu \u0113terisko e\u013c\u013cu. Tas ir \u0161\u012b iemesla d\u0113\u013c, \u0123er\u0101nijas e\u013c\u013ca tiek izmantota, lai vilto\u0161anas Roses!<\/p>\n<p>\u0100rstnieciskas \u012bpa\u0161\u012bbas: pretiekaisuma, pretkrampju, antioksidants, pretaudz\u0113ju, antibakteri\u0101la, hemostatic (asi\u0146o\u0161anas aptur\u0113\u0161anu), prets\u0113n\u012b\u0161u, savelko\u0161a, antidepresants, nomierino\u0161s, homeostatiskos (asi\u0146o\u0161anas aptur\u0113\u0161anai), diur\u0113tiskie l\u012bdzek\u013ci, aknas stimulators, stimulators no aizku\u0146\u0123a dziedzera, detoksik\u0101ciju, papla\u0161inot \u017eultsvadu detoksik\u0101cijai, normaliz\u0113 menstru\u0101lo ciklu, tas atvieglo st\u0101vokli kulmin\u0101cija laik\u0101, att\u012bra taukainu \u0101du, normaliz\u0113 tauku dziedzeru darb\u012bbu, mitrina sausu \u0101du, re \u0123ener\u0113 \u0101das \u0161\u016bnas, tas atjauno \u0101du, repelenti.<\/p>\n<p>\u0122er\u0101nijas \u0113terisk\u0101 e\u013c\u013ca stimul\u0113 aknu un aizku\u0146\u0123a dziedzera, tie uzlabo asinsriti, \u017eultsce\u013ci papla\u0161ina detoksik\u0101cijai \u017eultsp\u016b\u0161\u013ca un aknu.<\/p>\n<p>In ko izmanto slim\u012bbas: hepat\u012bts, tauksk\u0101bju aknas, \u0101das infekcijas, \u0101das boj\u0101jumi, pinnes, pimples, pinnes, taukaina \u0101da, sausa \u0101da, grumbas, \u0101das noveco\u0161an\u0101s, psori\u0101ze, dermat\u012bts, ekz\u0113ma, nieze, dermat\u012bts, apdegumu, apsald\u0113jumus, br\u016bces, l\u016bzumi, s\u0113n\u012b\u0161u infekcija, \u0113des, v\u012brusu infekcija, herpes, v\u0113jbakas, jostas roze lischay, hormon\u0101li trauc\u0113jumi, slikta apgroz\u012bb\u0101 (uzlabo asinsriti, apriti), menstru\u0101l\u0101 cikla probl\u0113mas, PMS, stress, bezmiegs.<\/p>\n<p>Gar\u012bg\u0101 un emocion\u0101l\u0101 ietekme: \u0122er\u0101nijas \u0113terisk\u0101 e\u013c\u013ca pal\u012bdz samazin\u0101t bailes no &quot;pame\u0161anas&quot; &#8211; man nepat\u012bk.<\/p>\n<p>Ietekme uz pr\u0101tu: tas pal\u012bdz atbr\u012bvot negat\u012bv\u0101s atmi\u0146as, apvainojumu, atvieglo spriedzi, atlikumi emocijas, veicina mieru, cer\u012bbu, labkl\u0101j\u012bbu.<\/p>\n<p>Lieto\u0161ana un doz\u0113\u0161ana:<\/p>\n<p>tika at\u0161\u0137aid\u012bts 1: 1 ar augu e\u013c\u013cu vai sviestu V-6<br \/>\ne\u013c\u013ca tiek uzskat\u012bta par dro\u0161u (GRAS) iek\u0161\u0113jai lieto\u0161anai FDA<br \/>\nuzkl\u0101jiet 1-3 pilienus s\u0101p\u012bgaj\u0101 viet\u0101<br \/>\niek\u0161\u0137\u012bgai lieto\u0161anai, ievietojiet kapsul\u0101 2 reizes dien\u0101, ja nepiecie\u0161ams<br \/>\nlikts uz Vita Flex punktiem -in mas\u0101\u017ea lietusl\u0101si Technique &#8211; nosl\u0101\u0146ojums e\u013c\u013cas<br \/>\nieelpot no plaukst\u0101m vai no pudeles &#8211;<br \/>\n5-8 pilieni Diffusor\u0101, 30 min\u016btes 3 reizes dien\u0101 vai p\u0113c nepiecie\u0161am\u012bbas<br \/>\nvann\u0101 5-6 pilienus uz emulgatora<br \/>\nKosm\u0113tikas bag\u0101tin\u0101\u0161ana: 2 pilieni uz 10 ml pamatnes<br \/>\nIzmantojot m\u0101jdz\u012bvnieku: J\u0101, j\u016bs varat, lai \u0101rst\u0113tu s\u0113n\u012b\u0161u infekcijas auss. Su\u0146iem, j\u016bs varat izmantot pret \u0113rc\u0113m un mu\u0161\u0101m.<\/p>\n<p>Da\u017eas e\u013c\u013cas var b\u016bt \u013coti toksiskas ka\u0137iem. Tie ietver citrusaug\u013cu e\u013c\u013cas, kas nav terapeitiskas kvalit\u0101tes! L\u016bdzu, konsult\u0113jieties ar savu veterin\u0101r\u0101rstu, ja neesat p\u0101rliecin\u0101ts, vai varat izmantot \u0113terisko e\u013c\u013cu savam veterin\u0101r\u0101rstam.<\/p>\n<p>\u00a0Piesardz\u012bbas pas\u0101kumi:<\/p>\n<p>izmantot naftas tikai \u0101rstniecisko kvalit\u0101ti<br \/>\ntika at\u0161\u0137aid\u012bts 1: 1 ar augu e\u013c\u013cu vai sviestu V-6<br \/>\ne\u013c\u013ca tiek uzskat\u012bta par dro\u0161u (GRAS) iek\u0161\u0113jai lieto\u0161anai FDA<br \/>\nb\u0113rni l\u012bdz 6 gadu vecumam nevajadz\u0113tu izmantot e\u013c\u013cu k\u0101 uztura bag\u0101tin\u0101t\u0101ju<br \/>\nneizmantojiet uz z\u012bdai\u0146iem<br \/>\nja uzkl\u0101j uz \u0101das t\u012br\u0101 form\u0101, reakcija ir neitr\u0101la<br \/>\nglab\u0101t b\u0113rniem nepieejam\u0101 viet\u0101<br \/>\nnosl\u0113gt\u0101 iepakojuma der\u012bguma termi\u0146\u0161 nav ierobe\u017eots<br \/>\n\u0122er\u0101niju e\u013c\u013ca iek\u013cauti sast\u0101v\u0101: pie\u0146em\u0161ana, AnimalScents Ziede, Dz\u012bvnieku Smar\u017e\u0101m \u0161amp\u016bns, AromaGuard, P\u013cava MistDeodorant, mostamies, Boswellia Wrinkle Cream, skaidr\u012bba, Dragon Laiks Bath &#038; Shower Gel, EndoFlex, Envision, Vakara Miera Bath &#038; Shower Gel, Piedo\u0161ana, salidojums Genesis Roku un \u0137erme\u0146a losjons, Maiga Baby, Harmony, visliel\u0101kais potenci\u0101ls, Pazem\u012bba, Joy, JuvaFlex, Juva Tone, K7B uzl\u0113jumu, KidScents losjons, Lady Sclareol, Lemon-Sage preciz\u0113\u0161ana Kondicionieris, Lemon-Sage preciz\u0113\u0161ana \u0161amp\u016bns, Melaleuca-\u0122er\u0101nijas Bar Soap , Prenalone, Prenalone Plus, Progessence, izlaidums, Rosewood mitrino\u0161s kondicionieris, Rosewood Mitrino\u0161s \u0161amp\u016bns, Sara, Trauma Life, White Angelica, Wolfberry Eye Cream<\/p>\n","protected":false},"excerpt":{"rendered":"<p>\u0122er\u0101nijas. Pelargonium graveolens. Geranium Bot\u0101niskais \u0123imene: Geraniaceae Izcelsmes valsts: \u0112\u0123ipte, Indija \u00a0Citronelols + Nerol (35-50%) Citronnellyl Formate (9-15%) Geraniols (5-10%)<\/p>\n","protected":false},"featured_media":17123,"template":"","meta":[],"product_brand":[],"product_cat":[2186,2193],"product_tag":[],"class_list":{"0":"post-34675","1":"product","2":"type-product","3":"status-publish","4":"has-post-thumbnail","6":"product_cat-young-living-eteriskas-ellas-un-kosmetika-augstas-kvalitates","7":"product_cat-eteriskas-ellas-lv","9":"first","10":"instock","11":"taxable","12":"shipping-taxable","13":"purchasable","14":"product-type-simple"},"yoast_head":"<!-- This site is optimized with the Yoast SEO Premium plugin v27.0 (Yoast SEO v27.0) - https:\/\/yoast.com\/product\/yoast-seo-premium-wordpress\/ -->\n<title>GERANIUM 15ml - cosmetic.lv<\/title>\n<meta name=\"robots\" content=\"index, follow, max-snippet:-1, max-image-preview:large, max-video-preview:-1\" \/>\n<link rel=\"canonical\" href=\"https:\/\/cosmetic.lv\/lv\/product\/geranium-15ml\/\" \/>\n<meta property=\"og:locale\" content=\"lv_LV\" \/>\n<meta property=\"og:type\" content=\"article\" \/>\n<meta property=\"og:title\" content=\"GERANIUM 15ml\" \/>\n<meta property=\"og:description\" content=\"\u0122er\u0101nijas. Pelargonium graveolens. Geranium Bot\u0101niskais \u0123imene: Geraniaceae Izcelsmes valsts: \u0112\u0123ipte, Indija \u00a0Citronelols + Nerol (35-50%) Citronnellyl Formate (9-15%) Geraniols (5-10%)\" \/>\n<meta property=\"og:url\" content=\"https:\/\/cosmetic.lv\/lv\/product\/geranium-15ml\/\" \/>\n<meta property=\"og:site_name\" content=\"cosmetic.lv\" \/>\n<meta property=\"article:publisher\" content=\"https:\/\/www.facebook.com\/cosmetic.lv\/\" \/>\n<meta property=\"article:modified_time\" content=\"2021-02-11T20:53:09+00:00\" \/>\n<meta property=\"og:image\" content=\"https:\/\/cosmetic.lv\/wp-content\/uploads\/2021\/02\/geranium-s-4.jpg\" \/>\n\t<meta property=\"og:image:width\" content=\"100\" \/>\n\t<meta property=\"og:image:height\" content=\"240\" \/>\n\t<meta property=\"og:image:type\" content=\"image\/jpeg\" \/>\n<meta name=\"twitter:card\" content=\"summary_large_image\" \/>\n<script type=\"application\/ld+json\" class=\"yoast-schema-graph\">{\"@context\":\"https:\/\/schema.org\",\"@graph\":[{\"@type\":\"WebPage\",\"@id\":\"https:\/\/cosmetic.lv\/lv\/product\/geranium-15ml\/\",\"url\":\"https:\/\/cosmetic.lv\/lv\/product\/geranium-15ml\/\",\"name\":\"GERANIUM 15ml - cosmetic.lv\",\"isPartOf\":{\"@id\":\"https:\/\/cosmetic.lv\/lv\/#website\"},\"primaryImageOfPage\":{\"@id\":\"https:\/\/cosmetic.lv\/lv\/product\/geranium-15ml\/#primaryimage\"},\"image\":{\"@id\":\"https:\/\/cosmetic.lv\/lv\/product\/geranium-15ml\/#primaryimage\"},\"thumbnailUrl\":\"https:\/\/cosmetic.lv\/wp-content\/uploads\/2021\/02\/geranium-s-4.jpg\",\"datePublished\":\"2021-02-06T17:56:08+00:00\",\"dateModified\":\"2021-02-11T20:53:09+00:00\",\"breadcrumb\":{\"@id\":\"https:\/\/cosmetic.lv\/lv\/product\/geranium-15ml\/#breadcrumb\"},\"inLanguage\":\"lv-LV\",\"potentialAction\":[{\"@type\":\"ReadAction\",\"target\":[\"https:\/\/cosmetic.lv\/lv\/product\/geranium-15ml\/\"]}]},{\"@type\":\"ImageObject\",\"inLanguage\":\"lv-LV\",\"@id\":\"https:\/\/cosmetic.lv\/lv\/product\/geranium-15ml\/#primaryimage\",\"url\":\"https:\/\/cosmetic.lv\/wp-content\/uploads\/2021\/02\/geranium-s-4.jpg\",\"contentUrl\":\"https:\/\/cosmetic.lv\/wp-content\/uploads\/2021\/02\/geranium-s-4.jpg\",\"width\":100,\"height\":240,\"caption\":\"geranium-s.jpg\"},{\"@type\":\"BreadcrumbList\",\"@id\":\"https:\/\/cosmetic.lv\/lv\/product\/geranium-15ml\/#breadcrumb\",\"itemListElement\":[{\"@type\":\"ListItem\",\"position\":1,\"name\":\"Home\",\"item\":\"https:\/\/cosmetic.lv\/lv\/\"},{\"@type\":\"ListItem\",\"position\":2,\"name\":\"Veikals\",\"item\":\"https:\/\/cosmetic.lv\/lv\/veiklas\/\"},{\"@type\":\"ListItem\",\"position\":3,\"name\":\"GERANIUM 15ml\"}]},{\"@type\":\"WebSite\",\"@id\":\"https:\/\/cosmetic.lv\/lv\/#website\",\"url\":\"https:\/\/cosmetic.lv\/lv\/\",\"name\":\"cosmetic.lv\",\"description\":\"Profesion\u0101la kosm\u0113tika - Maria Galland, Keune, Arkadija, GMT, Guam, Magiray\",\"publisher\":{\"@id\":\"https:\/\/cosmetic.lv\/lv\/#organization\"},\"potentialAction\":[{\"@type\":\"SearchAction\",\"target\":{\"@type\":\"EntryPoint\",\"urlTemplate\":\"https:\/\/cosmetic.lv\/lv\/?s={search_term_string}\"},\"query-input\":{\"@type\":\"PropertyValueSpecification\",\"valueRequired\":true,\"valueName\":\"search_term_string\"}}],\"inLanguage\":\"lv-LV\"},{\"@type\":\"Organization\",\"@id\":\"https:\/\/cosmetic.lv\/lv\/#organization\",\"name\":\"COSMETIC.LV\",\"url\":\"https:\/\/cosmetic.lv\/lv\/\",\"logo\":{\"@type\":\"ImageObject\",\"inLanguage\":\"lv-LV\",\"@id\":\"https:\/\/cosmetic.lv\/lv\/#\/schema\/logo\/image\/\",\"url\":\"https:\/\/cosmetic.lv\/wp-content\/uploads\/2021\/02\/cosmetic.lv_logo.jpg\",\"contentUrl\":\"https:\/\/cosmetic.lv\/wp-content\/uploads\/2021\/02\/cosmetic.lv_logo.jpg\",\"width\":596,\"height\":196,\"caption\":\"COSMETIC.LV\"},\"image\":{\"@id\":\"https:\/\/cosmetic.lv\/lv\/#\/schema\/logo\/image\/\"},\"sameAs\":[\"https:\/\/www.facebook.com\/cosmetic.lv\/\"]}]}<\/script>\n<meta property=\"product:price:amount\" content=\"81.37\" \/>\n<meta property=\"product:price:currency\" content=\"EUR\" \/>\n<meta property=\"og:availability\" content=\"instock\" \/>\n<meta property=\"product:availability\" content=\"instock\" \/>\n<meta property=\"product:retailer_item_id\" content=\"355408\" \/>\n<meta property=\"product:condition\" content=\"new\" \/>\n<!-- \/ Yoast SEO Premium plugin. -->","yoast_head_json":{"title":"GERANIUM 15ml - cosmetic.lv","robots":{"index":"index","follow":"follow","max-snippet":"max-snippet:-1","max-image-preview":"max-image-preview:large","max-video-preview":"max-video-preview:-1"},"canonical":"https:\/\/cosmetic.lv\/lv\/product\/geranium-15ml\/","og_locale":"lv_LV","og_type":"article","og_title":"GERANIUM 15ml","og_description":"\u0122er\u0101nijas. Pelargonium graveolens. Geranium Bot\u0101niskais \u0123imene: Geraniaceae Izcelsmes valsts: \u0112\u0123ipte, Indija \u00a0Citronelols + Nerol (35-50%) Citronnellyl Formate (9-15%) Geraniols (5-10%)","og_url":"https:\/\/cosmetic.lv\/lv\/product\/geranium-15ml\/","og_site_name":"cosmetic.lv","article_publisher":"https:\/\/www.facebook.com\/cosmetic.lv\/","article_modified_time":"2021-02-11T20:53:09+00:00","og_image":[{"width":100,"height":240,"url":"https:\/\/cosmetic.lv\/wp-content\/uploads\/2021\/02\/geranium-s-4.jpg","type":"image\/jpeg"}],"twitter_card":"summary_large_image","schema":{"@context":"https:\/\/schema.org","@graph":[{"@type":"WebPage","@id":"https:\/\/cosmetic.lv\/lv\/product\/geranium-15ml\/","url":"https:\/\/cosmetic.lv\/lv\/product\/geranium-15ml\/","name":"GERANIUM 15ml - cosmetic.lv","isPartOf":{"@id":"https:\/\/cosmetic.lv\/lv\/#website"},"primaryImageOfPage":{"@id":"https:\/\/cosmetic.lv\/lv\/product\/geranium-15ml\/#primaryimage"},"image":{"@id":"https:\/\/cosmetic.lv\/lv\/product\/geranium-15ml\/#primaryimage"},"thumbnailUrl":"https:\/\/cosmetic.lv\/wp-content\/uploads\/2021\/02\/geranium-s-4.jpg","datePublished":"2021-02-06T17:56:08+00:00","dateModified":"2021-02-11T20:53:09+00:00","breadcrumb":{"@id":"https:\/\/cosmetic.lv\/lv\/product\/geranium-15ml\/#breadcrumb"},"inLanguage":"lv-LV","potentialAction":[{"@type":"ReadAction","target":["https:\/\/cosmetic.lv\/lv\/product\/geranium-15ml\/"]}]},{"@type":"ImageObject","inLanguage":"lv-LV","@id":"https:\/\/cosmetic.lv\/lv\/product\/geranium-15ml\/#primaryimage","url":"https:\/\/cosmetic.lv\/wp-content\/uploads\/2021\/02\/geranium-s-4.jpg","contentUrl":"https:\/\/cosmetic.lv\/wp-content\/uploads\/2021\/02\/geranium-s-4.jpg","width":100,"height":240,"caption":"geranium-s.jpg"},{"@type":"BreadcrumbList","@id":"https:\/\/cosmetic.lv\/lv\/product\/geranium-15ml\/#breadcrumb","itemListElement":[{"@type":"ListItem","position":1,"name":"Home","item":"https:\/\/cosmetic.lv\/lv\/"},{"@type":"ListItem","position":2,"name":"Veikals","item":"https:\/\/cosmetic.lv\/lv\/veiklas\/"},{"@type":"ListItem","position":3,"name":"GERANIUM 15ml"}]},{"@type":"WebSite","@id":"https:\/\/cosmetic.lv\/lv\/#website","url":"https:\/\/cosmetic.lv\/lv\/","name":"cosmetic.lv","description":"Profesion\u0101la kosm\u0113tika - Maria Galland, Keune, Arkadija, GMT, Guam, Magiray","publisher":{"@id":"https:\/\/cosmetic.lv\/lv\/#organization"},"potentialAction":[{"@type":"SearchAction","target":{"@type":"EntryPoint","urlTemplate":"https:\/\/cosmetic.lv\/lv\/?s={search_term_string}"},"query-input":{"@type":"PropertyValueSpecification","valueRequired":true,"valueName":"search_term_string"}}],"inLanguage":"lv-LV"},{"@type":"Organization","@id":"https:\/\/cosmetic.lv\/lv\/#organization","name":"COSMETIC.LV","url":"https:\/\/cosmetic.lv\/lv\/","logo":{"@type":"ImageObject","inLanguage":"lv-LV","@id":"https:\/\/cosmetic.lv\/lv\/#\/schema\/logo\/image\/","url":"https:\/\/cosmetic.lv\/wp-content\/uploads\/2021\/02\/cosmetic.lv_logo.jpg","contentUrl":"https:\/\/cosmetic.lv\/wp-content\/uploads\/2021\/02\/cosmetic.lv_logo.jpg","width":596,"height":196,"caption":"COSMETIC.LV"},"image":{"@id":"https:\/\/cosmetic.lv\/lv\/#\/schema\/logo\/image\/"},"sameAs":["https:\/\/www.facebook.com\/cosmetic.lv\/"]}]},"product_price_amount":"81.37","product_price_currency":"EUR","og_availability":"instock","product_availability":"instock","product_retailer_item_id":"355408","product_condition":"new"},"_links":{"self":[{"href":"https:\/\/cosmetic.lv\/lv\/wp-json\/wp\/v2\/product\/34675","targetHints":{"allow":["GET"]}}],"collection":[{"href":"https:\/\/cosmetic.lv\/lv\/wp-json\/wp\/v2\/product"}],"about":[{"href":"https:\/\/cosmetic.lv\/lv\/wp-json\/wp\/v2\/types\/product"}],"wp:featuredmedia":[{"embeddable":true,"href":"https:\/\/cosmetic.lv\/lv\/wp-json\/wp\/v2\/media\/17123"}],"wp:attachment":[{"href":"https:\/\/cosmetic.lv\/lv\/wp-json\/wp\/v2\/media?parent=34675"}],"wp:term":[{"taxonomy":"product_brand","embeddable":true,"href":"https:\/\/cosmetic.lv\/lv\/wp-json\/wp\/v2\/product_brand?post=34675"},{"taxonomy":"product_cat","embeddable":true,"href":"https:\/\/cosmetic.lv\/lv\/wp-json\/wp\/v2\/product_cat?post=34675"},{"taxonomy":"product_tag","embeddable":true,"href":"https:\/\/cosmetic.lv\/lv\/wp-json\/wp\/v2\/product_tag?post=34675"}],"curies":[{"name":"wp","href":"https:\/\/api.w.org\/{rel}","templated":true}]}}