{"id":34676,"date":"2021-02-05T22:43:52","date_gmt":"2021-02-06T17:56:08","guid":{"rendered":"https:\/\/damme.lv\/product\/frankincen-15-ml\/"},"modified":"2021-02-11T22:53:10","modified_gmt":"2021-02-11T20:53:10","slug":"frankincen-15-ml","status":"publish","type":"product","link":"https:\/\/cosmetic.lv\/lv\/product\/frankincen-15-ml\/","title":{"rendered":"FRANKINCEN 15 \u041c\u041b"},"content":{"rendered":"<p>L\u016b\u017e\u0146i Boswellia carterii.<br \/>\nPar jauno dz\u012bvi<\/p>\n<p>V\u012braks<br \/>\nBot\u0101nisk\u0101 \u0123imene: Burseraceae (v\u012braks)<\/p>\n<p>Izcelsmes valsts: Som\u0101lija<\/p>\n<p>Akt\u012bv\u0101s vielas:<\/p>\n<p>Alfa-Pi\u0146ene (28-49%)<br \/>\nLimon\u0113ns (10-16%)<br \/>\nSabin\u0113ne (3-7%)<br \/>\nM\u012br\u0113ns (8-12%)<br \/>\nBeta kariofil\u0113ns (3-7%)<br \/>\nAlfa Thuyene (4-8%)<br \/>\nParacim\u0113ns (2-5%)<br \/>\nV\u0113sturisk\u0101 inform\u0101cija: Ladan paz\u012bstams k\u0101 &quot;Olibanum&quot; vai &quot;Oil no Lib\u0101na&quot; tiek uzskat\u012bts sv\u0113ts e\u013c\u013ca Tuvajos Austrumos, t\u0101 ir izmantota &quot;sv\u0113to svaid\u012bjumu&quot;. &quot;V\u012bgrums&quot; noz\u012bm\u0113 &quot;\u012bstu v\u012braks&quot;. V\u012braka augstu tiek v\u0113rt\u0113ta daudzu s\u0101kum\u0101 kult\u016br\u0101s, un m\u0113s zin\u0101m, ka tas tika iesniegts J\u0113zus b\u0113rni\u0146\u0161 ar gudrajiem.<\/p>\n<p>Pirmais piemin\u0113t v\u012braka atrastas seno papirusa Ebers, skaitot no 16. gadsimt\u0101 pirms m\u016bsu \u0113ras, tas raksturo 877 receptes no da\u017e\u0101d\u0101m slim\u012bb\u0101m. Apraksts Ladens tika atrasts un manuskripts romie\u0161u \u0137irurga un p\u0113tnieks Dioscorides. Vi\u0146a praktisks ce\u013cvedis &quot;De Materia Medica&quot; (&#8217;78 BC) k\u013cuva par Eiropas pirmais ofici\u0101lais atsauces gr\u0101matu par \u0101rstniec\u012bbas augiem, un ir izmantota vair\u0101k nek\u0101 1700 gadus. Kaut V\u012braka izmanto oftalmolo\u0123ij\u0101, un pneimonija ar asi\u0146o\u0161anu, \u0101rst\u0113jot r\u0113tas un br\u016bces, k\u0101 ar\u012b visus zin\u0101mos slim\u012bb\u0101m. V\u012braka svars bija v\u0113rts zelt\u0101, un to var\u0113ja tikai \u013coti bag\u0101ti cilv\u0113ki.<\/p>\n<p>16. gadsimt\u0101 fran\u010du doktors Cabasse pier\u0101d\u012bja Ladan efektivit\u0101ti \u0101das v\u0113\u017ea \u0101rst\u0113\u0161an\u0101.<\/p>\n<p>\u0100rstnieciskas \u012bpa\u0161\u012bbas: pretaudz\u0113ju, pretinfekcijas, pretiekaisuma, antiseptiska, im\u016bno stimulators, musku\u013cu relaksanta, antidepresantus.<\/p>\n<p>V\u012braka Sacred (Sv\u0113tais V\u012braka) ir daudz m\u012bkst\u0101ks V\u012braka (Boswellia carteri), ir ener\u0123\u0113tiski augst\u0101kas vibr\u0101cijas un ietver Alpha-pin\u0113na un 90%, var lietot bez at\u0161\u0137aid\u012b\u0161anas.<\/p>\n<p>V\u012braks satur sesquiterpenes, vielas, kas stimul\u0113 to smadze\u0146u da\u013cu, kas kontrol\u0113 emocijas. Ar\u012b tas stimul\u0113 hipotal\u0101mu, hipof\u012bzes un \u010diekurveid\u012bgs dziedzeris, kas ra\u017eo svar\u012bgus hormonus m\u016bsu \u0137erme\u0146iem. V\u012bkstinviela pal\u012bdz stiprin\u0101t im\u016bnsist\u0113mu, palielinot leikoc\u012btu aktivit\u0101ti.<\/p>\n<p>2010. gad\u0101 z\u0101les s\u0101ka saprast, k\u0101p\u0113c Ladan pal\u012bdz \u0101rst\u0113t v\u0113zi un audz\u0113ja procesus. Raksts par BBC port\u0101lu iepaz\u012bstina ar imunologa Mahmoud Sunhail p\u0113t\u012bjumu. Vi\u0146\u0161 saka, ka v\u0113zis s\u0101kas, kad \u0161\u016bnas kodol\u0101 tiek boj\u0101ts DNS kods. Fenoliem, kas ir da\u013ca v\u012braku att\u012br\u012btiem receptoru \u0161\u016bn\u0101m sesquiterpenes negat\u012bvs inform\u0101cija tiek no\u0146emta no atmi\u0146as \u0161\u016bnu (DNS), un monoterp\u0113ni atjaunot pareizu inform\u0101ciju, kas glab\u0101jas \u0161\u016bn\u0101 pie DNS l\u012bmen\u012b. Uz fiziskaj\u0101 plakn\u0113 Ladan aizver un atdala boj\u0101to kodolu v\u0113\u017ea \u0161\u016bnas citoplazm\u0101, ne\u013caujot vi\u0146ai dal\u012bties.<\/p>\n<p>Pretv\u0113\u017ea efekts Sv\u0113t\u0101s v\u012braku, ir daudz liel\u0101ks, un \u0161aj\u0101 viet\u0101 m\u0113s nodot video, kur\u0101 Mahmuds Suhail saka par vi\u0146a p\u0113t\u012bjumiem.<\/p>\n<p>P\u0113t\u012bjumi veikti par ietekmi V\u012braks uz saistaudiem, dokument\u0113 restaur\u0101ciju starpskrieme\u013cu diskiem, skrim\u0161\u013cu un loc\u012btavu.<\/p>\n<p>\u0112terisk\u0101 e\u013c\u013ca Frankincense terapeitisks kvalit\u0101te satur bosvellivye sk\u0101b\u0113m, kas ir sp\u0113c\u012bgs pretiekaisuma iedarb\u012bba sadz\u012b\u0161ana reimato\u012bd\u0101 artr\u012bta un osteoporoze.<\/p>\n<p>Kur\u0161 slim\u012bbas izmantot: v\u0113zis, onkolo\u0123ija, audz\u0113js, \u0101das v\u0113zis, melanoma, astma, elpo\u0161anas ce\u013cu infekcijas, elpo\u0161anas ce\u013cu infekcijas, saaukst\u0113\u0161an\u0101s, klepus, pneimonija, Staphylococcus, Streptococcus, asins infekcija, \u010d\u016blas, zemu imunit\u0101ti, iekaisumu, rastrojstvo ku\u0146\u0123a, smaganu slim\u012bbas, musku\u013cu spriegums, reimato\u012bdais artr\u012bts, osteoporoze, stress, depresija, reibonis.<\/p>\n<p>Gar\u012bg\u0101 un emocion\u0101l\u0101 ietekme: V\u012braks atmodina m\u016bsu gar\u012bgo apzi\u0146u, pal\u012bdz savienoties ar garu. Pal\u012bdz atbr\u012bvoties no ne\u0113rt\u012bbas saj\u016bt\u0101m un fiziski un emocion\u0101li justies dro\u0161i, novecojot. Izmantojiet medit\u0101cijai.<\/p>\n<p>Ietekme uz pr\u0101t\u0101: V\u012braka pace\u013c garast\u0101vokli un padara m\u016bs centr\u0113ts, rada gar\u012bgo izaugsmi un papla\u0161in\u0101\u0161anos apzi\u0146as, tas uzlabo attiec\u012bbas.<\/p>\n<p>ORAC: 630 \u03bcTE \/ 100g<\/p>\n","protected":false},"excerpt":{"rendered":"<p>L\u016b\u017e\u0146i Boswellia carterii. Par jauno dz\u012bvi V\u012braks Bot\u0101nisk\u0101 \u0123imene: Burseraceae (v\u012braks) Izcelsmes valsts: Som\u0101lija Akt\u012bv\u0101s vielas: Alfa-Pi\u0146ene (28-49%) Limon\u0113ns (10-16%)<\/p>\n","protected":false},"featured_media":17117,"template":"","meta":[],"product_brand":[],"product_cat":[2186,2193],"product_tag":[],"class_list":{"0":"post-34676","1":"product","2":"type-product","3":"status-publish","4":"has-post-thumbnail","6":"product_cat-young-living-eteriskas-ellas-un-kosmetika-augstas-kvalitates","7":"product_cat-eteriskas-ellas-lv","9":"first","10":"instock","11":"taxable","12":"shipping-taxable","13":"purchasable","14":"product-type-simple"},"yoast_head":"<!-- This site is optimized with the Yoast SEO Premium plugin v27.0 (Yoast SEO v27.0) - https:\/\/yoast.com\/product\/yoast-seo-premium-wordpress\/ -->\n<title>FRANKINCEN 15 \u041c\u041b - cosmetic.lv<\/title>\n<meta name=\"robots\" content=\"index, follow, max-snippet:-1, max-image-preview:large, max-video-preview:-1\" \/>\n<link rel=\"canonical\" href=\"https:\/\/cosmetic.lv\/lv\/product\/frankincen-15-ml\/\" \/>\n<meta property=\"og:locale\" content=\"lv_LV\" \/>\n<meta property=\"og:type\" content=\"article\" \/>\n<meta property=\"og:title\" content=\"FRANKINCEN 15 \u041c\u041b\" \/>\n<meta property=\"og:description\" content=\"L\u016b\u017e\u0146i Boswellia carterii. Par jauno dz\u012bvi V\u012braks Bot\u0101nisk\u0101 \u0123imene: Burseraceae (v\u012braks) Izcelsmes valsts: Som\u0101lija Akt\u012bv\u0101s vielas: Alfa-Pi\u0146ene (28-49%) Limon\u0113ns (10-16%)\" \/>\n<meta property=\"og:url\" content=\"https:\/\/cosmetic.lv\/lv\/product\/frankincen-15-ml\/\" \/>\n<meta property=\"og:site_name\" content=\"cosmetic.lv\" \/>\n<meta property=\"article:publisher\" content=\"https:\/\/www.facebook.com\/cosmetic.lv\/\" \/>\n<meta property=\"article:modified_time\" content=\"2021-02-11T20:53:10+00:00\" \/>\n<meta property=\"og:image\" content=\"https:\/\/cosmetic.lv\/wp-content\/uploads\/2021\/02\/frankincense-s-7.jpg\" \/>\n\t<meta property=\"og:image:width\" content=\"100\" \/>\n\t<meta property=\"og:image:height\" content=\"240\" \/>\n\t<meta property=\"og:image:type\" content=\"image\/jpeg\" \/>\n<meta name=\"twitter:card\" content=\"summary_large_image\" \/>\n<script type=\"application\/ld+json\" class=\"yoast-schema-graph\">{\"@context\":\"https:\/\/schema.org\",\"@graph\":[{\"@type\":\"WebPage\",\"@id\":\"https:\/\/cosmetic.lv\/lv\/product\/frankincen-15-ml\/\",\"url\":\"https:\/\/cosmetic.lv\/lv\/product\/frankincen-15-ml\/\",\"name\":\"FRANKINCEN 15 \u041c\u041b - cosmetic.lv\",\"isPartOf\":{\"@id\":\"https:\/\/cosmetic.lv\/lv\/#website\"},\"primaryImageOfPage\":{\"@id\":\"https:\/\/cosmetic.lv\/lv\/product\/frankincen-15-ml\/#primaryimage\"},\"image\":{\"@id\":\"https:\/\/cosmetic.lv\/lv\/product\/frankincen-15-ml\/#primaryimage\"},\"thumbnailUrl\":\"https:\/\/cosmetic.lv\/wp-content\/uploads\/2021\/02\/frankincense-s-7.jpg\",\"datePublished\":\"2021-02-06T17:56:08+00:00\",\"dateModified\":\"2021-02-11T20:53:10+00:00\",\"breadcrumb\":{\"@id\":\"https:\/\/cosmetic.lv\/lv\/product\/frankincen-15-ml\/#breadcrumb\"},\"inLanguage\":\"lv-LV\",\"potentialAction\":[{\"@type\":\"ReadAction\",\"target\":[\"https:\/\/cosmetic.lv\/lv\/product\/frankincen-15-ml\/\"]}]},{\"@type\":\"ImageObject\",\"inLanguage\":\"lv-LV\",\"@id\":\"https:\/\/cosmetic.lv\/lv\/product\/frankincen-15-ml\/#primaryimage\",\"url\":\"https:\/\/cosmetic.lv\/wp-content\/uploads\/2021\/02\/frankincense-s-7.jpg\",\"contentUrl\":\"https:\/\/cosmetic.lv\/wp-content\/uploads\/2021\/02\/frankincense-s-7.jpg\",\"width\":100,\"height\":240,\"caption\":\"frankincense-s.jpg\"},{\"@type\":\"BreadcrumbList\",\"@id\":\"https:\/\/cosmetic.lv\/lv\/product\/frankincen-15-ml\/#breadcrumb\",\"itemListElement\":[{\"@type\":\"ListItem\",\"position\":1,\"name\":\"Home\",\"item\":\"https:\/\/cosmetic.lv\/lv\/\"},{\"@type\":\"ListItem\",\"position\":2,\"name\":\"Veikals\",\"item\":\"https:\/\/cosmetic.lv\/lv\/veiklas\/\"},{\"@type\":\"ListItem\",\"position\":3,\"name\":\"FRANKINCEN 15 \u041c\u041b\"}]},{\"@type\":\"WebSite\",\"@id\":\"https:\/\/cosmetic.lv\/lv\/#website\",\"url\":\"https:\/\/cosmetic.lv\/lv\/\",\"name\":\"cosmetic.lv\",\"description\":\"Profesion\u0101la kosm\u0113tika - Maria Galland, Keune, Arkadija, GMT, Guam, Magiray\",\"publisher\":{\"@id\":\"https:\/\/cosmetic.lv\/lv\/#organization\"},\"potentialAction\":[{\"@type\":\"SearchAction\",\"target\":{\"@type\":\"EntryPoint\",\"urlTemplate\":\"https:\/\/cosmetic.lv\/lv\/?s={search_term_string}\"},\"query-input\":{\"@type\":\"PropertyValueSpecification\",\"valueRequired\":true,\"valueName\":\"search_term_string\"}}],\"inLanguage\":\"lv-LV\"},{\"@type\":\"Organization\",\"@id\":\"https:\/\/cosmetic.lv\/lv\/#organization\",\"name\":\"COSMETIC.LV\",\"url\":\"https:\/\/cosmetic.lv\/lv\/\",\"logo\":{\"@type\":\"ImageObject\",\"inLanguage\":\"lv-LV\",\"@id\":\"https:\/\/cosmetic.lv\/lv\/#\/schema\/logo\/image\/\",\"url\":\"https:\/\/cosmetic.lv\/wp-content\/uploads\/2021\/02\/cosmetic.lv_logo.jpg\",\"contentUrl\":\"https:\/\/cosmetic.lv\/wp-content\/uploads\/2021\/02\/cosmetic.lv_logo.jpg\",\"width\":596,\"height\":196,\"caption\":\"COSMETIC.LV\"},\"image\":{\"@id\":\"https:\/\/cosmetic.lv\/lv\/#\/schema\/logo\/image\/\"},\"sameAs\":[\"https:\/\/www.facebook.com\/cosmetic.lv\/\"]}]}<\/script>\n<meta property=\"product:price:amount\" content=\"139.69\" \/>\n<meta property=\"product:price:currency\" content=\"EUR\" \/>\n<meta property=\"og:availability\" content=\"instock\" \/>\n<meta property=\"product:availability\" content=\"instock\" \/>\n<meta property=\"product:retailer_item_id\" content=\"354808\" \/>\n<meta property=\"product:condition\" content=\"new\" \/>\n<!-- \/ Yoast SEO Premium plugin. -->","yoast_head_json":{"title":"FRANKINCEN 15 \u041c\u041b - cosmetic.lv","robots":{"index":"index","follow":"follow","max-snippet":"max-snippet:-1","max-image-preview":"max-image-preview:large","max-video-preview":"max-video-preview:-1"},"canonical":"https:\/\/cosmetic.lv\/lv\/product\/frankincen-15-ml\/","og_locale":"lv_LV","og_type":"article","og_title":"FRANKINCEN 15 \u041c\u041b","og_description":"L\u016b\u017e\u0146i Boswellia carterii. Par jauno dz\u012bvi V\u012braks Bot\u0101nisk\u0101 \u0123imene: Burseraceae (v\u012braks) Izcelsmes valsts: Som\u0101lija Akt\u012bv\u0101s vielas: Alfa-Pi\u0146ene (28-49%) Limon\u0113ns (10-16%)","og_url":"https:\/\/cosmetic.lv\/lv\/product\/frankincen-15-ml\/","og_site_name":"cosmetic.lv","article_publisher":"https:\/\/www.facebook.com\/cosmetic.lv\/","article_modified_time":"2021-02-11T20:53:10+00:00","og_image":[{"width":100,"height":240,"url":"https:\/\/cosmetic.lv\/wp-content\/uploads\/2021\/02\/frankincense-s-7.jpg","type":"image\/jpeg"}],"twitter_card":"summary_large_image","schema":{"@context":"https:\/\/schema.org","@graph":[{"@type":"WebPage","@id":"https:\/\/cosmetic.lv\/lv\/product\/frankincen-15-ml\/","url":"https:\/\/cosmetic.lv\/lv\/product\/frankincen-15-ml\/","name":"FRANKINCEN 15 \u041c\u041b - cosmetic.lv","isPartOf":{"@id":"https:\/\/cosmetic.lv\/lv\/#website"},"primaryImageOfPage":{"@id":"https:\/\/cosmetic.lv\/lv\/product\/frankincen-15-ml\/#primaryimage"},"image":{"@id":"https:\/\/cosmetic.lv\/lv\/product\/frankincen-15-ml\/#primaryimage"},"thumbnailUrl":"https:\/\/cosmetic.lv\/wp-content\/uploads\/2021\/02\/frankincense-s-7.jpg","datePublished":"2021-02-06T17:56:08+00:00","dateModified":"2021-02-11T20:53:10+00:00","breadcrumb":{"@id":"https:\/\/cosmetic.lv\/lv\/product\/frankincen-15-ml\/#breadcrumb"},"inLanguage":"lv-LV","potentialAction":[{"@type":"ReadAction","target":["https:\/\/cosmetic.lv\/lv\/product\/frankincen-15-ml\/"]}]},{"@type":"ImageObject","inLanguage":"lv-LV","@id":"https:\/\/cosmetic.lv\/lv\/product\/frankincen-15-ml\/#primaryimage","url":"https:\/\/cosmetic.lv\/wp-content\/uploads\/2021\/02\/frankincense-s-7.jpg","contentUrl":"https:\/\/cosmetic.lv\/wp-content\/uploads\/2021\/02\/frankincense-s-7.jpg","width":100,"height":240,"caption":"frankincense-s.jpg"},{"@type":"BreadcrumbList","@id":"https:\/\/cosmetic.lv\/lv\/product\/frankincen-15-ml\/#breadcrumb","itemListElement":[{"@type":"ListItem","position":1,"name":"Home","item":"https:\/\/cosmetic.lv\/lv\/"},{"@type":"ListItem","position":2,"name":"Veikals","item":"https:\/\/cosmetic.lv\/lv\/veiklas\/"},{"@type":"ListItem","position":3,"name":"FRANKINCEN 15 \u041c\u041b"}]},{"@type":"WebSite","@id":"https:\/\/cosmetic.lv\/lv\/#website","url":"https:\/\/cosmetic.lv\/lv\/","name":"cosmetic.lv","description":"Profesion\u0101la kosm\u0113tika - Maria Galland, Keune, Arkadija, GMT, Guam, Magiray","publisher":{"@id":"https:\/\/cosmetic.lv\/lv\/#organization"},"potentialAction":[{"@type":"SearchAction","target":{"@type":"EntryPoint","urlTemplate":"https:\/\/cosmetic.lv\/lv\/?s={search_term_string}"},"query-input":{"@type":"PropertyValueSpecification","valueRequired":true,"valueName":"search_term_string"}}],"inLanguage":"lv-LV"},{"@type":"Organization","@id":"https:\/\/cosmetic.lv\/lv\/#organization","name":"COSMETIC.LV","url":"https:\/\/cosmetic.lv\/lv\/","logo":{"@type":"ImageObject","inLanguage":"lv-LV","@id":"https:\/\/cosmetic.lv\/lv\/#\/schema\/logo\/image\/","url":"https:\/\/cosmetic.lv\/wp-content\/uploads\/2021\/02\/cosmetic.lv_logo.jpg","contentUrl":"https:\/\/cosmetic.lv\/wp-content\/uploads\/2021\/02\/cosmetic.lv_logo.jpg","width":596,"height":196,"caption":"COSMETIC.LV"},"image":{"@id":"https:\/\/cosmetic.lv\/lv\/#\/schema\/logo\/image\/"},"sameAs":["https:\/\/www.facebook.com\/cosmetic.lv\/"]}]},"product_price_amount":"139.69","product_price_currency":"EUR","og_availability":"instock","product_availability":"instock","product_retailer_item_id":"354808","product_condition":"new"},"_links":{"self":[{"href":"https:\/\/cosmetic.lv\/lv\/wp-json\/wp\/v2\/product\/34676","targetHints":{"allow":["GET"]}}],"collection":[{"href":"https:\/\/cosmetic.lv\/lv\/wp-json\/wp\/v2\/product"}],"about":[{"href":"https:\/\/cosmetic.lv\/lv\/wp-json\/wp\/v2\/types\/product"}],"wp:featuredmedia":[{"embeddable":true,"href":"https:\/\/cosmetic.lv\/lv\/wp-json\/wp\/v2\/media\/17117"}],"wp:attachment":[{"href":"https:\/\/cosmetic.lv\/lv\/wp-json\/wp\/v2\/media?parent=34676"}],"wp:term":[{"taxonomy":"product_brand","embeddable":true,"href":"https:\/\/cosmetic.lv\/lv\/wp-json\/wp\/v2\/product_brand?post=34676"},{"taxonomy":"product_cat","embeddable":true,"href":"https:\/\/cosmetic.lv\/lv\/wp-json\/wp\/v2\/product_cat?post=34676"},{"taxonomy":"product_tag","embeddable":true,"href":"https:\/\/cosmetic.lv\/lv\/wp-json\/wp\/v2\/product_tag?post=34676"}],"curies":[{"name":"wp","href":"https:\/\/api.w.org\/{rel}","templated":true}]}}