{"id":34678,"date":"2021-02-05T22:43:52","date_gmt":"2021-02-06T17:56:08","guid":{"rendered":"https:\/\/damme.lv\/product\/grapefruit-15ml\/"},"modified":"2021-02-11T22:53:11","modified_gmt":"2021-02-11T20:53:11","slug":"grapefruit-15ml","status":"publish","type":"product","link":"https:\/\/cosmetic.lv\/lv\/product\/grapefruit-15ml\/","title":{"rendered":"GRAPEFRUIT 15ml"},"content":{"rendered":"<p>Greipfr\u016bti. Citrusu paradisi.<br \/>\nGreipfr\u016bti<br \/>\nBot\u0101nisk\u0101 \u0123imene: Rutaceae (citrusaug\u013ci)<\/p>\n<p>Izcelsmes valsts: Dienvid\u0101frika, Kalifornija<\/p>\n<p>Akt\u012bv\u0101s vielas:<\/p>\n<p>Limon\u0113ns (88-95%)<br \/>\nM\u012br\u0113ns (1-4%)<br \/>\nORAC: 22600 \u03bcTE \/ 100g<\/p>\n<p>Kas ir ORAC? ORAC &#8211; ir sk\u0101bek\u013ca Radical absorbcijas diapazon\u0101 pas\u0101kumiem jaudas sp\u0113ju antioksidantiem vai absorb\u0113 br\u012bvos radik\u0101\u013cus. Vienk\u0101r\u0161\u0101 valod\u0101, tas noz\u012bm\u0113, ka zin\u0101tnisko j\u0113dzienu cik labi viela pal\u012bdz manu \u0137ermeni, lai risin\u0101tu ar t\u0101diem trauc\u0113jumiem, k\u0101 v\u0113zis, sirds un asinsvadu slim\u012bb\u0101m, hronisk\u0101m slim\u012bb\u0101m, org\u0101nos un audos. To ieviesa zin\u0101tnieki no Nacion\u0101l\u0101 noveco\u0161anas instit\u016bta Nacion\u0101l\u0101 vesel\u012bbas instit\u016bta (NIH) Baltimore, ASV.<\/p>\n<p>Ieg\u016b\u0161anas metode: auksts spiediens no mizas<\/p>\n<p>V\u0113sturisk\u0101 inform\u0101cija: drosm\u012bgs ang\u013cu kapteinis Sheddok asto\u0146padsmitaj\u0101 gadsimt\u0101 celta s\u0113klas Pamela uz West Indies no Malajas arhipel\u0101ga. Un tur bija kaut kas ma\u0123isks kakaya- pumpurs hibridiz\u0101cija Pamela un oran\u017e\u0101 kr\u0101s\u0101. Saprotams Ang\u013cu nosaukums &#8211; (v\u012bnogu &#8211; v\u012bnogul\u0101ji un aug\u013ci &#8211; aug\u013ci) v\u012bns l\u012bdz\u012bgi aug\u013ci. Galu gal\u0101, k\u0101 vi\u0146\u0161 aug kop\u0101s 3 l\u012bdz 12 gabaliem uz suku. \u0160is v\u0101rds ir stingri iesak\u0146ojies \u0161aj\u0101 augl\u012b. Bet lat\u012b\u0146u izklaus\u0101s greipfr\u016btu Citrus paradisi -. \u00abCitrus parad\u012bze&quot;<\/p>\n<p>\u0100rstnieciskas \u012bpa\u0161\u012bbas: pretaudz\u0113ju, antiseptiska, metabolisks stimulators, antispticheskoe, detoksik\u0101ciju, uzlabo imunit\u0101ti, dezinfekcijas, toks\u012bnus no organisma, diur\u0113ti\u0137is, att\u012br\u012b\u0161anai, limf\u0101tisk\u0101s sist\u0113mas, t\u012br\u012b\u0161anas nieres, att\u012br\u012b\u0161ana no aknu un \u017eultsp\u016b\u0161\u013ca, \u0161\u0137\u012bdin\u0101\u0161anai un \u017eultsakme\u0146u, iz\u0161\u0137\u012bdinot concrements \u017eultsp\u016b\u0161\u013ca, nov\u0113r\u0161 veido\u0161an\u0101s akme\u0146i \u017eultsp\u016bsl\u012b, t\u012br\u012b\u0161anas sirds un asinsvadu sist\u0113mu, iz\u0161\u0137\u012bdina tauku, normaliz\u0113 tauku vielmai\u0146u, nov\u0113r\u0161 lieko svaru, celul\u012bta \u0101rst\u0113\u0161ana, samazinot chuvst bad\u0101, att\u012bra taukainu \u0101du, mazina taukain\u012bbu matiem.<\/p>\n<p>Noder\u012bgas \u012bpa\u0161\u012bbas greipfr\u016btu \u0113terisk\u0101s e\u013c\u013cas ir labi izp\u0113t\u012btas. T\u0101 ir paz\u012bstama ar savu sp\u0113ju t\u012br\u012bt \u0137erme\u0146a toks\u012bnus, veikt detoksik\u0101ciju uz limf\u0101tisko sist\u0113mu, likvid\u0113tu lieko \u0161\u0137idrumu, dedzin\u0101t taukus, un aizsarg\u0101 organismu pret v\u0113zi!<\/p>\n<p>Vai j\u016bs zin\u0101j\u0101t, ka greipfr\u016btu satur 88-95% limon\u0113ns? Kas ir limon\u0113ns?<\/p>\n<p>P\u0113t\u012bjumi liecina, ka limon\u0113nu (D-Limonene) aizsarg\u0101 pret slim\u012bb\u0101m, aizku\u0146\u0123a dziedzera, resn\u0101s zarnas, \u0101das, nov\u0113r\u0161 aknu v\u0113zi. D-limon\u0113ns ir ietverts mizas citrusaug\u013cu &#8211; greipfr\u016bta, apels\u012bnu un citronu. T\u0101 ir ar\u012b da\u013ca no \u0113teriskaj\u0101m e\u013c\u013c\u0101m, kas tiek ieg\u016bti no Palo Santo kokiem un White Fir.<\/p>\n<p>Der\u012bg\u0101s \u012bpa\u0161\u012bbas \u0113terisko e\u013c\u013cu ar greipfr\u016btu p\u0113t\u012bta vair\u0101k nek\u0101 50 universit\u0101tes un slimn\u012bcas vis\u0101 pasaul\u0113. P\u0113t\u012bjums Brigham Young University veica konstat\u0113ts, ka pat zema koncentr\u0101cija \u0113terisko e\u013c\u013cu Greipfr\u016bti aizsarg\u0101 \u0101das \u0161\u016bnas no v\u0113\u017ea par 80,5%.<\/p>\n<p>Purdue University zi\u0146o, ka 80% limon\u0113nu dzied\u0113 kr\u016bts karcinoma. Tas ir rezult\u0101ts!<\/p>\n<p>Viegl\u0101kais veids, k\u0101 izmantot sp\u0113ku Greipfr\u016bti &#8211; greipfr\u016btu \u0113terisk\u0101s e\u013c\u013cas lieto\u0161anu. Greipfr\u016btu e\u013c\u013ca ir \u013coti pieejama un nepasliktina, pat tad, ja t\u0101 netiek regul\u0101ri izmantots. Es vienm\u0113r \u0146emt to l\u012bdzi, un izmantot to k\u0101 dezodorantu. T\u0101 gad\u0101s, ka da\u017eas nepat\u012bkamas smakas ievelkas uz ilgu laiku degun\u0101. Es tikai ieelpot tie\u0161i no pudeles, un slikti atmi\u0146as izdz\u0113sti bez p\u0113d\u0101m.<\/p>\n<p>Vai j\u016bs dzerat daudz \u016bdens? Put pilienu greipfr\u016btu \u0113terisk\u0101s e\u013c\u013cas \u016bden\u012b un ieg\u016bt bag\u0101t\u012bgu un vesel\u012bgu \u016bdeni visu dienu.<\/p>\n<p>Vai jums pat\u012bk citrusu gar\u0161as? Izm\u0113\u0123iniet citrusu svaigu \u0113terisko e\u013c\u013cu mais\u012bjumu. T\u0101 satur greipfr\u016btu, apels\u012bnu, mandar\u012bnu, citronu un piparm\u0113tru. Atsvaidzino\u0161u arom\u0101tu \u0161\u012b mais\u012bjuma labi pievienot \u016bdens pudeli uz karst\u0101 laik\u0101.<\/p>\n<p>K\u0101d\u0101 lieto slim\u012bbas: Alcheimera, v\u0113zis, audz\u0113js, v\u0113zis, zema imunit\u0101te, \u0161\u0137idruma aizture, t\u016bska, celul\u012bts, aptauko\u0161an\u0101s, gremo\u0161anas trauc\u0113jumi, neiral\u0123ija, aknu slim\u012bbas, \u017eultsp\u016b\u0161\u013ca slim\u012bbu \u017eultsakme\u0146i, concrements \u017eultsp\u016b\u0161\u013ca, nov\u0113r\u0161 veido\u0161anos \u017eultsakme\u0146i , trauksme.<\/p>\n<p>Klinicheskik p\u0113t\u012bjumi ir pier\u0101d\u012bju\u0161i, ka v\u012braka (satur 16% limon\u0113ns), mir\u0161u, sandalkoka un Tsuga ir sp\u0113c\u012bga kav\u0113jo\u0161a ietekme uz v\u0113\u017ea \u0161\u016bn\u0101m!<\/p>\n<p>Gar\u012bg\u0101 un emocion\u0101l\u0101 ietekme: Greipfr\u016btu \u0113terisk\u0101 e\u013c\u013ca att\u012bra auru un gar\u012bgo \u0137ermeni, tas pal\u012bdz tikt gal\u0101 ar depresiju, organiz\u0113t domas un nomierin\u0101t past\u0101v\u012bgu iek\u0161\u0113jo dialogu. Kad m\u016bsu pr\u0101ts ir not\u012br\u012bta, m\u0113s b\u016bsim uztvert iek\u0161\u0113jo balsi un k\u013c\u016bt vair\u0101k intuit\u012bvi. Greipfr\u016btu e\u013c\u013ca pal\u012bdz mums atg\u016bt savu sp\u0113ku un uztur savu gar\u012bgo likteni.<\/p>\n<p>Ietekme uz pr\u0101tu: Greipfr\u016btu \u0113terisk\u0101 e\u013c\u013ca ir pacil\u0101jo\u0161i un nov\u0113rst stresu un nemieru.<\/p>\n","protected":false},"excerpt":{"rendered":"<p>Greipfr\u016bti. Citrusu paradisi. Greipfr\u016bti Bot\u0101nisk\u0101 \u0123imene: Rutaceae (citrusaug\u013ci) Izcelsmes valsts: Dienvid\u0101frika, Kalifornija Akt\u012bv\u0101s vielas: Limon\u0113ns (88-95%) M\u012br\u0113ns (1-4%) ORAC: 22600<\/p>\n","protected":false},"featured_media":17130,"template":"","meta":[],"product_brand":[],"product_cat":[2186,2193],"product_tag":[],"class_list":{"0":"post-34678","1":"product","2":"type-product","3":"status-publish","4":"has-post-thumbnail","6":"product_cat-young-living-eteriskas-ellas-un-kosmetika-augstas-kvalitates","7":"product_cat-eteriskas-ellas-lv","9":"first","10":"instock","11":"taxable","12":"shipping-taxable","13":"purchasable","14":"product-type-simple"},"yoast_head":"<!-- This site is optimized with the Yoast SEO Premium plugin v27.0 (Yoast SEO v27.0) - https:\/\/yoast.com\/product\/yoast-seo-premium-wordpress\/ -->\n<title>GRAPEFRUIT 15ml - cosmetic.lv<\/title>\n<meta name=\"robots\" content=\"index, follow, max-snippet:-1, max-image-preview:large, max-video-preview:-1\" \/>\n<link rel=\"canonical\" href=\"https:\/\/cosmetic.lv\/lv\/product\/grapefruit-15ml\/\" \/>\n<meta property=\"og:locale\" content=\"lv_LV\" \/>\n<meta property=\"og:type\" content=\"article\" \/>\n<meta property=\"og:title\" content=\"GRAPEFRUIT 15ml\" \/>\n<meta property=\"og:description\" content=\"Greipfr\u016bti. Citrusu paradisi. Greipfr\u016bti Bot\u0101nisk\u0101 \u0123imene: Rutaceae (citrusaug\u013ci) Izcelsmes valsts: Dienvid\u0101frika, Kalifornija Akt\u012bv\u0101s vielas: Limon\u0113ns (88-95%) M\u012br\u0113ns (1-4%) ORAC: 22600\" \/>\n<meta property=\"og:url\" content=\"https:\/\/cosmetic.lv\/lv\/product\/grapefruit-15ml\/\" \/>\n<meta property=\"og:site_name\" content=\"cosmetic.lv\" \/>\n<meta property=\"article:publisher\" content=\"https:\/\/www.facebook.com\/cosmetic.lv\/\" \/>\n<meta property=\"article:modified_time\" content=\"2021-02-11T20:53:11+00:00\" \/>\n<meta property=\"og:image\" content=\"https:\/\/cosmetic.lv\/wp-content\/uploads\/2021\/02\/grapefruit-s-4.jpg\" \/>\n\t<meta property=\"og:image:width\" content=\"100\" \/>\n\t<meta property=\"og:image:height\" content=\"240\" \/>\n\t<meta property=\"og:image:type\" content=\"image\/jpeg\" \/>\n<meta name=\"twitter:card\" content=\"summary_large_image\" \/>\n<script type=\"application\/ld+json\" class=\"yoast-schema-graph\">{\"@context\":\"https:\/\/schema.org\",\"@graph\":[{\"@type\":\"WebPage\",\"@id\":\"https:\/\/cosmetic.lv\/lv\/product\/grapefruit-15ml\/\",\"url\":\"https:\/\/cosmetic.lv\/lv\/product\/grapefruit-15ml\/\",\"name\":\"GRAPEFRUIT 15ml - cosmetic.lv\",\"isPartOf\":{\"@id\":\"https:\/\/cosmetic.lv\/lv\/#website\"},\"primaryImageOfPage\":{\"@id\":\"https:\/\/cosmetic.lv\/lv\/product\/grapefruit-15ml\/#primaryimage\"},\"image\":{\"@id\":\"https:\/\/cosmetic.lv\/lv\/product\/grapefruit-15ml\/#primaryimage\"},\"thumbnailUrl\":\"https:\/\/cosmetic.lv\/wp-content\/uploads\/2021\/02\/grapefruit-s-4.jpg\",\"datePublished\":\"2021-02-06T17:56:08+00:00\",\"dateModified\":\"2021-02-11T20:53:11+00:00\",\"breadcrumb\":{\"@id\":\"https:\/\/cosmetic.lv\/lv\/product\/grapefruit-15ml\/#breadcrumb\"},\"inLanguage\":\"lv-LV\",\"potentialAction\":[{\"@type\":\"ReadAction\",\"target\":[\"https:\/\/cosmetic.lv\/lv\/product\/grapefruit-15ml\/\"]}]},{\"@type\":\"ImageObject\",\"inLanguage\":\"lv-LV\",\"@id\":\"https:\/\/cosmetic.lv\/lv\/product\/grapefruit-15ml\/#primaryimage\",\"url\":\"https:\/\/cosmetic.lv\/wp-content\/uploads\/2021\/02\/grapefruit-s-4.jpg\",\"contentUrl\":\"https:\/\/cosmetic.lv\/wp-content\/uploads\/2021\/02\/grapefruit-s-4.jpg\",\"width\":100,\"height\":240,\"caption\":\"grapefruit-s.jpg\"},{\"@type\":\"BreadcrumbList\",\"@id\":\"https:\/\/cosmetic.lv\/lv\/product\/grapefruit-15ml\/#breadcrumb\",\"itemListElement\":[{\"@type\":\"ListItem\",\"position\":1,\"name\":\"Home\",\"item\":\"https:\/\/cosmetic.lv\/lv\/\"},{\"@type\":\"ListItem\",\"position\":2,\"name\":\"Veikals\",\"item\":\"https:\/\/cosmetic.lv\/lv\/veiklas\/\"},{\"@type\":\"ListItem\",\"position\":3,\"name\":\"GRAPEFRUIT 15ml\"}]},{\"@type\":\"WebSite\",\"@id\":\"https:\/\/cosmetic.lv\/lv\/#website\",\"url\":\"https:\/\/cosmetic.lv\/lv\/\",\"name\":\"cosmetic.lv\",\"description\":\"Profesion\u0101la kosm\u0113tika - Maria Galland, Keune, Arkadija, GMT, Guam, Magiray\",\"publisher\":{\"@id\":\"https:\/\/cosmetic.lv\/lv\/#organization\"},\"potentialAction\":[{\"@type\":\"SearchAction\",\"target\":{\"@type\":\"EntryPoint\",\"urlTemplate\":\"https:\/\/cosmetic.lv\/lv\/?s={search_term_string}\"},\"query-input\":{\"@type\":\"PropertyValueSpecification\",\"valueRequired\":true,\"valueName\":\"search_term_string\"}}],\"inLanguage\":\"lv-LV\"},{\"@type\":\"Organization\",\"@id\":\"https:\/\/cosmetic.lv\/lv\/#organization\",\"name\":\"COSMETIC.LV\",\"url\":\"https:\/\/cosmetic.lv\/lv\/\",\"logo\":{\"@type\":\"ImageObject\",\"inLanguage\":\"lv-LV\",\"@id\":\"https:\/\/cosmetic.lv\/lv\/#\/schema\/logo\/image\/\",\"url\":\"https:\/\/cosmetic.lv\/wp-content\/uploads\/2021\/02\/cosmetic.lv_logo.jpg\",\"contentUrl\":\"https:\/\/cosmetic.lv\/wp-content\/uploads\/2021\/02\/cosmetic.lv_logo.jpg\",\"width\":596,\"height\":196,\"caption\":\"COSMETIC.LV\"},\"image\":{\"@id\":\"https:\/\/cosmetic.lv\/lv\/#\/schema\/logo\/image\/\"},\"sameAs\":[\"https:\/\/www.facebook.com\/cosmetic.lv\/\"]}]}<\/script>\n<meta property=\"product:price:amount\" content=\"36.42\" \/>\n<meta property=\"product:price:currency\" content=\"EUR\" \/>\n<meta property=\"og:availability\" content=\"instock\" \/>\n<meta property=\"product:availability\" content=\"instock\" \/>\n<meta property=\"product:retailer_item_id\" content=\"356008\" \/>\n<meta property=\"product:condition\" content=\"new\" \/>\n<!-- \/ Yoast SEO Premium plugin. -->","yoast_head_json":{"title":"GRAPEFRUIT 15ml - cosmetic.lv","robots":{"index":"index","follow":"follow","max-snippet":"max-snippet:-1","max-image-preview":"max-image-preview:large","max-video-preview":"max-video-preview:-1"},"canonical":"https:\/\/cosmetic.lv\/lv\/product\/grapefruit-15ml\/","og_locale":"lv_LV","og_type":"article","og_title":"GRAPEFRUIT 15ml","og_description":"Greipfr\u016bti. Citrusu paradisi. Greipfr\u016bti Bot\u0101nisk\u0101 \u0123imene: Rutaceae (citrusaug\u013ci) Izcelsmes valsts: Dienvid\u0101frika, Kalifornija Akt\u012bv\u0101s vielas: Limon\u0113ns (88-95%) M\u012br\u0113ns (1-4%) ORAC: 22600","og_url":"https:\/\/cosmetic.lv\/lv\/product\/grapefruit-15ml\/","og_site_name":"cosmetic.lv","article_publisher":"https:\/\/www.facebook.com\/cosmetic.lv\/","article_modified_time":"2021-02-11T20:53:11+00:00","og_image":[{"width":100,"height":240,"url":"https:\/\/cosmetic.lv\/wp-content\/uploads\/2021\/02\/grapefruit-s-4.jpg","type":"image\/jpeg"}],"twitter_card":"summary_large_image","schema":{"@context":"https:\/\/schema.org","@graph":[{"@type":"WebPage","@id":"https:\/\/cosmetic.lv\/lv\/product\/grapefruit-15ml\/","url":"https:\/\/cosmetic.lv\/lv\/product\/grapefruit-15ml\/","name":"GRAPEFRUIT 15ml - cosmetic.lv","isPartOf":{"@id":"https:\/\/cosmetic.lv\/lv\/#website"},"primaryImageOfPage":{"@id":"https:\/\/cosmetic.lv\/lv\/product\/grapefruit-15ml\/#primaryimage"},"image":{"@id":"https:\/\/cosmetic.lv\/lv\/product\/grapefruit-15ml\/#primaryimage"},"thumbnailUrl":"https:\/\/cosmetic.lv\/wp-content\/uploads\/2021\/02\/grapefruit-s-4.jpg","datePublished":"2021-02-06T17:56:08+00:00","dateModified":"2021-02-11T20:53:11+00:00","breadcrumb":{"@id":"https:\/\/cosmetic.lv\/lv\/product\/grapefruit-15ml\/#breadcrumb"},"inLanguage":"lv-LV","potentialAction":[{"@type":"ReadAction","target":["https:\/\/cosmetic.lv\/lv\/product\/grapefruit-15ml\/"]}]},{"@type":"ImageObject","inLanguage":"lv-LV","@id":"https:\/\/cosmetic.lv\/lv\/product\/grapefruit-15ml\/#primaryimage","url":"https:\/\/cosmetic.lv\/wp-content\/uploads\/2021\/02\/grapefruit-s-4.jpg","contentUrl":"https:\/\/cosmetic.lv\/wp-content\/uploads\/2021\/02\/grapefruit-s-4.jpg","width":100,"height":240,"caption":"grapefruit-s.jpg"},{"@type":"BreadcrumbList","@id":"https:\/\/cosmetic.lv\/lv\/product\/grapefruit-15ml\/#breadcrumb","itemListElement":[{"@type":"ListItem","position":1,"name":"Home","item":"https:\/\/cosmetic.lv\/lv\/"},{"@type":"ListItem","position":2,"name":"Veikals","item":"https:\/\/cosmetic.lv\/lv\/veiklas\/"},{"@type":"ListItem","position":3,"name":"GRAPEFRUIT 15ml"}]},{"@type":"WebSite","@id":"https:\/\/cosmetic.lv\/lv\/#website","url":"https:\/\/cosmetic.lv\/lv\/","name":"cosmetic.lv","description":"Profesion\u0101la kosm\u0113tika - Maria Galland, Keune, Arkadija, GMT, Guam, Magiray","publisher":{"@id":"https:\/\/cosmetic.lv\/lv\/#organization"},"potentialAction":[{"@type":"SearchAction","target":{"@type":"EntryPoint","urlTemplate":"https:\/\/cosmetic.lv\/lv\/?s={search_term_string}"},"query-input":{"@type":"PropertyValueSpecification","valueRequired":true,"valueName":"search_term_string"}}],"inLanguage":"lv-LV"},{"@type":"Organization","@id":"https:\/\/cosmetic.lv\/lv\/#organization","name":"COSMETIC.LV","url":"https:\/\/cosmetic.lv\/lv\/","logo":{"@type":"ImageObject","inLanguage":"lv-LV","@id":"https:\/\/cosmetic.lv\/lv\/#\/schema\/logo\/image\/","url":"https:\/\/cosmetic.lv\/wp-content\/uploads\/2021\/02\/cosmetic.lv_logo.jpg","contentUrl":"https:\/\/cosmetic.lv\/wp-content\/uploads\/2021\/02\/cosmetic.lv_logo.jpg","width":596,"height":196,"caption":"COSMETIC.LV"},"image":{"@id":"https:\/\/cosmetic.lv\/lv\/#\/schema\/logo\/image\/"},"sameAs":["https:\/\/www.facebook.com\/cosmetic.lv\/"]}]},"product_price_amount":"36.42","product_price_currency":"EUR","og_availability":"instock","product_availability":"instock","product_retailer_item_id":"356008","product_condition":"new"},"_links":{"self":[{"href":"https:\/\/cosmetic.lv\/lv\/wp-json\/wp\/v2\/product\/34678","targetHints":{"allow":["GET"]}}],"collection":[{"href":"https:\/\/cosmetic.lv\/lv\/wp-json\/wp\/v2\/product"}],"about":[{"href":"https:\/\/cosmetic.lv\/lv\/wp-json\/wp\/v2\/types\/product"}],"wp:featuredmedia":[{"embeddable":true,"href":"https:\/\/cosmetic.lv\/lv\/wp-json\/wp\/v2\/media\/17130"}],"wp:attachment":[{"href":"https:\/\/cosmetic.lv\/lv\/wp-json\/wp\/v2\/media?parent=34678"}],"wp:term":[{"taxonomy":"product_brand","embeddable":true,"href":"https:\/\/cosmetic.lv\/lv\/wp-json\/wp\/v2\/product_brand?post=34678"},{"taxonomy":"product_cat","embeddable":true,"href":"https:\/\/cosmetic.lv\/lv\/wp-json\/wp\/v2\/product_cat?post=34678"},{"taxonomy":"product_tag","embeddable":true,"href":"https:\/\/cosmetic.lv\/lv\/wp-json\/wp\/v2\/product_tag?post=34678"}],"curies":[{"name":"wp","href":"https:\/\/api.w.org\/{rel}","templated":true}]}}