{"id":34680,"date":"2021-02-05T22:43:52","date_gmt":"2021-02-06T17:56:08","guid":{"rendered":"https:\/\/damme.lv\/product\/hinoki-5ml\/"},"modified":"2021-02-11T22:53:07","modified_gmt":"2021-02-11T20:53:07","slug":"hinoki-5ml","status":"publish","type":"product","link":"https:\/\/cosmetic.lv\/lv\/product\/hinoki-5ml\/","title":{"rendered":"HINOKI 5ml"},"content":{"rendered":"<p>Hinoki. Chamaecuparis obtusa<br \/>\nHinoki<br \/>\nBot\u0101nisk\u0101 \u0123imene: kaps\u0113tas (kiparis)<\/p>\n<p>Izcelsmes valsts: Jap\u0101na<\/p>\n<p>ORAC: nav izm\u0113r\u012bts<\/p>\n<p>Kas ir ORAC? ORAC &#8211; ir sk\u0101bek\u013ca Radical absorbcijas diapazon\u0101 pas\u0101kumiem jaudas sp\u0113ju antioksidantiem vai absorb\u0113 br\u012bvos radik\u0101\u013cus. Vienk\u0101r\u0161\u0101 valod\u0101, tas noz\u012bm\u0113, ka zin\u0101tnisko j\u0113dzienu cik labi viela pal\u012bdz manu \u0137ermeni, lai risin\u0101tu ar t\u0101diem trauc\u0113jumiem, k\u0101 v\u0113zis, sirds un asinsvadu slim\u012bb\u0101m, hronisk\u0101m slim\u012bb\u0101m, org\u0101nos un audos. To ieviesa zin\u0101tnieki no Nacion\u0101l\u0101 noveco\u0161anas instit\u016bta Nacion\u0101l\u0101 vesel\u012bbas instit\u016bta (NIH) Baltimore, ASV.<\/p>\n<p>Ra\u017eo\u0161anas metode: tvaika destil\u0101cija no koka<\/p>\n<p>V\u0113sturisk\u0101 inform\u0101cija: Hinoki kokam ir pikanta, citrona gar\u0161a, nav puvi un ir iztur\u012bga pret kukai\u0146u iedarb\u012bbu. T\u0101 \u013coti kvalitat\u012bv\u0101 koksne, kuru nov\u0113rt\u0113 jap\u0101\u0146i vis\u0101s vecuma grup\u0101s, attiecas uz &quot;pieciem Kiso me\u017ea sv\u0113t\u0101s kokiem&quot;. F\u0113du laikmet\u0101 boj\u0101 g\u0101ja boj\u0101tais cilv\u0113ks, kur\u0161 no\u0137\u0113ra \u0161\u0101du koku. V\u0113sturiski tiek izmantoti pilis, temp\u013ci, sv\u0113tn\u012bcas un te\u0101tri. \u0160odien tas ir popul\u0101rs dekorat\u012bvo koku.<\/p>\n<p>Priek\u0161roc\u012bbas:<\/p>\n<p>stiprina gar\u012bgo izpratni<br \/>\npal\u012bdz nomierin\u0101ties un atp\u016bsties<br \/>\npamodina un izce\u013c pr\u0101tu<br \/>\nattur kukai\u0146us<br \/>\nKur\u0161 var izmantot Hinoki \u0113terisko e\u013c\u013cu?<\/p>\n<p>cilv\u0113ki, kas v\u0113las palielin\u0101t vi\u0146u gar\u012bgumu un uzlabot vi\u0146u labkl\u0101j\u012bbu<br \/>\ncilv\u0113ki, kuri mekl\u0113 gar\u012bgu un gar\u012bgu p\u0101rveido\u0161anu<br \/>\ncilv\u0113ki, kuriem nepiecie\u0161ama \u0137erme\u0146a relaks\u0101cija<br \/>\nVai tu zini?<\/p>\n<p>vair\u0101k nek\u0101 1000 gadu garum\u0101 Jap\u0101nas Horyuji templis, un tiek uzskat\u012bts vec\u0101k\u0101 koka konstrukcija pasaul\u0113, celta un daudzgad\u012bgo Hinoki koki<br \/>\nHinoki &#8211; noz\u012bm\u0113 &quot;ugun\u012bgs koks&quot;, ar t\u0101 pal\u012bdz\u012bbu berzes sa\u0146em uguni. \u0160\u012b metode joproj\u0101m tiek praktiz\u0113ta \u0160into sv\u0113tn\u012bc\u0101s &#8211; term\u012bti ne\u0113d \u0112nu Hinoki, t\u0101s koks darbojas k\u0101 insektic\u012bds<br \/>\nJap\u0101nas mitr\u0101 klimat\u0101 Hinoki \u0113terisk\u0101 e\u013c\u013ca saglab\u0101 koksni no sabruk\u0161anas<br \/>\nPielieto\u0161anas metode:<\/p>\n<p>m\u0113s \u0161\u0137irties 1: 1 ar augu e\u013c\u013cu vai ar e\u013c\u013cu V-6<br \/>\nuzkl\u0101jiet 1-3 pilienus s\u0101p\u012bgaj\u0101 viet\u0101<br \/>\nattiecas uz Vita Flex punktiem<br \/>\njo mas\u0101\u017ea lietusl\u0101si Technique &#8211; nosl\u0101\u0146ojums e\u013c\u013c\u0101m<br \/>\nieelpot no plaukst\u0101m vai no pudeles &#8211;<br \/>\n5-8 pilieni Diffusor\u0101, 30 min\u016btes 3 reizes dien\u0101 vai p\u0113c nepiecie\u0161am\u012bbas<br \/>\nvann\u0101 5-6 pilienus uz emulgatora<br \/>\nKosm\u0113tikas bag\u0101tin\u0101\u0161ana: 2 pilieni uz 10 ml pamatnes<br \/>\nPiesardz\u012bbas pas\u0101kumi:<\/p>\n<p>Izmantojiet tikai terapeitisku e\u013c\u013cu<br \/>\nm\u0113s \u0161\u0137irties 1: 1 ar augu e\u013c\u013cu vai ar e\u013c\u013cu V-6<br \/>\nja uzkl\u0101j uz \u0101das t\u012br\u0101 form\u0101, neliela dedzino\u0161a saj\u016bta 1-3 min\u016b\u0161u laik\u0101, reakcija ir dabiska<br \/>\nglab\u0101t b\u0113rniem nepieejam\u0101 viet\u0101<br \/>\nnosl\u0113gt\u0101 iepakojuma der\u012bguma termi\u0146\u0161 nav ierobe\u017eots<\/p>\n","protected":false},"excerpt":{"rendered":"<p>Hinoki. Chamaecuparis obtusa Hinoki Bot\u0101nisk\u0101 \u0123imene: kaps\u0113tas (kiparis) Izcelsmes valsts: Jap\u0101na ORAC: nav izm\u0113r\u012bts Kas ir ORAC? ORAC &#8211; ir<\/p>\n","protected":false},"featured_media":17136,"template":"","meta":[],"product_brand":[],"product_cat":[2186,2193],"product_tag":[],"class_list":{"0":"post-34680","1":"product","2":"type-product","3":"status-publish","4":"has-post-thumbnail","6":"product_cat-young-living-eteriskas-ellas-un-kosmetika-augstas-kvalitates","7":"product_cat-eteriskas-ellas-lv","9":"first","10":"instock","11":"taxable","12":"shipping-taxable","13":"purchasable","14":"product-type-simple"},"yoast_head":"<!-- This site is optimized with the Yoast SEO Premium plugin v27.0 (Yoast SEO v27.0) - https:\/\/yoast.com\/product\/yoast-seo-premium-wordpress\/ -->\n<title>HINOKI 5ml - cosmetic.lv<\/title>\n<meta name=\"robots\" content=\"index, follow, max-snippet:-1, max-image-preview:large, max-video-preview:-1\" \/>\n<link rel=\"canonical\" href=\"https:\/\/cosmetic.lv\/lv\/product\/hinoki-5ml\/\" \/>\n<meta property=\"og:locale\" content=\"lv_LV\" \/>\n<meta property=\"og:type\" content=\"article\" \/>\n<meta property=\"og:title\" content=\"HINOKI 5ml\" \/>\n<meta property=\"og:description\" content=\"Hinoki. Chamaecuparis obtusa Hinoki Bot\u0101nisk\u0101 \u0123imene: kaps\u0113tas (kiparis) Izcelsmes valsts: Jap\u0101na ORAC: nav izm\u0113r\u012bts Kas ir ORAC? ORAC &#8211; ir\" \/>\n<meta property=\"og:url\" content=\"https:\/\/cosmetic.lv\/lv\/product\/hinoki-5ml\/\" \/>\n<meta property=\"og:site_name\" content=\"cosmetic.lv\" \/>\n<meta property=\"article:publisher\" content=\"https:\/\/www.facebook.com\/cosmetic.lv\/\" \/>\n<meta property=\"article:modified_time\" content=\"2021-02-11T20:53:07+00:00\" \/>\n<meta property=\"og:image\" content=\"https:\/\/cosmetic.lv\/wp-content\/uploads\/2021\/02\/hinoki-s-4.jpg\" \/>\n\t<meta property=\"og:image:width\" content=\"97\" \/>\n\t<meta property=\"og:image:height\" content=\"240\" \/>\n\t<meta property=\"og:image:type\" content=\"image\/jpeg\" \/>\n<meta name=\"twitter:card\" content=\"summary_large_image\" \/>\n<script type=\"application\/ld+json\" class=\"yoast-schema-graph\">{\"@context\":\"https:\/\/schema.org\",\"@graph\":[{\"@type\":\"WebPage\",\"@id\":\"https:\/\/cosmetic.lv\/lv\/product\/hinoki-5ml\/\",\"url\":\"https:\/\/cosmetic.lv\/lv\/product\/hinoki-5ml\/\",\"name\":\"HINOKI 5ml - cosmetic.lv\",\"isPartOf\":{\"@id\":\"https:\/\/cosmetic.lv\/lv\/#website\"},\"primaryImageOfPage\":{\"@id\":\"https:\/\/cosmetic.lv\/lv\/product\/hinoki-5ml\/#primaryimage\"},\"image\":{\"@id\":\"https:\/\/cosmetic.lv\/lv\/product\/hinoki-5ml\/#primaryimage\"},\"thumbnailUrl\":\"https:\/\/cosmetic.lv\/wp-content\/uploads\/2021\/02\/hinoki-s-4.jpg\",\"datePublished\":\"2021-02-06T17:56:08+00:00\",\"dateModified\":\"2021-02-11T20:53:07+00:00\",\"breadcrumb\":{\"@id\":\"https:\/\/cosmetic.lv\/lv\/product\/hinoki-5ml\/#breadcrumb\"},\"inLanguage\":\"lv-LV\",\"potentialAction\":[{\"@type\":\"ReadAction\",\"target\":[\"https:\/\/cosmetic.lv\/lv\/product\/hinoki-5ml\/\"]}]},{\"@type\":\"ImageObject\",\"inLanguage\":\"lv-LV\",\"@id\":\"https:\/\/cosmetic.lv\/lv\/product\/hinoki-5ml\/#primaryimage\",\"url\":\"https:\/\/cosmetic.lv\/wp-content\/uploads\/2021\/02\/hinoki-s-4.jpg\",\"contentUrl\":\"https:\/\/cosmetic.lv\/wp-content\/uploads\/2021\/02\/hinoki-s-4.jpg\",\"width\":97,\"height\":240,\"caption\":\"hinoki-s.jpg\"},{\"@type\":\"BreadcrumbList\",\"@id\":\"https:\/\/cosmetic.lv\/lv\/product\/hinoki-5ml\/#breadcrumb\",\"itemListElement\":[{\"@type\":\"ListItem\",\"position\":1,\"name\":\"Home\",\"item\":\"https:\/\/cosmetic.lv\/lv\/\"},{\"@type\":\"ListItem\",\"position\":2,\"name\":\"Veikals\",\"item\":\"https:\/\/cosmetic.lv\/lv\/veiklas\/\"},{\"@type\":\"ListItem\",\"position\":3,\"name\":\"HINOKI 5ml\"}]},{\"@type\":\"WebSite\",\"@id\":\"https:\/\/cosmetic.lv\/lv\/#website\",\"url\":\"https:\/\/cosmetic.lv\/lv\/\",\"name\":\"cosmetic.lv\",\"description\":\"Profesion\u0101la kosm\u0113tika - Maria Galland, Keune, Arkadija, GMT, Guam, Magiray\",\"publisher\":{\"@id\":\"https:\/\/cosmetic.lv\/lv\/#organization\"},\"potentialAction\":[{\"@type\":\"SearchAction\",\"target\":{\"@type\":\"EntryPoint\",\"urlTemplate\":\"https:\/\/cosmetic.lv\/lv\/?s={search_term_string}\"},\"query-input\":{\"@type\":\"PropertyValueSpecification\",\"valueRequired\":true,\"valueName\":\"search_term_string\"}}],\"inLanguage\":\"lv-LV\"},{\"@type\":\"Organization\",\"@id\":\"https:\/\/cosmetic.lv\/lv\/#organization\",\"name\":\"COSMETIC.LV\",\"url\":\"https:\/\/cosmetic.lv\/lv\/\",\"logo\":{\"@type\":\"ImageObject\",\"inLanguage\":\"lv-LV\",\"@id\":\"https:\/\/cosmetic.lv\/lv\/#\/schema\/logo\/image\/\",\"url\":\"https:\/\/cosmetic.lv\/wp-content\/uploads\/2021\/02\/cosmetic.lv_logo.jpg\",\"contentUrl\":\"https:\/\/cosmetic.lv\/wp-content\/uploads\/2021\/02\/cosmetic.lv_logo.jpg\",\"width\":596,\"height\":196,\"caption\":\"COSMETIC.LV\"},\"image\":{\"@id\":\"https:\/\/cosmetic.lv\/lv\/#\/schema\/logo\/image\/\"},\"sameAs\":[\"https:\/\/www.facebook.com\/cosmetic.lv\/\"]}]}<\/script>\n<meta property=\"product:price:amount\" content=\"51.24\" \/>\n<meta property=\"product:price:currency\" content=\"EUR\" \/>\n<meta property=\"og:availability\" content=\"instock\" \/>\n<meta property=\"product:availability\" content=\"instock\" \/>\n<meta property=\"product:retailer_item_id\" content=\"307308\" \/>\n<meta property=\"product:condition\" content=\"new\" \/>\n<!-- \/ Yoast SEO Premium plugin. -->","yoast_head_json":{"title":"HINOKI 5ml - cosmetic.lv","robots":{"index":"index","follow":"follow","max-snippet":"max-snippet:-1","max-image-preview":"max-image-preview:large","max-video-preview":"max-video-preview:-1"},"canonical":"https:\/\/cosmetic.lv\/lv\/product\/hinoki-5ml\/","og_locale":"lv_LV","og_type":"article","og_title":"HINOKI 5ml","og_description":"Hinoki. Chamaecuparis obtusa Hinoki Bot\u0101nisk\u0101 \u0123imene: kaps\u0113tas (kiparis) Izcelsmes valsts: Jap\u0101na ORAC: nav izm\u0113r\u012bts Kas ir ORAC? ORAC &#8211; ir","og_url":"https:\/\/cosmetic.lv\/lv\/product\/hinoki-5ml\/","og_site_name":"cosmetic.lv","article_publisher":"https:\/\/www.facebook.com\/cosmetic.lv\/","article_modified_time":"2021-02-11T20:53:07+00:00","og_image":[{"width":97,"height":240,"url":"https:\/\/cosmetic.lv\/wp-content\/uploads\/2021\/02\/hinoki-s-4.jpg","type":"image\/jpeg"}],"twitter_card":"summary_large_image","schema":{"@context":"https:\/\/schema.org","@graph":[{"@type":"WebPage","@id":"https:\/\/cosmetic.lv\/lv\/product\/hinoki-5ml\/","url":"https:\/\/cosmetic.lv\/lv\/product\/hinoki-5ml\/","name":"HINOKI 5ml - cosmetic.lv","isPartOf":{"@id":"https:\/\/cosmetic.lv\/lv\/#website"},"primaryImageOfPage":{"@id":"https:\/\/cosmetic.lv\/lv\/product\/hinoki-5ml\/#primaryimage"},"image":{"@id":"https:\/\/cosmetic.lv\/lv\/product\/hinoki-5ml\/#primaryimage"},"thumbnailUrl":"https:\/\/cosmetic.lv\/wp-content\/uploads\/2021\/02\/hinoki-s-4.jpg","datePublished":"2021-02-06T17:56:08+00:00","dateModified":"2021-02-11T20:53:07+00:00","breadcrumb":{"@id":"https:\/\/cosmetic.lv\/lv\/product\/hinoki-5ml\/#breadcrumb"},"inLanguage":"lv-LV","potentialAction":[{"@type":"ReadAction","target":["https:\/\/cosmetic.lv\/lv\/product\/hinoki-5ml\/"]}]},{"@type":"ImageObject","inLanguage":"lv-LV","@id":"https:\/\/cosmetic.lv\/lv\/product\/hinoki-5ml\/#primaryimage","url":"https:\/\/cosmetic.lv\/wp-content\/uploads\/2021\/02\/hinoki-s-4.jpg","contentUrl":"https:\/\/cosmetic.lv\/wp-content\/uploads\/2021\/02\/hinoki-s-4.jpg","width":97,"height":240,"caption":"hinoki-s.jpg"},{"@type":"BreadcrumbList","@id":"https:\/\/cosmetic.lv\/lv\/product\/hinoki-5ml\/#breadcrumb","itemListElement":[{"@type":"ListItem","position":1,"name":"Home","item":"https:\/\/cosmetic.lv\/lv\/"},{"@type":"ListItem","position":2,"name":"Veikals","item":"https:\/\/cosmetic.lv\/lv\/veiklas\/"},{"@type":"ListItem","position":3,"name":"HINOKI 5ml"}]},{"@type":"WebSite","@id":"https:\/\/cosmetic.lv\/lv\/#website","url":"https:\/\/cosmetic.lv\/lv\/","name":"cosmetic.lv","description":"Profesion\u0101la kosm\u0113tika - Maria Galland, Keune, Arkadija, GMT, Guam, Magiray","publisher":{"@id":"https:\/\/cosmetic.lv\/lv\/#organization"},"potentialAction":[{"@type":"SearchAction","target":{"@type":"EntryPoint","urlTemplate":"https:\/\/cosmetic.lv\/lv\/?s={search_term_string}"},"query-input":{"@type":"PropertyValueSpecification","valueRequired":true,"valueName":"search_term_string"}}],"inLanguage":"lv-LV"},{"@type":"Organization","@id":"https:\/\/cosmetic.lv\/lv\/#organization","name":"COSMETIC.LV","url":"https:\/\/cosmetic.lv\/lv\/","logo":{"@type":"ImageObject","inLanguage":"lv-LV","@id":"https:\/\/cosmetic.lv\/lv\/#\/schema\/logo\/image\/","url":"https:\/\/cosmetic.lv\/wp-content\/uploads\/2021\/02\/cosmetic.lv_logo.jpg","contentUrl":"https:\/\/cosmetic.lv\/wp-content\/uploads\/2021\/02\/cosmetic.lv_logo.jpg","width":596,"height":196,"caption":"COSMETIC.LV"},"image":{"@id":"https:\/\/cosmetic.lv\/lv\/#\/schema\/logo\/image\/"},"sameAs":["https:\/\/www.facebook.com\/cosmetic.lv\/"]}]},"product_price_amount":"51.24","product_price_currency":"EUR","og_availability":"instock","product_availability":"instock","product_retailer_item_id":"307308","product_condition":"new"},"_links":{"self":[{"href":"https:\/\/cosmetic.lv\/lv\/wp-json\/wp\/v2\/product\/34680","targetHints":{"allow":["GET"]}}],"collection":[{"href":"https:\/\/cosmetic.lv\/lv\/wp-json\/wp\/v2\/product"}],"about":[{"href":"https:\/\/cosmetic.lv\/lv\/wp-json\/wp\/v2\/types\/product"}],"wp:featuredmedia":[{"embeddable":true,"href":"https:\/\/cosmetic.lv\/lv\/wp-json\/wp\/v2\/media\/17136"}],"wp:attachment":[{"href":"https:\/\/cosmetic.lv\/lv\/wp-json\/wp\/v2\/media?parent=34680"}],"wp:term":[{"taxonomy":"product_brand","embeddable":true,"href":"https:\/\/cosmetic.lv\/lv\/wp-json\/wp\/v2\/product_brand?post=34680"},{"taxonomy":"product_cat","embeddable":true,"href":"https:\/\/cosmetic.lv\/lv\/wp-json\/wp\/v2\/product_cat?post=34680"},{"taxonomy":"product_tag","embeddable":true,"href":"https:\/\/cosmetic.lv\/lv\/wp-json\/wp\/v2\/product_tag?post=34680"}],"curies":[{"name":"wp","href":"https:\/\/api.w.org\/{rel}","templated":true}]}}