{"id":34682,"date":"2021-02-05T22:43:52","date_gmt":"2021-02-06T17:56:08","guid":{"rendered":"https:\/\/damme.lv\/product\/idaho-blue-spruse-5ml\/"},"modified":"2021-02-11T22:53:08","modified_gmt":"2021-02-11T20:53:08","slug":"idaho-blue-spruse-5ml","status":"publish","type":"product","link":"https:\/\/cosmetic.lv\/lv\/product\/idaho-blue-spruse-5ml\/","title":{"rendered":"IDAHO BLUE SPRUSE 5ml"},"content":{"rendered":"<p>Idaho Blue Spruse. Picea pungens.<br \/>\nZil\u0101 egle (egle)<br \/>\nBot\u0101nisk\u0101 \u0123imene: Pinaceae (skuju koki)<\/p>\n<p>Izcelsmes valsts: ASV, Aidaho<\/p>\n<p>Akt\u012bv\u0101s vielas:<\/p>\n<p>alfa-pin\u0113ns (45-55%)<br \/>\nlimon\u0113ns (45-55%)<br \/>\nsesviterpenes (3-12%)<br \/>\nORAC: nav izm\u0113r\u012bts<\/p>\n<p>Kas ir ORAC? ORAC ir sk\u0101bek\u013ca radik\u0101las absorbcijas sp\u0113ja vai indikators par sp\u0113ju antioksidantus absorb\u0113t br\u012bvos radik\u0101\u013cus. Vienk\u0101r\u0161\u0101 valod\u0101, tas noz\u012bm\u0113, ka zin\u0101tnisko j\u0113dzienu cik labi viela pal\u012bdz manu \u0137ermeni, lai risin\u0101tu ar t\u0101diem trauc\u0113jumiem, k\u0101 v\u0113zis, sirds un asinsvadu slim\u012bb\u0101m, hronisk\u0101m slim\u012bb\u0101m, org\u0101nos un audos. To ieviesa zin\u0101tnieki no Nacion\u0101l\u0101 noveco\u0161anas instit\u016bta Nacion\u0101l\u0101 vesel\u012bbas instit\u016bta (NIH) Baltimore, ASV.<\/p>\n<p>Ra\u017eo\u0161anas metode: tvaika destil\u0101cija no fili\u0101l\u0113m un adat\u0101m<\/p>\n<p>V\u0113sturisk\u0101 inform\u0101cija: nosaukums &quot;spruse&quot; n\u0101k no fran\u010du valodas v\u0101rda &quot;Pruse&quot;, kas noz\u012bm\u0113 Pr\u016bsiju.<\/p>\n<p>\u0100rstnieciskas \u012bpa\u0161\u012bbas: antibakteri\u0101la, pretinfekcijas, anti-v\u0113\u017ea, protivoonkologicheskoe, pretiekaisuma, spazmol\u012btiskais, pretv\u012brusu, antiseptiska, dezinfekcijas, dekongestanti atklepo\u0161anas, im\u016bnsist\u0113mas stiprin\u0101\u0161anai.<\/p>\n<p>Blue Spruce (Egle) piem\u012bt dab\u012bg\u0101m pretv\u012brusu un antibakteri\u0101las \u012bpa\u0161\u012bbas. Augsts alfa-pin\u0113na saturs nodro\u0161ina labas mukol\u012bzes \u012bpa\u0161\u012bbas, pal\u012bdz bronh\u012btu, astmu, sinus\u012btu un deguna nosprostojumu. Lielais limon\u0113na saturs nodro\u0161ina anti-v\u0113\u017ea pretv\u012brusu aktivit\u0101ti, k\u0101 ar\u012b greipfr\u016btu, citronu, Palo Santo, Sacred v\u012braks.<\/p>\n<p>Kad izmanto, kura no slim\u012bb\u0101m: artr\u012bts, reimatisms, musku\u013cu spazmas, musku\u013cu spriedzi, elpo\u0161anas trakta infekcija, sinus\u012bts, bakteri\u0101la infekcija, bronh\u012bts, klepus, v\u012brusu infekcija, uzbrie\u0161anas, zemu imunit\u0101ti, \u0101das trauc\u0113jumi, br\u016bces, iegriezumi, sasitumiem, \u0101das kairin\u0101jums.<\/p>\n<p>Gar\u012bg\u0101 un emocion\u0101l\u0101 ietekme: Blue Spruse \u0113terisk\u0101 e\u013c\u013ca, nodro\u0161ina dzi\u013cu miera un dro\u0161\u012bbas saj\u016btu. Tas pal\u012bdz atbr\u012bvot emocion\u0101los blokus, atv\u0113rt sirdi un uztic\u0113ties Visumam. Nebaidieties k\u013c\u016bt par to, kas j\u016bs patie\u0161\u0101m esat, lai k\u013c\u016btu unik\u0101ls un saprastu savu misiju \u0161eit uz Zemes.<\/p>\n<p>Blue Spruce Essential Oil atsl\u0101bin\u0101s p\u0113c aiz\u0146emtas dienas, palielin\u0101s iek\u0161\u0113jo sp\u0113ku, nomierin\u0101s pr\u0101tu un \u0137ermeni.<br \/>\nBlue Spruce Essential Oil ir visaugst\u0101k\u0101s vibr\u0101cijas uz Zemes plan\u0113tas &#8211; 400 MHz.<\/p>\n<p>Ietekme uz pr\u0101tu: \u0161is koksnes arom\u0101ts uzmundrina, atvieglo mieru un relaks\u0113 \u0137ermeni.<\/p>\n<p>Lieto\u0161ana un doz\u0113\u0161ana:<\/p>\n<p>M\u0113s \u0161\u0137irties 1: 1 ar augu e\u013c\u013cu vai ar e\u013c\u013cu V-6 jut\u012bgai \u0101dai<br \/>\nvar lietot neat\u0161\u0137aid\u012btu<br \/>\ne\u013c\u013ca tiek uzskat\u012bta par dro\u0161u (GRAS) iek\u0161\u0113jai lieto\u0161anai FDA<br \/>\nuzkl\u0101jiet 1-3 pilienus s\u0101p\u012bgaj\u0101 viet\u0101<br \/>\niek\u0161\u0137\u012bgai lieto\u0161anai, ievietojiet kapsul\u0101 2 reizes dien\u0101, ja nepiecie\u0161ams<br \/>\nattiecas uz Vita Flex punktiem<br \/>\nmas\u0101\u017e\u0101 Raindrop Technique &#8211; e\u013c\u013cu piem\u0113ro\u0161ana p\u0113c sl\u0101\u0146a<br \/>\nieelpot no plaukst\u0101m vai no pudeles &#8211;<br \/>\n5-8 pilieni Diffusor\u0101, 30 min\u016btes 3 reizes dien\u0101 vai p\u0113c nepiecie\u0161am\u012bbas<br \/>\nvann\u0101 5-6 pilienus uz emulgatora<br \/>\nKosm\u0113tikas bag\u0101tin\u0101\u0161ana: 2 pilieni uz 10 ml pamatnes<br \/>\nIzmantojiet m\u0101jdz\u012bvniekiem: j\u0101, j\u016bs varat. \u0112terisk\u0101 e\u013c\u013ca nodro\u0161ina mieru un aizsarg\u0101.<br \/>\nDa\u017eas e\u013c\u013cas var b\u016bt \u013coti toksiskas ka\u0137iem. Tie ietver citrusaug\u013cu e\u013c\u013cas, kas nav terapeitiskas kvalit\u0101tes! L\u016bdzu, konsult\u0113jieties ar savu veterin\u0101r\u0101rstu, ja neesat p\u0101rliecin\u0101ts, vai varat izmantot \u0113terisko e\u013c\u013cu savam veterin\u0101r\u0101rstam.<\/p>\n<p>Piesardz\u012bbas pas\u0101kumi:<\/p>\n<p>Izmantojiet tikai terapeitisku e\u013c\u013cu<br \/>\nm\u0113s \u0161\u0137irties 1: 1 ar augu e\u013c\u013cu vai ar e\u013c\u013cu V-6<br \/>\nvar izmantot t\u012br\u0101 veid\u0101<br \/>\ne\u013c\u013ca tiek uzskat\u012bta par dro\u0161u (GRAS) iek\u0161\u0113jai lieto\u0161anai FDA<br \/>\nB\u0113rniem l\u012bdz 6 gadu vecumam nevajadz\u0113tu lietot e\u013c\u013cu k\u0101 p\u0101rtikas piedevu<br \/>\nja uzkl\u0101j uz \u0101das t\u012br\u0101 form\u0101, neliela dedzino\u0161a saj\u016bta 1-3 min\u016b\u0161u laik\u0101, reakcija ir dabiska<br \/>\nglab\u0101t b\u0113rniem nepieejam\u0101 viet\u0101<br \/>\nnosl\u0113gt\u0101 iepakojuma der\u012bguma termi\u0146\u0161 nav ierobe\u017eots<br \/>\nEmocion\u0101l\u0101s trauma emancip\u0101cija un Idaho Blue Spruse.<\/p>\n<p>Dr Corinne Alain atkl\u0101ja, ka \u0161\u012b \u0113terisk\u0101 e\u013c\u013ca darbojas \u013coti labi, lai atbr\u012bvotu aizmirstos un nom\u0101ktos emocion\u0101los blokus. E\u013c\u013ca pal\u012bdz atcer\u0113ties \u0161os vecu ievainojumus, kas noz\u012bm\u0113, ka ir iesp\u0113jams sadarboties ar vi\u0146iem, \u013caut vi\u0146iem aiziet, atbr\u012bvoties. Emocion\u0101l\u0101 trauma un neatrisin\u0101t\u0101s emocijas tiek blo\u0137\u0113tas, tiek blo\u0137\u0113tas \u0161\u016bnas iek\u0161pus\u0113, un, ja t\u0101s netiek atbr\u012bvotas, rodas kristaliz\u0101cija un slim\u012bba. &quot;Katru v\u0113\u017ea gad\u012bjumu, kuru jebkad diagnostic\u0113ju, rad\u0101s fakts, ka emocijas ir notvertas un izpau\u017eas \u013caundab\u012bgos audos.&quot; Devid Steward<\/p>\n","protected":false},"excerpt":{"rendered":"<p>Idaho Blue Spruse. Picea pungens. Zil\u0101 egle (egle) Bot\u0101nisk\u0101 \u0123imene: Pinaceae (skuju koki) Izcelsmes valsts: ASV, Aidaho Akt\u012bv\u0101s vielas: alfa-pin\u0113ns<\/p>\n","protected":false},"featured_media":17142,"template":"","meta":[],"product_brand":[],"product_cat":[2186,2193],"product_tag":[],"class_list":{"0":"post-34682","1":"product","2":"type-product","3":"status-publish","4":"has-post-thumbnail","6":"product_cat-young-living-eteriskas-ellas-un-kosmetika-augstas-kvalitates","7":"product_cat-eteriskas-ellas-lv","9":"first","10":"instock","11":"taxable","12":"shipping-taxable","13":"purchasable","14":"product-type-simple"},"yoast_head":"<!-- This site is optimized with the Yoast SEO Premium plugin v27.0 (Yoast SEO v27.0) - https:\/\/yoast.com\/product\/yoast-seo-premium-wordpress\/ -->\n<title>IDAHO BLUE SPRUSE 5ml - cosmetic.lv<\/title>\n<meta name=\"robots\" content=\"index, follow, max-snippet:-1, max-image-preview:large, max-video-preview:-1\" \/>\n<link rel=\"canonical\" href=\"https:\/\/cosmetic.lv\/lv\/product\/idaho-blue-spruse-5ml\/\" \/>\n<meta property=\"og:locale\" content=\"lv_LV\" \/>\n<meta property=\"og:type\" content=\"article\" \/>\n<meta property=\"og:title\" content=\"IDAHO BLUE SPRUSE 5ml\" \/>\n<meta property=\"og:description\" content=\"Idaho Blue Spruse. Picea pungens. Zil\u0101 egle (egle) Bot\u0101nisk\u0101 \u0123imene: Pinaceae (skuju koki) Izcelsmes valsts: ASV, Aidaho Akt\u012bv\u0101s vielas: alfa-pin\u0113ns\" \/>\n<meta property=\"og:url\" content=\"https:\/\/cosmetic.lv\/lv\/product\/idaho-blue-spruse-5ml\/\" \/>\n<meta property=\"og:site_name\" content=\"cosmetic.lv\" \/>\n<meta property=\"article:publisher\" content=\"https:\/\/www.facebook.com\/cosmetic.lv\/\" \/>\n<meta property=\"article:modified_time\" content=\"2021-02-11T20:53:08+00:00\" \/>\n<meta property=\"og:image\" content=\"https:\/\/cosmetic.lv\/wp-content\/uploads\/2021\/02\/idaho-blue-spruse-s-4.jpg\" \/>\n\t<meta property=\"og:image:width\" content=\"97\" \/>\n\t<meta property=\"og:image:height\" content=\"240\" \/>\n\t<meta property=\"og:image:type\" content=\"image\/jpeg\" \/>\n<meta name=\"twitter:card\" content=\"summary_large_image\" \/>\n<script type=\"application\/ld+json\" class=\"yoast-schema-graph\">{\"@context\":\"https:\/\/schema.org\",\"@graph\":[{\"@type\":\"WebPage\",\"@id\":\"https:\/\/cosmetic.lv\/lv\/product\/idaho-blue-spruse-5ml\/\",\"url\":\"https:\/\/cosmetic.lv\/lv\/product\/idaho-blue-spruse-5ml\/\",\"name\":\"IDAHO BLUE SPRUSE 5ml - cosmetic.lv\",\"isPartOf\":{\"@id\":\"https:\/\/cosmetic.lv\/lv\/#website\"},\"primaryImageOfPage\":{\"@id\":\"https:\/\/cosmetic.lv\/lv\/product\/idaho-blue-spruse-5ml\/#primaryimage\"},\"image\":{\"@id\":\"https:\/\/cosmetic.lv\/lv\/product\/idaho-blue-spruse-5ml\/#primaryimage\"},\"thumbnailUrl\":\"https:\/\/cosmetic.lv\/wp-content\/uploads\/2021\/02\/idaho-blue-spruse-s-4.jpg\",\"datePublished\":\"2021-02-06T17:56:08+00:00\",\"dateModified\":\"2021-02-11T20:53:08+00:00\",\"breadcrumb\":{\"@id\":\"https:\/\/cosmetic.lv\/lv\/product\/idaho-blue-spruse-5ml\/#breadcrumb\"},\"inLanguage\":\"lv-LV\",\"potentialAction\":[{\"@type\":\"ReadAction\",\"target\":[\"https:\/\/cosmetic.lv\/lv\/product\/idaho-blue-spruse-5ml\/\"]}]},{\"@type\":\"ImageObject\",\"inLanguage\":\"lv-LV\",\"@id\":\"https:\/\/cosmetic.lv\/lv\/product\/idaho-blue-spruse-5ml\/#primaryimage\",\"url\":\"https:\/\/cosmetic.lv\/wp-content\/uploads\/2021\/02\/idaho-blue-spruse-s-4.jpg\",\"contentUrl\":\"https:\/\/cosmetic.lv\/wp-content\/uploads\/2021\/02\/idaho-blue-spruse-s-4.jpg\",\"width\":97,\"height\":240,\"caption\":\"idaho-blue-spruse-s.jpg\"},{\"@type\":\"BreadcrumbList\",\"@id\":\"https:\/\/cosmetic.lv\/lv\/product\/idaho-blue-spruse-5ml\/#breadcrumb\",\"itemListElement\":[{\"@type\":\"ListItem\",\"position\":1,\"name\":\"Home\",\"item\":\"https:\/\/cosmetic.lv\/lv\/\"},{\"@type\":\"ListItem\",\"position\":2,\"name\":\"Veikals\",\"item\":\"https:\/\/cosmetic.lv\/lv\/veiklas\/\"},{\"@type\":\"ListItem\",\"position\":3,\"name\":\"IDAHO BLUE SPRUSE 5ml\"}]},{\"@type\":\"WebSite\",\"@id\":\"https:\/\/cosmetic.lv\/lv\/#website\",\"url\":\"https:\/\/cosmetic.lv\/lv\/\",\"name\":\"cosmetic.lv\",\"description\":\"Profesion\u0101la kosm\u0113tika - Maria Galland, Keune, Arkadija, GMT, Guam, Magiray\",\"publisher\":{\"@id\":\"https:\/\/cosmetic.lv\/lv\/#organization\"},\"potentialAction\":[{\"@type\":\"SearchAction\",\"target\":{\"@type\":\"EntryPoint\",\"urlTemplate\":\"https:\/\/cosmetic.lv\/lv\/?s={search_term_string}\"},\"query-input\":{\"@type\":\"PropertyValueSpecification\",\"valueRequired\":true,\"valueName\":\"search_term_string\"}}],\"inLanguage\":\"lv-LV\"},{\"@type\":\"Organization\",\"@id\":\"https:\/\/cosmetic.lv\/lv\/#organization\",\"name\":\"COSMETIC.LV\",\"url\":\"https:\/\/cosmetic.lv\/lv\/\",\"logo\":{\"@type\":\"ImageObject\",\"inLanguage\":\"lv-LV\",\"@id\":\"https:\/\/cosmetic.lv\/lv\/#\/schema\/logo\/image\/\",\"url\":\"https:\/\/cosmetic.lv\/wp-content\/uploads\/2021\/02\/cosmetic.lv_logo.jpg\",\"contentUrl\":\"https:\/\/cosmetic.lv\/wp-content\/uploads\/2021\/02\/cosmetic.lv_logo.jpg\",\"width\":596,\"height\":196,\"caption\":\"COSMETIC.LV\"},\"image\":{\"@id\":\"https:\/\/cosmetic.lv\/lv\/#\/schema\/logo\/image\/\"},\"sameAs\":[\"https:\/\/www.facebook.com\/cosmetic.lv\/\"]}]}<\/script>\n<meta property=\"product:price:amount\" content=\"58.07\" \/>\n<meta property=\"product:price:currency\" content=\"EUR\" \/>\n<meta property=\"og:availability\" content=\"instock\" \/>\n<meta property=\"product:availability\" content=\"instock\" \/>\n<meta property=\"product:retailer_item_id\" content=\"309308\" \/>\n<meta property=\"product:condition\" content=\"new\" \/>\n<!-- \/ Yoast SEO Premium plugin. -->","yoast_head_json":{"title":"IDAHO BLUE SPRUSE 5ml - cosmetic.lv","robots":{"index":"index","follow":"follow","max-snippet":"max-snippet:-1","max-image-preview":"max-image-preview:large","max-video-preview":"max-video-preview:-1"},"canonical":"https:\/\/cosmetic.lv\/lv\/product\/idaho-blue-spruse-5ml\/","og_locale":"lv_LV","og_type":"article","og_title":"IDAHO BLUE SPRUSE 5ml","og_description":"Idaho Blue Spruse. Picea pungens. Zil\u0101 egle (egle) Bot\u0101nisk\u0101 \u0123imene: Pinaceae (skuju koki) Izcelsmes valsts: ASV, Aidaho Akt\u012bv\u0101s vielas: alfa-pin\u0113ns","og_url":"https:\/\/cosmetic.lv\/lv\/product\/idaho-blue-spruse-5ml\/","og_site_name":"cosmetic.lv","article_publisher":"https:\/\/www.facebook.com\/cosmetic.lv\/","article_modified_time":"2021-02-11T20:53:08+00:00","og_image":[{"width":97,"height":240,"url":"https:\/\/cosmetic.lv\/wp-content\/uploads\/2021\/02\/idaho-blue-spruse-s-4.jpg","type":"image\/jpeg"}],"twitter_card":"summary_large_image","schema":{"@context":"https:\/\/schema.org","@graph":[{"@type":"WebPage","@id":"https:\/\/cosmetic.lv\/lv\/product\/idaho-blue-spruse-5ml\/","url":"https:\/\/cosmetic.lv\/lv\/product\/idaho-blue-spruse-5ml\/","name":"IDAHO BLUE SPRUSE 5ml - cosmetic.lv","isPartOf":{"@id":"https:\/\/cosmetic.lv\/lv\/#website"},"primaryImageOfPage":{"@id":"https:\/\/cosmetic.lv\/lv\/product\/idaho-blue-spruse-5ml\/#primaryimage"},"image":{"@id":"https:\/\/cosmetic.lv\/lv\/product\/idaho-blue-spruse-5ml\/#primaryimage"},"thumbnailUrl":"https:\/\/cosmetic.lv\/wp-content\/uploads\/2021\/02\/idaho-blue-spruse-s-4.jpg","datePublished":"2021-02-06T17:56:08+00:00","dateModified":"2021-02-11T20:53:08+00:00","breadcrumb":{"@id":"https:\/\/cosmetic.lv\/lv\/product\/idaho-blue-spruse-5ml\/#breadcrumb"},"inLanguage":"lv-LV","potentialAction":[{"@type":"ReadAction","target":["https:\/\/cosmetic.lv\/lv\/product\/idaho-blue-spruse-5ml\/"]}]},{"@type":"ImageObject","inLanguage":"lv-LV","@id":"https:\/\/cosmetic.lv\/lv\/product\/idaho-blue-spruse-5ml\/#primaryimage","url":"https:\/\/cosmetic.lv\/wp-content\/uploads\/2021\/02\/idaho-blue-spruse-s-4.jpg","contentUrl":"https:\/\/cosmetic.lv\/wp-content\/uploads\/2021\/02\/idaho-blue-spruse-s-4.jpg","width":97,"height":240,"caption":"idaho-blue-spruse-s.jpg"},{"@type":"BreadcrumbList","@id":"https:\/\/cosmetic.lv\/lv\/product\/idaho-blue-spruse-5ml\/#breadcrumb","itemListElement":[{"@type":"ListItem","position":1,"name":"Home","item":"https:\/\/cosmetic.lv\/lv\/"},{"@type":"ListItem","position":2,"name":"Veikals","item":"https:\/\/cosmetic.lv\/lv\/veiklas\/"},{"@type":"ListItem","position":3,"name":"IDAHO BLUE SPRUSE 5ml"}]},{"@type":"WebSite","@id":"https:\/\/cosmetic.lv\/lv\/#website","url":"https:\/\/cosmetic.lv\/lv\/","name":"cosmetic.lv","description":"Profesion\u0101la kosm\u0113tika - Maria Galland, Keune, Arkadija, GMT, Guam, Magiray","publisher":{"@id":"https:\/\/cosmetic.lv\/lv\/#organization"},"potentialAction":[{"@type":"SearchAction","target":{"@type":"EntryPoint","urlTemplate":"https:\/\/cosmetic.lv\/lv\/?s={search_term_string}"},"query-input":{"@type":"PropertyValueSpecification","valueRequired":true,"valueName":"search_term_string"}}],"inLanguage":"lv-LV"},{"@type":"Organization","@id":"https:\/\/cosmetic.lv\/lv\/#organization","name":"COSMETIC.LV","url":"https:\/\/cosmetic.lv\/lv\/","logo":{"@type":"ImageObject","inLanguage":"lv-LV","@id":"https:\/\/cosmetic.lv\/lv\/#\/schema\/logo\/image\/","url":"https:\/\/cosmetic.lv\/wp-content\/uploads\/2021\/02\/cosmetic.lv_logo.jpg","contentUrl":"https:\/\/cosmetic.lv\/wp-content\/uploads\/2021\/02\/cosmetic.lv_logo.jpg","width":596,"height":196,"caption":"COSMETIC.LV"},"image":{"@id":"https:\/\/cosmetic.lv\/lv\/#\/schema\/logo\/image\/"},"sameAs":["https:\/\/www.facebook.com\/cosmetic.lv\/"]}]},"product_price_amount":"58.07","product_price_currency":"EUR","og_availability":"instock","product_availability":"instock","product_retailer_item_id":"309308","product_condition":"new"},"_links":{"self":[{"href":"https:\/\/cosmetic.lv\/lv\/wp-json\/wp\/v2\/product\/34682","targetHints":{"allow":["GET"]}}],"collection":[{"href":"https:\/\/cosmetic.lv\/lv\/wp-json\/wp\/v2\/product"}],"about":[{"href":"https:\/\/cosmetic.lv\/lv\/wp-json\/wp\/v2\/types\/product"}],"wp:featuredmedia":[{"embeddable":true,"href":"https:\/\/cosmetic.lv\/lv\/wp-json\/wp\/v2\/media\/17142"}],"wp:attachment":[{"href":"https:\/\/cosmetic.lv\/lv\/wp-json\/wp\/v2\/media?parent=34682"}],"wp:term":[{"taxonomy":"product_brand","embeddable":true,"href":"https:\/\/cosmetic.lv\/lv\/wp-json\/wp\/v2\/product_brand?post=34682"},{"taxonomy":"product_cat","embeddable":true,"href":"https:\/\/cosmetic.lv\/lv\/wp-json\/wp\/v2\/product_cat?post=34682"},{"taxonomy":"product_tag","embeddable":true,"href":"https:\/\/cosmetic.lv\/lv\/wp-json\/wp\/v2\/product_tag?post=34682"}],"curies":[{"name":"wp","href":"https:\/\/api.w.org\/{rel}","templated":true}]}}