{"id":34683,"date":"2021-02-05T22:43:52","date_gmt":"2021-02-06T17:56:08","guid":{"rendered":"https:\/\/damme.lv\/product\/jasmine-5ml\/"},"modified":"2021-02-11T22:53:08","modified_gmt":"2021-02-11T20:53:08","slug":"jasmine-5ml","status":"publish","type":"product","link":"https:\/\/cosmetic.lv\/lv\/product\/jasmine-5ml\/","title":{"rendered":"JASMINE 5ml"},"content":{"rendered":"<p>Jasmine. Jasminum officinale.<br \/>\nJasmine<br \/>\nBot\u0101nisk\u0101 \u0123imene: Oleaceae (ol\u012bvu)<\/p>\n<p>Izcelsmes valsts: Indija<\/p>\n<p>Akt\u012bv\u0101s vielas:<\/p>\n<p>Benzilacet\u0101ts (18-28%)<br \/>\nBenzilbenzo\u0101ts (14-21%)<br \/>\nLinalols (3-8%)<br \/>\nFitols (6-12%)<br \/>\nIsofitols (3-7%)<br \/>\nSqualene (3-7%)<br \/>\nK\u0101ds ir ORAC indikators? 20 900 pTE \/ 100 g<\/p>\n<p>Kas ir ORAC? ORAC ir sk\u0101bek\u013ca radik\u0101las absorbcijas sp\u0113ja vai indikators par sp\u0113ju antioksidantus absorb\u0113t br\u012bvos radik\u0101\u013cus. Vienk\u0101r\u0161\u0101 valod\u0101, tas noz\u012bm\u0113, ka zin\u0101tnisko j\u0113dzienu cik labi viela pal\u012bdz manu \u0137ermeni, lai risin\u0101tu ar t\u0101diem trauc\u0113jumiem, k\u0101 v\u0113zis, sirds un asinsvadu slim\u012bb\u0101m, hronisk\u0101m slim\u012bb\u0101m, org\u0101nos un audos. To ieviesa zin\u0101tnieki no Nacion\u0101l\u0101 noveco\u0161anas instit\u016bta Nacion\u0101l\u0101 vesel\u012bbas instit\u016bta (NIH) Baltimore, ASV.<br \/>\nSagatavo\u0161anas metode: absol\u016bti, ekstrakcija ar ziedlapi\u0146\u0101m ar og\u013chidr\u0101tu \u0161\u0137\u012bdin\u0101t\u0101ju. Ziedi tiek sav\u0101kti nakt\u012b, kad smar\u017ea ir vissp\u0113c\u012bg\u0101k\u0101.<\/p>\n<p>Lai ieg\u016btu 1 svaru (454 gramus) Jasmina absol\u016bt\u0101, tas aiz\u0146em apm\u0113ram 1000 m\u0101rci\u0146as jeb 3,600,000 ziedo\u0161u jasm\u012bna ziedu. Ziedi j\u0101sav\u0101c pirms saull\u0113kta, cit\u0101di liela da\u013ca gar\u0161as iztvaiko. Lai ieg\u016btu kvalit\u0101ti absol\u016bti, ir svar\u012bgi, lai ziedi neb\u016btu salauzti un nogludin\u0101ti.<\/p>\n<p>Viena m\u0101rci\u0146a t\u012bras Jasm\u012bna e\u013c\u013cas var maks\u0101t no 1200 l\u012bdz 4500 $.<br \/>\nAbsol\u016bt\u0101 Jasmina bie\u017ei tiek viltota. Sint\u0113tisk\u0101 \u017easm\u012bna e\u013c\u013ca maks\u0101 3,5 ASV dol\u0101rus par m\u0101rci\u0146u.<\/p>\n<p>V\u0113sturisk\u0101 inform\u0101cija: Jasm\u012bnu sauc par &quot;Vakari\u0146as karalieni&quot; vai &quot;M\u0113ness gaismas d\u0101rzu&quot;. Daudzus gadsimtus sievietes ir piesaist\u012bju\u0161as \u0161ai skaistajai un vilino\u0161ajai smar\u017eai.<br \/>\nTo lieto elit\u0101raj\u0101 parfim\u0113rij\u0101.<\/p>\n<p>Terapeitisk\u0101s \u012bpa\u0161\u012bbas: antidepresants, stimul\u0113jo\u0161s l\u012bdzeklis, antibakteri\u0101ls l\u012bdzeklis, sejas pacel\u0161ana, \u0101das atjauno\u0161an\u0101s, \u0101das atjauno\u0161an\u0101s.<\/p>\n<p>Pie k\u0101d\u0101m slim\u012bb\u0101m j\u0101izmanto: trauksme, depresija, menstru\u0101l\u0101 cikla probl\u0113mas, PMS, \u0101das probl\u0113mas (taukainas \u0101das, grumbi\u0146as, ekz\u0113ma), frigidit\u0101te.<\/p>\n<p>Gar\u012bg\u0101 un emocion\u0101l\u0101 ietekme: arom\u0101ts pal\u012bdz tikt gal\u0101 ar bezcer\u012bbas saj\u016bt\u0101m, nervu izs\u012bkumu, trauksmi, depresiju, vienaldz\u012bbu un ap\u0101tiju.<\/p>\n<p>Jasmine ir paz\u012bstama k\u0101 afrodiziaks.<\/p>\n<p>Jasm\u012bns, pat nelielos daudzumos, pal\u012bdz\u0113s izprast un atbr\u012bvot ba\u017eas, kas saist\u012btas ar seksu\u0101laj\u0101m attiec\u012bb\u0101m, ar ne\u0113rt\u012bbas un bezj\u0113dz\u012bbas izj\u016btu, ar lieto\u0161anas izj\u016btu. Arom\u0101ts pal\u012bdz\u0113s m\u012b\u013cotajiem vai m\u012b\u013cotajiem uzrun\u0101t seksualit\u0101tes dievi\u0161\u0137o dabu; pal\u012bdz\u0113s pie\u0146emt ener\u0123ijas apmai\u0146u, kas notiek starp dv\u0113sel\u0113m piln\u012bgas m\u012blas vienot\u012bbas laik\u0101.<\/p>\n<p>Ietekme uz pr\u0101tu: Universit\u0101tes p\u0113t\u012bjumi Jap\u0101n\u0101 atkl\u0101ja, ka dabisko \u0113terisko e\u013c\u013cu izsmidzin\u0101\u0161ana birojos un nozar\u0113s iev\u0113rojami uzlaboja gar\u012bgo precizit\u0101ti un koncentr\u0101ciju. Citronu \u0113terisk\u0101s e\u013c\u013cas att\u012br\u012b\u0161ana izrais\u012bja k\u013c\u016bdu samazin\u0101\u0161anos par 54%, Jasm\u012bnu &#8211; par 33%, Lavandu &#8211; par 20%.<\/p>\n<p>Izmanto kosm\u0113tik\u0101: atjauno \u0101du visu veidu, jo slim\u012bbas mazina neiroendokr\u012bni dabu (ekz\u0113ma, dermat\u012bts), uzlabo pl\u0101ns, sauss, taukaina, nosliece uz iekaisumu, nobriedu\u0161u \u0101du, uzlabo \u0101das elast\u012bbu.<br \/>\nLieto\u0161ana un doz\u0113\u0161ana:<\/p>\n<p>m\u0113s \u0161\u0137irties 1: 1 ar augu e\u013c\u013cu vai ar e\u013c\u013cu V-6<br \/>\nattiecas uz Vita Flex punktiem<br \/>\nmas\u0101\u017e\u0101 Raindrop Technique &#8211; e\u013c\u013cu piem\u0113ro\u0161ana p\u0113c sl\u0101\u0146a<br \/>\nieelpot no plaukst\u0101m vai no pudeles<br \/>\n\u00a05-8 pilieni Diffusor\u0101, 30 min\u016btes 3 reizes dien\u0101 vai p\u0113c nepiecie\u0161am\u012bbas<br \/>\nvann\u0101 5-6 pilienus uz emulgatora<br \/>\nKosm\u0113tikas bag\u0101tin\u0101\u0161ana: 2 pilieni uz 10 ml pamatnes<br \/>\nIzmantot m\u0101jdz\u012bvniekiem: sakar\u0101 ar augstaj\u0101m naftas cen\u0101m zirgiem un su\u0146iem, v\u0113lams izmantot gatavus mais\u012bjumus, kas satur Jasmine: Clarity (skaidr\u012bba), Live ar Passion (Live ar aizraut\u012bbu un n\u0101kotn\u0113 (n\u0101kotn\u0113).<br \/>\nDa\u017eas e\u013c\u013cas var b\u016bt \u013coti toksiskas ka\u0137iem. Tie ietver citrusaug\u013cu e\u013c\u013cas, kas nav terapeitiskas kvalit\u0101tes! L\u016bdzu, konsult\u0113jieties ar savu veterin\u0101r\u0101rstu, ja neesat p\u0101rliecin\u0101ts, vai varat izmantot \u0113terisko e\u013c\u013cu savam veterin\u0101r\u0101rstam.<\/p>\n<p>Piesardz\u012bbas pas\u0101kumi:<\/p>\n<p>Izmantojiet tikai terapeitisku e\u013c\u013cu<br \/>\nm\u0113s \u0161\u0137irties 1: 1 ar augu e\u013c\u013cu vai ar e\u013c\u013cu V-6<br \/>\ne\u013c\u013ca tiek uzskat\u012bta par dro\u0161u (GRAS) iek\u0161\u0113jai lieto\u0161anai FDA<br \/>\nja uzkl\u0101j uz \u0101das t\u012br\u0101 form\u0101, neliela dedzino\u0161a saj\u016bta 1-3 min\u016b\u0161u laik\u0101, reakcija ir dabiska<br \/>\nglab\u0101t b\u0113rniem nepieejam\u0101 viet\u0101<br \/>\nnosl\u0113gt\u0101 iepakojuma der\u012bguma termi\u0146\u0161 nav ierobe\u017eots<br \/>\n\u0112terisk\u0101 e\u013c\u013ca Jasmin ir da\u013ca: mostamies, skaidr\u012bba, Dragon Time Dragon Laiks Bath &#038; Shower Gel, Dragon laiks, mas\u0101\u017eas e\u013c\u013cas, Vakara Miera Bath &#038; Shower Gel, Piedo\u0161ana, Genesis Roku un \u0137erme\u0146a losjons, Maiga Baby, Harmony, visliel\u0101kais potenci\u0101ls, Inner Child , n\u0101kotn\u0113, Joy, Lady Sclareol, lavanda Volume Kondicionieris, lavanda Volume Shampoo, Sensation Roku un \u0137erme\u0146a losjons, Sensation Mas\u0101\u017eas e\u013c\u013cas un Sensation Bath &#038; Shower Gel<\/p>\n<p>Papildu \u0113terisk\u0101s e\u013c\u013cas: v\u012bbotne, citrona, limett, melnie pipari, ciedra, Leuzea, major\u0101ns, piparm\u0113tra, Neroli, Petit Grain, ro\u017eu, sandalkoka, citronz\u0101le.<\/p>\n","protected":false},"excerpt":{"rendered":"<p>Jasmine. Jasminum officinale. Jasmine Bot\u0101nisk\u0101 \u0123imene: Oleaceae (ol\u012bvu) Izcelsmes valsts: Indija Akt\u012bv\u0101s vielas: Benzilacet\u0101ts (18-28%) Benzilbenzo\u0101ts (14-21%) Linalols (3-8%) Fitols<\/p>\n","protected":false},"featured_media":17145,"template":"","meta":[],"product_brand":[],"product_cat":[2186,2193],"product_tag":[],"class_list":{"0":"post-34683","1":"product","2":"type-product","3":"status-publish","4":"has-post-thumbnail","6":"product_cat-young-living-eteriskas-ellas-un-kosmetika-augstas-kvalitates","7":"product_cat-eteriskas-ellas-lv","9":"first","10":"instock","11":"taxable","12":"shipping-taxable","13":"purchasable","14":"product-type-simple"},"yoast_head":"<!-- This site is optimized with the Yoast SEO Premium plugin v27.0 (Yoast SEO v27.0) - https:\/\/yoast.com\/product\/yoast-seo-premium-wordpress\/ -->\n<title>JASMINE 5ml - cosmetic.lv<\/title>\n<meta name=\"robots\" content=\"index, follow, max-snippet:-1, max-image-preview:large, max-video-preview:-1\" \/>\n<link rel=\"canonical\" href=\"https:\/\/cosmetic.lv\/lv\/product\/jasmine-5ml\/\" \/>\n<meta property=\"og:locale\" content=\"lv_LV\" \/>\n<meta property=\"og:type\" content=\"article\" \/>\n<meta property=\"og:title\" content=\"JASMINE 5ml\" \/>\n<meta property=\"og:description\" content=\"Jasmine. Jasminum officinale. Jasmine Bot\u0101nisk\u0101 \u0123imene: Oleaceae (ol\u012bvu) Izcelsmes valsts: Indija Akt\u012bv\u0101s vielas: Benzilacet\u0101ts (18-28%) Benzilbenzo\u0101ts (14-21%) Linalols (3-8%) Fitols\" \/>\n<meta property=\"og:url\" content=\"https:\/\/cosmetic.lv\/lv\/product\/jasmine-5ml\/\" \/>\n<meta property=\"og:site_name\" content=\"cosmetic.lv\" \/>\n<meta property=\"article:publisher\" content=\"https:\/\/www.facebook.com\/cosmetic.lv\/\" \/>\n<meta property=\"article:modified_time\" content=\"2021-02-11T20:53:08+00:00\" \/>\n<meta property=\"og:image\" content=\"https:\/\/cosmetic.lv\/wp-content\/uploads\/2021\/02\/jasmine-s-4.jpg\" \/>\n\t<meta property=\"og:image:width\" content=\"97\" \/>\n\t<meta property=\"og:image:height\" content=\"240\" \/>\n\t<meta property=\"og:image:type\" content=\"image\/jpeg\" \/>\n<meta name=\"twitter:card\" content=\"summary_large_image\" \/>\n<script type=\"application\/ld+json\" class=\"yoast-schema-graph\">{\"@context\":\"https:\/\/schema.org\",\"@graph\":[{\"@type\":\"WebPage\",\"@id\":\"https:\/\/cosmetic.lv\/lv\/product\/jasmine-5ml\/\",\"url\":\"https:\/\/cosmetic.lv\/lv\/product\/jasmine-5ml\/\",\"name\":\"JASMINE 5ml - cosmetic.lv\",\"isPartOf\":{\"@id\":\"https:\/\/cosmetic.lv\/lv\/#website\"},\"primaryImageOfPage\":{\"@id\":\"https:\/\/cosmetic.lv\/lv\/product\/jasmine-5ml\/#primaryimage\"},\"image\":{\"@id\":\"https:\/\/cosmetic.lv\/lv\/product\/jasmine-5ml\/#primaryimage\"},\"thumbnailUrl\":\"https:\/\/cosmetic.lv\/wp-content\/uploads\/2021\/02\/jasmine-s-4.jpg\",\"datePublished\":\"2021-02-06T17:56:08+00:00\",\"dateModified\":\"2021-02-11T20:53:08+00:00\",\"breadcrumb\":{\"@id\":\"https:\/\/cosmetic.lv\/lv\/product\/jasmine-5ml\/#breadcrumb\"},\"inLanguage\":\"lv-LV\",\"potentialAction\":[{\"@type\":\"ReadAction\",\"target\":[\"https:\/\/cosmetic.lv\/lv\/product\/jasmine-5ml\/\"]}]},{\"@type\":\"ImageObject\",\"inLanguage\":\"lv-LV\",\"@id\":\"https:\/\/cosmetic.lv\/lv\/product\/jasmine-5ml\/#primaryimage\",\"url\":\"https:\/\/cosmetic.lv\/wp-content\/uploads\/2021\/02\/jasmine-s-4.jpg\",\"contentUrl\":\"https:\/\/cosmetic.lv\/wp-content\/uploads\/2021\/02\/jasmine-s-4.jpg\",\"width\":97,\"height\":240,\"caption\":\"jasmine-s.jpg\"},{\"@type\":\"BreadcrumbList\",\"@id\":\"https:\/\/cosmetic.lv\/lv\/product\/jasmine-5ml\/#breadcrumb\",\"itemListElement\":[{\"@type\":\"ListItem\",\"position\":1,\"name\":\"Home\",\"item\":\"https:\/\/cosmetic.lv\/lv\/\"},{\"@type\":\"ListItem\",\"position\":2,\"name\":\"Veikals\",\"item\":\"https:\/\/cosmetic.lv\/lv\/veiklas\/\"},{\"@type\":\"ListItem\",\"position\":3,\"name\":\"JASMINE 5ml\"}]},{\"@type\":\"WebSite\",\"@id\":\"https:\/\/cosmetic.lv\/lv\/#website\",\"url\":\"https:\/\/cosmetic.lv\/lv\/\",\"name\":\"cosmetic.lv\",\"description\":\"Profesion\u0101la kosm\u0113tika - Maria Galland, Keune, Arkadija, GMT, Guam, Magiray\",\"publisher\":{\"@id\":\"https:\/\/cosmetic.lv\/lv\/#organization\"},\"potentialAction\":[{\"@type\":\"SearchAction\",\"target\":{\"@type\":\"EntryPoint\",\"urlTemplate\":\"https:\/\/cosmetic.lv\/lv\/?s={search_term_string}\"},\"query-input\":{\"@type\":\"PropertyValueSpecification\",\"valueRequired\":true,\"valueName\":\"search_term_string\"}}],\"inLanguage\":\"lv-LV\"},{\"@type\":\"Organization\",\"@id\":\"https:\/\/cosmetic.lv\/lv\/#organization\",\"name\":\"COSMETIC.LV\",\"url\":\"https:\/\/cosmetic.lv\/lv\/\",\"logo\":{\"@type\":\"ImageObject\",\"inLanguage\":\"lv-LV\",\"@id\":\"https:\/\/cosmetic.lv\/lv\/#\/schema\/logo\/image\/\",\"url\":\"https:\/\/cosmetic.lv\/wp-content\/uploads\/2021\/02\/cosmetic.lv_logo.jpg\",\"contentUrl\":\"https:\/\/cosmetic.lv\/wp-content\/uploads\/2021\/02\/cosmetic.lv_logo.jpg\",\"width\":596,\"height\":196,\"caption\":\"COSMETIC.LV\"},\"image\":{\"@id\":\"https:\/\/cosmetic.lv\/lv\/#\/schema\/logo\/image\/\"},\"sameAs\":[\"https:\/\/www.facebook.com\/cosmetic.lv\/\"]}]}<\/script>\n<meta property=\"product:price:amount\" content=\"145.00\" \/>\n<meta property=\"product:price:currency\" content=\"EUR\" \/>\n<meta property=\"og:availability\" content=\"instock\" \/>\n<meta property=\"product:availability\" content=\"instock\" \/>\n<meta property=\"product:retailer_item_id\" content=\"356908\" \/>\n<meta property=\"product:condition\" content=\"new\" \/>\n<!-- \/ Yoast SEO Premium plugin. -->","yoast_head_json":{"title":"JASMINE 5ml - cosmetic.lv","robots":{"index":"index","follow":"follow","max-snippet":"max-snippet:-1","max-image-preview":"max-image-preview:large","max-video-preview":"max-video-preview:-1"},"canonical":"https:\/\/cosmetic.lv\/lv\/product\/jasmine-5ml\/","og_locale":"lv_LV","og_type":"article","og_title":"JASMINE 5ml","og_description":"Jasmine. Jasminum officinale. Jasmine Bot\u0101nisk\u0101 \u0123imene: Oleaceae (ol\u012bvu) Izcelsmes valsts: Indija Akt\u012bv\u0101s vielas: Benzilacet\u0101ts (18-28%) Benzilbenzo\u0101ts (14-21%) Linalols (3-8%) Fitols","og_url":"https:\/\/cosmetic.lv\/lv\/product\/jasmine-5ml\/","og_site_name":"cosmetic.lv","article_publisher":"https:\/\/www.facebook.com\/cosmetic.lv\/","article_modified_time":"2021-02-11T20:53:08+00:00","og_image":[{"width":97,"height":240,"url":"https:\/\/cosmetic.lv\/wp-content\/uploads\/2021\/02\/jasmine-s-4.jpg","type":"image\/jpeg"}],"twitter_card":"summary_large_image","schema":{"@context":"https:\/\/schema.org","@graph":[{"@type":"WebPage","@id":"https:\/\/cosmetic.lv\/lv\/product\/jasmine-5ml\/","url":"https:\/\/cosmetic.lv\/lv\/product\/jasmine-5ml\/","name":"JASMINE 5ml - cosmetic.lv","isPartOf":{"@id":"https:\/\/cosmetic.lv\/lv\/#website"},"primaryImageOfPage":{"@id":"https:\/\/cosmetic.lv\/lv\/product\/jasmine-5ml\/#primaryimage"},"image":{"@id":"https:\/\/cosmetic.lv\/lv\/product\/jasmine-5ml\/#primaryimage"},"thumbnailUrl":"https:\/\/cosmetic.lv\/wp-content\/uploads\/2021\/02\/jasmine-s-4.jpg","datePublished":"2021-02-06T17:56:08+00:00","dateModified":"2021-02-11T20:53:08+00:00","breadcrumb":{"@id":"https:\/\/cosmetic.lv\/lv\/product\/jasmine-5ml\/#breadcrumb"},"inLanguage":"lv-LV","potentialAction":[{"@type":"ReadAction","target":["https:\/\/cosmetic.lv\/lv\/product\/jasmine-5ml\/"]}]},{"@type":"ImageObject","inLanguage":"lv-LV","@id":"https:\/\/cosmetic.lv\/lv\/product\/jasmine-5ml\/#primaryimage","url":"https:\/\/cosmetic.lv\/wp-content\/uploads\/2021\/02\/jasmine-s-4.jpg","contentUrl":"https:\/\/cosmetic.lv\/wp-content\/uploads\/2021\/02\/jasmine-s-4.jpg","width":97,"height":240,"caption":"jasmine-s.jpg"},{"@type":"BreadcrumbList","@id":"https:\/\/cosmetic.lv\/lv\/product\/jasmine-5ml\/#breadcrumb","itemListElement":[{"@type":"ListItem","position":1,"name":"Home","item":"https:\/\/cosmetic.lv\/lv\/"},{"@type":"ListItem","position":2,"name":"Veikals","item":"https:\/\/cosmetic.lv\/lv\/veiklas\/"},{"@type":"ListItem","position":3,"name":"JASMINE 5ml"}]},{"@type":"WebSite","@id":"https:\/\/cosmetic.lv\/lv\/#website","url":"https:\/\/cosmetic.lv\/lv\/","name":"cosmetic.lv","description":"Profesion\u0101la kosm\u0113tika - Maria Galland, Keune, Arkadija, GMT, Guam, Magiray","publisher":{"@id":"https:\/\/cosmetic.lv\/lv\/#organization"},"potentialAction":[{"@type":"SearchAction","target":{"@type":"EntryPoint","urlTemplate":"https:\/\/cosmetic.lv\/lv\/?s={search_term_string}"},"query-input":{"@type":"PropertyValueSpecification","valueRequired":true,"valueName":"search_term_string"}}],"inLanguage":"lv-LV"},{"@type":"Organization","@id":"https:\/\/cosmetic.lv\/lv\/#organization","name":"COSMETIC.LV","url":"https:\/\/cosmetic.lv\/lv\/","logo":{"@type":"ImageObject","inLanguage":"lv-LV","@id":"https:\/\/cosmetic.lv\/lv\/#\/schema\/logo\/image\/","url":"https:\/\/cosmetic.lv\/wp-content\/uploads\/2021\/02\/cosmetic.lv_logo.jpg","contentUrl":"https:\/\/cosmetic.lv\/wp-content\/uploads\/2021\/02\/cosmetic.lv_logo.jpg","width":596,"height":196,"caption":"COSMETIC.LV"},"image":{"@id":"https:\/\/cosmetic.lv\/lv\/#\/schema\/logo\/image\/"},"sameAs":["https:\/\/www.facebook.com\/cosmetic.lv\/"]}]},"product_price_amount":"145.00","product_price_currency":"EUR","og_availability":"instock","product_availability":"instock","product_retailer_item_id":"356908","product_condition":"new"},"_links":{"self":[{"href":"https:\/\/cosmetic.lv\/lv\/wp-json\/wp\/v2\/product\/34683","targetHints":{"allow":["GET"]}}],"collection":[{"href":"https:\/\/cosmetic.lv\/lv\/wp-json\/wp\/v2\/product"}],"about":[{"href":"https:\/\/cosmetic.lv\/lv\/wp-json\/wp\/v2\/types\/product"}],"wp:featuredmedia":[{"embeddable":true,"href":"https:\/\/cosmetic.lv\/lv\/wp-json\/wp\/v2\/media\/17145"}],"wp:attachment":[{"href":"https:\/\/cosmetic.lv\/lv\/wp-json\/wp\/v2\/media?parent=34683"}],"wp:term":[{"taxonomy":"product_brand","embeddable":true,"href":"https:\/\/cosmetic.lv\/lv\/wp-json\/wp\/v2\/product_brand?post=34683"},{"taxonomy":"product_cat","embeddable":true,"href":"https:\/\/cosmetic.lv\/lv\/wp-json\/wp\/v2\/product_cat?post=34683"},{"taxonomy":"product_tag","embeddable":true,"href":"https:\/\/cosmetic.lv\/lv\/wp-json\/wp\/v2\/product_tag?post=34683"}],"curies":[{"name":"wp","href":"https:\/\/api.w.org\/{rel}","templated":true}]}}