{"id":34685,"date":"2021-02-05T22:44:03","date_gmt":"2021-02-06T17:56:16","guid":{"rendered":"https:\/\/damme.lv\/product\/juniper-15ml\/"},"modified":"2021-02-11T22:53:04","modified_gmt":"2021-02-11T20:53:04","slug":"juniper-15ml","status":"publish","type":"product","link":"https:\/\/cosmetic.lv\/lv\/product\/juniper-15ml\/","title":{"rendered":"JUNIPER 15ml"},"content":{"rendered":"<p>Kadijs Juniperus osteosperma un J. scopulorum.<br \/>\nKadijs<br \/>\nBot\u0101nisk\u0101 \u0123imene: Cupressaceae (kiprese)<\/p>\n<p>Izcelsmes valsts: ASV, Juta<\/p>\n<p>Akt\u012bv\u0101s vielas:<\/p>\n<p>Alfa-pin\u0113ns (20-40%)<br \/>\nSabinene (3-18%)<br \/>\nM\u012br\u0113ns (1-6%)<br \/>\nKampars (10-18%)<br \/>\nLimon\u0113ns (3-8%)<br \/>\nBornilacet\u0101ts (12-20%)<br \/>\nTerpin\u0113na-4-ols (3-8%)<br \/>\nK\u0101ds ir ORAC indikators? 250 \u03bcTE \/ 100g!<\/p>\n<p>Kas ir ORAC? ORAC &#8211; ir sk\u0101bek\u013ca Radical absorbcijas diapazon\u0101 pas\u0101kumiem jaudas sp\u0113ju antioksidantiem vai absorb\u0113 br\u012bvos radik\u0101\u013cus. Vienk\u0101r\u0161\u0101 valod\u0101, tas noz\u012bm\u0113, ka zin\u0101tnisko j\u0113dzienu cik labi viela pal\u012bdz manu \u0137ermeni, lai risin\u0101tu ar t\u0101diem trauc\u0113jumiem, k\u0101 v\u0113zis, sirds un asinsvadu slim\u012bb\u0101m, hronisk\u0101m slim\u012bb\u0101m, org\u0101nos un audos. T\u0101 tika ieviesta p\u0113tnieki no Valsts instit\u016bta Noveco\u0161ana pie National Institutes of Health (NIH) Baltimore, ASV.<\/p>\n<p>Ra\u017eo\u0161anas metode: tvaika destil\u0101cija no virszemes augu da\u013c\u0101m<\/p>\n<p>V\u0113sturisk\u0101 inform\u0101cija: Kadagiju ogas atrada aizv\u0113sturisk\u0101s viet\u0101s pie \u0160veices ezeriem. Tas bija viens no pirmajiem augiem, ko izmanto cilv\u0113ks!<\/p>\n<p>Paketes kadi\u0137u ogas, viduslaikos, kar\u0101j\u0101s durv\u012bm, lai atvair\u012btu raganas un \u013caunos garus. Gadsimtiem ilgi, kadi\u0137i ir ticis izmantots k\u0101 diur\u0113tisku, galvass\u0101pes, artr\u012btu un infekcijas slim\u012bb\u0101m. V\u0113l nesen, pal\u0101t\u0101s slimn\u012bcu dega Francijas fili\u0101les un kadi\u0137u rozmar\u012bna, lai pasarg\u0101tu sevi no infic\u0113\u0161an\u0101s.<\/p>\n<p>\u0100rstnieciskas \u012bpa\u0161\u012bbas: antiseptiska, savelko\u0161a, \u0101das, veic detoksik\u0101ciju, detoxifies, mazg\u0101 limf\u0101tisko sist\u0113mu, gremo\u0161anas stimulators, att\u012bra aknas toks\u012bni, diur\u0113ti\u0137is, stimul\u0113jot asinsriti \u0161\u0137idruma caur nier\u0113m, veicina nervu re\u0123ener\u0101cijas.<\/p>\n<p>Kadagiju \u0113terisk\u0101 e\u013c\u013ca ir piem\u0113rota jebkura veida \u0101das kop\u0161anai. ir dziedino\u0161as \u012bpa\u0161\u012bbas, veicina asinsriti visos \u0101das sl\u0101\u0146os un no\u0146em toks\u012bnus un br\u012bvos radik\u0101\u013cus.<\/p>\n<p>K\u0101d\u0101 lieto slim\u012bbas: \u0101das slim\u012bbas (Akne, pinnes, ekz\u0113ma, raudo\u0161s ekz\u0113ma, \u010d\u016blas, \u010d\u016blas, dermat\u012btu, psori\u0101zes, plaisas, taukainas \u0101das un citu iekaisums), nieru slim\u012bbas (uzlabo asinsriti un izvada toks\u012bnus, nierakme\u0146i), infekcija, ur\u012bnp\u016b\u0161\u013ca un ur\u012bnce\u013cu, aknu slim\u012bbas, aknu darb\u012bbas trauc\u0113jumiem, celul\u012btu, podagra, reimatisms (izvada toks\u012bnus un ur\u012bnsk\u0101bi), un atjauno funkciju nervu re\u0123ener\u0101cijas, celul\u012btu, varikoz\u0101s v\u0113nas, t\u016bska, \u0161\u0137idruma aizturi organi \u010d\u016bska<\/p>\n<p>Gar\u012bga un emocion\u0101la ietekme: e\u013c\u013ca pal\u012bdz atbr\u012bvoties sev, ja j\u016btaties nom\u0101kts, nedro\u0161s, dusm\u0101s. Atbr\u012bvo\u0161ana no \u0161\u012bm emocij\u0101m pal\u012bdz\u0113s saska\u0146ot, sajust pasauli Dv\u0113sel\u0113, b\u016bt tuv\u0101k dievi\u0161\u0137ai. Tas rada mums saj\u016btu aizsardz\u012bbu un dro\u0161\u012bbu uz \u013coti dzi\u013c\u0101 l\u012bmen\u012b &#8211; tad ar atbalstu viegl\u0101k mums virz\u012bties uz priek\u0161u.<\/p>\n<p>\u0112terisk\u0101 e\u013c\u013ca pal\u012bdz atpaz\u012bt melus un uzlabo savu atteikumu, palielina izpratni par dievi\u0161\u0137o dabu, \u013cauj mums rast izeju no jebkuras situ\u0101cijas, tas pal\u012bdz att\u012bst\u012bt \u012bpa\u0161\u012bbas takts, dev\u012bba godu, varon\u012bba.<\/p>\n<p>Ietekme uz pr\u0101tu: \u0161is saldais un muskusa arom\u0101ts uztur un rada mieru.<\/p>\n<p>Lieto\u0161ana un doz\u0113\u0161ana:<\/p>\n<p>m\u0113s \u0161\u0137irties 1: 1 ar augu e\u013c\u013cu vai ar e\u013c\u013cu V-6<br \/>\nvar izmantot t\u012br\u0101 veid\u0101<br \/>\ne\u013c\u013ca tiek uzskat\u012bta par dro\u0161u (GRAS) iek\u0161\u0113jai lieto\u0161anai FDA<br \/>\nuzkl\u0101jiet 1-3 pilienus s\u0101p\u012bgaj\u0101 viet\u0101<br \/>\niek\u0161\u0137\u012bgai lieto\u0161anai, ievietojiet kapsul\u0101 2 reizes dien\u0101, ja nepiecie\u0161ams<br \/>\nuz Vita Flex piestiprin\u0101\u0161anas viet\u0101m &#8211; Raindrop Technique mas\u0101\u017ea &#8211; e\u013c\u013cu pielieto\u0161ana p\u0113c sl\u0101\u0146a<br \/>\nieelpot no plaukst\u0101m vai no pudeles &#8211;<br \/>\n5-8 pilieni Diffusor\u0101, 30 min\u016btes 3 reizes dien\u0101 vai p\u0113c nepiecie\u0161am\u012bbas<br \/>\nvann\u0101 5-6 pilienus uz emulgatora<br \/>\nKosm\u0113tikas bag\u0101tin\u0101\u0161ana: 2 pilieni uz 10 ml pamatnes<br \/>\nLieto\u0161ana m\u0101jdz\u012bvniekiem: J\u0101, var lietot \u0101dai.<br \/>\nDa\u017eas e\u013c\u013cas var b\u016bt \u013coti toksiskas ka\u0137iem. Tie ietver citrusaug\u013cu e\u013c\u013cas, kas nav terapeitiskas kvalit\u0101tes! L\u016bdzu, konsult\u0113jieties ar savu veterin\u0101r\u0101rstu, ja neesat p\u0101rliecin\u0101ts, vai varat izmantot \u0113terisko e\u013c\u013cu savam veterin\u0101r\u0101rstam.<\/p>\n<p>Piesardz\u012bbas pas\u0101kumi:<\/p>\n<p>Izmantojiet tikai terapeitisku e\u013c\u013cu<br \/>\nm\u0113s \u0161\u0137irties 1: 1 ar augu e\u013c\u013cu vai ar e\u013c\u013cu V-6<br \/>\nvar izmantot t\u012br\u0101 veid\u0101<br \/>\ne\u013c\u013ca tiek uzskat\u012bta par dro\u0161u (GRAS) iek\u0161\u0113jai lieto\u0161anai FDA<br \/>\nB\u0113rniem l\u012bdz 6 gadu vecumam nevajadz\u0113tu lietot e\u013c\u013cu k\u0101 p\u0101rtikas piedevu<br \/>\nja uzkl\u0101j uz \u0101das t\u012br\u0101 form\u0101, neliela dedzino\u0161a saj\u016bta 1-3 min\u016b\u0161u laik\u0101, reakcija ir dabiska<br \/>\nglab\u0101t b\u0113rniem nepieejam\u0101 viet\u0101<br \/>\nnosl\u0113gt\u0101 iepakojuma der\u012bguma termi\u0146\u0161 nav ierobe\u017eots<br \/>\n\u0112terisk\u0101 e\u013c\u013ca ir da\u013ca no 3 Viedo, mostamies, Cel-Lite Magic Mas\u0101\u017eas e\u013c\u013ca, Di-G\u012bze, Dream Catcher, En-R Gee, iezem\u0113\u0161ana, Cer\u012bba, n\u0101kotn\u0113, K &#038; B, Morning Start Bar Ziepes, Morning Start Bath &#038; Du\u0161as \u017eeleja, orto mas\u0101\u017eas e\u013c\u013ca<\/p>\n<p>Papildu \u0113terisk\u0101s e\u013c\u013cas: \u0122er\u0101nijas, Orange, Bigard, bergamotes, priede, ciedrs, ciprese, mirres, sandalkoka, v\u012braku, vetiv\u0113riju, pa\u010d\u016blija, timi\u0101ns (timi\u0101ns), lauru, krustnagli\u0146as, ingvers, kan\u0113lis, major\u0101ns, lavanda, mirres, muskatrieksts, melnie pipari, egle, citronella.<\/p>\n","protected":false},"excerpt":{"rendered":"<p>Kadijs Juniperus osteosperma un J. scopulorum. Kadijs Bot\u0101nisk\u0101 \u0123imene: Cupressaceae (kiprese) Izcelsmes valsts: ASV, Juta Akt\u012bv\u0101s vielas: Alfa-pin\u0113ns (20-40%) Sabinene<\/p>\n","protected":false},"featured_media":17151,"template":"","meta":[],"product_brand":[],"product_cat":[2186,2193],"product_tag":[],"class_list":{"0":"post-34685","1":"product","2":"type-product","3":"status-publish","4":"has-post-thumbnail","6":"product_cat-young-living-eteriskas-ellas-un-kosmetika-augstas-kvalitates","7":"product_cat-eteriskas-ellas-lv","9":"first","10":"instock","11":"taxable","12":"shipping-taxable","13":"purchasable","14":"product-type-simple"},"yoast_head":"<!-- This site is optimized with the Yoast SEO Premium plugin v27.0 (Yoast SEO v27.0) - https:\/\/yoast.com\/product\/yoast-seo-premium-wordpress\/ -->\n<title>JUNIPER 15ml - cosmetic.lv<\/title>\n<meta name=\"robots\" content=\"index, follow, max-snippet:-1, max-image-preview:large, max-video-preview:-1\" \/>\n<link rel=\"canonical\" href=\"https:\/\/cosmetic.lv\/lv\/product\/juniper-15ml\/\" \/>\n<meta property=\"og:locale\" content=\"lv_LV\" \/>\n<meta property=\"og:type\" content=\"article\" \/>\n<meta property=\"og:title\" content=\"JUNIPER 15ml\" \/>\n<meta property=\"og:description\" content=\"Kadijs Juniperus osteosperma un J. scopulorum. Kadijs Bot\u0101nisk\u0101 \u0123imene: Cupressaceae (kiprese) Izcelsmes valsts: ASV, Juta Akt\u012bv\u0101s vielas: Alfa-pin\u0113ns (20-40%) Sabinene\" \/>\n<meta property=\"og:url\" content=\"https:\/\/cosmetic.lv\/lv\/product\/juniper-15ml\/\" \/>\n<meta property=\"og:site_name\" content=\"cosmetic.lv\" \/>\n<meta property=\"article:publisher\" content=\"https:\/\/www.facebook.com\/cosmetic.lv\/\" \/>\n<meta property=\"article:modified_time\" content=\"2021-02-11T20:53:04+00:00\" \/>\n<meta property=\"og:image\" content=\"https:\/\/cosmetic.lv\/wp-content\/uploads\/2021\/02\/juniper-s-4.jpg\" \/>\n\t<meta property=\"og:image:width\" content=\"100\" \/>\n\t<meta property=\"og:image:height\" content=\"240\" \/>\n\t<meta property=\"og:image:type\" content=\"image\/jpeg\" \/>\n<meta name=\"twitter:card\" content=\"summary_large_image\" \/>\n<script type=\"application\/ld+json\" class=\"yoast-schema-graph\">{\"@context\":\"https:\/\/schema.org\",\"@graph\":[{\"@type\":\"WebPage\",\"@id\":\"https:\/\/cosmetic.lv\/lv\/product\/juniper-15ml\/\",\"url\":\"https:\/\/cosmetic.lv\/lv\/product\/juniper-15ml\/\",\"name\":\"JUNIPER 15ml - cosmetic.lv\",\"isPartOf\":{\"@id\":\"https:\/\/cosmetic.lv\/lv\/#website\"},\"primaryImageOfPage\":{\"@id\":\"https:\/\/cosmetic.lv\/lv\/product\/juniper-15ml\/#primaryimage\"},\"image\":{\"@id\":\"https:\/\/cosmetic.lv\/lv\/product\/juniper-15ml\/#primaryimage\"},\"thumbnailUrl\":\"https:\/\/cosmetic.lv\/wp-content\/uploads\/2021\/02\/juniper-s-4.jpg\",\"datePublished\":\"2021-02-06T17:56:16+00:00\",\"dateModified\":\"2021-02-11T20:53:04+00:00\",\"breadcrumb\":{\"@id\":\"https:\/\/cosmetic.lv\/lv\/product\/juniper-15ml\/#breadcrumb\"},\"inLanguage\":\"lv-LV\",\"potentialAction\":[{\"@type\":\"ReadAction\",\"target\":[\"https:\/\/cosmetic.lv\/lv\/product\/juniper-15ml\/\"]}]},{\"@type\":\"ImageObject\",\"inLanguage\":\"lv-LV\",\"@id\":\"https:\/\/cosmetic.lv\/lv\/product\/juniper-15ml\/#primaryimage\",\"url\":\"https:\/\/cosmetic.lv\/wp-content\/uploads\/2021\/02\/juniper-s-4.jpg\",\"contentUrl\":\"https:\/\/cosmetic.lv\/wp-content\/uploads\/2021\/02\/juniper-s-4.jpg\",\"width\":100,\"height\":240,\"caption\":\"juniper-s.jpg\"},{\"@type\":\"BreadcrumbList\",\"@id\":\"https:\/\/cosmetic.lv\/lv\/product\/juniper-15ml\/#breadcrumb\",\"itemListElement\":[{\"@type\":\"ListItem\",\"position\":1,\"name\":\"Home\",\"item\":\"https:\/\/cosmetic.lv\/lv\/\"},{\"@type\":\"ListItem\",\"position\":2,\"name\":\"Veikals\",\"item\":\"https:\/\/cosmetic.lv\/lv\/veiklas\/\"},{\"@type\":\"ListItem\",\"position\":3,\"name\":\"JUNIPER 15ml\"}]},{\"@type\":\"WebSite\",\"@id\":\"https:\/\/cosmetic.lv\/lv\/#website\",\"url\":\"https:\/\/cosmetic.lv\/lv\/\",\"name\":\"cosmetic.lv\",\"description\":\"Profesion\u0101la kosm\u0113tika - Maria Galland, Keune, Arkadija, GMT, Guam, Magiray\",\"publisher\":{\"@id\":\"https:\/\/cosmetic.lv\/lv\/#organization\"},\"potentialAction\":[{\"@type\":\"SearchAction\",\"target\":{\"@type\":\"EntryPoint\",\"urlTemplate\":\"https:\/\/cosmetic.lv\/lv\/?s={search_term_string}\"},\"query-input\":{\"@type\":\"PropertyValueSpecification\",\"valueRequired\":true,\"valueName\":\"search_term_string\"}}],\"inLanguage\":\"lv-LV\"},{\"@type\":\"Organization\",\"@id\":\"https:\/\/cosmetic.lv\/lv\/#organization\",\"name\":\"COSMETIC.LV\",\"url\":\"https:\/\/cosmetic.lv\/lv\/\",\"logo\":{\"@type\":\"ImageObject\",\"inLanguage\":\"lv-LV\",\"@id\":\"https:\/\/cosmetic.lv\/lv\/#\/schema\/logo\/image\/\",\"url\":\"https:\/\/cosmetic.lv\/wp-content\/uploads\/2021\/02\/cosmetic.lv_logo.jpg\",\"contentUrl\":\"https:\/\/cosmetic.lv\/wp-content\/uploads\/2021\/02\/cosmetic.lv_logo.jpg\",\"width\":596,\"height\":196,\"caption\":\"COSMETIC.LV\"},\"image\":{\"@id\":\"https:\/\/cosmetic.lv\/lv\/#\/schema\/logo\/image\/\"},\"sameAs\":[\"https:\/\/www.facebook.com\/cosmetic.lv\/\"]}]}<\/script>\n<meta property=\"product:price:amount\" content=\"67.28\" \/>\n<meta property=\"product:price:currency\" content=\"EUR\" \/>\n<meta property=\"og:availability\" content=\"instock\" \/>\n<meta property=\"product:availability\" content=\"instock\" \/>\n<meta property=\"product:retailer_item_id\" content=\"357208\" \/>\n<meta property=\"product:condition\" content=\"new\" \/>\n<!-- \/ Yoast SEO Premium plugin. -->","yoast_head_json":{"title":"JUNIPER 15ml - cosmetic.lv","robots":{"index":"index","follow":"follow","max-snippet":"max-snippet:-1","max-image-preview":"max-image-preview:large","max-video-preview":"max-video-preview:-1"},"canonical":"https:\/\/cosmetic.lv\/lv\/product\/juniper-15ml\/","og_locale":"lv_LV","og_type":"article","og_title":"JUNIPER 15ml","og_description":"Kadijs Juniperus osteosperma un J. scopulorum. Kadijs Bot\u0101nisk\u0101 \u0123imene: Cupressaceae (kiprese) Izcelsmes valsts: ASV, Juta Akt\u012bv\u0101s vielas: Alfa-pin\u0113ns (20-40%) Sabinene","og_url":"https:\/\/cosmetic.lv\/lv\/product\/juniper-15ml\/","og_site_name":"cosmetic.lv","article_publisher":"https:\/\/www.facebook.com\/cosmetic.lv\/","article_modified_time":"2021-02-11T20:53:04+00:00","og_image":[{"width":100,"height":240,"url":"https:\/\/cosmetic.lv\/wp-content\/uploads\/2021\/02\/juniper-s-4.jpg","type":"image\/jpeg"}],"twitter_card":"summary_large_image","schema":{"@context":"https:\/\/schema.org","@graph":[{"@type":"WebPage","@id":"https:\/\/cosmetic.lv\/lv\/product\/juniper-15ml\/","url":"https:\/\/cosmetic.lv\/lv\/product\/juniper-15ml\/","name":"JUNIPER 15ml - cosmetic.lv","isPartOf":{"@id":"https:\/\/cosmetic.lv\/lv\/#website"},"primaryImageOfPage":{"@id":"https:\/\/cosmetic.lv\/lv\/product\/juniper-15ml\/#primaryimage"},"image":{"@id":"https:\/\/cosmetic.lv\/lv\/product\/juniper-15ml\/#primaryimage"},"thumbnailUrl":"https:\/\/cosmetic.lv\/wp-content\/uploads\/2021\/02\/juniper-s-4.jpg","datePublished":"2021-02-06T17:56:16+00:00","dateModified":"2021-02-11T20:53:04+00:00","breadcrumb":{"@id":"https:\/\/cosmetic.lv\/lv\/product\/juniper-15ml\/#breadcrumb"},"inLanguage":"lv-LV","potentialAction":[{"@type":"ReadAction","target":["https:\/\/cosmetic.lv\/lv\/product\/juniper-15ml\/"]}]},{"@type":"ImageObject","inLanguage":"lv-LV","@id":"https:\/\/cosmetic.lv\/lv\/product\/juniper-15ml\/#primaryimage","url":"https:\/\/cosmetic.lv\/wp-content\/uploads\/2021\/02\/juniper-s-4.jpg","contentUrl":"https:\/\/cosmetic.lv\/wp-content\/uploads\/2021\/02\/juniper-s-4.jpg","width":100,"height":240,"caption":"juniper-s.jpg"},{"@type":"BreadcrumbList","@id":"https:\/\/cosmetic.lv\/lv\/product\/juniper-15ml\/#breadcrumb","itemListElement":[{"@type":"ListItem","position":1,"name":"Home","item":"https:\/\/cosmetic.lv\/lv\/"},{"@type":"ListItem","position":2,"name":"Veikals","item":"https:\/\/cosmetic.lv\/lv\/veiklas\/"},{"@type":"ListItem","position":3,"name":"JUNIPER 15ml"}]},{"@type":"WebSite","@id":"https:\/\/cosmetic.lv\/lv\/#website","url":"https:\/\/cosmetic.lv\/lv\/","name":"cosmetic.lv","description":"Profesion\u0101la kosm\u0113tika - Maria Galland, Keune, Arkadija, GMT, Guam, Magiray","publisher":{"@id":"https:\/\/cosmetic.lv\/lv\/#organization"},"potentialAction":[{"@type":"SearchAction","target":{"@type":"EntryPoint","urlTemplate":"https:\/\/cosmetic.lv\/lv\/?s={search_term_string}"},"query-input":{"@type":"PropertyValueSpecification","valueRequired":true,"valueName":"search_term_string"}}],"inLanguage":"lv-LV"},{"@type":"Organization","@id":"https:\/\/cosmetic.lv\/lv\/#organization","name":"COSMETIC.LV","url":"https:\/\/cosmetic.lv\/lv\/","logo":{"@type":"ImageObject","inLanguage":"lv-LV","@id":"https:\/\/cosmetic.lv\/lv\/#\/schema\/logo\/image\/","url":"https:\/\/cosmetic.lv\/wp-content\/uploads\/2021\/02\/cosmetic.lv_logo.jpg","contentUrl":"https:\/\/cosmetic.lv\/wp-content\/uploads\/2021\/02\/cosmetic.lv_logo.jpg","width":596,"height":196,"caption":"COSMETIC.LV"},"image":{"@id":"https:\/\/cosmetic.lv\/lv\/#\/schema\/logo\/image\/"},"sameAs":["https:\/\/www.facebook.com\/cosmetic.lv\/"]}]},"product_price_amount":"67.28","product_price_currency":"EUR","og_availability":"instock","product_availability":"instock","product_retailer_item_id":"357208","product_condition":"new"},"_links":{"self":[{"href":"https:\/\/cosmetic.lv\/lv\/wp-json\/wp\/v2\/product\/34685","targetHints":{"allow":["GET"]}}],"collection":[{"href":"https:\/\/cosmetic.lv\/lv\/wp-json\/wp\/v2\/product"}],"about":[{"href":"https:\/\/cosmetic.lv\/lv\/wp-json\/wp\/v2\/types\/product"}],"wp:featuredmedia":[{"embeddable":true,"href":"https:\/\/cosmetic.lv\/lv\/wp-json\/wp\/v2\/media\/17151"}],"wp:attachment":[{"href":"https:\/\/cosmetic.lv\/lv\/wp-json\/wp\/v2\/media?parent=34685"}],"wp:term":[{"taxonomy":"product_brand","embeddable":true,"href":"https:\/\/cosmetic.lv\/lv\/wp-json\/wp\/v2\/product_brand?post=34685"},{"taxonomy":"product_cat","embeddable":true,"href":"https:\/\/cosmetic.lv\/lv\/wp-json\/wp\/v2\/product_cat?post=34685"},{"taxonomy":"product_tag","embeddable":true,"href":"https:\/\/cosmetic.lv\/lv\/wp-json\/wp\/v2\/product_tag?post=34685"}],"curies":[{"name":"wp","href":"https:\/\/api.w.org\/{rel}","templated":true}]}}