{"id":34686,"date":"2021-02-05T22:44:03","date_gmt":"2021-02-06T17:56:16","guid":{"rendered":"https:\/\/damme.lv\/product\/lavender-15ml\/"},"modified":"2021-02-11T22:53:05","modified_gmt":"2021-02-11T20:53:05","slug":"lavender-15ml","status":"publish","type":"product","link":"https:\/\/cosmetic.lv\/lv\/product\/lavender-15ml\/","title":{"rendered":"LAVENDER 15ml"},"content":{"rendered":"<p>Lavanda Lavandula angustifolia.<br \/>\nLavanda<br \/>\nBot\u0101nisk\u0101 \u0123imene: Gubokula<\/p>\n<p>Izcelsmes valsts: Juta, Aidaho, Francija<\/p>\n<p>Akt\u012bv\u0101s vielas:<\/p>\n<p>Linalila acet\u0101ts (24-45%)<br \/>\nLinalols (25-38%)<br \/>\nCis-beta-Ocimene (4-10%)<br \/>\nTrans-beta Ociems (1,5-6%)<br \/>\nTerpin\u0113na-4-ols (2-6%)<br \/>\nK\u0101ds ir ORAC indikators? 360 \u03bcTE \/ 100g!<\/p>\n<p>Kas ir ORAC? ORAC &#8211; ir sk\u0101bek\u013ca Radical absorbcijas diapazon\u0101 pas\u0101kumiem jaudas sp\u0113ju antioksidantiem vai absorb\u0113 br\u012bvos radik\u0101\u013cus. Vienk\u0101r\u0161\u0101 valod\u0101, tas noz\u012bm\u0113, ka zin\u0101tnisko j\u0113dzienu cik labi viela pal\u012bdz manu \u0137ermeni, lai risin\u0101tu ar t\u0101diem trauc\u0113jumiem, k\u0101 v\u0113zis, sirds un asinsvadu slim\u012bb\u0101m, hronisk\u0101m slim\u012bb\u0101m, org\u0101nos un audos. T\u0101 tika ieviesta p\u0113tnieki no Valsts instit\u016bta Noveco\u0161ana pie National Institutes of Health (NIH) Baltimore, ASV.<\/p>\n<p>Ra\u017eo\u0161anas metode: tvaiku destil\u0101cija no ziedaugiem<\/p>\n<p>V\u0113sturisk\u0101 inform\u0101cija: fran\u010du zin\u0101tnieks Rene GATTEFOSSE (GATTEFOSSE) pirmo reizi atkl\u0101ja sp\u0113ju re\u0123ener\u0113jo\u0161u lavandas atjaunot audus un pa\u0101trin\u0101tu sadz\u012b\u0161anu br\u016bces, ja stingri obzhog roku spr\u0101dziena laboratorij\u0101 laik\u0101. \u0160odien lavandas ir viena no nedaudzaj\u0101m \u0113teriskaj\u0101m e\u013c\u013c\u0101m, kas v\u0113l atrodas Lielbrit\u0101nijas farmakopejas sarakst\u0101.<br \/>\n\u0160odien m\u0113s izmantojam t\u0113ju ar lavandas e\u013c\u013cu, lai nomierin\u0101tu un aizmigtu, lai atvieglotu depresiju un samazin\u0101tu stresu.<br \/>\nLavandas e\u013c\u013ca &#8211; ir viens no dro\u0161\u0101kajiem \u0113terisko e\u013c\u013cu, un to var izmantot uz \u0101das bez at\u0161\u0137aid\u012b\u0161anas par audu re\u0123ener\u0101ciju, br\u016b\u010du dz\u012b\u0161ana, t\u012br\u012b\u0161anas samazin\u0101jumiem, \u0101das kairin\u0101jums, traumu, diskomforts un s\u0101pes \u0137ermen\u012b.<\/p>\n<p>\u0100rstnieciskas \u012bpa\u0161\u012bbas: antiseptiska, prets\u0113n\u012b\u0161u, prets\u0101pju, pretaudz\u0113ju, pretkrampju, sosudorasshiryayusche, spazmol\u012btiskais, relaksantu, pretiekaisuma, att\u0101rpo\u0161anas, samazina holester\u012bna l\u012bmeni asin\u012bs, att\u012bra taukainu \u0101du no lieko sebum.<\/p>\n<p>Da\u017eos slim\u012bb\u0101m, lai izmantotu: elpo\u0161anas ce\u013cu infekcijas, augsts asinsspiediens, hipertensija, aterosklerozes, menstru\u0101ciju trauc\u0113jumi, PMS (PMS), bezmiegs, matu izkri\u0161ana, \u0101das slim\u012bbu (audu atjauno\u0161anai starpen\u0113, pinnes, ekz\u0113ma, psori\u0101ze, r\u0113tas, strijas), apdegumu , nervu spriedze.<\/p>\n<p>Gar\u012bg\u0101 un emocion\u0101l\u0101 ietekme: Naftas papla\u0161ina darb\u012bbas jomu, zin\u0101\u0161anas, paaugstina d\u0101vanu atp\u016btai, dod sp\u0113ku saist\u012bt darb\u012bbu kait\u012bgo programmu, piem\u0113ram, agresijas, dusmas, kairin\u0101jums, atjauno ener\u0123ijas \u0137ermeni.<\/p>\n<p>Nomierino\u0161s, relaks\u0113jo\u0161s un l\u012bdzsvarojo\u0161s, gan fiziski, gan emocion\u0101li. P\u0113t\u012bjumi Jap\u0101nas universit\u0101t\u0113 par\u0101d\u012bja, ka da\u017eu smar\u017eu izsmidzin\u0101\u0161ana biroj\u0101 daudzas reizes uzlabo gar\u012bgo precizit\u0101ti un koncentr\u0101ciju.<\/p>\n<p>Sprie\u017eot citronu \u0113terisk\u0101s e\u013c\u013cas k\u013c\u016bdas klas\u0113s k\u013c\u016bst par 54% maz\u0101ks, jasm\u012bns par 33%, lavandas par 20%.<\/p>\n<p>Kad eks\u0101menu laik\u0101 tiek uzsmidzin\u0101ta \u0113terisk\u0101 e\u013c\u013ca, nov\u0113rt\u0113jumi tiek uzlaboti par 50%. P\u0113t\u012bjumi ir dokument\u0113ti, ka koncentr\u0101cija un gar\u012bg\u0101 uztvere uzlabojas.<\/p>\n<p>P\u0113tnieki Maiami universit\u0101t\u0113 konstat\u0113ja, ka ieelpot lavandas e\u013c\u013cas pieauga beta vi\u013c\u0146iem smadzen\u0113s, palielinot relaks\u0101ciju, samazinot depresiju un uzlabotu kognit\u012bv\u0101s veiktsp\u0113ju (Diego 1998 et al.). P\u0113t\u012bjums tika veikts Universit\u0101t\u0113 Osaka 2001. Kuooki prkazali ka lavandas mazina gar\u012bgo stresu un palielin\u0101t modr\u012bbu (Motomura et 2001 al.).<\/p>\n<p>Jap\u0101n\u0101 vidusskola Chiba Universiti konstat\u0113ja, ka, izmantojot lavandas \u0113terisk\u0101s e\u013c\u013cas pazemina kortizola asins serum\u0101, tas nes tas noz\u012bm\u0113 relaks\u0101ciju un uzlabo koron\u0101ro asinsriti.<\/p>\n<p>Young Living aug lavanda saimniec\u012bb\u0101s J\u016bt\u0101, Aidaho, Ekvador\u0101, Francij\u0101.<br \/>\nLavanda \u0113terisk\u0101s e\u013c\u013cas p\u0113das tika atrastas Tutankhamunas kap\u0101 1922. gad\u0101.<\/p>\n<p>\u0160o e\u013c\u013cu visbie\u017e\u0101k vilto, p\u0101rdodot hibr\u012bda vai sint\u0113tisko e\u013c\u013cu, kas ir b\u012bstama \u0101dai. P\u0101rliecinieties, ka Jums ir terapeitisk\u0101 kvalit\u0101te, \u0113terisk\u0101 e\u013c\u013ca!<\/p>\n<p>Ietekme uz pr\u0101tu: t\u0101 ir nomierino\u0161a, relaks\u0113jo\u0161a un l\u012bdzsvarojo\u0161a smar\u017ea.<\/p>\n<p>Lieto\u0161ana un doz\u0113\u0161ana:<\/p>\n<p>var izmantot bez at\u0161\u0137aid\u012b\u0161anas<br \/>\ne\u013c\u013ca tiek uzskat\u012bta par dro\u0161u (GRAS) iek\u0161\u0113jai lieto\u0161anai FDA<br \/>\nuzkl\u0101jiet 1-3 pilienus s\u0101p\u012bgaj\u0101 viet\u0101<br \/>\niek\u0161\u0137\u012bgai lieto\u0161anai, ievietojiet kapsul\u0101 2 reizes dien\u0101, ja nepiecie\u0161ams<br \/>\nuz Vita Flex piestiprin\u0101\u0161anas viet\u0101m &#8211; Raindrop Technique mas\u0101\u017ea &#8211; e\u013c\u013cu pielieto\u0161ana p\u0113c sl\u0101\u0146a<br \/>\nieelpot no plaukst\u0101m vai no pudeles &#8211;<br \/>\n5-8 pilieni Diffusor\u0101, 30 min\u016btes 3 reizes dien\u0101 vai p\u0113c nepiecie\u0161am\u012bbas<br \/>\nvann\u0101 5-6 pilienus uz emulgatora<br \/>\nKosm\u0113tikas bag\u0101tin\u0101\u0161ana: 2 pilieni uz 10 ml pamatnes<br \/>\nLieto\u0161ana m\u0101jdz\u012bvniekiem: J\u0101, var izmantot visiem dz\u012bvniekiem, ieskaitot ka\u0137us.<br \/>\nDa\u017eas e\u013c\u013cas var b\u016bt \u013coti toksiskas ka\u0137iem. Tie ietver citrusaug\u013cu e\u013c\u013cas, kas nav terapeitiskas kvalit\u0101tes! L\u016bdzu, konsult\u0113jieties ar savu veterin\u0101r\u0101rstu, ja neesat p\u0101rliecin\u0101ts, vai varat izmantot \u0113terisko e\u013c\u013cu savam veterin\u0101r\u0101rstam.<\/p>\n<p>Piesardz\u012bbas pas\u0101kumi:<\/p>\n<p>Izmantojiet tikai terapeitisku e\u013c\u013cu<br \/>\nne\u0161\u0137\u012bst<br \/>\ne\u013c\u013ca tiek uzskat\u012bta par dro\u0161u (GRAS) iek\u0161\u0113jai lieto\u0161anai FDA<br \/>\nB\u0113rniem l\u012bdz 6 gadu vecumam nevajadz\u0113tu lietot e\u013c\u013cu k\u0101 p\u0101rtikas piedevu<br \/>\nja to uzkl\u0101j uz \u0101das t\u012br\u0101 form\u0101<\/p>\n","protected":false},"excerpt":{"rendered":"<p>Lavanda Lavandula angustifolia. Lavanda Bot\u0101nisk\u0101 \u0123imene: Gubokula Izcelsmes valsts: Juta, Aidaho, Francija Akt\u012bv\u0101s vielas: Linalila acet\u0101ts (24-45%) Linalols (25-38%) Cis-beta-Ocimene<\/p>\n","protected":false},"featured_media":17154,"template":"","meta":[],"product_brand":[],"product_cat":[2186,2193],"product_tag":[],"class_list":{"0":"post-34686","1":"product","2":"type-product","3":"status-publish","4":"has-post-thumbnail","6":"product_cat-young-living-eteriskas-ellas-un-kosmetika-augstas-kvalitates","7":"product_cat-eteriskas-ellas-lv","9":"first","10":"instock","11":"taxable","12":"shipping-taxable","13":"purchasable","14":"product-type-simple"},"yoast_head":"<!-- This site is optimized with the Yoast SEO Premium plugin v27.0 (Yoast SEO v27.0) - https:\/\/yoast.com\/product\/yoast-seo-premium-wordpress\/ -->\n<title>LAVENDER 15ml - cosmetic.lv<\/title>\n<meta name=\"robots\" content=\"index, follow, max-snippet:-1, max-image-preview:large, max-video-preview:-1\" \/>\n<link rel=\"canonical\" href=\"https:\/\/cosmetic.lv\/lv\/product\/lavender-15ml\/\" \/>\n<meta property=\"og:locale\" content=\"lv_LV\" \/>\n<meta property=\"og:type\" content=\"article\" \/>\n<meta property=\"og:title\" content=\"LAVENDER 15ml\" \/>\n<meta property=\"og:description\" content=\"Lavanda Lavandula angustifolia. Lavanda Bot\u0101nisk\u0101 \u0123imene: Gubokula Izcelsmes valsts: Juta, Aidaho, Francija Akt\u012bv\u0101s vielas: Linalila acet\u0101ts (24-45%) Linalols (25-38%) Cis-beta-Ocimene\" \/>\n<meta property=\"og:url\" content=\"https:\/\/cosmetic.lv\/lv\/product\/lavender-15ml\/\" \/>\n<meta property=\"og:site_name\" content=\"cosmetic.lv\" \/>\n<meta property=\"article:publisher\" content=\"https:\/\/www.facebook.com\/cosmetic.lv\/\" \/>\n<meta property=\"article:modified_time\" content=\"2021-02-11T20:53:05+00:00\" \/>\n<meta property=\"og:image\" content=\"https:\/\/cosmetic.lv\/wp-content\/uploads\/2021\/02\/lavender-s-4.jpg\" \/>\n\t<meta property=\"og:image:width\" content=\"100\" \/>\n\t<meta property=\"og:image:height\" content=\"240\" \/>\n\t<meta property=\"og:image:type\" content=\"image\/jpeg\" \/>\n<meta name=\"twitter:card\" content=\"summary_large_image\" \/>\n<script type=\"application\/ld+json\" class=\"yoast-schema-graph\">{\"@context\":\"https:\/\/schema.org\",\"@graph\":[{\"@type\":\"WebPage\",\"@id\":\"https:\/\/cosmetic.lv\/lv\/product\/lavender-15ml\/\",\"url\":\"https:\/\/cosmetic.lv\/lv\/product\/lavender-15ml\/\",\"name\":\"LAVENDER 15ml - cosmetic.lv\",\"isPartOf\":{\"@id\":\"https:\/\/cosmetic.lv\/lv\/#website\"},\"primaryImageOfPage\":{\"@id\":\"https:\/\/cosmetic.lv\/lv\/product\/lavender-15ml\/#primaryimage\"},\"image\":{\"@id\":\"https:\/\/cosmetic.lv\/lv\/product\/lavender-15ml\/#primaryimage\"},\"thumbnailUrl\":\"https:\/\/cosmetic.lv\/wp-content\/uploads\/2021\/02\/lavender-s-4.jpg\",\"datePublished\":\"2021-02-06T17:56:16+00:00\",\"dateModified\":\"2021-02-11T20:53:05+00:00\",\"breadcrumb\":{\"@id\":\"https:\/\/cosmetic.lv\/lv\/product\/lavender-15ml\/#breadcrumb\"},\"inLanguage\":\"lv-LV\",\"potentialAction\":[{\"@type\":\"ReadAction\",\"target\":[\"https:\/\/cosmetic.lv\/lv\/product\/lavender-15ml\/\"]}]},{\"@type\":\"ImageObject\",\"inLanguage\":\"lv-LV\",\"@id\":\"https:\/\/cosmetic.lv\/lv\/product\/lavender-15ml\/#primaryimage\",\"url\":\"https:\/\/cosmetic.lv\/wp-content\/uploads\/2021\/02\/lavender-s-4.jpg\",\"contentUrl\":\"https:\/\/cosmetic.lv\/wp-content\/uploads\/2021\/02\/lavender-s-4.jpg\",\"width\":100,\"height\":240,\"caption\":\"lavender-s.jpg\"},{\"@type\":\"BreadcrumbList\",\"@id\":\"https:\/\/cosmetic.lv\/lv\/product\/lavender-15ml\/#breadcrumb\",\"itemListElement\":[{\"@type\":\"ListItem\",\"position\":1,\"name\":\"Home\",\"item\":\"https:\/\/cosmetic.lv\/lv\/\"},{\"@type\":\"ListItem\",\"position\":2,\"name\":\"Veikals\",\"item\":\"https:\/\/cosmetic.lv\/lv\/veiklas\/\"},{\"@type\":\"ListItem\",\"position\":3,\"name\":\"LAVENDER 15ml\"}]},{\"@type\":\"WebSite\",\"@id\":\"https:\/\/cosmetic.lv\/lv\/#website\",\"url\":\"https:\/\/cosmetic.lv\/lv\/\",\"name\":\"cosmetic.lv\",\"description\":\"Profesion\u0101la kosm\u0113tika - Maria Galland, Keune, Arkadija, GMT, Guam, Magiray\",\"publisher\":{\"@id\":\"https:\/\/cosmetic.lv\/lv\/#organization\"},\"potentialAction\":[{\"@type\":\"SearchAction\",\"target\":{\"@type\":\"EntryPoint\",\"urlTemplate\":\"https:\/\/cosmetic.lv\/lv\/?s={search_term_string}\"},\"query-input\":{\"@type\":\"PropertyValueSpecification\",\"valueRequired\":true,\"valueName\":\"search_term_string\"}}],\"inLanguage\":\"lv-LV\"},{\"@type\":\"Organization\",\"@id\":\"https:\/\/cosmetic.lv\/lv\/#organization\",\"name\":\"COSMETIC.LV\",\"url\":\"https:\/\/cosmetic.lv\/lv\/\",\"logo\":{\"@type\":\"ImageObject\",\"inLanguage\":\"lv-LV\",\"@id\":\"https:\/\/cosmetic.lv\/lv\/#\/schema\/logo\/image\/\",\"url\":\"https:\/\/cosmetic.lv\/wp-content\/uploads\/2021\/02\/cosmetic.lv_logo.jpg\",\"contentUrl\":\"https:\/\/cosmetic.lv\/wp-content\/uploads\/2021\/02\/cosmetic.lv_logo.jpg\",\"width\":596,\"height\":196,\"caption\":\"COSMETIC.LV\"},\"image\":{\"@id\":\"https:\/\/cosmetic.lv\/lv\/#\/schema\/logo\/image\/\"},\"sameAs\":[\"https:\/\/www.facebook.com\/cosmetic.lv\/\"]}]}<\/script>\n<meta property=\"product:price:amount\" content=\"49.41\" \/>\n<meta property=\"product:price:currency\" content=\"EUR\" \/>\n<meta property=\"og:availability\" content=\"instock\" \/>\n<meta property=\"product:availability\" content=\"instock\" \/>\n<meta property=\"product:retailer_item_id\" content=\"357508\" \/>\n<meta property=\"product:condition\" content=\"new\" \/>\n<!-- \/ Yoast SEO Premium plugin. -->","yoast_head_json":{"title":"LAVENDER 15ml - cosmetic.lv","robots":{"index":"index","follow":"follow","max-snippet":"max-snippet:-1","max-image-preview":"max-image-preview:large","max-video-preview":"max-video-preview:-1"},"canonical":"https:\/\/cosmetic.lv\/lv\/product\/lavender-15ml\/","og_locale":"lv_LV","og_type":"article","og_title":"LAVENDER 15ml","og_description":"Lavanda Lavandula angustifolia. Lavanda Bot\u0101nisk\u0101 \u0123imene: Gubokula Izcelsmes valsts: Juta, Aidaho, Francija Akt\u012bv\u0101s vielas: Linalila acet\u0101ts (24-45%) Linalols (25-38%) Cis-beta-Ocimene","og_url":"https:\/\/cosmetic.lv\/lv\/product\/lavender-15ml\/","og_site_name":"cosmetic.lv","article_publisher":"https:\/\/www.facebook.com\/cosmetic.lv\/","article_modified_time":"2021-02-11T20:53:05+00:00","og_image":[{"width":100,"height":240,"url":"https:\/\/cosmetic.lv\/wp-content\/uploads\/2021\/02\/lavender-s-4.jpg","type":"image\/jpeg"}],"twitter_card":"summary_large_image","schema":{"@context":"https:\/\/schema.org","@graph":[{"@type":"WebPage","@id":"https:\/\/cosmetic.lv\/lv\/product\/lavender-15ml\/","url":"https:\/\/cosmetic.lv\/lv\/product\/lavender-15ml\/","name":"LAVENDER 15ml - cosmetic.lv","isPartOf":{"@id":"https:\/\/cosmetic.lv\/lv\/#website"},"primaryImageOfPage":{"@id":"https:\/\/cosmetic.lv\/lv\/product\/lavender-15ml\/#primaryimage"},"image":{"@id":"https:\/\/cosmetic.lv\/lv\/product\/lavender-15ml\/#primaryimage"},"thumbnailUrl":"https:\/\/cosmetic.lv\/wp-content\/uploads\/2021\/02\/lavender-s-4.jpg","datePublished":"2021-02-06T17:56:16+00:00","dateModified":"2021-02-11T20:53:05+00:00","breadcrumb":{"@id":"https:\/\/cosmetic.lv\/lv\/product\/lavender-15ml\/#breadcrumb"},"inLanguage":"lv-LV","potentialAction":[{"@type":"ReadAction","target":["https:\/\/cosmetic.lv\/lv\/product\/lavender-15ml\/"]}]},{"@type":"ImageObject","inLanguage":"lv-LV","@id":"https:\/\/cosmetic.lv\/lv\/product\/lavender-15ml\/#primaryimage","url":"https:\/\/cosmetic.lv\/wp-content\/uploads\/2021\/02\/lavender-s-4.jpg","contentUrl":"https:\/\/cosmetic.lv\/wp-content\/uploads\/2021\/02\/lavender-s-4.jpg","width":100,"height":240,"caption":"lavender-s.jpg"},{"@type":"BreadcrumbList","@id":"https:\/\/cosmetic.lv\/lv\/product\/lavender-15ml\/#breadcrumb","itemListElement":[{"@type":"ListItem","position":1,"name":"Home","item":"https:\/\/cosmetic.lv\/lv\/"},{"@type":"ListItem","position":2,"name":"Veikals","item":"https:\/\/cosmetic.lv\/lv\/veiklas\/"},{"@type":"ListItem","position":3,"name":"LAVENDER 15ml"}]},{"@type":"WebSite","@id":"https:\/\/cosmetic.lv\/lv\/#website","url":"https:\/\/cosmetic.lv\/lv\/","name":"cosmetic.lv","description":"Profesion\u0101la kosm\u0113tika - Maria Galland, Keune, Arkadija, GMT, Guam, Magiray","publisher":{"@id":"https:\/\/cosmetic.lv\/lv\/#organization"},"potentialAction":[{"@type":"SearchAction","target":{"@type":"EntryPoint","urlTemplate":"https:\/\/cosmetic.lv\/lv\/?s={search_term_string}"},"query-input":{"@type":"PropertyValueSpecification","valueRequired":true,"valueName":"search_term_string"}}],"inLanguage":"lv-LV"},{"@type":"Organization","@id":"https:\/\/cosmetic.lv\/lv\/#organization","name":"COSMETIC.LV","url":"https:\/\/cosmetic.lv\/lv\/","logo":{"@type":"ImageObject","inLanguage":"lv-LV","@id":"https:\/\/cosmetic.lv\/lv\/#\/schema\/logo\/image\/","url":"https:\/\/cosmetic.lv\/wp-content\/uploads\/2021\/02\/cosmetic.lv_logo.jpg","contentUrl":"https:\/\/cosmetic.lv\/wp-content\/uploads\/2021\/02\/cosmetic.lv_logo.jpg","width":596,"height":196,"caption":"COSMETIC.LV"},"image":{"@id":"https:\/\/cosmetic.lv\/lv\/#\/schema\/logo\/image\/"},"sameAs":["https:\/\/www.facebook.com\/cosmetic.lv\/"]}]},"product_price_amount":"49.41","product_price_currency":"EUR","og_availability":"instock","product_availability":"instock","product_retailer_item_id":"357508","product_condition":"new"},"_links":{"self":[{"href":"https:\/\/cosmetic.lv\/lv\/wp-json\/wp\/v2\/product\/34686","targetHints":{"allow":["GET"]}}],"collection":[{"href":"https:\/\/cosmetic.lv\/lv\/wp-json\/wp\/v2\/product"}],"about":[{"href":"https:\/\/cosmetic.lv\/lv\/wp-json\/wp\/v2\/types\/product"}],"wp:featuredmedia":[{"embeddable":true,"href":"https:\/\/cosmetic.lv\/lv\/wp-json\/wp\/v2\/media\/17154"}],"wp:attachment":[{"href":"https:\/\/cosmetic.lv\/lv\/wp-json\/wp\/v2\/media?parent=34686"}],"wp:term":[{"taxonomy":"product_brand","embeddable":true,"href":"https:\/\/cosmetic.lv\/lv\/wp-json\/wp\/v2\/product_brand?post=34686"},{"taxonomy":"product_cat","embeddable":true,"href":"https:\/\/cosmetic.lv\/lv\/wp-json\/wp\/v2\/product_cat?post=34686"},{"taxonomy":"product_tag","embeddable":true,"href":"https:\/\/cosmetic.lv\/lv\/wp-json\/wp\/v2\/product_tag?post=34686"}],"curies":[{"name":"wp","href":"https:\/\/api.w.org\/{rel}","templated":true}]}}