{"id":34687,"date":"2021-02-05T22:44:03","date_gmt":"2021-02-06T17:56:16","guid":{"rendered":"https:\/\/damme.lv\/product\/ledum-5ml\/"},"modified":"2021-02-11T22:53:05","modified_gmt":"2021-02-11T20:53:05","slug":"ledum-5ml","status":"publish","type":"product","link":"https:\/\/cosmetic.lv\/lv\/product\/ledum-5ml\/","title":{"rendered":"LEDUM 5ml"},"content":{"rendered":"<p>Ledum. Ledum groenlandicum.<br \/>\nLedum<br \/>\nBot\u0101niskais \u0123imenes loceklis: Heather North America (Kan\u0101da)<\/p>\n<p>Akt\u012bv\u0101s vielas:<\/p>\n<p>Limon\u0113ns (20-35%)<br \/>\nCis- un trans-Paramenthl (7%)<br \/>\nDien\u0101 8-ols (12-17%)<br \/>\nCis- un trans-paramenthatriene 1.3.8 (8-15%)<br \/>\nK\u0101ds ir ORAC indikators? nav m\u0113ra<\/p>\n<p>Kas ir ORAC? ORAC &#8211; ir sk\u0101bek\u013ca Radical absorbcijas diapazon\u0101 pas\u0101kumiem jaudas sp\u0113ju antioksidantiem vai absorb\u0113 br\u012bvos radik\u0101\u013cus. Vienk\u0101r\u0161\u0101 valod\u0101, tas noz\u012bm\u0113, ka zin\u0101tnisko j\u0113dzienu cik labi viela pal\u012bdz manu \u0137ermeni, lai risin\u0101tu ar t\u0101diem trauc\u0113jumiem, k\u0101 v\u0113zis, sirds un asinsvadu slim\u012bb\u0101m, hronisk\u0101m slim\u012bb\u0101m, org\u0101nos un audos. T\u0101 tika ieviesta p\u0113tnieki no Valsts instit\u016bta Noveco\u0161ana pie National Institutes of Health (NIH) Baltimore, ASV.<br \/>\nRa\u017eo\u0161anas metode: tvaika destil\u0101cija no augu zied\u0113\u0161anas virsotn\u0113m<\/p>\n<p>V\u0113sturisk\u0101 inform\u0101cija: Paz\u012bstams k\u0101 &quot;Labradoras t\u0113ja&quot;, Ledum ir arom\u0101tiskais augs, kas daudzus gadsimtus ir izmantots tautas medic\u012bn\u0101. Austrumu Kan\u0101das viet\u0113jie iedz\u012bvot\u0101ji to izmantoja k\u0101 toniku klepus, aizsmakuma un nieru \u0101rst\u0113\u0161anai. Vair\u0101k nek\u0101 5000 gadus Ledger pal\u012bdz\u0113ja pamatiedz\u012bvot\u0101jiem Zieme\u013camerik\u0101 tikt gal\u0101 ar c\u016bk\u0101m. Krijas cilts indie\u0161i izmantoja to, lai \u0101rst\u0113tu drudzis un saaukst\u0113\u0161an\u0101s. \u0160odien \u0161\u012b auga \u0113terisk\u0101 e\u013c\u013ca tiek izmantota daudzu slim\u012bbu \u0101rst\u0113\u0161anai.<\/p>\n<p>Kvebekas universit\u0101t\u0113 tika p\u0113t\u012bta vi\u0146a pretv\u0113\u017ea un pretv\u0113\u017ea aktivit\u0101te. P\u0113tnieki atkl\u0101ja, ka Ledum ir \u013coti sp\u0113c\u012bgs antioksidants, sp\u0113c\u012bgs pretiekaisuma l\u012bdzeklis. Vi\u0146\u0161 par\u0101d\u012bja pretv\u0113\u017ea aktivit\u0101ti pret resn\u0101s zarnas un plau\u0161u karcinomu. \u0160ie p\u0113t\u012bjumi liecina, ka da\u017eos gad\u012bjumos v\u0113\u017ea \u0101rst\u0113\u0161anai Ledum var b\u016bt sp\u0113c\u012bg\u0101ks nek\u0101 \u0113terisk\u0101s e\u013c\u013cas smar\u017eviela.<\/p>\n<p>Ir zin\u0101ms, ka Bagulnik aizsarg\u0101 aknas, to lieto hepat\u012bta un tauku aknu \u0101rst\u0113\u0161an\u0101. Ir divi profesion\u0101li izgatavoti mais\u012bjumi, kas ir speci\u0101li izstr\u0101d\u0101ti, lai \u0101rst\u0113tu un toks\u012bnu izvad\u012b\u0161anai no aknu un limf\u0101tisko sist\u0113mu &#8211; Juva Cleance un GLF.<\/p>\n<p>Izmantojiet tos kop\u0101 ar Ledum \u0113terisko e\u013c\u013cu k\u0101 m\u0101jas l\u012bdzekli!<\/p>\n<p>\u0100rstnieciskas \u012bpa\u0161\u012bbas: pretiekaisuma, pretaudz\u0113ju, antibakteri\u0101las, pretv\u012brusu, diur\u0113tiskie l\u012bdzek\u013ci, toniz\u0113jo\u0161as nervu sist\u0113mu, aknas aizsardz\u012bbas, detoksik\u0101ciju.<\/p>\n<p>Kur\u0161 slim\u012bbas izmantot: narkom\u0101nija, uzman\u012bbas defic\u012bta hiperaktivit\u0101tes trauc\u0113jumi (ADD), alkoholisms, aler\u0123ijas, bronh\u012bts, saaukst\u0113\u0161an\u0101s, p\u0101rslogota klepus, gripa, laring\u012bta, aknu darb\u012bbas trauc\u0113jumi, hepat\u012bts, tauksk\u0101bju aknas, toksisks aknas, aknas atbalsts, aptauko\u0161an\u0101s, celul\u012bta t\u016bska, \u0161\u0137idruma aizture, iekaisums limfmezglos, hipotireoze, vairogdziedzera regul\u0113jumu, \u0101das probl\u0113mas, neapmierin\u0101t\u012bba, aps\u0113st\u012bba.<\/p>\n<p>Gar\u012bg\u0101 un emocion\u0101l\u0101 ietekme: Ledum \u0113terisk\u0101 e\u013c\u013ca pal\u012bdz atbr\u012bvot neapmierin\u0101t\u012bbas, dusmas, aps\u0113st\u012bbas emocijas. \u0160\u012bs negat\u012bv\u0101s emocijas tiek saglab\u0101tas akn\u0101s, izn\u012bcinot to un izraisot slim\u012bbas. E\u013c\u013ca pal\u012bdz\u0113s atbr\u012bvot traumatiskas pieredzes un atmi\u0146as, kas var b\u016bt \u0161o emociju c\u0113lonis. Un, ja m\u0113s atbr\u012bvosim \u0161\u012bs posto\u0161\u0101s emocijas, tad mums b\u016bs viegl\u0101k b\u016bt gar\u012bg\u0101kiem un dz\u012bvot re\u0101li, nevis pag\u0101tni. \u0160\u012b e\u013c\u013ca pal\u012bdz\u0113s atbr\u012bvoties no atkar\u012bb\u0101m &#8211; sm\u0113\u0137\u0113\u0161anu, alkoholismu, narkom\u0101niju, atkar\u012bba no p\u0101rtikas (tas tiek izmantots, lai \u0101rst\u0113tu aptauko\u0161anos un noved pie svara zudums).<\/p>\n<p>Ietekme uz pr\u0101tu: \u0160is za\u013cais smar\u017ea att\u012bra un nosusina.<\/p>\n<p>Lieto\u0161ana un doz\u0113\u0161ana:<\/p>\n<p>neat\u0161\u0137aid\u012btu<br \/>\ne\u013c\u013ca tiek uzskat\u012bta par dro\u0161u (GRAS) iek\u0161\u0113jai lieto\u0161anai FDA<br \/>\nuzkl\u0101jiet 1-3 pilienus s\u0101p\u012bgaj\u0101 viet\u0101<br \/>\niek\u0161\u0137\u012bgai lieto\u0161anai, ievietojiet kapsul\u0101 2 reizes dien\u0101, ja nepiecie\u0161ams<br \/>\nattiecas uz Vita Flex punktiem<br \/>\nmas\u0101\u017e\u0101 Raindrop Technique &#8211;<br \/>\ne\u013c\u013cu pielieto\u0161ana pa sl\u0101ni<br \/>\nieelpot no plaukst\u0101m vai no pudeles &#8211;<br \/>\n5-8 pilieni Diffusor\u0101, 30 min\u016btes 3 reizes dien\u0101 vai p\u0113c nepiecie\u0161am\u012bbas<br \/>\nvann\u0101 5-6 pilienus uz emulgatora<br \/>\nKosm\u0113tikas bag\u0101tin\u0101\u0161ana: 2 pilieni uz 10 ml pamatnes<\/p>\n<p>Izmantot m\u0101jdz\u012bvniekiem: J\u0101.<br \/>\nDa\u017eas e\u013c\u013cas var b\u016bt \u013coti toksiskas ka\u0137iem. Tie ietver citrusaug\u013cu e\u013c\u013cas, kas nav terapeitiskas kvalit\u0101tes! L\u016bdzu, konsult\u0113jieties ar savu veterin\u0101r\u0101rstu, ja neesat p\u0101rliecin\u0101ts, vai varat izmantot \u0113terisko e\u013c\u013cu savam veterin\u0101r\u0101rstam.<\/p>\n<p>Piesardz\u012bbas pas\u0101kumi:<\/p>\n<p>Izmantojiet tikai terapeitisku e\u013c\u013cu<br \/>\nJ\u016bs nevarat audz\u0113t<br \/>\ne\u013c\u013ca tiek uzskat\u012bta par dro\u0161u (GRAS) iek\u0161\u0113jai lieto\u0161anai FDA<br \/>\nB\u0113rniem l\u012bdz 6 gadu vecumam nevajadz\u0113tu lietot e\u013c\u013cu k\u0101 p\u0101rtikas piedevu<br \/>\nja uzkl\u0101j uz \u0101das t\u012br\u0101 form\u0101, neliela dedzino\u0161a saj\u016bta 1-3 min\u016b\u0161u laik\u0101, reakcija ir dabiska<br \/>\nglab\u0101t b\u0113rniem nepieejam\u0101 viet\u0101<br \/>\nnosl\u0113gt\u0101 iepakojuma der\u012bguma termi\u0146\u0161 nav ierobe\u017eots<br \/>\n\u0112terisk\u0101 e\u013c\u013ca Ledum ir da\u013ca no: Juva Cleance un GLF.<\/p>\n","protected":false},"excerpt":{"rendered":"<p>Ledum. Ledum groenlandicum. Ledum Bot\u0101niskais \u0123imenes loceklis: Heather North America (Kan\u0101da) Akt\u012bv\u0101s vielas: Limon\u0113ns (20-35%) Cis- un trans-Paramenthl (7%) Dien\u0101<\/p>\n","protected":false},"featured_media":17157,"template":"","meta":[],"product_brand":[],"product_cat":[2186,2193],"product_tag":[],"class_list":{"0":"post-34687","1":"product","2":"type-product","3":"status-publish","4":"has-post-thumbnail","6":"product_cat-young-living-eteriskas-ellas-un-kosmetika-augstas-kvalitates","7":"product_cat-eteriskas-ellas-lv","9":"first","10":"instock","11":"taxable","12":"shipping-taxable","13":"purchasable","14":"product-type-simple"},"yoast_head":"<!-- This site is optimized with the Yoast SEO Premium plugin v27.0 (Yoast SEO v27.0) - https:\/\/yoast.com\/product\/yoast-seo-premium-wordpress\/ -->\n<title>LEDUM 5ml - cosmetic.lv<\/title>\n<meta name=\"robots\" content=\"index, follow, max-snippet:-1, max-image-preview:large, max-video-preview:-1\" \/>\n<link rel=\"canonical\" href=\"https:\/\/cosmetic.lv\/lv\/product\/ledum-5ml\/\" \/>\n<meta property=\"og:locale\" content=\"lv_LV\" \/>\n<meta property=\"og:type\" content=\"article\" \/>\n<meta property=\"og:title\" content=\"LEDUM 5ml\" \/>\n<meta property=\"og:description\" content=\"Ledum. Ledum groenlandicum. Ledum Bot\u0101niskais \u0123imenes loceklis: Heather North America (Kan\u0101da) Akt\u012bv\u0101s vielas: Limon\u0113ns (20-35%) Cis- un trans-Paramenthl (7%) Dien\u0101\" \/>\n<meta property=\"og:url\" content=\"https:\/\/cosmetic.lv\/lv\/product\/ledum-5ml\/\" \/>\n<meta property=\"og:site_name\" content=\"cosmetic.lv\" \/>\n<meta property=\"article:publisher\" content=\"https:\/\/www.facebook.com\/cosmetic.lv\/\" \/>\n<meta property=\"article:modified_time\" content=\"2021-02-11T20:53:05+00:00\" \/>\n<meta property=\"og:image\" content=\"https:\/\/cosmetic.lv\/wp-content\/uploads\/2021\/02\/ledum-s-4.jpg\" \/>\n\t<meta property=\"og:image:width\" content=\"97\" \/>\n\t<meta property=\"og:image:height\" content=\"240\" \/>\n\t<meta property=\"og:image:type\" content=\"image\/jpeg\" \/>\n<meta name=\"twitter:card\" content=\"summary_large_image\" \/>\n<script type=\"application\/ld+json\" class=\"yoast-schema-graph\">{\"@context\":\"https:\/\/schema.org\",\"@graph\":[{\"@type\":\"WebPage\",\"@id\":\"https:\/\/cosmetic.lv\/lv\/product\/ledum-5ml\/\",\"url\":\"https:\/\/cosmetic.lv\/lv\/product\/ledum-5ml\/\",\"name\":\"LEDUM 5ml - cosmetic.lv\",\"isPartOf\":{\"@id\":\"https:\/\/cosmetic.lv\/lv\/#website\"},\"primaryImageOfPage\":{\"@id\":\"https:\/\/cosmetic.lv\/lv\/product\/ledum-5ml\/#primaryimage\"},\"image\":{\"@id\":\"https:\/\/cosmetic.lv\/lv\/product\/ledum-5ml\/#primaryimage\"},\"thumbnailUrl\":\"https:\/\/cosmetic.lv\/wp-content\/uploads\/2021\/02\/ledum-s-4.jpg\",\"datePublished\":\"2021-02-06T17:56:16+00:00\",\"dateModified\":\"2021-02-11T20:53:05+00:00\",\"breadcrumb\":{\"@id\":\"https:\/\/cosmetic.lv\/lv\/product\/ledum-5ml\/#breadcrumb\"},\"inLanguage\":\"lv-LV\",\"potentialAction\":[{\"@type\":\"ReadAction\",\"target\":[\"https:\/\/cosmetic.lv\/lv\/product\/ledum-5ml\/\"]}]},{\"@type\":\"ImageObject\",\"inLanguage\":\"lv-LV\",\"@id\":\"https:\/\/cosmetic.lv\/lv\/product\/ledum-5ml\/#primaryimage\",\"url\":\"https:\/\/cosmetic.lv\/wp-content\/uploads\/2021\/02\/ledum-s-4.jpg\",\"contentUrl\":\"https:\/\/cosmetic.lv\/wp-content\/uploads\/2021\/02\/ledum-s-4.jpg\",\"width\":97,\"height\":240,\"caption\":\"ledum-s.jpg\"},{\"@type\":\"BreadcrumbList\",\"@id\":\"https:\/\/cosmetic.lv\/lv\/product\/ledum-5ml\/#breadcrumb\",\"itemListElement\":[{\"@type\":\"ListItem\",\"position\":1,\"name\":\"Home\",\"item\":\"https:\/\/cosmetic.lv\/lv\/\"},{\"@type\":\"ListItem\",\"position\":2,\"name\":\"Veikals\",\"item\":\"https:\/\/cosmetic.lv\/lv\/veiklas\/\"},{\"@type\":\"ListItem\",\"position\":3,\"name\":\"LEDUM 5ml\"}]},{\"@type\":\"WebSite\",\"@id\":\"https:\/\/cosmetic.lv\/lv\/#website\",\"url\":\"https:\/\/cosmetic.lv\/lv\/\",\"name\":\"cosmetic.lv\",\"description\":\"Profesion\u0101la kosm\u0113tika - Maria Galland, Keune, Arkadija, GMT, Guam, Magiray\",\"publisher\":{\"@id\":\"https:\/\/cosmetic.lv\/lv\/#organization\"},\"potentialAction\":[{\"@type\":\"SearchAction\",\"target\":{\"@type\":\"EntryPoint\",\"urlTemplate\":\"https:\/\/cosmetic.lv\/lv\/?s={search_term_string}\"},\"query-input\":{\"@type\":\"PropertyValueSpecification\",\"valueRequired\":true,\"valueName\":\"search_term_string\"}}],\"inLanguage\":\"lv-LV\"},{\"@type\":\"Organization\",\"@id\":\"https:\/\/cosmetic.lv\/lv\/#organization\",\"name\":\"COSMETIC.LV\",\"url\":\"https:\/\/cosmetic.lv\/lv\/\",\"logo\":{\"@type\":\"ImageObject\",\"inLanguage\":\"lv-LV\",\"@id\":\"https:\/\/cosmetic.lv\/lv\/#\/schema\/logo\/image\/\",\"url\":\"https:\/\/cosmetic.lv\/wp-content\/uploads\/2021\/02\/cosmetic.lv_logo.jpg\",\"contentUrl\":\"https:\/\/cosmetic.lv\/wp-content\/uploads\/2021\/02\/cosmetic.lv_logo.jpg\",\"width\":596,\"height\":196,\"caption\":\"COSMETIC.LV\"},\"image\":{\"@id\":\"https:\/\/cosmetic.lv\/lv\/#\/schema\/logo\/image\/\"},\"sameAs\":[\"https:\/\/www.facebook.com\/cosmetic.lv\/\"]}]}<\/script>\n<meta property=\"product:price:amount\" content=\"120.23\" \/>\n<meta property=\"product:price:currency\" content=\"EUR\" \/>\n<meta property=\"og:availability\" content=\"instock\" \/>\n<meta property=\"product:availability\" content=\"instock\" \/>\n<meta property=\"product:retailer_item_id\" content=\"657908\" \/>\n<meta property=\"product:condition\" content=\"new\" \/>\n<!-- \/ Yoast SEO Premium plugin. -->","yoast_head_json":{"title":"LEDUM 5ml - cosmetic.lv","robots":{"index":"index","follow":"follow","max-snippet":"max-snippet:-1","max-image-preview":"max-image-preview:large","max-video-preview":"max-video-preview:-1"},"canonical":"https:\/\/cosmetic.lv\/lv\/product\/ledum-5ml\/","og_locale":"lv_LV","og_type":"article","og_title":"LEDUM 5ml","og_description":"Ledum. Ledum groenlandicum. Ledum Bot\u0101niskais \u0123imenes loceklis: Heather North America (Kan\u0101da) Akt\u012bv\u0101s vielas: Limon\u0113ns (20-35%) Cis- un trans-Paramenthl (7%) Dien\u0101","og_url":"https:\/\/cosmetic.lv\/lv\/product\/ledum-5ml\/","og_site_name":"cosmetic.lv","article_publisher":"https:\/\/www.facebook.com\/cosmetic.lv\/","article_modified_time":"2021-02-11T20:53:05+00:00","og_image":[{"width":97,"height":240,"url":"https:\/\/cosmetic.lv\/wp-content\/uploads\/2021\/02\/ledum-s-4.jpg","type":"image\/jpeg"}],"twitter_card":"summary_large_image","schema":{"@context":"https:\/\/schema.org","@graph":[{"@type":"WebPage","@id":"https:\/\/cosmetic.lv\/lv\/product\/ledum-5ml\/","url":"https:\/\/cosmetic.lv\/lv\/product\/ledum-5ml\/","name":"LEDUM 5ml - cosmetic.lv","isPartOf":{"@id":"https:\/\/cosmetic.lv\/lv\/#website"},"primaryImageOfPage":{"@id":"https:\/\/cosmetic.lv\/lv\/product\/ledum-5ml\/#primaryimage"},"image":{"@id":"https:\/\/cosmetic.lv\/lv\/product\/ledum-5ml\/#primaryimage"},"thumbnailUrl":"https:\/\/cosmetic.lv\/wp-content\/uploads\/2021\/02\/ledum-s-4.jpg","datePublished":"2021-02-06T17:56:16+00:00","dateModified":"2021-02-11T20:53:05+00:00","breadcrumb":{"@id":"https:\/\/cosmetic.lv\/lv\/product\/ledum-5ml\/#breadcrumb"},"inLanguage":"lv-LV","potentialAction":[{"@type":"ReadAction","target":["https:\/\/cosmetic.lv\/lv\/product\/ledum-5ml\/"]}]},{"@type":"ImageObject","inLanguage":"lv-LV","@id":"https:\/\/cosmetic.lv\/lv\/product\/ledum-5ml\/#primaryimage","url":"https:\/\/cosmetic.lv\/wp-content\/uploads\/2021\/02\/ledum-s-4.jpg","contentUrl":"https:\/\/cosmetic.lv\/wp-content\/uploads\/2021\/02\/ledum-s-4.jpg","width":97,"height":240,"caption":"ledum-s.jpg"},{"@type":"BreadcrumbList","@id":"https:\/\/cosmetic.lv\/lv\/product\/ledum-5ml\/#breadcrumb","itemListElement":[{"@type":"ListItem","position":1,"name":"Home","item":"https:\/\/cosmetic.lv\/lv\/"},{"@type":"ListItem","position":2,"name":"Veikals","item":"https:\/\/cosmetic.lv\/lv\/veiklas\/"},{"@type":"ListItem","position":3,"name":"LEDUM 5ml"}]},{"@type":"WebSite","@id":"https:\/\/cosmetic.lv\/lv\/#website","url":"https:\/\/cosmetic.lv\/lv\/","name":"cosmetic.lv","description":"Profesion\u0101la kosm\u0113tika - Maria Galland, Keune, Arkadija, GMT, Guam, Magiray","publisher":{"@id":"https:\/\/cosmetic.lv\/lv\/#organization"},"potentialAction":[{"@type":"SearchAction","target":{"@type":"EntryPoint","urlTemplate":"https:\/\/cosmetic.lv\/lv\/?s={search_term_string}"},"query-input":{"@type":"PropertyValueSpecification","valueRequired":true,"valueName":"search_term_string"}}],"inLanguage":"lv-LV"},{"@type":"Organization","@id":"https:\/\/cosmetic.lv\/lv\/#organization","name":"COSMETIC.LV","url":"https:\/\/cosmetic.lv\/lv\/","logo":{"@type":"ImageObject","inLanguage":"lv-LV","@id":"https:\/\/cosmetic.lv\/lv\/#\/schema\/logo\/image\/","url":"https:\/\/cosmetic.lv\/wp-content\/uploads\/2021\/02\/cosmetic.lv_logo.jpg","contentUrl":"https:\/\/cosmetic.lv\/wp-content\/uploads\/2021\/02\/cosmetic.lv_logo.jpg","width":596,"height":196,"caption":"COSMETIC.LV"},"image":{"@id":"https:\/\/cosmetic.lv\/lv\/#\/schema\/logo\/image\/"},"sameAs":["https:\/\/www.facebook.com\/cosmetic.lv\/"]}]},"product_price_amount":"120.23","product_price_currency":"EUR","og_availability":"instock","product_availability":"instock","product_retailer_item_id":"657908","product_condition":"new"},"_links":{"self":[{"href":"https:\/\/cosmetic.lv\/lv\/wp-json\/wp\/v2\/product\/34687","targetHints":{"allow":["GET"]}}],"collection":[{"href":"https:\/\/cosmetic.lv\/lv\/wp-json\/wp\/v2\/product"}],"about":[{"href":"https:\/\/cosmetic.lv\/lv\/wp-json\/wp\/v2\/types\/product"}],"wp:featuredmedia":[{"embeddable":true,"href":"https:\/\/cosmetic.lv\/lv\/wp-json\/wp\/v2\/media\/17157"}],"wp:attachment":[{"href":"https:\/\/cosmetic.lv\/lv\/wp-json\/wp\/v2\/media?parent=34687"}],"wp:term":[{"taxonomy":"product_brand","embeddable":true,"href":"https:\/\/cosmetic.lv\/lv\/wp-json\/wp\/v2\/product_brand?post=34687"},{"taxonomy":"product_cat","embeddable":true,"href":"https:\/\/cosmetic.lv\/lv\/wp-json\/wp\/v2\/product_cat?post=34687"},{"taxonomy":"product_tag","embeddable":true,"href":"https:\/\/cosmetic.lv\/lv\/wp-json\/wp\/v2\/product_tag?post=34687"}],"curies":[{"name":"wp","href":"https:\/\/api.w.org\/{rel}","templated":true}]}}