{"id":34690,"date":"2021-02-05T22:44:03","date_gmt":"2021-02-06T17:56:16","guid":{"rendered":"https:\/\/damme.lv\/product\/lemongrass-15ml\/"},"modified":"2021-02-11T22:53:06","modified_gmt":"2021-02-11T20:53:06","slug":"lemongrass-15ml","status":"publish","type":"product","link":"https:\/\/cosmetic.lv\/lv\/product\/lemongrass-15ml\/","title":{"rendered":"LEMONGRASS 15ml"},"content":{"rendered":"<p>Citronz\u0101le Cymbopogon flexuosus.<br \/>\nCitronz\u0101le<br \/>\nBot\u0101nisk\u0101 \u0123imene: graudaugi<\/p>\n<p>Izcelsmes valsts: Indija, Gvatemala<\/p>\n<p>Akt\u012bv\u0101s sast\u0101vda\u013cas:<\/p>\n<p>Neral (25-40%)<br \/>\nGeranial (35-45%)<br \/>\nGeranil (5-10%)<br \/>\nTrans-beta-kariofil\u0113ns (2-6%)<br \/>\nKas ir ORAC? 1,780 \u03bcTE \/ 100g!<\/p>\n<p>Kas ir ORAC? ORAC ir sk\u0101bek\u013ca radik\u0101las absorbcijas sp\u0113ja vai indikators par sp\u0113ju antioksidantus absorb\u0113t br\u012bvos radik\u0101\u013cus. Vienk\u0101r\u0161\u0101 valod\u0101 \u0161is zin\u0101tniskais j\u0113dziens noz\u012bm\u0113, cik labi \u0161\u012b viela pal\u012bdz manam organismam tikt gal\u0101 ar t\u0101diem trauc\u0113jumiem k\u0101 v\u0113zis, sirds un asinsvadu slim\u012bbas, hroniskas org\u0101nu un audu slim\u012bbas. To ieviesa zin\u0101tnieki no Nacion\u0101l\u0101 novec\u0113\u0161anas instit\u016bta Nacion\u0101lajos vesel\u012bbas instit\u016btos (NIH) Baltimor\u0113, ASV.<\/p>\n<p>Ra\u017eo\u0161anas metode: gar\u0161augu un lapu t\u012br\u012b\u0161ana.<\/p>\n<p>V\u0113sturisk\u0101 inform\u0101cija: citronz\u0101le tika izmantota, lai att\u012br\u012btu un uzlabotu gremo\u0161anu. Fitoterapijas p\u0113t\u012bjumos public\u0113tie p\u0113t\u012bjumi raksturo \u0161\u012bs e\u013c\u013cas sp\u0113c\u012bg\u0101s pretg\u0101jain\u0101s \u012bpa\u0161\u012bbas. Tradicion\u0101laj\u0101 \u0137\u012bnie\u0161u medic\u012bn\u0101 Citronz\u0101le ir izmantota t\u016bksto\u0161iem gadu, lai \u0101rst\u0113tu s\u0101pes v\u0113der\u0101, reimatismu, galvass\u0101pes un saaukst\u0113\u0161anos.<\/p>\n<p>Vai zin\u0101j\u0101t, ka citronz\u0101les \u0113terisk\u0101 e\u013c\u013ca satur 67% aldeh\u012bda? Aldehidus pla\u0161i izmanto smar\u017eu r\u016bpniec\u012bb\u0101. Chanel Nr. 5 smar\u017eas satur sint\u0113tisko aldeh\u012bdu mais\u012bjumu.<\/p>\n<p>\u00a0Vai j\u016bs zin\u0101j\u0101t, ka Citronella un Palmarosa pieder pie vienas un t\u0101s pa\u0161as \u0123imenes k\u0101 citronz\u0101le?<\/p>\n<p>\u0100rstnieciskas \u012bpa\u0161\u012bbas: prets\u0113n\u012b\u0161u, antibakteri\u0101la, pretparaz\u012btu, pretiekaisuma, antiseptiska, atjauno coedinitelnye audus un saites un skrim\u0161\u013cu, vazodilatoru, papla\u0161ina asinsvadus, un uzlabo asinsriti un nostiprina asinsvadus, limfa veicina kust\u012bbu, re\u0123ener\u0113jo\u0161a, regul\u0113 parasimpatisk\u0101s nervu sist\u0113mu, anti-noveco\u0161an\u0101s.<\/p>\n<p>\u00a0Kura no slim\u012bb\u0101m izmantot: ur\u012bnp\u016b\u0161\u013ca infekcijas, elpo\u0161anas ce\u013cu infekcijas, sinus\u012bts, gremo\u0161anas trauc\u0113jumi, p\u0101rrauta saites un musku\u013ci, tendin\u012bts (tennis l\u012bkuma), tendosinov\u012btu (iekaisums no kop\u012bg\u0101 kapsul\u0101), \u0161\u0137idruma aizturi, t\u016bsku trauc\u0113jumi parasimpatisk\u0101s nervu sist\u0113mas, atind\u0113\u0161anas limf\u0101tisk\u0101s sist\u0113mas , intoksik\u0101cija, varikozas v\u0113nas, paraz\u012bti, salmonellas.<\/p>\n<p>\u00a0<\/p>\n<p>Gar\u012bg\u0101 un emocion\u0101l\u0101 ietekme: citronz\u0101le pal\u012bdz atbr\u012bvoties no aizvainojuma, sa\u0161utuma, no\u017e\u0113lu, pesimismu emocij\u0101m, p\u0101rv\u0113r\u0161 \u0161os negat\u012bvos ener\u0123ijas pozit\u012bvos. E\u013c\u013ca atbr\u012bvo smadze\u0146u kreiso puslodi, lai j\u016bs var\u0113tu redz\u0113t iesp\u0113jas, jo atbr\u012bvojas tikai negat\u012bv\u0101 ener\u0123ija, atdz\u012bvojas optimisms, drosme un cer\u012bba.<\/p>\n<p>Citronz\u0101le aizsarg\u0101 auru (pl\u0101nas \u0137erme\u0146a da\u013cas) no elektromagn\u0113tisko efektu ietekmes (TV, datori, cita elektronika). Izmantojiet citronz\u0101les lidostu, kur elektromagn\u0113tisk\u0101 starojuma ietekme ir \u012bpa\u0161i sp\u0113c\u012bga!<\/p>\n<p>Ietekme uz pr\u0101tu: att\u012bra pr\u0101tu, uzlabo intu\u012bciju.<\/p>\n<p>Lieto\u0161ana un doz\u0113\u0161ana:<\/p>\n<p>At\u0161\u0137aidiet 1: 4 (4 da\u013cas augu e\u013c\u013cas) ar augu e\u013c\u013cu vai V-6 e\u013c\u013cu<br \/>\ne\u013c\u013ca tiek uzskat\u012bta par dro\u0161u (GRAS) iek\u0161\u0113jai lieto\u0161anai FDA<br \/>\nielieciet 1-3 pilienus uz iekaisuma vietas<br \/>\nnorijot, ievietot kapsul\u0101 2 reizes dien\u0101, ja nepiecie\u0161ams<br \/>\nielieciet Vita Flex punktus<br \/>\nRaindrop Technique mas\u0101\u017ea &#8211; sl\u0101\u0146ain\u0101 e\u013c\u013ca<br \/>\nieelpot no plaukst\u0101m vai no pudeles<br \/>\n5-8 pilienus difuzor\u0101, 30 min\u016btes 3 reizes dien\u0101 vai p\u0113c nepiecie\u0161am\u012bbas<br \/>\n5-6 pilieni uz vienu vannu uz emulgatora<br \/>\nKosm\u0113tikas bag\u0101tin\u0101\u0161ana: 2 pilienus uz 10 ml b\u0101zes<br \/>\nLieto\u0161ana m\u0101jdz\u012bvniekiem: J\u0101, to var izmantot, lai \u0101rst\u0113tu saites un c\u012bpslas, ievainojumus. Un \u0161\u012b e\u013c\u013ca att\u012bra kukai\u0146us!<\/p>\n","protected":false},"excerpt":{"rendered":"<p>Citronz\u0101le Cymbopogon flexuosus. Citronz\u0101le Bot\u0101nisk\u0101 \u0123imene: graudaugi Izcelsmes valsts: Indija, Gvatemala Akt\u012bv\u0101s sast\u0101vda\u013cas: Neral (25-40%) Geranial (35-45%) Geranil (5-10%) Trans-beta-kariofil\u0113ns<\/p>\n","protected":false},"featured_media":17163,"template":"","meta":[],"product_brand":[],"product_cat":[2186,2193],"product_tag":[],"class_list":{"0":"post-34690","1":"product","2":"type-product","3":"status-publish","4":"has-post-thumbnail","6":"product_cat-young-living-eteriskas-ellas-un-kosmetika-augstas-kvalitates","7":"product_cat-eteriskas-ellas-lv","9":"first","10":"instock","11":"taxable","12":"shipping-taxable","13":"purchasable","14":"product-type-simple"},"yoast_head":"<!-- This site is optimized with the Yoast SEO Premium plugin v27.0 (Yoast SEO v27.0) - https:\/\/yoast.com\/product\/yoast-seo-premium-wordpress\/ -->\n<title>LEMONGRASS 15ml - cosmetic.lv<\/title>\n<meta name=\"robots\" content=\"index, follow, max-snippet:-1, max-image-preview:large, max-video-preview:-1\" \/>\n<link rel=\"canonical\" href=\"https:\/\/cosmetic.lv\/lv\/product\/lemongrass-15ml\/\" \/>\n<meta property=\"og:locale\" content=\"lv_LV\" \/>\n<meta property=\"og:type\" content=\"article\" \/>\n<meta property=\"og:title\" content=\"LEMONGRASS 15ml\" \/>\n<meta property=\"og:description\" content=\"Citronz\u0101le Cymbopogon flexuosus. Citronz\u0101le Bot\u0101nisk\u0101 \u0123imene: graudaugi Izcelsmes valsts: Indija, Gvatemala Akt\u012bv\u0101s sast\u0101vda\u013cas: Neral (25-40%) Geranial (35-45%) Geranil (5-10%) Trans-beta-kariofil\u0113ns\" \/>\n<meta property=\"og:url\" content=\"https:\/\/cosmetic.lv\/lv\/product\/lemongrass-15ml\/\" \/>\n<meta property=\"og:site_name\" content=\"cosmetic.lv\" \/>\n<meta property=\"article:publisher\" content=\"https:\/\/www.facebook.com\/cosmetic.lv\/\" \/>\n<meta property=\"article:modified_time\" content=\"2021-02-11T20:53:06+00:00\" \/>\n<meta property=\"og:image\" content=\"https:\/\/cosmetic.lv\/wp-content\/uploads\/2021\/02\/lemongrass-s-7.jpg\" \/>\n\t<meta property=\"og:image:width\" content=\"100\" \/>\n\t<meta property=\"og:image:height\" content=\"240\" \/>\n\t<meta property=\"og:image:type\" content=\"image\/jpeg\" \/>\n<meta name=\"twitter:card\" content=\"summary_large_image\" \/>\n<script type=\"application\/ld+json\" class=\"yoast-schema-graph\">{\"@context\":\"https:\/\/schema.org\",\"@graph\":[{\"@type\":\"WebPage\",\"@id\":\"https:\/\/cosmetic.lv\/lv\/product\/lemongrass-15ml\/\",\"url\":\"https:\/\/cosmetic.lv\/lv\/product\/lemongrass-15ml\/\",\"name\":\"LEMONGRASS 15ml - cosmetic.lv\",\"isPartOf\":{\"@id\":\"https:\/\/cosmetic.lv\/lv\/#website\"},\"primaryImageOfPage\":{\"@id\":\"https:\/\/cosmetic.lv\/lv\/product\/lemongrass-15ml\/#primaryimage\"},\"image\":{\"@id\":\"https:\/\/cosmetic.lv\/lv\/product\/lemongrass-15ml\/#primaryimage\"},\"thumbnailUrl\":\"https:\/\/cosmetic.lv\/wp-content\/uploads\/2021\/02\/lemongrass-s-7.jpg\",\"datePublished\":\"2021-02-06T17:56:16+00:00\",\"dateModified\":\"2021-02-11T20:53:06+00:00\",\"breadcrumb\":{\"@id\":\"https:\/\/cosmetic.lv\/lv\/product\/lemongrass-15ml\/#breadcrumb\"},\"inLanguage\":\"lv-LV\",\"potentialAction\":[{\"@type\":\"ReadAction\",\"target\":[\"https:\/\/cosmetic.lv\/lv\/product\/lemongrass-15ml\/\"]}]},{\"@type\":\"ImageObject\",\"inLanguage\":\"lv-LV\",\"@id\":\"https:\/\/cosmetic.lv\/lv\/product\/lemongrass-15ml\/#primaryimage\",\"url\":\"https:\/\/cosmetic.lv\/wp-content\/uploads\/2021\/02\/lemongrass-s-7.jpg\",\"contentUrl\":\"https:\/\/cosmetic.lv\/wp-content\/uploads\/2021\/02\/lemongrass-s-7.jpg\",\"width\":100,\"height\":240,\"caption\":\"lemongrass-s.jpg\"},{\"@type\":\"BreadcrumbList\",\"@id\":\"https:\/\/cosmetic.lv\/lv\/product\/lemongrass-15ml\/#breadcrumb\",\"itemListElement\":[{\"@type\":\"ListItem\",\"position\":1,\"name\":\"Home\",\"item\":\"https:\/\/cosmetic.lv\/lv\/\"},{\"@type\":\"ListItem\",\"position\":2,\"name\":\"Veikals\",\"item\":\"https:\/\/cosmetic.lv\/lv\/veiklas\/\"},{\"@type\":\"ListItem\",\"position\":3,\"name\":\"LEMONGRASS 15ml\"}]},{\"@type\":\"WebSite\",\"@id\":\"https:\/\/cosmetic.lv\/lv\/#website\",\"url\":\"https:\/\/cosmetic.lv\/lv\/\",\"name\":\"cosmetic.lv\",\"description\":\"Profesion\u0101la kosm\u0113tika - Maria Galland, Keune, Arkadija, GMT, Guam, Magiray\",\"publisher\":{\"@id\":\"https:\/\/cosmetic.lv\/lv\/#organization\"},\"potentialAction\":[{\"@type\":\"SearchAction\",\"target\":{\"@type\":\"EntryPoint\",\"urlTemplate\":\"https:\/\/cosmetic.lv\/lv\/?s={search_term_string}\"},\"query-input\":{\"@type\":\"PropertyValueSpecification\",\"valueRequired\":true,\"valueName\":\"search_term_string\"}}],\"inLanguage\":\"lv-LV\"},{\"@type\":\"Organization\",\"@id\":\"https:\/\/cosmetic.lv\/lv\/#organization\",\"name\":\"COSMETIC.LV\",\"url\":\"https:\/\/cosmetic.lv\/lv\/\",\"logo\":{\"@type\":\"ImageObject\",\"inLanguage\":\"lv-LV\",\"@id\":\"https:\/\/cosmetic.lv\/lv\/#\/schema\/logo\/image\/\",\"url\":\"https:\/\/cosmetic.lv\/wp-content\/uploads\/2021\/02\/cosmetic.lv_logo.jpg\",\"contentUrl\":\"https:\/\/cosmetic.lv\/wp-content\/uploads\/2021\/02\/cosmetic.lv_logo.jpg\",\"width\":596,\"height\":196,\"caption\":\"COSMETIC.LV\"},\"image\":{\"@id\":\"https:\/\/cosmetic.lv\/lv\/#\/schema\/logo\/image\/\"},\"sameAs\":[\"https:\/\/www.facebook.com\/cosmetic.lv\/\"]}]}<\/script>\n<meta property=\"product:price:amount\" content=\"26.50\" \/>\n<meta property=\"product:price:currency\" content=\"EUR\" \/>\n<meta property=\"og:availability\" content=\"instock\" \/>\n<meta property=\"product:availability\" content=\"instock\" \/>\n<meta property=\"product:retailer_item_id\" content=\"358108\" \/>\n<meta property=\"product:condition\" content=\"new\" \/>\n<!-- \/ Yoast SEO Premium plugin. -->","yoast_head_json":{"title":"LEMONGRASS 15ml - cosmetic.lv","robots":{"index":"index","follow":"follow","max-snippet":"max-snippet:-1","max-image-preview":"max-image-preview:large","max-video-preview":"max-video-preview:-1"},"canonical":"https:\/\/cosmetic.lv\/lv\/product\/lemongrass-15ml\/","og_locale":"lv_LV","og_type":"article","og_title":"LEMONGRASS 15ml","og_description":"Citronz\u0101le Cymbopogon flexuosus. Citronz\u0101le Bot\u0101nisk\u0101 \u0123imene: graudaugi Izcelsmes valsts: Indija, Gvatemala Akt\u012bv\u0101s sast\u0101vda\u013cas: Neral (25-40%) Geranial (35-45%) Geranil (5-10%) Trans-beta-kariofil\u0113ns","og_url":"https:\/\/cosmetic.lv\/lv\/product\/lemongrass-15ml\/","og_site_name":"cosmetic.lv","article_publisher":"https:\/\/www.facebook.com\/cosmetic.lv\/","article_modified_time":"2021-02-11T20:53:06+00:00","og_image":[{"width":100,"height":240,"url":"https:\/\/cosmetic.lv\/wp-content\/uploads\/2021\/02\/lemongrass-s-7.jpg","type":"image\/jpeg"}],"twitter_card":"summary_large_image","schema":{"@context":"https:\/\/schema.org","@graph":[{"@type":"WebPage","@id":"https:\/\/cosmetic.lv\/lv\/product\/lemongrass-15ml\/","url":"https:\/\/cosmetic.lv\/lv\/product\/lemongrass-15ml\/","name":"LEMONGRASS 15ml - cosmetic.lv","isPartOf":{"@id":"https:\/\/cosmetic.lv\/lv\/#website"},"primaryImageOfPage":{"@id":"https:\/\/cosmetic.lv\/lv\/product\/lemongrass-15ml\/#primaryimage"},"image":{"@id":"https:\/\/cosmetic.lv\/lv\/product\/lemongrass-15ml\/#primaryimage"},"thumbnailUrl":"https:\/\/cosmetic.lv\/wp-content\/uploads\/2021\/02\/lemongrass-s-7.jpg","datePublished":"2021-02-06T17:56:16+00:00","dateModified":"2021-02-11T20:53:06+00:00","breadcrumb":{"@id":"https:\/\/cosmetic.lv\/lv\/product\/lemongrass-15ml\/#breadcrumb"},"inLanguage":"lv-LV","potentialAction":[{"@type":"ReadAction","target":["https:\/\/cosmetic.lv\/lv\/product\/lemongrass-15ml\/"]}]},{"@type":"ImageObject","inLanguage":"lv-LV","@id":"https:\/\/cosmetic.lv\/lv\/product\/lemongrass-15ml\/#primaryimage","url":"https:\/\/cosmetic.lv\/wp-content\/uploads\/2021\/02\/lemongrass-s-7.jpg","contentUrl":"https:\/\/cosmetic.lv\/wp-content\/uploads\/2021\/02\/lemongrass-s-7.jpg","width":100,"height":240,"caption":"lemongrass-s.jpg"},{"@type":"BreadcrumbList","@id":"https:\/\/cosmetic.lv\/lv\/product\/lemongrass-15ml\/#breadcrumb","itemListElement":[{"@type":"ListItem","position":1,"name":"Home","item":"https:\/\/cosmetic.lv\/lv\/"},{"@type":"ListItem","position":2,"name":"Veikals","item":"https:\/\/cosmetic.lv\/lv\/veiklas\/"},{"@type":"ListItem","position":3,"name":"LEMONGRASS 15ml"}]},{"@type":"WebSite","@id":"https:\/\/cosmetic.lv\/lv\/#website","url":"https:\/\/cosmetic.lv\/lv\/","name":"cosmetic.lv","description":"Profesion\u0101la kosm\u0113tika - Maria Galland, Keune, Arkadija, GMT, Guam, Magiray","publisher":{"@id":"https:\/\/cosmetic.lv\/lv\/#organization"},"potentialAction":[{"@type":"SearchAction","target":{"@type":"EntryPoint","urlTemplate":"https:\/\/cosmetic.lv\/lv\/?s={search_term_string}"},"query-input":{"@type":"PropertyValueSpecification","valueRequired":true,"valueName":"search_term_string"}}],"inLanguage":"lv-LV"},{"@type":"Organization","@id":"https:\/\/cosmetic.lv\/lv\/#organization","name":"COSMETIC.LV","url":"https:\/\/cosmetic.lv\/lv\/","logo":{"@type":"ImageObject","inLanguage":"lv-LV","@id":"https:\/\/cosmetic.lv\/lv\/#\/schema\/logo\/image\/","url":"https:\/\/cosmetic.lv\/wp-content\/uploads\/2021\/02\/cosmetic.lv_logo.jpg","contentUrl":"https:\/\/cosmetic.lv\/wp-content\/uploads\/2021\/02\/cosmetic.lv_logo.jpg","width":596,"height":196,"caption":"COSMETIC.LV"},"image":{"@id":"https:\/\/cosmetic.lv\/lv\/#\/schema\/logo\/image\/"},"sameAs":["https:\/\/www.facebook.com\/cosmetic.lv\/"]}]},"product_price_amount":"26.50","product_price_currency":"EUR","og_availability":"instock","product_availability":"instock","product_retailer_item_id":"358108","product_condition":"new"},"_links":{"self":[{"href":"https:\/\/cosmetic.lv\/lv\/wp-json\/wp\/v2\/product\/34690","targetHints":{"allow":["GET"]}}],"collection":[{"href":"https:\/\/cosmetic.lv\/lv\/wp-json\/wp\/v2\/product"}],"about":[{"href":"https:\/\/cosmetic.lv\/lv\/wp-json\/wp\/v2\/types\/product"}],"wp:featuredmedia":[{"embeddable":true,"href":"https:\/\/cosmetic.lv\/lv\/wp-json\/wp\/v2\/media\/17163"}],"wp:attachment":[{"href":"https:\/\/cosmetic.lv\/lv\/wp-json\/wp\/v2\/media?parent=34690"}],"wp:term":[{"taxonomy":"product_brand","embeddable":true,"href":"https:\/\/cosmetic.lv\/lv\/wp-json\/wp\/v2\/product_brand?post=34690"},{"taxonomy":"product_cat","embeddable":true,"href":"https:\/\/cosmetic.lv\/lv\/wp-json\/wp\/v2\/product_cat?post=34690"},{"taxonomy":"product_tag","embeddable":true,"href":"https:\/\/cosmetic.lv\/lv\/wp-json\/wp\/v2\/product_tag?post=34690"}],"curies":[{"name":"wp","href":"https:\/\/api.w.org\/{rel}","templated":true}]}}