{"id":34691,"date":"2021-02-05T22:44:03","date_gmt":"2021-02-06T17:56:16","guid":{"rendered":"https:\/\/damme.lv\/product\/lime-15ml\/"},"modified":"2021-02-11T22:53:07","modified_gmt":"2021-02-11T20:53:07","slug":"lime-15ml","status":"publish","type":"product","link":"https:\/\/cosmetic.lv\/lv\/product\/lime-15ml\/","title":{"rendered":"LIME 15ml"},"content":{"rendered":"<p>Laima. Citrus aurantifolia.<br \/>\nLaima<br \/>\nBot\u0101nisk\u0101 \u0123imene: citrusaug\u013ci<\/p>\n<p>Izcelsmes valsts: Kotdivu\u0101ra (Dienvid\u0101zija)<br \/>\nAkt\u012bv\u0101s sast\u0101vda\u013cas:<\/p>\n<p>Limon\u0113ns un eikalipts (50-60%)<br \/>\nGamma terpin\u0113na (10-15%)<br \/>\nBeta Pi\u0146ene (8-12%)<br \/>\nAlpha Pinene (2-5%)<br \/>\nKas ir ORAC? 26200 \u03bcTE \/ 100g!<\/p>\n<p>Kas ir ORAC? ORAC ir sk\u0101bek\u013ca radik\u0101las absorbcijas sp\u0113ja vai indikators par sp\u0113ju antioksidantus absorb\u0113t br\u012bvos radik\u0101\u013cus. Vienk\u0101r\u0161\u0101 valod\u0101 \u0161is zin\u0101tniskais j\u0113dziens noz\u012bm\u0113, cik labi \u0161\u012b viela pal\u012bdz manam organismam tikt gal\u0101 ar t\u0101diem trauc\u0113jumiem k\u0101 v\u0113zis, sirds un asinsvadu slim\u012bbas, hroniskas org\u0101nu un audu slim\u012bbas. To ieviesa zin\u0101tnieki no Nacion\u0101l\u0101 novec\u0113\u0161anas instit\u016bta Nacion\u0101lajos vesel\u012bbas instit\u016btos (NIH) Baltimor\u0113, ASV.<\/p>\n<p>Ra\u017eo\u0161anas metode: auksts spiediens no nesagatavotu aug\u013cu mizas<\/p>\n<p>V\u0113sturisk\u0101 pieredze: britu j\u016brnieki izmantoja citronus un ka\u013c\u0137us, lai nov\u0113rstu c\u0101\u013cus. Daudz v\u0113l\u0101k, k\u013cuva zin\u0101ms, ka citroni satur vair\u0101k C vitam\u012bna un ir lab\u0101kais l\u012bdzeklis c\u016bk\u0101m.<br \/>\nLaima \u0113terisk\u0101 e\u013c\u013ca tiek izmantota \u0101das kop\u0161anai, lai saglab\u0101tu un stiprin\u0101tu elpo\u0161anas un im\u016bnsist\u0113mu.<\/p>\n<p>\u0100rstniecisk\u0101s \u012bpa\u0161\u012bbas: pretreimatisma, pretv\u012brusu, antibakteri\u0101la, toniz\u0113jo\u0161a, toniz\u0113jo\u0161a, aknu, \u017eultsakme\u0146u (iz\u0161\u0137\u012bst), \u0137erme\u0146a detoksik\u0101cijas, veicina balto asins \u0161\u016bnu veido\u0161anos, mazg\u0101 limfas sist\u0113mu, atjauno matus.<\/p>\n<p>K\u0101das slim\u012bbas j\u0101lieto: \u0101das slim\u012bbas (p\u016bt\u012btes, p\u016bt\u012btes, herpes), pigmenta plankumi, \u0101das vilnis (saasina \u0101du), celul\u012bts, matu probl\u0113mas, kukai\u0146u kod\u0113\u0161ana, bakteri\u0101las infekcijas, infekcijas slim\u012bbas, elpo\u0161anas sist\u0113mas slim\u012bbas, aukstums, gripa, s\u0101pes kakla s\u0101pes, zems imunit\u0101te, \u0137erme\u0146a intoksik\u0101cija, sl\u0101p\u0113\u0161ana, aknu darb\u012bbas trauc\u0113jumi, \u017eultsakme\u0146i, mazg\u0101 limfas sist\u0113mu, atmi\u0146as trauc\u0113jumi, trauksme, trauksme, panikas l\u0113kmes, \u0161oks.<\/p>\n<p>Gar\u012bg\u0101s un emocion\u0101l\u0101s ietekmes: Laima \u0113terisk\u0101 e\u013c\u013ca ir dabisks l\u012bdzeklis trauksmei panikas l\u0113kmes gad\u012bjum\u0101. E\u013c\u013ca pal\u012bdz mazin\u0101t kairin\u0101jumu un spriedzi (pr\u0101ts un \u0137ermenis), veicina centr\u0101\u0161anos, pa\u0161apzi\u0146u.<\/p>\n<p>E\u013c\u013ca var atbr\u012bvot \u0161\u016bnu atmi\u0146u p\u0113c nelaimes un negad\u012bjuma!<\/p>\n<p>Ietekme uz pr\u0101tu: uzlabo garast\u0101vokli, uzlabo koncentr\u0101ciju.<\/p>\n<p>Lieto\u0161ana un doz\u0113\u0161ana:<\/p>\n<p>At\u0161\u0137aida 1: 1 ar augu e\u013c\u013cu vai e\u013c\u013cu V-6<br \/>\ne\u013c\u013ca tiek uzskat\u012bta par dro\u0161u (GRAS) iek\u0161\u0113jai lieto\u0161anai FDA<br \/>\nielieciet 1-3 pilienus uz iekaisuma vietas<br \/>\nnorijot, ievietot kapsul\u0101 2 reizes dien\u0101, ja nepiecie\u0161ams<br \/>\nielieciet Vita Flex punktus<br \/>\nRaindrop Technique mas\u0101\u017ea &#8211; sl\u0101\u0146ain\u0101 e\u013c\u013ca<br \/>\nieelpot no plaukst\u0101m vai no pudeles<br \/>\n5-8 pilienus difuzor\u0101, 30 min\u016btes 3 reizes dien\u0101 vai p\u0113c nepiecie\u0161am\u012bbas<br \/>\n5-6 pilieni uz vienu vannu uz emulgatora<br \/>\nKosm\u0113tikas bag\u0101tin\u0101\u0161ana: 2 pilienus uz 10 ml b\u0101zes<br \/>\nIzmantojiet m\u0101jdz\u012bvniekiem: J\u0101, j\u016bs varat. \u012apa\u0161i noder\u012bgi izmantot StressAway mais\u012bjumu, lai rad\u012btu dz\u012bvnieku emocion\u0101lo mieru. Run\u0101jot par cilv\u0113kiem, nelietojiet 48 stundas pirms izk\u0101p\u0161anas saul\u0113.<\/p>\n<p>Da\u017eas e\u013c\u013cas var b\u016bt \u013coti toksiskas ka\u0137iem. Tie ietver citrusaug\u013cu e\u013c\u013cas, kas nav terapeitiskas kvalit\u0101tes! L\u016bdzu, sazinieties ar savu veterin\u0101r\u0101rstu, ja neesat p\u0101rliecin\u0101ts, vai varat izmantot \u0113terisko e\u013c\u013cu j\u016bsu pet.<\/p>\n<p>Piesardz\u012bbas pas\u0101kumi:<\/p>\n<p>izmantot tikai terapeitisku kvalit\u0101ti<br \/>\nAt\u0161\u0137aida 1: 1 ar augu e\u013c\u013cu vai e\u013c\u013cu V-6<br \/>\ne\u013c\u013ca tiek uzskat\u012bta par dro\u0161u (GRAS) iek\u0161\u0113jai lieto\u0161anai FDA<br \/>\nb\u0113rniem l\u012bdz 6 gadu vecumam nevajadz\u0113tu lietot e\u013c\u013cu k\u0101 uztura bag\u0101tin\u0101t\u0101ju<br \/>\nja uzkl\u0101j uz \u0101das t\u012br\u0101 form\u0101, neliela dedzino\u0161a saj\u016bta 1-3 min\u016btes, reakcija ir dabiska<br \/>\nglab\u0101t b\u0113rniem nepieejam\u0101 viet\u0101<br \/>\nNelietot uz \u0101das 48 stundas pirms saules iedarb\u012bbas<br \/>\nnosl\u0113gt\u0101 iepakojuma der\u012bguma termi\u0146\u0161 nav ierobe\u017eots<br \/>\n\u0112terisk\u0101s e\u013c\u013cas ka\u013c\u0137is iek\u013cauts: AlkaLime, Stress Away, KidScents MightyVites<\/p>\n","protected":false},"excerpt":{"rendered":"<p>Laima. Citrus aurantifolia. Laima Bot\u0101nisk\u0101 \u0123imene: citrusaug\u013ci Izcelsmes valsts: Kotdivu\u0101ra (Dienvid\u0101zija) Akt\u012bv\u0101s sast\u0101vda\u013cas: Limon\u0113ns un eikalipts (50-60%) Gamma terpin\u0113na (10-15%)<\/p>\n","protected":false},"featured_media":17167,"template":"","meta":[],"product_brand":[],"product_cat":[2186,2193],"product_tag":[],"class_list":{"0":"post-34691","1":"product","2":"type-product","3":"status-publish","4":"has-post-thumbnail","6":"product_cat-young-living-eteriskas-ellas-un-kosmetika-augstas-kvalitates","7":"product_cat-eteriskas-ellas-lv","9":"first","10":"instock","11":"taxable","12":"shipping-taxable","13":"purchasable","14":"product-type-simple"},"yoast_head":"<!-- This site is optimized with the Yoast SEO Premium plugin v27.0 (Yoast SEO v27.0) - https:\/\/yoast.com\/product\/yoast-seo-premium-wordpress\/ -->\n<title>LIME 15ml - cosmetic.lv<\/title>\n<meta name=\"robots\" content=\"index, follow, max-snippet:-1, max-image-preview:large, max-video-preview:-1\" \/>\n<link rel=\"canonical\" href=\"https:\/\/cosmetic.lv\/lv\/product\/lime-15ml\/\" \/>\n<meta property=\"og:locale\" content=\"lv_LV\" \/>\n<meta property=\"og:type\" content=\"article\" \/>\n<meta property=\"og:title\" content=\"LIME 15ml\" \/>\n<meta property=\"og:description\" content=\"Laima. Citrus aurantifolia. Laima Bot\u0101nisk\u0101 \u0123imene: citrusaug\u013ci Izcelsmes valsts: Kotdivu\u0101ra (Dienvid\u0101zija) Akt\u012bv\u0101s sast\u0101vda\u013cas: Limon\u0113ns un eikalipts (50-60%) Gamma terpin\u0113na (10-15%)\" \/>\n<meta property=\"og:url\" content=\"https:\/\/cosmetic.lv\/lv\/product\/lime-15ml\/\" \/>\n<meta property=\"og:site_name\" content=\"cosmetic.lv\" \/>\n<meta property=\"article:publisher\" content=\"https:\/\/www.facebook.com\/cosmetic.lv\/\" \/>\n<meta property=\"article:modified_time\" content=\"2021-02-11T20:53:07+00:00\" \/>\n<meta property=\"og:image\" content=\"https:\/\/cosmetic.lv\/wp-content\/uploads\/2021\/02\/lime-s-4.jpg\" \/>\n\t<meta property=\"og:image:width\" content=\"100\" \/>\n\t<meta property=\"og:image:height\" content=\"240\" \/>\n\t<meta property=\"og:image:type\" content=\"image\/jpeg\" \/>\n<meta name=\"twitter:card\" content=\"summary_large_image\" \/>\n<script type=\"application\/ld+json\" class=\"yoast-schema-graph\">{\"@context\":\"https:\/\/schema.org\",\"@graph\":[{\"@type\":\"WebPage\",\"@id\":\"https:\/\/cosmetic.lv\/lv\/product\/lime-15ml\/\",\"url\":\"https:\/\/cosmetic.lv\/lv\/product\/lime-15ml\/\",\"name\":\"LIME 15ml - cosmetic.lv\",\"isPartOf\":{\"@id\":\"https:\/\/cosmetic.lv\/lv\/#website\"},\"primaryImageOfPage\":{\"@id\":\"https:\/\/cosmetic.lv\/lv\/product\/lime-15ml\/#primaryimage\"},\"image\":{\"@id\":\"https:\/\/cosmetic.lv\/lv\/product\/lime-15ml\/#primaryimage\"},\"thumbnailUrl\":\"https:\/\/cosmetic.lv\/wp-content\/uploads\/2021\/02\/lime-s-4.jpg\",\"datePublished\":\"2021-02-06T17:56:16+00:00\",\"dateModified\":\"2021-02-11T20:53:07+00:00\",\"breadcrumb\":{\"@id\":\"https:\/\/cosmetic.lv\/lv\/product\/lime-15ml\/#breadcrumb\"},\"inLanguage\":\"lv-LV\",\"potentialAction\":[{\"@type\":\"ReadAction\",\"target\":[\"https:\/\/cosmetic.lv\/lv\/product\/lime-15ml\/\"]}]},{\"@type\":\"ImageObject\",\"inLanguage\":\"lv-LV\",\"@id\":\"https:\/\/cosmetic.lv\/lv\/product\/lime-15ml\/#primaryimage\",\"url\":\"https:\/\/cosmetic.lv\/wp-content\/uploads\/2021\/02\/lime-s-4.jpg\",\"contentUrl\":\"https:\/\/cosmetic.lv\/wp-content\/uploads\/2021\/02\/lime-s-4.jpg\",\"width\":100,\"height\":240,\"caption\":\"lime-s.jpg\"},{\"@type\":\"BreadcrumbList\",\"@id\":\"https:\/\/cosmetic.lv\/lv\/product\/lime-15ml\/#breadcrumb\",\"itemListElement\":[{\"@type\":\"ListItem\",\"position\":1,\"name\":\"Home\",\"item\":\"https:\/\/cosmetic.lv\/lv\/\"},{\"@type\":\"ListItem\",\"position\":2,\"name\":\"Veikals\",\"item\":\"https:\/\/cosmetic.lv\/lv\/veiklas\/\"},{\"@type\":\"ListItem\",\"position\":3,\"name\":\"LIME 15ml\"}]},{\"@type\":\"WebSite\",\"@id\":\"https:\/\/cosmetic.lv\/lv\/#website\",\"url\":\"https:\/\/cosmetic.lv\/lv\/\",\"name\":\"cosmetic.lv\",\"description\":\"Profesion\u0101la kosm\u0113tika - Maria Galland, Keune, Arkadija, GMT, Guam, Magiray\",\"publisher\":{\"@id\":\"https:\/\/cosmetic.lv\/lv\/#organization\"},\"potentialAction\":[{\"@type\":\"SearchAction\",\"target\":{\"@type\":\"EntryPoint\",\"urlTemplate\":\"https:\/\/cosmetic.lv\/lv\/?s={search_term_string}\"},\"query-input\":{\"@type\":\"PropertyValueSpecification\",\"valueRequired\":true,\"valueName\":\"search_term_string\"}}],\"inLanguage\":\"lv-LV\"},{\"@type\":\"Organization\",\"@id\":\"https:\/\/cosmetic.lv\/lv\/#organization\",\"name\":\"COSMETIC.LV\",\"url\":\"https:\/\/cosmetic.lv\/lv\/\",\"logo\":{\"@type\":\"ImageObject\",\"inLanguage\":\"lv-LV\",\"@id\":\"https:\/\/cosmetic.lv\/lv\/#\/schema\/logo\/image\/\",\"url\":\"https:\/\/cosmetic.lv\/wp-content\/uploads\/2021\/02\/cosmetic.lv_logo.jpg\",\"contentUrl\":\"https:\/\/cosmetic.lv\/wp-content\/uploads\/2021\/02\/cosmetic.lv_logo.jpg\",\"width\":596,\"height\":196,\"caption\":\"COSMETIC.LV\"},\"image\":{\"@id\":\"https:\/\/cosmetic.lv\/lv\/#\/schema\/logo\/image\/\"},\"sameAs\":[\"https:\/\/www.facebook.com\/cosmetic.lv\/\"]}]}<\/script>\n<meta property=\"product:price:amount\" content=\"28.45\" \/>\n<meta property=\"product:price:currency\" content=\"EUR\" \/>\n<meta property=\"og:availability\" content=\"instock\" \/>\n<meta property=\"product:availability\" content=\"instock\" \/>\n<meta property=\"product:retailer_item_id\" content=\"307408\" \/>\n<meta property=\"product:condition\" content=\"new\" \/>\n<!-- \/ Yoast SEO Premium plugin. -->","yoast_head_json":{"title":"LIME 15ml - cosmetic.lv","robots":{"index":"index","follow":"follow","max-snippet":"max-snippet:-1","max-image-preview":"max-image-preview:large","max-video-preview":"max-video-preview:-1"},"canonical":"https:\/\/cosmetic.lv\/lv\/product\/lime-15ml\/","og_locale":"lv_LV","og_type":"article","og_title":"LIME 15ml","og_description":"Laima. Citrus aurantifolia. Laima Bot\u0101nisk\u0101 \u0123imene: citrusaug\u013ci Izcelsmes valsts: Kotdivu\u0101ra (Dienvid\u0101zija) Akt\u012bv\u0101s sast\u0101vda\u013cas: Limon\u0113ns un eikalipts (50-60%) Gamma terpin\u0113na (10-15%)","og_url":"https:\/\/cosmetic.lv\/lv\/product\/lime-15ml\/","og_site_name":"cosmetic.lv","article_publisher":"https:\/\/www.facebook.com\/cosmetic.lv\/","article_modified_time":"2021-02-11T20:53:07+00:00","og_image":[{"width":100,"height":240,"url":"https:\/\/cosmetic.lv\/wp-content\/uploads\/2021\/02\/lime-s-4.jpg","type":"image\/jpeg"}],"twitter_card":"summary_large_image","schema":{"@context":"https:\/\/schema.org","@graph":[{"@type":"WebPage","@id":"https:\/\/cosmetic.lv\/lv\/product\/lime-15ml\/","url":"https:\/\/cosmetic.lv\/lv\/product\/lime-15ml\/","name":"LIME 15ml - cosmetic.lv","isPartOf":{"@id":"https:\/\/cosmetic.lv\/lv\/#website"},"primaryImageOfPage":{"@id":"https:\/\/cosmetic.lv\/lv\/product\/lime-15ml\/#primaryimage"},"image":{"@id":"https:\/\/cosmetic.lv\/lv\/product\/lime-15ml\/#primaryimage"},"thumbnailUrl":"https:\/\/cosmetic.lv\/wp-content\/uploads\/2021\/02\/lime-s-4.jpg","datePublished":"2021-02-06T17:56:16+00:00","dateModified":"2021-02-11T20:53:07+00:00","breadcrumb":{"@id":"https:\/\/cosmetic.lv\/lv\/product\/lime-15ml\/#breadcrumb"},"inLanguage":"lv-LV","potentialAction":[{"@type":"ReadAction","target":["https:\/\/cosmetic.lv\/lv\/product\/lime-15ml\/"]}]},{"@type":"ImageObject","inLanguage":"lv-LV","@id":"https:\/\/cosmetic.lv\/lv\/product\/lime-15ml\/#primaryimage","url":"https:\/\/cosmetic.lv\/wp-content\/uploads\/2021\/02\/lime-s-4.jpg","contentUrl":"https:\/\/cosmetic.lv\/wp-content\/uploads\/2021\/02\/lime-s-4.jpg","width":100,"height":240,"caption":"lime-s.jpg"},{"@type":"BreadcrumbList","@id":"https:\/\/cosmetic.lv\/lv\/product\/lime-15ml\/#breadcrumb","itemListElement":[{"@type":"ListItem","position":1,"name":"Home","item":"https:\/\/cosmetic.lv\/lv\/"},{"@type":"ListItem","position":2,"name":"Veikals","item":"https:\/\/cosmetic.lv\/lv\/veiklas\/"},{"@type":"ListItem","position":3,"name":"LIME 15ml"}]},{"@type":"WebSite","@id":"https:\/\/cosmetic.lv\/lv\/#website","url":"https:\/\/cosmetic.lv\/lv\/","name":"cosmetic.lv","description":"Profesion\u0101la kosm\u0113tika - Maria Galland, Keune, Arkadija, GMT, Guam, Magiray","publisher":{"@id":"https:\/\/cosmetic.lv\/lv\/#organization"},"potentialAction":[{"@type":"SearchAction","target":{"@type":"EntryPoint","urlTemplate":"https:\/\/cosmetic.lv\/lv\/?s={search_term_string}"},"query-input":{"@type":"PropertyValueSpecification","valueRequired":true,"valueName":"search_term_string"}}],"inLanguage":"lv-LV"},{"@type":"Organization","@id":"https:\/\/cosmetic.lv\/lv\/#organization","name":"COSMETIC.LV","url":"https:\/\/cosmetic.lv\/lv\/","logo":{"@type":"ImageObject","inLanguage":"lv-LV","@id":"https:\/\/cosmetic.lv\/lv\/#\/schema\/logo\/image\/","url":"https:\/\/cosmetic.lv\/wp-content\/uploads\/2021\/02\/cosmetic.lv_logo.jpg","contentUrl":"https:\/\/cosmetic.lv\/wp-content\/uploads\/2021\/02\/cosmetic.lv_logo.jpg","width":596,"height":196,"caption":"COSMETIC.LV"},"image":{"@id":"https:\/\/cosmetic.lv\/lv\/#\/schema\/logo\/image\/"},"sameAs":["https:\/\/www.facebook.com\/cosmetic.lv\/"]}]},"product_price_amount":"28.45","product_price_currency":"EUR","og_availability":"instock","product_availability":"instock","product_retailer_item_id":"307408","product_condition":"new"},"_links":{"self":[{"href":"https:\/\/cosmetic.lv\/lv\/wp-json\/wp\/v2\/product\/34691","targetHints":{"allow":["GET"]}}],"collection":[{"href":"https:\/\/cosmetic.lv\/lv\/wp-json\/wp\/v2\/product"}],"about":[{"href":"https:\/\/cosmetic.lv\/lv\/wp-json\/wp\/v2\/types\/product"}],"wp:featuredmedia":[{"embeddable":true,"href":"https:\/\/cosmetic.lv\/lv\/wp-json\/wp\/v2\/media\/17167"}],"wp:attachment":[{"href":"https:\/\/cosmetic.lv\/lv\/wp-json\/wp\/v2\/media?parent=34691"}],"wp:term":[{"taxonomy":"product_brand","embeddable":true,"href":"https:\/\/cosmetic.lv\/lv\/wp-json\/wp\/v2\/product_brand?post=34691"},{"taxonomy":"product_cat","embeddable":true,"href":"https:\/\/cosmetic.lv\/lv\/wp-json\/wp\/v2\/product_cat?post=34691"},{"taxonomy":"product_tag","embeddable":true,"href":"https:\/\/cosmetic.lv\/lv\/wp-json\/wp\/v2\/product_tag?post=34691"}],"curies":[{"name":"wp","href":"https:\/\/api.w.org\/{rel}","templated":true}]}}