{"id":34693,"date":"2021-02-05T22:44:03","date_gmt":"2021-02-06T17:56:16","guid":{"rendered":"https:\/\/damme.lv\/product\/triphala-300g\/"},"modified":"2022-03-16T23:38:01","modified_gmt":"2022-03-16T21:38:01","slug":"triphala-300g","status":"publish","type":"product","link":"https:\/\/cosmetic.lv\/lv\/product\/triphala-300g\/","title":{"rendered":"Triphala  dabisk\u0101s organisma aizsargsp\u0113jas 300g"},"content":{"rendered":"<p>&nbsp;<\/p>\n<p>Trifala\u00a0 dabas produkts, uzlabo vielu mai\u0146u, iedarbojas att\u012bro\u0161i un k\u0101 detoksikants. Harmoniz\u0113 visas tr\u012bs do\u0161as<\/p>\n<p>Piem\u012bt pretiekaisuma, antibakteri\u0101la, antiseptiska, toniz\u0113jo\u0161a iedarb\u012bba. Viens no komponentiem efekt\u012bvai svara regul\u0113\u0161anai. Izvada no organisma \u0161lakvielas un toks\u012bnus. Uzlabo zarnu darb\u012bbu, veicina regul\u0101ru v\u0113dera izeju.<br \/>\nTrifala veiksm\u012bgi savieno lab\u0101k\u0101s triju augu \u012bpa\u0161\u012bbas, izteikta att\u012bro\u0161a un atjaunino\u0161a iedarb\u012bba uz visu cilv\u0113ka organismu.<\/p>\n<p>Sast\u0101vs:<br \/>\nAmalaki, Amla (Emblica officinalis, Amla)<br \/>\nBibhitaki (Terminalia bellirica, Bibhitaki)<br \/>\nHaritaki (Terminalia chebula, Haritaki)<\/p>\n<p>Lieto\u0161ana: \u00bd t\u0113jkarotes r\u012bt\u0101 un vakar\u0101, vai l\u012bdz 1 t\u0113jkarotei vienreiz dien\u0101 pirms gul\u0113tie\u0161anas, uzdzerot virs\u016b siltu \u016bdeni vai pienu, var ar medu.<br \/>\nB\u0113rniem 6-14 gadu vecum\u0101\u00a0 \u00bd t\u0113jkarote 1 reizi dien\u0101 pirms gul\u0113tie\u0161anas.<br \/>\nMinim\u0101lais profilaktiskais kurss\u00a0 45 dienas, p\u0113c kursa beig\u0161anas p\u0101rtraukums nav oblig\u0101ts.<\/p>\n<p>Lieto\u0161anas rekomend\u0101cijas:<br \/>\nTrifalu lieto iek\u0161\u0137\u012bgi, ja trauc\u0113tas zarnu darb\u012bbas funkcijas, bezmiegs un nervu p\u0101rp\u016ble, infekciju gad\u012bjumos un k\u0101 visp\u0101r\u0113ju toniz\u0113jo\u0161u l\u012bdzekli.<\/p>\n<p>Saaukst\u0113\u0161an\u0101s slim\u012bbu gad\u012bjumos labi lieto Trifalu kop\u0101 ar Sitopaladi \u010durnu. Ginekolo\u0123isku slim\u012bbu gad\u012bjumos lieto ar Amalaki rasajanu un \u010cavanpra\u0161u, traumu gad\u012bjumos lieto vienlaic\u012bgi ar \u0160ilad\u017eitu (mumijo).<\/p>\n<p>Trifalas lieto\u0161ana reiz\u0113 ar \u010cavanpra\u0161u vai Gotu-kolu (brahmi rasajana) ieteicama studentiem sesijas laik\u0101, zin\u0101tniekiem un gar\u012bga darba veic\u0113jiem.<\/p>\n<p>Trifalu lieto ar\u012b \u0101r\u012bgi\u00a0 r\u0113tu apmazg\u0101\u0161anai, kad iekaisu\u0161as acis, ausis. Lai att\u012br\u012btu un uzlabotu \u0101das st\u0101vokli, var likt maskas ar Trifalu.<\/p>\n<p>Lietojot Trifalu, j\u016bs sevi pasarg\u0101siet no toks\u012bnu graujo\u0161\u0101s iedarb\u012bbas uz organismu un no priek\u0161laic\u012bgas noveco\u0161anas. Nov\u0113rots, ka Trifala att\u012bra un atjaunina visus organisma audus un kav\u0113 audz\u0113ju veido\u0161anos.<\/p>\n<p>Ra\u017eot\u0101js:\u00a0 Indija<br \/>\nIepakojums: pulveris 300g<\/p>\n<p>&nbsp;<\/p>\n","protected":false},"excerpt":{"rendered":"<p>&nbsp; Trifala\u00a0 dabas produkts, uzlabo vielu mai\u0146u, iedarbojas att\u012bro\u0161i un k\u0101 detoksikants. Harmoniz\u0113 visas tr\u012bs do\u0161as Piem\u012bt pretiekaisuma, antibakteri\u0101la, antiseptiska,<\/p>\n","protected":false},"featured_media":10748,"template":"","meta":[],"product_brand":[],"product_cat":[2239,2250],"product_tag":[],"class_list":{"0":"post-34693","1":"product","2":"type-product","3":"status-publish","4":"has-post-thumbnail","6":"product_cat-uztura-bagatinataji-lv","7":"product_cat-visparnostiprinosi-lidzekli-lv","9":"first","10":"instock","11":"taxable","12":"shipping-taxable","13":"purchasable","14":"product-type-simple"},"yoast_head":"<!-- This site is optimized with the Yoast SEO Premium plugin v27.0 (Yoast SEO v27.0) - https:\/\/yoast.com\/product\/yoast-seo-premium-wordpress\/ -->\n<title>Triphala dabisk\u0101s organisma aizsargsp\u0113jas 300g - cosmetic.lv<\/title>\n<meta name=\"robots\" content=\"index, follow, max-snippet:-1, max-image-preview:large, max-video-preview:-1\" \/>\n<link rel=\"canonical\" href=\"https:\/\/cosmetic.lv\/lv\/product\/triphala-300g\/\" \/>\n<meta property=\"og:locale\" content=\"lv_LV\" \/>\n<meta property=\"og:type\" content=\"article\" \/>\n<meta property=\"og:title\" content=\"Triphala dabisk\u0101s organisma aizsargsp\u0113jas 300g\" \/>\n<meta property=\"og:description\" content=\"&nbsp; Trifala\u00a0 dabas produkts, uzlabo vielu mai\u0146u, iedarbojas att\u012bro\u0161i un k\u0101 detoksikants. Harmoniz\u0113 visas tr\u012bs do\u0161as Piem\u012bt pretiekaisuma, antibakteri\u0101la, antiseptiska,\" \/>\n<meta property=\"og:url\" content=\"https:\/\/cosmetic.lv\/lv\/product\/triphala-300g\/\" \/>\n<meta property=\"og:site_name\" content=\"cosmetic.lv\" \/>\n<meta property=\"article:publisher\" content=\"https:\/\/www.facebook.com\/cosmetic.lv\/\" \/>\n<meta property=\"article:modified_time\" content=\"2022-03-16T21:38:01+00:00\" \/>\n<meta property=\"og:image\" content=\"https:\/\/cosmetic.lv\/wp-content\/uploads\/2021\/02\/20201206_1321081.jpg\" \/>\n\t<meta property=\"og:image:width\" content=\"450\" \/>\n\t<meta property=\"og:image:height\" content=\"800\" \/>\n\t<meta property=\"og:image:type\" content=\"image\/jpeg\" \/>\n<meta name=\"twitter:card\" content=\"summary_large_image\" \/>\n<script type=\"application\/ld+json\" class=\"yoast-schema-graph\">{\"@context\":\"https:\/\/schema.org\",\"@graph\":[{\"@type\":\"WebPage\",\"@id\":\"https:\/\/cosmetic.lv\/lv\/product\/triphala-300g\/\",\"url\":\"https:\/\/cosmetic.lv\/lv\/product\/triphala-300g\/\",\"name\":\"Triphala dabisk\u0101s organisma aizsargsp\u0113jas 300g - cosmetic.lv\",\"isPartOf\":{\"@id\":\"https:\/\/cosmetic.lv\/lv\/#website\"},\"primaryImageOfPage\":{\"@id\":\"https:\/\/cosmetic.lv\/lv\/product\/triphala-300g\/#primaryimage\"},\"image\":{\"@id\":\"https:\/\/cosmetic.lv\/lv\/product\/triphala-300g\/#primaryimage\"},\"thumbnailUrl\":\"https:\/\/cosmetic.lv\/wp-content\/uploads\/2021\/02\/20201206_1321081.jpg\",\"datePublished\":\"2021-02-06T17:56:16+00:00\",\"dateModified\":\"2022-03-16T21:38:01+00:00\",\"breadcrumb\":{\"@id\":\"https:\/\/cosmetic.lv\/lv\/product\/triphala-300g\/#breadcrumb\"},\"inLanguage\":\"lv-LV\",\"potentialAction\":[{\"@type\":\"ReadAction\",\"target\":[\"https:\/\/cosmetic.lv\/lv\/product\/triphala-300g\/\"]}]},{\"@type\":\"ImageObject\",\"inLanguage\":\"lv-LV\",\"@id\":\"https:\/\/cosmetic.lv\/lv\/product\/triphala-300g\/#primaryimage\",\"url\":\"https:\/\/cosmetic.lv\/wp-content\/uploads\/2021\/02\/20201206_1321081.jpg\",\"contentUrl\":\"https:\/\/cosmetic.lv\/wp-content\/uploads\/2021\/02\/20201206_1321081.jpg\",\"width\":450,\"height\":800,\"caption\":\"20201206_132108[1].jpg\"},{\"@type\":\"BreadcrumbList\",\"@id\":\"https:\/\/cosmetic.lv\/lv\/product\/triphala-300g\/#breadcrumb\",\"itemListElement\":[{\"@type\":\"ListItem\",\"position\":1,\"name\":\"Home\",\"item\":\"https:\/\/cosmetic.lv\/lv\/\"},{\"@type\":\"ListItem\",\"position\":2,\"name\":\"Veikals\",\"item\":\"https:\/\/cosmetic.lv\/lv\/veiklas\/\"},{\"@type\":\"ListItem\",\"position\":3,\"name\":\"Triphala dabisk\u0101s organisma aizsargsp\u0113jas 300g\"}]},{\"@type\":\"WebSite\",\"@id\":\"https:\/\/cosmetic.lv\/lv\/#website\",\"url\":\"https:\/\/cosmetic.lv\/lv\/\",\"name\":\"cosmetic.lv\",\"description\":\"Profesion\u0101la kosm\u0113tika - Maria Galland, Keune, Arkadija, GMT, Guam, Magiray\",\"publisher\":{\"@id\":\"https:\/\/cosmetic.lv\/lv\/#organization\"},\"potentialAction\":[{\"@type\":\"SearchAction\",\"target\":{\"@type\":\"EntryPoint\",\"urlTemplate\":\"https:\/\/cosmetic.lv\/lv\/?s={search_term_string}\"},\"query-input\":{\"@type\":\"PropertyValueSpecification\",\"valueRequired\":true,\"valueName\":\"search_term_string\"}}],\"inLanguage\":\"lv-LV\"},{\"@type\":\"Organization\",\"@id\":\"https:\/\/cosmetic.lv\/lv\/#organization\",\"name\":\"COSMETIC.LV\",\"url\":\"https:\/\/cosmetic.lv\/lv\/\",\"logo\":{\"@type\":\"ImageObject\",\"inLanguage\":\"lv-LV\",\"@id\":\"https:\/\/cosmetic.lv\/lv\/#\/schema\/logo\/image\/\",\"url\":\"https:\/\/cosmetic.lv\/wp-content\/uploads\/2021\/02\/cosmetic.lv_logo.jpg\",\"contentUrl\":\"https:\/\/cosmetic.lv\/wp-content\/uploads\/2021\/02\/cosmetic.lv_logo.jpg\",\"width\":596,\"height\":196,\"caption\":\"COSMETIC.LV\"},\"image\":{\"@id\":\"https:\/\/cosmetic.lv\/lv\/#\/schema\/logo\/image\/\"},\"sameAs\":[\"https:\/\/www.facebook.com\/cosmetic.lv\/\"]}]}<\/script>\n<meta property=\"product:price:amount\" content=\"12.50\" \/>\n<meta property=\"product:price:currency\" content=\"EUR\" \/>\n<meta property=\"og:availability\" content=\"instock\" \/>\n<meta property=\"product:availability\" content=\"instock\" \/>\n<meta property=\"product:retailer_item_id\" content=\"tr300\" \/>\n<meta property=\"product:condition\" content=\"new\" \/>\n<!-- \/ Yoast SEO Premium plugin. -->","yoast_head_json":{"title":"Triphala dabisk\u0101s organisma aizsargsp\u0113jas 300g - cosmetic.lv","robots":{"index":"index","follow":"follow","max-snippet":"max-snippet:-1","max-image-preview":"max-image-preview:large","max-video-preview":"max-video-preview:-1"},"canonical":"https:\/\/cosmetic.lv\/lv\/product\/triphala-300g\/","og_locale":"lv_LV","og_type":"article","og_title":"Triphala dabisk\u0101s organisma aizsargsp\u0113jas 300g","og_description":"&nbsp; Trifala\u00a0 dabas produkts, uzlabo vielu mai\u0146u, iedarbojas att\u012bro\u0161i un k\u0101 detoksikants. Harmoniz\u0113 visas tr\u012bs do\u0161as Piem\u012bt pretiekaisuma, antibakteri\u0101la, antiseptiska,","og_url":"https:\/\/cosmetic.lv\/lv\/product\/triphala-300g\/","og_site_name":"cosmetic.lv","article_publisher":"https:\/\/www.facebook.com\/cosmetic.lv\/","article_modified_time":"2022-03-16T21:38:01+00:00","og_image":[{"width":450,"height":800,"url":"https:\/\/cosmetic.lv\/wp-content\/uploads\/2021\/02\/20201206_1321081.jpg","type":"image\/jpeg"}],"twitter_card":"summary_large_image","schema":{"@context":"https:\/\/schema.org","@graph":[{"@type":"WebPage","@id":"https:\/\/cosmetic.lv\/lv\/product\/triphala-300g\/","url":"https:\/\/cosmetic.lv\/lv\/product\/triphala-300g\/","name":"Triphala dabisk\u0101s organisma aizsargsp\u0113jas 300g - cosmetic.lv","isPartOf":{"@id":"https:\/\/cosmetic.lv\/lv\/#website"},"primaryImageOfPage":{"@id":"https:\/\/cosmetic.lv\/lv\/product\/triphala-300g\/#primaryimage"},"image":{"@id":"https:\/\/cosmetic.lv\/lv\/product\/triphala-300g\/#primaryimage"},"thumbnailUrl":"https:\/\/cosmetic.lv\/wp-content\/uploads\/2021\/02\/20201206_1321081.jpg","datePublished":"2021-02-06T17:56:16+00:00","dateModified":"2022-03-16T21:38:01+00:00","breadcrumb":{"@id":"https:\/\/cosmetic.lv\/lv\/product\/triphala-300g\/#breadcrumb"},"inLanguage":"lv-LV","potentialAction":[{"@type":"ReadAction","target":["https:\/\/cosmetic.lv\/lv\/product\/triphala-300g\/"]}]},{"@type":"ImageObject","inLanguage":"lv-LV","@id":"https:\/\/cosmetic.lv\/lv\/product\/triphala-300g\/#primaryimage","url":"https:\/\/cosmetic.lv\/wp-content\/uploads\/2021\/02\/20201206_1321081.jpg","contentUrl":"https:\/\/cosmetic.lv\/wp-content\/uploads\/2021\/02\/20201206_1321081.jpg","width":450,"height":800,"caption":"20201206_132108[1].jpg"},{"@type":"BreadcrumbList","@id":"https:\/\/cosmetic.lv\/lv\/product\/triphala-300g\/#breadcrumb","itemListElement":[{"@type":"ListItem","position":1,"name":"Home","item":"https:\/\/cosmetic.lv\/lv\/"},{"@type":"ListItem","position":2,"name":"Veikals","item":"https:\/\/cosmetic.lv\/lv\/veiklas\/"},{"@type":"ListItem","position":3,"name":"Triphala dabisk\u0101s organisma aizsargsp\u0113jas 300g"}]},{"@type":"WebSite","@id":"https:\/\/cosmetic.lv\/lv\/#website","url":"https:\/\/cosmetic.lv\/lv\/","name":"cosmetic.lv","description":"Profesion\u0101la kosm\u0113tika - Maria Galland, Keune, Arkadija, GMT, Guam, Magiray","publisher":{"@id":"https:\/\/cosmetic.lv\/lv\/#organization"},"potentialAction":[{"@type":"SearchAction","target":{"@type":"EntryPoint","urlTemplate":"https:\/\/cosmetic.lv\/lv\/?s={search_term_string}"},"query-input":{"@type":"PropertyValueSpecification","valueRequired":true,"valueName":"search_term_string"}}],"inLanguage":"lv-LV"},{"@type":"Organization","@id":"https:\/\/cosmetic.lv\/lv\/#organization","name":"COSMETIC.LV","url":"https:\/\/cosmetic.lv\/lv\/","logo":{"@type":"ImageObject","inLanguage":"lv-LV","@id":"https:\/\/cosmetic.lv\/lv\/#\/schema\/logo\/image\/","url":"https:\/\/cosmetic.lv\/wp-content\/uploads\/2021\/02\/cosmetic.lv_logo.jpg","contentUrl":"https:\/\/cosmetic.lv\/wp-content\/uploads\/2021\/02\/cosmetic.lv_logo.jpg","width":596,"height":196,"caption":"COSMETIC.LV"},"image":{"@id":"https:\/\/cosmetic.lv\/lv\/#\/schema\/logo\/image\/"},"sameAs":["https:\/\/www.facebook.com\/cosmetic.lv\/"]}]},"product_price_amount":"12.50","product_price_currency":"EUR","og_availability":"instock","product_availability":"instock","product_retailer_item_id":"tr300","product_condition":"new"},"_links":{"self":[{"href":"https:\/\/cosmetic.lv\/lv\/wp-json\/wp\/v2\/product\/34693","targetHints":{"allow":["GET"]}}],"collection":[{"href":"https:\/\/cosmetic.lv\/lv\/wp-json\/wp\/v2\/product"}],"about":[{"href":"https:\/\/cosmetic.lv\/lv\/wp-json\/wp\/v2\/types\/product"}],"wp:featuredmedia":[{"embeddable":true,"href":"https:\/\/cosmetic.lv\/lv\/wp-json\/wp\/v2\/media\/10748"}],"wp:attachment":[{"href":"https:\/\/cosmetic.lv\/lv\/wp-json\/wp\/v2\/media?parent=34693"}],"wp:term":[{"taxonomy":"product_brand","embeddable":true,"href":"https:\/\/cosmetic.lv\/lv\/wp-json\/wp\/v2\/product_brand?post=34693"},{"taxonomy":"product_cat","embeddable":true,"href":"https:\/\/cosmetic.lv\/lv\/wp-json\/wp\/v2\/product_cat?post=34693"},{"taxonomy":"product_tag","embeddable":true,"href":"https:\/\/cosmetic.lv\/lv\/wp-json\/wp\/v2\/product_tag?post=34693"}],"curies":[{"name":"wp","href":"https:\/\/api.w.org\/{rel}","templated":true}]}}