{"id":34702,"date":"2021-02-05T22:44:03","date_gmt":"2021-02-06T17:56:25","guid":{"rendered":"https:\/\/damme.lv\/product\/sene-sejas-masieris-roza-kvarcs\/"},"modified":"2021-02-06T19:56:30","modified_gmt":"2021-02-06T17:56:30","slug":"sene-sejas-masieris-roza-kvarcs","status":"publish","type":"product","link":"https:\/\/cosmetic.lv\/lv\/product\/sene-sejas-masieris-roza-kvarcs\/","title":{"rendered":"S\u0113ne sejas masieris roz\u0101 kvarcs"},"content":{"rendered":"<p><!DOCTYPE html PUBLIC &quot;-\/\/W3C\/\/DTD XHTML 1.0 Transitional\/\/EN&quot; &quot;http:\/\/www.w3.org\/TR\/xhtml1\/DTD\/xhtml1-transitional.dtd&quot;><br \/>\n<html><br \/>\n<head><br \/>\n<title>Untitled document<\/title><br \/>\n<\/head><br \/>\n<body><\/p>\n<p>S\u0113ne sejas masieris roz\u0101 kvarcs<\/p>\n<p><span><span>&Scaron;is produkts stimul\u0113 meridi\u0101nus, \u0137erme\u0146a akupunkt\u016bras  punktus, lai sasniegtu asinsriti, siltuma detoksik\u0101ciju, fiziskai  sagatavot\u012bbai.<\/span> <span>Dabiska vesel\u012bbas terapija bez narkotik\u0101m.<\/span> <span>Lieto&scaron;anas darb\u012bbas: 1) Vispirms j\u0101t\u012bra seja un veltnis.<\/span> <span>2) jums ir j\u0101pieliek da\u017ei \u0101das kop&scaron;anas l\u012bdzek\u013ci uz sejas un j\u0101ieliek masieris silt\u0101 \u016bden\u012b, nek\u0101 j\u0101lieto.<\/span> <span>3) J\u016bs katru reizi pa\u0146emat sejas mas\u0101\u017eas veltni 5 l\u012bdz 10 min\u016btes.<\/span><\/span><\/p>\n<p>izm\u0113rs 3,5*3,8 \u0441\u043c (1,38 &#8221;X 1,5&#8221;) 1 gab<\/p>\n<p><\/body><br \/>\n<\/html><\/p>\n","protected":false},"excerpt":{"rendered":"<p>Untitled document S\u0113ne sejas masieris roz\u0101 kvarcs &Scaron;is produkts stimul\u0113 meridi\u0101nus, \u0137erme\u0146a akupunkt\u016bras punktus, lai sasniegtu asinsriti, siltuma detoksik\u0101ciju, fiziskai<\/p>\n","protected":false},"featured_media":10775,"template":"","meta":[],"product_brand":[],"product_cat":[2225],"product_tag":[],"class_list":{"0":"post-34702","1":"product","2":"type-product","3":"status-publish","4":"has-post-thumbnail","6":"product_cat-masazas-lidzekli-lv","8":"first","9":"instock","10":"sale","11":"taxable","12":"shipping-taxable","13":"purchasable","14":"product-type-simple"},"yoast_head":"<!-- This site is optimized with the Yoast SEO Premium plugin v27.0 (Yoast SEO v27.0) - https:\/\/yoast.com\/product\/yoast-seo-premium-wordpress\/ -->\n<title>S\u0113ne sejas masieris roz\u0101 kvarcs - cosmetic.lv<\/title>\n<meta name=\"robots\" content=\"index, follow, max-snippet:-1, max-image-preview:large, max-video-preview:-1\" \/>\n<link rel=\"canonical\" href=\"https:\/\/cosmetic.lv\/lv\/product\/sene-sejas-masieris-roza-kvarcs\/\" \/>\n<meta property=\"og:locale\" content=\"lv_LV\" \/>\n<meta property=\"og:type\" content=\"article\" \/>\n<meta property=\"og:title\" content=\"S\u0113ne sejas masieris roz\u0101 kvarcs\" \/>\n<meta property=\"og:description\" content=\"Untitled document S\u0113ne sejas masieris roz\u0101 kvarcs &Scaron;is produkts stimul\u0113 meridi\u0101nus, \u0137erme\u0146a akupunkt\u016bras punktus, lai sasniegtu asinsriti, siltuma detoksik\u0101ciju, fiziskai\" \/>\n<meta property=\"og:url\" content=\"https:\/\/cosmetic.lv\/lv\/product\/sene-sejas-masieris-roza-kvarcs\/\" \/>\n<meta property=\"og:site_name\" content=\"cosmetic.lv\" \/>\n<meta property=\"article:publisher\" content=\"https:\/\/www.facebook.com\/cosmetic.lv\/\" \/>\n<meta property=\"article:modified_time\" content=\"2021-02-06T17:56:30+00:00\" \/>\n<meta property=\"og:image\" content=\"https:\/\/cosmetic.lv\/wp-content\/uploads\/2021\/02\/jade_640x640pink.jpg\" \/>\n\t<meta property=\"og:image:width\" content=\"640\" \/>\n\t<meta property=\"og:image:height\" content=\"640\" \/>\n\t<meta property=\"og:image:type\" content=\"image\/jpeg\" \/>\n<meta name=\"twitter:card\" content=\"summary_large_image\" \/>\n<script type=\"application\/ld+json\" class=\"yoast-schema-graph\">{\"@context\":\"https:\/\/schema.org\",\"@graph\":[{\"@type\":\"WebPage\",\"@id\":\"https:\/\/cosmetic.lv\/lv\/product\/sene-sejas-masieris-roza-kvarcs\/\",\"url\":\"https:\/\/cosmetic.lv\/lv\/product\/sene-sejas-masieris-roza-kvarcs\/\",\"name\":\"S\u0113ne sejas masieris roz\u0101 kvarcs - cosmetic.lv\",\"isPartOf\":{\"@id\":\"https:\/\/cosmetic.lv\/lv\/#website\"},\"primaryImageOfPage\":{\"@id\":\"https:\/\/cosmetic.lv\/lv\/product\/sene-sejas-masieris-roza-kvarcs\/#primaryimage\"},\"image\":{\"@id\":\"https:\/\/cosmetic.lv\/lv\/product\/sene-sejas-masieris-roza-kvarcs\/#primaryimage\"},\"thumbnailUrl\":\"https:\/\/cosmetic.lv\/wp-content\/uploads\/2021\/02\/jade_640x640pink.jpg\",\"datePublished\":\"2021-02-06T17:56:25+00:00\",\"dateModified\":\"2021-02-06T17:56:30+00:00\",\"breadcrumb\":{\"@id\":\"https:\/\/cosmetic.lv\/lv\/product\/sene-sejas-masieris-roza-kvarcs\/#breadcrumb\"},\"inLanguage\":\"lv-LV\",\"potentialAction\":[{\"@type\":\"ReadAction\",\"target\":[\"https:\/\/cosmetic.lv\/lv\/product\/sene-sejas-masieris-roza-kvarcs\/\"]}]},{\"@type\":\"ImageObject\",\"inLanguage\":\"lv-LV\",\"@id\":\"https:\/\/cosmetic.lv\/lv\/product\/sene-sejas-masieris-roza-kvarcs\/#primaryimage\",\"url\":\"https:\/\/cosmetic.lv\/wp-content\/uploads\/2021\/02\/jade_640x640pink.jpg\",\"contentUrl\":\"https:\/\/cosmetic.lv\/wp-content\/uploads\/2021\/02\/jade_640x640pink.jpg\",\"width\":640,\"height\":640,\"caption\":\"Jade.jpg_640x640pink.jpg\"},{\"@type\":\"BreadcrumbList\",\"@id\":\"https:\/\/cosmetic.lv\/lv\/product\/sene-sejas-masieris-roza-kvarcs\/#breadcrumb\",\"itemListElement\":[{\"@type\":\"ListItem\",\"position\":1,\"name\":\"Home\",\"item\":\"https:\/\/cosmetic.lv\/lv\/\"},{\"@type\":\"ListItem\",\"position\":2,\"name\":\"Veikals\",\"item\":\"https:\/\/cosmetic.lv\/lv\/veiklas\/\"},{\"@type\":\"ListItem\",\"position\":3,\"name\":\"S\u0113ne sejas masieris roz\u0101 kvarcs\"}]},{\"@type\":\"WebSite\",\"@id\":\"https:\/\/cosmetic.lv\/lv\/#website\",\"url\":\"https:\/\/cosmetic.lv\/lv\/\",\"name\":\"cosmetic.lv\",\"description\":\"Profesion\u0101la kosm\u0113tika - Maria Galland, Keune, Arkadija, GMT, Guam, Magiray\",\"publisher\":{\"@id\":\"https:\/\/cosmetic.lv\/lv\/#organization\"},\"potentialAction\":[{\"@type\":\"SearchAction\",\"target\":{\"@type\":\"EntryPoint\",\"urlTemplate\":\"https:\/\/cosmetic.lv\/lv\/?s={search_term_string}\"},\"query-input\":{\"@type\":\"PropertyValueSpecification\",\"valueRequired\":true,\"valueName\":\"search_term_string\"}}],\"inLanguage\":\"lv-LV\"},{\"@type\":\"Organization\",\"@id\":\"https:\/\/cosmetic.lv\/lv\/#organization\",\"name\":\"COSMETIC.LV\",\"url\":\"https:\/\/cosmetic.lv\/lv\/\",\"logo\":{\"@type\":\"ImageObject\",\"inLanguage\":\"lv-LV\",\"@id\":\"https:\/\/cosmetic.lv\/lv\/#\/schema\/logo\/image\/\",\"url\":\"https:\/\/cosmetic.lv\/wp-content\/uploads\/2021\/02\/cosmetic.lv_logo.jpg\",\"contentUrl\":\"https:\/\/cosmetic.lv\/wp-content\/uploads\/2021\/02\/cosmetic.lv_logo.jpg\",\"width\":596,\"height\":196,\"caption\":\"COSMETIC.LV\"},\"image\":{\"@id\":\"https:\/\/cosmetic.lv\/lv\/#\/schema\/logo\/image\/\"},\"sameAs\":[\"https:\/\/www.facebook.com\/cosmetic.lv\/\"]}]}<\/script>\n<meta property=\"product:price:amount\" content=\"13.45\" \/>\n<meta property=\"product:price:currency\" content=\"EUR\" \/>\n<meta property=\"og:availability\" content=\"instock\" \/>\n<meta property=\"product:availability\" content=\"instock\" \/>\n<meta property=\"product:retailer_item_id\" content=\"rozakvase\" \/>\n<meta property=\"product:condition\" content=\"new\" \/>\n<!-- \/ Yoast SEO Premium plugin. -->","yoast_head_json":{"title":"S\u0113ne sejas masieris roz\u0101 kvarcs - cosmetic.lv","robots":{"index":"index","follow":"follow","max-snippet":"max-snippet:-1","max-image-preview":"max-image-preview:large","max-video-preview":"max-video-preview:-1"},"canonical":"https:\/\/cosmetic.lv\/lv\/product\/sene-sejas-masieris-roza-kvarcs\/","og_locale":"lv_LV","og_type":"article","og_title":"S\u0113ne sejas masieris roz\u0101 kvarcs","og_description":"Untitled document S\u0113ne sejas masieris roz\u0101 kvarcs &Scaron;is produkts stimul\u0113 meridi\u0101nus, \u0137erme\u0146a akupunkt\u016bras punktus, lai sasniegtu asinsriti, siltuma detoksik\u0101ciju, fiziskai","og_url":"https:\/\/cosmetic.lv\/lv\/product\/sene-sejas-masieris-roza-kvarcs\/","og_site_name":"cosmetic.lv","article_publisher":"https:\/\/www.facebook.com\/cosmetic.lv\/","article_modified_time":"2021-02-06T17:56:30+00:00","og_image":[{"width":640,"height":640,"url":"https:\/\/cosmetic.lv\/wp-content\/uploads\/2021\/02\/jade_640x640pink.jpg","type":"image\/jpeg"}],"twitter_card":"summary_large_image","schema":{"@context":"https:\/\/schema.org","@graph":[{"@type":"WebPage","@id":"https:\/\/cosmetic.lv\/lv\/product\/sene-sejas-masieris-roza-kvarcs\/","url":"https:\/\/cosmetic.lv\/lv\/product\/sene-sejas-masieris-roza-kvarcs\/","name":"S\u0113ne sejas masieris roz\u0101 kvarcs - cosmetic.lv","isPartOf":{"@id":"https:\/\/cosmetic.lv\/lv\/#website"},"primaryImageOfPage":{"@id":"https:\/\/cosmetic.lv\/lv\/product\/sene-sejas-masieris-roza-kvarcs\/#primaryimage"},"image":{"@id":"https:\/\/cosmetic.lv\/lv\/product\/sene-sejas-masieris-roza-kvarcs\/#primaryimage"},"thumbnailUrl":"https:\/\/cosmetic.lv\/wp-content\/uploads\/2021\/02\/jade_640x640pink.jpg","datePublished":"2021-02-06T17:56:25+00:00","dateModified":"2021-02-06T17:56:30+00:00","breadcrumb":{"@id":"https:\/\/cosmetic.lv\/lv\/product\/sene-sejas-masieris-roza-kvarcs\/#breadcrumb"},"inLanguage":"lv-LV","potentialAction":[{"@type":"ReadAction","target":["https:\/\/cosmetic.lv\/lv\/product\/sene-sejas-masieris-roza-kvarcs\/"]}]},{"@type":"ImageObject","inLanguage":"lv-LV","@id":"https:\/\/cosmetic.lv\/lv\/product\/sene-sejas-masieris-roza-kvarcs\/#primaryimage","url":"https:\/\/cosmetic.lv\/wp-content\/uploads\/2021\/02\/jade_640x640pink.jpg","contentUrl":"https:\/\/cosmetic.lv\/wp-content\/uploads\/2021\/02\/jade_640x640pink.jpg","width":640,"height":640,"caption":"Jade.jpg_640x640pink.jpg"},{"@type":"BreadcrumbList","@id":"https:\/\/cosmetic.lv\/lv\/product\/sene-sejas-masieris-roza-kvarcs\/#breadcrumb","itemListElement":[{"@type":"ListItem","position":1,"name":"Home","item":"https:\/\/cosmetic.lv\/lv\/"},{"@type":"ListItem","position":2,"name":"Veikals","item":"https:\/\/cosmetic.lv\/lv\/veiklas\/"},{"@type":"ListItem","position":3,"name":"S\u0113ne sejas masieris roz\u0101 kvarcs"}]},{"@type":"WebSite","@id":"https:\/\/cosmetic.lv\/lv\/#website","url":"https:\/\/cosmetic.lv\/lv\/","name":"cosmetic.lv","description":"Profesion\u0101la kosm\u0113tika - Maria Galland, Keune, Arkadija, GMT, Guam, Magiray","publisher":{"@id":"https:\/\/cosmetic.lv\/lv\/#organization"},"potentialAction":[{"@type":"SearchAction","target":{"@type":"EntryPoint","urlTemplate":"https:\/\/cosmetic.lv\/lv\/?s={search_term_string}"},"query-input":{"@type":"PropertyValueSpecification","valueRequired":true,"valueName":"search_term_string"}}],"inLanguage":"lv-LV"},{"@type":"Organization","@id":"https:\/\/cosmetic.lv\/lv\/#organization","name":"COSMETIC.LV","url":"https:\/\/cosmetic.lv\/lv\/","logo":{"@type":"ImageObject","inLanguage":"lv-LV","@id":"https:\/\/cosmetic.lv\/lv\/#\/schema\/logo\/image\/","url":"https:\/\/cosmetic.lv\/wp-content\/uploads\/2021\/02\/cosmetic.lv_logo.jpg","contentUrl":"https:\/\/cosmetic.lv\/wp-content\/uploads\/2021\/02\/cosmetic.lv_logo.jpg","width":596,"height":196,"caption":"COSMETIC.LV"},"image":{"@id":"https:\/\/cosmetic.lv\/lv\/#\/schema\/logo\/image\/"},"sameAs":["https:\/\/www.facebook.com\/cosmetic.lv\/"]}]},"product_price_amount":"13.45","product_price_currency":"EUR","og_availability":"instock","product_availability":"instock","product_retailer_item_id":"rozakvase","product_condition":"new"},"_links":{"self":[{"href":"https:\/\/cosmetic.lv\/lv\/wp-json\/wp\/v2\/product\/34702","targetHints":{"allow":["GET"]}}],"collection":[{"href":"https:\/\/cosmetic.lv\/lv\/wp-json\/wp\/v2\/product"}],"about":[{"href":"https:\/\/cosmetic.lv\/lv\/wp-json\/wp\/v2\/types\/product"}],"wp:featuredmedia":[{"embeddable":true,"href":"https:\/\/cosmetic.lv\/lv\/wp-json\/wp\/v2\/media\/10775"}],"wp:attachment":[{"href":"https:\/\/cosmetic.lv\/lv\/wp-json\/wp\/v2\/media?parent=34702"}],"wp:term":[{"taxonomy":"product_brand","embeddable":true,"href":"https:\/\/cosmetic.lv\/lv\/wp-json\/wp\/v2\/product_brand?post=34702"},{"taxonomy":"product_cat","embeddable":true,"href":"https:\/\/cosmetic.lv\/lv\/wp-json\/wp\/v2\/product_cat?post=34702"},{"taxonomy":"product_tag","embeddable":true,"href":"https:\/\/cosmetic.lv\/lv\/wp-json\/wp\/v2\/product_tag?post=34702"}],"curies":[{"name":"wp","href":"https:\/\/api.w.org\/{rel}","templated":true}]}}