{"id":34704,"date":"2021-02-05T22:44:14","date_gmt":"2021-02-06T17:56:32","guid":{"rendered":"https:\/\/damme.lv\/product\/14-mm-dabisks-naturals-akmens-citins-veiksmei-bagatibai\/"},"modified":"2021-02-06T19:56:33","modified_gmt":"2021-02-06T17:56:33","slug":"14-mm-dabisks-naturals-akmens-citins-veiksmei-bagatibai","status":"publish","type":"product","link":"https:\/\/cosmetic.lv\/lv\/product\/14-mm-dabisks-naturals-akmens-citins-veiksmei-bagatibai\/","title":{"rendered":"14 mm Dabisks natur\u0101ls akmens CIT\u012aNS veiksmei, bag\u0101t\u012bbai"},"content":{"rendered":"<p>Citr\u012bns (dzeltenais kvarcs) \u2013 gudr\u012bbas, prieka un miera simbols. Nes saules dziedino\u0161\u0101s sp\u0113jas. Papla\u0161ina auru, piepilda to ar gaismu, un att\u012bra no \u0113teriskiem toks\u012bniem. Sniedz optimismu un omul\u012bbu, nomierina, izl\u012bdzina visas \u010dakras. Lielisks aizsardz\u012bbas talismans. Stimul\u0113 ment\u0101lo \u0137ermeni, un pal\u012bdz atv\u0113rt tiltu starp augst\u0101ko ment\u0101lo \u0137ermeni un intu\u012bcijas l\u012bme\u0146iem. Uzskata, ka pal\u012bdz sazin\u0101ties ar garu. Silda, att\u012bra, uzl\u0101d\u0113 ar ener\u0123iju, p\u0101rveido negat\u012bv\u0101s ener\u0123ijas (l\u012bdz ar to citr\u012bns nav j\u0101att\u012bra). N\u0113s\u0101jot l\u012bdzi kabat\u0101 vai naudas mak\u0101, pal\u012bdz piesaist\u012bt naudu. Uzskata, ka \u012bpa\u0161i pal\u012bdz zemes stihijas cilv\u0113kiem. Pal\u012bdz \u012bstenot idejas un vairot fizisko ener\u0123iju. Veicina pr\u0101ta skaidr\u012bbu un intu\u012bcijas att\u012bst\u012bbu. M\u0101ca nov\u0113rt\u0113t emociju smalk\u0101s j\u016btas.<\/p>\n<p>Lai palielin\u0101tu rado\u0161umu, var lietot kop\u0101 ar citiem sp\u0113c\u012bgiem rado\u0161uma (kreativit\u0101tes) akme\u0146iem \u2013 zelt\u012bto labrador\u012btu, karneolu (serdoliku), oran\u017eo kalc\u012btu u.c. Citr\u012bns pal\u012bdz ar\u012b pieg\u0101d\u0101t gar\u012bgo ener\u0123iju no gar\u012bgaj\u0101m sf\u0113r\u0101m, un kombin\u0101cij\u0101 ar skolec\u012btu, dambur\u012btu un ametistu, \u0161\u012b sp\u0113ja palielin\u0101s.<\/p>\n<p>Pal\u012bdz pret depresiju, hroniska noguruma sindromu, likvid\u0113 pa\u0161izn\u012bcin\u0101\u0161an\u0101s tieksmes, mazina bailes un stimul\u0113 atmi\u0146u. Organismam pal\u012bdz atbr\u012bvoties no toks\u012bniem, pal\u012bdz dzied\u0113t sirdi, nieres, liesu, aknas un \u017eultsp\u016b\u0161\u013ca slim\u012bbas. Uzlabo asinscirkul\u0101ciju un vielmai\u0146u. Pal\u012bdz gremo\u0161anas un nervu sist\u0113mai. Regul\u0113 endokr\u012bn\u0101s sist\u0113mas darb\u012bbu, mazina aler\u0123ijas.<br \/>\n[3]<\/p>\n<p>Ma\u0123ij\u0101 Citr\u012bns ir zin\u0101ms sen. Ilgu laiku \u0161is akmens skait\u012bj\u0101s par kr\u0101p\u0161anas iemiesojumu, melu akmeni. Tas t\u0101d\u0113\u013c, ka vi\u0146u bie\u017ei n\u0113s\u0101ja cilv\u0113ki, kuri nopeln\u012bja sev iztiku ar kr\u0101p\u0161anu, m\u0101n\u012b\u0161anu un z\u0101dz\u012bbu. M\u016bsdienu ma\u0123ijas praks\u0113 uzskata, ka \u0161im akmenim ir divas dabas, tas noz\u012bm\u0113, ka vi\u0146\u0161 ar vien\u0101du veiksmi var kalpot, k\u0101 cien\u012bgiem cilv\u0113kiem, t\u0101 ar\u012b nelie\u0161iem. Akme\u0146u ma\u0123isko \u012bpa\u0161\u012bbu pazin\u0113ji apliecina, ka aizsardz\u012bba, izdar\u012bta no \u0161\u012b miner\u0101la, ir sp\u0113j\u012bga aizsarg\u0101t savu \u012bpa\u0161nieku no negat\u012bv\u0101m ietekm\u0113m.<\/p>\n<p>Citr\u012bns ir rekomend\u0113ts cilv\u0113kiem, kuru darbs ir saist\u012bts ar bie\u017eiem lietiskiem komand\u0113jumiem un cilv\u0113kiem, kuru darb\u012bba ir saist\u012bta ar publiskiem priek\u0161nesumiem. Citr\u012bns atbalsta ar\u012b tos, kas izgatavo aizsargus, kuri, k\u0101 bija pie\u0146emts dom\u0101t, aizsarg\u0101ja savu saimnieku no skorpionu un ind\u012bgu \u010d\u016bsku kodieniem. Citr\u012bns pal\u012bdz z\u012bl\u0113\u0161anai. \u0160is br\u012bnumakmens ir viens no tiem retajiem, kuri att\u012bra pa\u0161i sevi! Tas transform\u0113 nev\u0113lamo visos l\u012bme\u0146os, mudinot pal\u016bkoties uz noris\u0113m no rado\u0161\u0101 skatpunkta un pie\u0146emt l\u0113mumus, kas vairo dz\u012bvesprieku, veiksmi un p\u0101rtic\u012bbu. \u0160o \u012bpa\u0161\u012bbu d\u0113\u013c citr\u012bns strauji dzied\u0113 ar\u012b fizisk\u0101s kaites \u2013 dz\u012bvesprieks ir lab\u0101kais \u0101rsts! [22]<\/p>\n<p>S\u0117naj\u0101 Indij\u0101 ar \u0161\u012b akmens pal\u012bdz\u012bbu \u0101rst\u0113ja da\u017e\u0101das ku\u0146\u0123a-zarnu trakta sist\u0113mas slim\u012bbas. M\u016bsdienu litoterapeiti uzskata, ka citr\u012bns labv\u0113l\u012bgi iedarbojas uz galvas smadze\u0146u darb\u012bbu, k\u0101 ar\u012b ir br\u012bni\u0161\u0137\u012bgs l\u012bdzeklis daudzu slim\u012bbu profilaksei un visa organisma nostiprin\u0101\u0161anai. Past\u0101v uzskats, ka pateicoties akmens dzeltenajai kr\u0101sai tas ir \u012bpa\u0161i efekt\u012bvs. Zemes stihijas \u013caud\u012bm.<\/p>\n<p>Da\u017e\u0101s valst\u012bs no citr\u012bna gatavoja talismanus, kuri sarg\u0101ja saimnieku no skorpionu un ind\u012bgo \u010d\u016bsku kodieniem. Cit\u0101s valst\u012bs ilgu laiku \u0161o akmeni uzskat\u012bja par vilt\u012bbas, nodev\u012bbas un melu iemiesojumu. T\u0101d\u0113\u013c to bie\u017ei n\u0113s\u0101ja \u013caudis, kas maizi peln\u012bja ar bl\u0113d\u012bbu un z\u0101dz\u012bbu pal\u012bdz\u012bbu. Savuk\u0101rt, senaj\u0101 Rom\u0101 citr\u012bna rotas n\u0113s\u0101ja \u012bpa\u0161i cien\u012bjamie \u013caudis \u2014 oratori un filozofi. M\u016bsdienu ma\u0123ijas praks\u0113 past\u0101v uzskats par \u0161\u012b akmens divej\u0101do dabu. Tas vien\u0101di labi iederas un piest\u0101v gan god\u0101jamiem cilv\u0113kiem, gan nelie\u0161iem. Akme\u0146u ma\u0123isko \u012bpa\u0161\u012bbu lietprat\u0113ji apgalvo, ka no citr\u012bna izgatavots talismans sp\u0113j aizsarg\u0101t t\u0101 \u012bpa\u0161nieku no negat\u012bv\u0101m iedarb\u012bb\u0101m. Citr\u012bns \u012bpa\u0161\u012b labi iespaido tos cilv\u0113kus, kas dzimu\u0161i Dv\u012b\u0146u z\u012bm\u0113. Dv\u012b\u0146u zvaigzn\u0101j\u0101 dzimu\u0161aj\u0101m sieviet\u0113m citr\u012bna rotas pal\u012bdz att\u012bst\u012bt intu\u012bciju, v\u012brie\u0161iem \u2014 nes veiksmi finansu dar\u012bjumos. [23]<\/p>\n<p>Atbr\u012bvo no depresijas, att\u012bsta dai\u013crun\u012bbu, veicina savstarp\u0113jo sapra\u0161anos. Simboliz\u0113 prieku un veicina person\u012bbas lab\u0101ko \u012bpa\u0161\u012bbu att\u012bst\u012bbu. Uzplaukuma un labkl\u0101j\u012bbas akmens. \u201cZelta bag\u0101t\u012bbas akmens\u201d, \u201ctirgo\u0146u \u0161\u0137iras akmens\u201d t\u0101d\u0113\u013c, ka tas piesaista bag\u0101t\u012bbu. Palielina individu\u0101lo ener\u0123iju, pal\u012bdz cilv\u0113kam saprast savu iek\u0161\u0113jo \u201ces\u201d un atkl\u0101t savas iek\u0161\u0113j\u0101s rezerves. Uzlabo garast\u0101vokli, ieg\u016bstot kontroli p\u0101r j\u016bt\u0101m. Pal\u012bdz stiprin\u0101t emocion\u0101l\u0101s saites starp \u0123imenes locek\u013ciem un cilv\u0113ku grup\u0101m. Att\u012bra un l\u012bdzsvaro, sp\u0113cina sava saimnieka intelektu, veicina smadze\u0146u darb\u012bbu, oratora sp\u0113jas un sapra\u0161anos starp cilv\u0113kiem. Aktiviz\u0113 galvas smadze\u0146u darb\u012bbu. Stiprina atmi\u0146u. Labv\u0113l\u012bgi ietekm\u0113 nieres, ur\u012bnp\u016bsli, ku\u0146\u0123i, zarnas un liesu, rosina jaun\u0101m idej\u0101m. Pal\u012bdz \u0101rst\u0113jot gastr\u012btu, pielonefr\u012btu, cist\u012btu. Tas ir ener\u0123ijas dev\u0113js, ieteicams n\u0113s\u0101t tad, ja ir liela fiziska slodze vai nogurums. Stimul\u0113 saules pinuma darb\u012bbu un gremo\u0161anas org\u0101nus, liekot to uz nabas vai saules pinuma. Veido apk\u0101rt saimnieka \u0137ermenim aizsargauru, kas pasarg\u0101 no negat\u012bvas ener\u0123ijas ietekmes no \u0101rpuses. Pastiprin\u0101ti iedarbojas spie\u017eot ar krist\u0101lu uz plaukstas vidu. [17]<\/p>\n<p>Citr\u012bns &#8211; No lat\u012b\u0146u val. Citrus &#8211; citrondzeltens. Tiek saukts par \u201ePr\u0101ta akmeni&quot;. Pasarg\u0101 no bail\u0113m, kas radu\u0161\u0101s apk\u0101rt\u0113jo ietekm\u0113. Vairo pa\u0161p\u0101rliecin\u0101t\u012bbu, mazina depresiju, bezmiegu, piem\u0113rots ku\u0146\u0123a darb\u012bbas trauc\u0113jumu nov\u0113r\u0161anai, uzlabo vielmai\u0146u.<\/p>\n<p>Citr\u012bnu uzskata par &quot;veiksm\u012bga biznesme\u0146a akmeni&quot;. Tas paaugstina pa\u0161cie\u0146u, pasarg\u0101 no apk\u0101rt\u0113jo negat\u012bv\u0101s ener\u0123ijas, atver pr\u0101tu jaun\u0101m idej\u0101m, veicina pr\u0101ta skaidr\u012bbu, pal\u012bdz veidot psiholo\u0123iskos kontaktu starp cilv\u0113kiem.<\/p>\n<p>Citr\u012bnam ir div\u0113j\u0101da daba, t\u0101d\u0113\u013c cit\u0101s valst\u012bs \u0161o akmeni uzskat\u012bja par vilt\u012bbas iemiesojumu.<\/p>\n<p>\u012apa\u0161i piem\u0113rots juvelieriem, pulkste\u0146u meistariem, m\u0101kleriem, z\u012blniekiem, oratoriem, filozofiem. Komersantiem un a\u0123entiem tas pal\u012bdz veidot lietder\u012bgus kontaktus un sa\u0146emt nepiecie\u0161amo inform\u0101ciju.<\/p>\n<p>Visvair\u0101k piem\u0113rots Dv\u012b\u0146u z\u012bm\u0113 dzimu\u0161ajiem. Dv\u012b\u0146u zvaigzn\u0101ja sieviet\u0113m tas att\u012bsta intu\u012bciju, bet v\u012brie\u0161iem &#8211; nes veiksmi finansu dar\u012bjumos. [9]<\/p>\n<p>Citr\u012bns &#8211; no lat\u012b\u0146u val. Citrus &#8211; citrondzeltens. Tiek saukts par \u201ePr\u0101ta akmeni&quot;.<\/p>\n<p>\u0100rstniecisk\u0101s \u012bpa\u0161\u012bbas:<\/p>\n<p>    Citr\u012bns ar sav\u0101m dabiskaj\u0101m vibr\u0101cij\u0101m ap savu \u012bpa\u0161nieku izveido aizsardz\u012bbas auru.<br \/>\n    Uzskata, ka citr\u012bns veicina galvas smadze\u0146u darb\u012bbu, pozit\u012bvi ietekm\u0113 cilv\u0113ka psihi un nervu sist\u0113mu.<br \/>\n    Citr\u012bns ir piem\u0113rots hroniska noguruma gad\u012bjumos, tas regul\u0113 endokr\u012bn\u0101s sist\u0113mas darb\u012bbu, veicina toks\u012bnu izvadi no organisma un att\u012bra \u0101du.<br \/>\n    Tas ir ar\u012b noder\u012bgs aler\u0123ijas, aknu, liesas un \u017eultsp\u016b\u0161\u013ca slim\u012bbu gad\u012bjumos, k\u0101 ar\u012b veicina ku\u0146\u0123a-zarnu trakta darb\u012bbu.<br \/>\n    Pasarg\u0101 no bail\u0113m, kas radu\u0161\u0101s vides ietekm\u0113. Vairo pa\u0161p\u0101rliecin\u0101t\u012bbu, mazina depresiju, bezmiegu.<br \/>\n    Piem\u0113rots ku\u0146\u0123a darb\u012bbas trauc\u0113jumu nov\u0113r\u0161anai, uzlabo vielmai\u0146u.<\/p>\n<p>Magisk\u0101s \u012bpa\u0161\u012bbas:<\/p>\n<p>    \u00b7Citr\u012bns ir sp\u0113c\u012bgs ener\u0123ijas att\u012br\u012bt\u0101js un re\u0123enerators. T\u0101 sp\u0113kos ir att\u012br\u012bt \u010dakras, vad\u012bt gar\u012bgo ener\u0123iju un d\u0101v\u0101t intu\u012bciju.<br \/>\n    \u00b7Citr\u012bns l\u012bdzsvaro un att\u012bra fizisko un smalkos \u0137erme\u0146us. \u0160is akmens ir labkl\u0101j\u012bbas un bag\u0101t\u012bbas piesaist\u012bt\u0101js.<br \/>\n    Medit\u0101cijas ar citr\u012bnu piepilda cilv\u0113ku ar saules gaismu un ener\u0123iju, kas nepiecie\u0161amas eso\u0161o ieceru un uzdevumu realiz\u0101cijai.<br \/>\n    Citr\u012bnu uzskata par &quot;veiksm\u012bga biznesme\u0146a akmeni&quot;. Tas paaugstina pa\u0161cie\u0146u, pasarg\u0101 no apk\u0101rt\u0113jo negat\u012bv\u0101s ener\u0123ijas, atver pr\u0101tu jaun\u0101m idej\u0101m, veicina pr\u0101ta skaidr\u012bbu, pal\u012bdz veidot psiholo\u0123iskos kontaktu starp cilv\u0113kiem.<br \/>\n    Citr\u012bnam ir div\u0113j\u0101da daba, t\u0101d\u0113\u013c cit\u0101s valst\u012bs \u0161o akmeni uzskat\u012bja par vilt\u012bbas iemiesojumu.<\/p>\n<p>\u012apa\u0161i piem\u0113rots juvelieriem, pulkste\u0146u meistariem, m\u0101kleriem, z\u012blniekiem, oratoriem, filozofiem. Komersantiem un a\u0123entiem tas pal\u012bdz veidot lietder\u012bgus kontaktus un sa\u0146emt nepiecie\u0161amo inform\u0101ciju. [34]<\/p>\n<p>Citr\u012bns \u2013 popul\u0101rs, ned\u0101rgs akmens, kas ir sastopams da\u017e\u0101d\u0101s dzelteno to\u0146u nokr\u0101s\u0101s. Citr\u012bna nosaukums ir c\u0113lies no fran\u010du valodas v\u0101rda \u201ecitron\u201d jeb citrons. Tradicion\u0101li tas tiek uzskat\u012bts par novembr\u012b dzimu\u0161o cilv\u0113ku akmeni, k\u0101 ar\u012b 13. laul\u012bbu jubilejas akmeni. Citr\u012bns ir viens no kvarcu grupas akme\u0146iem. \u0160o akmeni iesaka \u0101rstniec\u012bbas nol\u016bkiem sirds, nieru un gremo\u0161anas trakta saslim\u0161anu gad\u012bjumos, lai mazin\u0101tu bezmiegu u.c. Tiek uzskat\u012bts, ka citr\u012bns nomierina un samazina asinsspiedienu. Citr\u012bnam pied\u0113v\u0113 ar\u012b labkl\u0101j\u012bbu vairojo\u0161as \u012bpa\u0161\u012bbas, t\u0101d\u0113\u013c to iesaka glab\u0101t p\u0113c iesp\u0113jas tuv\u0101k naudai, lai tas var\u0113tu vissp\u0113c\u012bg\u0101k izpaust savu iedarb\u012bbu. Citr\u012bnu m\u0113dz d\u0113v\u0113t ar\u012b par \u201eLaim\u012bgo akmeni\u201d, jo tas piepilda n\u0113s\u0101t\u0101ja dz\u012bvi ar laimi un dz\u012bvesprieku. Turkl\u0101t citr\u012bns att\u012bra un stiprina cilv\u0113ka auru. [18]<\/p>\n<p>Citr\u012bns \u2013 pal\u012bdz nostiprin\u0101t saikni ar gar\u012bgiem skolot\u0101jiem, pal\u012bdz paaugstin\u0101t p\u0101rliec\u012bbu saviem sp\u0113kiem. Citr\u012bns \u2013 tas ir akmens ar milz\u012bgu ener\u0123iju, kas pal\u012bdz piesaist\u012bt naudu, veiksmi un uzplaukumu, att\u012bsta intu\u012bciju. Izmanto psihisko slim\u012bbu \u0101rst\u0113\u0161an\u0101. Dar\u012bjumos un biznes\u0101 stimul\u0113 akt\u012bvu darb\u012bbu un pal\u012bdz piepild\u012bt nodomus. [20]<\/p>\n<p>    Gudr\u012bbas, prieka un miera simbols, Piesaista veiksmi un uzplaukumu<br \/>\n    Nomierina, sniedz optimismu un omul\u012bbu<br \/>\n    Lielisks aizsardz\u012bbas talismans<br \/>\n    Mazina bailes un stimul\u0113 atmi\u0146u<br \/>\n    Veicina pr\u0101ta skaidr\u012bbu un att\u012bsta intu\u012bciju<br \/>\n    N\u0113s\u0101jot l\u012bdzi kabat\u0101 vai naudas mak\u0101 pal\u012bdz piesaist\u012bt naudu<br \/>\n    Dar\u012bjumos un biznes\u0101 stimul\u0113 akt\u012bvu darb\u012bbu un pal\u012bdz piepild\u012bt nodomus<\/p>\n<p>\u0100rstniecisk\u0101s \u012bpa\u0161\u012bbas<\/p>\n<p>    Pal\u012bdz pie psori\u0101zes, reimatisma<br \/>\n    Lieto pie paaugstin\u0101ta asinsspiediena<br \/>\n    Pal\u012bdz \u0101rst\u0113t da\u017e\u0101das kun\u0123a &#8211; zarnu trakta slim\u012bbas<br \/>\n    Labv\u0113l\u012bgi iedarbojas uz galvas smadze\u0146u darb\u012bbu<br \/>\n    Uzlabo asins cirkul\u0101ciju un vielmai\u0146u<br \/>\n    Pal\u012bdz gremo\u0161anas un nervu sist\u0113mai<br \/>\n    Regul\u0113 \u010diekurveida dziedzera un t\u012bmusa darb\u012bbu.<br \/>\n    L\u012bdzeklis daudzu slim\u012bbu profilaksei un organisma stiprin\u0101\u0161anai<\/p>\n","protected":false},"excerpt":{"rendered":"<p>Citr\u012bns (dzeltenais kvarcs) \u2013 gudr\u012bbas, prieka un miera simbols. Nes saules dziedino\u0161\u0101s sp\u0113jas. Papla\u0161ina auru, piepilda to ar gaismu, un<\/p>\n","protected":false},"featured_media":10781,"template":"","meta":[],"product_brand":[],"product_cat":[2293,2294],"product_tag":[],"class_list":{"0":"post-34704","1":"product","2":"type-product","3":"status-publish","4":"has-post-thumbnail","6":"product_cat-dabiskie-akmeni-rokasspradzess-auskari-gredzeni-lv","7":"product_cat-rokasspradzes-lv-lv-2","9":"first","10":"outofstock","11":"taxable","12":"shipping-taxable","13":"purchasable","14":"product-type-simple"},"yoast_head":"<!-- This site is optimized with the Yoast SEO Premium plugin v27.0 (Yoast SEO v27.0) - https:\/\/yoast.com\/product\/yoast-seo-premium-wordpress\/ -->\n<title>14 mm Dabisks natur\u0101ls akmens CIT\u012aNS veiksmei, bag\u0101t\u012bbai - cosmetic.lv<\/title>\n<meta name=\"robots\" content=\"index, follow, max-snippet:-1, max-image-preview:large, max-video-preview:-1\" \/>\n<link rel=\"canonical\" href=\"https:\/\/cosmetic.lv\/lv\/product\/14-mm-dabisks-naturals-akmens-citins-veiksmei-bagatibai\/\" \/>\n<meta property=\"og:locale\" content=\"lv_LV\" \/>\n<meta property=\"og:type\" content=\"article\" \/>\n<meta property=\"og:title\" content=\"14 mm Dabisks natur\u0101ls akmens CIT\u012aNS veiksmei, bag\u0101t\u012bbai\" \/>\n<meta property=\"og:description\" content=\"Citr\u012bns (dzeltenais kvarcs) \u2013 gudr\u012bbas, prieka un miera simbols. Nes saules dziedino\u0161\u0101s sp\u0113jas. Papla\u0161ina auru, piepilda to ar gaismu, un\" \/>\n<meta property=\"og:url\" content=\"https:\/\/cosmetic.lv\/lv\/product\/14-mm-dabisks-naturals-akmens-citins-veiksmei-bagatibai\/\" \/>\n<meta property=\"og:site_name\" content=\"cosmetic.lv\" \/>\n<meta property=\"article:publisher\" content=\"https:\/\/www.facebook.com\/cosmetic.lv\/\" \/>\n<meta property=\"article:modified_time\" content=\"2021-02-06T17:56:33+00:00\" \/>\n<meta property=\"og:image\" content=\"https:\/\/cosmetic.lv\/wp-content\/uploads\/2021\/02\/20181201_1433251.jpg\" \/>\n\t<meta property=\"og:image:width\" content=\"800\" \/>\n\t<meta property=\"og:image:height\" content=\"420\" \/>\n\t<meta property=\"og:image:type\" content=\"image\/jpeg\" \/>\n<meta name=\"twitter:card\" content=\"summary_large_image\" \/>\n<script type=\"application\/ld+json\" class=\"yoast-schema-graph\">{\"@context\":\"https:\/\/schema.org\",\"@graph\":[{\"@type\":\"WebPage\",\"@id\":\"https:\/\/cosmetic.lv\/lv\/product\/14-mm-dabisks-naturals-akmens-citins-veiksmei-bagatibai\/\",\"url\":\"https:\/\/cosmetic.lv\/lv\/product\/14-mm-dabisks-naturals-akmens-citins-veiksmei-bagatibai\/\",\"name\":\"14 mm Dabisks natur\u0101ls akmens CIT\u012aNS veiksmei, bag\u0101t\u012bbai - cosmetic.lv\",\"isPartOf\":{\"@id\":\"https:\/\/cosmetic.lv\/lv\/#website\"},\"primaryImageOfPage\":{\"@id\":\"https:\/\/cosmetic.lv\/lv\/product\/14-mm-dabisks-naturals-akmens-citins-veiksmei-bagatibai\/#primaryimage\"},\"image\":{\"@id\":\"https:\/\/cosmetic.lv\/lv\/product\/14-mm-dabisks-naturals-akmens-citins-veiksmei-bagatibai\/#primaryimage\"},\"thumbnailUrl\":\"https:\/\/cosmetic.lv\/wp-content\/uploads\/2021\/02\/20181201_1433251.jpg\",\"datePublished\":\"2021-02-06T17:56:32+00:00\",\"dateModified\":\"2021-02-06T17:56:33+00:00\",\"breadcrumb\":{\"@id\":\"https:\/\/cosmetic.lv\/lv\/product\/14-mm-dabisks-naturals-akmens-citins-veiksmei-bagatibai\/#breadcrumb\"},\"inLanguage\":\"lv-LV\",\"potentialAction\":[{\"@type\":\"ReadAction\",\"target\":[\"https:\/\/cosmetic.lv\/lv\/product\/14-mm-dabisks-naturals-akmens-citins-veiksmei-bagatibai\/\"]}]},{\"@type\":\"ImageObject\",\"inLanguage\":\"lv-LV\",\"@id\":\"https:\/\/cosmetic.lv\/lv\/product\/14-mm-dabisks-naturals-akmens-citins-veiksmei-bagatibai\/#primaryimage\",\"url\":\"https:\/\/cosmetic.lv\/wp-content\/uploads\/2021\/02\/20181201_1433251.jpg\",\"contentUrl\":\"https:\/\/cosmetic.lv\/wp-content\/uploads\/2021\/02\/20181201_1433251.jpg\",\"width\":800,\"height\":420,\"caption\":\"20181201_143325[1].jpg\"},{\"@type\":\"BreadcrumbList\",\"@id\":\"https:\/\/cosmetic.lv\/lv\/product\/14-mm-dabisks-naturals-akmens-citins-veiksmei-bagatibai\/#breadcrumb\",\"itemListElement\":[{\"@type\":\"ListItem\",\"position\":1,\"name\":\"Home\",\"item\":\"https:\/\/cosmetic.lv\/lv\/\"},{\"@type\":\"ListItem\",\"position\":2,\"name\":\"Veikals\",\"item\":\"https:\/\/cosmetic.lv\/lv\/veiklas\/\"},{\"@type\":\"ListItem\",\"position\":3,\"name\":\"14 mm Dabisks natur\u0101ls akmens CIT\u012aNS veiksmei, bag\u0101t\u012bbai\"}]},{\"@type\":\"WebSite\",\"@id\":\"https:\/\/cosmetic.lv\/lv\/#website\",\"url\":\"https:\/\/cosmetic.lv\/lv\/\",\"name\":\"cosmetic.lv\",\"description\":\"Profesion\u0101la kosm\u0113tika - Maria Galland, Keune, Arkadija, GMT, Guam, Magiray\",\"publisher\":{\"@id\":\"https:\/\/cosmetic.lv\/lv\/#organization\"},\"potentialAction\":[{\"@type\":\"SearchAction\",\"target\":{\"@type\":\"EntryPoint\",\"urlTemplate\":\"https:\/\/cosmetic.lv\/lv\/?s={search_term_string}\"},\"query-input\":{\"@type\":\"PropertyValueSpecification\",\"valueRequired\":true,\"valueName\":\"search_term_string\"}}],\"inLanguage\":\"lv-LV\"},{\"@type\":\"Organization\",\"@id\":\"https:\/\/cosmetic.lv\/lv\/#organization\",\"name\":\"COSMETIC.LV\",\"url\":\"https:\/\/cosmetic.lv\/lv\/\",\"logo\":{\"@type\":\"ImageObject\",\"inLanguage\":\"lv-LV\",\"@id\":\"https:\/\/cosmetic.lv\/lv\/#\/schema\/logo\/image\/\",\"url\":\"https:\/\/cosmetic.lv\/wp-content\/uploads\/2021\/02\/cosmetic.lv_logo.jpg\",\"contentUrl\":\"https:\/\/cosmetic.lv\/wp-content\/uploads\/2021\/02\/cosmetic.lv_logo.jpg\",\"width\":596,\"height\":196,\"caption\":\"COSMETIC.LV\"},\"image\":{\"@id\":\"https:\/\/cosmetic.lv\/lv\/#\/schema\/logo\/image\/\"},\"sameAs\":[\"https:\/\/www.facebook.com\/cosmetic.lv\/\"]}]}<\/script>\n<meta property=\"product:price:amount\" content=\"17.00\" \/>\n<meta property=\"product:price:currency\" content=\"EUR\" \/>\n<meta property=\"og:availability\" content=\"out of stock\" \/>\n<meta property=\"product:availability\" content=\"out of stock\" \/>\n<meta property=\"product:retailer_item_id\" content=\"CITR\" \/>\n<meta property=\"product:condition\" content=\"new\" \/>\n<!-- \/ Yoast SEO Premium plugin. -->","yoast_head_json":{"title":"14 mm Dabisks natur\u0101ls akmens CIT\u012aNS veiksmei, bag\u0101t\u012bbai - cosmetic.lv","robots":{"index":"index","follow":"follow","max-snippet":"max-snippet:-1","max-image-preview":"max-image-preview:large","max-video-preview":"max-video-preview:-1"},"canonical":"https:\/\/cosmetic.lv\/lv\/product\/14-mm-dabisks-naturals-akmens-citins-veiksmei-bagatibai\/","og_locale":"lv_LV","og_type":"article","og_title":"14 mm Dabisks natur\u0101ls akmens CIT\u012aNS veiksmei, bag\u0101t\u012bbai","og_description":"Citr\u012bns (dzeltenais kvarcs) \u2013 gudr\u012bbas, prieka un miera simbols. Nes saules dziedino\u0161\u0101s sp\u0113jas. Papla\u0161ina auru, piepilda to ar gaismu, un","og_url":"https:\/\/cosmetic.lv\/lv\/product\/14-mm-dabisks-naturals-akmens-citins-veiksmei-bagatibai\/","og_site_name":"cosmetic.lv","article_publisher":"https:\/\/www.facebook.com\/cosmetic.lv\/","article_modified_time":"2021-02-06T17:56:33+00:00","og_image":[{"width":800,"height":420,"url":"https:\/\/cosmetic.lv\/wp-content\/uploads\/2021\/02\/20181201_1433251.jpg","type":"image\/jpeg"}],"twitter_card":"summary_large_image","schema":{"@context":"https:\/\/schema.org","@graph":[{"@type":"WebPage","@id":"https:\/\/cosmetic.lv\/lv\/product\/14-mm-dabisks-naturals-akmens-citins-veiksmei-bagatibai\/","url":"https:\/\/cosmetic.lv\/lv\/product\/14-mm-dabisks-naturals-akmens-citins-veiksmei-bagatibai\/","name":"14 mm Dabisks natur\u0101ls akmens CIT\u012aNS veiksmei, bag\u0101t\u012bbai - cosmetic.lv","isPartOf":{"@id":"https:\/\/cosmetic.lv\/lv\/#website"},"primaryImageOfPage":{"@id":"https:\/\/cosmetic.lv\/lv\/product\/14-mm-dabisks-naturals-akmens-citins-veiksmei-bagatibai\/#primaryimage"},"image":{"@id":"https:\/\/cosmetic.lv\/lv\/product\/14-mm-dabisks-naturals-akmens-citins-veiksmei-bagatibai\/#primaryimage"},"thumbnailUrl":"https:\/\/cosmetic.lv\/wp-content\/uploads\/2021\/02\/20181201_1433251.jpg","datePublished":"2021-02-06T17:56:32+00:00","dateModified":"2021-02-06T17:56:33+00:00","breadcrumb":{"@id":"https:\/\/cosmetic.lv\/lv\/product\/14-mm-dabisks-naturals-akmens-citins-veiksmei-bagatibai\/#breadcrumb"},"inLanguage":"lv-LV","potentialAction":[{"@type":"ReadAction","target":["https:\/\/cosmetic.lv\/lv\/product\/14-mm-dabisks-naturals-akmens-citins-veiksmei-bagatibai\/"]}]},{"@type":"ImageObject","inLanguage":"lv-LV","@id":"https:\/\/cosmetic.lv\/lv\/product\/14-mm-dabisks-naturals-akmens-citins-veiksmei-bagatibai\/#primaryimage","url":"https:\/\/cosmetic.lv\/wp-content\/uploads\/2021\/02\/20181201_1433251.jpg","contentUrl":"https:\/\/cosmetic.lv\/wp-content\/uploads\/2021\/02\/20181201_1433251.jpg","width":800,"height":420,"caption":"20181201_143325[1].jpg"},{"@type":"BreadcrumbList","@id":"https:\/\/cosmetic.lv\/lv\/product\/14-mm-dabisks-naturals-akmens-citins-veiksmei-bagatibai\/#breadcrumb","itemListElement":[{"@type":"ListItem","position":1,"name":"Home","item":"https:\/\/cosmetic.lv\/lv\/"},{"@type":"ListItem","position":2,"name":"Veikals","item":"https:\/\/cosmetic.lv\/lv\/veiklas\/"},{"@type":"ListItem","position":3,"name":"14 mm Dabisks natur\u0101ls akmens CIT\u012aNS veiksmei, bag\u0101t\u012bbai"}]},{"@type":"WebSite","@id":"https:\/\/cosmetic.lv\/lv\/#website","url":"https:\/\/cosmetic.lv\/lv\/","name":"cosmetic.lv","description":"Profesion\u0101la kosm\u0113tika - Maria Galland, Keune, Arkadija, GMT, Guam, Magiray","publisher":{"@id":"https:\/\/cosmetic.lv\/lv\/#organization"},"potentialAction":[{"@type":"SearchAction","target":{"@type":"EntryPoint","urlTemplate":"https:\/\/cosmetic.lv\/lv\/?s={search_term_string}"},"query-input":{"@type":"PropertyValueSpecification","valueRequired":true,"valueName":"search_term_string"}}],"inLanguage":"lv-LV"},{"@type":"Organization","@id":"https:\/\/cosmetic.lv\/lv\/#organization","name":"COSMETIC.LV","url":"https:\/\/cosmetic.lv\/lv\/","logo":{"@type":"ImageObject","inLanguage":"lv-LV","@id":"https:\/\/cosmetic.lv\/lv\/#\/schema\/logo\/image\/","url":"https:\/\/cosmetic.lv\/wp-content\/uploads\/2021\/02\/cosmetic.lv_logo.jpg","contentUrl":"https:\/\/cosmetic.lv\/wp-content\/uploads\/2021\/02\/cosmetic.lv_logo.jpg","width":596,"height":196,"caption":"COSMETIC.LV"},"image":{"@id":"https:\/\/cosmetic.lv\/lv\/#\/schema\/logo\/image\/"},"sameAs":["https:\/\/www.facebook.com\/cosmetic.lv\/"]}]},"product_price_amount":"17.00","product_price_currency":"EUR","og_availability":"out of stock","product_availability":"out of stock","product_retailer_item_id":"CITR","product_condition":"new"},"_links":{"self":[{"href":"https:\/\/cosmetic.lv\/lv\/wp-json\/wp\/v2\/product\/34704","targetHints":{"allow":["GET"]}}],"collection":[{"href":"https:\/\/cosmetic.lv\/lv\/wp-json\/wp\/v2\/product"}],"about":[{"href":"https:\/\/cosmetic.lv\/lv\/wp-json\/wp\/v2\/types\/product"}],"wp:featuredmedia":[{"embeddable":true,"href":"https:\/\/cosmetic.lv\/lv\/wp-json\/wp\/v2\/media\/10781"}],"wp:attachment":[{"href":"https:\/\/cosmetic.lv\/lv\/wp-json\/wp\/v2\/media?parent=34704"}],"wp:term":[{"taxonomy":"product_brand","embeddable":true,"href":"https:\/\/cosmetic.lv\/lv\/wp-json\/wp\/v2\/product_brand?post=34704"},{"taxonomy":"product_cat","embeddable":true,"href":"https:\/\/cosmetic.lv\/lv\/wp-json\/wp\/v2\/product_cat?post=34704"},{"taxonomy":"product_tag","embeddable":true,"href":"https:\/\/cosmetic.lv\/lv\/wp-json\/wp\/v2\/product_tag?post=34704"}],"curies":[{"name":"wp","href":"https:\/\/api.w.org\/{rel}","templated":true}]}}