{"id":34705,"date":"2021-02-05T22:44:14","date_gmt":"2021-02-06T17:56:32","guid":{"rendered":"https:\/\/damme.lv\/product\/12-mm-rokasspradze-naturalie-akmeni-tigeracss-un-dzi-amulets-nodrosina-labu-miegu-pret-depresi\/"},"modified":"2021-02-06T19:56:33","modified_gmt":"2021-02-06T17:56:33","slug":"12-mm-rokasspradze-naturalie-akmeni-tigeracss-un-dzi-amulets-nodrosina-labu-miegu-pret-depresi","status":"publish","type":"product","link":"https:\/\/cosmetic.lv\/lv\/product\/12-mm-rokasspradze-naturalie-akmeni-tigeracss-un-dzi-amulets-nodrosina-labu-miegu-pret-depresi\/","title":{"rendered":"12 mm Rokasspr\u0101dze natur\u0101lie akme\u0146i t\u012bgeracss un Dzi amulets- nodro\u0161ina labu miegu, pret depresi"},"content":{"rendered":"<p>T\u012b\u0123eracs nes sp\u0113c\u012bgu v\u012bri\u0161\u0137o ener\u0123iju. Dzi amulets &#8211; spec\u012bgs aizsardz\u012bbas talismans! Saist\u012bta ar saules pinuma \u010dakru, person\u012bgo sp\u0113ku un gribassp\u0113ku. Pal\u012bdz s\u0101p\u012bg\u0101s situ\u0101cij\u0101s \u2013 gan emocion\u0101l\u0101s, gan fizisk\u0101s. Aizsardz\u012bbas akmens, pasarg\u0101 auru no negat\u012bv\u0101s ietekmes, nes veiksmi. Stimul\u0113 Kundalini ener\u0123ijas pacel\u0161anos, ce\u013c optimismu. Lielisks medit\u0101cijas, bag\u0101t\u012bbas un labkl\u0101j\u012bbas akmens. Pal\u012bdz k\u013c\u016bt gar\u012bgi t\u012br\u0101kam un \u2018\u2019uzl\u0101d\u0113 \u2018\u2019 intelektu. Labi mazina izsvaid\u012btas ener\u0123ijas, kad j\u016btaties iztuk\u0161ots vai nenopietns. Pal\u012bdz iezem\u0113ties. Var pastiprin\u0101t intuit\u012bv\u0101s sp\u0113jas. Mazina bailes, piem\u0113ram, pirms eks\u0101mena. Pal\u012bdz gremo\u0161anas sist\u0113mai (tai skait\u0101 akn\u0101m un \u017eultsp\u016bslim), acu, kakla un reprodukt\u012bv\u0101s sist\u0113mas trauc\u0113jumu gad\u012bjum\u0101. Stiprina mugurkaulu, nomierina nervus, mazina s\u0101pes, letar\u0123iju, uzlabo redzi, vielmai\u0146u, koncentr\u0113\u0161an\u0101s sp\u0113jas. Pal\u012bdz \u0101rst\u0113t psori\u0101zi, bezmiegu, hronisku depresiju, aknas, loc\u012btavu iekaisumus. Var pal\u012bdz\u0113t atvieglot bronhi\u0101l\u0101s astmas l\u0113kmes, normaliz\u0113 asinsspiedienu. Kombin\u0101cij\u0101 ar serpent\u012bnu atvieglo Kundalini ener\u0123ijas pacel\u0161anos. Var kombin\u0113t ar \u010daro\u012btu, malah\u012btu, serafin\u012btu, sarkano ja\u0161mu (ener\u0123ijas labi sajaucas) un moldav\u012btu. Tautas medic\u012bn\u0101 t\u012b\u0123eraci uzskata par br\u012bni\u0161\u0137\u012bgu l\u012bdzekli organisma rehabilit\u0101cijai p\u0113c smag\u0101m un sarez\u0123\u012bt\u0101m oper\u0101cij\u0101m. Da\u017e\u0101s valst\u012bs dziednieki iesaka nes\u0101t t\u012bgeracs rotas da\u017e\u0101du slim\u012bbu profilaksei. Past\u0101v uzskats, ka \u0161is akmens pazemina asinsspiedienu, normaliz\u0113 miegu, atbr\u012bvo no bezmiega un nakts murgiem. Litoterapeiti uzskata, ka novietojot t\u012b\u0123eraci br\u016bces viet\u0101 var iev\u0113rojami \u0101tr\u0101k iz\u0101rst\u0113t psori\u0101zu. Past\u0101v uzskats, ka \u0161is miner\u0101lis atvieglo bronhi\u0101las astmas l\u0113kmes. Tautas dziednieki da\u017ereiz pielieto t\u012b\u0123eraci loc\u012btavu iekaisuma \u0101rst\u0113\u0161anai<\/p>\n","protected":false},"excerpt":{"rendered":"<p>T\u012b\u0123eracs nes sp\u0113c\u012bgu v\u012bri\u0161\u0137o ener\u0123iju. Dzi amulets &#8211; spec\u012bgs aizsardz\u012bbas talismans! Saist\u012bta ar saules pinuma \u010dakru, person\u012bgo sp\u0113ku un gribassp\u0113ku.<\/p>\n","protected":false},"featured_media":10784,"template":"","meta":[],"product_brand":[],"product_cat":[2293,2294],"product_tag":[],"class_list":{"0":"post-34705","1":"product","2":"type-product","3":"status-publish","4":"has-post-thumbnail","6":"product_cat-dabiskie-akmeni-rokasspradzess-auskari-gredzeni-lv","7":"product_cat-rokasspradzes-lv-lv-2","9":"first","10":"instock","11":"taxable","12":"shipping-taxable","13":"purchasable","14":"product-type-simple"},"yoast_head":"<!-- This site is optimized with the Yoast SEO Premium plugin v27.0 (Yoast SEO v27.0) - https:\/\/yoast.com\/product\/yoast-seo-premium-wordpress\/ -->\n<title>12 mm Rokasspr\u0101dze natur\u0101lie akme\u0146i t\u012bgeracss un Dzi amulets- nodro\u0161ina labu miegu, pret depresi - cosmetic.lv<\/title>\n<meta name=\"robots\" content=\"index, follow, max-snippet:-1, max-image-preview:large, max-video-preview:-1\" \/>\n<link rel=\"canonical\" href=\"https:\/\/cosmetic.lv\/lv\/product\/12-mm-rokasspradze-naturalie-akmeni-tigeracss-un-dzi-amulets-nodrosina-labu-miegu-pret-depresi\/\" \/>\n<meta property=\"og:locale\" content=\"lv_LV\" \/>\n<meta property=\"og:type\" content=\"article\" \/>\n<meta property=\"og:title\" content=\"12 mm Rokasspr\u0101dze natur\u0101lie akme\u0146i t\u012bgeracss un Dzi amulets- nodro\u0161ina labu miegu, pret depresi\" \/>\n<meta property=\"og:description\" content=\"T\u012b\u0123eracs nes sp\u0113c\u012bgu v\u012bri\u0161\u0137o ener\u0123iju. Dzi amulets &#8211; spec\u012bgs aizsardz\u012bbas talismans! Saist\u012bta ar saules pinuma \u010dakru, person\u012bgo sp\u0113ku un gribassp\u0113ku.\" \/>\n<meta property=\"og:url\" content=\"https:\/\/cosmetic.lv\/lv\/product\/12-mm-rokasspradze-naturalie-akmeni-tigeracss-un-dzi-amulets-nodrosina-labu-miegu-pret-depresi\/\" \/>\n<meta property=\"og:site_name\" content=\"cosmetic.lv\" \/>\n<meta property=\"article:publisher\" content=\"https:\/\/www.facebook.com\/cosmetic.lv\/\" \/>\n<meta property=\"article:modified_time\" content=\"2021-02-06T17:56:33+00:00\" \/>\n<meta property=\"og:image\" content=\"https:\/\/cosmetic.lv\/wp-content\/uploads\/2021\/02\/20181201_1432171.jpg\" \/>\n\t<meta property=\"og:image:width\" content=\"800\" \/>\n\t<meta property=\"og:image:height\" content=\"492\" \/>\n\t<meta property=\"og:image:type\" content=\"image\/jpeg\" \/>\n<meta name=\"twitter:card\" content=\"summary_large_image\" \/>\n<script type=\"application\/ld+json\" class=\"yoast-schema-graph\">{\"@context\":\"https:\/\/schema.org\",\"@graph\":[{\"@type\":\"WebPage\",\"@id\":\"https:\/\/cosmetic.lv\/lv\/product\/12-mm-rokasspradze-naturalie-akmeni-tigeracss-un-dzi-amulets-nodrosina-labu-miegu-pret-depresi\/\",\"url\":\"https:\/\/cosmetic.lv\/lv\/product\/12-mm-rokasspradze-naturalie-akmeni-tigeracss-un-dzi-amulets-nodrosina-labu-miegu-pret-depresi\/\",\"name\":\"12 mm Rokasspr\u0101dze natur\u0101lie akme\u0146i t\u012bgeracss un Dzi amulets- nodro\u0161ina labu miegu, pret depresi - cosmetic.lv\",\"isPartOf\":{\"@id\":\"https:\/\/cosmetic.lv\/lv\/#website\"},\"primaryImageOfPage\":{\"@id\":\"https:\/\/cosmetic.lv\/lv\/product\/12-mm-rokasspradze-naturalie-akmeni-tigeracss-un-dzi-amulets-nodrosina-labu-miegu-pret-depresi\/#primaryimage\"},\"image\":{\"@id\":\"https:\/\/cosmetic.lv\/lv\/product\/12-mm-rokasspradze-naturalie-akmeni-tigeracss-un-dzi-amulets-nodrosina-labu-miegu-pret-depresi\/#primaryimage\"},\"thumbnailUrl\":\"https:\/\/cosmetic.lv\/wp-content\/uploads\/2021\/02\/20181201_1432171.jpg\",\"datePublished\":\"2021-02-06T17:56:32+00:00\",\"dateModified\":\"2021-02-06T17:56:33+00:00\",\"breadcrumb\":{\"@id\":\"https:\/\/cosmetic.lv\/lv\/product\/12-mm-rokasspradze-naturalie-akmeni-tigeracss-un-dzi-amulets-nodrosina-labu-miegu-pret-depresi\/#breadcrumb\"},\"inLanguage\":\"lv-LV\",\"potentialAction\":[{\"@type\":\"ReadAction\",\"target\":[\"https:\/\/cosmetic.lv\/lv\/product\/12-mm-rokasspradze-naturalie-akmeni-tigeracss-un-dzi-amulets-nodrosina-labu-miegu-pret-depresi\/\"]}]},{\"@type\":\"ImageObject\",\"inLanguage\":\"lv-LV\",\"@id\":\"https:\/\/cosmetic.lv\/lv\/product\/12-mm-rokasspradze-naturalie-akmeni-tigeracss-un-dzi-amulets-nodrosina-labu-miegu-pret-depresi\/#primaryimage\",\"url\":\"https:\/\/cosmetic.lv\/wp-content\/uploads\/2021\/02\/20181201_1432171.jpg\",\"contentUrl\":\"https:\/\/cosmetic.lv\/wp-content\/uploads\/2021\/02\/20181201_1432171.jpg\",\"width\":800,\"height\":492,\"caption\":\"20181201_143217[1].jpg\"},{\"@type\":\"BreadcrumbList\",\"@id\":\"https:\/\/cosmetic.lv\/lv\/product\/12-mm-rokasspradze-naturalie-akmeni-tigeracss-un-dzi-amulets-nodrosina-labu-miegu-pret-depresi\/#breadcrumb\",\"itemListElement\":[{\"@type\":\"ListItem\",\"position\":1,\"name\":\"Home\",\"item\":\"https:\/\/cosmetic.lv\/lv\/\"},{\"@type\":\"ListItem\",\"position\":2,\"name\":\"Veikals\",\"item\":\"https:\/\/cosmetic.lv\/lv\/veiklas\/\"},{\"@type\":\"ListItem\",\"position\":3,\"name\":\"12 mm Rokasspr\u0101dze natur\u0101lie akme\u0146i t\u012bgeracss un Dzi amulets- nodro\u0161ina labu miegu, pret depresi\"}]},{\"@type\":\"WebSite\",\"@id\":\"https:\/\/cosmetic.lv\/lv\/#website\",\"url\":\"https:\/\/cosmetic.lv\/lv\/\",\"name\":\"cosmetic.lv\",\"description\":\"Profesion\u0101la kosm\u0113tika - Maria Galland, Keune, Arkadija, GMT, Guam, Magiray\",\"publisher\":{\"@id\":\"https:\/\/cosmetic.lv\/lv\/#organization\"},\"potentialAction\":[{\"@type\":\"SearchAction\",\"target\":{\"@type\":\"EntryPoint\",\"urlTemplate\":\"https:\/\/cosmetic.lv\/lv\/?s={search_term_string}\"},\"query-input\":{\"@type\":\"PropertyValueSpecification\",\"valueRequired\":true,\"valueName\":\"search_term_string\"}}],\"inLanguage\":\"lv-LV\"},{\"@type\":\"Organization\",\"@id\":\"https:\/\/cosmetic.lv\/lv\/#organization\",\"name\":\"COSMETIC.LV\",\"url\":\"https:\/\/cosmetic.lv\/lv\/\",\"logo\":{\"@type\":\"ImageObject\",\"inLanguage\":\"lv-LV\",\"@id\":\"https:\/\/cosmetic.lv\/lv\/#\/schema\/logo\/image\/\",\"url\":\"https:\/\/cosmetic.lv\/wp-content\/uploads\/2021\/02\/cosmetic.lv_logo.jpg\",\"contentUrl\":\"https:\/\/cosmetic.lv\/wp-content\/uploads\/2021\/02\/cosmetic.lv_logo.jpg\",\"width\":596,\"height\":196,\"caption\":\"COSMETIC.LV\"},\"image\":{\"@id\":\"https:\/\/cosmetic.lv\/lv\/#\/schema\/logo\/image\/\"},\"sameAs\":[\"https:\/\/www.facebook.com\/cosmetic.lv\/\"]}]}<\/script>\n<meta property=\"product:price:amount\" content=\"15.11\" \/>\n<meta property=\"product:price:currency\" content=\"EUR\" \/>\n<meta property=\"og:availability\" content=\"instock\" \/>\n<meta property=\"product:availability\" content=\"instock\" \/>\n<meta property=\"product:retailer_item_id\" content=\"tigdzi\" \/>\n<meta property=\"product:condition\" content=\"new\" \/>\n<!-- \/ Yoast SEO Premium plugin. -->","yoast_head_json":{"title":"12 mm Rokasspr\u0101dze natur\u0101lie akme\u0146i t\u012bgeracss un Dzi amulets- nodro\u0161ina labu miegu, pret depresi - cosmetic.lv","robots":{"index":"index","follow":"follow","max-snippet":"max-snippet:-1","max-image-preview":"max-image-preview:large","max-video-preview":"max-video-preview:-1"},"canonical":"https:\/\/cosmetic.lv\/lv\/product\/12-mm-rokasspradze-naturalie-akmeni-tigeracss-un-dzi-amulets-nodrosina-labu-miegu-pret-depresi\/","og_locale":"lv_LV","og_type":"article","og_title":"12 mm Rokasspr\u0101dze natur\u0101lie akme\u0146i t\u012bgeracss un Dzi amulets- nodro\u0161ina labu miegu, pret depresi","og_description":"T\u012b\u0123eracs nes sp\u0113c\u012bgu v\u012bri\u0161\u0137o ener\u0123iju. Dzi amulets &#8211; spec\u012bgs aizsardz\u012bbas talismans! Saist\u012bta ar saules pinuma \u010dakru, person\u012bgo sp\u0113ku un gribassp\u0113ku.","og_url":"https:\/\/cosmetic.lv\/lv\/product\/12-mm-rokasspradze-naturalie-akmeni-tigeracss-un-dzi-amulets-nodrosina-labu-miegu-pret-depresi\/","og_site_name":"cosmetic.lv","article_publisher":"https:\/\/www.facebook.com\/cosmetic.lv\/","article_modified_time":"2021-02-06T17:56:33+00:00","og_image":[{"width":800,"height":492,"url":"https:\/\/cosmetic.lv\/wp-content\/uploads\/2021\/02\/20181201_1432171.jpg","type":"image\/jpeg"}],"twitter_card":"summary_large_image","schema":{"@context":"https:\/\/schema.org","@graph":[{"@type":"WebPage","@id":"https:\/\/cosmetic.lv\/lv\/product\/12-mm-rokasspradze-naturalie-akmeni-tigeracss-un-dzi-amulets-nodrosina-labu-miegu-pret-depresi\/","url":"https:\/\/cosmetic.lv\/lv\/product\/12-mm-rokasspradze-naturalie-akmeni-tigeracss-un-dzi-amulets-nodrosina-labu-miegu-pret-depresi\/","name":"12 mm Rokasspr\u0101dze natur\u0101lie akme\u0146i t\u012bgeracss un Dzi amulets- nodro\u0161ina labu miegu, pret depresi - cosmetic.lv","isPartOf":{"@id":"https:\/\/cosmetic.lv\/lv\/#website"},"primaryImageOfPage":{"@id":"https:\/\/cosmetic.lv\/lv\/product\/12-mm-rokasspradze-naturalie-akmeni-tigeracss-un-dzi-amulets-nodrosina-labu-miegu-pret-depresi\/#primaryimage"},"image":{"@id":"https:\/\/cosmetic.lv\/lv\/product\/12-mm-rokasspradze-naturalie-akmeni-tigeracss-un-dzi-amulets-nodrosina-labu-miegu-pret-depresi\/#primaryimage"},"thumbnailUrl":"https:\/\/cosmetic.lv\/wp-content\/uploads\/2021\/02\/20181201_1432171.jpg","datePublished":"2021-02-06T17:56:32+00:00","dateModified":"2021-02-06T17:56:33+00:00","breadcrumb":{"@id":"https:\/\/cosmetic.lv\/lv\/product\/12-mm-rokasspradze-naturalie-akmeni-tigeracss-un-dzi-amulets-nodrosina-labu-miegu-pret-depresi\/#breadcrumb"},"inLanguage":"lv-LV","potentialAction":[{"@type":"ReadAction","target":["https:\/\/cosmetic.lv\/lv\/product\/12-mm-rokasspradze-naturalie-akmeni-tigeracss-un-dzi-amulets-nodrosina-labu-miegu-pret-depresi\/"]}]},{"@type":"ImageObject","inLanguage":"lv-LV","@id":"https:\/\/cosmetic.lv\/lv\/product\/12-mm-rokasspradze-naturalie-akmeni-tigeracss-un-dzi-amulets-nodrosina-labu-miegu-pret-depresi\/#primaryimage","url":"https:\/\/cosmetic.lv\/wp-content\/uploads\/2021\/02\/20181201_1432171.jpg","contentUrl":"https:\/\/cosmetic.lv\/wp-content\/uploads\/2021\/02\/20181201_1432171.jpg","width":800,"height":492,"caption":"20181201_143217[1].jpg"},{"@type":"BreadcrumbList","@id":"https:\/\/cosmetic.lv\/lv\/product\/12-mm-rokasspradze-naturalie-akmeni-tigeracss-un-dzi-amulets-nodrosina-labu-miegu-pret-depresi\/#breadcrumb","itemListElement":[{"@type":"ListItem","position":1,"name":"Home","item":"https:\/\/cosmetic.lv\/lv\/"},{"@type":"ListItem","position":2,"name":"Veikals","item":"https:\/\/cosmetic.lv\/lv\/veiklas\/"},{"@type":"ListItem","position":3,"name":"12 mm Rokasspr\u0101dze natur\u0101lie akme\u0146i t\u012bgeracss un Dzi amulets- nodro\u0161ina labu miegu, pret depresi"}]},{"@type":"WebSite","@id":"https:\/\/cosmetic.lv\/lv\/#website","url":"https:\/\/cosmetic.lv\/lv\/","name":"cosmetic.lv","description":"Profesion\u0101la kosm\u0113tika - Maria Galland, Keune, Arkadija, GMT, Guam, Magiray","publisher":{"@id":"https:\/\/cosmetic.lv\/lv\/#organization"},"potentialAction":[{"@type":"SearchAction","target":{"@type":"EntryPoint","urlTemplate":"https:\/\/cosmetic.lv\/lv\/?s={search_term_string}"},"query-input":{"@type":"PropertyValueSpecification","valueRequired":true,"valueName":"search_term_string"}}],"inLanguage":"lv-LV"},{"@type":"Organization","@id":"https:\/\/cosmetic.lv\/lv\/#organization","name":"COSMETIC.LV","url":"https:\/\/cosmetic.lv\/lv\/","logo":{"@type":"ImageObject","inLanguage":"lv-LV","@id":"https:\/\/cosmetic.lv\/lv\/#\/schema\/logo\/image\/","url":"https:\/\/cosmetic.lv\/wp-content\/uploads\/2021\/02\/cosmetic.lv_logo.jpg","contentUrl":"https:\/\/cosmetic.lv\/wp-content\/uploads\/2021\/02\/cosmetic.lv_logo.jpg","width":596,"height":196,"caption":"COSMETIC.LV"},"image":{"@id":"https:\/\/cosmetic.lv\/lv\/#\/schema\/logo\/image\/"},"sameAs":["https:\/\/www.facebook.com\/cosmetic.lv\/"]}]},"product_price_amount":"15.11","product_price_currency":"EUR","og_availability":"instock","product_availability":"instock","product_retailer_item_id":"tigdzi","product_condition":"new"},"_links":{"self":[{"href":"https:\/\/cosmetic.lv\/lv\/wp-json\/wp\/v2\/product\/34705","targetHints":{"allow":["GET"]}}],"collection":[{"href":"https:\/\/cosmetic.lv\/lv\/wp-json\/wp\/v2\/product"}],"about":[{"href":"https:\/\/cosmetic.lv\/lv\/wp-json\/wp\/v2\/types\/product"}],"wp:featuredmedia":[{"embeddable":true,"href":"https:\/\/cosmetic.lv\/lv\/wp-json\/wp\/v2\/media\/10784"}],"wp:attachment":[{"href":"https:\/\/cosmetic.lv\/lv\/wp-json\/wp\/v2\/media?parent=34705"}],"wp:term":[{"taxonomy":"product_brand","embeddable":true,"href":"https:\/\/cosmetic.lv\/lv\/wp-json\/wp\/v2\/product_brand?post=34705"},{"taxonomy":"product_cat","embeddable":true,"href":"https:\/\/cosmetic.lv\/lv\/wp-json\/wp\/v2\/product_cat?post=34705"},{"taxonomy":"product_tag","embeddable":true,"href":"https:\/\/cosmetic.lv\/lv\/wp-json\/wp\/v2\/product_tag?post=34705"}],"curies":[{"name":"wp","href":"https:\/\/api.w.org\/{rel}","templated":true}]}}