{"id":34706,"date":"2021-02-05T22:44:14","date_gmt":"2021-02-06T17:56:32","guid":{"rendered":"https:\/\/damme.lv\/product\/dabisks-naturals-akmens-korals-2\/"},"modified":"2021-02-06T19:56:34","modified_gmt":"2021-02-06T17:56:34","slug":"dabisks-naturals-akmens-korals-2","status":"publish","type":"product","link":"https:\/\/cosmetic.lv\/lv\/product\/dabisks-naturals-akmens-korals-2\/","title":{"rendered":"Dabisks natur\u0101ls akmens kor\u0101ls"},"content":{"rendered":"<p>Parasti kora\u013c\u013ci sastopami sarkan\u0101 kr\u0101s\u0101. Ir ar\u012b roz\u0101, balti, dzelteni un melni kora\u013c\u013ci. Senos laikos korallis ticis izmantots lieti\u0161\u0137aj\u0101 m\u0101ksl\u0101. Tika uzskat\u012bts, ka korallis pal\u012bdz izvair\u012bties no neveiksm\u0113m un aizsarg\u0101 pret \u0101das slim\u012bb\u0101m. Sapn\u012b redz\u0113ts korallis tika tulkots k\u0101 atvese\u013co\u0161an\u0101s no ilgas slim\u012bbas. Senatn\u0113 tika uzskat\u012bts, ka plan\u0113ta Marss sast\u0101v no sarkanajiem kora\u013c\u013ciem. \u0100rstnieciskas \u012bpa\u0161\u012bbas: Austrumu valst\u012bs tautas dziednieki bie\u017ei lieto balt\u0101 kora\u013c\u013ca pulveri lab\u0101kai kaulu saaug\u0161anai p\u0113c l\u016bzumiem. Praktiski visu valstu tautas dziednieki uzskata, ka korallis ir br\u012bni\u0161\u0137\u012bgs l\u012bdzeklis tonusa paaugstin\u0101\u0161anai un noguruma no\u0146em\u0161anai. Tas uzlabo atmi\u0146u, labi ietekm\u0113 dzirdi un redzi, saaudz\u0113 no p\u0101rlieku lielas slodzes stresu situ\u0101cij\u0101s. Fitoterapeiti uzskata, ka kora\u013c\u013ci ir sp\u0113j\u012bgi uzlabot asinsri\u0146\u0137o\u0161anu, iespaidot sirds-asinsvadu sist\u0113mas darbu. Roz\u0101 kr\u0101sas kora\u013c\u013ci dzied\u0113 bezmiegu, sedat\u012bvi iedarboj\u0101s uz nervu sist\u0113mu. Past\u0101v uzskats, ka sarkano kora\u013c\u013cu krelles var izdzied\u0113t no galvass\u0101p\u0113m un pal\u012bdz\u0113t pie kakla saslim\u0161an\u0101m. Akmens tiek izmantots k\u0101 l\u012bdzeklis pret depresiju, ap\u0101tiju. Da\u017e\u0101s valst\u012bs kora\u013c\u013cus izmantoja k\u0101 pretapaug\u013co\u0161an\u0101s l\u012bdzekli. Ma\u0123iskas \u012bpa\u0161\u012bbas: Senaj\u0101 Grie\u0137ij\u0101 uzskat\u012bja, ka kora\u013c\u013ci uztur cilv\u0113ka dz\u012bves garu. Viduslaiku Eirop\u0101 kora\u013c\u013cus uzskait\u012bja par tikum\u012bbas simbolu. Meksikas indi\u0101\u0146i joproj\u0101m apgalvo, ka kora\u013csarkanu kre\u013c\u013cu n\u0113s\u0101\u0161ana aizsarg\u0101 no \u013cauniem gariem, kas s\u016bta drudzi. Speci\u0101listi iedala kora\u013c\u013cus p\u0113c dzimumpaz\u012bm\u0113m: balti skait\u0101s sievie\u0161u, sarkani \u2014 v\u012brie\u0161u kora\u013c\u013ci. Speci\u0101listi apgalvo, ka sarkano kora\u013c\u013cu n\u0113s\u0101\u0161ana sievietei un attiec\u012bgi baltu kora\u013c\u013cu n\u0113s\u0101\u0161ana v\u012brietim ir \u013coti b\u012bstamas, jo akmens pie\u0161\u0137ir t\u0101 \u012bpa\u0161nieka raksturam pret\u0113j\u0101 dzimuma \u012bpa\u0161\u012bbas, v\u012brieti korallis padar\u012bs sievi\u0161\u0137\u012bgu, bet sievieti v\u012bri\u0161\u0137\u012bgu. Korallis var rad\u012bt t\u0101 \u012bpa\u0161niekam ni\u0137\u012bbu, \u0137ild\u012bgu, avant\u016brismu, t\u0101d\u0113\u013c past\u0101v\u012bgi n\u0113s\u0101t izstr\u0101d\u0101jumus ar \u0161o miner\u0101li nav rekomend\u0113jams. Ide\u0101ls laiks kora\u013c\u013cu izstr\u0101d\u0101jumu n\u0113s\u0101\u0161anai ir augo\u0161\u0101 M\u0113nesa f\u0101ze. \u012apa\u0161i b\u012bstams laiks ir pilnm\u0113ness. Pilnm\u0113ness laik\u0101 kora\u013c\u013cus j\u0101novieto zem \u016bdens str\u016bklas vismaz uz 10 min\u016bt\u0113m un p\u0113c tam j\u0101ieliek tie l\u0101d\u012bt\u0113 vai kast\u012bt\u0113, tos nedr\u012bkst iz\u0146emt l\u012bdz jaun\u0101 m\u0113ness s\u0101kumam. Korallis ir labs pal\u012bgs medit\u0101cijai un vizualiz\u0101cijai. Uzlabo atmi\u0146u, stimul\u0113 intelektu\u0101l\u0101s sp\u0113jas, lo\u0123isko dom\u0101\u0161anu, d\u0101v\u0101 optimismu un dro\u0161\u012bbas saj\u016btu, kontrol\u0113 emocijas, dara cilv\u0113ku gudru. Korallim piem\u012bt v\u012bri\u0161\u0137\u0101 ener\u0123ija, tas simboliz\u0113 kaisl\u012bbu, m\u012blest\u012bbu. Baltajam korallim \u2013 sievi\u0161\u0137\u0101 ener\u0123ija. Roz\u0101 korallis nomierino\u0161i ietekm\u0113 nervu sist\u0113mu. Pasarg\u0101 no \u013caunas acs, sarg\u0101 no briesm\u0101m Kora\u013ci \u2013 arheolo\u0123iskie izrakumi liecina, ka kora\u013ci ir tiku\u0161i izmantoti jau 6000 gadu pirms Kristus. Tie ir sastopami da\u017e\u0101dos roz\u0101 un s\u0101rtos to\u0146os, bet rotaslietu izgatavo\u0161an\u0101 vispiepras\u012bt\u0101kie ir ko\u0161i sarkanie kora\u013ci. Ar \u0161o akmeni saist\u0101s da\u017e\u0101das le\u0123endas. Indie\u0161u astrologi iesaka n\u0113s\u0101t rotas ar kora\u013ciem, lai pasarg\u0101tu no Marsa negat\u012bv\u0101s ietekmes, t.i., sliktas pa\u0161saj\u016btas, augsta asinsspiediena utt. Tiek uzskat\u012bts, ka kora\u013cu n\u0113s\u0101\u0161ana stiprina fizisko un ment\u0101lo ener\u0123iju, paildzina dz\u012bvi un pal\u012bdz laul\u012bbas probl\u0113mu risin\u0101\u0161an\u0101, k\u0101 ar\u012b uztur dz\u012bv\u012bgumu un asins sp\u0113ku.<\/p>\n","protected":false},"excerpt":{"rendered":"<p>Parasti kora\u013c\u013ci sastopami sarkan\u0101 kr\u0101s\u0101. Ir ar\u012b roz\u0101, balti, dzelteni un melni kora\u013c\u013ci. Senos laikos korallis ticis izmantots lieti\u0161\u0137aj\u0101 m\u0101ksl\u0101.<\/p>\n","protected":false},"featured_media":17196,"template":"","meta":[],"product_brand":[],"product_cat":[2293,2294],"product_tag":[],"class_list":{"0":"post-34706","1":"product","2":"type-product","3":"status-publish","4":"has-post-thumbnail","6":"product_cat-dabiskie-akmeni-rokasspradzess-auskari-gredzeni-lv","7":"product_cat-rokasspradzes-lv-lv-2","9":"first","10":"instock","11":"taxable","12":"shipping-taxable","13":"purchasable","14":"product-type-simple"},"yoast_head":"<!-- This site is optimized with the Yoast SEO Premium plugin v27.0 (Yoast SEO v27.0) - https:\/\/yoast.com\/product\/yoast-seo-premium-wordpress\/ -->\n<title>Dabisks natur\u0101ls akmens kor\u0101ls - cosmetic.lv<\/title>\n<meta name=\"robots\" content=\"index, follow, max-snippet:-1, max-image-preview:large, max-video-preview:-1\" \/>\n<link rel=\"canonical\" href=\"https:\/\/cosmetic.lv\/lv\/product\/dabisks-naturals-akmens-korals-2\/\" \/>\n<meta property=\"og:locale\" content=\"lv_LV\" \/>\n<meta property=\"og:type\" content=\"article\" \/>\n<meta property=\"og:title\" content=\"Dabisks natur\u0101ls akmens kor\u0101ls\" \/>\n<meta property=\"og:description\" content=\"Parasti kora\u013c\u013ci sastopami sarkan\u0101 kr\u0101s\u0101. Ir ar\u012b roz\u0101, balti, dzelteni un melni kora\u013c\u013ci. Senos laikos korallis ticis izmantots lieti\u0161\u0137aj\u0101 m\u0101ksl\u0101.\" \/>\n<meta property=\"og:url\" content=\"https:\/\/cosmetic.lv\/lv\/product\/dabisks-naturals-akmens-korals-2\/\" \/>\n<meta property=\"og:site_name\" content=\"cosmetic.lv\" \/>\n<meta property=\"article:publisher\" content=\"https:\/\/www.facebook.com\/cosmetic.lv\/\" \/>\n<meta property=\"article:modified_time\" content=\"2021-02-06T17:56:34+00:00\" \/>\n<meta property=\"og:image\" content=\"https:\/\/cosmetic.lv\/wp-content\/uploads\/2021\/02\/20181119_123009-4.jpg\" \/>\n\t<meta property=\"og:image:width\" content=\"800\" \/>\n\t<meta property=\"og:image:height\" content=\"453\" \/>\n\t<meta property=\"og:image:type\" content=\"image\/jpeg\" \/>\n<meta name=\"twitter:card\" content=\"summary_large_image\" \/>\n<script type=\"application\/ld+json\" class=\"yoast-schema-graph\">{\"@context\":\"https:\/\/schema.org\",\"@graph\":[{\"@type\":\"WebPage\",\"@id\":\"https:\/\/cosmetic.lv\/lv\/product\/dabisks-naturals-akmens-korals-2\/\",\"url\":\"https:\/\/cosmetic.lv\/lv\/product\/dabisks-naturals-akmens-korals-2\/\",\"name\":\"Dabisks natur\u0101ls akmens kor\u0101ls - cosmetic.lv\",\"isPartOf\":{\"@id\":\"https:\/\/cosmetic.lv\/lv\/#website\"},\"primaryImageOfPage\":{\"@id\":\"https:\/\/cosmetic.lv\/lv\/product\/dabisks-naturals-akmens-korals-2\/#primaryimage\"},\"image\":{\"@id\":\"https:\/\/cosmetic.lv\/lv\/product\/dabisks-naturals-akmens-korals-2\/#primaryimage\"},\"thumbnailUrl\":\"https:\/\/cosmetic.lv\/wp-content\/uploads\/2021\/02\/20181119_123009-4.jpg\",\"datePublished\":\"2021-02-06T17:56:32+00:00\",\"dateModified\":\"2021-02-06T17:56:34+00:00\",\"breadcrumb\":{\"@id\":\"https:\/\/cosmetic.lv\/lv\/product\/dabisks-naturals-akmens-korals-2\/#breadcrumb\"},\"inLanguage\":\"lv-LV\",\"potentialAction\":[{\"@type\":\"ReadAction\",\"target\":[\"https:\/\/cosmetic.lv\/lv\/product\/dabisks-naturals-akmens-korals-2\/\"]}]},{\"@type\":\"ImageObject\",\"inLanguage\":\"lv-LV\",\"@id\":\"https:\/\/cosmetic.lv\/lv\/product\/dabisks-naturals-akmens-korals-2\/#primaryimage\",\"url\":\"https:\/\/cosmetic.lv\/wp-content\/uploads\/2021\/02\/20181119_123009-4.jpg\",\"contentUrl\":\"https:\/\/cosmetic.lv\/wp-content\/uploads\/2021\/02\/20181119_123009-4.jpg\",\"width\":800,\"height\":453,\"caption\":\"20181119_123009.jpg\"},{\"@type\":\"BreadcrumbList\",\"@id\":\"https:\/\/cosmetic.lv\/lv\/product\/dabisks-naturals-akmens-korals-2\/#breadcrumb\",\"itemListElement\":[{\"@type\":\"ListItem\",\"position\":1,\"name\":\"Home\",\"item\":\"https:\/\/cosmetic.lv\/lv\/\"},{\"@type\":\"ListItem\",\"position\":2,\"name\":\"Veikals\",\"item\":\"https:\/\/cosmetic.lv\/lv\/veiklas\/\"},{\"@type\":\"ListItem\",\"position\":3,\"name\":\"Dabisks natur\u0101ls akmens kor\u0101ls\"}]},{\"@type\":\"WebSite\",\"@id\":\"https:\/\/cosmetic.lv\/lv\/#website\",\"url\":\"https:\/\/cosmetic.lv\/lv\/\",\"name\":\"cosmetic.lv\",\"description\":\"Profesion\u0101la kosm\u0113tika - Maria Galland, Keune, Arkadija, GMT, Guam, Magiray\",\"publisher\":{\"@id\":\"https:\/\/cosmetic.lv\/lv\/#organization\"},\"potentialAction\":[{\"@type\":\"SearchAction\",\"target\":{\"@type\":\"EntryPoint\",\"urlTemplate\":\"https:\/\/cosmetic.lv\/lv\/?s={search_term_string}\"},\"query-input\":{\"@type\":\"PropertyValueSpecification\",\"valueRequired\":true,\"valueName\":\"search_term_string\"}}],\"inLanguage\":\"lv-LV\"},{\"@type\":\"Organization\",\"@id\":\"https:\/\/cosmetic.lv\/lv\/#organization\",\"name\":\"COSMETIC.LV\",\"url\":\"https:\/\/cosmetic.lv\/lv\/\",\"logo\":{\"@type\":\"ImageObject\",\"inLanguage\":\"lv-LV\",\"@id\":\"https:\/\/cosmetic.lv\/lv\/#\/schema\/logo\/image\/\",\"url\":\"https:\/\/cosmetic.lv\/wp-content\/uploads\/2021\/02\/cosmetic.lv_logo.jpg\",\"contentUrl\":\"https:\/\/cosmetic.lv\/wp-content\/uploads\/2021\/02\/cosmetic.lv_logo.jpg\",\"width\":596,\"height\":196,\"caption\":\"COSMETIC.LV\"},\"image\":{\"@id\":\"https:\/\/cosmetic.lv\/lv\/#\/schema\/logo\/image\/\"},\"sameAs\":[\"https:\/\/www.facebook.com\/cosmetic.lv\/\"]}]}<\/script>\n<meta property=\"product:price:amount\" content=\"9.06\" \/>\n<meta property=\"product:price:currency\" content=\"EUR\" \/>\n<meta property=\"og:availability\" content=\"instock\" \/>\n<meta property=\"product:availability\" content=\"instock\" \/>\n<meta property=\"product:retailer_item_id\" content=\"KOR\" \/>\n<meta property=\"product:condition\" content=\"new\" \/>\n<!-- \/ Yoast SEO Premium plugin. -->","yoast_head_json":{"title":"Dabisks natur\u0101ls akmens kor\u0101ls - cosmetic.lv","robots":{"index":"index","follow":"follow","max-snippet":"max-snippet:-1","max-image-preview":"max-image-preview:large","max-video-preview":"max-video-preview:-1"},"canonical":"https:\/\/cosmetic.lv\/lv\/product\/dabisks-naturals-akmens-korals-2\/","og_locale":"lv_LV","og_type":"article","og_title":"Dabisks natur\u0101ls akmens kor\u0101ls","og_description":"Parasti kora\u013c\u013ci sastopami sarkan\u0101 kr\u0101s\u0101. Ir ar\u012b roz\u0101, balti, dzelteni un melni kora\u013c\u013ci. Senos laikos korallis ticis izmantots lieti\u0161\u0137aj\u0101 m\u0101ksl\u0101.","og_url":"https:\/\/cosmetic.lv\/lv\/product\/dabisks-naturals-akmens-korals-2\/","og_site_name":"cosmetic.lv","article_publisher":"https:\/\/www.facebook.com\/cosmetic.lv\/","article_modified_time":"2021-02-06T17:56:34+00:00","og_image":[{"width":800,"height":453,"url":"https:\/\/cosmetic.lv\/wp-content\/uploads\/2021\/02\/20181119_123009-4.jpg","type":"image\/jpeg"}],"twitter_card":"summary_large_image","schema":{"@context":"https:\/\/schema.org","@graph":[{"@type":"WebPage","@id":"https:\/\/cosmetic.lv\/lv\/product\/dabisks-naturals-akmens-korals-2\/","url":"https:\/\/cosmetic.lv\/lv\/product\/dabisks-naturals-akmens-korals-2\/","name":"Dabisks natur\u0101ls akmens kor\u0101ls - cosmetic.lv","isPartOf":{"@id":"https:\/\/cosmetic.lv\/lv\/#website"},"primaryImageOfPage":{"@id":"https:\/\/cosmetic.lv\/lv\/product\/dabisks-naturals-akmens-korals-2\/#primaryimage"},"image":{"@id":"https:\/\/cosmetic.lv\/lv\/product\/dabisks-naturals-akmens-korals-2\/#primaryimage"},"thumbnailUrl":"https:\/\/cosmetic.lv\/wp-content\/uploads\/2021\/02\/20181119_123009-4.jpg","datePublished":"2021-02-06T17:56:32+00:00","dateModified":"2021-02-06T17:56:34+00:00","breadcrumb":{"@id":"https:\/\/cosmetic.lv\/lv\/product\/dabisks-naturals-akmens-korals-2\/#breadcrumb"},"inLanguage":"lv-LV","potentialAction":[{"@type":"ReadAction","target":["https:\/\/cosmetic.lv\/lv\/product\/dabisks-naturals-akmens-korals-2\/"]}]},{"@type":"ImageObject","inLanguage":"lv-LV","@id":"https:\/\/cosmetic.lv\/lv\/product\/dabisks-naturals-akmens-korals-2\/#primaryimage","url":"https:\/\/cosmetic.lv\/wp-content\/uploads\/2021\/02\/20181119_123009-4.jpg","contentUrl":"https:\/\/cosmetic.lv\/wp-content\/uploads\/2021\/02\/20181119_123009-4.jpg","width":800,"height":453,"caption":"20181119_123009.jpg"},{"@type":"BreadcrumbList","@id":"https:\/\/cosmetic.lv\/lv\/product\/dabisks-naturals-akmens-korals-2\/#breadcrumb","itemListElement":[{"@type":"ListItem","position":1,"name":"Home","item":"https:\/\/cosmetic.lv\/lv\/"},{"@type":"ListItem","position":2,"name":"Veikals","item":"https:\/\/cosmetic.lv\/lv\/veiklas\/"},{"@type":"ListItem","position":3,"name":"Dabisks natur\u0101ls akmens kor\u0101ls"}]},{"@type":"WebSite","@id":"https:\/\/cosmetic.lv\/lv\/#website","url":"https:\/\/cosmetic.lv\/lv\/","name":"cosmetic.lv","description":"Profesion\u0101la kosm\u0113tika - Maria Galland, Keune, Arkadija, GMT, Guam, Magiray","publisher":{"@id":"https:\/\/cosmetic.lv\/lv\/#organization"},"potentialAction":[{"@type":"SearchAction","target":{"@type":"EntryPoint","urlTemplate":"https:\/\/cosmetic.lv\/lv\/?s={search_term_string}"},"query-input":{"@type":"PropertyValueSpecification","valueRequired":true,"valueName":"search_term_string"}}],"inLanguage":"lv-LV"},{"@type":"Organization","@id":"https:\/\/cosmetic.lv\/lv\/#organization","name":"COSMETIC.LV","url":"https:\/\/cosmetic.lv\/lv\/","logo":{"@type":"ImageObject","inLanguage":"lv-LV","@id":"https:\/\/cosmetic.lv\/lv\/#\/schema\/logo\/image\/","url":"https:\/\/cosmetic.lv\/wp-content\/uploads\/2021\/02\/cosmetic.lv_logo.jpg","contentUrl":"https:\/\/cosmetic.lv\/wp-content\/uploads\/2021\/02\/cosmetic.lv_logo.jpg","width":596,"height":196,"caption":"COSMETIC.LV"},"image":{"@id":"https:\/\/cosmetic.lv\/lv\/#\/schema\/logo\/image\/"},"sameAs":["https:\/\/www.facebook.com\/cosmetic.lv\/"]}]},"product_price_amount":"9.06","product_price_currency":"EUR","og_availability":"instock","product_availability":"instock","product_retailer_item_id":"KOR","product_condition":"new"},"_links":{"self":[{"href":"https:\/\/cosmetic.lv\/lv\/wp-json\/wp\/v2\/product\/34706","targetHints":{"allow":["GET"]}}],"collection":[{"href":"https:\/\/cosmetic.lv\/lv\/wp-json\/wp\/v2\/product"}],"about":[{"href":"https:\/\/cosmetic.lv\/lv\/wp-json\/wp\/v2\/types\/product"}],"wp:featuredmedia":[{"embeddable":true,"href":"https:\/\/cosmetic.lv\/lv\/wp-json\/wp\/v2\/media\/17196"}],"wp:attachment":[{"href":"https:\/\/cosmetic.lv\/lv\/wp-json\/wp\/v2\/media?parent=34706"}],"wp:term":[{"taxonomy":"product_brand","embeddable":true,"href":"https:\/\/cosmetic.lv\/lv\/wp-json\/wp\/v2\/product_brand?post=34706"},{"taxonomy":"product_cat","embeddable":true,"href":"https:\/\/cosmetic.lv\/lv\/wp-json\/wp\/v2\/product_cat?post=34706"},{"taxonomy":"product_tag","embeddable":true,"href":"https:\/\/cosmetic.lv\/lv\/wp-json\/wp\/v2\/product_tag?post=34706"}],"curies":[{"name":"wp","href":"https:\/\/api.w.org\/{rel}","templated":true}]}}