{"id":34709,"date":"2021-02-05T22:44:14","date_gmt":"2021-02-06T17:56:32","guid":{"rendered":"https:\/\/damme.lv\/product\/12mm-dabisks-naturals-akmens-kvarcs\/"},"modified":"2021-02-06T19:56:36","modified_gmt":"2021-02-06T17:56:36","slug":"12mm-dabisks-naturals-akmens-kvarcs","status":"publish","type":"product","link":"https:\/\/cosmetic.lv\/lv\/product\/12mm-dabisks-naturals-akmens-kvarcs\/","title":{"rendered":"12mm Dabisks natur\u0101ls akmens kvarcs"},"content":{"rendered":"<p>D\u016bmu kvarcs (rauhtop\u0101zs) \u2013 aizsardz\u012bbai un iezem\u0113\u0161anai. Iztur\u012bbas, sap\u0146u akmens. Aizsarg\u0101 no jebk\u0101da veida apk\u0101rt\u0113j\u0101s negativit\u0101tes. Att\u012bra ener\u0123\u0113tiskos kan\u0101lus, neitraliz\u0113 negat\u012bvo ener\u0123iju aur\u0101. Ja j\u016btaties nelaim\u012bgs vai slikt\u0101 noska\u0146ojum\u0101, d\u016bmu kvarcs \u0101tri uzlabos omu. Mazina datora un citu elektroier\u012b\u010du starojumu. Uzs\u016bc un p\u0101rveido negat\u012bvo ener\u0123iju. Medit\u0101cija ar d\u016bmu kvarcu var atnest inform\u0101ciju no cit\u0101m sf\u0113r\u0101m uz fizisko. Saist\u012bts ar visuma ska\u0146\u0101m \u2013 pal\u012bdz lab\u0101k t\u0101s uztvert (ieskaitot telep\u0101tisk\u0101s ska\u0146as). Pal\u012bdz atkl\u0101tu j\u016bsu iek\u0161\u0113jo b\u016bt\u012bbu, ieskaujot tum\u0161\u0101s vietas gaism\u0101 un m\u012blest\u012bb\u0101, k\u0101 ar\u012b atbr\u012bvoties no il\u016bzij\u0101m. Palielina pa\u0161cie\u0146u un dz\u012bves prieku, uzlabo organizatorisk\u0101s prasmes. Balans\u0113 \u0137erme\u0146a un pr\u0101ta ener\u0123ijas. Palielina intu\u012bciju un izdz\u012bvo\u0161anas instinktus. M\u012bkstina vil\u0161an\u0101s saj\u016btu (tai skait\u0101 vil\u0161anos sev\u012b). D\u016bmu kvarcu var kombin\u0113t ar citiem gar\u012bg\u0101s iezem\u0113\u0161anas akme\u0146iem \u2013 melno obsidi\u0101nu, apa\u010du asar\u0101m (obsidi\u0101na paveids), melno turmal\u012bnu, dalm\u0101cie\u0161u ja\u0161mu, uguns ah\u0101tu un melno kian\u012btu. Pie gar\u012bg\u0101s p\u0101rveido\u0161an\u0101s iesaka kombin\u0113t ar moldav\u012btu. D\u016bmu kvarcs sp\u0113c\u012bg\u0101k iezem\u0113 un aizsarg\u0101 kombin\u0101cij\u0101 ar sugil\u012btu. Stiprina \u0137ermeni, mazina s\u0101pes un relaks\u0113. Pal\u012bdz pret skumj\u0101m, izmisumu, depresiju, uzm\u0101c\u012bg\u0101m idej\u0101m, krampjiem, muguras probl\u0113m\u0101m, galvas s\u0101p\u0113m. Stiprina nervus, sniedz ener\u0123iju. Mazina panikas l\u0113kmes (saasin\u0101juma br\u012bd\u012b tas j\u0101saspie\u017e d\u016br\u0113, un dom\u0101s j\u0101v\u0113r\u0161as pie t\u0101 p\u0113c pal\u012bdz\u012bbas) un nakts murgus. No organisma pal\u012bdz izvad\u012bt toks\u012bnus. Uzlabo virsnieru, nieru un aizku\u0146\u0123a dziedzera funkcijas. Pal\u012bdz atmest sm\u0113\u0137\u0113\u0161anu, un tikt gal\u0101 ar alkoholismu. Viens no kvarca paveidiem. Akmens ir unik\u0101ls ar savu sp\u0113ju izklied\u0113t dusmas un aizkaitin\u0101jumu. Nes veiksmi, pal\u012bdz pareizi izv\u0113l\u0113ties draugus un m\u012blest\u012bbu. Sarg\u0101 \u0123imenes laimi, aizsarg\u0101 no nelaim\u0113m un noskaudumiem. Uzlabo intu\u012bciju. \u012apa\u0161i ieteicams str\u0113lnieka z\u012bm\u0113 dzimu\u0161ajiem. D\u016bmainais kvarcs \u2013 viens no sp\u0113c\u012bg\u0101kiem un varon\u012bg\u0101kiem tum\u0161iem akme\u0146iem pasaul\u0113. Bet ja d\u016bmaino kvarcu izmanto ar labv\u0113l\u012bgu ap\u0146\u0113m\u012bbu, tad vi\u0146\u0161 ir sp\u0113j\u012bgs aktiviz\u0113t pirmatn\u0113jus cilv\u0113ka instinktus, padar\u012bt vi\u0146u par vair\u0101k dz\u012bves sp\u0113j\u012bgu, v\u012bri\u0161\u0137\u012bbu, sp\u0113j\u012bgu p\u0101rvar\u0113t jebkurus \u0161\u0137\u0113r\u0161\u013cus. Vi\u0146\u0161 padara savu \u012bpa\u0161nieku par seksu\u0101li akt\u012bvu, dz\u012bvespriec\u012bgu, nenogurdino\u0161u darb\u0101. Misti\u0137i uzskata, ka d\u016bmainais kvarcs pal\u012bdz pacelt domas no zemapzi\u0146as tumsotnes l\u012bdz apmirdz\u0113\u0161anas un virs sama\u0146as apgabalam. Ne velti budisti nosauc \u0161o miner\u0101lu par \u201eBuddas akmeni\u201d. D\u016bmainais kvarcs \u2013 viens no pa\u0161iem \u201eener\u0123\u0113tiskiem\u201d tum\u0161iem pasaules akme\u0146iem. Vecie indusi tic\u0113ja , ka vi\u0146\u0161 izved no organisma negat\u012bvo ener\u0123iju un izded\u017eus. Ka ar\u012b skait\u0101s, ka D\u016bmainais kvarcs neitraliz\u0113 \u013caunumu un no\u0146em aizkaitin\u0101jumu. K\u0101 talismans D\u016bmainais kvarcs pal\u012bdz savam \u012bpa\u0161niekam p\u0101rvald\u012bt cilv\u0113kiem sakr\u0101to gudr\u012bbu, att\u012bst\u012bt dabas dot\u012bbas, pievelk veiksmi, apk\u0101rt\u0113jo cilv\u0113ku simp\u0101tiju. Skait\u0101s, ka d\u016bmu kvarcs iz\u0101rst\u0113 psihisko trauc\u0113jumu smag\u0101s saslim\u0161anas: depresiju, uzm\u0101c\u012bgas idejas, tieksmi p\u0113c pa\u0161n\u0101v\u012bbas. T\u0101d\u0113\u013c, lai izdzied\u0113tos no \u0161\u012bm kait\u0113m, krist\u0101lu vajag n\u0113s\u0101t l\u012bdzi un slim\u012bbas saasin\u0101juma moment\u0101 saspiest vi\u0146u d\u016br\u0113, dom\u0101s v\u0113r\u0161oties pie vi\u0146a p\u0113c pal\u012bdz\u012bbas.<\/p>\n","protected":false},"excerpt":{"rendered":"<p>D\u016bmu kvarcs (rauhtop\u0101zs) \u2013 aizsardz\u012bbai un iezem\u0113\u0161anai. Iztur\u012bbas, sap\u0146u akmens. Aizsarg\u0101 no jebk\u0101da veida apk\u0101rt\u0113j\u0101s negativit\u0101tes. Att\u012bra ener\u0123\u0113tiskos kan\u0101lus, neitraliz\u0113<\/p>\n","protected":false},"featured_media":10796,"template":"","meta":[],"product_brand":[],"product_cat":[2293,2294],"product_tag":[],"class_list":{"0":"post-34709","1":"product","2":"type-product","3":"status-publish","4":"has-post-thumbnail","6":"product_cat-dabiskie-akmeni-rokasspradzess-auskari-gredzeni-lv","7":"product_cat-rokasspradzes-lv-lv-2","9":"first","10":"instock","11":"taxable","12":"shipping-taxable","13":"purchasable","14":"product-type-simple"},"yoast_head":"<!-- This site is optimized with the Yoast SEO Premium plugin v27.0 (Yoast SEO v27.0) - https:\/\/yoast.com\/product\/yoast-seo-premium-wordpress\/ -->\n<title>12mm Dabisks natur\u0101ls akmens kvarcs - cosmetic.lv<\/title>\n<meta name=\"robots\" content=\"index, follow, max-snippet:-1, max-image-preview:large, max-video-preview:-1\" \/>\n<link rel=\"canonical\" href=\"https:\/\/cosmetic.lv\/lv\/product\/12mm-dabisks-naturals-akmens-kvarcs\/\" \/>\n<meta property=\"og:locale\" content=\"lv_LV\" \/>\n<meta property=\"og:type\" content=\"article\" \/>\n<meta property=\"og:title\" content=\"12mm Dabisks natur\u0101ls akmens kvarcs\" \/>\n<meta property=\"og:description\" content=\"D\u016bmu kvarcs (rauhtop\u0101zs) \u2013 aizsardz\u012bbai un iezem\u0113\u0161anai. Iztur\u012bbas, sap\u0146u akmens. Aizsarg\u0101 no jebk\u0101da veida apk\u0101rt\u0113j\u0101s negativit\u0101tes. Att\u012bra ener\u0123\u0113tiskos kan\u0101lus, neitraliz\u0113\" \/>\n<meta property=\"og:url\" content=\"https:\/\/cosmetic.lv\/lv\/product\/12mm-dabisks-naturals-akmens-kvarcs\/\" \/>\n<meta property=\"og:site_name\" content=\"cosmetic.lv\" \/>\n<meta property=\"article:publisher\" content=\"https:\/\/www.facebook.com\/cosmetic.lv\/\" \/>\n<meta property=\"article:modified_time\" content=\"2021-02-06T17:56:36+00:00\" \/>\n<meta property=\"og:image\" content=\"https:\/\/cosmetic.lv\/wp-content\/uploads\/2021\/02\/20181201_1430341.jpg\" \/>\n\t<meta property=\"og:image:width\" content=\"800\" \/>\n\t<meta property=\"og:image:height\" content=\"453\" \/>\n\t<meta property=\"og:image:type\" content=\"image\/jpeg\" \/>\n<meta name=\"twitter:card\" content=\"summary_large_image\" \/>\n<script type=\"application\/ld+json\" class=\"yoast-schema-graph\">{\"@context\":\"https:\/\/schema.org\",\"@graph\":[{\"@type\":\"WebPage\",\"@id\":\"https:\/\/cosmetic.lv\/lv\/product\/12mm-dabisks-naturals-akmens-kvarcs\/\",\"url\":\"https:\/\/cosmetic.lv\/lv\/product\/12mm-dabisks-naturals-akmens-kvarcs\/\",\"name\":\"12mm Dabisks natur\u0101ls akmens kvarcs - cosmetic.lv\",\"isPartOf\":{\"@id\":\"https:\/\/cosmetic.lv\/lv\/#website\"},\"primaryImageOfPage\":{\"@id\":\"https:\/\/cosmetic.lv\/lv\/product\/12mm-dabisks-naturals-akmens-kvarcs\/#primaryimage\"},\"image\":{\"@id\":\"https:\/\/cosmetic.lv\/lv\/product\/12mm-dabisks-naturals-akmens-kvarcs\/#primaryimage\"},\"thumbnailUrl\":\"https:\/\/cosmetic.lv\/wp-content\/uploads\/2021\/02\/20181201_1430341.jpg\",\"datePublished\":\"2021-02-06T17:56:32+00:00\",\"dateModified\":\"2021-02-06T17:56:36+00:00\",\"breadcrumb\":{\"@id\":\"https:\/\/cosmetic.lv\/lv\/product\/12mm-dabisks-naturals-akmens-kvarcs\/#breadcrumb\"},\"inLanguage\":\"lv-LV\",\"potentialAction\":[{\"@type\":\"ReadAction\",\"target\":[\"https:\/\/cosmetic.lv\/lv\/product\/12mm-dabisks-naturals-akmens-kvarcs\/\"]}]},{\"@type\":\"ImageObject\",\"inLanguage\":\"lv-LV\",\"@id\":\"https:\/\/cosmetic.lv\/lv\/product\/12mm-dabisks-naturals-akmens-kvarcs\/#primaryimage\",\"url\":\"https:\/\/cosmetic.lv\/wp-content\/uploads\/2021\/02\/20181201_1430341.jpg\",\"contentUrl\":\"https:\/\/cosmetic.lv\/wp-content\/uploads\/2021\/02\/20181201_1430341.jpg\",\"width\":800,\"height\":453,\"caption\":\"20181201_143034[1].jpg\"},{\"@type\":\"BreadcrumbList\",\"@id\":\"https:\/\/cosmetic.lv\/lv\/product\/12mm-dabisks-naturals-akmens-kvarcs\/#breadcrumb\",\"itemListElement\":[{\"@type\":\"ListItem\",\"position\":1,\"name\":\"Home\",\"item\":\"https:\/\/cosmetic.lv\/lv\/\"},{\"@type\":\"ListItem\",\"position\":2,\"name\":\"Veikals\",\"item\":\"https:\/\/cosmetic.lv\/lv\/veiklas\/\"},{\"@type\":\"ListItem\",\"position\":3,\"name\":\"12mm Dabisks natur\u0101ls akmens kvarcs\"}]},{\"@type\":\"WebSite\",\"@id\":\"https:\/\/cosmetic.lv\/lv\/#website\",\"url\":\"https:\/\/cosmetic.lv\/lv\/\",\"name\":\"cosmetic.lv\",\"description\":\"Profesion\u0101la kosm\u0113tika - Maria Galland, Keune, Arkadija, GMT, Guam, Magiray\",\"publisher\":{\"@id\":\"https:\/\/cosmetic.lv\/lv\/#organization\"},\"potentialAction\":[{\"@type\":\"SearchAction\",\"target\":{\"@type\":\"EntryPoint\",\"urlTemplate\":\"https:\/\/cosmetic.lv\/lv\/?s={search_term_string}\"},\"query-input\":{\"@type\":\"PropertyValueSpecification\",\"valueRequired\":true,\"valueName\":\"search_term_string\"}}],\"inLanguage\":\"lv-LV\"},{\"@type\":\"Organization\",\"@id\":\"https:\/\/cosmetic.lv\/lv\/#organization\",\"name\":\"COSMETIC.LV\",\"url\":\"https:\/\/cosmetic.lv\/lv\/\",\"logo\":{\"@type\":\"ImageObject\",\"inLanguage\":\"lv-LV\",\"@id\":\"https:\/\/cosmetic.lv\/lv\/#\/schema\/logo\/image\/\",\"url\":\"https:\/\/cosmetic.lv\/wp-content\/uploads\/2021\/02\/cosmetic.lv_logo.jpg\",\"contentUrl\":\"https:\/\/cosmetic.lv\/wp-content\/uploads\/2021\/02\/cosmetic.lv_logo.jpg\",\"width\":596,\"height\":196,\"caption\":\"COSMETIC.LV\"},\"image\":{\"@id\":\"https:\/\/cosmetic.lv\/lv\/#\/schema\/logo\/image\/\"},\"sameAs\":[\"https:\/\/www.facebook.com\/cosmetic.lv\/\"]}]}<\/script>\n<meta property=\"product:price:amount\" content=\"14.11\" \/>\n<meta property=\"product:price:currency\" content=\"EUR\" \/>\n<meta property=\"og:availability\" content=\"instock\" \/>\n<meta property=\"product:availability\" content=\"instock\" \/>\n<meta property=\"product:retailer_item_id\" content=\"dimckv\" \/>\n<meta property=\"product:condition\" content=\"new\" \/>\n<!-- \/ Yoast SEO Premium plugin. -->","yoast_head_json":{"title":"12mm Dabisks natur\u0101ls akmens kvarcs - cosmetic.lv","robots":{"index":"index","follow":"follow","max-snippet":"max-snippet:-1","max-image-preview":"max-image-preview:large","max-video-preview":"max-video-preview:-1"},"canonical":"https:\/\/cosmetic.lv\/lv\/product\/12mm-dabisks-naturals-akmens-kvarcs\/","og_locale":"lv_LV","og_type":"article","og_title":"12mm Dabisks natur\u0101ls akmens kvarcs","og_description":"D\u016bmu kvarcs (rauhtop\u0101zs) \u2013 aizsardz\u012bbai un iezem\u0113\u0161anai. Iztur\u012bbas, sap\u0146u akmens. Aizsarg\u0101 no jebk\u0101da veida apk\u0101rt\u0113j\u0101s negativit\u0101tes. Att\u012bra ener\u0123\u0113tiskos kan\u0101lus, neitraliz\u0113","og_url":"https:\/\/cosmetic.lv\/lv\/product\/12mm-dabisks-naturals-akmens-kvarcs\/","og_site_name":"cosmetic.lv","article_publisher":"https:\/\/www.facebook.com\/cosmetic.lv\/","article_modified_time":"2021-02-06T17:56:36+00:00","og_image":[{"width":800,"height":453,"url":"https:\/\/cosmetic.lv\/wp-content\/uploads\/2021\/02\/20181201_1430341.jpg","type":"image\/jpeg"}],"twitter_card":"summary_large_image","schema":{"@context":"https:\/\/schema.org","@graph":[{"@type":"WebPage","@id":"https:\/\/cosmetic.lv\/lv\/product\/12mm-dabisks-naturals-akmens-kvarcs\/","url":"https:\/\/cosmetic.lv\/lv\/product\/12mm-dabisks-naturals-akmens-kvarcs\/","name":"12mm Dabisks natur\u0101ls akmens kvarcs - cosmetic.lv","isPartOf":{"@id":"https:\/\/cosmetic.lv\/lv\/#website"},"primaryImageOfPage":{"@id":"https:\/\/cosmetic.lv\/lv\/product\/12mm-dabisks-naturals-akmens-kvarcs\/#primaryimage"},"image":{"@id":"https:\/\/cosmetic.lv\/lv\/product\/12mm-dabisks-naturals-akmens-kvarcs\/#primaryimage"},"thumbnailUrl":"https:\/\/cosmetic.lv\/wp-content\/uploads\/2021\/02\/20181201_1430341.jpg","datePublished":"2021-02-06T17:56:32+00:00","dateModified":"2021-02-06T17:56:36+00:00","breadcrumb":{"@id":"https:\/\/cosmetic.lv\/lv\/product\/12mm-dabisks-naturals-akmens-kvarcs\/#breadcrumb"},"inLanguage":"lv-LV","potentialAction":[{"@type":"ReadAction","target":["https:\/\/cosmetic.lv\/lv\/product\/12mm-dabisks-naturals-akmens-kvarcs\/"]}]},{"@type":"ImageObject","inLanguage":"lv-LV","@id":"https:\/\/cosmetic.lv\/lv\/product\/12mm-dabisks-naturals-akmens-kvarcs\/#primaryimage","url":"https:\/\/cosmetic.lv\/wp-content\/uploads\/2021\/02\/20181201_1430341.jpg","contentUrl":"https:\/\/cosmetic.lv\/wp-content\/uploads\/2021\/02\/20181201_1430341.jpg","width":800,"height":453,"caption":"20181201_143034[1].jpg"},{"@type":"BreadcrumbList","@id":"https:\/\/cosmetic.lv\/lv\/product\/12mm-dabisks-naturals-akmens-kvarcs\/#breadcrumb","itemListElement":[{"@type":"ListItem","position":1,"name":"Home","item":"https:\/\/cosmetic.lv\/lv\/"},{"@type":"ListItem","position":2,"name":"Veikals","item":"https:\/\/cosmetic.lv\/lv\/veiklas\/"},{"@type":"ListItem","position":3,"name":"12mm Dabisks natur\u0101ls akmens kvarcs"}]},{"@type":"WebSite","@id":"https:\/\/cosmetic.lv\/lv\/#website","url":"https:\/\/cosmetic.lv\/lv\/","name":"cosmetic.lv","description":"Profesion\u0101la kosm\u0113tika - Maria Galland, Keune, Arkadija, GMT, Guam, Magiray","publisher":{"@id":"https:\/\/cosmetic.lv\/lv\/#organization"},"potentialAction":[{"@type":"SearchAction","target":{"@type":"EntryPoint","urlTemplate":"https:\/\/cosmetic.lv\/lv\/?s={search_term_string}"},"query-input":{"@type":"PropertyValueSpecification","valueRequired":true,"valueName":"search_term_string"}}],"inLanguage":"lv-LV"},{"@type":"Organization","@id":"https:\/\/cosmetic.lv\/lv\/#organization","name":"COSMETIC.LV","url":"https:\/\/cosmetic.lv\/lv\/","logo":{"@type":"ImageObject","inLanguage":"lv-LV","@id":"https:\/\/cosmetic.lv\/lv\/#\/schema\/logo\/image\/","url":"https:\/\/cosmetic.lv\/wp-content\/uploads\/2021\/02\/cosmetic.lv_logo.jpg","contentUrl":"https:\/\/cosmetic.lv\/wp-content\/uploads\/2021\/02\/cosmetic.lv_logo.jpg","width":596,"height":196,"caption":"COSMETIC.LV"},"image":{"@id":"https:\/\/cosmetic.lv\/lv\/#\/schema\/logo\/image\/"},"sameAs":["https:\/\/www.facebook.com\/cosmetic.lv\/"]}]},"product_price_amount":"14.11","product_price_currency":"EUR","og_availability":"instock","product_availability":"instock","product_retailer_item_id":"dimckv","product_condition":"new"},"_links":{"self":[{"href":"https:\/\/cosmetic.lv\/lv\/wp-json\/wp\/v2\/product\/34709","targetHints":{"allow":["GET"]}}],"collection":[{"href":"https:\/\/cosmetic.lv\/lv\/wp-json\/wp\/v2\/product"}],"about":[{"href":"https:\/\/cosmetic.lv\/lv\/wp-json\/wp\/v2\/types\/product"}],"wp:featuredmedia":[{"embeddable":true,"href":"https:\/\/cosmetic.lv\/lv\/wp-json\/wp\/v2\/media\/10796"}],"wp:attachment":[{"href":"https:\/\/cosmetic.lv\/lv\/wp-json\/wp\/v2\/media?parent=34709"}],"wp:term":[{"taxonomy":"product_brand","embeddable":true,"href":"https:\/\/cosmetic.lv\/lv\/wp-json\/wp\/v2\/product_brand?post=34709"},{"taxonomy":"product_cat","embeddable":true,"href":"https:\/\/cosmetic.lv\/lv\/wp-json\/wp\/v2\/product_cat?post=34709"},{"taxonomy":"product_tag","embeddable":true,"href":"https:\/\/cosmetic.lv\/lv\/wp-json\/wp\/v2\/product_tag?post=34709"}],"curies":[{"name":"wp","href":"https:\/\/api.w.org\/{rel}","templated":true}]}}