{"id":34712,"date":"2021-02-05T22:44:14","date_gmt":"2021-02-06T17:56:32","guid":{"rendered":"https:\/\/damme.lv\/product\/auskari-dabisks-akmens-malahits-aizsardzibas-balansa-transformacijas-un-attiecibu-akmens\/"},"modified":"2021-02-06T19:56:38","modified_gmt":"2021-02-06T17:56:38","slug":"auskari-dabisks-akmens-malahits-aizsardzibas-balansa-transformacijas-un-attiecibu-akmens","status":"publish","type":"product","link":"https:\/\/cosmetic.lv\/lv\/product\/auskari-dabisks-akmens-malahits-aizsardzibas-balansa-transformacijas-un-attiecibu-akmens\/","title":{"rendered":"Auskari dabisks akmens malah\u012bts  \u2013 aizsardz\u012bbas, balansa, transform\u0101cijas un attiec\u012bbu akmens"},"content":{"rendered":"<p>Malah\u012bts \u2013 aizsardz\u012bbas, balansa, transform\u0101cijas un attiec\u012bbu akmens. Saist\u012bts ar za\u013co staru. Malah\u012btu m\u0113dz saukt ar\u012b par \u2018\u2019dv\u0113seles spoguli\u2019\u2019 \u2013 tas sasniedz iek\u0161\u0113j\u0101s saj\u016btas un atspogu\u013co t\u0101s, negat\u012bvas vai pozit\u012bvas, t\u0101d\u0113\u013c nav ieteicams malah\u012btu n\u0113s\u0101t, kad j\u016btaties negat\u012bvi. Tas absorb\u0113 ar\u012b negat\u012bvo ener\u0123iju un pies\u0101r\u0146ojumu (ar\u012b elektromagn\u0113tisko), tai skait\u0101 pal\u012bdz izvilkt no organisma negat\u012bv\u0101s ener\u0123ijas un blok\u0101des (p\u0113c lieto\u0161anas malah\u012bts nekav\u0113joties j\u0101att\u012bra). Malah\u012bts var veicin\u0101t koncentr\u0113\u0161an\u0101s sp\u0113ju un astr\u0101lo redz\u0113jumu. Pa\u0101trina gar\u012bgo evol\u016bciju. Sniedz dzi\u013cu emocion\u0101lu dziedin\u0101\u0161anu (pal\u012bdz atbr\u012bvot no negat\u012bvas pieredzes un sen\u0101m traum\u0101m). Att\u012bra un aktiviz\u0113 \u010dakras. Sekm\u0113 iek\u0161\u0113jo mieru, iztur\u012bbu, mazina vainas saj\u016btu. Sp\u0113c\u012bgs aizsardz\u012bbas akmens, \u012bpa\u0161i, ja j\u016bs ietekm\u0113 cilv\u0113ki, kas izs\u016bc ener\u0123iju. Var pielietot veiksmes (labkl\u0101j\u012bbas) ma\u0123ij\u0101. Atg\u0101dina, ka tikai mums pa\u0161iem ir atbild\u012bba par savu likteni, un tikai pa\u0161i esam atbild\u012bgi par to, kas notiek m\u016bsu dz\u012bv\u0113. Mazina krampjus. Pal\u012bdz im\u016bn un nervu sist\u0113mai, pazemina asinsspiedienu, dzied\u0113 artr\u012btu, l\u016bzumus, audz\u0113jus (agr\u012bn\u0101 stadij\u0101), aizku\u0146\u0123a dziedzeri, liesu, akn\u0101m pal\u012bdz izvad\u012bt toks\u012bnus. No\u0146em stresu un spriedzi, dzied\u0113 sirdi, stiprina epif\u012bzi un hipof\u012bzi. Uzlabo asinsriti, un preto\u0161an\u0101s sp\u0113ju slim\u012bb\u0101m. Mazina gar\u012bgos trauc\u0113jumus, uzlabo redzi. Var lietot sastiepumu, t\u016bskas un astmas gad\u012bjum\u0101. Uzskata, ka var pielietot ar\u012b pie aptauko\u0161an\u0101s un celul\u012bta. Pal\u012bdz pie reimatisma, sekm\u0113 audu re\u0123ener\u0101ciju. Tautas dziednieki uzskata, ka malah\u012bts ir br\u012bni\u0161\u0137\u012bgs l\u012bdzeklis c\u012b\u0146ai ar \u0101das slim\u012bb\u0101m. Aproces no malah\u012bta att\u012bra \u0101du no aler\u0123isk\u0101m izsitumiem un sarkaniem plankumiem. Krelles no malah\u012bta, p\u0113c dziednieku dom\u0101m, pal\u012bdz iev\u0113rojami uzlabot matu aug\u0161anu. Litoterapeiti uzskata, ka \u0161is miner\u0101lis var atvieglot bronhi\u0101las astmas l\u0113kmes, \u0101rst\u0113t acu saslim\u0161anas, uzlabot redzi. Skait\u0101s, ka plates no malah\u012bta, kas ir uzliktas uz s\u0101pju viet\u0101m, ir sp\u0113j\u012bgas iz\u0101rst\u0113t reimatismu. Sensenos laikos uzskat\u012bja, ka malah\u012bts ir saist\u012bts ar Visuma sp\u0113kiem un ir to s\u016btnis Zemes virs\u016b. Par \u0161o miner\u0101li st\u0101st\u012bja le\u0123endas: it k\u0101 tas var padar\u012bt cilv\u0113ku neredzamu, bet ja dzer no malah\u012bta kausa, tad var saprast dz\u012bvnieku valodu. Krievij\u0101 malah\u012btu uzskat\u012bja par akmeni, kas izpilda v\u0113lmes. Speci\u0101listi apgalvo, ka malah\u012bts ir viens no visstipr\u0101kajiem ma\u0123iskajiem akme\u0146iem. Ja to lieto, tas var b\u016bt visai b\u012bstams \u012bpa\u0161i sieviet\u0113m. Akmens tik sp\u0113c\u012bgi pievelk pie t\u0101 \u012bpa\u0161nieces pret\u0113j\u0101 dzimuma uzman\u012bbu, ka vi\u0146a risk\u0113 tikt pak\u013cauta varm\u0101c\u012bbai. T\u0101p\u0113s iesaka n\u0113s\u0101t malah\u012btu sudrab\u0101, kur\u0161 neitraliz\u0113 agresiju no v\u012brie\u0161u puses. Malah\u012bts ir maija akmens. \u0160aj\u0101 period\u0101 vi\u0146\u0161 ir \u012bpa\u0161i sp\u0113c\u012bgs. Run\u0101, ka ja maij\u0101 n\u0113s\u0101t talismanu no malah\u012bta, var atbr\u012bvoties no viltus bail\u0113m, melanholijas, bezmiega. Tum\u0161i za\u013cas kr\u0101sas miner\u0101ls pastiprina t\u0101 \u012bpa\u0161nieka gar\u012bgos sp\u0113kus. Tas harmoniz\u0113 iek\u0161\u0113jo pasauli un pasauli ap cilv\u0113ku. Astrologi rekomend\u0113 n\u0113s\u0101t malah\u012btu tiem, kas ir dzimu\u0161i Svaru z\u012bm\u0113. Svaru z\u012bm\u0113 dzimu\u0161os \u0161is akmens padara pievilc\u012bgus, pie\u0161\u0137ir valdzin\u0101jumu, d\u0101v\u0101 dai\u013crun\u012bbu. P\u0101r\u0113j\u0101m zodiaka z\u012bm\u0113m, iz\u0146emot Jaunavas un V\u0113\u017eus, malah\u012bta n\u0113s\u0101\u0161ana ir at\u013cauta. Jaunavam un V\u0113\u017eiem malah\u012bts ir kategoriski aizliegts M\u016bsdienu psihoterapija (\u0101rst\u0113\u0161ana ar akme\u0146iem) malah\u012btu izmanto sirds un astmas slim\u012bbu gad\u012bjumos. Malah\u012bts mazina ar\u012b zobu s\u0101pes, ar\u012b acu slim\u012bbas. Tautas dziednieki uzskata, ka malah\u012bts ir labs l\u012bdzeklis pret \u0101das slim\u012bb\u0101m, aktiviz\u0113 galvas \u0101das mikrocirkul\u0101ciju, stimul\u0113 matu aug\u0161anu. Rokasspr\u0101dzes no malah\u012bta att\u012bra \u0101du no aler\u0123iskiem izsitumiem un sarkaniem plankumiem. Bez tam malah\u012btam piem\u012bt sp\u0113c\u012bga pozit\u012bva ener\u0123ija. Tautas dziednieki uzskata, ka malah\u012bts ir br\u012bni\u0161\u0137\u012bgs l\u012bdzeklis c\u012b\u0146ai ar \u0101das slim\u012bb\u0101m. Aproces no malah\u012bta att\u012bra \u0101du no aler\u0123isk\u0101m izsitumiem un sarkaniem plankumiem. Krelles no malah\u012bta, p\u0113c dziednieku dom\u0101m, pal\u012bdz iev\u0113rojami uzlabot matu aug\u0161anu. Litoterapeiti uzskata, ka \u0161is miner\u0101lis var atvieglot bronhi\u0101las astmas l\u0113kmes, \u0101rst\u0113t acu saslim\u0161anas, uzlabot redzi. Skait\u0101s, ka plates no malah\u012bta, kas ir uzliktas uz s\u0101pju viet\u0101m, ir sp\u0113j\u012bgas iz\u0101rst\u0113t reimatismu. \u0160is akmens tiek saist\u012bts ar Visuma sp\u0113ku un ir k\u0101 s\u016btnis Zemes virs\u016b. Krievij\u0101 malah\u012btu uzskata par akmeni, kas izpilda v\u0113lmes. Malah\u012bts ir viens no visstipr\u0101kajiem ma\u0123iskajiem akme\u0146iem. Akmens sp\u0113c\u012bgi pievelk pie t\u0101 \u012bpa\u0161nieces pret\u0113j\u0101 dzimuma uzman\u012bbu, ka vi\u0146a risk\u0113 tikt pak\u013cauta varm\u0101c\u012bbai. T\u0101p\u0113c malah\u012btu iesaka n\u0113s\u0101t sudrab\u0101, kas neitraliz\u0113 agresiju no v\u012brie\u0161u puses. Malah\u012bts pastiprina t\u0101 \u012bpa\u0161nieka gar\u012bgos sp\u0113kus, harmoniz\u0113 iek\u0161\u0113jo pasauli, aizsarg\u0101 pret negad\u012bjumiem, sarg\u0101 ce\u013cot\u0101jus, l\u012bdzsvaro attiec\u012bbas. Uzlabo redzi, nov\u0113r\u0161 negat\u012bv\u0101s vibr\u0101cijas, vairo prieka saj\u016btu. Pal\u012bdz \u0101rst\u0113t sirds un plau\u0161u slim\u012bbas, no\u0146em emocion\u0101lo spriedzi un labv\u0113l\u012bgi ietekm\u0113 nervu sist\u0113mu. Nes veiksmi biznes\u0101, pasarg\u0101 no nevajadz\u012bg\u0101m saist\u012bb\u0101m uz\u0146\u0113m\u0113jdarb\u012bb\u0101. \u013boti piem\u0113rots aktieriem, dzejniekiem un cilv\u0113kiem, kas saist\u012bti ar m\u0101kslu. Kategoriski aizliegts n\u0113s\u0101t Jaunavas un V\u0113\u017ea z\u012bm\u0113 dzimu\u0161ajiem. Visvair\u0101k piem\u0113rots Svaru z\u012bm\u0113 dzimu\u0161ajiem, kas padara tos pievilc\u012bgus, pie\u0161\u0137ir valdzin\u0101jumu, d\u0101v\u0101 dai\u013crun\u012bbu. Nosaukums \u201emalah\u012bts\u201d c\u0113lies no sengrie\u0137u v\u0101rda malache \u2013 malva; \u0161\u012b auga lap\u0101m, t\u0101pat k\u0101 malah\u012btam, ir spilgti za\u013ca kr\u0101sa. Senatn\u0113 malah\u012btu uzskat\u012bja par dziednieku un zin\u0101tnieku akmeni, par v\u0113lmju piepild\u012b\u0161an\u0101s simbolu. K\u0101 malah\u012bta atrad\u0146u vieta kop\u0161 seniem laikiem paz\u012bstama Izra\u0113la un Sen\u0101 \u0112\u0123ipte. \u0100rstniecisk\u0101s \u012bpa\u0161\u012bbas: Tautas dziednieki uzskata, ka malah\u012bts ir br\u012bni\u0161\u0137\u012bgs l\u012bdzeklis c\u012b\u0146ai ar \u0101das slim\u012bb\u0101m. Aproces no malah\u012bta att\u012bra \u0101du no aler\u0123isk\u0101m izsitumiem un sarkaniem plankumiem. Krelles no malah\u012bta, p\u0113c dziednieku dom\u0101m, pal\u012bdz iev\u0113rojami uzlabot matu aug\u0161anu. Litoterapeiti uzskata, ka \u0161is miner\u0101lis var atvieglot bronhi\u0101las astmas l\u0113kmes, \u0101rst\u0113t acu saslim\u0161anas, uzlabot redzi. Skait\u0101s, ka plates no malah\u012bta, kas ir uzliktas uz s\u0101pju viet\u0101m, ir sp\u0113j\u012bgas iz\u0101rst\u0113t reimatismu. Ma\u0123iskas \u012bpa\u0161\u012bbas: Sensenos laikos uzskat\u012bja, ka malah\u012bts ir saist\u012bts ar Visuma sp\u0113kiem un ir to s\u016btnis Zemes virs\u016b. Par \u0161o miner\u0101li st\u0101st\u012bja le\u0123endas: it k\u0101 tas var padar\u012bt cilv\u0113ku neredzamu, bet ja dzer no malah\u012bta kausa, tad var saprast dz\u012bvnieku valodu. Krievij\u0101 malah\u012btu uzskat\u012bja par akmeni, kas izpilda v\u0113lmes. Speci\u0101listi apgalvo, ka malah\u012bts ir viens no visstipr\u0101kajiem ma\u0123iskajiem akme\u0146iem. Ja to lieto, tas var b\u016bt visai b\u012bstams \u012bpa\u0161i sieviet\u0113m. Akmens tik sp\u0113c\u012bgi pievelk pie t\u0101 \u012bpa\u0161nieces pret\u0113j\u0101 dzimuma uzman\u012bbu, ka vi\u0146a risk\u0113 tikt pak\u013cauta varm\u0101c\u012bbai. T\u0101p\u0113s iesaka n\u0113s\u0101t malah\u012btu sudrab\u0101, kur\u0161 neitraliz\u0113 agresiju no v\u012brie\u0161u puses. Malah\u012bts ir maija akmens. \u0160aj\u0101 period\u0101 vi\u0146\u0161 ir \u012bpa\u0161i sp\u0113c\u012bgs. Run\u0101, ka ja maij\u0101 n\u0113s\u0101t talismanu no malah\u012bta, var atbr\u012bvoties no viltus bail\u0113m, melanholijas, bezmiega. Tum\u0161i za\u013cas kr\u0101sas miner\u0101ls pastiprina t\u0101 \u012bpa\u0161nieka gar\u012bgos sp\u0113kus. Tas harmoniz\u0113 iek\u0161\u0113jo pasauli un pasauli ap cilv\u0113ku. Astrologi rekomend\u0113 n\u0113s\u0101t malah\u012btu tiem, kas ir dzimu\u0161i Svaru z\u012bm\u0113. Svaru z\u012bm\u0113 dzimu\u0161os \u0161is akmens padara pievilc\u012bgus, pie\u0161\u0137ir valdzin\u0101jumu, d\u0101v\u0101 dai\u013crun\u012bbu. P\u0101r\u0113j\u0101m zodiaka z\u012bm\u0113m, iz\u0146emot Jaunavas un V\u0113\u017eus, malah\u012bta n\u0113s\u0101\u0161ana ir at\u013cauta. Jaunavam un V\u0113\u017eiem malah\u012bts ir kategoriski aizliegts. Malah\u012btu uzskata par b\u0113rnu aizsardz\u012bbas akmeni. Uzskata, ka akmens aizsarg\u0101 pret negad\u012bjumiem un sarg\u0101 ce\u013cot\u0101jus. Malah\u012bts ietekm\u0113 veiksmi biznes\u0101, pasarg\u0101 no nevajadz\u012bg\u0101m saist\u012bb\u0101m uz\u0146\u0113m\u0113jdarb\u012bb\u0101.Malah\u012bts ir attiec\u012bbu l\u012bdzsvara akmens. Senatn\u0113 malah\u012btu izmantoja k\u0101 amuletu aizsardz\u012bbai pret \u013caunu aci, viduslaikos to izmantoja, lai pasarg\u0101tu b\u0113rnus no ragan\u0101m un cit\u0101m briesm\u0101m. Uzlabo redzi, nov\u0113r\u0161 negat\u012bv\u0101s vibr\u0101cijas, vairo laimes un prieka saj\u016btu. Pal\u012bdz emocion\u0101l\u0101 st\u0101vok\u013ca uzlabo\u0161an\u0101, stiprina miegu.<\/p>\n","protected":false},"excerpt":{"rendered":"<p>Malah\u012bts \u2013 aizsardz\u012bbas, balansa, transform\u0101cijas un attiec\u012bbu akmens. Saist\u012bts ar za\u013co staru. Malah\u012btu m\u0113dz saukt ar\u012b par \u2018\u2019dv\u0113seles spoguli\u2019\u2019 \u2013<\/p>\n","protected":false},"featured_media":17208,"template":"","meta":[],"product_brand":[],"product_cat":[2293,2297],"product_tag":[],"class_list":{"0":"post-34712","1":"product","2":"type-product","3":"status-publish","4":"has-post-thumbnail","6":"product_cat-dabiskie-akmeni-rokasspradzess-auskari-gredzeni-lv","7":"product_cat-auskari-lv-lv-3","9":"first","10":"outofstock","11":"taxable","12":"shipping-taxable","13":"purchasable","14":"product-type-simple"},"yoast_head":"<!-- This site is optimized with the Yoast SEO Premium plugin v27.0 (Yoast SEO v27.0) - https:\/\/yoast.com\/product\/yoast-seo-premium-wordpress\/ -->\n<title>Auskari dabisks akmens malah\u012bts \u2013 aizsardz\u012bbas, balansa, transform\u0101cijas un attiec\u012bbu akmens - cosmetic.lv<\/title>\n<meta name=\"robots\" content=\"index, follow, max-snippet:-1, max-image-preview:large, max-video-preview:-1\" \/>\n<link rel=\"canonical\" href=\"https:\/\/cosmetic.lv\/lv\/product\/auskari-dabisks-akmens-malahits-aizsardzibas-balansa-transformacijas-un-attiecibu-akmens\/\" \/>\n<meta property=\"og:locale\" content=\"lv_LV\" \/>\n<meta property=\"og:type\" content=\"article\" \/>\n<meta property=\"og:title\" content=\"Auskari dabisks akmens malah\u012bts \u2013 aizsardz\u012bbas, balansa, transform\u0101cijas un attiec\u012bbu akmens\" \/>\n<meta property=\"og:description\" content=\"Malah\u012bts \u2013 aizsardz\u012bbas, balansa, transform\u0101cijas un attiec\u012bbu akmens. Saist\u012bts ar za\u013co staru. Malah\u012btu m\u0113dz saukt ar\u012b par \u2018\u2019dv\u0113seles spoguli\u2019\u2019 \u2013\" \/>\n<meta property=\"og:url\" content=\"https:\/\/cosmetic.lv\/lv\/product\/auskari-dabisks-akmens-malahits-aizsardzibas-balansa-transformacijas-un-attiecibu-akmens\/\" \/>\n<meta property=\"og:site_name\" content=\"cosmetic.lv\" \/>\n<meta property=\"article:publisher\" content=\"https:\/\/www.facebook.com\/cosmetic.lv\/\" \/>\n<meta property=\"article:modified_time\" content=\"2021-02-06T17:56:38+00:00\" \/>\n<meta property=\"og:image\" content=\"https:\/\/cosmetic.lv\/wp-content\/uploads\/2021\/02\/20181119_125226-4.jpg\" \/>\n\t<meta property=\"og:image:width\" content=\"800\" \/>\n\t<meta property=\"og:image:height\" content=\"588\" \/>\n\t<meta property=\"og:image:type\" content=\"image\/jpeg\" \/>\n<meta name=\"twitter:card\" content=\"summary_large_image\" \/>\n<script type=\"application\/ld+json\" class=\"yoast-schema-graph\">{\"@context\":\"https:\/\/schema.org\",\"@graph\":[{\"@type\":\"WebPage\",\"@id\":\"https:\/\/cosmetic.lv\/lv\/product\/auskari-dabisks-akmens-malahits-aizsardzibas-balansa-transformacijas-un-attiecibu-akmens\/\",\"url\":\"https:\/\/cosmetic.lv\/lv\/product\/auskari-dabisks-akmens-malahits-aizsardzibas-balansa-transformacijas-un-attiecibu-akmens\/\",\"name\":\"Auskari dabisks akmens malah\u012bts \u2013 aizsardz\u012bbas, balansa, transform\u0101cijas un attiec\u012bbu akmens - cosmetic.lv\",\"isPartOf\":{\"@id\":\"https:\/\/cosmetic.lv\/lv\/#website\"},\"primaryImageOfPage\":{\"@id\":\"https:\/\/cosmetic.lv\/lv\/product\/auskari-dabisks-akmens-malahits-aizsardzibas-balansa-transformacijas-un-attiecibu-akmens\/#primaryimage\"},\"image\":{\"@id\":\"https:\/\/cosmetic.lv\/lv\/product\/auskari-dabisks-akmens-malahits-aizsardzibas-balansa-transformacijas-un-attiecibu-akmens\/#primaryimage\"},\"thumbnailUrl\":\"https:\/\/cosmetic.lv\/wp-content\/uploads\/2021\/02\/20181119_125226-4.jpg\",\"datePublished\":\"2021-02-06T17:56:32+00:00\",\"dateModified\":\"2021-02-06T17:56:38+00:00\",\"breadcrumb\":{\"@id\":\"https:\/\/cosmetic.lv\/lv\/product\/auskari-dabisks-akmens-malahits-aizsardzibas-balansa-transformacijas-un-attiecibu-akmens\/#breadcrumb\"},\"inLanguage\":\"lv-LV\",\"potentialAction\":[{\"@type\":\"ReadAction\",\"target\":[\"https:\/\/cosmetic.lv\/lv\/product\/auskari-dabisks-akmens-malahits-aizsardzibas-balansa-transformacijas-un-attiecibu-akmens\/\"]}]},{\"@type\":\"ImageObject\",\"inLanguage\":\"lv-LV\",\"@id\":\"https:\/\/cosmetic.lv\/lv\/product\/auskari-dabisks-akmens-malahits-aizsardzibas-balansa-transformacijas-un-attiecibu-akmens\/#primaryimage\",\"url\":\"https:\/\/cosmetic.lv\/wp-content\/uploads\/2021\/02\/20181119_125226-4.jpg\",\"contentUrl\":\"https:\/\/cosmetic.lv\/wp-content\/uploads\/2021\/02\/20181119_125226-4.jpg\",\"width\":800,\"height\":588,\"caption\":\"20181119_125226.jpg\"},{\"@type\":\"BreadcrumbList\",\"@id\":\"https:\/\/cosmetic.lv\/lv\/product\/auskari-dabisks-akmens-malahits-aizsardzibas-balansa-transformacijas-un-attiecibu-akmens\/#breadcrumb\",\"itemListElement\":[{\"@type\":\"ListItem\",\"position\":1,\"name\":\"Home\",\"item\":\"https:\/\/cosmetic.lv\/lv\/\"},{\"@type\":\"ListItem\",\"position\":2,\"name\":\"Veikals\",\"item\":\"https:\/\/cosmetic.lv\/lv\/veiklas\/\"},{\"@type\":\"ListItem\",\"position\":3,\"name\":\"Auskari dabisks akmens malah\u012bts \u2013 aizsardz\u012bbas, balansa, transform\u0101cijas un attiec\u012bbu akmens\"}]},{\"@type\":\"WebSite\",\"@id\":\"https:\/\/cosmetic.lv\/lv\/#website\",\"url\":\"https:\/\/cosmetic.lv\/lv\/\",\"name\":\"cosmetic.lv\",\"description\":\"Profesion\u0101la kosm\u0113tika - Maria Galland, Keune, Arkadija, GMT, Guam, Magiray\",\"publisher\":{\"@id\":\"https:\/\/cosmetic.lv\/lv\/#organization\"},\"potentialAction\":[{\"@type\":\"SearchAction\",\"target\":{\"@type\":\"EntryPoint\",\"urlTemplate\":\"https:\/\/cosmetic.lv\/lv\/?s={search_term_string}\"},\"query-input\":{\"@type\":\"PropertyValueSpecification\",\"valueRequired\":true,\"valueName\":\"search_term_string\"}}],\"inLanguage\":\"lv-LV\"},{\"@type\":\"Organization\",\"@id\":\"https:\/\/cosmetic.lv\/lv\/#organization\",\"name\":\"COSMETIC.LV\",\"url\":\"https:\/\/cosmetic.lv\/lv\/\",\"logo\":{\"@type\":\"ImageObject\",\"inLanguage\":\"lv-LV\",\"@id\":\"https:\/\/cosmetic.lv\/lv\/#\/schema\/logo\/image\/\",\"url\":\"https:\/\/cosmetic.lv\/wp-content\/uploads\/2021\/02\/cosmetic.lv_logo.jpg\",\"contentUrl\":\"https:\/\/cosmetic.lv\/wp-content\/uploads\/2021\/02\/cosmetic.lv_logo.jpg\",\"width\":596,\"height\":196,\"caption\":\"COSMETIC.LV\"},\"image\":{\"@id\":\"https:\/\/cosmetic.lv\/lv\/#\/schema\/logo\/image\/\"},\"sameAs\":[\"https:\/\/www.facebook.com\/cosmetic.lv\/\"]}]}<\/script>\n<meta property=\"product:price:amount\" content=\"7.56\" \/>\n<meta property=\"product:price:currency\" content=\"EUR\" \/>\n<meta property=\"og:availability\" content=\"out of stock\" \/>\n<meta property=\"product:availability\" content=\"out of stock\" \/>\n<meta property=\"product:retailer_item_id\" content=\"malh\" \/>\n<meta property=\"product:condition\" content=\"new\" \/>\n<!-- \/ Yoast SEO Premium plugin. -->","yoast_head_json":{"title":"Auskari dabisks akmens malah\u012bts \u2013 aizsardz\u012bbas, balansa, transform\u0101cijas un attiec\u012bbu akmens - cosmetic.lv","robots":{"index":"index","follow":"follow","max-snippet":"max-snippet:-1","max-image-preview":"max-image-preview:large","max-video-preview":"max-video-preview:-1"},"canonical":"https:\/\/cosmetic.lv\/lv\/product\/auskari-dabisks-akmens-malahits-aizsardzibas-balansa-transformacijas-un-attiecibu-akmens\/","og_locale":"lv_LV","og_type":"article","og_title":"Auskari dabisks akmens malah\u012bts \u2013 aizsardz\u012bbas, balansa, transform\u0101cijas un attiec\u012bbu akmens","og_description":"Malah\u012bts \u2013 aizsardz\u012bbas, balansa, transform\u0101cijas un attiec\u012bbu akmens. Saist\u012bts ar za\u013co staru. Malah\u012btu m\u0113dz saukt ar\u012b par \u2018\u2019dv\u0113seles spoguli\u2019\u2019 \u2013","og_url":"https:\/\/cosmetic.lv\/lv\/product\/auskari-dabisks-akmens-malahits-aizsardzibas-balansa-transformacijas-un-attiecibu-akmens\/","og_site_name":"cosmetic.lv","article_publisher":"https:\/\/www.facebook.com\/cosmetic.lv\/","article_modified_time":"2021-02-06T17:56:38+00:00","og_image":[{"width":800,"height":588,"url":"https:\/\/cosmetic.lv\/wp-content\/uploads\/2021\/02\/20181119_125226-4.jpg","type":"image\/jpeg"}],"twitter_card":"summary_large_image","schema":{"@context":"https:\/\/schema.org","@graph":[{"@type":"WebPage","@id":"https:\/\/cosmetic.lv\/lv\/product\/auskari-dabisks-akmens-malahits-aizsardzibas-balansa-transformacijas-un-attiecibu-akmens\/","url":"https:\/\/cosmetic.lv\/lv\/product\/auskari-dabisks-akmens-malahits-aizsardzibas-balansa-transformacijas-un-attiecibu-akmens\/","name":"Auskari dabisks akmens malah\u012bts \u2013 aizsardz\u012bbas, balansa, transform\u0101cijas un attiec\u012bbu akmens - cosmetic.lv","isPartOf":{"@id":"https:\/\/cosmetic.lv\/lv\/#website"},"primaryImageOfPage":{"@id":"https:\/\/cosmetic.lv\/lv\/product\/auskari-dabisks-akmens-malahits-aizsardzibas-balansa-transformacijas-un-attiecibu-akmens\/#primaryimage"},"image":{"@id":"https:\/\/cosmetic.lv\/lv\/product\/auskari-dabisks-akmens-malahits-aizsardzibas-balansa-transformacijas-un-attiecibu-akmens\/#primaryimage"},"thumbnailUrl":"https:\/\/cosmetic.lv\/wp-content\/uploads\/2021\/02\/20181119_125226-4.jpg","datePublished":"2021-02-06T17:56:32+00:00","dateModified":"2021-02-06T17:56:38+00:00","breadcrumb":{"@id":"https:\/\/cosmetic.lv\/lv\/product\/auskari-dabisks-akmens-malahits-aizsardzibas-balansa-transformacijas-un-attiecibu-akmens\/#breadcrumb"},"inLanguage":"lv-LV","potentialAction":[{"@type":"ReadAction","target":["https:\/\/cosmetic.lv\/lv\/product\/auskari-dabisks-akmens-malahits-aizsardzibas-balansa-transformacijas-un-attiecibu-akmens\/"]}]},{"@type":"ImageObject","inLanguage":"lv-LV","@id":"https:\/\/cosmetic.lv\/lv\/product\/auskari-dabisks-akmens-malahits-aizsardzibas-balansa-transformacijas-un-attiecibu-akmens\/#primaryimage","url":"https:\/\/cosmetic.lv\/wp-content\/uploads\/2021\/02\/20181119_125226-4.jpg","contentUrl":"https:\/\/cosmetic.lv\/wp-content\/uploads\/2021\/02\/20181119_125226-4.jpg","width":800,"height":588,"caption":"20181119_125226.jpg"},{"@type":"BreadcrumbList","@id":"https:\/\/cosmetic.lv\/lv\/product\/auskari-dabisks-akmens-malahits-aizsardzibas-balansa-transformacijas-un-attiecibu-akmens\/#breadcrumb","itemListElement":[{"@type":"ListItem","position":1,"name":"Home","item":"https:\/\/cosmetic.lv\/lv\/"},{"@type":"ListItem","position":2,"name":"Veikals","item":"https:\/\/cosmetic.lv\/lv\/veiklas\/"},{"@type":"ListItem","position":3,"name":"Auskari dabisks akmens malah\u012bts \u2013 aizsardz\u012bbas, balansa, transform\u0101cijas un attiec\u012bbu akmens"}]},{"@type":"WebSite","@id":"https:\/\/cosmetic.lv\/lv\/#website","url":"https:\/\/cosmetic.lv\/lv\/","name":"cosmetic.lv","description":"Profesion\u0101la kosm\u0113tika - Maria Galland, Keune, Arkadija, GMT, Guam, Magiray","publisher":{"@id":"https:\/\/cosmetic.lv\/lv\/#organization"},"potentialAction":[{"@type":"SearchAction","target":{"@type":"EntryPoint","urlTemplate":"https:\/\/cosmetic.lv\/lv\/?s={search_term_string}"},"query-input":{"@type":"PropertyValueSpecification","valueRequired":true,"valueName":"search_term_string"}}],"inLanguage":"lv-LV"},{"@type":"Organization","@id":"https:\/\/cosmetic.lv\/lv\/#organization","name":"COSMETIC.LV","url":"https:\/\/cosmetic.lv\/lv\/","logo":{"@type":"ImageObject","inLanguage":"lv-LV","@id":"https:\/\/cosmetic.lv\/lv\/#\/schema\/logo\/image\/","url":"https:\/\/cosmetic.lv\/wp-content\/uploads\/2021\/02\/cosmetic.lv_logo.jpg","contentUrl":"https:\/\/cosmetic.lv\/wp-content\/uploads\/2021\/02\/cosmetic.lv_logo.jpg","width":596,"height":196,"caption":"COSMETIC.LV"},"image":{"@id":"https:\/\/cosmetic.lv\/lv\/#\/schema\/logo\/image\/"},"sameAs":["https:\/\/www.facebook.com\/cosmetic.lv\/"]}]},"product_price_amount":"7.56","product_price_currency":"EUR","og_availability":"out of stock","product_availability":"out of stock","product_retailer_item_id":"malh","product_condition":"new"},"_links":{"self":[{"href":"https:\/\/cosmetic.lv\/lv\/wp-json\/wp\/v2\/product\/34712","targetHints":{"allow":["GET"]}}],"collection":[{"href":"https:\/\/cosmetic.lv\/lv\/wp-json\/wp\/v2\/product"}],"about":[{"href":"https:\/\/cosmetic.lv\/lv\/wp-json\/wp\/v2\/types\/product"}],"wp:featuredmedia":[{"embeddable":true,"href":"https:\/\/cosmetic.lv\/lv\/wp-json\/wp\/v2\/media\/17208"}],"wp:attachment":[{"href":"https:\/\/cosmetic.lv\/lv\/wp-json\/wp\/v2\/media?parent=34712"}],"wp:term":[{"taxonomy":"product_brand","embeddable":true,"href":"https:\/\/cosmetic.lv\/lv\/wp-json\/wp\/v2\/product_brand?post=34712"},{"taxonomy":"product_cat","embeddable":true,"href":"https:\/\/cosmetic.lv\/lv\/wp-json\/wp\/v2\/product_cat?post=34712"},{"taxonomy":"product_tag","embeddable":true,"href":"https:\/\/cosmetic.lv\/lv\/wp-json\/wp\/v2\/product_tag?post=34712"}],"curies":[{"name":"wp","href":"https:\/\/api.w.org\/{rel}","templated":true}]}}