{"id":34716,"date":"2021-02-05T22:44:14","date_gmt":"2021-02-06T17:56:40","guid":{"rendered":"https:\/\/damme.lv\/product\/dabiskie-akmeni-rokasspradze-amonits-tanzanits\/"},"modified":"2021-02-06T19:56:41","modified_gmt":"2021-02-06T17:56:41","slug":"dabiskie-akmeni-rokasspradze-amonits-tanzanits","status":"publish","type":"product","link":"https:\/\/cosmetic.lv\/lv\/product\/dabiskie-akmeni-rokasspradze-amonits-tanzanits\/","title":{"rendered":"Dabiskie akme\u0146i rokasspr\u0101dze amon\u012bts, tanzan\u012bts"},"content":{"rendered":"<p>P\u0101rakme\u0146ojies glieme\u017ev\u0101ks no senajiem moluskiem, kas bija sastopami 300 miljonu gadu atpaka\u013c. \u0160is d\u0101rgakmens radies biolo\u0123isk\u0101 ce\u013c\u0101 (citi ir dzintars, p\u0113rles).<\/p>\n<p>    N\u0113s\u0101jot amol\u012btu, tas pastiprina n\u0113s\u0113t\u0101ja pievilc\u012bbu un izpratni par visu skaisto<br \/>\n    Novietots uz \u201ctre\u0161\u0101s acs\u201d, no\u0146em iepriek\u0161\u0113jo dz\u012bvju izveidoto filtru sist\u0113mu<br \/>\n    Turot darba viet\u0101 vai ofis\u0101 aktiviz\u0113 labv\u0113l\u012bgu biznesa un dar\u012bjumu pl\u016bsmu, nes veiksmi savam saimniekam naudas liet\u0101s<br \/>\n    Fen \u0160ui meistari to uzskata par labkl\u0101j\u012bbas simbolu<br \/>\n    Piesaista bag\u0101t\u012bbu, vesel\u012bbu, dz\u012bv\u012bbas sp\u0113ku un laimi<br \/>\n    Sp\u0113c\u012bgs Zemes dziedin\u0101t\u0101js<br \/>\n    Uzlabo ener\u0123ijas cirkul\u0101ciju organism\u0101<br \/>\n    Aktiviz\u0113 kundal\u012bn\u012b ener\u0123iju un \u0161\u016bnu atmi\u0146u<br \/>\n    Sp\u0113c\u012bgs karmas att\u012br\u012bt\u0101js<\/p>\n<p>\u0100rstniecisk\u0101s \u012bpa\u0161\u012bbas<\/p>\n<p>    Labv\u0113l\u012bgs visp\u0101r\u0113jai organisma vesel\u012bbai<br \/>\n    Uzlabo \u0161\u016bnu metabolismu<br \/>\n    Pal\u012bdz pie depresijas un trok\u0161\u0146iem aus\u012bs<\/p>\n<p>Tanzan\u012bts ir neparasts miner\u0101ls, kur\u0161 1967.gad\u0101 tika atrasts Tanz\u0101nij\u0101. Kop\u0161 t\u0101 laika to pla\u0161i lieto krist\u0101lu terapij\u0101. Tas ir coiz\u012bta paveids lavandas violeti zil\u0101 kr\u0101s\u0101 un tam piem\u012bt sp\u0113c\u012bgas dziedniecisk\u0101s \u012bpa\u0161ibas. Tanzan\u012bts ir tre\u0161\u0101s acs, vainaga un kakla \u010dakras akmens. Tas aktiviz\u0113 gar\u012bg\u0101s sp\u0113jas un paaugstina vibr\u0101ciju l\u012bmeni, veicina sazin\u0101\u0161anos ar garu pasauli. Tas ir p\u0101rtap\u0161anas akmens, kas izdz\u0113\u0161 slim\u012bbu un sliktu karmu, dod mums sp\u0113ku optimistiskiem un iedvesmotiem virz\u012bties t\u0101l\u0101k, nor\u0101dot virzienu un \u013caujot visaugst\u0101kaj\u0101 pak\u0101p\u0113 izpausties m\u016bsu sp\u0113j\u0101m.<\/p>\n<p>Tanzan\u012bts veicina dziedin\u0101\u0161anos visos l\u012bme\u0146os, k\u0101 ar\u012b aizsarg\u0101 pa\u0161us dziedniekus. Fiziskaj\u0101 l\u012bmen\u012b tanzan\u012bts att\u012bra kaklu un plau\u0161as, dziedina \u0101das, ausu un acu kaites. Tas nostiprina im\u016bnsist\u0113mu, veicina atvese\u013co\u0161anos p\u0113c slim\u012bbas, k\u0101 ar\u012b atjauno \u0161\u016bnas un audus. Tanzan\u012bts \u0101rst\u0113 ar\u012b muguras kaites un reprodukt\u012bv\u0101s sist\u0113mas trauc\u0113jumus. <\/p>\n<p>Tanzan\u012btu rekomend\u0113, lai no\u0146emtu nervu sasprindzin\u0101jumu un redzes uzlabo\u0161anai. Uz akmeni j\u0101skat\u0101s apm\u0113ram pusstundu, lai tas pal\u012bdz\u0113tu. Past\u0101v uzskats, ka zilas kr\u0101sas tanzan\u012bti atvieglo saaukst\u0113\u0161an\u0101s \u0101rst\u0113\u0161anu, no\u0146em drud\u017ea l\u0113kmes. Da\u017e\u0101s valst\u012bs \u0161o miner\u0101lu izmanto \u0101das slim\u012bbu \u0101rst\u0113\u0161anai. Tap\u0101t tiek uzskat\u012bts, ka tanzan\u012bta izstr\u0101d\u0101jumi uzlabo \u0101das kr\u0101su, atbr\u012bvo no pusaud\u017eu pump\u0101m. Litoterapeiti dom\u0101, ka tanzan\u012btus var izmantot ar\u012b da\u017e\u0101du mugurkaula slim\u012bbu \u0101rst\u0113\u0161anai. Tanzan\u012bts iedarbojas uz pieres \u010dakru.<\/p>\n<p>Amerik\u0101 tanzan\u012bts ir laimes, grezn\u012bbas un labklaj\u012bbas simbols. Uzskata, ja nesat akmeni bro\u0161\u0101 vai kulon\u0101 \u2013 oblig\u0101ti b\u016bs veiksme karjer\u0101.<\/p>\n<p>Tanzan\u012bts ir to cilv\u0113ku talismans, kuri cen\u0161\u0101s g\u016bt \u0123imenes laimi un padar\u012bt to bag\u0101tu. Par talismanu var k\u013c\u016bt jebkur\u0161 izstr\u0101d\u0101jums ar tanzan\u012btu. Gredzens ar \u0161o akmeni pievelk tirgot\u0101ju laimi. Kuloni no \u0161\u012b akmens pal\u012bdz saglab\u0101t mieru un laimi \u0123imen\u0113 uz ilgiem laikiem.<\/p>\n","protected":false},"excerpt":{"rendered":"<p>P\u0101rakme\u0146ojies glieme\u017ev\u0101ks no senajiem moluskiem, kas bija sastopami 300 miljonu gadu atpaka\u013c. \u0160is d\u0101rgakmens radies biolo\u0123isk\u0101 ce\u013c\u0101 (citi ir dzintars,<\/p>\n","protected":false},"featured_media":17218,"template":"","meta":[],"product_brand":[],"product_cat":[2293,2294],"product_tag":[],"class_list":{"0":"post-34716","1":"product","2":"type-product","3":"status-publish","4":"has-post-thumbnail","6":"product_cat-dabiskie-akmeni-rokasspradzess-auskari-gredzeni-lv","7":"product_cat-rokasspradzes-lv-lv-2","9":"first","10":"outofstock","11":"taxable","12":"shipping-taxable","13":"purchasable","14":"product-type-simple"},"yoast_head":"<!-- This site is optimized with the Yoast SEO Premium plugin v27.0 (Yoast SEO v27.0) - https:\/\/yoast.com\/product\/yoast-seo-premium-wordpress\/ -->\n<title>Dabiskie akme\u0146i rokasspr\u0101dze amon\u012bts, tanzan\u012bts - cosmetic.lv<\/title>\n<meta name=\"robots\" content=\"index, follow, max-snippet:-1, max-image-preview:large, max-video-preview:-1\" \/>\n<link rel=\"canonical\" href=\"https:\/\/cosmetic.lv\/lv\/product\/dabiskie-akmeni-rokasspradze-amonits-tanzanits\/\" \/>\n<meta property=\"og:locale\" content=\"lv_LV\" \/>\n<meta property=\"og:type\" content=\"article\" \/>\n<meta property=\"og:title\" content=\"Dabiskie akme\u0146i rokasspr\u0101dze amon\u012bts, tanzan\u012bts\" \/>\n<meta property=\"og:description\" content=\"P\u0101rakme\u0146ojies glieme\u017ev\u0101ks no senajiem moluskiem, kas bija sastopami 300 miljonu gadu atpaka\u013c. \u0160is d\u0101rgakmens radies biolo\u0123isk\u0101 ce\u013c\u0101 (citi ir dzintars,\" \/>\n<meta property=\"og:url\" content=\"https:\/\/cosmetic.lv\/lv\/product\/dabiskie-akmeni-rokasspradze-amonits-tanzanits\/\" \/>\n<meta property=\"og:site_name\" content=\"cosmetic.lv\" \/>\n<meta property=\"article:publisher\" content=\"https:\/\/www.facebook.com\/cosmetic.lv\/\" \/>\n<meta property=\"article:modified_time\" content=\"2021-02-06T17:56:41+00:00\" \/>\n<meta property=\"og:image\" content=\"https:\/\/cosmetic.lv\/wp-content\/uploads\/2021\/02\/20181119_123646-4.jpg\" \/>\n\t<meta property=\"og:image:width\" content=\"800\" \/>\n\t<meta property=\"og:image:height\" content=\"574\" \/>\n\t<meta property=\"og:image:type\" content=\"image\/jpeg\" \/>\n<meta name=\"twitter:card\" content=\"summary_large_image\" \/>\n<script type=\"application\/ld+json\" class=\"yoast-schema-graph\">{\"@context\":\"https:\/\/schema.org\",\"@graph\":[{\"@type\":\"WebPage\",\"@id\":\"https:\/\/cosmetic.lv\/lv\/product\/dabiskie-akmeni-rokasspradze-amonits-tanzanits\/\",\"url\":\"https:\/\/cosmetic.lv\/lv\/product\/dabiskie-akmeni-rokasspradze-amonits-tanzanits\/\",\"name\":\"Dabiskie akme\u0146i rokasspr\u0101dze amon\u012bts, tanzan\u012bts - cosmetic.lv\",\"isPartOf\":{\"@id\":\"https:\/\/cosmetic.lv\/lv\/#website\"},\"primaryImageOfPage\":{\"@id\":\"https:\/\/cosmetic.lv\/lv\/product\/dabiskie-akmeni-rokasspradze-amonits-tanzanits\/#primaryimage\"},\"image\":{\"@id\":\"https:\/\/cosmetic.lv\/lv\/product\/dabiskie-akmeni-rokasspradze-amonits-tanzanits\/#primaryimage\"},\"thumbnailUrl\":\"https:\/\/cosmetic.lv\/wp-content\/uploads\/2021\/02\/20181119_123646-4.jpg\",\"datePublished\":\"2021-02-06T17:56:40+00:00\",\"dateModified\":\"2021-02-06T17:56:41+00:00\",\"breadcrumb\":{\"@id\":\"https:\/\/cosmetic.lv\/lv\/product\/dabiskie-akmeni-rokasspradze-amonits-tanzanits\/#breadcrumb\"},\"inLanguage\":\"lv-LV\",\"potentialAction\":[{\"@type\":\"ReadAction\",\"target\":[\"https:\/\/cosmetic.lv\/lv\/product\/dabiskie-akmeni-rokasspradze-amonits-tanzanits\/\"]}]},{\"@type\":\"ImageObject\",\"inLanguage\":\"lv-LV\",\"@id\":\"https:\/\/cosmetic.lv\/lv\/product\/dabiskie-akmeni-rokasspradze-amonits-tanzanits\/#primaryimage\",\"url\":\"https:\/\/cosmetic.lv\/wp-content\/uploads\/2021\/02\/20181119_123646-4.jpg\",\"contentUrl\":\"https:\/\/cosmetic.lv\/wp-content\/uploads\/2021\/02\/20181119_123646-4.jpg\",\"width\":800,\"height\":574,\"caption\":\"20181119_123646.jpg\"},{\"@type\":\"BreadcrumbList\",\"@id\":\"https:\/\/cosmetic.lv\/lv\/product\/dabiskie-akmeni-rokasspradze-amonits-tanzanits\/#breadcrumb\",\"itemListElement\":[{\"@type\":\"ListItem\",\"position\":1,\"name\":\"Home\",\"item\":\"https:\/\/cosmetic.lv\/lv\/\"},{\"@type\":\"ListItem\",\"position\":2,\"name\":\"Veikals\",\"item\":\"https:\/\/cosmetic.lv\/lv\/veiklas\/\"},{\"@type\":\"ListItem\",\"position\":3,\"name\":\"Dabiskie akme\u0146i rokasspr\u0101dze amon\u012bts, tanzan\u012bts\"}]},{\"@type\":\"WebSite\",\"@id\":\"https:\/\/cosmetic.lv\/lv\/#website\",\"url\":\"https:\/\/cosmetic.lv\/lv\/\",\"name\":\"cosmetic.lv\",\"description\":\"Profesion\u0101la kosm\u0113tika - Maria Galland, Keune, Arkadija, GMT, Guam, Magiray\",\"publisher\":{\"@id\":\"https:\/\/cosmetic.lv\/lv\/#organization\"},\"potentialAction\":[{\"@type\":\"SearchAction\",\"target\":{\"@type\":\"EntryPoint\",\"urlTemplate\":\"https:\/\/cosmetic.lv\/lv\/?s={search_term_string}\"},\"query-input\":{\"@type\":\"PropertyValueSpecification\",\"valueRequired\":true,\"valueName\":\"search_term_string\"}}],\"inLanguage\":\"lv-LV\"},{\"@type\":\"Organization\",\"@id\":\"https:\/\/cosmetic.lv\/lv\/#organization\",\"name\":\"COSMETIC.LV\",\"url\":\"https:\/\/cosmetic.lv\/lv\/\",\"logo\":{\"@type\":\"ImageObject\",\"inLanguage\":\"lv-LV\",\"@id\":\"https:\/\/cosmetic.lv\/lv\/#\/schema\/logo\/image\/\",\"url\":\"https:\/\/cosmetic.lv\/wp-content\/uploads\/2021\/02\/cosmetic.lv_logo.jpg\",\"contentUrl\":\"https:\/\/cosmetic.lv\/wp-content\/uploads\/2021\/02\/cosmetic.lv_logo.jpg\",\"width\":596,\"height\":196,\"caption\":\"COSMETIC.LV\"},\"image\":{\"@id\":\"https:\/\/cosmetic.lv\/lv\/#\/schema\/logo\/image\/\"},\"sameAs\":[\"https:\/\/www.facebook.com\/cosmetic.lv\/\"]}]}<\/script>\n<meta property=\"product:price:amount\" content=\"17.13\" \/>\n<meta property=\"product:price:currency\" content=\"EUR\" \/>\n<meta property=\"og:availability\" content=\"out of stock\" \/>\n<meta property=\"product:availability\" content=\"out of stock\" \/>\n<meta property=\"product:retailer_item_id\" content=\"tanz\" \/>\n<meta property=\"product:condition\" content=\"new\" \/>\n<!-- \/ Yoast SEO Premium plugin. -->","yoast_head_json":{"title":"Dabiskie akme\u0146i rokasspr\u0101dze amon\u012bts, tanzan\u012bts - cosmetic.lv","robots":{"index":"index","follow":"follow","max-snippet":"max-snippet:-1","max-image-preview":"max-image-preview:large","max-video-preview":"max-video-preview:-1"},"canonical":"https:\/\/cosmetic.lv\/lv\/product\/dabiskie-akmeni-rokasspradze-amonits-tanzanits\/","og_locale":"lv_LV","og_type":"article","og_title":"Dabiskie akme\u0146i rokasspr\u0101dze amon\u012bts, tanzan\u012bts","og_description":"P\u0101rakme\u0146ojies glieme\u017ev\u0101ks no senajiem moluskiem, kas bija sastopami 300 miljonu gadu atpaka\u013c. \u0160is d\u0101rgakmens radies biolo\u0123isk\u0101 ce\u013c\u0101 (citi ir dzintars,","og_url":"https:\/\/cosmetic.lv\/lv\/product\/dabiskie-akmeni-rokasspradze-amonits-tanzanits\/","og_site_name":"cosmetic.lv","article_publisher":"https:\/\/www.facebook.com\/cosmetic.lv\/","article_modified_time":"2021-02-06T17:56:41+00:00","og_image":[{"width":800,"height":574,"url":"https:\/\/cosmetic.lv\/wp-content\/uploads\/2021\/02\/20181119_123646-4.jpg","type":"image\/jpeg"}],"twitter_card":"summary_large_image","schema":{"@context":"https:\/\/schema.org","@graph":[{"@type":"WebPage","@id":"https:\/\/cosmetic.lv\/lv\/product\/dabiskie-akmeni-rokasspradze-amonits-tanzanits\/","url":"https:\/\/cosmetic.lv\/lv\/product\/dabiskie-akmeni-rokasspradze-amonits-tanzanits\/","name":"Dabiskie akme\u0146i rokasspr\u0101dze amon\u012bts, tanzan\u012bts - cosmetic.lv","isPartOf":{"@id":"https:\/\/cosmetic.lv\/lv\/#website"},"primaryImageOfPage":{"@id":"https:\/\/cosmetic.lv\/lv\/product\/dabiskie-akmeni-rokasspradze-amonits-tanzanits\/#primaryimage"},"image":{"@id":"https:\/\/cosmetic.lv\/lv\/product\/dabiskie-akmeni-rokasspradze-amonits-tanzanits\/#primaryimage"},"thumbnailUrl":"https:\/\/cosmetic.lv\/wp-content\/uploads\/2021\/02\/20181119_123646-4.jpg","datePublished":"2021-02-06T17:56:40+00:00","dateModified":"2021-02-06T17:56:41+00:00","breadcrumb":{"@id":"https:\/\/cosmetic.lv\/lv\/product\/dabiskie-akmeni-rokasspradze-amonits-tanzanits\/#breadcrumb"},"inLanguage":"lv-LV","potentialAction":[{"@type":"ReadAction","target":["https:\/\/cosmetic.lv\/lv\/product\/dabiskie-akmeni-rokasspradze-amonits-tanzanits\/"]}]},{"@type":"ImageObject","inLanguage":"lv-LV","@id":"https:\/\/cosmetic.lv\/lv\/product\/dabiskie-akmeni-rokasspradze-amonits-tanzanits\/#primaryimage","url":"https:\/\/cosmetic.lv\/wp-content\/uploads\/2021\/02\/20181119_123646-4.jpg","contentUrl":"https:\/\/cosmetic.lv\/wp-content\/uploads\/2021\/02\/20181119_123646-4.jpg","width":800,"height":574,"caption":"20181119_123646.jpg"},{"@type":"BreadcrumbList","@id":"https:\/\/cosmetic.lv\/lv\/product\/dabiskie-akmeni-rokasspradze-amonits-tanzanits\/#breadcrumb","itemListElement":[{"@type":"ListItem","position":1,"name":"Home","item":"https:\/\/cosmetic.lv\/lv\/"},{"@type":"ListItem","position":2,"name":"Veikals","item":"https:\/\/cosmetic.lv\/lv\/veiklas\/"},{"@type":"ListItem","position":3,"name":"Dabiskie akme\u0146i rokasspr\u0101dze amon\u012bts, tanzan\u012bts"}]},{"@type":"WebSite","@id":"https:\/\/cosmetic.lv\/lv\/#website","url":"https:\/\/cosmetic.lv\/lv\/","name":"cosmetic.lv","description":"Profesion\u0101la kosm\u0113tika - Maria Galland, Keune, Arkadija, GMT, Guam, Magiray","publisher":{"@id":"https:\/\/cosmetic.lv\/lv\/#organization"},"potentialAction":[{"@type":"SearchAction","target":{"@type":"EntryPoint","urlTemplate":"https:\/\/cosmetic.lv\/lv\/?s={search_term_string}"},"query-input":{"@type":"PropertyValueSpecification","valueRequired":true,"valueName":"search_term_string"}}],"inLanguage":"lv-LV"},{"@type":"Organization","@id":"https:\/\/cosmetic.lv\/lv\/#organization","name":"COSMETIC.LV","url":"https:\/\/cosmetic.lv\/lv\/","logo":{"@type":"ImageObject","inLanguage":"lv-LV","@id":"https:\/\/cosmetic.lv\/lv\/#\/schema\/logo\/image\/","url":"https:\/\/cosmetic.lv\/wp-content\/uploads\/2021\/02\/cosmetic.lv_logo.jpg","contentUrl":"https:\/\/cosmetic.lv\/wp-content\/uploads\/2021\/02\/cosmetic.lv_logo.jpg","width":596,"height":196,"caption":"COSMETIC.LV"},"image":{"@id":"https:\/\/cosmetic.lv\/lv\/#\/schema\/logo\/image\/"},"sameAs":["https:\/\/www.facebook.com\/cosmetic.lv\/"]}]},"product_price_amount":"17.13","product_price_currency":"EUR","og_availability":"out of stock","product_availability":"out of stock","product_retailer_item_id":"tanz","product_condition":"new"},"_links":{"self":[{"href":"https:\/\/cosmetic.lv\/lv\/wp-json\/wp\/v2\/product\/34716","targetHints":{"allow":["GET"]}}],"collection":[{"href":"https:\/\/cosmetic.lv\/lv\/wp-json\/wp\/v2\/product"}],"about":[{"href":"https:\/\/cosmetic.lv\/lv\/wp-json\/wp\/v2\/types\/product"}],"wp:featuredmedia":[{"embeddable":true,"href":"https:\/\/cosmetic.lv\/lv\/wp-json\/wp\/v2\/media\/17218"}],"wp:attachment":[{"href":"https:\/\/cosmetic.lv\/lv\/wp-json\/wp\/v2\/media?parent=34716"}],"wp:term":[{"taxonomy":"product_brand","embeddable":true,"href":"https:\/\/cosmetic.lv\/lv\/wp-json\/wp\/v2\/product_brand?post=34716"},{"taxonomy":"product_cat","embeddable":true,"href":"https:\/\/cosmetic.lv\/lv\/wp-json\/wp\/v2\/product_cat?post=34716"},{"taxonomy":"product_tag","embeddable":true,"href":"https:\/\/cosmetic.lv\/lv\/wp-json\/wp\/v2\/product_tag?post=34716"}],"curies":[{"name":"wp","href":"https:\/\/api.w.org\/{rel}","templated":true}]}}