{"id":34720,"date":"2021-02-05T22:44:14","date_gmt":"2021-02-06T17:56:40","guid":{"rendered":"https:\/\/damme.lv\/product\/dabiks-akmens-nefrits-auskari\/"},"modified":"2021-02-06T19:56:44","modified_gmt":"2021-02-06T17:56:44","slug":"dabiks-akmens-nefrits-auskari","status":"publish","type":"product","link":"https:\/\/cosmetic.lv\/lv\/product\/dabiks-akmens-nefrits-auskari\/","title":{"rendered":"Dabiks akmens nefr\u012bts auskari"},"content":{"rendered":"<p>Za\u013c\u0161 natur\u0101lais nefr\u012bts 12 mm Miera un stabilit\u0101tes akmens. Balansa un dziedin\u0101\u0161anas akmens. Pal\u012bdz savienoties ar ieg\u0161\u0113jo Es. Nes prieku, m\u012blest\u012bbu un dz\u012bves bag\u0101t\u012bbu (tai skait\u0101 naudu). Var lietot k\u0101 aizsargakmeni. Nodro\u0161ina vienk\u0101r\u0161\u012bbu, skaidr\u012bbu, drosmi, taisn\u012bgumu un gudr\u012bbu. Miera akmens, nesot domu skaidrumu, atbr\u012bvojot no negat\u012bv\u0101m dom\u0101m. Mazina nemiera un bai\u013cu emocijas. Uzskata, ka nefr\u012bts var veicin\u0101t ilgdz\u012bvo\u0161anu. Pal\u012bdz pie nieru, sirds, ur\u012bnp\u016b\u0161\u013ca, acu, plau\u0161u un endokr\u012bno dziedzeru slim\u012bb\u0101m. Izvada toks\u012bnus, stiprina skeleta un \u0161\u016bnu sist\u0113mas. Nomierina nervus, var pal\u012bdz\u0113t osteoporozes, k\u0101 ar\u012b ku\u0146\u0123a-zarnu trakta slim\u012bbu gad\u012bjum\u0101. Mazina migr\u0113nu un aknu s\u0101pes (ja uzsild\u012btu pieliek kl\u0101t s\u0101po\u0161ajai vietai). Nefr\u012bta iedarb\u012bba palielin\u0101s, ja tas iestr\u0101d\u0101ts sudrab\u0101 vai plat\u012bn\u0101. Nefr\u012bts \u2014 viens no visspopul\u0101r\u0101kajiem miner\u0101liem, kas ir izmantojami reli\u0123ij\u0101 un ma\u0123ij\u0101. Senaj\u0101 \u0136\u012bn\u0101 usskat\u012bj\u0101s, ka nefr\u012bts ir apvelt\u012bts ar piec\u0101m galvenaj\u0101m \u012bpa\u0161\u012bb\u0101m. Tas ir Debess un Zemes, Gudr\u012bbas un M\u016b\u017e\u012bbas akmens. Senie acteki izmantoja nefr\u012bta na\u017eus cilv\u0113ku upur\u0113\u0161anas ritu\u0101los. Budisti uzskata, ka tie\u0161i no nefr\u012bta ir veidots Budas debesu tronis. \u0160umeru priesteri izmantoja nefr\u012bta priek\u0161metus k\u0101 ma\u0123iskus instrumentus. Senie mongo\u013ci, kas iekaroja t\u0101du sp\u0113c\u012bgu valsti k\u0101 Krievija, ar nefr\u012btu izdai\u013coja savu ap\u0123\u0113rbu un iero\u010dus. Bez tam nefr\u012bts ir pr\u0101ta, labo darbu un tikum\u012bbas akmens. Di\u017eais Konf\u016bcijs uzskat\u012bja \u0161o akmeni par hum\u0101nisma simbolu. Nefr\u012bts ir to cilv\u0113ku miner\u0101ls, kas dzimu\u0161i Jaunavas un Svaru z\u012bm\u0113s, tiem vi\u0146\u0161 d\u0101v\u0101 veiksmi. Labaj\u0101 rok\u0101 uzvilkta nefr\u012btu aproce nes Jaunav\u0101m \u0123imenes laimi, bet Svariem sp\u0113j\u012bga pagarin\u0101t dz\u012bves ilgumu. Taisn\u012bguma simbols, \u012bpa\u0161niekam nes uzvaru, pal\u012bdz izk\u013c\u016bt no gr\u016bt\u0101m situ\u0101cij\u0101m, vairo \u0123imenes labkl\u0101j\u012bbu, pagarina m\u016b\u017eu. Kop\u0161 seniem laikiem nefr\u012btu uzskata par panaceju no vis\u0101m slim\u012bb\u0101m. Akmeni n\u0113s\u0101ja uz \u0137erme\u0146a absol\u016bti visu kai\u0161u \u0101rst\u0113\u0161anai un profilaksei. Viduslaiku al\u0137\u012bmi\u0137i un dziednieki izmantoja pulver\u012b samaltu nefr\u012btu da\u017e\u0101du z\u0101\u013cu izgatavo\u0161anai vai vienk\u0101r\u0161i rekomend\u0113ja ap\u0113st uzdzerot \u016bdeni. Past\u0101v uzskats, ka nefr\u012bts pal\u012bdz pie nieru un ur\u012bnce\u013cu slim\u012bb\u0101m. Gr\u016btniec\u0113m dzemd\u012bbu atvieglo\u0161anai iesaka n\u0113s\u0101t izstr\u0101d\u0101jumus no nefr\u012bta uz v\u0113dera. T\u0101pat uzskata, ka pulveris no nefr\u012bta var iz\u0101rst\u0113t ku\u0146\u0123a un zarnu slim\u012bbas. Nefr\u012bta krelles un aproces normaliz\u0113 miegu, atbr\u012bvo no bezmiega un nakts \u0161ausm\u0101m. Daudz\u0101s pasaules valst\u012bs bumbi\u0146as no nefr\u012bta tiek pielietoti \u0137erme\u0146a un sejas mas\u0101\u017eai. Plates no \u0161\u0101 miner\u0101la pieliek s\u0101po\u0161\u0101m viet\u0101m sasitumu, sastiepumu un reimatisma atvieglo\u0161anai. Tas ir sp\u0113j\u012bgs iz\u0101rst\u0113t iekaisuma procesus organism\u0101. Nefr\u012bts \u2014 viens no visspopul\u0101r\u0101kajiem miner\u0101liem, kas ir izmantojami reli\u0123ij\u0101 un ma\u0123ij\u0101. Senaj\u0101 \u0136\u012bn\u0101 usskat\u012bj\u0101s, ka nefr\u012bts ir apvelt\u012bts ar piec\u0101m galvenaj\u0101m \u012bpa\u0161\u012bb\u0101m. Tas ir Debess un Zemes, Gudr\u012bbas un M\u016b\u017e\u012bbas akmens. Senie acteki izmantoja nefr\u012bta na\u017eus cilv\u0113ku upur\u0113\u0161anas ritu\u0101los. Budisti uzskata, ka tie\u0161i no nefr\u012bta ir veidots Budas debesu tronis. \u0160umeru priesteri izmantoja nefr\u012bta priek\u0161metus k\u0101 ma\u0123iskus instrumentus. Senie mongo\u013ci, kas iekaroja t\u0101du sp\u0113c\u012bgu valsti k\u0101 Krievija, ar nefr\u012btu izdai\u013coja savu ap\u0123\u0113rbu un iero\u010dus. Bez tam nefr\u012bts ir pr\u0101ta, labo darbu un tikum\u012bbas akmens. Di\u017eais Konf\u016bcijs uzskat\u012bja \u0161o akmeni par hum\u0101nisma simbolu. Nefr\u012bts ir to cilv\u0113ku miner\u0101ls, kas dzimu\u0161i Jaunavas un Svaru z\u012bm\u0113s, tiem vi\u0146\u0161 d\u0101v\u0101 veiksmi. Labaj\u0101 rok\u0101 uzvilkta nefr\u012btu aproce nes Jaunav\u0101m \u0123imenes laimi, bet Svariem sp\u0113j\u012bga pagarin\u0101t dz\u012bves ilgumu. \u0100rstniecisk\u0101s \u012bpa\u0161\u012bbas: Kop\u0161 seniem laikiem nefr\u012btu uzskata par panaceju no vis\u0101m slim\u012bb\u0101m. Akmeni n\u0113s\u0101ja uz \u0137erme\u0146a absol\u016bti visu kai\u0161u \u0101rst\u0113\u0161anai un profilaksei. Ir noteikts, ka nefr\u012bts pozit\u012bvi ietekm\u0113 aknu darb\u012bbu (pats v\u0101rds \u201enefr\u012bts\u201d t\u016blkojas, k\u0101 \u201eaknu akmens\u201d) un sirdi. \u0160is akmens labv\u0113l\u012bgi ietekm\u0113 cilv\u0113kus, kas cie\u0161 no p\u0101r\u0101k augsta asins spiediena. Ar t\u0101 pal\u012bdz\u012bbu var padar\u012bt jaun\u0101ku un veicin\u0101t piln\u012bgu organisma atvese\u013co\u0161anos. \u0160im nol\u016bkam pielieto nefr\u012bta mas\u0101\u017eu bumbi\u0146as. Miner\u0101lim ir ietekme ar\u012b uz cilv\u0113ka seksu\u0101lo sf\u0113ru. Baltais nefr\u012bts pozit\u012bvi ietekm\u0113 sievietes, bet melnais v\u012brie\u0161us. Nefr\u012bts viegli atdod savu ener\u0123\u0113tisko v\u0113rt\u012bbu cilv\u0113kam, parsot tikai cieno\u0161u attieksmi. Past\u0101v uzskats, ka nefr\u012bts pal\u012bdz pie nieru un ur\u012bnce\u013cu slim\u012bb\u0101m. Gr\u016btniec\u0113m dzemd\u012bbu atvieglo\u0161anai iesaka n\u0113s\u0101t izstr\u0101d\u0101jumus no nefr\u012bta uz v\u0113dera. T\u0101pat uzskata, ka pulveris no nefr\u012bta var iz\u0101rst\u0113t ku\u0146\u0123a un zarnu slim\u012bbas. Nefr\u012bta krelles un aproces normaliz\u0113 miegu, atbr\u012bvo no bezmiega un nakts \u0161ausm\u0101m. Daudz\u0101s pasaules valst\u012bs bumbi\u0146as no nefr\u012bta tiek pielietoti \u0137erme\u0146a un sejas mas\u0101\u017eai. Plates no \u0161\u0101 miner\u0101la pieliek s\u0101po\u0161\u0101m viet\u0101m sasitumu, sastiepumu un reimatisma atvieglo\u0161anai. Tas ir sp\u0113j\u012bgs iz\u0101rst\u0113t iekaisuma procesus organism\u0101. Lietojot nefr\u012bta spilvenu 2-10 m\u0113n. p\u0101riet bezmiegs, reibo\u0146i, normaliz\u0113jas nervu sist\u0113ma un asinsvadi, noregul\u0113jas balss, redze, dzirde, gars, noregul\u0113jas sievie\u0161u funkcijas, pazemin\u0101s asinsspiediens, izl\u012bdzin\u0101s grumbas, uzlabojas atmi\u0146a, asins sast\u0101vs, nieru, ku\u0146\u0123a, ur\u012bnp\u016b\u0161\u013ca un dzimumorg\u0101nu darb\u012bba. Spilvens pasarg\u0101 no hronisk\u0101m slim\u012bb\u0101m, nostiprina kaulus, pagarina m\u016b\u017eu, no\u0146em nogurumu. Pal\u012bdz ja esat nov\u0101rdzin\u0101ti, j\u016btat aukstumu k\u0101j\u0101s, nemotiv\u0113tas bailes. Pal\u012bdz pret \u0161aub\u0101m un svar\u012bgu l\u0113mumu pie\u0146em\u0161an\u0101. Veicina iztur\u012bbu. Ma\u0123iskas \u012bpa\u0161\u012bbas: Nefr\u012bts \u2014 viens no visspopul\u0101r\u0101kajiem miner\u0101liem, kas ir izmantojami reli\u0123ij\u0101 un ma\u0123ij\u0101. Senaj\u0101 \u0136\u012bn\u0101 usskat\u012bj\u0101s, ka nefr\u012bts ir apvelt\u012bts ar piec\u0101m galvenaj\u0101m \u012bpa\u0161\u012bb\u0101m. Tas ir Debess un Zemes, Gudr\u012bbas un M\u016b\u017e\u012bbas akmens. Senie acteki izmantoja nefr\u012bta na\u017eus cilv\u0113ku upur\u0113\u0161anas ritu\u0101los. Budisti uzskata, ka tie\u0161i no nefr\u012bta ir veidots Budas debesu tronis. \u0160umeru priesteri izmantoja nefr\u012bta priek\u0161metus k\u0101 ma\u0123iskus instrumentus. \u00b7Senie mongo\u013ci, kas iekaroja t\u0101du sp\u0113c\u012bgu valsti k\u0101 Krievija, ar nefr\u012btu izdai\u013coja savu ap\u0123\u0113rbu un iero\u010dus. Bez tam nefr\u012bts ir pr\u0101ta, labo darbu un tikum\u012bbas akmens. Di\u017eais Konf\u016bcijs uzskat\u012bja \u0161o akmeni par hum\u0101nisma simbolu. Nefr\u012bts ir to cilv\u0113ku miner\u0101ls, kas dzimu\u0161i Jaunavas un Svaru z\u012bm\u0113s, tiem vi\u0146\u0161 d\u0101v\u0101 veiksmi. Labaj\u0101 rok\u0101 uzvilkta nefr\u012btu aproce nes Jaunav\u0101m \u0123imenes laimi, bet Svariem sp\u0113j\u012bga pagarin\u0101t dz\u012bves ilgumu.Eirop\u0101 \u0161im akmenim pied\u0113v\u0113ja god\u012bgumu, k\u0101rt\u012bgumu, uztic\u012bbu, dro\u0161sird\u012bbu un gudr\u012bbas sp\u0113ku. Tas bija piln\u012bbas un t\u012br\u012bbas simbols. Viduslaikos tas bija iecien\u012bt\u0101kais al\u0137\u012bmi\u0137u akmens. Nefr\u012btu rekomend\u0113 n\u0113s\u0101t cilv\u0113kiem, kas v\u0113las main\u012bt savu dz\u012bvi., ieiet jaun\u0101 dz\u012bves period\u0101. Tas ir p\u0101rmai\u0146u akmens ,kas pal\u012bdz iziet no sadz\u012bves gr\u016bt\u012bb\u0101m. Past\u0101v le\u0123enda, ka nefr\u012bts radies no Budas prieka asar\u0101m. Nefr\u012bts ir pilns ar m\u012blest\u012bbas ener\u0123iju, tas pal\u012bdz pr\u0101tam pie\u0146emt \u0101trus un pareizus l\u0113mumus. Smaragdza\u013cais nefr\u012bts tiek saukts par imperatora akmeni, tiek uzskat\u012bts par m\u016b\u017e\u012bg\u0101s jaun\u012bba simbolu. Nefr\u012bts ir sens d\u0101rgakmens, kas no seniem laikiem ticis lietots, lai piesaist\u012btu m\u012blest\u012bbu un bag\u0101t\u012bbu. Nefr\u012bts pasarg\u0101 no negad\u012bjumiem un neveiksm\u0113m. Ilga m\u016b\u017ea akmens, \u0101rst\u0113 \u0137ermeni un dv\u0113seli, tiek uzskat\u012bts par m\u016b\u017e\u012bg\u0101s jaun\u012bba simbolu. Dzeltens nefr\u012bts pal\u012bdz pie sliktas gremo\u0161anas un aizciet\u0113jumiem. Violets nefr\u012bts izstaro m\u012blest\u012bbu, skaistumu un dro\u0161\u012bbu. Tas pal\u012bdz pie gar\u012bg\u0101m un emocion\u0101l\u0101m probl\u0113m\u0101m. Sarkanajam nefr\u012btam ir \u013coti sp\u0113c\u012bga ener\u0123\u0113tika, kas var pastiprin\u0101t visda\u017e\u0101d\u0101k\u0101s izj\u016btas. Ar\u012b oran\u017eais nefr\u012bts dod daudz ener\u0123ijas. Citu kr\u0101su nefr\u012bts nav tik sp\u0113c\u012bgs, bet tam ir nomierino\u0161s efekts.<br \/>\ngarums 4cm<\/p>\n","protected":false},"excerpt":{"rendered":"<p>Za\u013c\u0161 natur\u0101lais nefr\u012bts 12 mm Miera un stabilit\u0101tes akmens. Balansa un dziedin\u0101\u0161anas akmens. Pal\u012bdz savienoties ar ieg\u0161\u0113jo Es. Nes prieku,<\/p>\n","protected":false},"featured_media":17230,"template":"","meta":[],"product_brand":[],"product_cat":[2293,2297],"product_tag":[],"class_list":{"0":"post-34720","1":"product","2":"type-product","3":"status-publish","4":"has-post-thumbnail","6":"product_cat-dabiskie-akmeni-rokasspradzess-auskari-gredzeni-lv","7":"product_cat-auskari-lv-lv-3","9":"first","10":"outofstock","11":"taxable","12":"shipping-taxable","13":"purchasable","14":"product-type-simple"},"yoast_head":"<!-- This site is optimized with the Yoast SEO Premium plugin v27.0 (Yoast SEO v27.0) - https:\/\/yoast.com\/product\/yoast-seo-premium-wordpress\/ -->\n<title>Dabiks akmens nefr\u012bts auskari - cosmetic.lv<\/title>\n<meta name=\"robots\" content=\"index, follow, max-snippet:-1, max-image-preview:large, max-video-preview:-1\" \/>\n<link rel=\"canonical\" href=\"https:\/\/cosmetic.lv\/lv\/product\/dabiks-akmens-nefrits-auskari\/\" \/>\n<meta property=\"og:locale\" content=\"lv_LV\" \/>\n<meta property=\"og:type\" content=\"article\" \/>\n<meta property=\"og:title\" content=\"Dabiks akmens nefr\u012bts auskari\" \/>\n<meta property=\"og:description\" content=\"Za\u013c\u0161 natur\u0101lais nefr\u012bts 12 mm Miera un stabilit\u0101tes akmens. Balansa un dziedin\u0101\u0161anas akmens. Pal\u012bdz savienoties ar ieg\u0161\u0113jo Es. Nes prieku,\" \/>\n<meta property=\"og:url\" content=\"https:\/\/cosmetic.lv\/lv\/product\/dabiks-akmens-nefrits-auskari\/\" \/>\n<meta property=\"og:site_name\" content=\"cosmetic.lv\" \/>\n<meta property=\"article:publisher\" content=\"https:\/\/www.facebook.com\/cosmetic.lv\/\" \/>\n<meta property=\"article:modified_time\" content=\"2021-02-06T17:56:44+00:00\" \/>\n<meta property=\"og:image\" content=\"https:\/\/cosmetic.lv\/wp-content\/uploads\/2021\/02\/20181119_134622-4.jpg\" \/>\n\t<meta property=\"og:image:width\" content=\"800\" \/>\n\t<meta property=\"og:image:height\" content=\"591\" \/>\n\t<meta property=\"og:image:type\" content=\"image\/jpeg\" \/>\n<meta name=\"twitter:card\" content=\"summary_large_image\" \/>\n<script type=\"application\/ld+json\" class=\"yoast-schema-graph\">{\"@context\":\"https:\/\/schema.org\",\"@graph\":[{\"@type\":\"WebPage\",\"@id\":\"https:\/\/cosmetic.lv\/lv\/product\/dabiks-akmens-nefrits-auskari\/\",\"url\":\"https:\/\/cosmetic.lv\/lv\/product\/dabiks-akmens-nefrits-auskari\/\",\"name\":\"Dabiks akmens nefr\u012bts auskari - cosmetic.lv\",\"isPartOf\":{\"@id\":\"https:\/\/cosmetic.lv\/lv\/#website\"},\"primaryImageOfPage\":{\"@id\":\"https:\/\/cosmetic.lv\/lv\/product\/dabiks-akmens-nefrits-auskari\/#primaryimage\"},\"image\":{\"@id\":\"https:\/\/cosmetic.lv\/lv\/product\/dabiks-akmens-nefrits-auskari\/#primaryimage\"},\"thumbnailUrl\":\"https:\/\/cosmetic.lv\/wp-content\/uploads\/2021\/02\/20181119_134622-4.jpg\",\"datePublished\":\"2021-02-06T17:56:40+00:00\",\"dateModified\":\"2021-02-06T17:56:44+00:00\",\"breadcrumb\":{\"@id\":\"https:\/\/cosmetic.lv\/lv\/product\/dabiks-akmens-nefrits-auskari\/#breadcrumb\"},\"inLanguage\":\"lv-LV\",\"potentialAction\":[{\"@type\":\"ReadAction\",\"target\":[\"https:\/\/cosmetic.lv\/lv\/product\/dabiks-akmens-nefrits-auskari\/\"]}]},{\"@type\":\"ImageObject\",\"inLanguage\":\"lv-LV\",\"@id\":\"https:\/\/cosmetic.lv\/lv\/product\/dabiks-akmens-nefrits-auskari\/#primaryimage\",\"url\":\"https:\/\/cosmetic.lv\/wp-content\/uploads\/2021\/02\/20181119_134622-4.jpg\",\"contentUrl\":\"https:\/\/cosmetic.lv\/wp-content\/uploads\/2021\/02\/20181119_134622-4.jpg\",\"width\":800,\"height\":591,\"caption\":\"20181119_134622.jpg\"},{\"@type\":\"BreadcrumbList\",\"@id\":\"https:\/\/cosmetic.lv\/lv\/product\/dabiks-akmens-nefrits-auskari\/#breadcrumb\",\"itemListElement\":[{\"@type\":\"ListItem\",\"position\":1,\"name\":\"Home\",\"item\":\"https:\/\/cosmetic.lv\/lv\/\"},{\"@type\":\"ListItem\",\"position\":2,\"name\":\"Veikals\",\"item\":\"https:\/\/cosmetic.lv\/lv\/veiklas\/\"},{\"@type\":\"ListItem\",\"position\":3,\"name\":\"Dabiks akmens nefr\u012bts auskari\"}]},{\"@type\":\"WebSite\",\"@id\":\"https:\/\/cosmetic.lv\/lv\/#website\",\"url\":\"https:\/\/cosmetic.lv\/lv\/\",\"name\":\"cosmetic.lv\",\"description\":\"Profesion\u0101la kosm\u0113tika - Maria Galland, Keune, Arkadija, GMT, Guam, Magiray\",\"publisher\":{\"@id\":\"https:\/\/cosmetic.lv\/lv\/#organization\"},\"potentialAction\":[{\"@type\":\"SearchAction\",\"target\":{\"@type\":\"EntryPoint\",\"urlTemplate\":\"https:\/\/cosmetic.lv\/lv\/?s={search_term_string}\"},\"query-input\":{\"@type\":\"PropertyValueSpecification\",\"valueRequired\":true,\"valueName\":\"search_term_string\"}}],\"inLanguage\":\"lv-LV\"},{\"@type\":\"Organization\",\"@id\":\"https:\/\/cosmetic.lv\/lv\/#organization\",\"name\":\"COSMETIC.LV\",\"url\":\"https:\/\/cosmetic.lv\/lv\/\",\"logo\":{\"@type\":\"ImageObject\",\"inLanguage\":\"lv-LV\",\"@id\":\"https:\/\/cosmetic.lv\/lv\/#\/schema\/logo\/image\/\",\"url\":\"https:\/\/cosmetic.lv\/wp-content\/uploads\/2021\/02\/cosmetic.lv_logo.jpg\",\"contentUrl\":\"https:\/\/cosmetic.lv\/wp-content\/uploads\/2021\/02\/cosmetic.lv_logo.jpg\",\"width\":596,\"height\":196,\"caption\":\"COSMETIC.LV\"},\"image\":{\"@id\":\"https:\/\/cosmetic.lv\/lv\/#\/schema\/logo\/image\/\"},\"sameAs\":[\"https:\/\/www.facebook.com\/cosmetic.lv\/\"]}]}<\/script>\n<meta property=\"product:price:amount\" content=\"14.03\" \/>\n<meta property=\"product:price:currency\" content=\"EUR\" \/>\n<meta property=\"og:availability\" content=\"out of stock\" \/>\n<meta property=\"product:availability\" content=\"out of stock\" \/>\n<meta property=\"product:retailer_item_id\" content=\"gr12\" \/>\n<meta property=\"product:condition\" content=\"new\" \/>\n<!-- \/ Yoast SEO Premium plugin. -->","yoast_head_json":{"title":"Dabiks akmens nefr\u012bts auskari - cosmetic.lv","robots":{"index":"index","follow":"follow","max-snippet":"max-snippet:-1","max-image-preview":"max-image-preview:large","max-video-preview":"max-video-preview:-1"},"canonical":"https:\/\/cosmetic.lv\/lv\/product\/dabiks-akmens-nefrits-auskari\/","og_locale":"lv_LV","og_type":"article","og_title":"Dabiks akmens nefr\u012bts auskari","og_description":"Za\u013c\u0161 natur\u0101lais nefr\u012bts 12 mm Miera un stabilit\u0101tes akmens. Balansa un dziedin\u0101\u0161anas akmens. Pal\u012bdz savienoties ar ieg\u0161\u0113jo Es. Nes prieku,","og_url":"https:\/\/cosmetic.lv\/lv\/product\/dabiks-akmens-nefrits-auskari\/","og_site_name":"cosmetic.lv","article_publisher":"https:\/\/www.facebook.com\/cosmetic.lv\/","article_modified_time":"2021-02-06T17:56:44+00:00","og_image":[{"width":800,"height":591,"url":"https:\/\/cosmetic.lv\/wp-content\/uploads\/2021\/02\/20181119_134622-4.jpg","type":"image\/jpeg"}],"twitter_card":"summary_large_image","schema":{"@context":"https:\/\/schema.org","@graph":[{"@type":"WebPage","@id":"https:\/\/cosmetic.lv\/lv\/product\/dabiks-akmens-nefrits-auskari\/","url":"https:\/\/cosmetic.lv\/lv\/product\/dabiks-akmens-nefrits-auskari\/","name":"Dabiks akmens nefr\u012bts auskari - cosmetic.lv","isPartOf":{"@id":"https:\/\/cosmetic.lv\/lv\/#website"},"primaryImageOfPage":{"@id":"https:\/\/cosmetic.lv\/lv\/product\/dabiks-akmens-nefrits-auskari\/#primaryimage"},"image":{"@id":"https:\/\/cosmetic.lv\/lv\/product\/dabiks-akmens-nefrits-auskari\/#primaryimage"},"thumbnailUrl":"https:\/\/cosmetic.lv\/wp-content\/uploads\/2021\/02\/20181119_134622-4.jpg","datePublished":"2021-02-06T17:56:40+00:00","dateModified":"2021-02-06T17:56:44+00:00","breadcrumb":{"@id":"https:\/\/cosmetic.lv\/lv\/product\/dabiks-akmens-nefrits-auskari\/#breadcrumb"},"inLanguage":"lv-LV","potentialAction":[{"@type":"ReadAction","target":["https:\/\/cosmetic.lv\/lv\/product\/dabiks-akmens-nefrits-auskari\/"]}]},{"@type":"ImageObject","inLanguage":"lv-LV","@id":"https:\/\/cosmetic.lv\/lv\/product\/dabiks-akmens-nefrits-auskari\/#primaryimage","url":"https:\/\/cosmetic.lv\/wp-content\/uploads\/2021\/02\/20181119_134622-4.jpg","contentUrl":"https:\/\/cosmetic.lv\/wp-content\/uploads\/2021\/02\/20181119_134622-4.jpg","width":800,"height":591,"caption":"20181119_134622.jpg"},{"@type":"BreadcrumbList","@id":"https:\/\/cosmetic.lv\/lv\/product\/dabiks-akmens-nefrits-auskari\/#breadcrumb","itemListElement":[{"@type":"ListItem","position":1,"name":"Home","item":"https:\/\/cosmetic.lv\/lv\/"},{"@type":"ListItem","position":2,"name":"Veikals","item":"https:\/\/cosmetic.lv\/lv\/veiklas\/"},{"@type":"ListItem","position":3,"name":"Dabiks akmens nefr\u012bts auskari"}]},{"@type":"WebSite","@id":"https:\/\/cosmetic.lv\/lv\/#website","url":"https:\/\/cosmetic.lv\/lv\/","name":"cosmetic.lv","description":"Profesion\u0101la kosm\u0113tika - Maria Galland, Keune, Arkadija, GMT, Guam, Magiray","publisher":{"@id":"https:\/\/cosmetic.lv\/lv\/#organization"},"potentialAction":[{"@type":"SearchAction","target":{"@type":"EntryPoint","urlTemplate":"https:\/\/cosmetic.lv\/lv\/?s={search_term_string}"},"query-input":{"@type":"PropertyValueSpecification","valueRequired":true,"valueName":"search_term_string"}}],"inLanguage":"lv-LV"},{"@type":"Organization","@id":"https:\/\/cosmetic.lv\/lv\/#organization","name":"COSMETIC.LV","url":"https:\/\/cosmetic.lv\/lv\/","logo":{"@type":"ImageObject","inLanguage":"lv-LV","@id":"https:\/\/cosmetic.lv\/lv\/#\/schema\/logo\/image\/","url":"https:\/\/cosmetic.lv\/wp-content\/uploads\/2021\/02\/cosmetic.lv_logo.jpg","contentUrl":"https:\/\/cosmetic.lv\/wp-content\/uploads\/2021\/02\/cosmetic.lv_logo.jpg","width":596,"height":196,"caption":"COSMETIC.LV"},"image":{"@id":"https:\/\/cosmetic.lv\/lv\/#\/schema\/logo\/image\/"},"sameAs":["https:\/\/www.facebook.com\/cosmetic.lv\/"]}]},"product_price_amount":"14.03","product_price_currency":"EUR","og_availability":"out of stock","product_availability":"out of stock","product_retailer_item_id":"gr12","product_condition":"new"},"_links":{"self":[{"href":"https:\/\/cosmetic.lv\/lv\/wp-json\/wp\/v2\/product\/34720","targetHints":{"allow":["GET"]}}],"collection":[{"href":"https:\/\/cosmetic.lv\/lv\/wp-json\/wp\/v2\/product"}],"about":[{"href":"https:\/\/cosmetic.lv\/lv\/wp-json\/wp\/v2\/types\/product"}],"wp:featuredmedia":[{"embeddable":true,"href":"https:\/\/cosmetic.lv\/lv\/wp-json\/wp\/v2\/media\/17230"}],"wp:attachment":[{"href":"https:\/\/cosmetic.lv\/lv\/wp-json\/wp\/v2\/media?parent=34720"}],"wp:term":[{"taxonomy":"product_brand","embeddable":true,"href":"https:\/\/cosmetic.lv\/lv\/wp-json\/wp\/v2\/product_brand?post=34720"},{"taxonomy":"product_cat","embeddable":true,"href":"https:\/\/cosmetic.lv\/lv\/wp-json\/wp\/v2\/product_cat?post=34720"},{"taxonomy":"product_tag","embeddable":true,"href":"https:\/\/cosmetic.lv\/lv\/wp-json\/wp\/v2\/product_tag?post=34720"}],"curies":[{"name":"wp","href":"https:\/\/api.w.org\/{rel}","templated":true}]}}