{"id":34725,"date":"2021-02-05T22:44:25","date_gmt":"2021-02-06T17:56:49","guid":{"rendered":"https:\/\/damme.lv\/product\/dabiks-akmens-auskari-un-gredzens-eudalits\/"},"modified":"2021-02-06T19:56:50","modified_gmt":"2021-02-06T17:56:50","slug":"dabiks-akmens-auskari-un-gredzens-eudalits","status":"publish","type":"product","link":"https:\/\/cosmetic.lv\/lv\/product\/dabiks-akmens-auskari-un-gredzens-eudalits\/","title":{"rendered":"Dabiks akmens auskari un gredzens   eudal\u012bts"},"content":{"rendered":"<p>Eudialit\u0101la burvju \u012bpa\u0161\u012bbas Eudialil\u0101ta burv\u012bg\u0101s \u012bpa\u0161\u012bbas var uzlabot gan pozit\u012bvas, gan negat\u012bvas ener\u0123ijas pl\u016bsmas. Tiek uzskat\u012bts, ka eudial\u012bts pal\u012bdz nov\u0113rst nopietnus ievainojumus un ievainojumus, t\u0101d\u0113\u013c karav\u012bri jau sen to n\u0113s\u0101 ar tiem. Akmens pal\u012bdz ar\u012b sportistiem un visiem, kuru profesija ir pak\u013cauta dz\u012bvei. Ja jums ir &quot;s\u0101mu asinis&quot;, j\u016bs varat atbr\u012bvoties no g\u013c\u0113vul\u012bbas uz visiem laikiem.<\/p>\n<p>\u0100rstniecisk\u0101s \u012bpa\u0161\u012bbas Eudialyte pozit\u012bvi ietekm\u0113 cilv\u0113ka smadzenes. Evdial\u012bts labv\u0113l\u012bgi ietekm\u0113 asinis, att\u012bra to un baro to ar sk\u0101bekli. \u0160o miner\u0101lu lieto ar\u012b migr\u0113nas \u0101rst\u0113\u0161anai un depresijai, pal\u012bdz atbr\u012bvoties no melanholijas un halucin\u0101cij\u0101m. Saska\u0146\u0101 ar akme\u0146u apstr\u0101di eudialit\u0101te veicina pozit\u012bvu pasaules uzskatu par\u0101d\u012b\u0161anos, pat melanholisko temperamentu vid\u016b, ne tikai starp tiem, kas ir piedz\u012bvoju\u0161i k\u0101du dr\u0101mu. Dziednieki iesaka lietot \u0161o miner\u0101lu rotaslietas un aizku\u0146\u0123a dziedzera un ku\u0146\u0123a-zarnu trakta slim\u012bbas. Litoterapeiti uzskata, ka eudial\u012btai ir pozit\u012bva ietekme uz cilv\u0113ka smadzen\u0113m, proti, alfa ritmiem. Regul\u0101ra miner\u0101lvielu apsv\u0113r\u0161ana var iev\u0113rojami uzlabot redzi un samazin\u0101t intraokul\u0101ro spiedienu. Akmens pal\u012bdz papildin\u0101t ener\u0123iju p\u0113c p\u0101rsprieguma un palielina vitalit\u0101ti.<\/p>\n<p>2,5 x3,5 auskari<br \/>\ngredzens izm\u0113rs regul\u0113jams<br \/>\ngredzebs 2,3cm x1,5 cm<\/p>\n","protected":false},"excerpt":{"rendered":"<p>Eudialit\u0101la burvju \u012bpa\u0161\u012bbas Eudialil\u0101ta burv\u012bg\u0101s \u012bpa\u0161\u012bbas var uzlabot gan pozit\u012bvas, gan negat\u012bvas ener\u0123ijas pl\u016bsmas. Tiek uzskat\u012bts, ka eudial\u012bts pal\u012bdz nov\u0113rst<\/p>\n","protected":false},"featured_media":17243,"template":"","meta":[],"product_brand":[],"product_cat":[2293,2330],"product_tag":[],"class_list":{"0":"post-34725","1":"product","2":"type-product","3":"status-publish","4":"has-post-thumbnail","6":"product_cat-dabiskie-akmeni-rokasspradzess-auskari-gredzeni-lv","7":"product_cat-gredzeni-4-lv","9":"first","10":"instock","11":"taxable","12":"shipping-taxable","13":"purchasable","14":"product-type-simple"},"yoast_head":"<!-- This site is optimized with the Yoast SEO Premium plugin v27.0 (Yoast SEO v27.0) - https:\/\/yoast.com\/product\/yoast-seo-premium-wordpress\/ -->\n<title>Dabiks akmens auskari un gredzens  eudal\u012bts - cosmetic.lv<\/title>\n<meta name=\"robots\" content=\"index, follow, max-snippet:-1, max-image-preview:large, max-video-preview:-1\" \/>\n<link rel=\"canonical\" href=\"https:\/\/cosmetic.lv\/lv\/product\/dabiks-akmens-auskari-un-gredzens-eudalits\/\" \/>\n<meta property=\"og:locale\" content=\"lv_LV\" \/>\n<meta property=\"og:type\" content=\"article\" \/>\n<meta property=\"og:title\" content=\"Dabiks akmens auskari un gredzens  eudal\u012bts\" \/>\n<meta property=\"og:description\" content=\"Eudialit\u0101la burvju \u012bpa\u0161\u012bbas Eudialil\u0101ta burv\u012bg\u0101s \u012bpa\u0161\u012bbas var uzlabot gan pozit\u012bvas, gan negat\u012bvas ener\u0123ijas pl\u016bsmas. Tiek uzskat\u012bts, ka eudial\u012bts pal\u012bdz nov\u0113rst\" \/>\n<meta property=\"og:url\" content=\"https:\/\/cosmetic.lv\/lv\/product\/dabiks-akmens-auskari-un-gredzens-eudalits\/\" \/>\n<meta property=\"og:site_name\" content=\"cosmetic.lv\" \/>\n<meta property=\"article:publisher\" content=\"https:\/\/www.facebook.com\/cosmetic.lv\/\" \/>\n<meta property=\"article:modified_time\" content=\"2021-02-06T17:56:50+00:00\" \/>\n<meta property=\"og:image\" content=\"https:\/\/cosmetic.lv\/wp-content\/uploads\/2021\/02\/20181119_134933-4.jpg\" \/>\n\t<meta property=\"og:image:width\" content=\"678\" \/>\n\t<meta property=\"og:image:height\" content=\"600\" \/>\n\t<meta property=\"og:image:type\" content=\"image\/jpeg\" \/>\n<meta name=\"twitter:card\" content=\"summary_large_image\" \/>\n<script type=\"application\/ld+json\" class=\"yoast-schema-graph\">{\"@context\":\"https:\/\/schema.org\",\"@graph\":[{\"@type\":\"WebPage\",\"@id\":\"https:\/\/cosmetic.lv\/lv\/product\/dabiks-akmens-auskari-un-gredzens-eudalits\/\",\"url\":\"https:\/\/cosmetic.lv\/lv\/product\/dabiks-akmens-auskari-un-gredzens-eudalits\/\",\"name\":\"Dabiks akmens auskari un gredzens eudal\u012bts - cosmetic.lv\",\"isPartOf\":{\"@id\":\"https:\/\/cosmetic.lv\/lv\/#website\"},\"primaryImageOfPage\":{\"@id\":\"https:\/\/cosmetic.lv\/lv\/product\/dabiks-akmens-auskari-un-gredzens-eudalits\/#primaryimage\"},\"image\":{\"@id\":\"https:\/\/cosmetic.lv\/lv\/product\/dabiks-akmens-auskari-un-gredzens-eudalits\/#primaryimage\"},\"thumbnailUrl\":\"https:\/\/cosmetic.lv\/wp-content\/uploads\/2021\/02\/20181119_134933-4.jpg\",\"datePublished\":\"2021-02-06T17:56:49+00:00\",\"dateModified\":\"2021-02-06T17:56:50+00:00\",\"breadcrumb\":{\"@id\":\"https:\/\/cosmetic.lv\/lv\/product\/dabiks-akmens-auskari-un-gredzens-eudalits\/#breadcrumb\"},\"inLanguage\":\"lv-LV\",\"potentialAction\":[{\"@type\":\"ReadAction\",\"target\":[\"https:\/\/cosmetic.lv\/lv\/product\/dabiks-akmens-auskari-un-gredzens-eudalits\/\"]}]},{\"@type\":\"ImageObject\",\"inLanguage\":\"lv-LV\",\"@id\":\"https:\/\/cosmetic.lv\/lv\/product\/dabiks-akmens-auskari-un-gredzens-eudalits\/#primaryimage\",\"url\":\"https:\/\/cosmetic.lv\/wp-content\/uploads\/2021\/02\/20181119_134933-4.jpg\",\"contentUrl\":\"https:\/\/cosmetic.lv\/wp-content\/uploads\/2021\/02\/20181119_134933-4.jpg\",\"width\":678,\"height\":600,\"caption\":\"20181119_134933.jpg\"},{\"@type\":\"BreadcrumbList\",\"@id\":\"https:\/\/cosmetic.lv\/lv\/product\/dabiks-akmens-auskari-un-gredzens-eudalits\/#breadcrumb\",\"itemListElement\":[{\"@type\":\"ListItem\",\"position\":1,\"name\":\"Home\",\"item\":\"https:\/\/cosmetic.lv\/lv\/\"},{\"@type\":\"ListItem\",\"position\":2,\"name\":\"Veikals\",\"item\":\"https:\/\/cosmetic.lv\/lv\/veiklas\/\"},{\"@type\":\"ListItem\",\"position\":3,\"name\":\"Dabiks akmens auskari un gredzens eudal\u012bts\"}]},{\"@type\":\"WebSite\",\"@id\":\"https:\/\/cosmetic.lv\/lv\/#website\",\"url\":\"https:\/\/cosmetic.lv\/lv\/\",\"name\":\"cosmetic.lv\",\"description\":\"Profesion\u0101la kosm\u0113tika - Maria Galland, Keune, Arkadija, GMT, Guam, Magiray\",\"publisher\":{\"@id\":\"https:\/\/cosmetic.lv\/lv\/#organization\"},\"potentialAction\":[{\"@type\":\"SearchAction\",\"target\":{\"@type\":\"EntryPoint\",\"urlTemplate\":\"https:\/\/cosmetic.lv\/lv\/?s={search_term_string}\"},\"query-input\":{\"@type\":\"PropertyValueSpecification\",\"valueRequired\":true,\"valueName\":\"search_term_string\"}}],\"inLanguage\":\"lv-LV\"},{\"@type\":\"Organization\",\"@id\":\"https:\/\/cosmetic.lv\/lv\/#organization\",\"name\":\"COSMETIC.LV\",\"url\":\"https:\/\/cosmetic.lv\/lv\/\",\"logo\":{\"@type\":\"ImageObject\",\"inLanguage\":\"lv-LV\",\"@id\":\"https:\/\/cosmetic.lv\/lv\/#\/schema\/logo\/image\/\",\"url\":\"https:\/\/cosmetic.lv\/wp-content\/uploads\/2021\/02\/cosmetic.lv_logo.jpg\",\"contentUrl\":\"https:\/\/cosmetic.lv\/wp-content\/uploads\/2021\/02\/cosmetic.lv_logo.jpg\",\"width\":596,\"height\":196,\"caption\":\"COSMETIC.LV\"},\"image\":{\"@id\":\"https:\/\/cosmetic.lv\/lv\/#\/schema\/logo\/image\/\"},\"sameAs\":[\"https:\/\/www.facebook.com\/cosmetic.lv\/\"]}]}<\/script>\n<meta property=\"product:price:amount\" content=\"45.37\" \/>\n<meta property=\"product:price:currency\" content=\"EUR\" \/>\n<meta property=\"og:availability\" content=\"instock\" \/>\n<meta property=\"product:availability\" content=\"instock\" \/>\n<meta property=\"product:retailer_item_id\" content=\"miks\" \/>\n<meta property=\"product:condition\" content=\"new\" \/>\n<!-- \/ Yoast SEO Premium plugin. -->","yoast_head_json":{"title":"Dabiks akmens auskari un gredzens  eudal\u012bts - cosmetic.lv","robots":{"index":"index","follow":"follow","max-snippet":"max-snippet:-1","max-image-preview":"max-image-preview:large","max-video-preview":"max-video-preview:-1"},"canonical":"https:\/\/cosmetic.lv\/lv\/product\/dabiks-akmens-auskari-un-gredzens-eudalits\/","og_locale":"lv_LV","og_type":"article","og_title":"Dabiks akmens auskari un gredzens  eudal\u012bts","og_description":"Eudialit\u0101la burvju \u012bpa\u0161\u012bbas Eudialil\u0101ta burv\u012bg\u0101s \u012bpa\u0161\u012bbas var uzlabot gan pozit\u012bvas, gan negat\u012bvas ener\u0123ijas pl\u016bsmas. Tiek uzskat\u012bts, ka eudial\u012bts pal\u012bdz nov\u0113rst","og_url":"https:\/\/cosmetic.lv\/lv\/product\/dabiks-akmens-auskari-un-gredzens-eudalits\/","og_site_name":"cosmetic.lv","article_publisher":"https:\/\/www.facebook.com\/cosmetic.lv\/","article_modified_time":"2021-02-06T17:56:50+00:00","og_image":[{"width":678,"height":600,"url":"https:\/\/cosmetic.lv\/wp-content\/uploads\/2021\/02\/20181119_134933-4.jpg","type":"image\/jpeg"}],"twitter_card":"summary_large_image","schema":{"@context":"https:\/\/schema.org","@graph":[{"@type":"WebPage","@id":"https:\/\/cosmetic.lv\/lv\/product\/dabiks-akmens-auskari-un-gredzens-eudalits\/","url":"https:\/\/cosmetic.lv\/lv\/product\/dabiks-akmens-auskari-un-gredzens-eudalits\/","name":"Dabiks akmens auskari un gredzens eudal\u012bts - cosmetic.lv","isPartOf":{"@id":"https:\/\/cosmetic.lv\/lv\/#website"},"primaryImageOfPage":{"@id":"https:\/\/cosmetic.lv\/lv\/product\/dabiks-akmens-auskari-un-gredzens-eudalits\/#primaryimage"},"image":{"@id":"https:\/\/cosmetic.lv\/lv\/product\/dabiks-akmens-auskari-un-gredzens-eudalits\/#primaryimage"},"thumbnailUrl":"https:\/\/cosmetic.lv\/wp-content\/uploads\/2021\/02\/20181119_134933-4.jpg","datePublished":"2021-02-06T17:56:49+00:00","dateModified":"2021-02-06T17:56:50+00:00","breadcrumb":{"@id":"https:\/\/cosmetic.lv\/lv\/product\/dabiks-akmens-auskari-un-gredzens-eudalits\/#breadcrumb"},"inLanguage":"lv-LV","potentialAction":[{"@type":"ReadAction","target":["https:\/\/cosmetic.lv\/lv\/product\/dabiks-akmens-auskari-un-gredzens-eudalits\/"]}]},{"@type":"ImageObject","inLanguage":"lv-LV","@id":"https:\/\/cosmetic.lv\/lv\/product\/dabiks-akmens-auskari-un-gredzens-eudalits\/#primaryimage","url":"https:\/\/cosmetic.lv\/wp-content\/uploads\/2021\/02\/20181119_134933-4.jpg","contentUrl":"https:\/\/cosmetic.lv\/wp-content\/uploads\/2021\/02\/20181119_134933-4.jpg","width":678,"height":600,"caption":"20181119_134933.jpg"},{"@type":"BreadcrumbList","@id":"https:\/\/cosmetic.lv\/lv\/product\/dabiks-akmens-auskari-un-gredzens-eudalits\/#breadcrumb","itemListElement":[{"@type":"ListItem","position":1,"name":"Home","item":"https:\/\/cosmetic.lv\/lv\/"},{"@type":"ListItem","position":2,"name":"Veikals","item":"https:\/\/cosmetic.lv\/lv\/veiklas\/"},{"@type":"ListItem","position":3,"name":"Dabiks akmens auskari un gredzens eudal\u012bts"}]},{"@type":"WebSite","@id":"https:\/\/cosmetic.lv\/lv\/#website","url":"https:\/\/cosmetic.lv\/lv\/","name":"cosmetic.lv","description":"Profesion\u0101la kosm\u0113tika - Maria Galland, Keune, Arkadija, GMT, Guam, Magiray","publisher":{"@id":"https:\/\/cosmetic.lv\/lv\/#organization"},"potentialAction":[{"@type":"SearchAction","target":{"@type":"EntryPoint","urlTemplate":"https:\/\/cosmetic.lv\/lv\/?s={search_term_string}"},"query-input":{"@type":"PropertyValueSpecification","valueRequired":true,"valueName":"search_term_string"}}],"inLanguage":"lv-LV"},{"@type":"Organization","@id":"https:\/\/cosmetic.lv\/lv\/#organization","name":"COSMETIC.LV","url":"https:\/\/cosmetic.lv\/lv\/","logo":{"@type":"ImageObject","inLanguage":"lv-LV","@id":"https:\/\/cosmetic.lv\/lv\/#\/schema\/logo\/image\/","url":"https:\/\/cosmetic.lv\/wp-content\/uploads\/2021\/02\/cosmetic.lv_logo.jpg","contentUrl":"https:\/\/cosmetic.lv\/wp-content\/uploads\/2021\/02\/cosmetic.lv_logo.jpg","width":596,"height":196,"caption":"COSMETIC.LV"},"image":{"@id":"https:\/\/cosmetic.lv\/lv\/#\/schema\/logo\/image\/"},"sameAs":["https:\/\/www.facebook.com\/cosmetic.lv\/"]}]},"product_price_amount":"45.37","product_price_currency":"EUR","og_availability":"instock","product_availability":"instock","product_retailer_item_id":"miks","product_condition":"new"},"_links":{"self":[{"href":"https:\/\/cosmetic.lv\/lv\/wp-json\/wp\/v2\/product\/34725","targetHints":{"allow":["GET"]}}],"collection":[{"href":"https:\/\/cosmetic.lv\/lv\/wp-json\/wp\/v2\/product"}],"about":[{"href":"https:\/\/cosmetic.lv\/lv\/wp-json\/wp\/v2\/types\/product"}],"wp:featuredmedia":[{"embeddable":true,"href":"https:\/\/cosmetic.lv\/lv\/wp-json\/wp\/v2\/media\/17243"}],"wp:attachment":[{"href":"https:\/\/cosmetic.lv\/lv\/wp-json\/wp\/v2\/media?parent=34725"}],"wp:term":[{"taxonomy":"product_brand","embeddable":true,"href":"https:\/\/cosmetic.lv\/lv\/wp-json\/wp\/v2\/product_brand?post=34725"},{"taxonomy":"product_cat","embeddable":true,"href":"https:\/\/cosmetic.lv\/lv\/wp-json\/wp\/v2\/product_cat?post=34725"},{"taxonomy":"product_tag","embeddable":true,"href":"https:\/\/cosmetic.lv\/lv\/wp-json\/wp\/v2\/product_tag?post=34725"}],"curies":[{"name":"wp","href":"https:\/\/api.w.org\/{rel}","templated":true}]}}