{"id":34754,"date":"2021-02-05T22:44:35","date_gmt":"2021-02-06T17:57:13","guid":{"rendered":"https:\/\/damme.lv\/product\/magnetiska-aproces\/"},"modified":"2021-02-06T19:57:13","modified_gmt":"2021-02-06T17:57:13","slug":"magnetiska-aproces","status":"publish","type":"product","link":"https:\/\/cosmetic.lv\/lv\/product\/magnetiska-aproces\/","title":{"rendered":"Magn\u0113tisk\u0101 Aproces"},"content":{"rendered":"<p><!DOCTYPE html PUBLIC &quot;-\/\/W3C\/\/DTD XHTML 1.0 Transitional\/\/EN&quot; &quot;http:\/\/www.w3.org\/TR\/xhtml1\/DTD\/xhtml1-transitional.dtd&quot;><br \/>\n<html><br \/>\n<head><br \/>\n<title>Untitled document<\/title><br \/>\n<\/head><br \/>\n<body><\/p>\n<p><span style=&quot;font-size: 16px;&quot;><span style=&quot;font-family: Arial, sans-serif;&quot;><span>Magn\u0113tisk\u0101s  terapijas pozit\u012bv\u0101s iedarb\u012bbas pamat\u0101 ir magn\u0113tisk\u0101 lauka sp\u0113ja dzi\u013ci  iedarboties uz musku\u013cu audiem un asinsvadu sist\u0113mu. Magn\u0113tiskais lauks  iedarbojas uz problem\u0101tisk\u0101m zon\u0101m, pak\u0101peniski uzlabojot t\u0101 visp\u0101r\u012bgo  st\u0101vokli, tai skait\u0101 akt\u012bvi ietekm\u0113jot ar\u012b uz arteri\u0101lo spiedienu. Vis\u0101  pasaul\u0113 lielu popularit\u0101ti guva magn\u0113tisk\u0101s aproces. Un, kaut gan  ofici\u0101l\u0101 medic\u012bna l\u012bdz galam nenoteica savu poz\u012bciju attiec\u012bb\u0101 pret  tiem, &scaron;ie izstr\u0101d\u0101jumi ir pla&scaron;i izplat\u012bti, un tiem ir daudz pozit\u012bvo  atsauksmju. Elegant\u0101 aproce no t\u0113rauda ar magn\u0113tiem, ar regul\u0113jamo  garumu, kas ir paredz\u0113ta gan v\u012brie&scaron;iem, gan ar\u012b sieviet\u0113m. Materi\u0101ls: augstas kvalit\u0101tes cinka sakaus\u0113jums,  ar ni\u0137eli un svinu 1 magn\u0113ts<\/span><\/span><\/span><\/p>\n<p>&nbsp;<\/p>\n<p><span style=&quot;font-size: 16px;&quot;><span style=&quot;font-family: Arial, sans-serif;&quot;><span><br \/><\/span><\/span><\/span><\/p>\n<p><\/body><br \/>\n<\/html><\/p>\n","protected":false},"excerpt":{"rendered":"<p>Untitled document Magn\u0113tisk\u0101s terapijas pozit\u012bv\u0101s iedarb\u012bbas pamat\u0101 ir magn\u0113tisk\u0101 lauka sp\u0113ja dzi\u013ci iedarboties uz musku\u013cu audiem un asinsvadu sist\u0113mu. Magn\u0113tiskais<\/p>\n","protected":false},"featured_media":17326,"template":"","meta":[],"product_brand":[],"product_cat":[2231,2234],"product_tag":[],"class_list":{"0":"post-34754","1":"product","2":"type-product","3":"status-publish","4":"has-post-thumbnail","6":"product_cat-atveselojosas-preces-lv","7":"product_cat-rokam-lv","9":"first","10":"instock","11":"sale","12":"taxable","13":"shipping-taxable","14":"purchasable","15":"product-type-simple"},"yoast_head":"<!-- This site is optimized with the Yoast SEO Premium plugin v27.0 (Yoast SEO v27.0) - https:\/\/yoast.com\/product\/yoast-seo-premium-wordpress\/ -->\n<title>Magn\u0113tisk\u0101 Aproces - cosmetic.lv<\/title>\n<meta name=\"robots\" content=\"index, follow, max-snippet:-1, max-image-preview:large, max-video-preview:-1\" \/>\n<link rel=\"canonical\" href=\"https:\/\/cosmetic.lv\/lv\/product\/magnetiska-aproces\/\" \/>\n<meta property=\"og:locale\" content=\"lv_LV\" \/>\n<meta property=\"og:type\" content=\"article\" \/>\n<meta property=\"og:title\" content=\"Magn\u0113tisk\u0101 Aproces\" \/>\n<meta property=\"og:description\" content=\"Untitled document Magn\u0113tisk\u0101s terapijas pozit\u012bv\u0101s iedarb\u012bbas pamat\u0101 ir magn\u0113tisk\u0101 lauka sp\u0113ja dzi\u013ci iedarboties uz musku\u013cu audiem un asinsvadu sist\u0113mu. Magn\u0113tiskais\" \/>\n<meta property=\"og:url\" content=\"https:\/\/cosmetic.lv\/lv\/product\/magnetiska-aproces\/\" \/>\n<meta property=\"og:site_name\" content=\"cosmetic.lv\" \/>\n<meta property=\"article:publisher\" content=\"https:\/\/www.facebook.com\/cosmetic.lv\/\" \/>\n<meta property=\"og:image\" content=\"https:\/\/cosmetic.lv\/wp-content\/uploads\/2021\/02\/1aprocemed-4.jpg\" \/>\n\t<meta property=\"og:image:width\" content=\"800\" \/>\n\t<meta property=\"og:image:height\" content=\"800\" \/>\n\t<meta property=\"og:image:type\" content=\"image\/jpeg\" \/>\n<meta name=\"twitter:card\" content=\"summary_large_image\" \/>\n<script type=\"application\/ld+json\" class=\"yoast-schema-graph\">{\"@context\":\"https:\/\/schema.org\",\"@graph\":[{\"@type\":\"WebPage\",\"@id\":\"https:\/\/cosmetic.lv\/lv\/product\/magnetiska-aproces\/\",\"url\":\"https:\/\/cosmetic.lv\/lv\/product\/magnetiska-aproces\/\",\"name\":\"Magn\u0113tisk\u0101 Aproces - cosmetic.lv\",\"isPartOf\":{\"@id\":\"https:\/\/cosmetic.lv\/lv\/#website\"},\"primaryImageOfPage\":{\"@id\":\"https:\/\/cosmetic.lv\/lv\/product\/magnetiska-aproces\/#primaryimage\"},\"image\":{\"@id\":\"https:\/\/cosmetic.lv\/lv\/product\/magnetiska-aproces\/#primaryimage\"},\"thumbnailUrl\":\"https:\/\/cosmetic.lv\/wp-content\/uploads\/2021\/02\/1aprocemed-4.jpg\",\"datePublished\":\"2021-02-06T17:57:13+00:00\",\"breadcrumb\":{\"@id\":\"https:\/\/cosmetic.lv\/lv\/product\/magnetiska-aproces\/#breadcrumb\"},\"inLanguage\":\"lv-LV\",\"potentialAction\":[{\"@type\":\"ReadAction\",\"target\":[\"https:\/\/cosmetic.lv\/lv\/product\/magnetiska-aproces\/\"]}]},{\"@type\":\"ImageObject\",\"inLanguage\":\"lv-LV\",\"@id\":\"https:\/\/cosmetic.lv\/lv\/product\/magnetiska-aproces\/#primaryimage\",\"url\":\"https:\/\/cosmetic.lv\/wp-content\/uploads\/2021\/02\/1aprocemed-4.jpg\",\"contentUrl\":\"https:\/\/cosmetic.lv\/wp-content\/uploads\/2021\/02\/1aprocemed-4.jpg\",\"width\":800,\"height\":800,\"caption\":\"1aprocemed.jpg\"},{\"@type\":\"BreadcrumbList\",\"@id\":\"https:\/\/cosmetic.lv\/lv\/product\/magnetiska-aproces\/#breadcrumb\",\"itemListElement\":[{\"@type\":\"ListItem\",\"position\":1,\"name\":\"Home\",\"item\":\"https:\/\/cosmetic.lv\/lv\/\"},{\"@type\":\"ListItem\",\"position\":2,\"name\":\"Veikals\",\"item\":\"https:\/\/cosmetic.lv\/lv\/veiklas\/\"},{\"@type\":\"ListItem\",\"position\":3,\"name\":\"Magn\u0113tisk\u0101 Aproces\"}]},{\"@type\":\"WebSite\",\"@id\":\"https:\/\/cosmetic.lv\/lv\/#website\",\"url\":\"https:\/\/cosmetic.lv\/lv\/\",\"name\":\"cosmetic.lv\",\"description\":\"Profesion\u0101la kosm\u0113tika - Maria Galland, Keune, Arkadija, GMT, Guam, Magiray\",\"publisher\":{\"@id\":\"https:\/\/cosmetic.lv\/lv\/#organization\"},\"potentialAction\":[{\"@type\":\"SearchAction\",\"target\":{\"@type\":\"EntryPoint\",\"urlTemplate\":\"https:\/\/cosmetic.lv\/lv\/?s={search_term_string}\"},\"query-input\":{\"@type\":\"PropertyValueSpecification\",\"valueRequired\":true,\"valueName\":\"search_term_string\"}}],\"inLanguage\":\"lv-LV\"},{\"@type\":\"Organization\",\"@id\":\"https:\/\/cosmetic.lv\/lv\/#organization\",\"name\":\"COSMETIC.LV\",\"url\":\"https:\/\/cosmetic.lv\/lv\/\",\"logo\":{\"@type\":\"ImageObject\",\"inLanguage\":\"lv-LV\",\"@id\":\"https:\/\/cosmetic.lv\/lv\/#\/schema\/logo\/image\/\",\"url\":\"https:\/\/cosmetic.lv\/wp-content\/uploads\/2021\/02\/cosmetic.lv_logo.jpg\",\"contentUrl\":\"https:\/\/cosmetic.lv\/wp-content\/uploads\/2021\/02\/cosmetic.lv_logo.jpg\",\"width\":596,\"height\":196,\"caption\":\"COSMETIC.LV\"},\"image\":{\"@id\":\"https:\/\/cosmetic.lv\/lv\/#\/schema\/logo\/image\/\"},\"sameAs\":[\"https:\/\/www.facebook.com\/cosmetic.lv\/\"]}]}<\/script>\n<meta property=\"product:price:amount\" content=\"7.33\" \/>\n<meta property=\"product:price:currency\" content=\"EUR\" \/>\n<meta property=\"og:availability\" content=\"instock\" \/>\n<meta property=\"product:availability\" content=\"instock\" \/>\n<meta property=\"product:retailer_item_id\" content=\"medbr\" \/>\n<meta property=\"product:condition\" content=\"new\" \/>\n<!-- \/ Yoast SEO Premium plugin. -->","yoast_head_json":{"title":"Magn\u0113tisk\u0101 Aproces - cosmetic.lv","robots":{"index":"index","follow":"follow","max-snippet":"max-snippet:-1","max-image-preview":"max-image-preview:large","max-video-preview":"max-video-preview:-1"},"canonical":"https:\/\/cosmetic.lv\/lv\/product\/magnetiska-aproces\/","og_locale":"lv_LV","og_type":"article","og_title":"Magn\u0113tisk\u0101 Aproces","og_description":"Untitled document Magn\u0113tisk\u0101s terapijas pozit\u012bv\u0101s iedarb\u012bbas pamat\u0101 ir magn\u0113tisk\u0101 lauka sp\u0113ja dzi\u013ci iedarboties uz musku\u013cu audiem un asinsvadu sist\u0113mu. Magn\u0113tiskais","og_url":"https:\/\/cosmetic.lv\/lv\/product\/magnetiska-aproces\/","og_site_name":"cosmetic.lv","article_publisher":"https:\/\/www.facebook.com\/cosmetic.lv\/","og_image":[{"width":800,"height":800,"url":"https:\/\/cosmetic.lv\/wp-content\/uploads\/2021\/02\/1aprocemed-4.jpg","type":"image\/jpeg"}],"twitter_card":"summary_large_image","schema":{"@context":"https:\/\/schema.org","@graph":[{"@type":"WebPage","@id":"https:\/\/cosmetic.lv\/lv\/product\/magnetiska-aproces\/","url":"https:\/\/cosmetic.lv\/lv\/product\/magnetiska-aproces\/","name":"Magn\u0113tisk\u0101 Aproces - cosmetic.lv","isPartOf":{"@id":"https:\/\/cosmetic.lv\/lv\/#website"},"primaryImageOfPage":{"@id":"https:\/\/cosmetic.lv\/lv\/product\/magnetiska-aproces\/#primaryimage"},"image":{"@id":"https:\/\/cosmetic.lv\/lv\/product\/magnetiska-aproces\/#primaryimage"},"thumbnailUrl":"https:\/\/cosmetic.lv\/wp-content\/uploads\/2021\/02\/1aprocemed-4.jpg","datePublished":"2021-02-06T17:57:13+00:00","breadcrumb":{"@id":"https:\/\/cosmetic.lv\/lv\/product\/magnetiska-aproces\/#breadcrumb"},"inLanguage":"lv-LV","potentialAction":[{"@type":"ReadAction","target":["https:\/\/cosmetic.lv\/lv\/product\/magnetiska-aproces\/"]}]},{"@type":"ImageObject","inLanguage":"lv-LV","@id":"https:\/\/cosmetic.lv\/lv\/product\/magnetiska-aproces\/#primaryimage","url":"https:\/\/cosmetic.lv\/wp-content\/uploads\/2021\/02\/1aprocemed-4.jpg","contentUrl":"https:\/\/cosmetic.lv\/wp-content\/uploads\/2021\/02\/1aprocemed-4.jpg","width":800,"height":800,"caption":"1aprocemed.jpg"},{"@type":"BreadcrumbList","@id":"https:\/\/cosmetic.lv\/lv\/product\/magnetiska-aproces\/#breadcrumb","itemListElement":[{"@type":"ListItem","position":1,"name":"Home","item":"https:\/\/cosmetic.lv\/lv\/"},{"@type":"ListItem","position":2,"name":"Veikals","item":"https:\/\/cosmetic.lv\/lv\/veiklas\/"},{"@type":"ListItem","position":3,"name":"Magn\u0113tisk\u0101 Aproces"}]},{"@type":"WebSite","@id":"https:\/\/cosmetic.lv\/lv\/#website","url":"https:\/\/cosmetic.lv\/lv\/","name":"cosmetic.lv","description":"Profesion\u0101la kosm\u0113tika - Maria Galland, Keune, Arkadija, GMT, Guam, Magiray","publisher":{"@id":"https:\/\/cosmetic.lv\/lv\/#organization"},"potentialAction":[{"@type":"SearchAction","target":{"@type":"EntryPoint","urlTemplate":"https:\/\/cosmetic.lv\/lv\/?s={search_term_string}"},"query-input":{"@type":"PropertyValueSpecification","valueRequired":true,"valueName":"search_term_string"}}],"inLanguage":"lv-LV"},{"@type":"Organization","@id":"https:\/\/cosmetic.lv\/lv\/#organization","name":"COSMETIC.LV","url":"https:\/\/cosmetic.lv\/lv\/","logo":{"@type":"ImageObject","inLanguage":"lv-LV","@id":"https:\/\/cosmetic.lv\/lv\/#\/schema\/logo\/image\/","url":"https:\/\/cosmetic.lv\/wp-content\/uploads\/2021\/02\/cosmetic.lv_logo.jpg","contentUrl":"https:\/\/cosmetic.lv\/wp-content\/uploads\/2021\/02\/cosmetic.lv_logo.jpg","width":596,"height":196,"caption":"COSMETIC.LV"},"image":{"@id":"https:\/\/cosmetic.lv\/lv\/#\/schema\/logo\/image\/"},"sameAs":["https:\/\/www.facebook.com\/cosmetic.lv\/"]}]},"product_price_amount":"7.33","product_price_currency":"EUR","og_availability":"instock","product_availability":"instock","product_retailer_item_id":"medbr","product_condition":"new"},"_links":{"self":[{"href":"https:\/\/cosmetic.lv\/lv\/wp-json\/wp\/v2\/product\/34754","targetHints":{"allow":["GET"]}}],"collection":[{"href":"https:\/\/cosmetic.lv\/lv\/wp-json\/wp\/v2\/product"}],"about":[{"href":"https:\/\/cosmetic.lv\/lv\/wp-json\/wp\/v2\/types\/product"}],"wp:featuredmedia":[{"embeddable":true,"href":"https:\/\/cosmetic.lv\/lv\/wp-json\/wp\/v2\/media\/17326"}],"wp:attachment":[{"href":"https:\/\/cosmetic.lv\/lv\/wp-json\/wp\/v2\/media?parent=34754"}],"wp:term":[{"taxonomy":"product_brand","embeddable":true,"href":"https:\/\/cosmetic.lv\/lv\/wp-json\/wp\/v2\/product_brand?post=34754"},{"taxonomy":"product_cat","embeddable":true,"href":"https:\/\/cosmetic.lv\/lv\/wp-json\/wp\/v2\/product_cat?post=34754"},{"taxonomy":"product_tag","embeddable":true,"href":"https:\/\/cosmetic.lv\/lv\/wp-json\/wp\/v2\/product_tag?post=34754"}],"curies":[{"name":"wp","href":"https:\/\/api.w.org\/{rel}","templated":true}]}}