{"id":34755,"date":"2021-02-05T22:44:35","date_gmt":"2021-02-06T17:57:13","guid":{"rendered":"https:\/\/damme.lv\/product\/12-14-mm-akmens-naturals-vulkaniska-melna-lava-liela-speka-akmens\/"},"modified":"2021-02-06T19:57:14","modified_gmt":"2021-02-06T17:57:14","slug":"12-14-mm-akmens-naturals-vulkaniska-melna-lava-liela-speka-akmens","status":"publish","type":"product","link":"https:\/\/cosmetic.lv\/lv\/product\/12-14-mm-akmens-naturals-vulkaniska-melna-lava-liela-speka-akmens\/","title":{"rendered":"12-14 mm Akmens natur\u0101ls vulk\u0101niska melna lava &#8211; liela sp\u0113ka akmens"},"content":{"rendered":"<p>Melna lava pal\u012bdz biznes\u0101 virz\u012bties uz priek\u0161u.<br \/>\n\u0100rstniecisk\u0101s \u012bpa\u0161\u012bbas<\/p>\n<p>Juvelierizstr\u0101d\u0101jumi no lavas ir laba d\u0101vana biznesa d\u0101mu, ikvienam, kas veic savu uz\u0146\u0113m\u0113jdarb\u012bbu, un ir atbild\u012bga par rezult\u0101tu. Tie pal\u012bdz\u0113s stingri st\u0101v\u0113t st\u0101vus un virz\u012bties dro\u0161i uz jauniem m\u0113r\u0137iem un galotn\u0113m.<\/p>\n<p>Vulk\u0101na lava un t\u0101 \u0101rstniecisk\u0101s \u012bpa\u0161\u012bbas, ko cilv\u0113ks izmanto kop\u0161 neatminamiem laikiem. \u0160o miner\u0101lu nes sp\u0113ku elementiem, pirmatn\u0113js sp\u0113ku Daba. T\u0101 weaved sp\u0113ku uguns un zeme, \u016bdens un gaiss. Juvelierizstr\u0101d\u0101jumi lava revered vis\u0101m pasaules taut\u0101m k\u0101 vissp\u0113c\u012bg\u0101kais aizsarg\u0101jo\u0161u amuletu un talismanu.<br \/>\nLava &#8211; miner\u0101ls \u0161ama\u0146i, misti\u0137i un gar\u012bgie cien\u012bt\u0101ju. \u0160o miner\u0101lu burvji un al\u0137\u012bmi\u0137i, kuri uzskata, ka vi\u0146u nesaraujam\u0101 saikne ar dabu un sp\u0113j mijiedarboties ar to. lava atn\u0101ca pie mums k\u0101 simbols apzi\u0146as un izpratnes, tas ir k\u0101 magn\u0113ts piesaista cilv\u0113ki, kuriem ir \u012bpa\u0161as sp\u0113jas un d\u0101vanas, dziednieki, karav\u012bri, cilv\u0113ki zina un atkl\u0101t sevi un savu sp\u0113ku no dzi\u013cumiem senatne.<br \/>\nLava ir noder\u012bga ikvienam, kas veic savu uz\u0146\u0113m\u0113jdarb\u012bbu un ir atbild\u012bga par rezult\u0101tu. Tie pal\u012bdz\u0113s stingri st\u0101v\u0113t st\u0101vus un virz\u012bties dro\u0161i uz jauniem m\u0113r\u0137iem un galotn\u0113m.<br \/>\nV\u0113l viens veikls iez\u012bme, kas bija pirms lavas uz to \u012bpa\u0161nieki &#8211; \u0161o vienm\u0113r\u012bbu, elast\u012bba, sp\u0113ja main\u012bt un piel\u0101got, nezaud\u0113jot savu sp\u0113ku, varu, garu un ap\u0146\u0113m\u012bbu.<br \/>\nJa j\u016bs saglab\u0101t lava pie ieejas m\u0101j\u0101 &#8211; tas ietaup\u012bs j\u016bsu m\u0101j\u0101s no iebruc\u0113jiem un jebkuras izpausmes agresijas. M\u012blest\u012bba &#8211; viens no sen\u0101kajiem m\u0101ju noda\u013c\u0101s visas pasaules tautas. Valk\u0101 rotaslietas no lavas piel\u0101go ikviens \u0161os dabas ritmus, dzirdi un izpratni par sevi, sav\u0101m iest\u0101d\u0113m, v\u0113lm\u0113m, dom\u0101m, pl\u0101niem un sap\u0146iem. Ja persona valk\u0101 saasina intuitiveness, sp\u0113ju izprast un pareizi interpret\u0113t zi\u0146as un att\u0113lus no savu intu\u012bciju, zemapzi\u0146u, sap\u0146iem, v\u012bzij\u0101m. Tas att\u012bsta dabas talantus un rado\u0161o dom\u0101\u0161anu, \u013cauj dzi\u013c\u0101k sapl\u016bst ar dabu, ar Visumu un ar savu dzi\u013cu iek\u0161\u0113jo pasauli ar savu dabas gudr\u012bbu, sp\u0113ku un varu.<\/p>\n<p>MEDICAL PROPERTIES<br \/>\nJuvelierizstr\u0101d\u0101jumi lava dot \u0161ai strukt\u016brai ener\u0123iju, kas vajadz\u012bga sevis dziedin\u0101\u0161anas un dziedin\u0101\u0161anas visos l\u012bme\u0146os. No Lava sp\u0113ks pal\u012bdz lietot\u0101jam justies savas saknes un st\u0101v\u0113t stingri uz zemes.<br \/>\nJuvelierizstr\u0101d\u0101jumi lava noder\u012bgi cilv\u0113kiem ar sliktu vesel\u012bbu, tiem, kam nepiecie\u0161ams, lai atp\u016bstos un restart, cilv\u0113ki, kuri ir noguru\u0161i no stresa un slodzes.<\/p>\n","protected":false},"excerpt":{"rendered":"<p>Melna lava pal\u012bdz biznes\u0101 virz\u012bties uz priek\u0161u. \u0100rstniecisk\u0101s \u012bpa\u0161\u012bbas Juvelierizstr\u0101d\u0101jumi no lavas ir laba d\u0101vana biznesa d\u0101mu, ikvienam, kas veic<\/p>\n","protected":false},"featured_media":10937,"template":"","meta":[],"product_brand":[],"product_cat":[2293,2294],"product_tag":[],"class_list":{"0":"post-34755","1":"product","2":"type-product","3":"status-publish","4":"has-post-thumbnail","6":"product_cat-dabiskie-akmeni-rokasspradzess-auskari-gredzeni-lv","7":"product_cat-rokasspradzes-lv-lv-2","9":"first","10":"instock","11":"taxable","12":"shipping-taxable","13":"purchasable","14":"product-type-simple"},"yoast_head":"<!-- This site is optimized with the Yoast SEO Premium plugin v27.0 (Yoast SEO v27.0) - https:\/\/yoast.com\/product\/yoast-seo-premium-wordpress\/ -->\n<title>12-14 mm Akmens natur\u0101ls vulk\u0101niska melna lava - liela sp\u0113ka akmens - cosmetic.lv<\/title>\n<meta name=\"robots\" content=\"index, follow, max-snippet:-1, max-image-preview:large, max-video-preview:-1\" \/>\n<link rel=\"canonical\" href=\"https:\/\/cosmetic.lv\/lv\/product\/12-14-mm-akmens-naturals-vulkaniska-melna-lava-liela-speka-akmens\/\" \/>\n<meta property=\"og:locale\" content=\"lv_LV\" \/>\n<meta property=\"og:type\" content=\"article\" \/>\n<meta property=\"og:title\" content=\"12-14 mm Akmens natur\u0101ls vulk\u0101niska melna lava - liela sp\u0113ka akmens\" \/>\n<meta property=\"og:description\" content=\"Melna lava pal\u012bdz biznes\u0101 virz\u012bties uz priek\u0161u. \u0100rstniecisk\u0101s \u012bpa\u0161\u012bbas Juvelierizstr\u0101d\u0101jumi no lavas ir laba d\u0101vana biznesa d\u0101mu, ikvienam, kas veic\" \/>\n<meta property=\"og:url\" content=\"https:\/\/cosmetic.lv\/lv\/product\/12-14-mm-akmens-naturals-vulkaniska-melna-lava-liela-speka-akmens\/\" \/>\n<meta property=\"og:site_name\" content=\"cosmetic.lv\" \/>\n<meta property=\"article:publisher\" content=\"https:\/\/www.facebook.com\/cosmetic.lv\/\" \/>\n<meta property=\"article:modified_time\" content=\"2021-02-06T17:57:14+00:00\" \/>\n<meta property=\"og:image\" content=\"https:\/\/cosmetic.lv\/wp-content\/uploads\/2021\/02\/20181222_1527591.jpg\" \/>\n\t<meta property=\"og:image:width\" content=\"762\" \/>\n\t<meta property=\"og:image:height\" content=\"600\" \/>\n\t<meta property=\"og:image:type\" content=\"image\/jpeg\" \/>\n<meta name=\"twitter:card\" content=\"summary_large_image\" \/>\n<script type=\"application\/ld+json\" class=\"yoast-schema-graph\">{\"@context\":\"https:\/\/schema.org\",\"@graph\":[{\"@type\":\"WebPage\",\"@id\":\"https:\/\/cosmetic.lv\/lv\/product\/12-14-mm-akmens-naturals-vulkaniska-melna-lava-liela-speka-akmens\/\",\"url\":\"https:\/\/cosmetic.lv\/lv\/product\/12-14-mm-akmens-naturals-vulkaniska-melna-lava-liela-speka-akmens\/\",\"name\":\"12-14 mm Akmens natur\u0101ls vulk\u0101niska melna lava - liela sp\u0113ka akmens - cosmetic.lv\",\"isPartOf\":{\"@id\":\"https:\/\/cosmetic.lv\/lv\/#website\"},\"primaryImageOfPage\":{\"@id\":\"https:\/\/cosmetic.lv\/lv\/product\/12-14-mm-akmens-naturals-vulkaniska-melna-lava-liela-speka-akmens\/#primaryimage\"},\"image\":{\"@id\":\"https:\/\/cosmetic.lv\/lv\/product\/12-14-mm-akmens-naturals-vulkaniska-melna-lava-liela-speka-akmens\/#primaryimage\"},\"thumbnailUrl\":\"https:\/\/cosmetic.lv\/wp-content\/uploads\/2021\/02\/20181222_1527591.jpg\",\"datePublished\":\"2021-02-06T17:57:13+00:00\",\"dateModified\":\"2021-02-06T17:57:14+00:00\",\"breadcrumb\":{\"@id\":\"https:\/\/cosmetic.lv\/lv\/product\/12-14-mm-akmens-naturals-vulkaniska-melna-lava-liela-speka-akmens\/#breadcrumb\"},\"inLanguage\":\"lv-LV\",\"potentialAction\":[{\"@type\":\"ReadAction\",\"target\":[\"https:\/\/cosmetic.lv\/lv\/product\/12-14-mm-akmens-naturals-vulkaniska-melna-lava-liela-speka-akmens\/\"]}]},{\"@type\":\"ImageObject\",\"inLanguage\":\"lv-LV\",\"@id\":\"https:\/\/cosmetic.lv\/lv\/product\/12-14-mm-akmens-naturals-vulkaniska-melna-lava-liela-speka-akmens\/#primaryimage\",\"url\":\"https:\/\/cosmetic.lv\/wp-content\/uploads\/2021\/02\/20181222_1527591.jpg\",\"contentUrl\":\"https:\/\/cosmetic.lv\/wp-content\/uploads\/2021\/02\/20181222_1527591.jpg\",\"width\":762,\"height\":600,\"caption\":\"20181222_152759[1].jpg\"},{\"@type\":\"BreadcrumbList\",\"@id\":\"https:\/\/cosmetic.lv\/lv\/product\/12-14-mm-akmens-naturals-vulkaniska-melna-lava-liela-speka-akmens\/#breadcrumb\",\"itemListElement\":[{\"@type\":\"ListItem\",\"position\":1,\"name\":\"Home\",\"item\":\"https:\/\/cosmetic.lv\/lv\/\"},{\"@type\":\"ListItem\",\"position\":2,\"name\":\"Veikals\",\"item\":\"https:\/\/cosmetic.lv\/lv\/veiklas\/\"},{\"@type\":\"ListItem\",\"position\":3,\"name\":\"12-14 mm Akmens natur\u0101ls vulk\u0101niska melna lava &#8211; liela sp\u0113ka akmens\"}]},{\"@type\":\"WebSite\",\"@id\":\"https:\/\/cosmetic.lv\/lv\/#website\",\"url\":\"https:\/\/cosmetic.lv\/lv\/\",\"name\":\"cosmetic.lv\",\"description\":\"Profesion\u0101la kosm\u0113tika - Maria Galland, Keune, Arkadija, GMT, Guam, Magiray\",\"publisher\":{\"@id\":\"https:\/\/cosmetic.lv\/lv\/#organization\"},\"potentialAction\":[{\"@type\":\"SearchAction\",\"target\":{\"@type\":\"EntryPoint\",\"urlTemplate\":\"https:\/\/cosmetic.lv\/lv\/?s={search_term_string}\"},\"query-input\":{\"@type\":\"PropertyValueSpecification\",\"valueRequired\":true,\"valueName\":\"search_term_string\"}}],\"inLanguage\":\"lv-LV\"},{\"@type\":\"Organization\",\"@id\":\"https:\/\/cosmetic.lv\/lv\/#organization\",\"name\":\"COSMETIC.LV\",\"url\":\"https:\/\/cosmetic.lv\/lv\/\",\"logo\":{\"@type\":\"ImageObject\",\"inLanguage\":\"lv-LV\",\"@id\":\"https:\/\/cosmetic.lv\/lv\/#\/schema\/logo\/image\/\",\"url\":\"https:\/\/cosmetic.lv\/wp-content\/uploads\/2021\/02\/cosmetic.lv_logo.jpg\",\"contentUrl\":\"https:\/\/cosmetic.lv\/wp-content\/uploads\/2021\/02\/cosmetic.lv_logo.jpg\",\"width\":596,\"height\":196,\"caption\":\"COSMETIC.LV\"},\"image\":{\"@id\":\"https:\/\/cosmetic.lv\/lv\/#\/schema\/logo\/image\/\"},\"sameAs\":[\"https:\/\/www.facebook.com\/cosmetic.lv\/\"]}]}<\/script>\n<meta property=\"product:price:amount\" content=\"12.60\" \/>\n<meta property=\"product:price:currency\" content=\"EUR\" \/>\n<meta property=\"og:availability\" content=\"instock\" \/>\n<meta property=\"product:availability\" content=\"instock\" \/>\n<meta property=\"product:retailer_item_id\" content=\"lava\" \/>\n<meta property=\"product:condition\" content=\"new\" \/>\n<!-- \/ Yoast SEO Premium plugin. -->","yoast_head_json":{"title":"12-14 mm Akmens natur\u0101ls vulk\u0101niska melna lava - liela sp\u0113ka akmens - cosmetic.lv","robots":{"index":"index","follow":"follow","max-snippet":"max-snippet:-1","max-image-preview":"max-image-preview:large","max-video-preview":"max-video-preview:-1"},"canonical":"https:\/\/cosmetic.lv\/lv\/product\/12-14-mm-akmens-naturals-vulkaniska-melna-lava-liela-speka-akmens\/","og_locale":"lv_LV","og_type":"article","og_title":"12-14 mm Akmens natur\u0101ls vulk\u0101niska melna lava - liela sp\u0113ka akmens","og_description":"Melna lava pal\u012bdz biznes\u0101 virz\u012bties uz priek\u0161u. \u0100rstniecisk\u0101s \u012bpa\u0161\u012bbas Juvelierizstr\u0101d\u0101jumi no lavas ir laba d\u0101vana biznesa d\u0101mu, ikvienam, kas veic","og_url":"https:\/\/cosmetic.lv\/lv\/product\/12-14-mm-akmens-naturals-vulkaniska-melna-lava-liela-speka-akmens\/","og_site_name":"cosmetic.lv","article_publisher":"https:\/\/www.facebook.com\/cosmetic.lv\/","article_modified_time":"2021-02-06T17:57:14+00:00","og_image":[{"width":762,"height":600,"url":"https:\/\/cosmetic.lv\/wp-content\/uploads\/2021\/02\/20181222_1527591.jpg","type":"image\/jpeg"}],"twitter_card":"summary_large_image","schema":{"@context":"https:\/\/schema.org","@graph":[{"@type":"WebPage","@id":"https:\/\/cosmetic.lv\/lv\/product\/12-14-mm-akmens-naturals-vulkaniska-melna-lava-liela-speka-akmens\/","url":"https:\/\/cosmetic.lv\/lv\/product\/12-14-mm-akmens-naturals-vulkaniska-melna-lava-liela-speka-akmens\/","name":"12-14 mm Akmens natur\u0101ls vulk\u0101niska melna lava - liela sp\u0113ka akmens - cosmetic.lv","isPartOf":{"@id":"https:\/\/cosmetic.lv\/lv\/#website"},"primaryImageOfPage":{"@id":"https:\/\/cosmetic.lv\/lv\/product\/12-14-mm-akmens-naturals-vulkaniska-melna-lava-liela-speka-akmens\/#primaryimage"},"image":{"@id":"https:\/\/cosmetic.lv\/lv\/product\/12-14-mm-akmens-naturals-vulkaniska-melna-lava-liela-speka-akmens\/#primaryimage"},"thumbnailUrl":"https:\/\/cosmetic.lv\/wp-content\/uploads\/2021\/02\/20181222_1527591.jpg","datePublished":"2021-02-06T17:57:13+00:00","dateModified":"2021-02-06T17:57:14+00:00","breadcrumb":{"@id":"https:\/\/cosmetic.lv\/lv\/product\/12-14-mm-akmens-naturals-vulkaniska-melna-lava-liela-speka-akmens\/#breadcrumb"},"inLanguage":"lv-LV","potentialAction":[{"@type":"ReadAction","target":["https:\/\/cosmetic.lv\/lv\/product\/12-14-mm-akmens-naturals-vulkaniska-melna-lava-liela-speka-akmens\/"]}]},{"@type":"ImageObject","inLanguage":"lv-LV","@id":"https:\/\/cosmetic.lv\/lv\/product\/12-14-mm-akmens-naturals-vulkaniska-melna-lava-liela-speka-akmens\/#primaryimage","url":"https:\/\/cosmetic.lv\/wp-content\/uploads\/2021\/02\/20181222_1527591.jpg","contentUrl":"https:\/\/cosmetic.lv\/wp-content\/uploads\/2021\/02\/20181222_1527591.jpg","width":762,"height":600,"caption":"20181222_152759[1].jpg"},{"@type":"BreadcrumbList","@id":"https:\/\/cosmetic.lv\/lv\/product\/12-14-mm-akmens-naturals-vulkaniska-melna-lava-liela-speka-akmens\/#breadcrumb","itemListElement":[{"@type":"ListItem","position":1,"name":"Home","item":"https:\/\/cosmetic.lv\/lv\/"},{"@type":"ListItem","position":2,"name":"Veikals","item":"https:\/\/cosmetic.lv\/lv\/veiklas\/"},{"@type":"ListItem","position":3,"name":"12-14 mm Akmens natur\u0101ls vulk\u0101niska melna lava &#8211; liela sp\u0113ka akmens"}]},{"@type":"WebSite","@id":"https:\/\/cosmetic.lv\/lv\/#website","url":"https:\/\/cosmetic.lv\/lv\/","name":"cosmetic.lv","description":"Profesion\u0101la kosm\u0113tika - Maria Galland, Keune, Arkadija, GMT, Guam, Magiray","publisher":{"@id":"https:\/\/cosmetic.lv\/lv\/#organization"},"potentialAction":[{"@type":"SearchAction","target":{"@type":"EntryPoint","urlTemplate":"https:\/\/cosmetic.lv\/lv\/?s={search_term_string}"},"query-input":{"@type":"PropertyValueSpecification","valueRequired":true,"valueName":"search_term_string"}}],"inLanguage":"lv-LV"},{"@type":"Organization","@id":"https:\/\/cosmetic.lv\/lv\/#organization","name":"COSMETIC.LV","url":"https:\/\/cosmetic.lv\/lv\/","logo":{"@type":"ImageObject","inLanguage":"lv-LV","@id":"https:\/\/cosmetic.lv\/lv\/#\/schema\/logo\/image\/","url":"https:\/\/cosmetic.lv\/wp-content\/uploads\/2021\/02\/cosmetic.lv_logo.jpg","contentUrl":"https:\/\/cosmetic.lv\/wp-content\/uploads\/2021\/02\/cosmetic.lv_logo.jpg","width":596,"height":196,"caption":"COSMETIC.LV"},"image":{"@id":"https:\/\/cosmetic.lv\/lv\/#\/schema\/logo\/image\/"},"sameAs":["https:\/\/www.facebook.com\/cosmetic.lv\/"]}]},"product_price_amount":"12.60","product_price_currency":"EUR","og_availability":"instock","product_availability":"instock","product_retailer_item_id":"lava","product_condition":"new"},"_links":{"self":[{"href":"https:\/\/cosmetic.lv\/lv\/wp-json\/wp\/v2\/product\/34755","targetHints":{"allow":["GET"]}}],"collection":[{"href":"https:\/\/cosmetic.lv\/lv\/wp-json\/wp\/v2\/product"}],"about":[{"href":"https:\/\/cosmetic.lv\/lv\/wp-json\/wp\/v2\/types\/product"}],"wp:featuredmedia":[{"embeddable":true,"href":"https:\/\/cosmetic.lv\/lv\/wp-json\/wp\/v2\/media\/10937"}],"wp:attachment":[{"href":"https:\/\/cosmetic.lv\/lv\/wp-json\/wp\/v2\/media?parent=34755"}],"wp:term":[{"taxonomy":"product_brand","embeddable":true,"href":"https:\/\/cosmetic.lv\/lv\/wp-json\/wp\/v2\/product_brand?post=34755"},{"taxonomy":"product_cat","embeddable":true,"href":"https:\/\/cosmetic.lv\/lv\/wp-json\/wp\/v2\/product_cat?post=34755"},{"taxonomy":"product_tag","embeddable":true,"href":"https:\/\/cosmetic.lv\/lv\/wp-json\/wp\/v2\/product_tag?post=34755"}],"curies":[{"name":"wp","href":"https:\/\/api.w.org\/{rel}","templated":true}]}}