{"id":34761,"date":"2021-02-05T22:44:35","date_gmt":"2021-02-06T17:57:13","guid":{"rendered":"https:\/\/damme.lv\/product\/dabiks-akmens-auskari\/"},"modified":"2021-02-06T19:57:18","modified_gmt":"2021-02-06T17:57:18","slug":"dabiks-akmens-auskari","status":"publish","type":"product","link":"https:\/\/cosmetic.lv\/lv\/product\/dabiks-akmens-auskari\/","title":{"rendered":"Dabiks akmens auskari"},"content":{"rendered":"<p><!DOCTYPE html PUBLIC &quot;-\/\/W3C\/\/DTD XHTML 1.0 Transitional\/\/EN&quot; &quot;http:\/\/www.w3.org\/TR\/xhtml1\/DTD\/xhtml1-transitional.dtd&quot;><br \/>\n<html><br \/>\n<head><br \/>\n<title>Untitled document<\/title><br \/>\n<\/head><br \/>\n<body><\/p>\n<p>Nodro&scaron;ina aizsardz\u012bbu no negat\u012bviem apst\u0101k\u013ciem. Vesel\u012bbai. Ah\u0101ts &ndash; halcedona paveids. B\u016btisk\u0101k\u0101s \u012bpa&scaron;\u012bbas ir: I\u0146 un Ja\u0146 ener\u0123ijas balans\u0113&scaron;ana, drosme, aizsardz\u012bba, dziedin\u0101&scaron;ana un mierin\u0101&scaron;ana. Ah\u0101ts ir sp\u0113ka un harmonijas akmens. Stiprina intelektu, palielina koncentr\u0113&scaron;an\u0101s un anal\u012btisk\u0101s sp\u0113jas (\u012bpa&scaron;i noder\u012bgs studentiem, aktieriem), nes veiksmi, palielina ener\u0123iju, iezem\u0113. Veicina ilgm\u016b\u017e\u012bbu. Sniedz emocion\u0101lu sp\u0113ku, klied\u0113 bailes, mazina stresu. Uzlabo attiec\u012bbas, t\u012bra un stabiliz\u0113 auru no\u0146emot vai transform\u0113jot negat\u012bvo ener\u0123iju. Rada dro&scaron;\u012bbas saj\u016btu. Fiziski pal\u012bdz zobiem, pie smaganu, acu, dzemdes, ku\u0146\u0123a un kakla slim\u012bb\u0101m, k\u0101 ar\u012b pret bezmiegu. Stiprina asinsvadus, att\u012bra limf\u0101tisko sist\u0113mu un pal\u012bdz dzied\u0113t \u0101das kaites. Var pielietot pie ilgsto&scaron;a klepus, mazina krampjus, pal\u012bdz pasarg\u0101t no infekcij\u0101m. Akme\u0146u dziedniecisk\u0101s un ma\u0123isk\u0101s \u012bpa&scaron;\u012bbas Ah\u0101ts &#8211; k\u0101rtains daudzsl\u0101\u0146ains krist\u0101ls, da\u017e\u0101d\u0101s kr\u0101s\u0101s, sv\u012btrains ar \u012bpatn\u0113ju un savdab\u012bgu rakstu. Dab\u0101 sastopami ir visda\u017e\u0101d\u0101ko nokr\u0101su ah\u0101ti. Ah\u0101ts att\u012bra un stabiliz\u0113 auru, izn\u012bcina visu negat\u012bvo. &Scaron;is unk\u0101lais akmens sp\u0113j br\u012bdin\u0101t savu n\u0113s\u0101t\u0101ju no nepatik&scaron;an\u0101m, briesm\u0101m un sliktiem cilv\u0113kiem,-akmens vienk\u0101r&scaron;i uz neilgu laiku k\u013c\u016bst silts. Ah\u0101ts sp\u0113j piesaist\u012bt sp\u0113ku, aizsarg\u0101t no stresa un ener\u0123ijas zaud\u0113&scaron;anas. Litoterapevti apgalvo, ka ah\u0101ts ir sp\u0113j\u012bgs pal\u012bdz\u0113t sav\u0113jam \u012bpa&scaron;niekam tikt gal\u0101 ar daudz\u0101m kait\u0113m. Vajag tikai vi\u0146u pareizi n\u0113s\u0101t. agats Piem\u0113ram, pie savil\u010du klepus, ang\u012bnai vi\u0146u n\u0113s\u0101 kre\u013c\u013cu veid\u0101, pie at&scaron;\u0137ir\u012bgu zobu saslim&scaron;anu &mdash; auskaru veid\u0101. Pie podagras, loc\u012btavu slim\u012bbas uzvelk ah\u0101tu aproces. Gredzenu ar ah\u0101tu zelt\u0101 n\u0113s\u0101 uz kreisas rokas tie, kas cie&scaron; ar sirds saslim&scaron;an\u0101m; uz labas rokas vid\u0113ja pirksta &mdash; \u013caudis, kas ir sliec\u012bgi pie hist\u0113ri\u0137iem, cie&scaron; no bezmiega un nepamatot\u0101m bail\u0113m. 4.5 cm<\/p>\n<p><\/body><br \/>\n<\/html><\/p>\n","protected":false},"excerpt":{"rendered":"<p>Untitled document Nodro&scaron;ina aizsardz\u012bbu no negat\u012bviem apst\u0101k\u013ciem. Vesel\u012bbai. Ah\u0101ts &ndash; halcedona paveids. B\u016btisk\u0101k\u0101s \u012bpa&scaron;\u012bbas ir: I\u0146 un Ja\u0146 ener\u0123ijas balans\u0113&scaron;ana,<\/p>\n","protected":false},"featured_media":10955,"template":"","meta":[],"product_brand":[],"product_cat":[2293,2297],"product_tag":[],"class_list":{"0":"post-34761","1":"product","2":"type-product","3":"status-publish","4":"has-post-thumbnail","6":"product_cat-dabiskie-akmeni-rokasspradzess-auskari-gredzeni-lv","7":"product_cat-auskari-lv-lv-3","9":"first","10":"instock","11":"taxable","12":"shipping-taxable","13":"purchasable","14":"product-type-simple"},"yoast_head":"<!-- This site is optimized with the Yoast SEO Premium plugin v27.0 (Yoast SEO v27.0) - https:\/\/yoast.com\/product\/yoast-seo-premium-wordpress\/ -->\n<title>Dabiks akmens auskari - cosmetic.lv<\/title>\n<meta name=\"robots\" content=\"index, follow, max-snippet:-1, max-image-preview:large, max-video-preview:-1\" \/>\n<link rel=\"canonical\" href=\"https:\/\/cosmetic.lv\/lv\/product\/dabiks-akmens-auskari\/\" \/>\n<meta property=\"og:locale\" content=\"lv_LV\" \/>\n<meta property=\"og:type\" content=\"article\" \/>\n<meta property=\"og:title\" content=\"Dabiks akmens auskari\" \/>\n<meta property=\"og:description\" content=\"Untitled document Nodro&scaron;ina aizsardz\u012bbu no negat\u012bviem apst\u0101k\u013ciem. Vesel\u012bbai. Ah\u0101ts &ndash; halcedona paveids. B\u016btisk\u0101k\u0101s \u012bpa&scaron;\u012bbas ir: I\u0146 un Ja\u0146 ener\u0123ijas balans\u0113&scaron;ana,\" \/>\n<meta property=\"og:url\" content=\"https:\/\/cosmetic.lv\/lv\/product\/dabiks-akmens-auskari\/\" \/>\n<meta property=\"og:site_name\" content=\"cosmetic.lv\" \/>\n<meta property=\"article:publisher\" content=\"https:\/\/www.facebook.com\/cosmetic.lv\/\" \/>\n<meta property=\"article:modified_time\" content=\"2021-02-06T17:57:18+00:00\" \/>\n<meta property=\"og:image\" content=\"https:\/\/cosmetic.lv\/wp-content\/uploads\/2021\/02\/moon-girlse.jpg\" \/>\n\t<meta property=\"og:image:width\" content=\"800\" \/>\n\t<meta property=\"og:image:height\" content=\"800\" \/>\n\t<meta property=\"og:image:type\" content=\"image\/jpeg\" \/>\n<meta name=\"twitter:card\" content=\"summary_large_image\" \/>\n<script type=\"application\/ld+json\" class=\"yoast-schema-graph\">{\"@context\":\"https:\/\/schema.org\",\"@graph\":[{\"@type\":\"WebPage\",\"@id\":\"https:\/\/cosmetic.lv\/lv\/product\/dabiks-akmens-auskari\/\",\"url\":\"https:\/\/cosmetic.lv\/lv\/product\/dabiks-akmens-auskari\/\",\"name\":\"Dabiks akmens auskari - cosmetic.lv\",\"isPartOf\":{\"@id\":\"https:\/\/cosmetic.lv\/lv\/#website\"},\"primaryImageOfPage\":{\"@id\":\"https:\/\/cosmetic.lv\/lv\/product\/dabiks-akmens-auskari\/#primaryimage\"},\"image\":{\"@id\":\"https:\/\/cosmetic.lv\/lv\/product\/dabiks-akmens-auskari\/#primaryimage\"},\"thumbnailUrl\":\"https:\/\/cosmetic.lv\/wp-content\/uploads\/2021\/02\/moon-girlse.jpg\",\"datePublished\":\"2021-02-06T17:57:13+00:00\",\"dateModified\":\"2021-02-06T17:57:18+00:00\",\"breadcrumb\":{\"@id\":\"https:\/\/cosmetic.lv\/lv\/product\/dabiks-akmens-auskari\/#breadcrumb\"},\"inLanguage\":\"lv-LV\",\"potentialAction\":[{\"@type\":\"ReadAction\",\"target\":[\"https:\/\/cosmetic.lv\/lv\/product\/dabiks-akmens-auskari\/\"]}]},{\"@type\":\"ImageObject\",\"inLanguage\":\"lv-LV\",\"@id\":\"https:\/\/cosmetic.lv\/lv\/product\/dabiks-akmens-auskari\/#primaryimage\",\"url\":\"https:\/\/cosmetic.lv\/wp-content\/uploads\/2021\/02\/moon-girlse.jpg\",\"contentUrl\":\"https:\/\/cosmetic.lv\/wp-content\/uploads\/2021\/02\/moon-girlse.jpg\",\"width\":800,\"height\":800,\"caption\":\"MOON-GIRLse.jpg\"},{\"@type\":\"BreadcrumbList\",\"@id\":\"https:\/\/cosmetic.lv\/lv\/product\/dabiks-akmens-auskari\/#breadcrumb\",\"itemListElement\":[{\"@type\":\"ListItem\",\"position\":1,\"name\":\"Home\",\"item\":\"https:\/\/cosmetic.lv\/lv\/\"},{\"@type\":\"ListItem\",\"position\":2,\"name\":\"Veikals\",\"item\":\"https:\/\/cosmetic.lv\/lv\/veiklas\/\"},{\"@type\":\"ListItem\",\"position\":3,\"name\":\"Dabiks akmens auskari\"}]},{\"@type\":\"WebSite\",\"@id\":\"https:\/\/cosmetic.lv\/lv\/#website\",\"url\":\"https:\/\/cosmetic.lv\/lv\/\",\"name\":\"cosmetic.lv\",\"description\":\"Profesion\u0101la kosm\u0113tika - Maria Galland, Keune, Arkadija, GMT, Guam, Magiray\",\"publisher\":{\"@id\":\"https:\/\/cosmetic.lv\/lv\/#organization\"},\"potentialAction\":[{\"@type\":\"SearchAction\",\"target\":{\"@type\":\"EntryPoint\",\"urlTemplate\":\"https:\/\/cosmetic.lv\/lv\/?s={search_term_string}\"},\"query-input\":{\"@type\":\"PropertyValueSpecification\",\"valueRequired\":true,\"valueName\":\"search_term_string\"}}],\"inLanguage\":\"lv-LV\"},{\"@type\":\"Organization\",\"@id\":\"https:\/\/cosmetic.lv\/lv\/#organization\",\"name\":\"COSMETIC.LV\",\"url\":\"https:\/\/cosmetic.lv\/lv\/\",\"logo\":{\"@type\":\"ImageObject\",\"inLanguage\":\"lv-LV\",\"@id\":\"https:\/\/cosmetic.lv\/lv\/#\/schema\/logo\/image\/\",\"url\":\"https:\/\/cosmetic.lv\/wp-content\/uploads\/2021\/02\/cosmetic.lv_logo.jpg\",\"contentUrl\":\"https:\/\/cosmetic.lv\/wp-content\/uploads\/2021\/02\/cosmetic.lv_logo.jpg\",\"width\":596,\"height\":196,\"caption\":\"COSMETIC.LV\"},\"image\":{\"@id\":\"https:\/\/cosmetic.lv\/lv\/#\/schema\/logo\/image\/\"},\"sameAs\":[\"https:\/\/www.facebook.com\/cosmetic.lv\/\"]}]}<\/script>\n<meta property=\"product:price:amount\" content=\"7.56\" \/>\n<meta property=\"product:price:currency\" content=\"EUR\" \/>\n<meta property=\"og:availability\" content=\"instock\" \/>\n<meta property=\"product:availability\" content=\"instock\" \/>\n<meta property=\"product:retailer_item_id\" content=\"aha\" \/>\n<meta property=\"product:condition\" content=\"new\" \/>\n<!-- \/ Yoast SEO Premium plugin. -->","yoast_head_json":{"title":"Dabiks akmens auskari - cosmetic.lv","robots":{"index":"index","follow":"follow","max-snippet":"max-snippet:-1","max-image-preview":"max-image-preview:large","max-video-preview":"max-video-preview:-1"},"canonical":"https:\/\/cosmetic.lv\/lv\/product\/dabiks-akmens-auskari\/","og_locale":"lv_LV","og_type":"article","og_title":"Dabiks akmens auskari","og_description":"Untitled document Nodro&scaron;ina aizsardz\u012bbu no negat\u012bviem apst\u0101k\u013ciem. Vesel\u012bbai. Ah\u0101ts &ndash; halcedona paveids. B\u016btisk\u0101k\u0101s \u012bpa&scaron;\u012bbas ir: I\u0146 un Ja\u0146 ener\u0123ijas balans\u0113&scaron;ana,","og_url":"https:\/\/cosmetic.lv\/lv\/product\/dabiks-akmens-auskari\/","og_site_name":"cosmetic.lv","article_publisher":"https:\/\/www.facebook.com\/cosmetic.lv\/","article_modified_time":"2021-02-06T17:57:18+00:00","og_image":[{"width":800,"height":800,"url":"https:\/\/cosmetic.lv\/wp-content\/uploads\/2021\/02\/moon-girlse.jpg","type":"image\/jpeg"}],"twitter_card":"summary_large_image","schema":{"@context":"https:\/\/schema.org","@graph":[{"@type":"WebPage","@id":"https:\/\/cosmetic.lv\/lv\/product\/dabiks-akmens-auskari\/","url":"https:\/\/cosmetic.lv\/lv\/product\/dabiks-akmens-auskari\/","name":"Dabiks akmens auskari - cosmetic.lv","isPartOf":{"@id":"https:\/\/cosmetic.lv\/lv\/#website"},"primaryImageOfPage":{"@id":"https:\/\/cosmetic.lv\/lv\/product\/dabiks-akmens-auskari\/#primaryimage"},"image":{"@id":"https:\/\/cosmetic.lv\/lv\/product\/dabiks-akmens-auskari\/#primaryimage"},"thumbnailUrl":"https:\/\/cosmetic.lv\/wp-content\/uploads\/2021\/02\/moon-girlse.jpg","datePublished":"2021-02-06T17:57:13+00:00","dateModified":"2021-02-06T17:57:18+00:00","breadcrumb":{"@id":"https:\/\/cosmetic.lv\/lv\/product\/dabiks-akmens-auskari\/#breadcrumb"},"inLanguage":"lv-LV","potentialAction":[{"@type":"ReadAction","target":["https:\/\/cosmetic.lv\/lv\/product\/dabiks-akmens-auskari\/"]}]},{"@type":"ImageObject","inLanguage":"lv-LV","@id":"https:\/\/cosmetic.lv\/lv\/product\/dabiks-akmens-auskari\/#primaryimage","url":"https:\/\/cosmetic.lv\/wp-content\/uploads\/2021\/02\/moon-girlse.jpg","contentUrl":"https:\/\/cosmetic.lv\/wp-content\/uploads\/2021\/02\/moon-girlse.jpg","width":800,"height":800,"caption":"MOON-GIRLse.jpg"},{"@type":"BreadcrumbList","@id":"https:\/\/cosmetic.lv\/lv\/product\/dabiks-akmens-auskari\/#breadcrumb","itemListElement":[{"@type":"ListItem","position":1,"name":"Home","item":"https:\/\/cosmetic.lv\/lv\/"},{"@type":"ListItem","position":2,"name":"Veikals","item":"https:\/\/cosmetic.lv\/lv\/veiklas\/"},{"@type":"ListItem","position":3,"name":"Dabiks akmens auskari"}]},{"@type":"WebSite","@id":"https:\/\/cosmetic.lv\/lv\/#website","url":"https:\/\/cosmetic.lv\/lv\/","name":"cosmetic.lv","description":"Profesion\u0101la kosm\u0113tika - Maria Galland, Keune, Arkadija, GMT, Guam, Magiray","publisher":{"@id":"https:\/\/cosmetic.lv\/lv\/#organization"},"potentialAction":[{"@type":"SearchAction","target":{"@type":"EntryPoint","urlTemplate":"https:\/\/cosmetic.lv\/lv\/?s={search_term_string}"},"query-input":{"@type":"PropertyValueSpecification","valueRequired":true,"valueName":"search_term_string"}}],"inLanguage":"lv-LV"},{"@type":"Organization","@id":"https:\/\/cosmetic.lv\/lv\/#organization","name":"COSMETIC.LV","url":"https:\/\/cosmetic.lv\/lv\/","logo":{"@type":"ImageObject","inLanguage":"lv-LV","@id":"https:\/\/cosmetic.lv\/lv\/#\/schema\/logo\/image\/","url":"https:\/\/cosmetic.lv\/wp-content\/uploads\/2021\/02\/cosmetic.lv_logo.jpg","contentUrl":"https:\/\/cosmetic.lv\/wp-content\/uploads\/2021\/02\/cosmetic.lv_logo.jpg","width":596,"height":196,"caption":"COSMETIC.LV"},"image":{"@id":"https:\/\/cosmetic.lv\/lv\/#\/schema\/logo\/image\/"},"sameAs":["https:\/\/www.facebook.com\/cosmetic.lv\/"]}]},"product_price_amount":"7.56","product_price_currency":"EUR","og_availability":"instock","product_availability":"instock","product_retailer_item_id":"aha","product_condition":"new"},"_links":{"self":[{"href":"https:\/\/cosmetic.lv\/lv\/wp-json\/wp\/v2\/product\/34761","targetHints":{"allow":["GET"]}}],"collection":[{"href":"https:\/\/cosmetic.lv\/lv\/wp-json\/wp\/v2\/product"}],"about":[{"href":"https:\/\/cosmetic.lv\/lv\/wp-json\/wp\/v2\/types\/product"}],"wp:featuredmedia":[{"embeddable":true,"href":"https:\/\/cosmetic.lv\/lv\/wp-json\/wp\/v2\/media\/10955"}],"wp:attachment":[{"href":"https:\/\/cosmetic.lv\/lv\/wp-json\/wp\/v2\/media?parent=34761"}],"wp:term":[{"taxonomy":"product_brand","embeddable":true,"href":"https:\/\/cosmetic.lv\/lv\/wp-json\/wp\/v2\/product_brand?post=34761"},{"taxonomy":"product_cat","embeddable":true,"href":"https:\/\/cosmetic.lv\/lv\/wp-json\/wp\/v2\/product_cat?post=34761"},{"taxonomy":"product_tag","embeddable":true,"href":"https:\/\/cosmetic.lv\/lv\/wp-json\/wp\/v2\/product_tag?post=34761"}],"curies":[{"name":"wp","href":"https:\/\/api.w.org\/{rel}","templated":true}]}}