{"id":34781,"date":"2021-02-05T22:44:45","date_gmt":"2021-02-06T17:57:28","guid":{"rendered":"https:\/\/damme.lv\/product\/keune-care-miracle-elixir-concentrated-keratin-booster\/"},"modified":"2021-02-06T19:57:32","modified_gmt":"2021-02-06T17:57:32","slug":"keune-care-miracle-elixir-concentrated-keratin-booster","status":"publish","type":"product","link":"https:\/\/cosmetic.lv\/lv\/product\/keune-care-miracle-elixir-concentrated-keratin-booster\/","title":{"rendered":"KEUNE Care Miracle Elixir Concentrated Keratin Booster"},"content":{"rendered":"<p>KEUNE Care Miracle Elixir koncentr\u0113ts kerat\u012bna pastiprin\u0101t\u0101js &#8211; kerat\u012bna pastiprin\u0101t\u0101js<\/p>\n<p>Miracle Elixir &#8211; dzi\u013ci mitrino\u0161s un atjaunojo\u0161s kop\u0161anas l\u012bdzeklis boj\u0101tiem matiem. P\u0113c kerat\u012bna bag\u0101ta Miracle Elixir lieto\u0161anas boj\u0101to matu iek\u0161\u0113jo strukt\u016bru atjauno par 80%. T\u0101 rezult\u0101t\u0101, 2 reizes vair\u0101k m\u012bkstu matu.<\/p>\n<p>Tas sast\u0101v no kompleksa kerat\u012bna mais\u012bjuma (kerat\u012bns, hidroliz\u0113ts kerat\u012bns, oksid\u0113ts kerat\u012bns), kas, pateicoties Zipper tehnolo\u0123ijai (zibens tehnolo\u0123ija), rada dab\u012bg\u0101 kerat\u012bna efektu matos un atjauno matus iek\u0161pus\u0113 un \u0101r\u0101.<\/p>\n<p>K\u0101 lietot: samaisa ar maska, kas \u012bpa\u0161i izstr\u0101d\u0101ta individu\u0101lu matu probl\u0113mu risin\u0101\u0161anai.<\/p>\n<p>Iepakojums: 15 devas 2 ml<\/p>\n","protected":false},"excerpt":{"rendered":"<p>KEUNE Care Miracle Elixir koncentr\u0113ts kerat\u012bna pastiprin\u0101t\u0101js &#8211; kerat\u012bna pastiprin\u0101t\u0101js Miracle Elixir &#8211; dzi\u013ci mitrino\u0161s un atjaunojo\u0161s kop\u0161anas l\u012bdzeklis boj\u0101tiem<\/p>\n","protected":false},"featured_media":17387,"template":"","meta":[],"product_brand":[],"product_cat":[2258,2268,2272],"product_tag":[],"class_list":{"0":"post-34781","1":"product","2":"type-product","3":"status-publish","4":"has-post-thumbnail","6":"product_cat-profesionala-kosmetika-matiem-lv","7":"product_cat-keune-professional-lv-lv","8":"product_cat-kopsana-lv","10":"first","11":"outofstock","12":"taxable","13":"shipping-taxable","14":"purchasable","15":"product-type-simple"},"yoast_head":"<!-- This site is optimized with the Yoast SEO Premium plugin v27.0 (Yoast SEO v27.0) - https:\/\/yoast.com\/product\/yoast-seo-premium-wordpress\/ -->\n<title>KEUNE Care Miracle Elixir Concentrated Keratin Booster - cosmetic.lv<\/title>\n<meta name=\"robots\" content=\"index, follow, max-snippet:-1, max-image-preview:large, max-video-preview:-1\" \/>\n<link rel=\"canonical\" href=\"https:\/\/cosmetic.lv\/lv\/product\/keune-care-miracle-elixir-concentrated-keratin-booster\/\" \/>\n<meta property=\"og:locale\" content=\"lv_LV\" \/>\n<meta property=\"og:type\" content=\"article\" \/>\n<meta property=\"og:title\" content=\"KEUNE Care Miracle Elixir Concentrated Keratin Booster\" \/>\n<meta property=\"og:description\" content=\"KEUNE Care Miracle Elixir koncentr\u0113ts kerat\u012bna pastiprin\u0101t\u0101js &#8211; kerat\u012bna pastiprin\u0101t\u0101js Miracle Elixir &#8211; dzi\u013ci mitrino\u0161s un atjaunojo\u0161s kop\u0161anas l\u012bdzeklis boj\u0101tiem\" \/>\n<meta property=\"og:url\" content=\"https:\/\/cosmetic.lv\/lv\/product\/keune-care-miracle-elixir-concentrated-keratin-booster\/\" \/>\n<meta property=\"og:site_name\" content=\"cosmetic.lv\" \/>\n<meta property=\"article:publisher\" content=\"https:\/\/www.facebook.com\/cosmetic.lv\/\" \/>\n<meta property=\"article:modified_time\" content=\"2021-02-06T17:57:32+00:00\" \/>\n<meta property=\"og:image\" content=\"https:\/\/cosmetic.lv\/wp-content\/uploads\/2021\/02\/53643_111512413182_full-4.jpg\" \/>\n\t<meta property=\"og:image:width\" content=\"1084\" \/>\n\t<meta property=\"og:image:height\" content=\"704\" \/>\n\t<meta property=\"og:image:type\" content=\"image\/jpeg\" \/>\n<meta name=\"twitter:card\" content=\"summary_large_image\" \/>\n<script type=\"application\/ld+json\" class=\"yoast-schema-graph\">{\"@context\":\"https:\/\/schema.org\",\"@graph\":[{\"@type\":\"WebPage\",\"@id\":\"https:\/\/cosmetic.lv\/lv\/product\/keune-care-miracle-elixir-concentrated-keratin-booster\/\",\"url\":\"https:\/\/cosmetic.lv\/lv\/product\/keune-care-miracle-elixir-concentrated-keratin-booster\/\",\"name\":\"KEUNE Care Miracle Elixir Concentrated Keratin Booster - cosmetic.lv\",\"isPartOf\":{\"@id\":\"https:\/\/cosmetic.lv\/lv\/#website\"},\"primaryImageOfPage\":{\"@id\":\"https:\/\/cosmetic.lv\/lv\/product\/keune-care-miracle-elixir-concentrated-keratin-booster\/#primaryimage\"},\"image\":{\"@id\":\"https:\/\/cosmetic.lv\/lv\/product\/keune-care-miracle-elixir-concentrated-keratin-booster\/#primaryimage\"},\"thumbnailUrl\":\"https:\/\/cosmetic.lv\/wp-content\/uploads\/2021\/02\/53643_111512413182_full-4.jpg\",\"datePublished\":\"2021-02-06T17:57:28+00:00\",\"dateModified\":\"2021-02-06T17:57:32+00:00\",\"breadcrumb\":{\"@id\":\"https:\/\/cosmetic.lv\/lv\/product\/keune-care-miracle-elixir-concentrated-keratin-booster\/#breadcrumb\"},\"inLanguage\":\"lv-LV\",\"potentialAction\":[{\"@type\":\"ReadAction\",\"target\":[\"https:\/\/cosmetic.lv\/lv\/product\/keune-care-miracle-elixir-concentrated-keratin-booster\/\"]}]},{\"@type\":\"ImageObject\",\"inLanguage\":\"lv-LV\",\"@id\":\"https:\/\/cosmetic.lv\/lv\/product\/keune-care-miracle-elixir-concentrated-keratin-booster\/#primaryimage\",\"url\":\"https:\/\/cosmetic.lv\/wp-content\/uploads\/2021\/02\/53643_111512413182_full-4.jpg\",\"contentUrl\":\"https:\/\/cosmetic.lv\/wp-content\/uploads\/2021\/02\/53643_111512413182_full-4.jpg\",\"width\":1084,\"height\":704,\"caption\":\"53643_111512413182_full.jpg\"},{\"@type\":\"BreadcrumbList\",\"@id\":\"https:\/\/cosmetic.lv\/lv\/product\/keune-care-miracle-elixir-concentrated-keratin-booster\/#breadcrumb\",\"itemListElement\":[{\"@type\":\"ListItem\",\"position\":1,\"name\":\"Home\",\"item\":\"https:\/\/cosmetic.lv\/lv\/\"},{\"@type\":\"ListItem\",\"position\":2,\"name\":\"Veikals\",\"item\":\"https:\/\/cosmetic.lv\/lv\/veiklas\/\"},{\"@type\":\"ListItem\",\"position\":3,\"name\":\"KEUNE Care Miracle Elixir Concentrated Keratin Booster\"}]},{\"@type\":\"WebSite\",\"@id\":\"https:\/\/cosmetic.lv\/lv\/#website\",\"url\":\"https:\/\/cosmetic.lv\/lv\/\",\"name\":\"cosmetic.lv\",\"description\":\"Profesion\u0101la kosm\u0113tika - Maria Galland, Keune, Arkadija, GMT, Guam, Magiray\",\"publisher\":{\"@id\":\"https:\/\/cosmetic.lv\/lv\/#organization\"},\"potentialAction\":[{\"@type\":\"SearchAction\",\"target\":{\"@type\":\"EntryPoint\",\"urlTemplate\":\"https:\/\/cosmetic.lv\/lv\/?s={search_term_string}\"},\"query-input\":{\"@type\":\"PropertyValueSpecification\",\"valueRequired\":true,\"valueName\":\"search_term_string\"}}],\"inLanguage\":\"lv-LV\"},{\"@type\":\"Organization\",\"@id\":\"https:\/\/cosmetic.lv\/lv\/#organization\",\"name\":\"COSMETIC.LV\",\"url\":\"https:\/\/cosmetic.lv\/lv\/\",\"logo\":{\"@type\":\"ImageObject\",\"inLanguage\":\"lv-LV\",\"@id\":\"https:\/\/cosmetic.lv\/lv\/#\/schema\/logo\/image\/\",\"url\":\"https:\/\/cosmetic.lv\/wp-content\/uploads\/2021\/02\/cosmetic.lv_logo.jpg\",\"contentUrl\":\"https:\/\/cosmetic.lv\/wp-content\/uploads\/2021\/02\/cosmetic.lv_logo.jpg\",\"width\":596,\"height\":196,\"caption\":\"COSMETIC.LV\"},\"image\":{\"@id\":\"https:\/\/cosmetic.lv\/lv\/#\/schema\/logo\/image\/\"},\"sameAs\":[\"https:\/\/www.facebook.com\/cosmetic.lv\/\"]}]}<\/script>\n<meta property=\"product:price:amount\" content=\"49.40\" \/>\n<meta property=\"product:price:currency\" content=\"EUR\" \/>\n<meta property=\"og:availability\" content=\"out of stock\" \/>\n<meta property=\"product:availability\" content=\"out of stock\" \/>\n<meta property=\"product:retailer_item_id\" content=\"keun\" \/>\n<meta property=\"product:condition\" content=\"new\" \/>\n<!-- \/ Yoast SEO Premium plugin. -->","yoast_head_json":{"title":"KEUNE Care Miracle Elixir Concentrated Keratin Booster - cosmetic.lv","robots":{"index":"index","follow":"follow","max-snippet":"max-snippet:-1","max-image-preview":"max-image-preview:large","max-video-preview":"max-video-preview:-1"},"canonical":"https:\/\/cosmetic.lv\/lv\/product\/keune-care-miracle-elixir-concentrated-keratin-booster\/","og_locale":"lv_LV","og_type":"article","og_title":"KEUNE Care Miracle Elixir Concentrated Keratin Booster","og_description":"KEUNE Care Miracle Elixir koncentr\u0113ts kerat\u012bna pastiprin\u0101t\u0101js &#8211; kerat\u012bna pastiprin\u0101t\u0101js Miracle Elixir &#8211; dzi\u013ci mitrino\u0161s un atjaunojo\u0161s kop\u0161anas l\u012bdzeklis boj\u0101tiem","og_url":"https:\/\/cosmetic.lv\/lv\/product\/keune-care-miracle-elixir-concentrated-keratin-booster\/","og_site_name":"cosmetic.lv","article_publisher":"https:\/\/www.facebook.com\/cosmetic.lv\/","article_modified_time":"2021-02-06T17:57:32+00:00","og_image":[{"width":1084,"height":704,"url":"https:\/\/cosmetic.lv\/wp-content\/uploads\/2021\/02\/53643_111512413182_full-4.jpg","type":"image\/jpeg"}],"twitter_card":"summary_large_image","schema":{"@context":"https:\/\/schema.org","@graph":[{"@type":"WebPage","@id":"https:\/\/cosmetic.lv\/lv\/product\/keune-care-miracle-elixir-concentrated-keratin-booster\/","url":"https:\/\/cosmetic.lv\/lv\/product\/keune-care-miracle-elixir-concentrated-keratin-booster\/","name":"KEUNE Care Miracle Elixir Concentrated Keratin Booster - cosmetic.lv","isPartOf":{"@id":"https:\/\/cosmetic.lv\/lv\/#website"},"primaryImageOfPage":{"@id":"https:\/\/cosmetic.lv\/lv\/product\/keune-care-miracle-elixir-concentrated-keratin-booster\/#primaryimage"},"image":{"@id":"https:\/\/cosmetic.lv\/lv\/product\/keune-care-miracle-elixir-concentrated-keratin-booster\/#primaryimage"},"thumbnailUrl":"https:\/\/cosmetic.lv\/wp-content\/uploads\/2021\/02\/53643_111512413182_full-4.jpg","datePublished":"2021-02-06T17:57:28+00:00","dateModified":"2021-02-06T17:57:32+00:00","breadcrumb":{"@id":"https:\/\/cosmetic.lv\/lv\/product\/keune-care-miracle-elixir-concentrated-keratin-booster\/#breadcrumb"},"inLanguage":"lv-LV","potentialAction":[{"@type":"ReadAction","target":["https:\/\/cosmetic.lv\/lv\/product\/keune-care-miracle-elixir-concentrated-keratin-booster\/"]}]},{"@type":"ImageObject","inLanguage":"lv-LV","@id":"https:\/\/cosmetic.lv\/lv\/product\/keune-care-miracle-elixir-concentrated-keratin-booster\/#primaryimage","url":"https:\/\/cosmetic.lv\/wp-content\/uploads\/2021\/02\/53643_111512413182_full-4.jpg","contentUrl":"https:\/\/cosmetic.lv\/wp-content\/uploads\/2021\/02\/53643_111512413182_full-4.jpg","width":1084,"height":704,"caption":"53643_111512413182_full.jpg"},{"@type":"BreadcrumbList","@id":"https:\/\/cosmetic.lv\/lv\/product\/keune-care-miracle-elixir-concentrated-keratin-booster\/#breadcrumb","itemListElement":[{"@type":"ListItem","position":1,"name":"Home","item":"https:\/\/cosmetic.lv\/lv\/"},{"@type":"ListItem","position":2,"name":"Veikals","item":"https:\/\/cosmetic.lv\/lv\/veiklas\/"},{"@type":"ListItem","position":3,"name":"KEUNE Care Miracle Elixir Concentrated Keratin Booster"}]},{"@type":"WebSite","@id":"https:\/\/cosmetic.lv\/lv\/#website","url":"https:\/\/cosmetic.lv\/lv\/","name":"cosmetic.lv","description":"Profesion\u0101la kosm\u0113tika - Maria Galland, Keune, Arkadija, GMT, Guam, Magiray","publisher":{"@id":"https:\/\/cosmetic.lv\/lv\/#organization"},"potentialAction":[{"@type":"SearchAction","target":{"@type":"EntryPoint","urlTemplate":"https:\/\/cosmetic.lv\/lv\/?s={search_term_string}"},"query-input":{"@type":"PropertyValueSpecification","valueRequired":true,"valueName":"search_term_string"}}],"inLanguage":"lv-LV"},{"@type":"Organization","@id":"https:\/\/cosmetic.lv\/lv\/#organization","name":"COSMETIC.LV","url":"https:\/\/cosmetic.lv\/lv\/","logo":{"@type":"ImageObject","inLanguage":"lv-LV","@id":"https:\/\/cosmetic.lv\/lv\/#\/schema\/logo\/image\/","url":"https:\/\/cosmetic.lv\/wp-content\/uploads\/2021\/02\/cosmetic.lv_logo.jpg","contentUrl":"https:\/\/cosmetic.lv\/wp-content\/uploads\/2021\/02\/cosmetic.lv_logo.jpg","width":596,"height":196,"caption":"COSMETIC.LV"},"image":{"@id":"https:\/\/cosmetic.lv\/lv\/#\/schema\/logo\/image\/"},"sameAs":["https:\/\/www.facebook.com\/cosmetic.lv\/"]}]},"product_price_amount":"49.40","product_price_currency":"EUR","og_availability":"out of stock","product_availability":"out of stock","product_retailer_item_id":"keun","product_condition":"new"},"_links":{"self":[{"href":"https:\/\/cosmetic.lv\/lv\/wp-json\/wp\/v2\/product\/34781","targetHints":{"allow":["GET"]}}],"collection":[{"href":"https:\/\/cosmetic.lv\/lv\/wp-json\/wp\/v2\/product"}],"about":[{"href":"https:\/\/cosmetic.lv\/lv\/wp-json\/wp\/v2\/types\/product"}],"wp:featuredmedia":[{"embeddable":true,"href":"https:\/\/cosmetic.lv\/lv\/wp-json\/wp\/v2\/media\/17387"}],"wp:attachment":[{"href":"https:\/\/cosmetic.lv\/lv\/wp-json\/wp\/v2\/media?parent=34781"}],"wp:term":[{"taxonomy":"product_brand","embeddable":true,"href":"https:\/\/cosmetic.lv\/lv\/wp-json\/wp\/v2\/product_brand?post=34781"},{"taxonomy":"product_cat","embeddable":true,"href":"https:\/\/cosmetic.lv\/lv\/wp-json\/wp\/v2\/product_cat?post=34781"},{"taxonomy":"product_tag","embeddable":true,"href":"https:\/\/cosmetic.lv\/lv\/wp-json\/wp\/v2\/product_tag?post=34781"}],"curies":[{"name":"wp","href":"https:\/\/api.w.org\/{rel}","templated":true}]}}