{"id":34785,"date":"2021-02-05T22:44:57","date_gmt":"2021-02-06T17:57:35","guid":{"rendered":"https:\/\/damme.lv\/product\/keune-care-vital-nutrition-maska-200ml\/"},"modified":"2023-09-03T21:36:18","modified_gmt":"2023-09-03T18:36:18","slug":"keune-care-vital-nutrition-maska-200ml","status":"publish","type":"product","link":"https:\/\/cosmetic.lv\/lv\/product\/keune-care-vital-nutrition-maska-200ml\/","title":{"rendered":"KEUNE CARE VITAL NUTRITION MASKA (500ML)"},"content":{"rendered":"<p>Vital Nutrition ir perfekta matu maska matiem kuriem ir nepiecie\u0161ama ilgi gaid\u012bt\u0101 apr\u016bpe. Akt\u012bv\u0101s sast\u0101vda\u013cas mitrina matu iek\u0161\u0113jo strukt\u016bru, taj\u0101 pat laik\u0101 noform\u0113 barjeru ap boj\u0101tajiem laukumiem, atjauno un atdz\u012bvina boj\u0101t\u0101s matu \u0161\u0137ipsnas. Mati ir ar\u012b pasarg\u0101ti no dehidrat\u0101cijas un negat\u012bvajiem UV stariem. Rezult\u0101ts: gludi, m\u012bksti, spodri un skaisti mati. Lieto\u0161ana:Uzkl\u0101t masku uz ar dvieli iz\u017e\u0101v\u0113tiem matiem, atst\u0101t uz 2-min\u016bt\u0113m. K\u0101rt\u012bgi izskalot. Izmantot vienraiz vai divreiz ned\u0113\u013c\u0101. Tilpums: 500ml<\/p>\n","protected":false},"excerpt":{"rendered":"<p>Vital Nutrition ir perfekta matu maska matiem kuriem ir nepiecie\u0161ama ilgi gaid\u012bt\u0101 apr\u016bpe. Akt\u012bv\u0101s sast\u0101vda\u013cas mitrina matu iek\u0161\u0113jo strukt\u016bru, taj\u0101<\/p>\n","protected":false},"featured_media":17399,"template":"","meta":[],"product_brand":[],"product_cat":[2258,2268,2272],"product_tag":[],"class_list":{"0":"post-34785","1":"product","2":"type-product","3":"status-publish","4":"has-post-thumbnail","6":"product_cat-profesionala-kosmetika-matiem-lv","7":"product_cat-keune-professional-lv-lv","8":"product_cat-kopsana-lv","10":"first","11":"instock","12":"taxable","13":"shipping-taxable","14":"purchasable","15":"product-type-simple"},"yoast_head":"<!-- This site is optimized with the Yoast SEO Premium plugin v27.0 (Yoast SEO v27.0) - https:\/\/yoast.com\/product\/yoast-seo-premium-wordpress\/ -->\n<title>KEUNE CARE VITAL NUTRITION MASKA (500ML) - cosmetic.lv<\/title>\n<meta name=\"robots\" content=\"index, follow, max-snippet:-1, max-image-preview:large, max-video-preview:-1\" \/>\n<link rel=\"canonical\" href=\"https:\/\/cosmetic.lv\/lv\/product\/keune-care-vital-nutrition-maska-200ml\/\" \/>\n<meta property=\"og:locale\" content=\"lv_LV\" \/>\n<meta property=\"og:type\" content=\"article\" \/>\n<meta property=\"og:title\" content=\"KEUNE CARE VITAL NUTRITION MASKA (500ML)\" \/>\n<meta property=\"og:description\" content=\"Vital Nutrition ir perfekta matu maska matiem kuriem ir nepiecie\u0161ama ilgi gaid\u012bt\u0101 apr\u016bpe. Akt\u012bv\u0101s sast\u0101vda\u013cas mitrina matu iek\u0161\u0113jo strukt\u016bru, taj\u0101\" \/>\n<meta property=\"og:url\" content=\"https:\/\/cosmetic.lv\/lv\/product\/keune-care-vital-nutrition-maska-200ml\/\" \/>\n<meta property=\"og:site_name\" content=\"cosmetic.lv\" \/>\n<meta property=\"article:publisher\" content=\"https:\/\/www.facebook.com\/cosmetic.lv\/\" \/>\n<meta property=\"article:modified_time\" content=\"2023-09-03T18:36:18+00:00\" \/>\n<meta property=\"og:image\" content=\"https:\/\/cosmetic.lv\/wp-content\/uploads\/2021\/02\/eune-care-vital-nutrition-maska-200ml-4.jpg\" \/>\n\t<meta property=\"og:image:width\" content=\"367\" \/>\n\t<meta property=\"og:image:height\" content=\"420\" \/>\n\t<meta property=\"og:image:type\" content=\"image\/jpeg\" \/>\n<meta name=\"twitter:card\" content=\"summary_large_image\" \/>\n<script type=\"application\/ld+json\" class=\"yoast-schema-graph\">{\"@context\":\"https:\/\/schema.org\",\"@graph\":[{\"@type\":\"WebPage\",\"@id\":\"https:\/\/cosmetic.lv\/lv\/product\/keune-care-vital-nutrition-maska-200ml\/\",\"url\":\"https:\/\/cosmetic.lv\/lv\/product\/keune-care-vital-nutrition-maska-200ml\/\",\"name\":\"KEUNE CARE VITAL NUTRITION MASKA (500ML) - cosmetic.lv\",\"isPartOf\":{\"@id\":\"https:\/\/cosmetic.lv\/lv\/#website\"},\"primaryImageOfPage\":{\"@id\":\"https:\/\/cosmetic.lv\/lv\/product\/keune-care-vital-nutrition-maska-200ml\/#primaryimage\"},\"image\":{\"@id\":\"https:\/\/cosmetic.lv\/lv\/product\/keune-care-vital-nutrition-maska-200ml\/#primaryimage\"},\"thumbnailUrl\":\"https:\/\/cosmetic.lv\/wp-content\/uploads\/2021\/02\/eune-care-vital-nutrition-maska-200ml-4.jpg\",\"datePublished\":\"2021-02-06T17:57:35+00:00\",\"dateModified\":\"2023-09-03T18:36:18+00:00\",\"breadcrumb\":{\"@id\":\"https:\/\/cosmetic.lv\/lv\/product\/keune-care-vital-nutrition-maska-200ml\/#breadcrumb\"},\"inLanguage\":\"lv-LV\",\"potentialAction\":[{\"@type\":\"ReadAction\",\"target\":[\"https:\/\/cosmetic.lv\/lv\/product\/keune-care-vital-nutrition-maska-200ml\/\"]}]},{\"@type\":\"ImageObject\",\"inLanguage\":\"lv-LV\",\"@id\":\"https:\/\/cosmetic.lv\/lv\/product\/keune-care-vital-nutrition-maska-200ml\/#primaryimage\",\"url\":\"https:\/\/cosmetic.lv\/wp-content\/uploads\/2021\/02\/eune-care-vital-nutrition-maska-200ml-4.jpg\",\"contentUrl\":\"https:\/\/cosmetic.lv\/wp-content\/uploads\/2021\/02\/eune-care-vital-nutrition-maska-200ml-4.jpg\",\"width\":367,\"height\":420,\"caption\":\"eune-care-vital-nutrition-maska-200ml.jpg\"},{\"@type\":\"BreadcrumbList\",\"@id\":\"https:\/\/cosmetic.lv\/lv\/product\/keune-care-vital-nutrition-maska-200ml\/#breadcrumb\",\"itemListElement\":[{\"@type\":\"ListItem\",\"position\":1,\"name\":\"Home\",\"item\":\"https:\/\/cosmetic.lv\/lv\/\"},{\"@type\":\"ListItem\",\"position\":2,\"name\":\"Veikals\",\"item\":\"https:\/\/cosmetic.lv\/lv\/veiklas\/\"},{\"@type\":\"ListItem\",\"position\":3,\"name\":\"KEUNE CARE VITAL NUTRITION MASKA (500ML)\"}]},{\"@type\":\"WebSite\",\"@id\":\"https:\/\/cosmetic.lv\/lv\/#website\",\"url\":\"https:\/\/cosmetic.lv\/lv\/\",\"name\":\"cosmetic.lv\",\"description\":\"Profesion\u0101la kosm\u0113tika - Maria Galland, Keune, Arkadija, GMT, Guam, Magiray\",\"publisher\":{\"@id\":\"https:\/\/cosmetic.lv\/lv\/#organization\"},\"potentialAction\":[{\"@type\":\"SearchAction\",\"target\":{\"@type\":\"EntryPoint\",\"urlTemplate\":\"https:\/\/cosmetic.lv\/lv\/?s={search_term_string}\"},\"query-input\":{\"@type\":\"PropertyValueSpecification\",\"valueRequired\":true,\"valueName\":\"search_term_string\"}}],\"inLanguage\":\"lv-LV\"},{\"@type\":\"Organization\",\"@id\":\"https:\/\/cosmetic.lv\/lv\/#organization\",\"name\":\"COSMETIC.LV\",\"url\":\"https:\/\/cosmetic.lv\/lv\/\",\"logo\":{\"@type\":\"ImageObject\",\"inLanguage\":\"lv-LV\",\"@id\":\"https:\/\/cosmetic.lv\/lv\/#\/schema\/logo\/image\/\",\"url\":\"https:\/\/cosmetic.lv\/wp-content\/uploads\/2021\/02\/cosmetic.lv_logo.jpg\",\"contentUrl\":\"https:\/\/cosmetic.lv\/wp-content\/uploads\/2021\/02\/cosmetic.lv_logo.jpg\",\"width\":596,\"height\":196,\"caption\":\"COSMETIC.LV\"},\"image\":{\"@id\":\"https:\/\/cosmetic.lv\/lv\/#\/schema\/logo\/image\/\"},\"sameAs\":[\"https:\/\/www.facebook.com\/cosmetic.lv\/\"]}]}<\/script>\n<meta property=\"product:price:amount\" content=\"38.00\" \/>\n<meta property=\"product:price:currency\" content=\"EUR\" \/>\n<meta property=\"og:availability\" content=\"instock\" \/>\n<meta property=\"product:availability\" content=\"instock\" \/>\n<meta property=\"product:retailer_item_id\" content=\"165\" \/>\n<meta property=\"product:condition\" content=\"new\" \/>\n<!-- \/ Yoast SEO Premium plugin. -->","yoast_head_json":{"title":"KEUNE CARE VITAL NUTRITION MASKA (500ML) - cosmetic.lv","robots":{"index":"index","follow":"follow","max-snippet":"max-snippet:-1","max-image-preview":"max-image-preview:large","max-video-preview":"max-video-preview:-1"},"canonical":"https:\/\/cosmetic.lv\/lv\/product\/keune-care-vital-nutrition-maska-200ml\/","og_locale":"lv_LV","og_type":"article","og_title":"KEUNE CARE VITAL NUTRITION MASKA (500ML)","og_description":"Vital Nutrition ir perfekta matu maska matiem kuriem ir nepiecie\u0161ama ilgi gaid\u012bt\u0101 apr\u016bpe. Akt\u012bv\u0101s sast\u0101vda\u013cas mitrina matu iek\u0161\u0113jo strukt\u016bru, taj\u0101","og_url":"https:\/\/cosmetic.lv\/lv\/product\/keune-care-vital-nutrition-maska-200ml\/","og_site_name":"cosmetic.lv","article_publisher":"https:\/\/www.facebook.com\/cosmetic.lv\/","article_modified_time":"2023-09-03T18:36:18+00:00","og_image":[{"width":367,"height":420,"url":"https:\/\/cosmetic.lv\/wp-content\/uploads\/2021\/02\/eune-care-vital-nutrition-maska-200ml-4.jpg","type":"image\/jpeg"}],"twitter_card":"summary_large_image","schema":{"@context":"https:\/\/schema.org","@graph":[{"@type":"WebPage","@id":"https:\/\/cosmetic.lv\/lv\/product\/keune-care-vital-nutrition-maska-200ml\/","url":"https:\/\/cosmetic.lv\/lv\/product\/keune-care-vital-nutrition-maska-200ml\/","name":"KEUNE CARE VITAL NUTRITION MASKA (500ML) - cosmetic.lv","isPartOf":{"@id":"https:\/\/cosmetic.lv\/lv\/#website"},"primaryImageOfPage":{"@id":"https:\/\/cosmetic.lv\/lv\/product\/keune-care-vital-nutrition-maska-200ml\/#primaryimage"},"image":{"@id":"https:\/\/cosmetic.lv\/lv\/product\/keune-care-vital-nutrition-maska-200ml\/#primaryimage"},"thumbnailUrl":"https:\/\/cosmetic.lv\/wp-content\/uploads\/2021\/02\/eune-care-vital-nutrition-maska-200ml-4.jpg","datePublished":"2021-02-06T17:57:35+00:00","dateModified":"2023-09-03T18:36:18+00:00","breadcrumb":{"@id":"https:\/\/cosmetic.lv\/lv\/product\/keune-care-vital-nutrition-maska-200ml\/#breadcrumb"},"inLanguage":"lv-LV","potentialAction":[{"@type":"ReadAction","target":["https:\/\/cosmetic.lv\/lv\/product\/keune-care-vital-nutrition-maska-200ml\/"]}]},{"@type":"ImageObject","inLanguage":"lv-LV","@id":"https:\/\/cosmetic.lv\/lv\/product\/keune-care-vital-nutrition-maska-200ml\/#primaryimage","url":"https:\/\/cosmetic.lv\/wp-content\/uploads\/2021\/02\/eune-care-vital-nutrition-maska-200ml-4.jpg","contentUrl":"https:\/\/cosmetic.lv\/wp-content\/uploads\/2021\/02\/eune-care-vital-nutrition-maska-200ml-4.jpg","width":367,"height":420,"caption":"eune-care-vital-nutrition-maska-200ml.jpg"},{"@type":"BreadcrumbList","@id":"https:\/\/cosmetic.lv\/lv\/product\/keune-care-vital-nutrition-maska-200ml\/#breadcrumb","itemListElement":[{"@type":"ListItem","position":1,"name":"Home","item":"https:\/\/cosmetic.lv\/lv\/"},{"@type":"ListItem","position":2,"name":"Veikals","item":"https:\/\/cosmetic.lv\/lv\/veiklas\/"},{"@type":"ListItem","position":3,"name":"KEUNE CARE VITAL NUTRITION MASKA (500ML)"}]},{"@type":"WebSite","@id":"https:\/\/cosmetic.lv\/lv\/#website","url":"https:\/\/cosmetic.lv\/lv\/","name":"cosmetic.lv","description":"Profesion\u0101la kosm\u0113tika - Maria Galland, Keune, Arkadija, GMT, Guam, Magiray","publisher":{"@id":"https:\/\/cosmetic.lv\/lv\/#organization"},"potentialAction":[{"@type":"SearchAction","target":{"@type":"EntryPoint","urlTemplate":"https:\/\/cosmetic.lv\/lv\/?s={search_term_string}"},"query-input":{"@type":"PropertyValueSpecification","valueRequired":true,"valueName":"search_term_string"}}],"inLanguage":"lv-LV"},{"@type":"Organization","@id":"https:\/\/cosmetic.lv\/lv\/#organization","name":"COSMETIC.LV","url":"https:\/\/cosmetic.lv\/lv\/","logo":{"@type":"ImageObject","inLanguage":"lv-LV","@id":"https:\/\/cosmetic.lv\/lv\/#\/schema\/logo\/image\/","url":"https:\/\/cosmetic.lv\/wp-content\/uploads\/2021\/02\/cosmetic.lv_logo.jpg","contentUrl":"https:\/\/cosmetic.lv\/wp-content\/uploads\/2021\/02\/cosmetic.lv_logo.jpg","width":596,"height":196,"caption":"COSMETIC.LV"},"image":{"@id":"https:\/\/cosmetic.lv\/lv\/#\/schema\/logo\/image\/"},"sameAs":["https:\/\/www.facebook.com\/cosmetic.lv\/"]}]},"product_price_amount":"38.00","product_price_currency":"EUR","og_availability":"instock","product_availability":"instock","product_retailer_item_id":"165","product_condition":"new"},"_links":{"self":[{"href":"https:\/\/cosmetic.lv\/lv\/wp-json\/wp\/v2\/product\/34785","targetHints":{"allow":["GET"]}}],"collection":[{"href":"https:\/\/cosmetic.lv\/lv\/wp-json\/wp\/v2\/product"}],"about":[{"href":"https:\/\/cosmetic.lv\/lv\/wp-json\/wp\/v2\/types\/product"}],"wp:featuredmedia":[{"embeddable":true,"href":"https:\/\/cosmetic.lv\/lv\/wp-json\/wp\/v2\/media\/17399"}],"wp:attachment":[{"href":"https:\/\/cosmetic.lv\/lv\/wp-json\/wp\/v2\/media?parent=34785"}],"wp:term":[{"taxonomy":"product_brand","embeddable":true,"href":"https:\/\/cosmetic.lv\/lv\/wp-json\/wp\/v2\/product_brand?post=34785"},{"taxonomy":"product_cat","embeddable":true,"href":"https:\/\/cosmetic.lv\/lv\/wp-json\/wp\/v2\/product_cat?post=34785"},{"taxonomy":"product_tag","embeddable":true,"href":"https:\/\/cosmetic.lv\/lv\/wp-json\/wp\/v2\/product_tag?post=34785"}],"curies":[{"name":"wp","href":"https:\/\/api.w.org\/{rel}","templated":true}]}}