{"id":34842,"date":"2021-02-05T22:45:19","date_gmt":"2021-02-06T17:58:16","guid":{"rendered":"https:\/\/damme.lv\/product\/maria-galland-213-nomierinoss-krems-gentle-soothing-cream-50-ml\/"},"modified":"2021-02-06T19:58:22","modified_gmt":"2021-02-06T17:58:22","slug":"maria-galland-213-nomierinoss-krems-gentle-soothing-cream-50-ml","status":"publish","type":"product","link":"https:\/\/cosmetic.lv\/lv\/product\/maria-galland-213-nomierinoss-krems-gentle-soothing-cream-50-ml\/","title":{"rendered":"MARIA GALLAND 213 nomierino\u0161s kr\u0113ms  GENTLE SOOTHING CREAM 50 ML"},"content":{"rendered":"<p><!DOCTYPE html PUBLIC &quot;-\/\/W3C\/\/DTD XHTML 1.0 Transitional\/\/EN&quot; &quot;http:\/\/www.w3.org\/TR\/xhtml1\/DTD\/xhtml1-transitional.dtd&quot;><br \/>\n<html><br \/>\n<head><br \/>\n<title>Untitled document<\/title><br \/>\n<\/head><br \/>\n<body><\/p>\n<p>Visaptvero&scaron;a jut\u012bga \u0101das kop&scaron;ana. Maiga hipoaler\u0123iska formula ietver Calmosensine kompleksu (lotosa ekstraktu), kas uzreiz mazina iekaisumu un kairin\u0101jumu, normaliz\u0113 epidermas jut\u012bgumu un samazina t\u0101 reaktivit\u0101ti. Kr\u0113jums akt\u012bvi pal\u0113nina audu noveco&scaron;an\u0101s procesu un grumbu veido&scaron;anos, jo t\u0101 sast\u0101v\u0101 ir iek\u013cauts intens\u012bvs kokvilnas e\u013c\u013cas, dabisko antioksidantu un A un E vitam\u012bnu komplekss, kas stimul\u0113 &scaron;\u016bnu atjauno&scaron;anos un prote\u012bnu sint\u0113zi, atjauno \u0101das elast\u012bbu. Nodro&scaron;ina ilgsto&scaron;u mitrin\u0101&scaron;anu (l\u012bdz 7 stund\u0101m) un intens\u012bvu audu baro&scaron;anu.  Darb\u012bbas komponenti: Komplekss, kas regul\u0113 jut\u012bbu (lotosa ekstrakts 3%, Calmosensine &reg; 3%), mazina kairin\u0101jumu, iekaisumu, aps\u0101rtumu, ir ilgsto&scaron;s m\u012bkstino&scaron;s efekts. Efekt\u012bvais piesk\u0101riena nervu regulators m\u012bkstina, normaliz\u0113 jut\u012bguma jut\u012bbu, nov\u0113r&scaron; kairin\u0101jumu. Mitrino&scaron;s komplekss (ksant\u012bna gumija 0,3%, glikola atvasin\u0101jumi 3%) nodro&scaron;ina intens\u012bvu ilgsto&scaron;u hidrat\u0101ciju (vismaz 7 stundas). Barojo&scaron;s un aizsarg\u0101jo&scaron;s komplekss (tauksk\u0101bju esteri 19%, kokvilnas s\u0113klu e\u013c\u013ca 1% ar augstu dabisko antioksidantu un A vitam\u012bna saturu) ir aizsarg\u0101ti, neizsl\u0113dzot poras. Izveidojiet aizsargpl\u0113vi. Pal\u0113nina un nov\u0113r&scaron; noveco&scaron;an\u0101s procesus. Stimul\u0113 &scaron;\u016bnu re\u0123ener\u0101ciju, baro audus, atjauno \u0101das elast\u012bbu. A un E vitam\u012bns 0,7% stimul\u0113 &scaron;\u016bnu atjauno&scaron;anos un prote\u012bnu sint\u0113zi. Aizsarg\u0101t no br\u012bvajiem radik\u0101\u013ciem, nov\u0113r&scaron;iet \u0101das noveco&scaron;anos. Silikona e\u013c\u013cas 4% (gaisto&scaron;as \u200b\u200bun nepast\u0101v\u012bgas) aizsarg\u0101, neizsl\u0113dzot poras. Izveidojiet aizsargpl\u0113vi. M\u012bkstino&scaron;s komplekss, ieskaitot 6% cukura atvasin\u0101jumus, palielina \u0101das toleranci. Uzlabot turgoru.  K\u0101 lietot: uzkl\u0101jiet no r\u012bta un vakar\u0101 uz t\u012bras \u0101das.  Pieejams: 50 ml<\/p>\n<p><\/body><br \/>\n<\/html><\/p>\n","protected":false},"excerpt":{"rendered":"<p>Untitled document Visaptvero&scaron;a jut\u012bga \u0101das kop&scaron;ana. Maiga hipoaler\u0123iska formula ietver Calmosensine kompleksu (lotosa ekstraktu), kas uzreiz mazina iekaisumu un kairin\u0101jumu,<\/p>\n","protected":false},"featured_media":17542,"template":"","meta":[],"product_brand":[],"product_cat":[2273,2277],"product_tag":[],"class_list":{"0":"post-34842","1":"product","2":"type-product","3":"status-publish","4":"has-post-thumbnail","6":"product_cat-profesionala-kosmetika-sejai-un-kermenim-lv","7":"product_cat-maria-galland-francija-lv","9":"first","10":"outofstock","11":"sale","12":"featured","13":"taxable","14":"shipping-taxable","15":"purchasable","16":"product-type-simple"},"yoast_head":"<!-- This site is optimized with the Yoast SEO Premium plugin v27.0 (Yoast SEO v27.0) - https:\/\/yoast.com\/product\/yoast-seo-premium-wordpress\/ -->\n<title>MARIA GALLAND 213 nomierino\u0161s kr\u0113ms GENTLE SOOTHING CREAM 50 ML - cosmetic.lv<\/title>\n<meta name=\"robots\" content=\"index, follow, max-snippet:-1, max-image-preview:large, max-video-preview:-1\" \/>\n<link rel=\"canonical\" href=\"https:\/\/cosmetic.lv\/lv\/product\/maria-galland-213-nomierinoss-krems-gentle-soothing-cream-50-ml\/\" \/>\n<meta property=\"og:locale\" content=\"lv_LV\" \/>\n<meta property=\"og:type\" content=\"article\" \/>\n<meta property=\"og:title\" content=\"MARIA GALLAND 213 nomierino\u0161s kr\u0113ms GENTLE SOOTHING CREAM 50 ML\" \/>\n<meta property=\"og:description\" content=\"Untitled document Visaptvero&scaron;a jut\u012bga \u0101das kop&scaron;ana. Maiga hipoaler\u0123iska formula ietver Calmosensine kompleksu (lotosa ekstraktu), kas uzreiz mazina iekaisumu un kairin\u0101jumu,\" \/>\n<meta property=\"og:url\" content=\"https:\/\/cosmetic.lv\/lv\/product\/maria-galland-213-nomierinoss-krems-gentle-soothing-cream-50-ml\/\" \/>\n<meta property=\"og:site_name\" content=\"cosmetic.lv\" \/>\n<meta property=\"article:publisher\" content=\"https:\/\/www.facebook.com\/cosmetic.lv\/\" \/>\n<meta property=\"article:modified_time\" content=\"2021-02-06T17:58:22+00:00\" \/>\n<meta property=\"og:image\" content=\"https:\/\/cosmetic.lv\/wp-content\/uploads\/2021\/02\/1408817_xl-4.jpg\" \/>\n\t<meta property=\"og:image:width\" content=\"803\" \/>\n\t<meta property=\"og:image:height\" content=\"822\" \/>\n\t<meta property=\"og:image:type\" content=\"image\/jpeg\" \/>\n<meta name=\"twitter:card\" content=\"summary_large_image\" \/>\n<script type=\"application\/ld+json\" class=\"yoast-schema-graph\">{\"@context\":\"https:\/\/schema.org\",\"@graph\":[{\"@type\":\"WebPage\",\"@id\":\"https:\/\/cosmetic.lv\/lv\/product\/maria-galland-213-nomierinoss-krems-gentle-soothing-cream-50-ml\/\",\"url\":\"https:\/\/cosmetic.lv\/lv\/product\/maria-galland-213-nomierinoss-krems-gentle-soothing-cream-50-ml\/\",\"name\":\"MARIA GALLAND 213 nomierino\u0161s kr\u0113ms GENTLE SOOTHING CREAM 50 ML - cosmetic.lv\",\"isPartOf\":{\"@id\":\"https:\/\/cosmetic.lv\/lv\/#website\"},\"primaryImageOfPage\":{\"@id\":\"https:\/\/cosmetic.lv\/lv\/product\/maria-galland-213-nomierinoss-krems-gentle-soothing-cream-50-ml\/#primaryimage\"},\"image\":{\"@id\":\"https:\/\/cosmetic.lv\/lv\/product\/maria-galland-213-nomierinoss-krems-gentle-soothing-cream-50-ml\/#primaryimage\"},\"thumbnailUrl\":\"https:\/\/cosmetic.lv\/wp-content\/uploads\/2021\/02\/1408817_xl-4.jpg\",\"datePublished\":\"2021-02-06T17:58:16+00:00\",\"dateModified\":\"2021-02-06T17:58:22+00:00\",\"breadcrumb\":{\"@id\":\"https:\/\/cosmetic.lv\/lv\/product\/maria-galland-213-nomierinoss-krems-gentle-soothing-cream-50-ml\/#breadcrumb\"},\"inLanguage\":\"lv-LV\",\"potentialAction\":[{\"@type\":\"ReadAction\",\"target\":[\"https:\/\/cosmetic.lv\/lv\/product\/maria-galland-213-nomierinoss-krems-gentle-soothing-cream-50-ml\/\"]}]},{\"@type\":\"ImageObject\",\"inLanguage\":\"lv-LV\",\"@id\":\"https:\/\/cosmetic.lv\/lv\/product\/maria-galland-213-nomierinoss-krems-gentle-soothing-cream-50-ml\/#primaryimage\",\"url\":\"https:\/\/cosmetic.lv\/wp-content\/uploads\/2021\/02\/1408817_xl-4.jpg\",\"contentUrl\":\"https:\/\/cosmetic.lv\/wp-content\/uploads\/2021\/02\/1408817_xl-4.jpg\",\"width\":803,\"height\":822,\"caption\":\"1408817_xl.jpg\"},{\"@type\":\"BreadcrumbList\",\"@id\":\"https:\/\/cosmetic.lv\/lv\/product\/maria-galland-213-nomierinoss-krems-gentle-soothing-cream-50-ml\/#breadcrumb\",\"itemListElement\":[{\"@type\":\"ListItem\",\"position\":1,\"name\":\"Home\",\"item\":\"https:\/\/cosmetic.lv\/lv\/\"},{\"@type\":\"ListItem\",\"position\":2,\"name\":\"Veikals\",\"item\":\"https:\/\/cosmetic.lv\/lv\/veiklas\/\"},{\"@type\":\"ListItem\",\"position\":3,\"name\":\"MARIA GALLAND 213 nomierino\u0161s kr\u0113ms GENTLE SOOTHING CREAM 50 ML\"}]},{\"@type\":\"WebSite\",\"@id\":\"https:\/\/cosmetic.lv\/lv\/#website\",\"url\":\"https:\/\/cosmetic.lv\/lv\/\",\"name\":\"cosmetic.lv\",\"description\":\"Profesion\u0101la kosm\u0113tika - Maria Galland, Keune, Arkadija, GMT, Guam, Magiray\",\"publisher\":{\"@id\":\"https:\/\/cosmetic.lv\/lv\/#organization\"},\"potentialAction\":[{\"@type\":\"SearchAction\",\"target\":{\"@type\":\"EntryPoint\",\"urlTemplate\":\"https:\/\/cosmetic.lv\/lv\/?s={search_term_string}\"},\"query-input\":{\"@type\":\"PropertyValueSpecification\",\"valueRequired\":true,\"valueName\":\"search_term_string\"}}],\"inLanguage\":\"lv-LV\"},{\"@type\":\"Organization\",\"@id\":\"https:\/\/cosmetic.lv\/lv\/#organization\",\"name\":\"COSMETIC.LV\",\"url\":\"https:\/\/cosmetic.lv\/lv\/\",\"logo\":{\"@type\":\"ImageObject\",\"inLanguage\":\"lv-LV\",\"@id\":\"https:\/\/cosmetic.lv\/lv\/#\/schema\/logo\/image\/\",\"url\":\"https:\/\/cosmetic.lv\/wp-content\/uploads\/2021\/02\/cosmetic.lv_logo.jpg\",\"contentUrl\":\"https:\/\/cosmetic.lv\/wp-content\/uploads\/2021\/02\/cosmetic.lv_logo.jpg\",\"width\":596,\"height\":196,\"caption\":\"COSMETIC.LV\"},\"image\":{\"@id\":\"https:\/\/cosmetic.lv\/lv\/#\/schema\/logo\/image\/\"},\"sameAs\":[\"https:\/\/www.facebook.com\/cosmetic.lv\/\"]}]}<\/script>\n<meta property=\"product:price:amount\" content=\"58.42\" \/>\n<meta property=\"product:price:currency\" content=\"EUR\" \/>\n<meta property=\"og:availability\" content=\"out of stock\" \/>\n<meta property=\"product:availability\" content=\"out of stock\" \/>\n<meta property=\"product:retailer_item_id\" content=\"213\" \/>\n<meta property=\"product:condition\" content=\"new\" \/>\n<!-- \/ Yoast SEO Premium plugin. -->","yoast_head_json":{"title":"MARIA GALLAND 213 nomierino\u0161s kr\u0113ms GENTLE SOOTHING CREAM 50 ML - cosmetic.lv","robots":{"index":"index","follow":"follow","max-snippet":"max-snippet:-1","max-image-preview":"max-image-preview:large","max-video-preview":"max-video-preview:-1"},"canonical":"https:\/\/cosmetic.lv\/lv\/product\/maria-galland-213-nomierinoss-krems-gentle-soothing-cream-50-ml\/","og_locale":"lv_LV","og_type":"article","og_title":"MARIA GALLAND 213 nomierino\u0161s kr\u0113ms GENTLE SOOTHING CREAM 50 ML","og_description":"Untitled document Visaptvero&scaron;a jut\u012bga \u0101das kop&scaron;ana. Maiga hipoaler\u0123iska formula ietver Calmosensine kompleksu (lotosa ekstraktu), kas uzreiz mazina iekaisumu un kairin\u0101jumu,","og_url":"https:\/\/cosmetic.lv\/lv\/product\/maria-galland-213-nomierinoss-krems-gentle-soothing-cream-50-ml\/","og_site_name":"cosmetic.lv","article_publisher":"https:\/\/www.facebook.com\/cosmetic.lv\/","article_modified_time":"2021-02-06T17:58:22+00:00","og_image":[{"width":803,"height":822,"url":"https:\/\/cosmetic.lv\/wp-content\/uploads\/2021\/02\/1408817_xl-4.jpg","type":"image\/jpeg"}],"twitter_card":"summary_large_image","schema":{"@context":"https:\/\/schema.org","@graph":[{"@type":"WebPage","@id":"https:\/\/cosmetic.lv\/lv\/product\/maria-galland-213-nomierinoss-krems-gentle-soothing-cream-50-ml\/","url":"https:\/\/cosmetic.lv\/lv\/product\/maria-galland-213-nomierinoss-krems-gentle-soothing-cream-50-ml\/","name":"MARIA GALLAND 213 nomierino\u0161s kr\u0113ms GENTLE SOOTHING CREAM 50 ML - cosmetic.lv","isPartOf":{"@id":"https:\/\/cosmetic.lv\/lv\/#website"},"primaryImageOfPage":{"@id":"https:\/\/cosmetic.lv\/lv\/product\/maria-galland-213-nomierinoss-krems-gentle-soothing-cream-50-ml\/#primaryimage"},"image":{"@id":"https:\/\/cosmetic.lv\/lv\/product\/maria-galland-213-nomierinoss-krems-gentle-soothing-cream-50-ml\/#primaryimage"},"thumbnailUrl":"https:\/\/cosmetic.lv\/wp-content\/uploads\/2021\/02\/1408817_xl-4.jpg","datePublished":"2021-02-06T17:58:16+00:00","dateModified":"2021-02-06T17:58:22+00:00","breadcrumb":{"@id":"https:\/\/cosmetic.lv\/lv\/product\/maria-galland-213-nomierinoss-krems-gentle-soothing-cream-50-ml\/#breadcrumb"},"inLanguage":"lv-LV","potentialAction":[{"@type":"ReadAction","target":["https:\/\/cosmetic.lv\/lv\/product\/maria-galland-213-nomierinoss-krems-gentle-soothing-cream-50-ml\/"]}]},{"@type":"ImageObject","inLanguage":"lv-LV","@id":"https:\/\/cosmetic.lv\/lv\/product\/maria-galland-213-nomierinoss-krems-gentle-soothing-cream-50-ml\/#primaryimage","url":"https:\/\/cosmetic.lv\/wp-content\/uploads\/2021\/02\/1408817_xl-4.jpg","contentUrl":"https:\/\/cosmetic.lv\/wp-content\/uploads\/2021\/02\/1408817_xl-4.jpg","width":803,"height":822,"caption":"1408817_xl.jpg"},{"@type":"BreadcrumbList","@id":"https:\/\/cosmetic.lv\/lv\/product\/maria-galland-213-nomierinoss-krems-gentle-soothing-cream-50-ml\/#breadcrumb","itemListElement":[{"@type":"ListItem","position":1,"name":"Home","item":"https:\/\/cosmetic.lv\/lv\/"},{"@type":"ListItem","position":2,"name":"Veikals","item":"https:\/\/cosmetic.lv\/lv\/veiklas\/"},{"@type":"ListItem","position":3,"name":"MARIA GALLAND 213 nomierino\u0161s kr\u0113ms GENTLE SOOTHING CREAM 50 ML"}]},{"@type":"WebSite","@id":"https:\/\/cosmetic.lv\/lv\/#website","url":"https:\/\/cosmetic.lv\/lv\/","name":"cosmetic.lv","description":"Profesion\u0101la kosm\u0113tika - Maria Galland, Keune, Arkadija, GMT, Guam, Magiray","publisher":{"@id":"https:\/\/cosmetic.lv\/lv\/#organization"},"potentialAction":[{"@type":"SearchAction","target":{"@type":"EntryPoint","urlTemplate":"https:\/\/cosmetic.lv\/lv\/?s={search_term_string}"},"query-input":{"@type":"PropertyValueSpecification","valueRequired":true,"valueName":"search_term_string"}}],"inLanguage":"lv-LV"},{"@type":"Organization","@id":"https:\/\/cosmetic.lv\/lv\/#organization","name":"COSMETIC.LV","url":"https:\/\/cosmetic.lv\/lv\/","logo":{"@type":"ImageObject","inLanguage":"lv-LV","@id":"https:\/\/cosmetic.lv\/lv\/#\/schema\/logo\/image\/","url":"https:\/\/cosmetic.lv\/wp-content\/uploads\/2021\/02\/cosmetic.lv_logo.jpg","contentUrl":"https:\/\/cosmetic.lv\/wp-content\/uploads\/2021\/02\/cosmetic.lv_logo.jpg","width":596,"height":196,"caption":"COSMETIC.LV"},"image":{"@id":"https:\/\/cosmetic.lv\/lv\/#\/schema\/logo\/image\/"},"sameAs":["https:\/\/www.facebook.com\/cosmetic.lv\/"]}]},"product_price_amount":"58.42","product_price_currency":"EUR","og_availability":"out of stock","product_availability":"out of stock","product_retailer_item_id":"213","product_condition":"new"},"_links":{"self":[{"href":"https:\/\/cosmetic.lv\/lv\/wp-json\/wp\/v2\/product\/34842","targetHints":{"allow":["GET"]}}],"collection":[{"href":"https:\/\/cosmetic.lv\/lv\/wp-json\/wp\/v2\/product"}],"about":[{"href":"https:\/\/cosmetic.lv\/lv\/wp-json\/wp\/v2\/types\/product"}],"wp:featuredmedia":[{"embeddable":true,"href":"https:\/\/cosmetic.lv\/lv\/wp-json\/wp\/v2\/media\/17542"}],"wp:attachment":[{"href":"https:\/\/cosmetic.lv\/lv\/wp-json\/wp\/v2\/media?parent=34842"}],"wp:term":[{"taxonomy":"product_brand","embeddable":true,"href":"https:\/\/cosmetic.lv\/lv\/wp-json\/wp\/v2\/product_brand?post=34842"},{"taxonomy":"product_cat","embeddable":true,"href":"https:\/\/cosmetic.lv\/lv\/wp-json\/wp\/v2\/product_cat?post=34842"},{"taxonomy":"product_tag","embeddable":true,"href":"https:\/\/cosmetic.lv\/lv\/wp-json\/wp\/v2\/product_tag?post=34842"}],"curies":[{"name":"wp","href":"https:\/\/api.w.org\/{rel}","templated":true}]}}