{"id":34843,"date":"2021-02-05T22:45:19","date_gmt":"2021-02-06T17:58:16","guid":{"rendered":"https:\/\/damme.lv\/product\/maria-galland-214-maigs-nomierinoss-krems-gentle-soothing-infinity-serum-30ml\/"},"modified":"2021-02-06T19:58:22","modified_gmt":"2021-02-06T17:58:22","slug":"maria-galland-214-maigs-nomierinoss-krems-gentle-soothing-infinity-serum-30ml","status":"publish","type":"product","link":"https:\/\/cosmetic.lv\/lv\/product\/maria-galland-214-maigs-nomierinoss-krems-gentle-soothing-infinity-serum-30ml\/","title":{"rendered":"MARIA GALLAND 214 maigs nomierino\u0161s kr\u0113ms   GENTLE SOOTHING INFINITY SERUM 30ML"},"content":{"rendered":"<p><!DOCTYPE html PUBLIC &quot;-\/\/W3C\/\/DTD XHTML 1.0 Transitional\/\/EN&quot; &quot;http:\/\/www.w3.org\/TR\/xhtml1\/DTD\/xhtml1-transitional.dtd&quot;><br \/>\n<html><br \/>\n<head><br \/>\n<title>Untitled document<\/title><br \/>\n<\/head><br \/>\n<body><\/p>\n<p>Uzreiz mazina kairin\u0101juma simptomus, nomierina un atsvaidzina \u0101du, samazina un normaliz\u0113 t\u0101s jut\u012bgumu. Iev\u0113rojami uzlabo epidermas aizsargfunkcijas. Trauc\u0113 audumu noveco&scaron;anu, uzlabo \u0101das turgoru. Ietver \u012bpa&scaron;u m\u012bkstino&scaron;u l\u012bdzekli ar augstu panesam\u012bbas formulu maig\u0101kai un efekt\u012bv\u0101kai \u0101das kop&scaron;anai.  Darb\u012bbas komponenti: Komplekss, kas regul\u0113 jut\u012bbu (lotosa ekstrakts 5%, Calmosensine &reg; 3%) mazina kairin\u0101jumu, iekaisumu, aps\u0101rtumu, ilgsto&scaron;u m\u012bkstino&scaron;u efektu. Efekt\u012bvs sensorais neiroregulators m\u012bkstina, normaliz\u0113 jut\u012bgumu, mazina kairin\u0101jumu. Mitrino&scaron;s komplekss (glikola atvasin\u0101jumi 3%) nodro&scaron;ina intens\u012bvu ilgsto&scaron;u hidrat\u0101ciju (vismaz 7 stundas). Aizsargkomplekss (silikona e\u013c\u013cas 4%) aizsarg\u0101, neizsl\u0113dzot poras. M\u012bkstino&scaron;ais komplekss (g\u0113la komponents 2,5% ar augstu tolerances formulu) rada \u013coti stabiliz\u0113tu tekst\u016bru. Nodro&scaron;ina augstu \u0101das p\u0101rnesam\u012bbu. Inhib\u0113 mastu &scaron;\u016bnu degranul\u0101ciju. Uzlabo \u0101das turgoru.  Lieto&scaron;ana: Pirms maigi nomierino&scaron;a kr\u0113ma uzkl\u0101&scaron;anas uzkl\u0101jiet no r\u012bta un vakar\u0101 uz t\u012bras \u0101das  Iepakojums: pudele ar s\u016bkni 30 ml<\/p>\n<p><\/body><br \/>\n<\/html><\/p>\n","protected":false},"excerpt":{"rendered":"<p>Untitled document Uzreiz mazina kairin\u0101juma simptomus, nomierina un atsvaidzina \u0101du, samazina un normaliz\u0113 t\u0101s jut\u012bgumu. Iev\u0113rojami uzlabo epidermas aizsargfunkcijas. Trauc\u0113<\/p>\n","protected":false},"featured_media":35898,"template":"","meta":[],"product_brand":[],"product_cat":[2273,2277],"product_tag":[],"class_list":{"0":"post-34843","1":"product","2":"type-product","3":"status-publish","4":"has-post-thumbnail","6":"product_cat-profesionala-kosmetika-sejai-un-kermenim-lv","7":"product_cat-maria-galland-francija-lv","9":"first","10":"instock","11":"sale","12":"featured","13":"taxable","14":"shipping-taxable","15":"purchasable","16":"product-type-simple"},"yoast_head":"<!-- This site is optimized with the Yoast SEO Premium plugin v27.0 (Yoast SEO v27.0) - https:\/\/yoast.com\/product\/yoast-seo-premium-wordpress\/ -->\n<title>MARIA GALLAND 214 maigs nomierino\u0161s kr\u0113ms  GENTLE SOOTHING INFINITY SERUM 30ML - cosmetic.lv<\/title>\n<meta name=\"robots\" content=\"index, follow, max-snippet:-1, max-image-preview:large, max-video-preview:-1\" \/>\n<link rel=\"canonical\" href=\"https:\/\/cosmetic.lv\/lv\/product\/maria-galland-214-maigs-nomierinoss-krems-gentle-soothing-infinity-serum-30ml\/\" \/>\n<meta property=\"og:locale\" content=\"lv_LV\" \/>\n<meta property=\"og:type\" content=\"article\" \/>\n<meta property=\"og:title\" content=\"MARIA GALLAND 214 maigs nomierino\u0161s kr\u0113ms  GENTLE SOOTHING INFINITY SERUM 30ML\" \/>\n<meta property=\"og:description\" content=\"Untitled document Uzreiz mazina kairin\u0101juma simptomus, nomierina un atsvaidzina \u0101du, samazina un normaliz\u0113 t\u0101s jut\u012bgumu. Iev\u0113rojami uzlabo epidermas aizsargfunkcijas. Trauc\u0113\" \/>\n<meta property=\"og:url\" content=\"https:\/\/cosmetic.lv\/lv\/product\/maria-galland-214-maigs-nomierinoss-krems-gentle-soothing-infinity-serum-30ml\/\" \/>\n<meta property=\"og:site_name\" content=\"cosmetic.lv\" \/>\n<meta property=\"article:publisher\" content=\"https:\/\/www.facebook.com\/cosmetic.lv\/\" \/>\n<meta property=\"article:modified_time\" content=\"2021-02-06T17:58:22+00:00\" \/>\n<meta property=\"og:image\" content=\"https:\/\/cosmetic.lv\/wp-content\/uploads\/2021\/02\/maria-galland-214-750x750-1.jpg\" \/>\n\t<meta property=\"og:image:width\" content=\"750\" \/>\n\t<meta property=\"og:image:height\" content=\"750\" \/>\n\t<meta property=\"og:image:type\" content=\"image\/jpeg\" \/>\n<meta name=\"twitter:card\" content=\"summary_large_image\" \/>\n<script type=\"application\/ld+json\" class=\"yoast-schema-graph\">{\"@context\":\"https:\/\/schema.org\",\"@graph\":[{\"@type\":\"WebPage\",\"@id\":\"https:\/\/cosmetic.lv\/lv\/product\/maria-galland-214-maigs-nomierinoss-krems-gentle-soothing-infinity-serum-30ml\/\",\"url\":\"https:\/\/cosmetic.lv\/lv\/product\/maria-galland-214-maigs-nomierinoss-krems-gentle-soothing-infinity-serum-30ml\/\",\"name\":\"MARIA GALLAND 214 maigs nomierino\u0161s kr\u0113ms GENTLE SOOTHING INFINITY SERUM 30ML - cosmetic.lv\",\"isPartOf\":{\"@id\":\"https:\/\/cosmetic.lv\/lv\/#website\"},\"primaryImageOfPage\":{\"@id\":\"https:\/\/cosmetic.lv\/lv\/product\/maria-galland-214-maigs-nomierinoss-krems-gentle-soothing-infinity-serum-30ml\/#primaryimage\"},\"image\":{\"@id\":\"https:\/\/cosmetic.lv\/lv\/product\/maria-galland-214-maigs-nomierinoss-krems-gentle-soothing-infinity-serum-30ml\/#primaryimage\"},\"thumbnailUrl\":\"https:\/\/cosmetic.lv\/wp-content\/uploads\/2021\/02\/maria-galland-214-750x750-1.jpg\",\"datePublished\":\"2021-02-06T17:58:16+00:00\",\"dateModified\":\"2021-02-06T17:58:22+00:00\",\"breadcrumb\":{\"@id\":\"https:\/\/cosmetic.lv\/lv\/product\/maria-galland-214-maigs-nomierinoss-krems-gentle-soothing-infinity-serum-30ml\/#breadcrumb\"},\"inLanguage\":\"lv-LV\",\"potentialAction\":[{\"@type\":\"ReadAction\",\"target\":[\"https:\/\/cosmetic.lv\/lv\/product\/maria-galland-214-maigs-nomierinoss-krems-gentle-soothing-infinity-serum-30ml\/\"]}]},{\"@type\":\"ImageObject\",\"inLanguage\":\"lv-LV\",\"@id\":\"https:\/\/cosmetic.lv\/lv\/product\/maria-galland-214-maigs-nomierinoss-krems-gentle-soothing-infinity-serum-30ml\/#primaryimage\",\"url\":\"https:\/\/cosmetic.lv\/wp-content\/uploads\/2021\/02\/maria-galland-214-750x750-1.jpg\",\"contentUrl\":\"https:\/\/cosmetic.lv\/wp-content\/uploads\/2021\/02\/maria-galland-214-750x750-1.jpg\",\"width\":750,\"height\":750,\"caption\":\"maria-galland-214\"},{\"@type\":\"BreadcrumbList\",\"@id\":\"https:\/\/cosmetic.lv\/lv\/product\/maria-galland-214-maigs-nomierinoss-krems-gentle-soothing-infinity-serum-30ml\/#breadcrumb\",\"itemListElement\":[{\"@type\":\"ListItem\",\"position\":1,\"name\":\"Home\",\"item\":\"https:\/\/cosmetic.lv\/lv\/\"},{\"@type\":\"ListItem\",\"position\":2,\"name\":\"Veikals\",\"item\":\"https:\/\/cosmetic.lv\/lv\/veiklas\/\"},{\"@type\":\"ListItem\",\"position\":3,\"name\":\"MARIA GALLAND 214 maigs nomierino\u0161s kr\u0113ms GENTLE SOOTHING INFINITY SERUM 30ML\"}]},{\"@type\":\"WebSite\",\"@id\":\"https:\/\/cosmetic.lv\/lv\/#website\",\"url\":\"https:\/\/cosmetic.lv\/lv\/\",\"name\":\"cosmetic.lv\",\"description\":\"Profesion\u0101la kosm\u0113tika - Maria Galland, Keune, Arkadija, GMT, Guam, Magiray\",\"publisher\":{\"@id\":\"https:\/\/cosmetic.lv\/lv\/#organization\"},\"potentialAction\":[{\"@type\":\"SearchAction\",\"target\":{\"@type\":\"EntryPoint\",\"urlTemplate\":\"https:\/\/cosmetic.lv\/lv\/?s={search_term_string}\"},\"query-input\":{\"@type\":\"PropertyValueSpecification\",\"valueRequired\":true,\"valueName\":\"search_term_string\"}}],\"inLanguage\":\"lv-LV\"},{\"@type\":\"Organization\",\"@id\":\"https:\/\/cosmetic.lv\/lv\/#organization\",\"name\":\"COSMETIC.LV\",\"url\":\"https:\/\/cosmetic.lv\/lv\/\",\"logo\":{\"@type\":\"ImageObject\",\"inLanguage\":\"lv-LV\",\"@id\":\"https:\/\/cosmetic.lv\/lv\/#\/schema\/logo\/image\/\",\"url\":\"https:\/\/cosmetic.lv\/wp-content\/uploads\/2021\/02\/cosmetic.lv_logo.jpg\",\"contentUrl\":\"https:\/\/cosmetic.lv\/wp-content\/uploads\/2021\/02\/cosmetic.lv_logo.jpg\",\"width\":596,\"height\":196,\"caption\":\"COSMETIC.LV\"},\"image\":{\"@id\":\"https:\/\/cosmetic.lv\/lv\/#\/schema\/logo\/image\/\"},\"sameAs\":[\"https:\/\/www.facebook.com\/cosmetic.lv\/\"]}]}<\/script>\n<meta property=\"product:price:amount\" content=\"70.88\" \/>\n<meta property=\"product:price:currency\" content=\"EUR\" \/>\n<meta property=\"og:availability\" content=\"instock\" \/>\n<meta property=\"product:availability\" content=\"instock\" \/>\n<meta property=\"product:retailer_item_id\" content=\"214\" \/>\n<meta property=\"product:condition\" content=\"new\" \/>\n<!-- \/ Yoast SEO Premium plugin. -->","yoast_head_json":{"title":"MARIA GALLAND 214 maigs nomierino\u0161s kr\u0113ms  GENTLE SOOTHING INFINITY SERUM 30ML - cosmetic.lv","robots":{"index":"index","follow":"follow","max-snippet":"max-snippet:-1","max-image-preview":"max-image-preview:large","max-video-preview":"max-video-preview:-1"},"canonical":"https:\/\/cosmetic.lv\/lv\/product\/maria-galland-214-maigs-nomierinoss-krems-gentle-soothing-infinity-serum-30ml\/","og_locale":"lv_LV","og_type":"article","og_title":"MARIA GALLAND 214 maigs nomierino\u0161s kr\u0113ms  GENTLE SOOTHING INFINITY SERUM 30ML","og_description":"Untitled document Uzreiz mazina kairin\u0101juma simptomus, nomierina un atsvaidzina \u0101du, samazina un normaliz\u0113 t\u0101s jut\u012bgumu. Iev\u0113rojami uzlabo epidermas aizsargfunkcijas. Trauc\u0113","og_url":"https:\/\/cosmetic.lv\/lv\/product\/maria-galland-214-maigs-nomierinoss-krems-gentle-soothing-infinity-serum-30ml\/","og_site_name":"cosmetic.lv","article_publisher":"https:\/\/www.facebook.com\/cosmetic.lv\/","article_modified_time":"2021-02-06T17:58:22+00:00","og_image":[{"width":750,"height":750,"url":"https:\/\/cosmetic.lv\/wp-content\/uploads\/2021\/02\/maria-galland-214-750x750-1.jpg","type":"image\/jpeg"}],"twitter_card":"summary_large_image","schema":{"@context":"https:\/\/schema.org","@graph":[{"@type":"WebPage","@id":"https:\/\/cosmetic.lv\/lv\/product\/maria-galland-214-maigs-nomierinoss-krems-gentle-soothing-infinity-serum-30ml\/","url":"https:\/\/cosmetic.lv\/lv\/product\/maria-galland-214-maigs-nomierinoss-krems-gentle-soothing-infinity-serum-30ml\/","name":"MARIA GALLAND 214 maigs nomierino\u0161s kr\u0113ms GENTLE SOOTHING INFINITY SERUM 30ML - cosmetic.lv","isPartOf":{"@id":"https:\/\/cosmetic.lv\/lv\/#website"},"primaryImageOfPage":{"@id":"https:\/\/cosmetic.lv\/lv\/product\/maria-galland-214-maigs-nomierinoss-krems-gentle-soothing-infinity-serum-30ml\/#primaryimage"},"image":{"@id":"https:\/\/cosmetic.lv\/lv\/product\/maria-galland-214-maigs-nomierinoss-krems-gentle-soothing-infinity-serum-30ml\/#primaryimage"},"thumbnailUrl":"https:\/\/cosmetic.lv\/wp-content\/uploads\/2021\/02\/maria-galland-214-750x750-1.jpg","datePublished":"2021-02-06T17:58:16+00:00","dateModified":"2021-02-06T17:58:22+00:00","breadcrumb":{"@id":"https:\/\/cosmetic.lv\/lv\/product\/maria-galland-214-maigs-nomierinoss-krems-gentle-soothing-infinity-serum-30ml\/#breadcrumb"},"inLanguage":"lv-LV","potentialAction":[{"@type":"ReadAction","target":["https:\/\/cosmetic.lv\/lv\/product\/maria-galland-214-maigs-nomierinoss-krems-gentle-soothing-infinity-serum-30ml\/"]}]},{"@type":"ImageObject","inLanguage":"lv-LV","@id":"https:\/\/cosmetic.lv\/lv\/product\/maria-galland-214-maigs-nomierinoss-krems-gentle-soothing-infinity-serum-30ml\/#primaryimage","url":"https:\/\/cosmetic.lv\/wp-content\/uploads\/2021\/02\/maria-galland-214-750x750-1.jpg","contentUrl":"https:\/\/cosmetic.lv\/wp-content\/uploads\/2021\/02\/maria-galland-214-750x750-1.jpg","width":750,"height":750,"caption":"maria-galland-214"},{"@type":"BreadcrumbList","@id":"https:\/\/cosmetic.lv\/lv\/product\/maria-galland-214-maigs-nomierinoss-krems-gentle-soothing-infinity-serum-30ml\/#breadcrumb","itemListElement":[{"@type":"ListItem","position":1,"name":"Home","item":"https:\/\/cosmetic.lv\/lv\/"},{"@type":"ListItem","position":2,"name":"Veikals","item":"https:\/\/cosmetic.lv\/lv\/veiklas\/"},{"@type":"ListItem","position":3,"name":"MARIA GALLAND 214 maigs nomierino\u0161s kr\u0113ms GENTLE SOOTHING INFINITY SERUM 30ML"}]},{"@type":"WebSite","@id":"https:\/\/cosmetic.lv\/lv\/#website","url":"https:\/\/cosmetic.lv\/lv\/","name":"cosmetic.lv","description":"Profesion\u0101la kosm\u0113tika - Maria Galland, Keune, Arkadija, GMT, Guam, Magiray","publisher":{"@id":"https:\/\/cosmetic.lv\/lv\/#organization"},"potentialAction":[{"@type":"SearchAction","target":{"@type":"EntryPoint","urlTemplate":"https:\/\/cosmetic.lv\/lv\/?s={search_term_string}"},"query-input":{"@type":"PropertyValueSpecification","valueRequired":true,"valueName":"search_term_string"}}],"inLanguage":"lv-LV"},{"@type":"Organization","@id":"https:\/\/cosmetic.lv\/lv\/#organization","name":"COSMETIC.LV","url":"https:\/\/cosmetic.lv\/lv\/","logo":{"@type":"ImageObject","inLanguage":"lv-LV","@id":"https:\/\/cosmetic.lv\/lv\/#\/schema\/logo\/image\/","url":"https:\/\/cosmetic.lv\/wp-content\/uploads\/2021\/02\/cosmetic.lv_logo.jpg","contentUrl":"https:\/\/cosmetic.lv\/wp-content\/uploads\/2021\/02\/cosmetic.lv_logo.jpg","width":596,"height":196,"caption":"COSMETIC.LV"},"image":{"@id":"https:\/\/cosmetic.lv\/lv\/#\/schema\/logo\/image\/"},"sameAs":["https:\/\/www.facebook.com\/cosmetic.lv\/"]}]},"product_price_amount":"70.88","product_price_currency":"EUR","og_availability":"instock","product_availability":"instock","product_retailer_item_id":"214","product_condition":"new"},"_links":{"self":[{"href":"https:\/\/cosmetic.lv\/lv\/wp-json\/wp\/v2\/product\/34843","targetHints":{"allow":["GET"]}}],"collection":[{"href":"https:\/\/cosmetic.lv\/lv\/wp-json\/wp\/v2\/product"}],"about":[{"href":"https:\/\/cosmetic.lv\/lv\/wp-json\/wp\/v2\/types\/product"}],"wp:featuredmedia":[{"embeddable":true,"href":"https:\/\/cosmetic.lv\/lv\/wp-json\/wp\/v2\/media\/35898"}],"wp:attachment":[{"href":"https:\/\/cosmetic.lv\/lv\/wp-json\/wp\/v2\/media?parent=34843"}],"wp:term":[{"taxonomy":"product_brand","embeddable":true,"href":"https:\/\/cosmetic.lv\/lv\/wp-json\/wp\/v2\/product_brand?post=34843"},{"taxonomy":"product_cat","embeddable":true,"href":"https:\/\/cosmetic.lv\/lv\/wp-json\/wp\/v2\/product_cat?post=34843"},{"taxonomy":"product_tag","embeddable":true,"href":"https:\/\/cosmetic.lv\/lv\/wp-json\/wp\/v2\/product_tag?post=34843"}],"curies":[{"name":"wp","href":"https:\/\/api.w.org\/{rel}","templated":true}]}}