{"id":34847,"date":"2021-02-05T22:45:28","date_gmt":"2021-02-05T20:45:28","guid":{"rendered":"https:\/\/damme.lv\/product\/ausu-fitosveces-2gab\/"},"modified":"2021-02-06T22:14:58","modified_gmt":"2021-02-06T20:14:58","slug":"ausu-fitosveces-2gab","status":"publish","type":"product","link":"https:\/\/cosmetic.lv\/lv\/product\/ausu-fitosveces-2gab\/","title":{"rendered":"Ausu fitosveces 2gab."},"content":{"rendered":"<p>&nbsp;<\/p>\n<p>Ausu fitosveces 2gab. Sast\u0101vs Bi\u0161u vasks, \u0113terisk\u0101s e\u013c\u013cas: eikalipts, kan\u0113lis, lavanda un citi. Lieto\u0161anas indik\u0101cijas: &#8211; Ausu, r\u012bkles, deguna iekaisuma slim\u012bbas (ak\u016bts un hronisks rin\u012bts, vidusauss iekaisums, tonsil\u012bts, faring\u012bts). &#8211; iekaisuma slim\u012bbas paranas\u0101l\u0101s sinusa (sinus\u012bts, front\u012bts). &#8211; Ausu s\u0113ra aizb\u0101\u017e\u0146i. &#8211; da\u017e\u0101du etiolo\u0123iju tin\u012bts, da\u017ei dzirdes zuduma gad\u012bjumi, hiperakuzija. &#8211; Reibonis, galvass\u0101pes, migr\u0113na. &#8211; miega trauc\u0113jumi. &#8211; nervozit\u0101te, uzbudin\u0101m\u012bba, stresa st\u0101voklis. Devas un ievad\u012b\u0161ana 1. Sagatavojiet divas fito-sveces, uz galvas p\u0101rkl\u0101jumu, ar kokvilnas vati, s\u0113rkoci\u0146iem, gl\u0101zi ar \u016bdeni, b\u0113rnu kr\u0113mu, vates vati. 2. Nogulieties uz s\u0101niem, ielieciet mazu spilvenu zem galvas, nosedziet galvu ar kokvilnas salveti ar austi\u0146u. 3. Izgatavojiet vieglu auskaru mas\u0101\u017eu ar kr\u0113mu, aktiviz\u0113jot bioakt\u012bvos punktus. 4. Apgaismojiet sveces aug\u0161\u0113jo galu. 5. Apak\u0161\u0113jais gals (ar foliju), uzman\u012bgi pieturieties pie \u0101r\u0113j\u0101 dzirdes kan\u0101la. 6. Svecei j\u0101izdedz, bet ne virs folijas (eti\u0137etes), un p\u0113c tam dz\u0113st gl\u0101zi \u016bdens. 7. Not\u012briet ausu ar n\u016bju ar vates vati, uzlieciet kokvilnu 10-15 min\u016btes. 8. Atk\u0101rtojiet proced\u016bru ar otru ausu. P\u0113c proced\u016bras nevajadz\u0113tu samitrin\u0101t galvu. Hronisku slim\u012bbu gad\u012bjum\u0101 reizi ned\u0113\u013c\u0101 ieteicams veikt 5-6 \u0101rst\u0113\u0161anas sesijas. Ak\u016btu slim\u012bbu gad\u012bjum\u0101 &#8211; reizi dien\u0101 2-3 dienas. Kontrindik\u0101cijas Putek\u013cains izdal\u012b\u0161an\u0101s no auss. Boj\u0101jumu nodar\u012b\u0161ana korpusam un \u0101r\u0113jam dzirdes kan\u0101lam. Audz\u0113ja procesi galv\u0101. Aler\u0123iskas reakcijas pret bi\u0161u produktiem. Uzglab\u0101\u0161anas nosac\u012bjumi Uzglab\u0101t saus\u0101, v\u0113s\u0101 viet\u0101 plastmasas maisi\u0146\u0101. Uzglab\u0101t b\u0113rniem nepieejam\u0101 viet\u0101. Nelietot p\u0113c der\u012bguma termi\u0146a beig\u0101m.<\/p>\n<p>&nbsp;<\/p>\n","protected":false},"excerpt":{"rendered":"<p>&nbsp; Ausu fitosveces 2gab. Sast\u0101vs Bi\u0161u vasks, \u0113terisk\u0101s e\u013c\u013cas: eikalipts, kan\u0113lis, lavanda un citi. Lieto\u0161anas indik\u0101cijas: &#8211; Ausu, r\u012bkles, deguna<\/p>\n","protected":false},"featured_media":15132,"template":"","meta":[],"product_brand":[],"product_cat":[2231,2232],"product_tag":[],"class_list":{"0":"post-34847","1":"product","2":"type-product","3":"status-publish","4":"has-post-thumbnail","6":"product_cat-atveselojosas-preces-lv","7":"product_cat-sejai-galvai-lv","9":"first","10":"instock","11":"taxable","12":"shipping-taxable","13":"purchasable","14":"product-type-simple"},"yoast_head":"<!-- This site is optimized with the Yoast SEO Premium plugin v27.0 (Yoast SEO v27.0) - https:\/\/yoast.com\/product\/yoast-seo-premium-wordpress\/ -->\n<title>Ausu fitosveces 2gab. - cosmetic.lv<\/title>\n<meta name=\"robots\" content=\"index, follow, max-snippet:-1, max-image-preview:large, max-video-preview:-1\" \/>\n<link rel=\"canonical\" href=\"https:\/\/cosmetic.lv\/lv\/product\/ausu-fitosveces-2gab\/\" \/>\n<meta property=\"og:locale\" content=\"lv_LV\" \/>\n<meta property=\"og:type\" content=\"article\" \/>\n<meta property=\"og:title\" content=\"Ausu fitosveces 2gab.\" \/>\n<meta property=\"og:description\" content=\"&nbsp; Ausu fitosveces 2gab. Sast\u0101vs Bi\u0161u vasks, \u0113terisk\u0101s e\u013c\u013cas: eikalipts, kan\u0113lis, lavanda un citi. Lieto\u0161anas indik\u0101cijas: &#8211; Ausu, r\u012bkles, deguna\" \/>\n<meta property=\"og:url\" content=\"https:\/\/cosmetic.lv\/lv\/product\/ausu-fitosveces-2gab\/\" \/>\n<meta property=\"og:site_name\" content=\"cosmetic.lv\" \/>\n<meta property=\"article:publisher\" content=\"https:\/\/www.facebook.com\/cosmetic.lv\/\" \/>\n<meta property=\"article:modified_time\" content=\"2021-02-06T20:14:58+00:00\" \/>\n<meta property=\"og:image\" content=\"https:\/\/cosmetic.lv\/wp-content\/uploads\/2021\/02\/i-7.jpg\" \/>\n\t<meta property=\"og:image:width\" content=\"225\" \/>\n\t<meta property=\"og:image:height\" content=\"150\" \/>\n\t<meta property=\"og:image:type\" content=\"image\/jpeg\" \/>\n<meta name=\"twitter:card\" content=\"summary_large_image\" \/>\n<script type=\"application\/ld+json\" class=\"yoast-schema-graph\">{\"@context\":\"https:\/\/schema.org\",\"@graph\":[{\"@type\":\"WebPage\",\"@id\":\"https:\/\/cosmetic.lv\/lv\/product\/ausu-fitosveces-2gab\/\",\"url\":\"https:\/\/cosmetic.lv\/lv\/product\/ausu-fitosveces-2gab\/\",\"name\":\"Ausu fitosveces 2gab. - cosmetic.lv\",\"isPartOf\":{\"@id\":\"https:\/\/cosmetic.lv\/lv\/#website\"},\"primaryImageOfPage\":{\"@id\":\"https:\/\/cosmetic.lv\/lv\/product\/ausu-fitosveces-2gab\/#primaryimage\"},\"image\":{\"@id\":\"https:\/\/cosmetic.lv\/lv\/product\/ausu-fitosveces-2gab\/#primaryimage\"},\"thumbnailUrl\":\"https:\/\/cosmetic.lv\/wp-content\/uploads\/2021\/02\/i-7.jpg\",\"datePublished\":\"2021-02-05T20:45:28+00:00\",\"dateModified\":\"2021-02-06T20:14:58+00:00\",\"breadcrumb\":{\"@id\":\"https:\/\/cosmetic.lv\/lv\/product\/ausu-fitosveces-2gab\/#breadcrumb\"},\"inLanguage\":\"lv-LV\",\"potentialAction\":[{\"@type\":\"ReadAction\",\"target\":[\"https:\/\/cosmetic.lv\/lv\/product\/ausu-fitosveces-2gab\/\"]}]},{\"@type\":\"ImageObject\",\"inLanguage\":\"lv-LV\",\"@id\":\"https:\/\/cosmetic.lv\/lv\/product\/ausu-fitosveces-2gab\/#primaryimage\",\"url\":\"https:\/\/cosmetic.lv\/wp-content\/uploads\/2021\/02\/i-7.jpg\",\"contentUrl\":\"https:\/\/cosmetic.lv\/wp-content\/uploads\/2021\/02\/i-7.jpg\",\"width\":225,\"height\":150,\"caption\":\"i.jpg\"},{\"@type\":\"BreadcrumbList\",\"@id\":\"https:\/\/cosmetic.lv\/lv\/product\/ausu-fitosveces-2gab\/#breadcrumb\",\"itemListElement\":[{\"@type\":\"ListItem\",\"position\":1,\"name\":\"Home\",\"item\":\"https:\/\/cosmetic.lv\/lv\/\"},{\"@type\":\"ListItem\",\"position\":2,\"name\":\"Veikals\",\"item\":\"https:\/\/cosmetic.lv\/lv\/veiklas\/\"},{\"@type\":\"ListItem\",\"position\":3,\"name\":\"Ausu fitosveces 2gab.\"}]},{\"@type\":\"WebSite\",\"@id\":\"https:\/\/cosmetic.lv\/lv\/#website\",\"url\":\"https:\/\/cosmetic.lv\/lv\/\",\"name\":\"cosmetic.lv\",\"description\":\"Profesion\u0101la kosm\u0113tika - Maria Galland, Keune, Arkadija, GMT, Guam, Magiray\",\"publisher\":{\"@id\":\"https:\/\/cosmetic.lv\/lv\/#organization\"},\"potentialAction\":[{\"@type\":\"SearchAction\",\"target\":{\"@type\":\"EntryPoint\",\"urlTemplate\":\"https:\/\/cosmetic.lv\/lv\/?s={search_term_string}\"},\"query-input\":{\"@type\":\"PropertyValueSpecification\",\"valueRequired\":true,\"valueName\":\"search_term_string\"}}],\"inLanguage\":\"lv-LV\"},{\"@type\":\"Organization\",\"@id\":\"https:\/\/cosmetic.lv\/lv\/#organization\",\"name\":\"COSMETIC.LV\",\"url\":\"https:\/\/cosmetic.lv\/lv\/\",\"logo\":{\"@type\":\"ImageObject\",\"inLanguage\":\"lv-LV\",\"@id\":\"https:\/\/cosmetic.lv\/lv\/#\/schema\/logo\/image\/\",\"url\":\"https:\/\/cosmetic.lv\/wp-content\/uploads\/2021\/02\/cosmetic.lv_logo.jpg\",\"contentUrl\":\"https:\/\/cosmetic.lv\/wp-content\/uploads\/2021\/02\/cosmetic.lv_logo.jpg\",\"width\":596,\"height\":196,\"caption\":\"COSMETIC.LV\"},\"image\":{\"@id\":\"https:\/\/cosmetic.lv\/lv\/#\/schema\/logo\/image\/\"},\"sameAs\":[\"https:\/\/www.facebook.com\/cosmetic.lv\/\"]}]}<\/script>\n<meta property=\"product:price:amount\" content=\"2.50\" \/>\n<meta property=\"product:price:currency\" content=\"EUR\" \/>\n<meta property=\"og:availability\" content=\"instock\" \/>\n<meta property=\"product:availability\" content=\"instock\" \/>\n<meta property=\"product:retailer_item_id\" content=\"285\" \/>\n<meta property=\"product:condition\" content=\"new\" \/>\n<!-- \/ Yoast SEO Premium plugin. -->","yoast_head_json":{"title":"Ausu fitosveces 2gab. - cosmetic.lv","robots":{"index":"index","follow":"follow","max-snippet":"max-snippet:-1","max-image-preview":"max-image-preview:large","max-video-preview":"max-video-preview:-1"},"canonical":"https:\/\/cosmetic.lv\/lv\/product\/ausu-fitosveces-2gab\/","og_locale":"lv_LV","og_type":"article","og_title":"Ausu fitosveces 2gab.","og_description":"&nbsp; Ausu fitosveces 2gab. Sast\u0101vs Bi\u0161u vasks, \u0113terisk\u0101s e\u013c\u013cas: eikalipts, kan\u0113lis, lavanda un citi. Lieto\u0161anas indik\u0101cijas: &#8211; Ausu, r\u012bkles, deguna","og_url":"https:\/\/cosmetic.lv\/lv\/product\/ausu-fitosveces-2gab\/","og_site_name":"cosmetic.lv","article_publisher":"https:\/\/www.facebook.com\/cosmetic.lv\/","article_modified_time":"2021-02-06T20:14:58+00:00","og_image":[{"width":225,"height":150,"url":"https:\/\/cosmetic.lv\/wp-content\/uploads\/2021\/02\/i-7.jpg","type":"image\/jpeg"}],"twitter_card":"summary_large_image","schema":{"@context":"https:\/\/schema.org","@graph":[{"@type":"WebPage","@id":"https:\/\/cosmetic.lv\/lv\/product\/ausu-fitosveces-2gab\/","url":"https:\/\/cosmetic.lv\/lv\/product\/ausu-fitosveces-2gab\/","name":"Ausu fitosveces 2gab. - cosmetic.lv","isPartOf":{"@id":"https:\/\/cosmetic.lv\/lv\/#website"},"primaryImageOfPage":{"@id":"https:\/\/cosmetic.lv\/lv\/product\/ausu-fitosveces-2gab\/#primaryimage"},"image":{"@id":"https:\/\/cosmetic.lv\/lv\/product\/ausu-fitosveces-2gab\/#primaryimage"},"thumbnailUrl":"https:\/\/cosmetic.lv\/wp-content\/uploads\/2021\/02\/i-7.jpg","datePublished":"2021-02-05T20:45:28+00:00","dateModified":"2021-02-06T20:14:58+00:00","breadcrumb":{"@id":"https:\/\/cosmetic.lv\/lv\/product\/ausu-fitosveces-2gab\/#breadcrumb"},"inLanguage":"lv-LV","potentialAction":[{"@type":"ReadAction","target":["https:\/\/cosmetic.lv\/lv\/product\/ausu-fitosveces-2gab\/"]}]},{"@type":"ImageObject","inLanguage":"lv-LV","@id":"https:\/\/cosmetic.lv\/lv\/product\/ausu-fitosveces-2gab\/#primaryimage","url":"https:\/\/cosmetic.lv\/wp-content\/uploads\/2021\/02\/i-7.jpg","contentUrl":"https:\/\/cosmetic.lv\/wp-content\/uploads\/2021\/02\/i-7.jpg","width":225,"height":150,"caption":"i.jpg"},{"@type":"BreadcrumbList","@id":"https:\/\/cosmetic.lv\/lv\/product\/ausu-fitosveces-2gab\/#breadcrumb","itemListElement":[{"@type":"ListItem","position":1,"name":"Home","item":"https:\/\/cosmetic.lv\/lv\/"},{"@type":"ListItem","position":2,"name":"Veikals","item":"https:\/\/cosmetic.lv\/lv\/veiklas\/"},{"@type":"ListItem","position":3,"name":"Ausu fitosveces 2gab."}]},{"@type":"WebSite","@id":"https:\/\/cosmetic.lv\/lv\/#website","url":"https:\/\/cosmetic.lv\/lv\/","name":"cosmetic.lv","description":"Profesion\u0101la kosm\u0113tika - Maria Galland, Keune, Arkadija, GMT, Guam, Magiray","publisher":{"@id":"https:\/\/cosmetic.lv\/lv\/#organization"},"potentialAction":[{"@type":"SearchAction","target":{"@type":"EntryPoint","urlTemplate":"https:\/\/cosmetic.lv\/lv\/?s={search_term_string}"},"query-input":{"@type":"PropertyValueSpecification","valueRequired":true,"valueName":"search_term_string"}}],"inLanguage":"lv-LV"},{"@type":"Organization","@id":"https:\/\/cosmetic.lv\/lv\/#organization","name":"COSMETIC.LV","url":"https:\/\/cosmetic.lv\/lv\/","logo":{"@type":"ImageObject","inLanguage":"lv-LV","@id":"https:\/\/cosmetic.lv\/lv\/#\/schema\/logo\/image\/","url":"https:\/\/cosmetic.lv\/wp-content\/uploads\/2021\/02\/cosmetic.lv_logo.jpg","contentUrl":"https:\/\/cosmetic.lv\/wp-content\/uploads\/2021\/02\/cosmetic.lv_logo.jpg","width":596,"height":196,"caption":"COSMETIC.LV"},"image":{"@id":"https:\/\/cosmetic.lv\/lv\/#\/schema\/logo\/image\/"},"sameAs":["https:\/\/www.facebook.com\/cosmetic.lv\/"]}]},"product_price_amount":"2.50","product_price_currency":"EUR","og_availability":"instock","product_availability":"instock","product_retailer_item_id":"285","product_condition":"new"},"_links":{"self":[{"href":"https:\/\/cosmetic.lv\/lv\/wp-json\/wp\/v2\/product\/34847","targetHints":{"allow":["GET"]}}],"collection":[{"href":"https:\/\/cosmetic.lv\/lv\/wp-json\/wp\/v2\/product"}],"about":[{"href":"https:\/\/cosmetic.lv\/lv\/wp-json\/wp\/v2\/types\/product"}],"wp:featuredmedia":[{"embeddable":true,"href":"https:\/\/cosmetic.lv\/lv\/wp-json\/wp\/v2\/media\/15132"}],"wp:attachment":[{"href":"https:\/\/cosmetic.lv\/lv\/wp-json\/wp\/v2\/media?parent=34847"}],"wp:term":[{"taxonomy":"product_brand","embeddable":true,"href":"https:\/\/cosmetic.lv\/lv\/wp-json\/wp\/v2\/product_brand?post=34847"},{"taxonomy":"product_cat","embeddable":true,"href":"https:\/\/cosmetic.lv\/lv\/wp-json\/wp\/v2\/product_cat?post=34847"},{"taxonomy":"product_tag","embeddable":true,"href":"https:\/\/cosmetic.lv\/lv\/wp-json\/wp\/v2\/product_tag?post=34847"}],"curies":[{"name":"wp","href":"https:\/\/api.w.org\/{rel}","templated":true}]}}