{"id":34851,"date":"2021-02-05T22:45:28","date_gmt":"2021-02-06T17:58:24","guid":{"rendered":"https:\/\/damme.lv\/product\/maria-galland-cell-rejuvenating-serum-5c-30ml\/"},"modified":"2021-02-06T19:58:29","modified_gmt":"2021-02-06T17:58:29","slug":"maria-galland-cell-rejuvenating-serum-5c-30ml","status":"publish","type":"product","link":"https:\/\/cosmetic.lv\/lv\/product\/maria-galland-cell-rejuvenating-serum-5c-30ml\/","title":{"rendered":"Maria Galland Cell Rejuvenating Serum 5C 30ml"},"content":{"rendered":"<p>Gai\u0161\u0101, z\u012bdain\u0101 tekst\u016bra emulsija nodro\u0161ina redzamu atjauno\u0161an\u0101s efektu. Novatoriskas v\u012bnogu cilmes \u0161\u016bnu ekstrakts palielina \u0161\u016bnu aktivit\u0101ti, savuk\u0101rt ziedu ekstrakti aizsarg\u0101 \u0101du no negat\u012bv\u0101m vides ietekm\u0113m. To lieto p\u0113c pirmaj\u0101m \u0101das noveco\u0161an\u0101s paz\u012bm\u0113m p\u0113c 35 gadiem.<\/p>\n<p>Darb\u012bbas komponenti:<\/p>\n<p>V\u012bnogu cilmes \u0161\u016bnu ekstrakts, kas iekapsul\u0113ts liposom\u0101s, uzlabo \u0101das cilmes \u0161\u016bnu aktivit\u0101ti.<br \/>\nEkskluz\u012bvs piecu kr\u0101su ekstraktu komplekss (edelweiss, frangipani, jasm\u012bns, lotoss un magnolija) izl\u012bdzina grumbas, uzlabo \u0101das strukt\u016bru, padara sejas vienveid\u012bgu, m\u012bkstina un mitrina.<br \/>\nApriko\u017eu s\u0113klu e\u013c\u013ca nov\u0113r\u0161 priek\u0161laic\u012bgu noveco\u0161anos<br \/>\nKalv\u0101ns, pantenols, alanto\u012bns baro, aizsarg\u0101 epidermu. Saglab\u0101 optim\u0101lu \u0101das mitrin\u0101\u0161anas l\u012bmeni.<br \/>\nAntioksidantu komplekss ar koenz\u012bmu Q10 un E vitam\u012bnu baro \u0101das \u0161\u016bnas ar ener\u0123iju. Aizsarg\u0101 pret br\u012bvo radik\u0101\u013cu kait\u012bgo ietekmi.<\/p>\n<p>K\u0101 lietot: uzkl\u0101jiet uz sejas un kakla no r\u012bta un \/ vai vakar\u0101, pirms uzkl\u0101jiet vienu no kr\u0113miem &#8211; 5, 5A vai 5B.<\/p>\n<p>Pieejams: 30 ml dozatora pudel\u0113<\/p>\n","protected":false},"excerpt":{"rendered":"<p>Gai\u0161\u0101, z\u012bdain\u0101 tekst\u016bra emulsija nodro\u0161ina redzamu atjauno\u0161an\u0101s efektu. Novatoriskas v\u012bnogu cilmes \u0161\u016bnu ekstrakts palielina \u0161\u016bnu aktivit\u0101ti, savuk\u0101rt ziedu ekstrakti aizsarg\u0101<\/p>\n","protected":false},"featured_media":36059,"template":"","meta":[],"product_brand":[],"product_cat":[2273,2277],"product_tag":[],"class_list":{"0":"post-34851","1":"product","2":"type-product","3":"status-publish","4":"has-post-thumbnail","6":"product_cat-profesionala-kosmetika-sejai-un-kermenim-lv","7":"product_cat-maria-galland-francija-lv","9":"first","10":"instock","11":"sale","12":"featured","13":"taxable","14":"shipping-taxable","15":"purchasable","16":"product-type-simple"},"yoast_head":"<!-- This site is optimized with the Yoast SEO Premium plugin v27.0 (Yoast SEO v27.0) - https:\/\/yoast.com\/product\/yoast-seo-premium-wordpress\/ -->\n<title>Maria Galland Cell Rejuvenating Serum 5C 30ml - cosmetic.lv<\/title>\n<meta name=\"robots\" content=\"index, follow, max-snippet:-1, max-image-preview:large, max-video-preview:-1\" \/>\n<link rel=\"canonical\" href=\"https:\/\/cosmetic.lv\/lv\/product\/maria-galland-cell-rejuvenating-serum-5c-30ml\/\" \/>\n<meta property=\"og:locale\" content=\"lv_LV\" \/>\n<meta property=\"og:type\" content=\"article\" \/>\n<meta property=\"og:title\" content=\"Maria Galland Cell Rejuvenating Serum 5C 30ml\" \/>\n<meta property=\"og:description\" content=\"Gai\u0161\u0101, z\u012bdain\u0101 tekst\u016bra emulsija nodro\u0161ina redzamu atjauno\u0161an\u0101s efektu. Novatoriskas v\u012bnogu cilmes \u0161\u016bnu ekstrakts palielina \u0161\u016bnu aktivit\u0101ti, savuk\u0101rt ziedu ekstrakti aizsarg\u0101\" \/>\n<meta property=\"og:url\" content=\"https:\/\/cosmetic.lv\/lv\/product\/maria-galland-cell-rejuvenating-serum-5c-30ml\/\" \/>\n<meta property=\"og:site_name\" content=\"cosmetic.lv\" \/>\n<meta property=\"article:publisher\" content=\"https:\/\/www.facebook.com\/cosmetic.lv\/\" \/>\n<meta property=\"article:modified_time\" content=\"2021-02-06T17:58:29+00:00\" \/>\n<meta property=\"og:image\" content=\"https:\/\/cosmetic.lv\/wp-content\/uploads\/2021\/02\/maria-galland-5c-750x750-1.jpg\" \/>\n\t<meta property=\"og:image:width\" content=\"750\" \/>\n\t<meta property=\"og:image:height\" content=\"750\" \/>\n\t<meta property=\"og:image:type\" content=\"image\/jpeg\" \/>\n<meta name=\"twitter:card\" content=\"summary_large_image\" \/>\n<script type=\"application\/ld+json\" class=\"yoast-schema-graph\">{\"@context\":\"https:\/\/schema.org\",\"@graph\":[{\"@type\":\"WebPage\",\"@id\":\"https:\/\/cosmetic.lv\/lv\/product\/maria-galland-cell-rejuvenating-serum-5c-30ml\/\",\"url\":\"https:\/\/cosmetic.lv\/lv\/product\/maria-galland-cell-rejuvenating-serum-5c-30ml\/\",\"name\":\"Maria Galland Cell Rejuvenating Serum 5C 30ml - cosmetic.lv\",\"isPartOf\":{\"@id\":\"https:\/\/cosmetic.lv\/lv\/#website\"},\"primaryImageOfPage\":{\"@id\":\"https:\/\/cosmetic.lv\/lv\/product\/maria-galland-cell-rejuvenating-serum-5c-30ml\/#primaryimage\"},\"image\":{\"@id\":\"https:\/\/cosmetic.lv\/lv\/product\/maria-galland-cell-rejuvenating-serum-5c-30ml\/#primaryimage\"},\"thumbnailUrl\":\"https:\/\/cosmetic.lv\/wp-content\/uploads\/2021\/02\/maria-galland-5c-750x750-1.jpg\",\"datePublished\":\"2021-02-06T17:58:24+00:00\",\"dateModified\":\"2021-02-06T17:58:29+00:00\",\"breadcrumb\":{\"@id\":\"https:\/\/cosmetic.lv\/lv\/product\/maria-galland-cell-rejuvenating-serum-5c-30ml\/#breadcrumb\"},\"inLanguage\":\"lv-LV\",\"potentialAction\":[{\"@type\":\"ReadAction\",\"target\":[\"https:\/\/cosmetic.lv\/lv\/product\/maria-galland-cell-rejuvenating-serum-5c-30ml\/\"]}]},{\"@type\":\"ImageObject\",\"inLanguage\":\"lv-LV\",\"@id\":\"https:\/\/cosmetic.lv\/lv\/product\/maria-galland-cell-rejuvenating-serum-5c-30ml\/#primaryimage\",\"url\":\"https:\/\/cosmetic.lv\/wp-content\/uploads\/2021\/02\/maria-galland-5c-750x750-1.jpg\",\"contentUrl\":\"https:\/\/cosmetic.lv\/wp-content\/uploads\/2021\/02\/maria-galland-5c-750x750-1.jpg\",\"width\":750,\"height\":750,\"caption\":\"maria-galland-5c\"},{\"@type\":\"BreadcrumbList\",\"@id\":\"https:\/\/cosmetic.lv\/lv\/product\/maria-galland-cell-rejuvenating-serum-5c-30ml\/#breadcrumb\",\"itemListElement\":[{\"@type\":\"ListItem\",\"position\":1,\"name\":\"Home\",\"item\":\"https:\/\/cosmetic.lv\/lv\/\"},{\"@type\":\"ListItem\",\"position\":2,\"name\":\"Veikals\",\"item\":\"https:\/\/cosmetic.lv\/lv\/veiklas\/\"},{\"@type\":\"ListItem\",\"position\":3,\"name\":\"Maria Galland Cell Rejuvenating Serum 5C 30ml\"}]},{\"@type\":\"WebSite\",\"@id\":\"https:\/\/cosmetic.lv\/lv\/#website\",\"url\":\"https:\/\/cosmetic.lv\/lv\/\",\"name\":\"cosmetic.lv\",\"description\":\"Profesion\u0101la kosm\u0113tika - Maria Galland, Keune, Arkadija, GMT, Guam, Magiray\",\"publisher\":{\"@id\":\"https:\/\/cosmetic.lv\/lv\/#organization\"},\"potentialAction\":[{\"@type\":\"SearchAction\",\"target\":{\"@type\":\"EntryPoint\",\"urlTemplate\":\"https:\/\/cosmetic.lv\/lv\/?s={search_term_string}\"},\"query-input\":{\"@type\":\"PropertyValueSpecification\",\"valueRequired\":true,\"valueName\":\"search_term_string\"}}],\"inLanguage\":\"lv-LV\"},{\"@type\":\"Organization\",\"@id\":\"https:\/\/cosmetic.lv\/lv\/#organization\",\"name\":\"COSMETIC.LV\",\"url\":\"https:\/\/cosmetic.lv\/lv\/\",\"logo\":{\"@type\":\"ImageObject\",\"inLanguage\":\"lv-LV\",\"@id\":\"https:\/\/cosmetic.lv\/lv\/#\/schema\/logo\/image\/\",\"url\":\"https:\/\/cosmetic.lv\/wp-content\/uploads\/2021\/02\/cosmetic.lv_logo.jpg\",\"contentUrl\":\"https:\/\/cosmetic.lv\/wp-content\/uploads\/2021\/02\/cosmetic.lv_logo.jpg\",\"width\":596,\"height\":196,\"caption\":\"COSMETIC.LV\"},\"image\":{\"@id\":\"https:\/\/cosmetic.lv\/lv\/#\/schema\/logo\/image\/\"},\"sameAs\":[\"https:\/\/www.facebook.com\/cosmetic.lv\/\"]}]}<\/script>\n<meta property=\"product:price:amount\" content=\"101.00\" \/>\n<meta property=\"product:price:currency\" content=\"EUR\" \/>\n<meta property=\"og:availability\" content=\"instock\" \/>\n<meta property=\"product:availability\" content=\"instock\" \/>\n<meta property=\"product:retailer_item_id\" content=\"5c\" \/>\n<meta property=\"product:condition\" content=\"new\" \/>\n<!-- \/ Yoast SEO Premium plugin. -->","yoast_head_json":{"title":"Maria Galland Cell Rejuvenating Serum 5C 30ml - cosmetic.lv","robots":{"index":"index","follow":"follow","max-snippet":"max-snippet:-1","max-image-preview":"max-image-preview:large","max-video-preview":"max-video-preview:-1"},"canonical":"https:\/\/cosmetic.lv\/lv\/product\/maria-galland-cell-rejuvenating-serum-5c-30ml\/","og_locale":"lv_LV","og_type":"article","og_title":"Maria Galland Cell Rejuvenating Serum 5C 30ml","og_description":"Gai\u0161\u0101, z\u012bdain\u0101 tekst\u016bra emulsija nodro\u0161ina redzamu atjauno\u0161an\u0101s efektu. Novatoriskas v\u012bnogu cilmes \u0161\u016bnu ekstrakts palielina \u0161\u016bnu aktivit\u0101ti, savuk\u0101rt ziedu ekstrakti aizsarg\u0101","og_url":"https:\/\/cosmetic.lv\/lv\/product\/maria-galland-cell-rejuvenating-serum-5c-30ml\/","og_site_name":"cosmetic.lv","article_publisher":"https:\/\/www.facebook.com\/cosmetic.lv\/","article_modified_time":"2021-02-06T17:58:29+00:00","og_image":[{"width":750,"height":750,"url":"https:\/\/cosmetic.lv\/wp-content\/uploads\/2021\/02\/maria-galland-5c-750x750-1.jpg","type":"image\/jpeg"}],"twitter_card":"summary_large_image","schema":{"@context":"https:\/\/schema.org","@graph":[{"@type":"WebPage","@id":"https:\/\/cosmetic.lv\/lv\/product\/maria-galland-cell-rejuvenating-serum-5c-30ml\/","url":"https:\/\/cosmetic.lv\/lv\/product\/maria-galland-cell-rejuvenating-serum-5c-30ml\/","name":"Maria Galland Cell Rejuvenating Serum 5C 30ml - cosmetic.lv","isPartOf":{"@id":"https:\/\/cosmetic.lv\/lv\/#website"},"primaryImageOfPage":{"@id":"https:\/\/cosmetic.lv\/lv\/product\/maria-galland-cell-rejuvenating-serum-5c-30ml\/#primaryimage"},"image":{"@id":"https:\/\/cosmetic.lv\/lv\/product\/maria-galland-cell-rejuvenating-serum-5c-30ml\/#primaryimage"},"thumbnailUrl":"https:\/\/cosmetic.lv\/wp-content\/uploads\/2021\/02\/maria-galland-5c-750x750-1.jpg","datePublished":"2021-02-06T17:58:24+00:00","dateModified":"2021-02-06T17:58:29+00:00","breadcrumb":{"@id":"https:\/\/cosmetic.lv\/lv\/product\/maria-galland-cell-rejuvenating-serum-5c-30ml\/#breadcrumb"},"inLanguage":"lv-LV","potentialAction":[{"@type":"ReadAction","target":["https:\/\/cosmetic.lv\/lv\/product\/maria-galland-cell-rejuvenating-serum-5c-30ml\/"]}]},{"@type":"ImageObject","inLanguage":"lv-LV","@id":"https:\/\/cosmetic.lv\/lv\/product\/maria-galland-cell-rejuvenating-serum-5c-30ml\/#primaryimage","url":"https:\/\/cosmetic.lv\/wp-content\/uploads\/2021\/02\/maria-galland-5c-750x750-1.jpg","contentUrl":"https:\/\/cosmetic.lv\/wp-content\/uploads\/2021\/02\/maria-galland-5c-750x750-1.jpg","width":750,"height":750,"caption":"maria-galland-5c"},{"@type":"BreadcrumbList","@id":"https:\/\/cosmetic.lv\/lv\/product\/maria-galland-cell-rejuvenating-serum-5c-30ml\/#breadcrumb","itemListElement":[{"@type":"ListItem","position":1,"name":"Home","item":"https:\/\/cosmetic.lv\/lv\/"},{"@type":"ListItem","position":2,"name":"Veikals","item":"https:\/\/cosmetic.lv\/lv\/veiklas\/"},{"@type":"ListItem","position":3,"name":"Maria Galland Cell Rejuvenating Serum 5C 30ml"}]},{"@type":"WebSite","@id":"https:\/\/cosmetic.lv\/lv\/#website","url":"https:\/\/cosmetic.lv\/lv\/","name":"cosmetic.lv","description":"Profesion\u0101la kosm\u0113tika - Maria Galland, Keune, Arkadija, GMT, Guam, Magiray","publisher":{"@id":"https:\/\/cosmetic.lv\/lv\/#organization"},"potentialAction":[{"@type":"SearchAction","target":{"@type":"EntryPoint","urlTemplate":"https:\/\/cosmetic.lv\/lv\/?s={search_term_string}"},"query-input":{"@type":"PropertyValueSpecification","valueRequired":true,"valueName":"search_term_string"}}],"inLanguage":"lv-LV"},{"@type":"Organization","@id":"https:\/\/cosmetic.lv\/lv\/#organization","name":"COSMETIC.LV","url":"https:\/\/cosmetic.lv\/lv\/","logo":{"@type":"ImageObject","inLanguage":"lv-LV","@id":"https:\/\/cosmetic.lv\/lv\/#\/schema\/logo\/image\/","url":"https:\/\/cosmetic.lv\/wp-content\/uploads\/2021\/02\/cosmetic.lv_logo.jpg","contentUrl":"https:\/\/cosmetic.lv\/wp-content\/uploads\/2021\/02\/cosmetic.lv_logo.jpg","width":596,"height":196,"caption":"COSMETIC.LV"},"image":{"@id":"https:\/\/cosmetic.lv\/lv\/#\/schema\/logo\/image\/"},"sameAs":["https:\/\/www.facebook.com\/cosmetic.lv\/"]}]},"product_price_amount":"101.00","product_price_currency":"EUR","og_availability":"instock","product_availability":"instock","product_retailer_item_id":"5c","product_condition":"new"},"_links":{"self":[{"href":"https:\/\/cosmetic.lv\/lv\/wp-json\/wp\/v2\/product\/34851","targetHints":{"allow":["GET"]}}],"collection":[{"href":"https:\/\/cosmetic.lv\/lv\/wp-json\/wp\/v2\/product"}],"about":[{"href":"https:\/\/cosmetic.lv\/lv\/wp-json\/wp\/v2\/types\/product"}],"wp:featuredmedia":[{"embeddable":true,"href":"https:\/\/cosmetic.lv\/lv\/wp-json\/wp\/v2\/media\/36059"}],"wp:attachment":[{"href":"https:\/\/cosmetic.lv\/lv\/wp-json\/wp\/v2\/media?parent=34851"}],"wp:term":[{"taxonomy":"product_brand","embeddable":true,"href":"https:\/\/cosmetic.lv\/lv\/wp-json\/wp\/v2\/product_brand?post=34851"},{"taxonomy":"product_cat","embeddable":true,"href":"https:\/\/cosmetic.lv\/lv\/wp-json\/wp\/v2\/product_cat?post=34851"},{"taxonomy":"product_tag","embeddable":true,"href":"https:\/\/cosmetic.lv\/lv\/wp-json\/wp\/v2\/product_tag?post=34851"}],"curies":[{"name":"wp","href":"https:\/\/api.w.org\/{rel}","templated":true}]}}