{"id":34856,"date":"2021-02-05T22:45:28","date_gmt":"2021-02-06T17:58:32","guid":{"rendered":"https:\/\/damme.lv\/product\/maria-galland-90-krems-kaklam-firming-neck-cream-30ml\/"},"modified":"2021-02-06T19:58:33","modified_gmt":"2021-02-06T17:58:33","slug":"maria-galland-90-krems-kaklam-firming-neck-cream-30ml","status":"publish","type":"product","link":"https:\/\/cosmetic.lv\/lv\/product\/maria-galland-90-krems-kaklam-firming-neck-cream-30ml\/","title":{"rendered":"MARIA GALLAND 90 kr\u0113ms kaklam  FIRMING NECK CREAM 30ML"},"content":{"rendered":"<p><!DOCTYPE html PUBLIC &quot;-\/\/W3C\/\/DTD XHTML 1.0 Transitional\/\/EN&quot; &quot;http:\/\/www.w3.org\/TR\/xhtml1\/DTD\/xhtml1-transitional.dtd&quot;><br \/>\n<html><br \/>\n<head><br \/>\n<title>Untitled document<\/title><br \/>\n<\/head><br \/>\n<body><\/p>\n<p>\u013boti efekt\u012bvs stingrs kr\u0113ms ar bag\u0101t\u012bgu tekst\u016bru, kas \u0101tri uzs\u016bcas \u0101d\u0101, nodro&scaron;inot intens\u012bvu apr\u016bpi. D\u0101rgie augu ekstrakti un omega-planktons optim\u0101li mitrina epidermu un izl\u012bdzina dehidrat\u0101cijas rad\u012bt\u0101s grumbas.  Darb\u012bbas komponenti: E vitam\u012bnam ir antioksidanta iedarb\u012bba, kas neitraliz\u0113 br\u012bvo radik\u0101\u013cu ietekmi, kas ir atbild\u012bga par \u0101das noveco&scaron;anos. Aizsarg\u0101 no UV starojuma negat\u012bv\u0101s ietekmes. Optimiz\u0113 mitrumu un uzlabo tekst\u016bru. Hialuronsk\u0101be intens\u012bvi mitrina \u0101du, veicinot ilgsto&scaron;u mitruma aizturi. Tas izl\u012bdzina grumbas, nov\u0113r&scaron; priek&scaron;laic\u012bgu &scaron;\u016bnu noveco&scaron;anos. Uzlabo \u0101das elast\u012bbu, padarot to samtainu. Papardes lapu ekstrakts pal\u012bdz izl\u012bdzin\u0101t grumbas un uzlabot \u0101das elast\u012bbu. Tam ir nomierino&scaron;a un nomierino&scaron;a iedarb\u012bba. Sald\u0101 mande\u013cu e\u013c\u013ca satur augstu mononepies\u0101tin\u0101to tauksk\u0101bju l\u012bmeni, tai ir atjaunojo&scaron;s efekts, stimul\u0113jot epidermas &scaron;\u016bnu atjauno&scaron;anos un atjauno&scaron;anos, efekt\u012bvi baro, m\u012bkstina un mitrina \u0101du, dziedina un pasarg\u0101 no nelabv\u0113l\u012bgas ietekmes uz vidi. &Scaron;\u0137embu e\u013c\u013ca satur dab\u012bgo inul\u012bnu, olbaltumvielas, \u0113terisk\u0101s un taukain\u0101s e\u013c\u013cas (palmit\u012bnsk\u0101bes un stear\u012bnsk\u0101bes), tan\u012bnus, miner\u0101lu s\u0101\u013cus un vitam\u012bnus. Akt\u012bv\u0101s sast\u0101vda\u013cas veicina kapil\u0101ru asinsriti un metabolisma atjauno&scaron;anos. Comfrey ekstrakts ar augstu alanto\u012bna saturu. Aizsarg\u0101 jut\u012bgu \u0101du. Tam piem\u012bt pretiekaisuma iedarb\u012bba. Pievelk poras, m\u012bkstina \u0101du.  Pielieto&scaron;anas veids: uzkl\u0101jiet no r\u012bta un vakar\u0101 uz labi izt\u012br\u012btu kakla un dekolt\u0113 \u0101das.  Pieejams: 30 ml<\/p>\n<p><\/body><br \/>\n<\/html><\/p>\n","protected":false},"excerpt":{"rendered":"<p>Untitled document \u013boti efekt\u012bvs stingrs kr\u0113ms ar bag\u0101t\u012bgu tekst\u016bru, kas \u0101tri uzs\u016bcas \u0101d\u0101, nodro&scaron;inot intens\u012bvu apr\u016bpi. D\u0101rgie augu ekstrakti un<\/p>\n","protected":false},"featured_media":32153,"template":"","meta":[],"product_brand":[],"product_cat":[2273,2277],"product_tag":[],"class_list":{"0":"post-34856","1":"product","2":"type-product","3":"status-publish","4":"has-post-thumbnail","6":"product_cat-profesionala-kosmetika-sejai-un-kermenim-lv","7":"product_cat-maria-galland-francija-lv","9":"first","10":"outofstock","11":"sale","12":"featured","13":"taxable","14":"shipping-taxable","15":"purchasable","16":"product-type-simple"},"yoast_head":"<!-- This site is optimized with the Yoast SEO Premium plugin v27.0 (Yoast SEO v27.0) - https:\/\/yoast.com\/product\/yoast-seo-premium-wordpress\/ -->\n<title>MARIA GALLAND 90 kr\u0113ms kaklam FIRMING NECK CREAM 30ML - cosmetic.lv<\/title>\n<meta name=\"robots\" content=\"index, follow, max-snippet:-1, max-image-preview:large, max-video-preview:-1\" \/>\n<link rel=\"canonical\" href=\"https:\/\/cosmetic.lv\/lv\/product\/maria-galland-90-krems-kaklam-firming-neck-cream-30ml\/\" \/>\n<meta property=\"og:locale\" content=\"lv_LV\" \/>\n<meta property=\"og:type\" content=\"article\" \/>\n<meta property=\"og:title\" content=\"MARIA GALLAND 90 kr\u0113ms kaklam FIRMING NECK CREAM 30ML\" \/>\n<meta property=\"og:description\" content=\"Untitled document \u013boti efekt\u012bvs stingrs kr\u0113ms ar bag\u0101t\u012bgu tekst\u016bru, kas \u0101tri uzs\u016bcas \u0101d\u0101, nodro&scaron;inot intens\u012bvu apr\u016bpi. D\u0101rgie augu ekstrakti un\" \/>\n<meta property=\"og:url\" content=\"https:\/\/cosmetic.lv\/lv\/product\/maria-galland-90-krems-kaklam-firming-neck-cream-30ml\/\" \/>\n<meta property=\"og:site_name\" content=\"cosmetic.lv\" \/>\n<meta property=\"article:publisher\" content=\"https:\/\/www.facebook.com\/cosmetic.lv\/\" \/>\n<meta property=\"article:modified_time\" content=\"2021-02-06T17:58:33+00:00\" \/>\n<meta property=\"og:image\" content=\"https:\/\/cosmetic.lv\/wp-content\/uploads\/2021\/02\/maria-galland-90-firming-throat-cream-360x360-16.jpg\" \/>\n\t<meta property=\"og:image:width\" content=\"360\" \/>\n\t<meta property=\"og:image:height\" content=\"360\" \/>\n\t<meta property=\"og:image:type\" content=\"image\/jpeg\" \/>\n<meta name=\"twitter:card\" content=\"summary_large_image\" \/>\n<script type=\"application\/ld+json\" class=\"yoast-schema-graph\">{\"@context\":\"https:\/\/schema.org\",\"@graph\":[{\"@type\":\"WebPage\",\"@id\":\"https:\/\/cosmetic.lv\/lv\/product\/maria-galland-90-krems-kaklam-firming-neck-cream-30ml\/\",\"url\":\"https:\/\/cosmetic.lv\/lv\/product\/maria-galland-90-krems-kaklam-firming-neck-cream-30ml\/\",\"name\":\"MARIA GALLAND 90 kr\u0113ms kaklam FIRMING NECK CREAM 30ML - cosmetic.lv\",\"isPartOf\":{\"@id\":\"https:\/\/cosmetic.lv\/lv\/#website\"},\"primaryImageOfPage\":{\"@id\":\"https:\/\/cosmetic.lv\/lv\/product\/maria-galland-90-krems-kaklam-firming-neck-cream-30ml\/#primaryimage\"},\"image\":{\"@id\":\"https:\/\/cosmetic.lv\/lv\/product\/maria-galland-90-krems-kaklam-firming-neck-cream-30ml\/#primaryimage\"},\"thumbnailUrl\":\"https:\/\/cosmetic.lv\/wp-content\/uploads\/2021\/02\/maria-galland-90-firming-throat-cream-360x360-16.jpg\",\"datePublished\":\"2021-02-06T17:58:32+00:00\",\"dateModified\":\"2021-02-06T17:58:33+00:00\",\"breadcrumb\":{\"@id\":\"https:\/\/cosmetic.lv\/lv\/product\/maria-galland-90-krems-kaklam-firming-neck-cream-30ml\/#breadcrumb\"},\"inLanguage\":\"lv-LV\",\"potentialAction\":[{\"@type\":\"ReadAction\",\"target\":[\"https:\/\/cosmetic.lv\/lv\/product\/maria-galland-90-krems-kaklam-firming-neck-cream-30ml\/\"]}]},{\"@type\":\"ImageObject\",\"inLanguage\":\"lv-LV\",\"@id\":\"https:\/\/cosmetic.lv\/lv\/product\/maria-galland-90-krems-kaklam-firming-neck-cream-30ml\/#primaryimage\",\"url\":\"https:\/\/cosmetic.lv\/wp-content\/uploads\/2021\/02\/maria-galland-90-firming-throat-cream-360x360-16.jpg\",\"contentUrl\":\"https:\/\/cosmetic.lv\/wp-content\/uploads\/2021\/02\/maria-galland-90-firming-throat-cream-360x360-16.jpg\",\"width\":360,\"height\":360},{\"@type\":\"BreadcrumbList\",\"@id\":\"https:\/\/cosmetic.lv\/lv\/product\/maria-galland-90-krems-kaklam-firming-neck-cream-30ml\/#breadcrumb\",\"itemListElement\":[{\"@type\":\"ListItem\",\"position\":1,\"name\":\"Home\",\"item\":\"https:\/\/cosmetic.lv\/lv\/\"},{\"@type\":\"ListItem\",\"position\":2,\"name\":\"Veikals\",\"item\":\"https:\/\/cosmetic.lv\/lv\/veiklas\/\"},{\"@type\":\"ListItem\",\"position\":3,\"name\":\"MARIA GALLAND 90 kr\u0113ms kaklam FIRMING NECK CREAM 30ML\"}]},{\"@type\":\"WebSite\",\"@id\":\"https:\/\/cosmetic.lv\/lv\/#website\",\"url\":\"https:\/\/cosmetic.lv\/lv\/\",\"name\":\"cosmetic.lv\",\"description\":\"Profesion\u0101la kosm\u0113tika - Maria Galland, Keune, Arkadija, GMT, Guam, Magiray\",\"publisher\":{\"@id\":\"https:\/\/cosmetic.lv\/lv\/#organization\"},\"potentialAction\":[{\"@type\":\"SearchAction\",\"target\":{\"@type\":\"EntryPoint\",\"urlTemplate\":\"https:\/\/cosmetic.lv\/lv\/?s={search_term_string}\"},\"query-input\":{\"@type\":\"PropertyValueSpecification\",\"valueRequired\":true,\"valueName\":\"search_term_string\"}}],\"inLanguage\":\"lv-LV\"},{\"@type\":\"Organization\",\"@id\":\"https:\/\/cosmetic.lv\/lv\/#organization\",\"name\":\"COSMETIC.LV\",\"url\":\"https:\/\/cosmetic.lv\/lv\/\",\"logo\":{\"@type\":\"ImageObject\",\"inLanguage\":\"lv-LV\",\"@id\":\"https:\/\/cosmetic.lv\/lv\/#\/schema\/logo\/image\/\",\"url\":\"https:\/\/cosmetic.lv\/wp-content\/uploads\/2021\/02\/cosmetic.lv_logo.jpg\",\"contentUrl\":\"https:\/\/cosmetic.lv\/wp-content\/uploads\/2021\/02\/cosmetic.lv_logo.jpg\",\"width\":596,\"height\":196,\"caption\":\"COSMETIC.LV\"},\"image\":{\"@id\":\"https:\/\/cosmetic.lv\/lv\/#\/schema\/logo\/image\/\"},\"sameAs\":[\"https:\/\/www.facebook.com\/cosmetic.lv\/\"]}]}<\/script>\n<meta property=\"product:price:amount\" content=\"59.38\" \/>\n<meta property=\"product:price:currency\" content=\"EUR\" \/>\n<meta property=\"og:availability\" content=\"out of stock\" \/>\n<meta property=\"product:availability\" content=\"out of stock\" \/>\n<meta property=\"product:retailer_item_id\" content=\"90\" \/>\n<meta property=\"product:condition\" content=\"new\" \/>\n<!-- \/ Yoast SEO Premium plugin. -->","yoast_head_json":{"title":"MARIA GALLAND 90 kr\u0113ms kaklam FIRMING NECK CREAM 30ML - cosmetic.lv","robots":{"index":"index","follow":"follow","max-snippet":"max-snippet:-1","max-image-preview":"max-image-preview:large","max-video-preview":"max-video-preview:-1"},"canonical":"https:\/\/cosmetic.lv\/lv\/product\/maria-galland-90-krems-kaklam-firming-neck-cream-30ml\/","og_locale":"lv_LV","og_type":"article","og_title":"MARIA GALLAND 90 kr\u0113ms kaklam FIRMING NECK CREAM 30ML","og_description":"Untitled document \u013boti efekt\u012bvs stingrs kr\u0113ms ar bag\u0101t\u012bgu tekst\u016bru, kas \u0101tri uzs\u016bcas \u0101d\u0101, nodro&scaron;inot intens\u012bvu apr\u016bpi. D\u0101rgie augu ekstrakti un","og_url":"https:\/\/cosmetic.lv\/lv\/product\/maria-galland-90-krems-kaklam-firming-neck-cream-30ml\/","og_site_name":"cosmetic.lv","article_publisher":"https:\/\/www.facebook.com\/cosmetic.lv\/","article_modified_time":"2021-02-06T17:58:33+00:00","og_image":[{"width":360,"height":360,"url":"https:\/\/cosmetic.lv\/wp-content\/uploads\/2021\/02\/maria-galland-90-firming-throat-cream-360x360-16.jpg","type":"image\/jpeg"}],"twitter_card":"summary_large_image","schema":{"@context":"https:\/\/schema.org","@graph":[{"@type":"WebPage","@id":"https:\/\/cosmetic.lv\/lv\/product\/maria-galland-90-krems-kaklam-firming-neck-cream-30ml\/","url":"https:\/\/cosmetic.lv\/lv\/product\/maria-galland-90-krems-kaklam-firming-neck-cream-30ml\/","name":"MARIA GALLAND 90 kr\u0113ms kaklam FIRMING NECK CREAM 30ML - cosmetic.lv","isPartOf":{"@id":"https:\/\/cosmetic.lv\/lv\/#website"},"primaryImageOfPage":{"@id":"https:\/\/cosmetic.lv\/lv\/product\/maria-galland-90-krems-kaklam-firming-neck-cream-30ml\/#primaryimage"},"image":{"@id":"https:\/\/cosmetic.lv\/lv\/product\/maria-galland-90-krems-kaklam-firming-neck-cream-30ml\/#primaryimage"},"thumbnailUrl":"https:\/\/cosmetic.lv\/wp-content\/uploads\/2021\/02\/maria-galland-90-firming-throat-cream-360x360-16.jpg","datePublished":"2021-02-06T17:58:32+00:00","dateModified":"2021-02-06T17:58:33+00:00","breadcrumb":{"@id":"https:\/\/cosmetic.lv\/lv\/product\/maria-galland-90-krems-kaklam-firming-neck-cream-30ml\/#breadcrumb"},"inLanguage":"lv-LV","potentialAction":[{"@type":"ReadAction","target":["https:\/\/cosmetic.lv\/lv\/product\/maria-galland-90-krems-kaklam-firming-neck-cream-30ml\/"]}]},{"@type":"ImageObject","inLanguage":"lv-LV","@id":"https:\/\/cosmetic.lv\/lv\/product\/maria-galland-90-krems-kaklam-firming-neck-cream-30ml\/#primaryimage","url":"https:\/\/cosmetic.lv\/wp-content\/uploads\/2021\/02\/maria-galland-90-firming-throat-cream-360x360-16.jpg","contentUrl":"https:\/\/cosmetic.lv\/wp-content\/uploads\/2021\/02\/maria-galland-90-firming-throat-cream-360x360-16.jpg","width":360,"height":360},{"@type":"BreadcrumbList","@id":"https:\/\/cosmetic.lv\/lv\/product\/maria-galland-90-krems-kaklam-firming-neck-cream-30ml\/#breadcrumb","itemListElement":[{"@type":"ListItem","position":1,"name":"Home","item":"https:\/\/cosmetic.lv\/lv\/"},{"@type":"ListItem","position":2,"name":"Veikals","item":"https:\/\/cosmetic.lv\/lv\/veiklas\/"},{"@type":"ListItem","position":3,"name":"MARIA GALLAND 90 kr\u0113ms kaklam FIRMING NECK CREAM 30ML"}]},{"@type":"WebSite","@id":"https:\/\/cosmetic.lv\/lv\/#website","url":"https:\/\/cosmetic.lv\/lv\/","name":"cosmetic.lv","description":"Profesion\u0101la kosm\u0113tika - Maria Galland, Keune, Arkadija, GMT, Guam, Magiray","publisher":{"@id":"https:\/\/cosmetic.lv\/lv\/#organization"},"potentialAction":[{"@type":"SearchAction","target":{"@type":"EntryPoint","urlTemplate":"https:\/\/cosmetic.lv\/lv\/?s={search_term_string}"},"query-input":{"@type":"PropertyValueSpecification","valueRequired":true,"valueName":"search_term_string"}}],"inLanguage":"lv-LV"},{"@type":"Organization","@id":"https:\/\/cosmetic.lv\/lv\/#organization","name":"COSMETIC.LV","url":"https:\/\/cosmetic.lv\/lv\/","logo":{"@type":"ImageObject","inLanguage":"lv-LV","@id":"https:\/\/cosmetic.lv\/lv\/#\/schema\/logo\/image\/","url":"https:\/\/cosmetic.lv\/wp-content\/uploads\/2021\/02\/cosmetic.lv_logo.jpg","contentUrl":"https:\/\/cosmetic.lv\/wp-content\/uploads\/2021\/02\/cosmetic.lv_logo.jpg","width":596,"height":196,"caption":"COSMETIC.LV"},"image":{"@id":"https:\/\/cosmetic.lv\/lv\/#\/schema\/logo\/image\/"},"sameAs":["https:\/\/www.facebook.com\/cosmetic.lv\/"]}]},"product_price_amount":"59.38","product_price_currency":"EUR","og_availability":"out of stock","product_availability":"out of stock","product_retailer_item_id":"90","product_condition":"new"},"_links":{"self":[{"href":"https:\/\/cosmetic.lv\/lv\/wp-json\/wp\/v2\/product\/34856","targetHints":{"allow":["GET"]}}],"collection":[{"href":"https:\/\/cosmetic.lv\/lv\/wp-json\/wp\/v2\/product"}],"about":[{"href":"https:\/\/cosmetic.lv\/lv\/wp-json\/wp\/v2\/types\/product"}],"wp:featuredmedia":[{"embeddable":true,"href":"https:\/\/cosmetic.lv\/lv\/wp-json\/wp\/v2\/media\/32153"}],"wp:attachment":[{"href":"https:\/\/cosmetic.lv\/lv\/wp-json\/wp\/v2\/media?parent=34856"}],"wp:term":[{"taxonomy":"product_brand","embeddable":true,"href":"https:\/\/cosmetic.lv\/lv\/wp-json\/wp\/v2\/product_brand?post=34856"},{"taxonomy":"product_cat","embeddable":true,"href":"https:\/\/cosmetic.lv\/lv\/wp-json\/wp\/v2\/product_cat?post=34856"},{"taxonomy":"product_tag","embeddable":true,"href":"https:\/\/cosmetic.lv\/lv\/wp-json\/wp\/v2\/product_tag?post=34856"}],"curies":[{"name":"wp","href":"https:\/\/api.w.org\/{rel}","templated":true}]}}