{"id":34861,"date":"2021-02-05T22:45:28","date_gmt":"2021-02-06T17:58:32","guid":{"rendered":"https:\/\/damme.lv\/product\/maria-galland-attiross-pienins-1050-cleansing-milk-mille-200ml\/"},"modified":"2021-02-06T19:58:35","modified_gmt":"2021-02-06T17:58:35","slug":"maria-galland-attiross-pienins-1050-cleansing-milk-mille-200ml","status":"publish","type":"product","link":"https:\/\/cosmetic.lv\/lv\/product\/maria-galland-attiross-pienins-1050-cleansing-milk-mille-200ml\/","title":{"rendered":"Maria Galland att\u012bro\u0161s pieni\u0146\u0161 1050 Cleansing Milk Mille 200ml"},"content":{"rendered":"<p><!DOCTYPE html PUBLIC &quot;-\/\/W3C\/\/DTD XHTML 1.0 Transitional\/\/EN&quot; &quot;http:\/\/www.w3.org\/TR\/xhtml1\/DTD\/xhtml1-transitional.dtd&quot;><br \/>\n<html><br \/>\n<head><br \/>\n<title>Untitled document<\/title><br \/>\n<\/head><br \/>\n<body><\/p>\n<p>D\u0101rgais \u0101das t\u012br\u012b&scaron;anas l\u012bdzeklis. Formul\u0101 eso&scaron;ie pept\u012bdi nodro&scaron;ina &quot;lotosa efektu&quot;, atst\u0101jot neredzamu pl\u0113vi uz \u0101das, kas aizsarg\u0101 pret kait\u012bg\u0101m viel\u0101m, pies\u0101r\u0146ojumu, putek\u013ciem un cit\u0101m negat\u012bv\u0101m ietekm\u0113m. Komplekss TOP * C kompleks\u0101 c\u012b\u0146\u0101 pret audu noveco&scaron;anu un augu cilmes &scaron;\u016bnu ekstrakts palielina \u0101das &scaron;\u016bnu vit\u0101lo ciklu un vitalit\u0101ti. Limnanthes graudu e\u013c\u013ca normaliz\u0113 lip\u012bdu l\u012bdzsvaru, alanto\u012bns nomierina \u0101du un mazina kairin\u0101jumu. Ide\u0101li piem\u0113rots net\u012brumu un kosm\u0113tikas no\u0146em&scaron;anai.  Darb\u012bbas komponenti:  TOP-C komplekss (balts trifelis, mikrokapsul\u0113ts 24 kar\u0101tu t\u012brs zelts, atjaunojo&scaron;i pept\u012bdi, &scaron;\u016bnu aktivators GGP). Pept\u012bdi (ieg\u016bti no tropu koku Moringa s\u0113kl\u0101m) &#8211; ir &quot;Lotus&quot; efekts. T\u0101 ir neredzama pl\u0101n\u0101k\u0101 pl\u0113ve, kas sast\u0101v no &quot;gudriem&quot; pept\u012bdiem, kas veidojas uz t\u012bras \u0101das virsmas un aizsarg\u0101 to no kait\u012bg\u0101m \u0101r\u0113j\u0101m ietekm\u0113m (pies\u0101r\u0146ojums, putek\u013ci uc). Augu cilmes &scaron;\u016bnu ekstrakts (ieg\u016bts no &Scaron;veices \u0101boliem no Malus Domestica &scaron;\u0137irnes, izmantojot patent\u0113tu tehnolo\u0123iju &bdquo;PhytoCell TecTM&rdquo;) &#8211; palielina epidermas cilmes &scaron;\u016bnu dal\u012b&scaron;an\u0101s sp\u0113ju, palielina to kalpo&scaron;anas laiku, t\u0101d\u0113j\u0101di pal\u0113ninot \u0101das noveco&scaron;anos. Allanto\u012bns nomierina \u0101du, veicina re\u0123ener\u0101ciju. Pennik p\u013cavas ekstrakts (White Limnantes) regul\u0113 \u0101das mitruma l\u012bmeni. Pielieto&scaron;anas veids: No r\u012bta un vakar\u0101 uzkl\u0101jiet uz sausas sejas un kakla \u0101das ap\u013cveida kust\u012bb\u0101s, p\u0113c tam noskalojiet ar mitru s\u016bkli. Piln\u012bga t\u012br\u012b&scaron;ana ar Mil 1060 toniz\u0113jo&scaron;o losjonu.  Iepakojums: pudele ar s\u016bkni 200 ml<\/p>\n<p><\/body><br \/>\n<\/html><\/p>\n","protected":false},"excerpt":{"rendered":"<p>Untitled document D\u0101rgais \u0101das t\u012br\u012b&scaron;anas l\u012bdzeklis. Formul\u0101 eso&scaron;ie pept\u012bdi nodro&scaron;ina &quot;lotosa efektu&quot;, atst\u0101jot neredzamu pl\u0113vi uz \u0101das, kas aizsarg\u0101 pret<\/p>\n","protected":false},"featured_media":11249,"template":"","meta":[],"product_brand":[],"product_cat":[2273,2277],"product_tag":[],"class_list":{"0":"post-34861","1":"product","2":"type-product","3":"status-publish","4":"has-post-thumbnail","6":"product_cat-profesionala-kosmetika-sejai-un-kermenim-lv","7":"product_cat-maria-galland-francija-lv","9":"first","10":"instock","11":"sale","12":"featured","13":"taxable","14":"shipping-taxable","15":"purchasable","16":"product-type-simple"},"yoast_head":"<!-- This site is optimized with the Yoast SEO Premium plugin v27.0 (Yoast SEO v27.0) - https:\/\/yoast.com\/product\/yoast-seo-premium-wordpress\/ -->\n<title>Maria Galland att\u012bro\u0161s pieni\u0146\u0161 1050 Cleansing Milk Mille 200ml - cosmetic.lv<\/title>\n<meta name=\"robots\" content=\"index, follow, max-snippet:-1, max-image-preview:large, max-video-preview:-1\" \/>\n<link rel=\"canonical\" href=\"https:\/\/cosmetic.lv\/lv\/product\/maria-galland-attiross-pienins-1050-cleansing-milk-mille-200ml\/\" \/>\n<meta property=\"og:locale\" content=\"lv_LV\" \/>\n<meta property=\"og:type\" content=\"article\" \/>\n<meta property=\"og:title\" content=\"Maria Galland att\u012bro\u0161s pieni\u0146\u0161 1050 Cleansing Milk Mille 200ml\" \/>\n<meta property=\"og:description\" content=\"Untitled document D\u0101rgais \u0101das t\u012br\u012b&scaron;anas l\u012bdzeklis. Formul\u0101 eso&scaron;ie pept\u012bdi nodro&scaron;ina &quot;lotosa efektu&quot;, atst\u0101jot neredzamu pl\u0113vi uz \u0101das, kas aizsarg\u0101 pret\" \/>\n<meta property=\"og:url\" content=\"https:\/\/cosmetic.lv\/lv\/product\/maria-galland-attiross-pienins-1050-cleansing-milk-mille-200ml\/\" \/>\n<meta property=\"og:site_name\" content=\"cosmetic.lv\" \/>\n<meta property=\"article:publisher\" content=\"https:\/\/www.facebook.com\/cosmetic.lv\/\" \/>\n<meta property=\"article:modified_time\" content=\"2021-02-06T17:58:35+00:00\" \/>\n<meta property=\"og:image\" content=\"https:\/\/cosmetic.lv\/wp-content\/uploads\/2021\/02\/maria-galland-reinigung-1050-demaquillante-luxe-23526.jpg\" \/>\n\t<meta property=\"og:image:width\" content=\"300\" \/>\n\t<meta property=\"og:image:height\" content=\"300\" \/>\n\t<meta property=\"og:image:type\" content=\"image\/jpeg\" \/>\n<meta name=\"twitter:card\" content=\"summary_large_image\" \/>\n<script type=\"application\/ld+json\" class=\"yoast-schema-graph\">{\"@context\":\"https:\/\/schema.org\",\"@graph\":[{\"@type\":\"WebPage\",\"@id\":\"https:\/\/cosmetic.lv\/lv\/product\/maria-galland-attiross-pienins-1050-cleansing-milk-mille-200ml\/\",\"url\":\"https:\/\/cosmetic.lv\/lv\/product\/maria-galland-attiross-pienins-1050-cleansing-milk-mille-200ml\/\",\"name\":\"Maria Galland att\u012bro\u0161s pieni\u0146\u0161 1050 Cleansing Milk Mille 200ml - cosmetic.lv\",\"isPartOf\":{\"@id\":\"https:\/\/cosmetic.lv\/lv\/#website\"},\"primaryImageOfPage\":{\"@id\":\"https:\/\/cosmetic.lv\/lv\/product\/maria-galland-attiross-pienins-1050-cleansing-milk-mille-200ml\/#primaryimage\"},\"image\":{\"@id\":\"https:\/\/cosmetic.lv\/lv\/product\/maria-galland-attiross-pienins-1050-cleansing-milk-mille-200ml\/#primaryimage\"},\"thumbnailUrl\":\"https:\/\/cosmetic.lv\/wp-content\/uploads\/2021\/02\/maria-galland-reinigung-1050-demaquillante-luxe-23526.jpg\",\"datePublished\":\"2021-02-06T17:58:32+00:00\",\"dateModified\":\"2021-02-06T17:58:35+00:00\",\"breadcrumb\":{\"@id\":\"https:\/\/cosmetic.lv\/lv\/product\/maria-galland-attiross-pienins-1050-cleansing-milk-mille-200ml\/#breadcrumb\"},\"inLanguage\":\"lv-LV\",\"potentialAction\":[{\"@type\":\"ReadAction\",\"target\":[\"https:\/\/cosmetic.lv\/lv\/product\/maria-galland-attiross-pienins-1050-cleansing-milk-mille-200ml\/\"]}]},{\"@type\":\"ImageObject\",\"inLanguage\":\"lv-LV\",\"@id\":\"https:\/\/cosmetic.lv\/lv\/product\/maria-galland-attiross-pienins-1050-cleansing-milk-mille-200ml\/#primaryimage\",\"url\":\"https:\/\/cosmetic.lv\/wp-content\/uploads\/2021\/02\/maria-galland-reinigung-1050-demaquillante-luxe-23526.jpg\",\"contentUrl\":\"https:\/\/cosmetic.lv\/wp-content\/uploads\/2021\/02\/maria-galland-reinigung-1050-demaquillante-luxe-23526.jpg\",\"width\":300,\"height\":300,\"caption\":\"Maria-Galland-Reinigung-1050-Demaquillante-Luxe-23526.jpg\"},{\"@type\":\"BreadcrumbList\",\"@id\":\"https:\/\/cosmetic.lv\/lv\/product\/maria-galland-attiross-pienins-1050-cleansing-milk-mille-200ml\/#breadcrumb\",\"itemListElement\":[{\"@type\":\"ListItem\",\"position\":1,\"name\":\"Home\",\"item\":\"https:\/\/cosmetic.lv\/lv\/\"},{\"@type\":\"ListItem\",\"position\":2,\"name\":\"Veikals\",\"item\":\"https:\/\/cosmetic.lv\/lv\/veiklas\/\"},{\"@type\":\"ListItem\",\"position\":3,\"name\":\"Maria Galland att\u012bro\u0161s pieni\u0146\u0161 1050 Cleansing Milk Mille 200ml\"}]},{\"@type\":\"WebSite\",\"@id\":\"https:\/\/cosmetic.lv\/lv\/#website\",\"url\":\"https:\/\/cosmetic.lv\/lv\/\",\"name\":\"cosmetic.lv\",\"description\":\"Profesion\u0101la kosm\u0113tika - Maria Galland, Keune, Arkadija, GMT, Guam, Magiray\",\"publisher\":{\"@id\":\"https:\/\/cosmetic.lv\/lv\/#organization\"},\"potentialAction\":[{\"@type\":\"SearchAction\",\"target\":{\"@type\":\"EntryPoint\",\"urlTemplate\":\"https:\/\/cosmetic.lv\/lv\/?s={search_term_string}\"},\"query-input\":{\"@type\":\"PropertyValueSpecification\",\"valueRequired\":true,\"valueName\":\"search_term_string\"}}],\"inLanguage\":\"lv-LV\"},{\"@type\":\"Organization\",\"@id\":\"https:\/\/cosmetic.lv\/lv\/#organization\",\"name\":\"COSMETIC.LV\",\"url\":\"https:\/\/cosmetic.lv\/lv\/\",\"logo\":{\"@type\":\"ImageObject\",\"inLanguage\":\"lv-LV\",\"@id\":\"https:\/\/cosmetic.lv\/lv\/#\/schema\/logo\/image\/\",\"url\":\"https:\/\/cosmetic.lv\/wp-content\/uploads\/2021\/02\/cosmetic.lv_logo.jpg\",\"contentUrl\":\"https:\/\/cosmetic.lv\/wp-content\/uploads\/2021\/02\/cosmetic.lv_logo.jpg\",\"width\":596,\"height\":196,\"caption\":\"COSMETIC.LV\"},\"image\":{\"@id\":\"https:\/\/cosmetic.lv\/lv\/#\/schema\/logo\/image\/\"},\"sameAs\":[\"https:\/\/www.facebook.com\/cosmetic.lv\/\"]}]}<\/script>\n<meta property=\"product:price:amount\" content=\"56.99\" \/>\n<meta property=\"product:price:currency\" content=\"EUR\" \/>\n<meta property=\"og:availability\" content=\"instock\" \/>\n<meta property=\"product:availability\" content=\"instock\" \/>\n<meta property=\"product:retailer_item_id\" content=\"1050\" \/>\n<meta property=\"product:condition\" content=\"new\" \/>\n<!-- \/ Yoast SEO Premium plugin. -->","yoast_head_json":{"title":"Maria Galland att\u012bro\u0161s pieni\u0146\u0161 1050 Cleansing Milk Mille 200ml - cosmetic.lv","robots":{"index":"index","follow":"follow","max-snippet":"max-snippet:-1","max-image-preview":"max-image-preview:large","max-video-preview":"max-video-preview:-1"},"canonical":"https:\/\/cosmetic.lv\/lv\/product\/maria-galland-attiross-pienins-1050-cleansing-milk-mille-200ml\/","og_locale":"lv_LV","og_type":"article","og_title":"Maria Galland att\u012bro\u0161s pieni\u0146\u0161 1050 Cleansing Milk Mille 200ml","og_description":"Untitled document D\u0101rgais \u0101das t\u012br\u012b&scaron;anas l\u012bdzeklis. Formul\u0101 eso&scaron;ie pept\u012bdi nodro&scaron;ina &quot;lotosa efektu&quot;, atst\u0101jot neredzamu pl\u0113vi uz \u0101das, kas aizsarg\u0101 pret","og_url":"https:\/\/cosmetic.lv\/lv\/product\/maria-galland-attiross-pienins-1050-cleansing-milk-mille-200ml\/","og_site_name":"cosmetic.lv","article_publisher":"https:\/\/www.facebook.com\/cosmetic.lv\/","article_modified_time":"2021-02-06T17:58:35+00:00","og_image":[{"width":300,"height":300,"url":"https:\/\/cosmetic.lv\/wp-content\/uploads\/2021\/02\/maria-galland-reinigung-1050-demaquillante-luxe-23526.jpg","type":"image\/jpeg"}],"twitter_card":"summary_large_image","schema":{"@context":"https:\/\/schema.org","@graph":[{"@type":"WebPage","@id":"https:\/\/cosmetic.lv\/lv\/product\/maria-galland-attiross-pienins-1050-cleansing-milk-mille-200ml\/","url":"https:\/\/cosmetic.lv\/lv\/product\/maria-galland-attiross-pienins-1050-cleansing-milk-mille-200ml\/","name":"Maria Galland att\u012bro\u0161s pieni\u0146\u0161 1050 Cleansing Milk Mille 200ml - cosmetic.lv","isPartOf":{"@id":"https:\/\/cosmetic.lv\/lv\/#website"},"primaryImageOfPage":{"@id":"https:\/\/cosmetic.lv\/lv\/product\/maria-galland-attiross-pienins-1050-cleansing-milk-mille-200ml\/#primaryimage"},"image":{"@id":"https:\/\/cosmetic.lv\/lv\/product\/maria-galland-attiross-pienins-1050-cleansing-milk-mille-200ml\/#primaryimage"},"thumbnailUrl":"https:\/\/cosmetic.lv\/wp-content\/uploads\/2021\/02\/maria-galland-reinigung-1050-demaquillante-luxe-23526.jpg","datePublished":"2021-02-06T17:58:32+00:00","dateModified":"2021-02-06T17:58:35+00:00","breadcrumb":{"@id":"https:\/\/cosmetic.lv\/lv\/product\/maria-galland-attiross-pienins-1050-cleansing-milk-mille-200ml\/#breadcrumb"},"inLanguage":"lv-LV","potentialAction":[{"@type":"ReadAction","target":["https:\/\/cosmetic.lv\/lv\/product\/maria-galland-attiross-pienins-1050-cleansing-milk-mille-200ml\/"]}]},{"@type":"ImageObject","inLanguage":"lv-LV","@id":"https:\/\/cosmetic.lv\/lv\/product\/maria-galland-attiross-pienins-1050-cleansing-milk-mille-200ml\/#primaryimage","url":"https:\/\/cosmetic.lv\/wp-content\/uploads\/2021\/02\/maria-galland-reinigung-1050-demaquillante-luxe-23526.jpg","contentUrl":"https:\/\/cosmetic.lv\/wp-content\/uploads\/2021\/02\/maria-galland-reinigung-1050-demaquillante-luxe-23526.jpg","width":300,"height":300,"caption":"Maria-Galland-Reinigung-1050-Demaquillante-Luxe-23526.jpg"},{"@type":"BreadcrumbList","@id":"https:\/\/cosmetic.lv\/lv\/product\/maria-galland-attiross-pienins-1050-cleansing-milk-mille-200ml\/#breadcrumb","itemListElement":[{"@type":"ListItem","position":1,"name":"Home","item":"https:\/\/cosmetic.lv\/lv\/"},{"@type":"ListItem","position":2,"name":"Veikals","item":"https:\/\/cosmetic.lv\/lv\/veiklas\/"},{"@type":"ListItem","position":3,"name":"Maria Galland att\u012bro\u0161s pieni\u0146\u0161 1050 Cleansing Milk Mille 200ml"}]},{"@type":"WebSite","@id":"https:\/\/cosmetic.lv\/lv\/#website","url":"https:\/\/cosmetic.lv\/lv\/","name":"cosmetic.lv","description":"Profesion\u0101la kosm\u0113tika - Maria Galland, Keune, Arkadija, GMT, Guam, Magiray","publisher":{"@id":"https:\/\/cosmetic.lv\/lv\/#organization"},"potentialAction":[{"@type":"SearchAction","target":{"@type":"EntryPoint","urlTemplate":"https:\/\/cosmetic.lv\/lv\/?s={search_term_string}"},"query-input":{"@type":"PropertyValueSpecification","valueRequired":true,"valueName":"search_term_string"}}],"inLanguage":"lv-LV"},{"@type":"Organization","@id":"https:\/\/cosmetic.lv\/lv\/#organization","name":"COSMETIC.LV","url":"https:\/\/cosmetic.lv\/lv\/","logo":{"@type":"ImageObject","inLanguage":"lv-LV","@id":"https:\/\/cosmetic.lv\/lv\/#\/schema\/logo\/image\/","url":"https:\/\/cosmetic.lv\/wp-content\/uploads\/2021\/02\/cosmetic.lv_logo.jpg","contentUrl":"https:\/\/cosmetic.lv\/wp-content\/uploads\/2021\/02\/cosmetic.lv_logo.jpg","width":596,"height":196,"caption":"COSMETIC.LV"},"image":{"@id":"https:\/\/cosmetic.lv\/lv\/#\/schema\/logo\/image\/"},"sameAs":["https:\/\/www.facebook.com\/cosmetic.lv\/"]}]},"product_price_amount":"56.99","product_price_currency":"EUR","og_availability":"instock","product_availability":"instock","product_retailer_item_id":"1050","product_condition":"new"},"_links":{"self":[{"href":"https:\/\/cosmetic.lv\/lv\/wp-json\/wp\/v2\/product\/34861","targetHints":{"allow":["GET"]}}],"collection":[{"href":"https:\/\/cosmetic.lv\/lv\/wp-json\/wp\/v2\/product"}],"about":[{"href":"https:\/\/cosmetic.lv\/lv\/wp-json\/wp\/v2\/types\/product"}],"wp:featuredmedia":[{"embeddable":true,"href":"https:\/\/cosmetic.lv\/lv\/wp-json\/wp\/v2\/media\/11249"}],"wp:attachment":[{"href":"https:\/\/cosmetic.lv\/lv\/wp-json\/wp\/v2\/media?parent=34861"}],"wp:term":[{"taxonomy":"product_brand","embeddable":true,"href":"https:\/\/cosmetic.lv\/lv\/wp-json\/wp\/v2\/product_brand?post=34861"},{"taxonomy":"product_cat","embeddable":true,"href":"https:\/\/cosmetic.lv\/lv\/wp-json\/wp\/v2\/product_cat?post=34861"},{"taxonomy":"product_tag","embeddable":true,"href":"https:\/\/cosmetic.lv\/lv\/wp-json\/wp\/v2\/product_tag?post=34861"}],"curies":[{"name":"wp","href":"https:\/\/api.w.org\/{rel}","templated":true}]}}