{"id":34862,"date":"2021-02-05T22:45:28","date_gmt":"2021-02-06T17:58:32","guid":{"rendered":"https:\/\/damme.lv\/product\/maria-galland-1060-tonizejoss-losjons-mille-toning-lotion-200ml\/"},"modified":"2021-02-06T19:58:35","modified_gmt":"2021-02-06T17:58:35","slug":"maria-galland-1060-tonizejoss-losjons-mille-toning-lotion-200ml","status":"publish","type":"product","link":"https:\/\/cosmetic.lv\/lv\/product\/maria-galland-1060-tonizejoss-losjons-mille-toning-lotion-200ml\/","title":{"rendered":"MARIA GALLAND 1060 toniz\u0113jo\u0161s losjons  MILLE TONING LOTION 200ML"},"content":{"rendered":"<p><!DOCTYPE html PUBLIC &quot;-\/\/W3C\/\/DTD XHTML 1.0 Transitional\/\/EN&quot; &quot;http:\/\/www.w3.org\/TR\/xhtml1\/DTD\/xhtml1-transitional.dtd&quot;><br \/>\n<html><br \/>\n<head><br \/>\n<title>Untitled document<\/title><br \/>\n<\/head><br \/>\n<body><\/p>\n<p>Grezns losjonu kop&scaron;anas l\u012bdzeklis ar optisko pretnoveco&scaron;anas efektu! Hialuronsk\u0101be z\u0101\u013cu sast\u0101v\u0101 nodro&scaron;ina intens\u012bvu ilgsto&scaron;u hidrat\u0101ciju. Augu cilmes &scaron;\u016bnu ekstrakts izl\u012bdzina noguruma rad\u012bt\u0101s grumbas. Prec\u012bzs komplekss TOP * C c\u012bn\u0101s ar ar vecumu saist\u012bt\u0101m \u0101das izmai\u0146\u0101m. Allanto\u012bns nomierina epidermu. Zelta mirdzo&scaron;\u0101s mikroda\u013ci\u0146as pie&scaron;\u0137ir \u0101dai burvju sp\u012bdumu, un gaismas atstaro&scaron;anas optiskais efekts br\u012bnumaini izdz\u0113&scaron; grumbas no sejas! Briljanta piln\u012bba!  Darb\u012bbas komponenti: TOP-C komplekss (balts trifelis, mikrokapsul\u0113ts 24 kar\u0101tu t\u012brs zelts, atjaunojo&scaron;i pept\u012bdi, &scaron;\u016bnu aktivators GGP). Hialuronsk\u0101be mitrina. Augu cilmes &scaron;\u016bnu ekstrakts (kas ieg\u016bts no &Scaron;veices \u0101boliem no Malus Domestica &scaron;\u0137irnes, izmantojot patent\u0113to &bdquo;PhytoCell TecTM&rdquo; tehnolo\u0123iju) uzlabo epidermas cilmes &scaron;\u016bnu dal\u012b&scaron;an\u0101s sp\u0113ju, palielina to kalpo&scaron;anas laiku, t\u0101d\u0113j\u0101di pal\u0113ninot \u0101das noveco&scaron;anos. Allanto\u012bns nomierina \u0101du, veicina re\u0123ener\u0101ciju. Zelta mikroda\u013ci\u0146as (suspensij\u0101) nodro&scaron;ina \u0101das starojumu.  Lieto&scaron;anas veids: uzkl\u0101j uz sejas, kakla un dekolt\u0113 no r\u012bta un vakar\u0101 tie&scaron;i ar rok\u0101m (bez kokvilnas palikt\u0146iem). Viegli berz\u0113t mas\u0101\u017eas kust\u012bbas. Nelietojiet uz plaksti\u0146iem! Uzkl\u0101jiet p\u0113c t\u012br\u012b&scaron;anas \u0101das Piens Piens 1050.  Iepakojums: pudele ar s\u016bkni 200 ml<\/p>\n<p><\/body><br \/>\n<\/html><\/p>\n","protected":false},"excerpt":{"rendered":"<p>Untitled document Grezns losjonu kop&scaron;anas l\u012bdzeklis ar optisko pretnoveco&scaron;anas efektu! Hialuronsk\u0101be z\u0101\u013cu sast\u0101v\u0101 nodro&scaron;ina intens\u012bvu ilgsto&scaron;u hidrat\u0101ciju. Augu cilmes &scaron;\u016bnu<\/p>\n","protected":false},"featured_media":17580,"template":"","meta":[],"product_brand":[],"product_cat":[2273,2277],"product_tag":[],"class_list":{"0":"post-34862","1":"product","2":"type-product","3":"status-publish","4":"has-post-thumbnail","6":"product_cat-profesionala-kosmetika-sejai-un-kermenim-lv","7":"product_cat-maria-galland-francija-lv","9":"first","10":"instock","11":"sale","12":"featured","13":"taxable","14":"shipping-taxable","15":"purchasable","16":"product-type-simple"},"yoast_head":"<!-- This site is optimized with the Yoast SEO Premium plugin v27.0 (Yoast SEO v27.0) - https:\/\/yoast.com\/product\/yoast-seo-premium-wordpress\/ -->\n<title>MARIA GALLAND 1060 toniz\u0113jo\u0161s losjons MILLE TONING LOTION 200ML - cosmetic.lv<\/title>\n<meta name=\"robots\" content=\"index, follow, max-snippet:-1, max-image-preview:large, max-video-preview:-1\" \/>\n<link rel=\"canonical\" href=\"https:\/\/cosmetic.lv\/lv\/product\/maria-galland-1060-tonizejoss-losjons-mille-toning-lotion-200ml\/\" \/>\n<meta property=\"og:locale\" content=\"lv_LV\" \/>\n<meta property=\"og:type\" content=\"article\" \/>\n<meta property=\"og:title\" content=\"MARIA GALLAND 1060 toniz\u0113jo\u0161s losjons MILLE TONING LOTION 200ML\" \/>\n<meta property=\"og:description\" content=\"Untitled document Grezns losjonu kop&scaron;anas l\u012bdzeklis ar optisko pretnoveco&scaron;anas efektu! Hialuronsk\u0101be z\u0101\u013cu sast\u0101v\u0101 nodro&scaron;ina intens\u012bvu ilgsto&scaron;u hidrat\u0101ciju. Augu cilmes &scaron;\u016bnu\" \/>\n<meta property=\"og:url\" content=\"https:\/\/cosmetic.lv\/lv\/product\/maria-galland-1060-tonizejoss-losjons-mille-toning-lotion-200ml\/\" \/>\n<meta property=\"og:site_name\" content=\"cosmetic.lv\" \/>\n<meta property=\"article:publisher\" content=\"https:\/\/www.facebook.com\/cosmetic.lv\/\" \/>\n<meta property=\"article:modified_time\" content=\"2021-02-06T17:58:35+00:00\" \/>\n<meta property=\"og:image\" content=\"https:\/\/cosmetic.lv\/wp-content\/uploads\/2021\/02\/53058008915597a353ce295e38503764-4.jpg\" \/>\n\t<meta property=\"og:image:width\" content=\"256\" \/>\n\t<meta property=\"og:image:height\" content=\"280\" \/>\n\t<meta property=\"og:image:type\" content=\"image\/jpeg\" \/>\n<meta name=\"twitter:card\" content=\"summary_large_image\" \/>\n<script type=\"application\/ld+json\" class=\"yoast-schema-graph\">{\"@context\":\"https:\/\/schema.org\",\"@graph\":[{\"@type\":\"WebPage\",\"@id\":\"https:\/\/cosmetic.lv\/lv\/product\/maria-galland-1060-tonizejoss-losjons-mille-toning-lotion-200ml\/\",\"url\":\"https:\/\/cosmetic.lv\/lv\/product\/maria-galland-1060-tonizejoss-losjons-mille-toning-lotion-200ml\/\",\"name\":\"MARIA GALLAND 1060 toniz\u0113jo\u0161s losjons MILLE TONING LOTION 200ML - cosmetic.lv\",\"isPartOf\":{\"@id\":\"https:\/\/cosmetic.lv\/lv\/#website\"},\"primaryImageOfPage\":{\"@id\":\"https:\/\/cosmetic.lv\/lv\/product\/maria-galland-1060-tonizejoss-losjons-mille-toning-lotion-200ml\/#primaryimage\"},\"image\":{\"@id\":\"https:\/\/cosmetic.lv\/lv\/product\/maria-galland-1060-tonizejoss-losjons-mille-toning-lotion-200ml\/#primaryimage\"},\"thumbnailUrl\":\"https:\/\/cosmetic.lv\/wp-content\/uploads\/2021\/02\/53058008915597a353ce295e38503764-4.jpg\",\"datePublished\":\"2021-02-06T17:58:32+00:00\",\"dateModified\":\"2021-02-06T17:58:35+00:00\",\"breadcrumb\":{\"@id\":\"https:\/\/cosmetic.lv\/lv\/product\/maria-galland-1060-tonizejoss-losjons-mille-toning-lotion-200ml\/#breadcrumb\"},\"inLanguage\":\"lv-LV\",\"potentialAction\":[{\"@type\":\"ReadAction\",\"target\":[\"https:\/\/cosmetic.lv\/lv\/product\/maria-galland-1060-tonizejoss-losjons-mille-toning-lotion-200ml\/\"]}]},{\"@type\":\"ImageObject\",\"inLanguage\":\"lv-LV\",\"@id\":\"https:\/\/cosmetic.lv\/lv\/product\/maria-galland-1060-tonizejoss-losjons-mille-toning-lotion-200ml\/#primaryimage\",\"url\":\"https:\/\/cosmetic.lv\/wp-content\/uploads\/2021\/02\/53058008915597a353ce295e38503764-4.jpg\",\"contentUrl\":\"https:\/\/cosmetic.lv\/wp-content\/uploads\/2021\/02\/53058008915597a353ce295e38503764-4.jpg\",\"width\":256,\"height\":280,\"caption\":\"53058008915597a353ce295e38503764.jpg\"},{\"@type\":\"BreadcrumbList\",\"@id\":\"https:\/\/cosmetic.lv\/lv\/product\/maria-galland-1060-tonizejoss-losjons-mille-toning-lotion-200ml\/#breadcrumb\",\"itemListElement\":[{\"@type\":\"ListItem\",\"position\":1,\"name\":\"Home\",\"item\":\"https:\/\/cosmetic.lv\/lv\/\"},{\"@type\":\"ListItem\",\"position\":2,\"name\":\"Veikals\",\"item\":\"https:\/\/cosmetic.lv\/lv\/veiklas\/\"},{\"@type\":\"ListItem\",\"position\":3,\"name\":\"MARIA GALLAND 1060 toniz\u0113jo\u0161s losjons MILLE TONING LOTION 200ML\"}]},{\"@type\":\"WebSite\",\"@id\":\"https:\/\/cosmetic.lv\/lv\/#website\",\"url\":\"https:\/\/cosmetic.lv\/lv\/\",\"name\":\"cosmetic.lv\",\"description\":\"Profesion\u0101la kosm\u0113tika - Maria Galland, Keune, Arkadija, GMT, Guam, Magiray\",\"publisher\":{\"@id\":\"https:\/\/cosmetic.lv\/lv\/#organization\"},\"potentialAction\":[{\"@type\":\"SearchAction\",\"target\":{\"@type\":\"EntryPoint\",\"urlTemplate\":\"https:\/\/cosmetic.lv\/lv\/?s={search_term_string}\"},\"query-input\":{\"@type\":\"PropertyValueSpecification\",\"valueRequired\":true,\"valueName\":\"search_term_string\"}}],\"inLanguage\":\"lv-LV\"},{\"@type\":\"Organization\",\"@id\":\"https:\/\/cosmetic.lv\/lv\/#organization\",\"name\":\"COSMETIC.LV\",\"url\":\"https:\/\/cosmetic.lv\/lv\/\",\"logo\":{\"@type\":\"ImageObject\",\"inLanguage\":\"lv-LV\",\"@id\":\"https:\/\/cosmetic.lv\/lv\/#\/schema\/logo\/image\/\",\"url\":\"https:\/\/cosmetic.lv\/wp-content\/uploads\/2021\/02\/cosmetic.lv_logo.jpg\",\"contentUrl\":\"https:\/\/cosmetic.lv\/wp-content\/uploads\/2021\/02\/cosmetic.lv_logo.jpg\",\"width\":596,\"height\":196,\"caption\":\"COSMETIC.LV\"},\"image\":{\"@id\":\"https:\/\/cosmetic.lv\/lv\/#\/schema\/logo\/image\/\"},\"sameAs\":[\"https:\/\/www.facebook.com\/cosmetic.lv\/\"]}]}<\/script>\n<meta property=\"product:price:amount\" content=\"55.56\" \/>\n<meta property=\"product:price:currency\" content=\"EUR\" \/>\n<meta property=\"og:availability\" content=\"instock\" \/>\n<meta property=\"product:availability\" content=\"instock\" \/>\n<meta property=\"product:retailer_item_id\" content=\"1060\" \/>\n<meta property=\"product:condition\" content=\"new\" \/>\n<!-- \/ Yoast SEO Premium plugin. -->","yoast_head_json":{"title":"MARIA GALLAND 1060 toniz\u0113jo\u0161s losjons MILLE TONING LOTION 200ML - cosmetic.lv","robots":{"index":"index","follow":"follow","max-snippet":"max-snippet:-1","max-image-preview":"max-image-preview:large","max-video-preview":"max-video-preview:-1"},"canonical":"https:\/\/cosmetic.lv\/lv\/product\/maria-galland-1060-tonizejoss-losjons-mille-toning-lotion-200ml\/","og_locale":"lv_LV","og_type":"article","og_title":"MARIA GALLAND 1060 toniz\u0113jo\u0161s losjons MILLE TONING LOTION 200ML","og_description":"Untitled document Grezns losjonu kop&scaron;anas l\u012bdzeklis ar optisko pretnoveco&scaron;anas efektu! Hialuronsk\u0101be z\u0101\u013cu sast\u0101v\u0101 nodro&scaron;ina intens\u012bvu ilgsto&scaron;u hidrat\u0101ciju. Augu cilmes &scaron;\u016bnu","og_url":"https:\/\/cosmetic.lv\/lv\/product\/maria-galland-1060-tonizejoss-losjons-mille-toning-lotion-200ml\/","og_site_name":"cosmetic.lv","article_publisher":"https:\/\/www.facebook.com\/cosmetic.lv\/","article_modified_time":"2021-02-06T17:58:35+00:00","og_image":[{"width":256,"height":280,"url":"https:\/\/cosmetic.lv\/wp-content\/uploads\/2021\/02\/53058008915597a353ce295e38503764-4.jpg","type":"image\/jpeg"}],"twitter_card":"summary_large_image","schema":{"@context":"https:\/\/schema.org","@graph":[{"@type":"WebPage","@id":"https:\/\/cosmetic.lv\/lv\/product\/maria-galland-1060-tonizejoss-losjons-mille-toning-lotion-200ml\/","url":"https:\/\/cosmetic.lv\/lv\/product\/maria-galland-1060-tonizejoss-losjons-mille-toning-lotion-200ml\/","name":"MARIA GALLAND 1060 toniz\u0113jo\u0161s losjons MILLE TONING LOTION 200ML - cosmetic.lv","isPartOf":{"@id":"https:\/\/cosmetic.lv\/lv\/#website"},"primaryImageOfPage":{"@id":"https:\/\/cosmetic.lv\/lv\/product\/maria-galland-1060-tonizejoss-losjons-mille-toning-lotion-200ml\/#primaryimage"},"image":{"@id":"https:\/\/cosmetic.lv\/lv\/product\/maria-galland-1060-tonizejoss-losjons-mille-toning-lotion-200ml\/#primaryimage"},"thumbnailUrl":"https:\/\/cosmetic.lv\/wp-content\/uploads\/2021\/02\/53058008915597a353ce295e38503764-4.jpg","datePublished":"2021-02-06T17:58:32+00:00","dateModified":"2021-02-06T17:58:35+00:00","breadcrumb":{"@id":"https:\/\/cosmetic.lv\/lv\/product\/maria-galland-1060-tonizejoss-losjons-mille-toning-lotion-200ml\/#breadcrumb"},"inLanguage":"lv-LV","potentialAction":[{"@type":"ReadAction","target":["https:\/\/cosmetic.lv\/lv\/product\/maria-galland-1060-tonizejoss-losjons-mille-toning-lotion-200ml\/"]}]},{"@type":"ImageObject","inLanguage":"lv-LV","@id":"https:\/\/cosmetic.lv\/lv\/product\/maria-galland-1060-tonizejoss-losjons-mille-toning-lotion-200ml\/#primaryimage","url":"https:\/\/cosmetic.lv\/wp-content\/uploads\/2021\/02\/53058008915597a353ce295e38503764-4.jpg","contentUrl":"https:\/\/cosmetic.lv\/wp-content\/uploads\/2021\/02\/53058008915597a353ce295e38503764-4.jpg","width":256,"height":280,"caption":"53058008915597a353ce295e38503764.jpg"},{"@type":"BreadcrumbList","@id":"https:\/\/cosmetic.lv\/lv\/product\/maria-galland-1060-tonizejoss-losjons-mille-toning-lotion-200ml\/#breadcrumb","itemListElement":[{"@type":"ListItem","position":1,"name":"Home","item":"https:\/\/cosmetic.lv\/lv\/"},{"@type":"ListItem","position":2,"name":"Veikals","item":"https:\/\/cosmetic.lv\/lv\/veiklas\/"},{"@type":"ListItem","position":3,"name":"MARIA GALLAND 1060 toniz\u0113jo\u0161s losjons MILLE TONING LOTION 200ML"}]},{"@type":"WebSite","@id":"https:\/\/cosmetic.lv\/lv\/#website","url":"https:\/\/cosmetic.lv\/lv\/","name":"cosmetic.lv","description":"Profesion\u0101la kosm\u0113tika - Maria Galland, Keune, Arkadija, GMT, Guam, Magiray","publisher":{"@id":"https:\/\/cosmetic.lv\/lv\/#organization"},"potentialAction":[{"@type":"SearchAction","target":{"@type":"EntryPoint","urlTemplate":"https:\/\/cosmetic.lv\/lv\/?s={search_term_string}"},"query-input":{"@type":"PropertyValueSpecification","valueRequired":true,"valueName":"search_term_string"}}],"inLanguage":"lv-LV"},{"@type":"Organization","@id":"https:\/\/cosmetic.lv\/lv\/#organization","name":"COSMETIC.LV","url":"https:\/\/cosmetic.lv\/lv\/","logo":{"@type":"ImageObject","inLanguage":"lv-LV","@id":"https:\/\/cosmetic.lv\/lv\/#\/schema\/logo\/image\/","url":"https:\/\/cosmetic.lv\/wp-content\/uploads\/2021\/02\/cosmetic.lv_logo.jpg","contentUrl":"https:\/\/cosmetic.lv\/wp-content\/uploads\/2021\/02\/cosmetic.lv_logo.jpg","width":596,"height":196,"caption":"COSMETIC.LV"},"image":{"@id":"https:\/\/cosmetic.lv\/lv\/#\/schema\/logo\/image\/"},"sameAs":["https:\/\/www.facebook.com\/cosmetic.lv\/"]}]},"product_price_amount":"55.56","product_price_currency":"EUR","og_availability":"instock","product_availability":"instock","product_retailer_item_id":"1060","product_condition":"new"},"_links":{"self":[{"href":"https:\/\/cosmetic.lv\/lv\/wp-json\/wp\/v2\/product\/34862","targetHints":{"allow":["GET"]}}],"collection":[{"href":"https:\/\/cosmetic.lv\/lv\/wp-json\/wp\/v2\/product"}],"about":[{"href":"https:\/\/cosmetic.lv\/lv\/wp-json\/wp\/v2\/types\/product"}],"wp:featuredmedia":[{"embeddable":true,"href":"https:\/\/cosmetic.lv\/lv\/wp-json\/wp\/v2\/media\/17580"}],"wp:attachment":[{"href":"https:\/\/cosmetic.lv\/lv\/wp-json\/wp\/v2\/media?parent=34862"}],"wp:term":[{"taxonomy":"product_brand","embeddable":true,"href":"https:\/\/cosmetic.lv\/lv\/wp-json\/wp\/v2\/product_brand?post=34862"},{"taxonomy":"product_cat","embeddable":true,"href":"https:\/\/cosmetic.lv\/lv\/wp-json\/wp\/v2\/product_cat?post=34862"},{"taxonomy":"product_tag","embeddable":true,"href":"https:\/\/cosmetic.lv\/lv\/wp-json\/wp\/v2\/product_tag?post=34862"}],"curies":[{"name":"wp","href":"https:\/\/api.w.org\/{rel}","templated":true}]}}