{"id":34864,"date":"2021-02-05T22:45:28","date_gmt":"2021-02-06T17:58:32","guid":{"rendered":"https:\/\/damme.lv\/product\/maria-galland-1005-radiance-cream-mille-atjaunojoss-krems-50ml\/"},"modified":"2021-02-06T19:58:36","modified_gmt":"2021-02-06T17:58:36","slug":"maria-galland-1005-radiance-cream-mille-atjaunojoss-krems-50ml","status":"publish","type":"product","link":"https:\/\/cosmetic.lv\/lv\/product\/maria-galland-1005-radiance-cream-mille-atjaunojoss-krems-50ml\/","title":{"rendered":"MARIA GALLAND 1005 RADIANCE CREAM MILLE atjaunojo\u0161s kr\u0113ms 50ml"},"content":{"rendered":"<p><!DOCTYPE html PUBLIC &quot;-\/\/W3C\/\/DTD XHTML 1.0 Transitional\/\/EN&quot; &quot;http:\/\/www.w3.org\/TR\/xhtml1\/DTD\/xhtml1-transitional.dtd&quot;><br \/>\n<html><br \/>\n<head><br \/>\n<title>Untitled document<\/title><br \/>\n<\/head><br \/>\n<body><\/p>\n<p>Sieviet\u0113m, kas vec\u0101kas par 40 gadiem, ar jebk\u0101da veida \u0101du, \u012bpa&scaron;i ar dehidr\u0113tu \u0101du.  Bag\u0101t\u012bgs, grezns mitrin\u0101t\u0101js ar TOP C kompleksu ir intens\u012bvi atjaunojo&scaron;s efekts, pal\u0113ninot &scaron;\u016bnu \u0123en\u0113tisko noveco&scaron;anos. Hialuronsk\u0101bei, limnantiskajiem ekstraktiem un passifloras graudiem ir t\u016bl\u012bt\u0113ja un ilgsto&scaron;a mitrino&scaron;a iedarb\u012bba, kas nov\u0113r&scaron; dehidr\u0113tas \u0101das saspringuma saj\u016btu. Inovat\u012bvi komponenti &#8211; augu cilmes &scaron;\u016bnu ekstrakts un fitostimul\u012bni &#8211; iev\u0113rojami samazina redzamo grumbu skaitu, stiprina \u0101du, imit\u0113 sejas formu. Patent\u0113ti ziedu ekstrakti uzlabo sejas kr\u0101su, \u0101da ieg\u016bst vitalit\u0101ti un vitalit\u0101ti. Stiprina, izl\u012bdzina un atjauno \u0101du. Intens\u012bvi mitrina: t\u016bl\u012bt\u0113ja un ilgsto&scaron;a darb\u012bba. No\u0146em dehidr\u0113tas \u0101das saspringuma saj\u016btu un dedzin\u0101&scaron;anu. Tas nodro&scaron;ina \u0101das mirdzumu.  Pier\u0101d\u012bta efektivit\u0101te p\u0113c 28 dienu lieto&scaron;anas *  L\u012bdz 104% palielina mitruma l\u012bmeni.  Darb\u012bbas komponenti:  Komplekss TOP-C; Augu cilmes &scaron;\u016bnu ekstrakts, kas ieg\u016bts no Malus Domestica &Scaron;veices \u0101boliem; Fitostimulanti; Hialuronsk\u0101be; E vitam\u012bns; Macadamyate, kas ieg\u016bts no makad\u0101mijas riekstiem; Pasifloru ekstrakts; Pennik Lugovoy ekstrakts (baltie limnanti).  Lieto&scaron;anas veids: Uzkl\u0101jiet uz sejas, kakla un dekolt\u0113 r\u012bta un vakar\u0101.  Pieejams: 50 ml<\/p>\n<p><\/body><br \/>\n<\/html><\/p>\n","protected":false},"excerpt":{"rendered":"<p>Untitled document Sieviet\u0113m, kas vec\u0101kas par 40 gadiem, ar jebk\u0101da veida \u0101du, \u012bpa&scaron;i ar dehidr\u0113tu \u0101du. Bag\u0101t\u012bgs, grezns mitrin\u0101t\u0101js ar<\/p>\n","protected":false},"featured_media":36067,"template":"","meta":[],"product_brand":[],"product_cat":[2273,2277],"product_tag":[],"class_list":{"0":"post-34864","1":"product","2":"type-product","3":"status-publish","4":"has-post-thumbnail","6":"product_cat-profesionala-kosmetika-sejai-un-kermenim-lv","7":"product_cat-maria-galland-francija-lv","9":"first","10":"instock","11":"sale","12":"featured","13":"taxable","14":"shipping-taxable","15":"purchasable","16":"product-type-simple"},"yoast_head":"<!-- This site is optimized with the Yoast SEO Premium plugin v27.0 (Yoast SEO v27.0) - https:\/\/yoast.com\/product\/yoast-seo-premium-wordpress\/ -->\n<title>MARIA GALLAND 1005 RADIANCE CREAM MILLE atjaunojo\u0161s kr\u0113ms 50ml - cosmetic.lv<\/title>\n<meta name=\"robots\" content=\"index, follow, max-snippet:-1, max-image-preview:large, max-video-preview:-1\" \/>\n<link rel=\"canonical\" href=\"https:\/\/cosmetic.lv\/lv\/product\/maria-galland-1005-radiance-cream-mille-atjaunojoss-krems-50ml\/\" \/>\n<meta property=\"og:locale\" content=\"lv_LV\" \/>\n<meta property=\"og:type\" content=\"article\" \/>\n<meta property=\"og:title\" content=\"MARIA GALLAND 1005 RADIANCE CREAM MILLE atjaunojo\u0161s kr\u0113ms 50ml\" \/>\n<meta property=\"og:description\" content=\"Untitled document Sieviet\u0113m, kas vec\u0101kas par 40 gadiem, ar jebk\u0101da veida \u0101du, \u012bpa&scaron;i ar dehidr\u0113tu \u0101du. Bag\u0101t\u012bgs, grezns mitrin\u0101t\u0101js ar\" \/>\n<meta property=\"og:url\" content=\"https:\/\/cosmetic.lv\/lv\/product\/maria-galland-1005-radiance-cream-mille-atjaunojoss-krems-50ml\/\" \/>\n<meta property=\"og:site_name\" content=\"cosmetic.lv\" \/>\n<meta property=\"article:publisher\" content=\"https:\/\/www.facebook.com\/cosmetic.lv\/\" \/>\n<meta property=\"article:modified_time\" content=\"2021-02-06T17:58:36+00:00\" \/>\n<meta property=\"og:image\" content=\"https:\/\/cosmetic.lv\/wp-content\/uploads\/2021\/02\/maria-galland-creme-mille-1005-radiance-lumiere-cream-750x750-1.jpg\" \/>\n\t<meta property=\"og:image:width\" content=\"750\" \/>\n\t<meta property=\"og:image:height\" content=\"750\" \/>\n\t<meta property=\"og:image:type\" content=\"image\/jpeg\" \/>\n<meta name=\"twitter:card\" content=\"summary_large_image\" \/>\n<script type=\"application\/ld+json\" class=\"yoast-schema-graph\">{\"@context\":\"https:\/\/schema.org\",\"@graph\":[{\"@type\":\"WebPage\",\"@id\":\"https:\/\/cosmetic.lv\/lv\/product\/maria-galland-1005-radiance-cream-mille-atjaunojoss-krems-50ml\/\",\"url\":\"https:\/\/cosmetic.lv\/lv\/product\/maria-galland-1005-radiance-cream-mille-atjaunojoss-krems-50ml\/\",\"name\":\"MARIA GALLAND 1005 RADIANCE CREAM MILLE atjaunojo\u0161s kr\u0113ms 50ml - cosmetic.lv\",\"isPartOf\":{\"@id\":\"https:\/\/cosmetic.lv\/lv\/#website\"},\"primaryImageOfPage\":{\"@id\":\"https:\/\/cosmetic.lv\/lv\/product\/maria-galland-1005-radiance-cream-mille-atjaunojoss-krems-50ml\/#primaryimage\"},\"image\":{\"@id\":\"https:\/\/cosmetic.lv\/lv\/product\/maria-galland-1005-radiance-cream-mille-atjaunojoss-krems-50ml\/#primaryimage\"},\"thumbnailUrl\":\"https:\/\/cosmetic.lv\/wp-content\/uploads\/2021\/02\/maria-galland-creme-mille-1005-radiance-lumiere-cream-750x750-1.jpg\",\"datePublished\":\"2021-02-06T17:58:32+00:00\",\"dateModified\":\"2021-02-06T17:58:36+00:00\",\"breadcrumb\":{\"@id\":\"https:\/\/cosmetic.lv\/lv\/product\/maria-galland-1005-radiance-cream-mille-atjaunojoss-krems-50ml\/#breadcrumb\"},\"inLanguage\":\"lv-LV\",\"potentialAction\":[{\"@type\":\"ReadAction\",\"target\":[\"https:\/\/cosmetic.lv\/lv\/product\/maria-galland-1005-radiance-cream-mille-atjaunojoss-krems-50ml\/\"]}]},{\"@type\":\"ImageObject\",\"inLanguage\":\"lv-LV\",\"@id\":\"https:\/\/cosmetic.lv\/lv\/product\/maria-galland-1005-radiance-cream-mille-atjaunojoss-krems-50ml\/#primaryimage\",\"url\":\"https:\/\/cosmetic.lv\/wp-content\/uploads\/2021\/02\/maria-galland-creme-mille-1005-radiance-lumiere-cream-750x750-1.jpg\",\"contentUrl\":\"https:\/\/cosmetic.lv\/wp-content\/uploads\/2021\/02\/maria-galland-creme-mille-1005-radiance-lumiere-cream-750x750-1.jpg\",\"width\":750,\"height\":750,\"caption\":\"maria-galland-creme-mille-1005\"},{\"@type\":\"BreadcrumbList\",\"@id\":\"https:\/\/cosmetic.lv\/lv\/product\/maria-galland-1005-radiance-cream-mille-atjaunojoss-krems-50ml\/#breadcrumb\",\"itemListElement\":[{\"@type\":\"ListItem\",\"position\":1,\"name\":\"Home\",\"item\":\"https:\/\/cosmetic.lv\/lv\/\"},{\"@type\":\"ListItem\",\"position\":2,\"name\":\"Veikals\",\"item\":\"https:\/\/cosmetic.lv\/lv\/veiklas\/\"},{\"@type\":\"ListItem\",\"position\":3,\"name\":\"MARIA GALLAND 1005 RADIANCE CREAM MILLE atjaunojo\u0161s kr\u0113ms 50ml\"}]},{\"@type\":\"WebSite\",\"@id\":\"https:\/\/cosmetic.lv\/lv\/#website\",\"url\":\"https:\/\/cosmetic.lv\/lv\/\",\"name\":\"cosmetic.lv\",\"description\":\"Profesion\u0101la kosm\u0113tika - Maria Galland, Keune, Arkadija, GMT, Guam, Magiray\",\"publisher\":{\"@id\":\"https:\/\/cosmetic.lv\/lv\/#organization\"},\"potentialAction\":[{\"@type\":\"SearchAction\",\"target\":{\"@type\":\"EntryPoint\",\"urlTemplate\":\"https:\/\/cosmetic.lv\/lv\/?s={search_term_string}\"},\"query-input\":{\"@type\":\"PropertyValueSpecification\",\"valueRequired\":true,\"valueName\":\"search_term_string\"}}],\"inLanguage\":\"lv-LV\"},{\"@type\":\"Organization\",\"@id\":\"https:\/\/cosmetic.lv\/lv\/#organization\",\"name\":\"COSMETIC.LV\",\"url\":\"https:\/\/cosmetic.lv\/lv\/\",\"logo\":{\"@type\":\"ImageObject\",\"inLanguage\":\"lv-LV\",\"@id\":\"https:\/\/cosmetic.lv\/lv\/#\/schema\/logo\/image\/\",\"url\":\"https:\/\/cosmetic.lv\/wp-content\/uploads\/2021\/02\/cosmetic.lv_logo.jpg\",\"contentUrl\":\"https:\/\/cosmetic.lv\/wp-content\/uploads\/2021\/02\/cosmetic.lv_logo.jpg\",\"width\":596,\"height\":196,\"caption\":\"COSMETIC.LV\"},\"image\":{\"@id\":\"https:\/\/cosmetic.lv\/lv\/#\/schema\/logo\/image\/\"},\"sameAs\":[\"https:\/\/www.facebook.com\/cosmetic.lv\/\"]}]}<\/script>\n<meta property=\"product:price:amount\" content=\"197.00\" \/>\n<meta property=\"product:price:currency\" content=\"EUR\" \/>\n<meta property=\"og:availability\" content=\"instock\" \/>\n<meta property=\"product:availability\" content=\"instock\" \/>\n<meta property=\"product:retailer_item_id\" content=\"1005\" \/>\n<meta property=\"product:condition\" content=\"new\" \/>\n<!-- \/ Yoast SEO Premium plugin. -->","yoast_head_json":{"title":"MARIA GALLAND 1005 RADIANCE CREAM MILLE atjaunojo\u0161s kr\u0113ms 50ml - cosmetic.lv","robots":{"index":"index","follow":"follow","max-snippet":"max-snippet:-1","max-image-preview":"max-image-preview:large","max-video-preview":"max-video-preview:-1"},"canonical":"https:\/\/cosmetic.lv\/lv\/product\/maria-galland-1005-radiance-cream-mille-atjaunojoss-krems-50ml\/","og_locale":"lv_LV","og_type":"article","og_title":"MARIA GALLAND 1005 RADIANCE CREAM MILLE atjaunojo\u0161s kr\u0113ms 50ml","og_description":"Untitled document Sieviet\u0113m, kas vec\u0101kas par 40 gadiem, ar jebk\u0101da veida \u0101du, \u012bpa&scaron;i ar dehidr\u0113tu \u0101du. Bag\u0101t\u012bgs, grezns mitrin\u0101t\u0101js ar","og_url":"https:\/\/cosmetic.lv\/lv\/product\/maria-galland-1005-radiance-cream-mille-atjaunojoss-krems-50ml\/","og_site_name":"cosmetic.lv","article_publisher":"https:\/\/www.facebook.com\/cosmetic.lv\/","article_modified_time":"2021-02-06T17:58:36+00:00","og_image":[{"width":750,"height":750,"url":"https:\/\/cosmetic.lv\/wp-content\/uploads\/2021\/02\/maria-galland-creme-mille-1005-radiance-lumiere-cream-750x750-1.jpg","type":"image\/jpeg"}],"twitter_card":"summary_large_image","schema":{"@context":"https:\/\/schema.org","@graph":[{"@type":"WebPage","@id":"https:\/\/cosmetic.lv\/lv\/product\/maria-galland-1005-radiance-cream-mille-atjaunojoss-krems-50ml\/","url":"https:\/\/cosmetic.lv\/lv\/product\/maria-galland-1005-radiance-cream-mille-atjaunojoss-krems-50ml\/","name":"MARIA GALLAND 1005 RADIANCE CREAM MILLE atjaunojo\u0161s kr\u0113ms 50ml - cosmetic.lv","isPartOf":{"@id":"https:\/\/cosmetic.lv\/lv\/#website"},"primaryImageOfPage":{"@id":"https:\/\/cosmetic.lv\/lv\/product\/maria-galland-1005-radiance-cream-mille-atjaunojoss-krems-50ml\/#primaryimage"},"image":{"@id":"https:\/\/cosmetic.lv\/lv\/product\/maria-galland-1005-radiance-cream-mille-atjaunojoss-krems-50ml\/#primaryimage"},"thumbnailUrl":"https:\/\/cosmetic.lv\/wp-content\/uploads\/2021\/02\/maria-galland-creme-mille-1005-radiance-lumiere-cream-750x750-1.jpg","datePublished":"2021-02-06T17:58:32+00:00","dateModified":"2021-02-06T17:58:36+00:00","breadcrumb":{"@id":"https:\/\/cosmetic.lv\/lv\/product\/maria-galland-1005-radiance-cream-mille-atjaunojoss-krems-50ml\/#breadcrumb"},"inLanguage":"lv-LV","potentialAction":[{"@type":"ReadAction","target":["https:\/\/cosmetic.lv\/lv\/product\/maria-galland-1005-radiance-cream-mille-atjaunojoss-krems-50ml\/"]}]},{"@type":"ImageObject","inLanguage":"lv-LV","@id":"https:\/\/cosmetic.lv\/lv\/product\/maria-galland-1005-radiance-cream-mille-atjaunojoss-krems-50ml\/#primaryimage","url":"https:\/\/cosmetic.lv\/wp-content\/uploads\/2021\/02\/maria-galland-creme-mille-1005-radiance-lumiere-cream-750x750-1.jpg","contentUrl":"https:\/\/cosmetic.lv\/wp-content\/uploads\/2021\/02\/maria-galland-creme-mille-1005-radiance-lumiere-cream-750x750-1.jpg","width":750,"height":750,"caption":"maria-galland-creme-mille-1005"},{"@type":"BreadcrumbList","@id":"https:\/\/cosmetic.lv\/lv\/product\/maria-galland-1005-radiance-cream-mille-atjaunojoss-krems-50ml\/#breadcrumb","itemListElement":[{"@type":"ListItem","position":1,"name":"Home","item":"https:\/\/cosmetic.lv\/lv\/"},{"@type":"ListItem","position":2,"name":"Veikals","item":"https:\/\/cosmetic.lv\/lv\/veiklas\/"},{"@type":"ListItem","position":3,"name":"MARIA GALLAND 1005 RADIANCE CREAM MILLE atjaunojo\u0161s kr\u0113ms 50ml"}]},{"@type":"WebSite","@id":"https:\/\/cosmetic.lv\/lv\/#website","url":"https:\/\/cosmetic.lv\/lv\/","name":"cosmetic.lv","description":"Profesion\u0101la kosm\u0113tika - Maria Galland, Keune, Arkadija, GMT, Guam, Magiray","publisher":{"@id":"https:\/\/cosmetic.lv\/lv\/#organization"},"potentialAction":[{"@type":"SearchAction","target":{"@type":"EntryPoint","urlTemplate":"https:\/\/cosmetic.lv\/lv\/?s={search_term_string}"},"query-input":{"@type":"PropertyValueSpecification","valueRequired":true,"valueName":"search_term_string"}}],"inLanguage":"lv-LV"},{"@type":"Organization","@id":"https:\/\/cosmetic.lv\/lv\/#organization","name":"COSMETIC.LV","url":"https:\/\/cosmetic.lv\/lv\/","logo":{"@type":"ImageObject","inLanguage":"lv-LV","@id":"https:\/\/cosmetic.lv\/lv\/#\/schema\/logo\/image\/","url":"https:\/\/cosmetic.lv\/wp-content\/uploads\/2021\/02\/cosmetic.lv_logo.jpg","contentUrl":"https:\/\/cosmetic.lv\/wp-content\/uploads\/2021\/02\/cosmetic.lv_logo.jpg","width":596,"height":196,"caption":"COSMETIC.LV"},"image":{"@id":"https:\/\/cosmetic.lv\/lv\/#\/schema\/logo\/image\/"},"sameAs":["https:\/\/www.facebook.com\/cosmetic.lv\/"]}]},"product_price_amount":"197.00","product_price_currency":"EUR","og_availability":"instock","product_availability":"instock","product_retailer_item_id":"1005","product_condition":"new"},"_links":{"self":[{"href":"https:\/\/cosmetic.lv\/lv\/wp-json\/wp\/v2\/product\/34864","targetHints":{"allow":["GET"]}}],"collection":[{"href":"https:\/\/cosmetic.lv\/lv\/wp-json\/wp\/v2\/product"}],"about":[{"href":"https:\/\/cosmetic.lv\/lv\/wp-json\/wp\/v2\/types\/product"}],"wp:featuredmedia":[{"embeddable":true,"href":"https:\/\/cosmetic.lv\/lv\/wp-json\/wp\/v2\/media\/36067"}],"wp:attachment":[{"href":"https:\/\/cosmetic.lv\/lv\/wp-json\/wp\/v2\/media?parent=34864"}],"wp:term":[{"taxonomy":"product_brand","embeddable":true,"href":"https:\/\/cosmetic.lv\/lv\/wp-json\/wp\/v2\/product_brand?post=34864"},{"taxonomy":"product_cat","embeddable":true,"href":"https:\/\/cosmetic.lv\/lv\/wp-json\/wp\/v2\/product_cat?post=34864"},{"taxonomy":"product_tag","embeddable":true,"href":"https:\/\/cosmetic.lv\/lv\/wp-json\/wp\/v2\/product_tag?post=34864"}],"curies":[{"name":"wp","href":"https:\/\/api.w.org\/{rel}","templated":true}]}}