{"id":34866,"date":"2021-02-05T22:45:36","date_gmt":"2021-02-06T17:58:39","guid":{"rendered":"https:\/\/damme.lv\/product\/maria-galland-serum-mille-hydratant-1012-30ml\/"},"modified":"2021-02-06T19:58:39","modified_gmt":"2021-02-06T17:58:39","slug":"maria-galland-serum-mille-hydratant-1012-30ml","status":"publish","type":"product","link":"https:\/\/cosmetic.lv\/lv\/product\/maria-galland-serum-mille-hydratant-1012-30ml\/","title":{"rendered":"Maria Galland Serum Mille Hydratant 1012 30ml"},"content":{"rendered":"<p>Neticami viegla un smalka tekst\u016bra, kas nodro\u0161ina t\u016bl\u012bt\u0113ju \u0101das pies\u0101tin\u0101jumu ar dz\u012bv\u012bbu rado\u0161u mitrumu! Augsto tehnolo\u0123iju komplekss HYDRO-CP-DNA saglab\u0101 optim\u0101lu epidermas hidrat\u0101cijas l\u012bmeni. Sojas olbaltumvielas, keramika un ginkgo biloba ekstrakts nodro\u0161ina lielisku \u0161\u016bnu aizsardz\u012bbu, stiprina atbalsta \u0161\u0137iedras, palielina audu tonusu, elast\u012bbu un stingr\u012bbu. \u0100da tiek atjaunota, audi tiek nostiprin\u0101ti, un pat dzi\u013c\u0101s grumbas iev\u0113rojami sadal\u0101s, pateicoties dab\u012bgajiem glikozaminoglik\u0101niem, kas iek\u013cauti formul\u0101. Absol\u016bt\u0101 skaistums un perfekta \u0101da!<\/p>\n<p>Darb\u012bbas komponenti:<\/p>\n<p>Hidro-CP-DNS komplekss ir \u013coti efekt\u012bvu sast\u0101vda\u013cu kokteilis, kas nodro\u0161ina t\u016bl\u012bt\u0113jus un ilgsto\u0161us rezult\u0101tus.<br \/>\nN\u0101trija PCA ir viela, kas dabiski atrodas \u0101d\u0101. Tam ir \u016bdens tur\u0113\u0161anas \u012bpa\u0161\u012bbas.<br \/>\nGlikozaminoglik\u0101ni ir dabiski glik\u012bdi. Nodro\u0161iniet optim\u0101lu mitruma l\u012bmeni. Veicin\u0101t grumbu izl\u012bdzin\u0101\u0161anu, ko izraisa \u0101das dehidrat\u0101cija. Nostipriniet epidermas barjeras funkciju. Padariet \u0101du m\u012bkstu un maigu.<br \/>\nK\u0101 lietot: Uzkl\u0101jiet no r\u012bta un vakar\u0101 uz sejas, kakla un dekolt\u0113 \u0101das. To var izmantot sievietes patst\u0101v\u012bgi, dodot priek\u0161roku viegl\u0101m tekst\u016br\u0101m. Mille 1006 par vi\u0146a r\u012bc\u012bbas prieku.<\/p>\n<p>Iepakojums: pudele ar s\u016bkni 30 ml<\/p>\n","protected":false},"excerpt":{"rendered":"<p>Neticami viegla un smalka tekst\u016bra, kas nodro\u0161ina t\u016bl\u012bt\u0113ju \u0101das pies\u0101tin\u0101jumu ar dz\u012bv\u012bbu rado\u0161u mitrumu! Augsto tehnolo\u0123iju komplekss HYDRO-CP-DNA saglab\u0101 optim\u0101lu<\/p>\n","protected":false},"featured_media":11264,"template":"","meta":[],"product_brand":[],"product_cat":[2273,2277],"product_tag":[],"class_list":{"0":"post-34866","1":"product","2":"type-product","3":"status-publish","4":"has-post-thumbnail","6":"product_cat-profesionala-kosmetika-sejai-un-kermenim-lv","7":"product_cat-maria-galland-francija-lv","9":"first","10":"instock","11":"sale","12":"featured","13":"taxable","14":"shipping-taxable","15":"purchasable","16":"product-type-simple"},"yoast_head":"<!-- This site is optimized with the Yoast SEO Premium plugin v27.0 (Yoast SEO v27.0) - https:\/\/yoast.com\/product\/yoast-seo-premium-wordpress\/ -->\n<title>Maria Galland Serum Mille Hydratant 1012 30ml - cosmetic.lv<\/title>\n<meta name=\"robots\" content=\"index, follow, max-snippet:-1, max-image-preview:large, max-video-preview:-1\" \/>\n<link rel=\"canonical\" href=\"https:\/\/cosmetic.lv\/lv\/product\/maria-galland-serum-mille-hydratant-1012-30ml\/\" \/>\n<meta property=\"og:locale\" content=\"lv_LV\" \/>\n<meta property=\"og:type\" content=\"article\" \/>\n<meta property=\"og:title\" content=\"Maria Galland Serum Mille Hydratant 1012 30ml\" \/>\n<meta property=\"og:description\" content=\"Neticami viegla un smalka tekst\u016bra, kas nodro\u0161ina t\u016bl\u012bt\u0113ju \u0101das pies\u0101tin\u0101jumu ar dz\u012bv\u012bbu rado\u0161u mitrumu! Augsto tehnolo\u0123iju komplekss HYDRO-CP-DNA saglab\u0101 optim\u0101lu\" \/>\n<meta property=\"og:url\" content=\"https:\/\/cosmetic.lv\/lv\/product\/maria-galland-serum-mille-hydratant-1012-30ml\/\" \/>\n<meta property=\"og:site_name\" content=\"cosmetic.lv\" \/>\n<meta property=\"article:publisher\" content=\"https:\/\/www.facebook.com\/cosmetic.lv\/\" \/>\n<meta property=\"og:image\" content=\"https:\/\/cosmetic.lv\/wp-content\/uploads\/2021\/02\/51zrupo57bl._sy355_.jpg\" \/>\n\t<meta property=\"og:image:width\" content=\"355\" \/>\n\t<meta property=\"og:image:height\" content=\"355\" \/>\n\t<meta property=\"og:image:type\" content=\"image\/jpeg\" \/>\n<meta name=\"twitter:card\" content=\"summary_large_image\" \/>\n<script type=\"application\/ld+json\" class=\"yoast-schema-graph\">{\"@context\":\"https:\/\/schema.org\",\"@graph\":[{\"@type\":\"WebPage\",\"@id\":\"https:\/\/cosmetic.lv\/lv\/product\/maria-galland-serum-mille-hydratant-1012-30ml\/\",\"url\":\"https:\/\/cosmetic.lv\/lv\/product\/maria-galland-serum-mille-hydratant-1012-30ml\/\",\"name\":\"Maria Galland Serum Mille Hydratant 1012 30ml - cosmetic.lv\",\"isPartOf\":{\"@id\":\"https:\/\/cosmetic.lv\/lv\/#website\"},\"primaryImageOfPage\":{\"@id\":\"https:\/\/cosmetic.lv\/lv\/product\/maria-galland-serum-mille-hydratant-1012-30ml\/#primaryimage\"},\"image\":{\"@id\":\"https:\/\/cosmetic.lv\/lv\/product\/maria-galland-serum-mille-hydratant-1012-30ml\/#primaryimage\"},\"thumbnailUrl\":\"https:\/\/cosmetic.lv\/wp-content\/uploads\/2021\/02\/51zrupo57bl._sy355_.jpg\",\"datePublished\":\"2021-02-06T17:58:39+00:00\",\"breadcrumb\":{\"@id\":\"https:\/\/cosmetic.lv\/lv\/product\/maria-galland-serum-mille-hydratant-1012-30ml\/#breadcrumb\"},\"inLanguage\":\"lv-LV\",\"potentialAction\":[{\"@type\":\"ReadAction\",\"target\":[\"https:\/\/cosmetic.lv\/lv\/product\/maria-galland-serum-mille-hydratant-1012-30ml\/\"]}]},{\"@type\":\"ImageObject\",\"inLanguage\":\"lv-LV\",\"@id\":\"https:\/\/cosmetic.lv\/lv\/product\/maria-galland-serum-mille-hydratant-1012-30ml\/#primaryimage\",\"url\":\"https:\/\/cosmetic.lv\/wp-content\/uploads\/2021\/02\/51zrupo57bl._sy355_.jpg\",\"contentUrl\":\"https:\/\/cosmetic.lv\/wp-content\/uploads\/2021\/02\/51zrupo57bl._sy355_.jpg\",\"width\":355,\"height\":355,\"caption\":\"51ZrUpo57bL._SY355_.jpg\"},{\"@type\":\"BreadcrumbList\",\"@id\":\"https:\/\/cosmetic.lv\/lv\/product\/maria-galland-serum-mille-hydratant-1012-30ml\/#breadcrumb\",\"itemListElement\":[{\"@type\":\"ListItem\",\"position\":1,\"name\":\"Home\",\"item\":\"https:\/\/cosmetic.lv\/lv\/\"},{\"@type\":\"ListItem\",\"position\":2,\"name\":\"Veikals\",\"item\":\"https:\/\/cosmetic.lv\/lv\/veiklas\/\"},{\"@type\":\"ListItem\",\"position\":3,\"name\":\"Maria Galland Serum Mille Hydratant 1012 30ml\"}]},{\"@type\":\"WebSite\",\"@id\":\"https:\/\/cosmetic.lv\/lv\/#website\",\"url\":\"https:\/\/cosmetic.lv\/lv\/\",\"name\":\"cosmetic.lv\",\"description\":\"Profesion\u0101la kosm\u0113tika - Maria Galland, Keune, Arkadija, GMT, Guam, Magiray\",\"publisher\":{\"@id\":\"https:\/\/cosmetic.lv\/lv\/#organization\"},\"potentialAction\":[{\"@type\":\"SearchAction\",\"target\":{\"@type\":\"EntryPoint\",\"urlTemplate\":\"https:\/\/cosmetic.lv\/lv\/?s={search_term_string}\"},\"query-input\":{\"@type\":\"PropertyValueSpecification\",\"valueRequired\":true,\"valueName\":\"search_term_string\"}}],\"inLanguage\":\"lv-LV\"},{\"@type\":\"Organization\",\"@id\":\"https:\/\/cosmetic.lv\/lv\/#organization\",\"name\":\"COSMETIC.LV\",\"url\":\"https:\/\/cosmetic.lv\/lv\/\",\"logo\":{\"@type\":\"ImageObject\",\"inLanguage\":\"lv-LV\",\"@id\":\"https:\/\/cosmetic.lv\/lv\/#\/schema\/logo\/image\/\",\"url\":\"https:\/\/cosmetic.lv\/wp-content\/uploads\/2021\/02\/cosmetic.lv_logo.jpg\",\"contentUrl\":\"https:\/\/cosmetic.lv\/wp-content\/uploads\/2021\/02\/cosmetic.lv_logo.jpg\",\"width\":596,\"height\":196,\"caption\":\"COSMETIC.LV\"},\"image\":{\"@id\":\"https:\/\/cosmetic.lv\/lv\/#\/schema\/logo\/image\/\"},\"sameAs\":[\"https:\/\/www.facebook.com\/cosmetic.lv\/\"]}]}<\/script>\n<meta property=\"product:price:amount\" content=\"180.00\" \/>\n<meta property=\"product:price:currency\" content=\"EUR\" \/>\n<meta property=\"og:availability\" content=\"instock\" \/>\n<meta property=\"product:availability\" content=\"instock\" \/>\n<meta property=\"product:retailer_item_id\" content=\"1012\" \/>\n<meta property=\"product:condition\" content=\"new\" \/>\n<!-- \/ Yoast SEO Premium plugin. -->","yoast_head_json":{"title":"Maria Galland Serum Mille Hydratant 1012 30ml - cosmetic.lv","robots":{"index":"index","follow":"follow","max-snippet":"max-snippet:-1","max-image-preview":"max-image-preview:large","max-video-preview":"max-video-preview:-1"},"canonical":"https:\/\/cosmetic.lv\/lv\/product\/maria-galland-serum-mille-hydratant-1012-30ml\/","og_locale":"lv_LV","og_type":"article","og_title":"Maria Galland Serum Mille Hydratant 1012 30ml","og_description":"Neticami viegla un smalka tekst\u016bra, kas nodro\u0161ina t\u016bl\u012bt\u0113ju \u0101das pies\u0101tin\u0101jumu ar dz\u012bv\u012bbu rado\u0161u mitrumu! Augsto tehnolo\u0123iju komplekss HYDRO-CP-DNA saglab\u0101 optim\u0101lu","og_url":"https:\/\/cosmetic.lv\/lv\/product\/maria-galland-serum-mille-hydratant-1012-30ml\/","og_site_name":"cosmetic.lv","article_publisher":"https:\/\/www.facebook.com\/cosmetic.lv\/","og_image":[{"width":355,"height":355,"url":"https:\/\/cosmetic.lv\/wp-content\/uploads\/2021\/02\/51zrupo57bl._sy355_.jpg","type":"image\/jpeg"}],"twitter_card":"summary_large_image","schema":{"@context":"https:\/\/schema.org","@graph":[{"@type":"WebPage","@id":"https:\/\/cosmetic.lv\/lv\/product\/maria-galland-serum-mille-hydratant-1012-30ml\/","url":"https:\/\/cosmetic.lv\/lv\/product\/maria-galland-serum-mille-hydratant-1012-30ml\/","name":"Maria Galland Serum Mille Hydratant 1012 30ml - cosmetic.lv","isPartOf":{"@id":"https:\/\/cosmetic.lv\/lv\/#website"},"primaryImageOfPage":{"@id":"https:\/\/cosmetic.lv\/lv\/product\/maria-galland-serum-mille-hydratant-1012-30ml\/#primaryimage"},"image":{"@id":"https:\/\/cosmetic.lv\/lv\/product\/maria-galland-serum-mille-hydratant-1012-30ml\/#primaryimage"},"thumbnailUrl":"https:\/\/cosmetic.lv\/wp-content\/uploads\/2021\/02\/51zrupo57bl._sy355_.jpg","datePublished":"2021-02-06T17:58:39+00:00","breadcrumb":{"@id":"https:\/\/cosmetic.lv\/lv\/product\/maria-galland-serum-mille-hydratant-1012-30ml\/#breadcrumb"},"inLanguage":"lv-LV","potentialAction":[{"@type":"ReadAction","target":["https:\/\/cosmetic.lv\/lv\/product\/maria-galland-serum-mille-hydratant-1012-30ml\/"]}]},{"@type":"ImageObject","inLanguage":"lv-LV","@id":"https:\/\/cosmetic.lv\/lv\/product\/maria-galland-serum-mille-hydratant-1012-30ml\/#primaryimage","url":"https:\/\/cosmetic.lv\/wp-content\/uploads\/2021\/02\/51zrupo57bl._sy355_.jpg","contentUrl":"https:\/\/cosmetic.lv\/wp-content\/uploads\/2021\/02\/51zrupo57bl._sy355_.jpg","width":355,"height":355,"caption":"51ZrUpo57bL._SY355_.jpg"},{"@type":"BreadcrumbList","@id":"https:\/\/cosmetic.lv\/lv\/product\/maria-galland-serum-mille-hydratant-1012-30ml\/#breadcrumb","itemListElement":[{"@type":"ListItem","position":1,"name":"Home","item":"https:\/\/cosmetic.lv\/lv\/"},{"@type":"ListItem","position":2,"name":"Veikals","item":"https:\/\/cosmetic.lv\/lv\/veiklas\/"},{"@type":"ListItem","position":3,"name":"Maria Galland Serum Mille Hydratant 1012 30ml"}]},{"@type":"WebSite","@id":"https:\/\/cosmetic.lv\/lv\/#website","url":"https:\/\/cosmetic.lv\/lv\/","name":"cosmetic.lv","description":"Profesion\u0101la kosm\u0113tika - Maria Galland, Keune, Arkadija, GMT, Guam, Magiray","publisher":{"@id":"https:\/\/cosmetic.lv\/lv\/#organization"},"potentialAction":[{"@type":"SearchAction","target":{"@type":"EntryPoint","urlTemplate":"https:\/\/cosmetic.lv\/lv\/?s={search_term_string}"},"query-input":{"@type":"PropertyValueSpecification","valueRequired":true,"valueName":"search_term_string"}}],"inLanguage":"lv-LV"},{"@type":"Organization","@id":"https:\/\/cosmetic.lv\/lv\/#organization","name":"COSMETIC.LV","url":"https:\/\/cosmetic.lv\/lv\/","logo":{"@type":"ImageObject","inLanguage":"lv-LV","@id":"https:\/\/cosmetic.lv\/lv\/#\/schema\/logo\/image\/","url":"https:\/\/cosmetic.lv\/wp-content\/uploads\/2021\/02\/cosmetic.lv_logo.jpg","contentUrl":"https:\/\/cosmetic.lv\/wp-content\/uploads\/2021\/02\/cosmetic.lv_logo.jpg","width":596,"height":196,"caption":"COSMETIC.LV"},"image":{"@id":"https:\/\/cosmetic.lv\/lv\/#\/schema\/logo\/image\/"},"sameAs":["https:\/\/www.facebook.com\/cosmetic.lv\/"]}]},"product_price_amount":"180.00","product_price_currency":"EUR","og_availability":"instock","product_availability":"instock","product_retailer_item_id":"1012","product_condition":"new"},"_links":{"self":[{"href":"https:\/\/cosmetic.lv\/lv\/wp-json\/wp\/v2\/product\/34866","targetHints":{"allow":["GET"]}}],"collection":[{"href":"https:\/\/cosmetic.lv\/lv\/wp-json\/wp\/v2\/product"}],"about":[{"href":"https:\/\/cosmetic.lv\/lv\/wp-json\/wp\/v2\/types\/product"}],"wp:featuredmedia":[{"embeddable":true,"href":"https:\/\/cosmetic.lv\/lv\/wp-json\/wp\/v2\/media\/11264"}],"wp:attachment":[{"href":"https:\/\/cosmetic.lv\/lv\/wp-json\/wp\/v2\/media?parent=34866"}],"wp:term":[{"taxonomy":"product_brand","embeddable":true,"href":"https:\/\/cosmetic.lv\/lv\/wp-json\/wp\/v2\/product_brand?post=34866"},{"taxonomy":"product_cat","embeddable":true,"href":"https:\/\/cosmetic.lv\/lv\/wp-json\/wp\/v2\/product_cat?post=34866"},{"taxonomy":"product_tag","embeddable":true,"href":"https:\/\/cosmetic.lv\/lv\/wp-json\/wp\/v2\/product_tag?post=34866"}],"curies":[{"name":"wp","href":"https:\/\/api.w.org\/{rel}","templated":true}]}}